{"id":2464,"date":"2021-09-07T10:28:43","date_gmt":"2021-09-07T02:28:43","guid":{"rendered":"https:\/\/tianhuipackingmachine.com\/?page_id=2464"},"modified":"2023-01-18T15:53:55","modified_gmt":"2023-01-18T07:53:55","slug":"5-50kg-granule-filling-machine","status":"publish","type":"product","link":"https:\/\/tianhuipackingmachine.com\/fr\/5-50kg-granule-filling-machine\/","title":{"rendered":"Machine de remplissage de granul\u00e9s de 5 \u00e0 50 kg"},"content":{"rendered":"<p class=\"translation-block\"><strong>La machine de remplissage de granul\u00e9s<\/strong> est \u00e9quip\u00e9e d'un dispositif de scellage, comprenant principalement deux parties, le syst\u00e8me de remplissage et le syst\u00e8me de scellage. Le syst\u00e8me de remplissage adopte un pesage quantitatif, de mani\u00e8re pr\u00e9cise et efficace. Il peut pr\u00e9s\u00e9lectionner le poids des mat\u00e9riaux d'emballage, ce qui permet un remplissage rapide. Le syst\u00e8me de scellage fait r\u00e9f\u00e9rence \u00e0 deux types de machines, la machine de scellage pour sacs en plastique et la machine \u00e0 coudre pour sacs en toile. Vous pouvez choisir l'un d'eux ou les deux selon vos besoins. L'\u00e9quipement de remplissage s'applique largement au riz, au bl\u00e9, au millet, au ma\u00efs, aux aliments pour chats, aux aliments pour chiens, aux engrais chimiques, etc. De plus, nous fournissons des services de personnalisation en fonction de vos exigences r\u00e9elles.<\/p>   <figure class=\"wp-block-embed-youtube wp-block-embed is-type-video is-provider-youtube wp-embed-aspect-16-9 wp-has-aspect-ratio\"><div class=\"lyte-wrapper\" title=\"Pr\u00e9sentation et fonctionnement de la machine de pesage et de remplissage de granul\u00e9s de 5 \u00e0 50 kg\" style=\"width:853px;max-width:100%;margin:5px auto;\"><div class=\"lyMe\" id=\"WYL_f7g3DJ9Ghb8\" itemprop=\"video\" itemscope itemtype=\"https:\/\/schema.org\/VideoObject\"><div><meta itemprop=\"thumbnailUrl\" content=\"https:\/\/i.ytimg.com\/vi\/f7g3DJ9Ghb8\/hqdefault.jpg\" \/><meta itemprop=\"embedURL\" content=\"https:\/\/www.youtube.com\/embed\/f7g3DJ9Ghb8\" \/><meta itemprop=\"duration\" content=\"PT1M23S\" \/><meta itemprop=\"uploadDate\" content=\"2021-09-02T06:11:57Z\" \/><\/div><div id=\"lyte_f7g3DJ9Ghb8\" data-src=\"https:\/\/i.ytimg.com\/vi\/f7g3DJ9Ghb8\/hqdefault.jpg\" class=\"pL\"><div class=\"tC\"><div class=\"tT\" itemprop=\"name\">Pr\u00e9sentation et fonctionnement de la machine de pesage et de remplissage de granul\u00e9s de 5 \u00e0 50 kg<\/div><\/div><div class=\"play\"><\/div><div class=\"ctrl\"><div class=\"Lctrl\"><\/div><div class=\"Rctrl\"><\/div><\/div><\/div><noscript><a href=\"https:\/\/youtu.be\/f7g3DJ9Ghb8\" rel=\"nofollow noopener\" target=\"_blank\"><img loading=\"lazy\" decoding=\"async\" src=\"https:\/\/i.ytimg.com\/vi\/f7g3DJ9Ghb8\/0.jpg\" alt=\"Pr\u00e9sentation et fonctionnement de la machine de pesage et de remplissage de granul\u00e9s de 5 \u00e0 50 kg\" width=\"853\" height=\"460\" \/><\/a><\/noscript><meta itemprop=\"description\" content=\"Official website: https:\/\/tianhuipackingmachine.com\/5-50kg-granule-filling-machine\/ If you are interested in this machine, welcome to contact us to get a free quotation\uff01 Email: sales@toppackingmachine.com Whatsapp\/Tel: +86 17329326135 This kind of filling machine is specially designed and manufactured for granule items. It has the features of accurate weighing, intelligent control, easy operation, and good performance. Besides, particle filling machine from us has factory price and excellent after-sales service. Automatic granule packing machine: https:\/\/www.youtube.com\/watch?v=yDA78_loRBo Pillow packing machine: https:\/\/www.youtube.com\/watch?v=Xu9HTPWpcEI Vegetable packaging machine: https:\/\/www.youtube.com\/watch?v=5GtmU8TboFk Vertical powder packing machine: https:\/\/www.youtube.com\/watch?v=-dsZnBZpzUg Double chamber vacuum packaging machine: https:\/\/www.youtube.com\/watch?v=HrAGjwRJopI Chips pouch packing machine: https:\/\/www.youtube.com\/watch?v=fIU65zNNvU4 Peanut pre-made bag packaging machine: https:\/\/www.youtube.com\/watch?v=gSZ43wJ7sFw&amp;t=1s Email us: Email: sales@toppackingmachine.com | Whatsapp\/Tel: +86 17329326135\"><\/div><\/div><div class=\"lL\" style=\"max-width:100%;width:853px;margin:5px auto;\"> <a href=\"https:\/\/youtu.be\/f7g3DJ9Ghb8\" target=\"_blank\" rel=\"noopener\">Regarder cette vid\u00e9o sur YouTube<\/a>.<\/div><figcaption><\/figcaption><\/figure>   <h2 class=\"wp-block-heading\" id=\"h-5-50kg-granule-filling-sealing-machine-for-sale\">Machine de remplissage et de scellage de granul\u00e9s de 5 \u00e0 50 kg \u00e0 vendre<\/h2>    <p>La machine de remplissage de granul\u00e9s de 5 \u00e0 50 kg par sac est en vente chez Top (Henan) Packing Machinery. La machine d'emballage peut automatiquement peser, remplir et sceller (ou coudre). Il adopte un syst\u00e8me de pes\u00e9e \u00e9lectronique, intelligent et pr\u00e9cis. La sortie de d\u00e9chargement est \u00e9quip\u00e9e d'une grande pince pour fixer le sac \u00e0 remplir. L'\u00e9quipement standard est un trou de remplissage, mais nous prenons \u00e9galement en charge une double sortie de remplissage si vous en avez besoin. Les gens ach\u00e8tent g\u00e9n\u00e9ralement \u00e9galement un \u00e9l\u00e9vateur de mat\u00e9riaux lorsqu'ils ach\u00e8tent la machine d'emballage de granul\u00e9s de 5 \u00e0 50 kg, car l'entr\u00e9e du mat\u00e9riau est haute et peu pratique \u00e0 charger manuellement. De plus, nous fournissons \u00e9galement un service OEM. Contactez-nous pour obtenir plus de d\u00e9tails.<\/p>    <figure class=\"wp-block-image aligncenter size-full\"><img loading=\"lazy\" decoding=\"async\" width=\"750\" height=\"500\" src=\"https:\/\/tianhuipackingmachine.com\/wp-content\/uploads\/2021\/09\/5-50kg-weighing-granule-filling-equipment.jpg\" alt=\"\u00c9quipement de remplissage de granul\u00e9s de pesage de 5 \u00e0 50 kg\" class=\"wp-image-2499\" srcset=\"https:\/\/tianhuipackingmachine.com\/wp-content\/uploads\/2021\/09\/5-50kg-weighing-granule-filling-equipment.jpg 750w, https:\/\/tianhuipackingmachine.com\/wp-content\/uploads\/2021\/09\/5-50kg-weighing-granule-filling-equipment-300x200.jpg 300w\" sizes=\"auto, (max-width: 750px) 100vw, 750px\" \/><figcaption class=\"wp-element-caption\">\u00c9quipement de remplissage de granul\u00e9s de pesage de 5 \u00e0 50 kg<\/figcaption><\/figure>    <h2 class=\"wp-block-heading\" id=\"h-features-benefits-of-5-50kg-granule-filling-equipment\">Caract\u00e9ristiques et avantages de l'\u00e9quipement de machine de remplissage de granul\u00e9s de 5 \u00e0 50 kg<\/h2>    <ol class=\"wp-block-list\" type=\"1\"> <li>Conception raisonnable, syst\u00e8me de contr\u00f4le intelligent, plusieurs langues en option, applications \u00e9tendues<\/li>    <li>Fonctionne de mani\u00e8re stable, p\u00e8se avec pr\u00e9cision, fonctionne facilement, scelle (ou couse) fermement.<\/li>    <li>Am\u00e9liorer l'efficacit\u00e9 de la production, en \u00e9conomisant du temps de travail et d'emballage<\/li>    <li>Un d\u00e9tecteur est \u00e9quip\u00e9 sur la sortie de refoulement afin de contr\u00f4ler ou non le remplissage.<\/li>    <li>Une grande pince est utilis\u00e9e pour fixer le sac d'emballage \u00e0 remplir.<\/li>    <li>Il supporte le poids pr\u00e9d\u00e9fini des objets d'emballage, en les remplissant rapidement et avec pr\u00e9cision. \u00a0\u00a0\u00a0\u00a0<\/li>    <li>Un service de personnalisation est disponible.<\/li> <\/ol>    <figure class=\"wp-block-image aligncenter size-full\"><img loading=\"lazy\" decoding=\"async\" width=\"750\" height=\"500\" src=\"https:\/\/tianhuipackingmachine.com\/wp-content\/uploads\/2021\/09\/5-50kg-granule-filling-sealing-machine-with-a-material-elevator.jpg\" alt=\"Machine de remplissage et de scellage de granul\u00e9s de 5 \u00e0 50 kg avec \u00e9l\u00e9vateur de mat\u00e9riaux\" class=\"wp-image-2500\" srcset=\"https:\/\/tianhuipackingmachine.com\/wp-content\/uploads\/2021\/09\/5-50kg-granule-filling-sealing-machine-with-a-material-elevator.jpg 750w, https:\/\/tianhuipackingmachine.com\/wp-content\/uploads\/2021\/09\/5-50kg-granule-filling-sealing-machine-with-a-material-elevator-300x200.jpg 300w\" sizes=\"auto, (max-width: 750px) 100vw, 750px\" \/><figcaption class=\"wp-element-caption\">Remplissage de granul\u00e9s de 5 \u00e0 50 kg et amp; Machine \u00e0 sceller avec un \u00e9l\u00e9vateur de mat\u00e9riaux<\/figcaption><\/figure>    <h2 class=\"wp-block-heading\" id=\"h-wide-applications-in-food-and-non-food\">Applications larges dans les secteurs alimentaire et non alimentaire<\/h2>    <p class=\"translation-block\">La machine de remplissage de granul\u00e9s de 5 \u00e0 50 kg est largement appliqu\u00e9e \u00e0 divers types de granul\u00e9s, tels que le riz, le bl\u00e9, le millet, le ma\u00efs, les cacahu\u00e8tes, les haricots mungo, les haricots rouges, les soja, le s\u00e9same, le sarrasin, les graines de melon, les dattes rouges, les piments s\u00e9ch\u00e9s, les noix, les grains, les noix, les aliments pour chats, les aliments pour chiens, les engrais chimiques, etc. Elle est adapt\u00e9e pour des sacs de 5 \u00e0 50 kg. Les sacs en plastique et les sacs en toile sont optionnels. Les sacs en plastique utilisent la <strong><a href=\"https:\/\/tianhuipackingmachine.com\/fr\/continuous-bag-sealing-machine\/\">machine de scellage thermique<\/a><\/strong>, tandis que les sacs en toile n\u00e9cessitent la machine \u00e0 coudre. <\/p>    <figure class=\"wp-block-image aligncenter size-full\"><img loading=\"lazy\" decoding=\"async\" width=\"750\" height=\"500\" src=\"https:\/\/tianhuipackingmachine.com\/wp-content\/uploads\/2021\/09\/various-grains.jpg\" alt=\"diverses c\u00e9r\u00e9ales\" class=\"wp-image-2483\" srcset=\"https:\/\/tianhuipackingmachine.com\/wp-content\/uploads\/2021\/09\/various-grains.jpg 750w, https:\/\/tianhuipackingmachine.com\/wp-content\/uploads\/2021\/09\/various-grains-300x200.jpg 300w\" sizes=\"auto, (max-width: 750px) 100vw, 750px\" \/><figcaption class=\"wp-element-caption\">Diverses c\u00e9r\u00e9ales<\/figcaption><\/figure>    <h2 class=\"wp-block-heading\">comment choisir la bonne machine de remplissage de granul\u00e9s ? <\/h2>    <p>Choisir la bonne machine de remplissage de granul\u00e9s pour vos besoins sp\u00e9cifiques peut \u00eatre une t\u00e2che ardue. Voici quelques facteurs \u00e0 prendre en compte lors de la s\u00e9lection d\u2019une machine de remplissage de granul\u00e9s\u00a0:<\/p>    <ol class=\"wp-block-list\"> <li><strong>Volume de production:<\/strong> Consid\u00e9rez combien de conteneurs doivent \u00eatre remplis par jour ou par heure. Cela aidera \u00e0 d\u00e9terminer la vitesse et la taille de la machine requise.<\/li>    <li><strong>Type de granul\u00e9s\u00a0:<\/strong> Diff\u00e9rents types de granul\u00e9s peuvent n\u00e9cessiter diff\u00e9rentes techniques de remplissage. Par exemple, si les granul\u00e9s sont tr\u00e8s petits ou ont tendance \u00e0 s'agglutiner, une charge volum\u00e9trique peut \u00eatre plus adapt\u00e9e, tandis que des granul\u00e9s plus gros ou de forme irr\u00e9guli\u00e8re peuvent n\u00e9cessiter une charge \u00e0 vis sans fin.<\/li>    <li><strong>Taille et forme du conteneur\u00a0:<\/strong> Tenez compte de la taille et de la forme des conteneurs qui seront remplis. Certaines machines peuvent \u00eatre mieux adapt\u00e9es \u00e0 certaines formes et tailles de conteneurs.<\/li>    <li><strong>Exactitude et pr\u00e9cision:<\/strong> Tenez compte du niveau d\u2019exactitude et de pr\u00e9cision requis pour votre application. Certaines machines peuvent \u00eatre en mesure de fournir un remplissage plus pr\u00e9cis et pr\u00e9cis que d\u2019autres.<\/li>    <li><strong>Facilit\u00e9 d'utilisation et d'entretien\u00a0:<\/strong> Tenez compte de la facilit\u00e9 d\u2019utilisation et d\u2019entretien de la machine. Recherchez des machines faciles \u00e0 utiliser et \u00e0 entretenir, et disposant de pi\u00e8ces de rechange facilement disponibles.<\/li>    <li><strong>Des dispositifs de s\u00e9curit\u00e9:<\/strong> Recherchez des dispositifs de s\u00e9curit\u00e9 tels que des arr\u00eats d'urgence, des protections et des capteurs qui prot\u00e8gent l'op\u00e9rateur.<\/li>    <li><strong>Qualit\u00e9 du fabricant :<\/strong> Il est important de choisir un fabricant r\u00e9put\u00e9 et fiable avec une bonne exp\u00e9rience dans la production de machines de qualit\u00e9.<\/li>    <li><strong>Budget:<\/strong> Bien entendu, le budget est \u00e9galement un facteur \u00e0 prendre en compte lors du choix d'une machine de remplissage de granul\u00e9s. Il est donc important de rechercher une machine qui offre le meilleur rapport qualit\u00e9-prix pour votre investissement.<\/li> <\/ol>    <p>Il est toujours recommand\u00e9 de consulter un repr\u00e9sentant du fabricant ou un professionnel du domaine pour vous assurer que vous faites le bon choix selon vos besoins sp\u00e9cifiques.<\/p>    <h2 class=\"wp-block-heading\" id=\"h-contact-us-for-more-information\">Contactez-nous pour plus de d\u00e9tails utiles <\/h2>    <p class=\"translation-block\">En tant que l'un des fabricants et fournisseurs de machines de remplissage de granul\u00e9s, Henan Top Packing Machinery Co., Ltd fournit diverses <strong><a href=\"https:\/\/tianhuipackingmachine.com\/fr\/\">machines d'emballage<\/a><\/strong>, machines de remplissage, machines de scellage, machines de capsulage, etc. Vous pouvez choisir des dispositifs appropri\u00e9s en fonction de vos besoins. <strong><a href=\"https:\/\/tianhuipackingmachine.com\/fr\/contact\/\">Contactez-nous<\/a><\/strong> pour obtenir plus de d\u00e9tails et nous vous r\u00e9pondrons d\u00e8s que possible.<\/p>","protected":false},"excerpt":{"rendered":"<p>Granule filling machine is equipped with a sealing device, mainly including two parts, the filling system, and a sealing system. The filling system adopts quantitative weighing, accurately and efficiently. It can preset the weight of packaging materials, which fills quickly. The sealing one refers to two sorts of machines, the sealing machine for plastic bags [&hellip;]<\/p>\n","protected":false},"author":1,"featured_media":2500,"parent":0,"template":"","tags":[162],"product-type":[141],"class_list":["post-2464","product","type-product","status-publish","has-post-thumbnail","hentry","tag-filling-machine","product-type-filling-machines"],"_links":{"self":[{"href":"https:\/\/tianhuipackingmachine.com\/fr\/wp-json\/wp\/v2\/product\/2464","targetHints":{"allow":["GET"]}}],"collection":[{"href":"https:\/\/tianhuipackingmachine.com\/fr\/wp-json\/wp\/v2\/product"}],"about":[{"href":"https:\/\/tianhuipackingmachine.com\/fr\/wp-json\/wp\/v2\/types\/product"}],"author":[{"embeddable":true,"href":"https:\/\/tianhuipackingmachine.com\/fr\/wp-json\/wp\/v2\/users\/1"}],"wp:featuredmedia":[{"embeddable":true,"href":"https:\/\/tianhuipackingmachine.com\/fr\/wp-json\/wp\/v2\/media\/2500"}],"wp:attachment":[{"href":"https:\/\/tianhuipackingmachine.com\/fr\/wp-json\/wp\/v2\/media?parent=2464"}],"wp:term":[{"taxonomy":"post_tag","embeddable":true,"href":"https:\/\/tianhuipackingmachine.com\/fr\/wp-json\/wp\/v2\/tags?post=2464"},{"taxonomy":"product-type","embeddable":true,"href":"https:\/\/tianhuipackingmachine.com\/fr\/wp-json\/wp\/v2\/product-type?post=2464"}],"curies":[{"name":"wp","href":"https:\/\/api.w.org\/{rel}","templated":true}]}}