{"id":2354,"date":"2021-08-31T16:27:02","date_gmt":"2021-08-31T08:27:02","guid":{"rendered":"https:\/\/tianhuipackingmachine.com\/?page_id=2354"},"modified":"2024-12-11T11:32:54","modified_gmt":"2024-12-11T03:32:54","slug":"reciprocating-pillow-packing-machine","status":"publish","type":"product","link":"https:\/\/tianhuipackingmachine.com\/fr\/reciprocating-pillow-packing-machine\/","title":{"rendered":"Machine \u00e0 emballer les oreillers \u00e0 mouvement alternatif"},"content":{"rendered":"<p class=\"translation-block\">Cette <strong>machine d'emballage \u00e0 oreiller alternatif<\/strong> est une machine d'emballage \u00e0 oreiller enti\u00e8rement servo pour emballer des biscuits, du pain, etc. dans un sac \u00e0 soufflet. Elle a une vitesse d'emballage de 20 \u00e0 80 sacs\/min, et la hauteur maximale du produit est de 10 cm.<\/p>    <p>La machine d'emballage de type oreiller utilise une courroie pour transporter les articles et est dot\u00e9e d'un couvercle de protection transparent, ce qui est plus s\u00fbr lors du travail. Avec son rendement \u00e9lev\u00e9, ses applications \u00e9tendues et son service apr\u00e8s-vente, cette machine est populaire dans l'industrie de l'emballage. <\/p>    <p>\u00cates-vous \u00e0 la recherche d\u2019une machine d\u2019emballage \u00e0 flux horizontal ? Si oui, n'h\u00e9sitez pas \u00e0 nous contacter pour plus de d\u00e9tails.<\/p>   <figure class=\"wp-block-embed-youtube wp-block-embed is-type-video is-provider-youtube wp-embed-aspect-16-9 wp-has-aspect-ratio\"><div class=\"lyte-wrapper\" title=\"Machine d&#039;emballage \u00e0 flux alternatif pour pain, biscuits, savon, etc. avec sac \u00e0 soufflet #packingmachine\" style=\"width:853px;max-width:100%;margin:5px auto;\"><div class=\"lyMe\" id=\"WYL_gK-ot64b-Nc\" itemprop=\"video\" itemscope itemtype=\"https:\/\/schema.org\/VideoObject\"><div><meta itemprop=\"thumbnailUrl\" content=\"https:\/\/i.ytimg.com\/vi\/gK-ot64b-Nc\/hqdefault.jpg\" \/><meta itemprop=\"embedURL\" content=\"https:\/\/www.youtube.com\/embed\/gK-ot64b-Nc\" \/><meta itemprop=\"duration\" content=\"PT4M35S\" \/><meta itemprop=\"uploadDate\" content=\"2024-12-11T03:29:57Z\" \/><\/div><meta itemprop=\"accessibilityFeature\" content=\"captions\" \/><div id=\"lyte_gK-ot64b-Nc\" data-src=\"https:\/\/i.ytimg.com\/vi\/gK-ot64b-Nc\/hqdefault.jpg\" class=\"pL\"><div class=\"tC\"><div class=\"tT\" itemprop=\"name\">Machine d'emballage \u00e0 flux alternatif pour pain, biscuits, savon, etc. avec sac \u00e0 soufflet #packingmachine<\/div><\/div><div class=\"play\"><\/div><div class=\"ctrl\"><div class=\"Lctrl\"><\/div><div class=\"Rctrl\"><\/div><\/div><\/div><noscript><a href=\"https:\/\/youtu.be\/gK-ot64b-Nc\" rel=\"nofollow noopener\" target=\"_blank\"><img loading=\"lazy\" decoding=\"async\" src=\"https:\/\/i.ytimg.com\/vi\/gK-ot64b-Nc\/0.jpg\" alt=\"Machine d&#039;emballage \u00e0 flux alternatif pour pain, biscuits, savon, etc. avec sac \u00e0 soufflet #packingmachine\" width=\"853\" height=\"460\" \/><\/a><\/noscript><meta itemprop=\"description\" content=\"#automaticpackagingequipment #pillowpackingmachine #flowwrappingmachine #packagingmachine #packagingsolution WhatsApp No.: https:\/\/wa.me\/+8613673689272 WeChat\/Tel No.:+8613673689272 Email: info@tianhuipackingmachine.com Website: https:\/\/tianhuipackingmachine.com\/reciprocating-pillow-packing-machine\/ Explore the versatility of the reciprocating pillow packaging machine, designed to handle a wide range of products with precision and efficiency. This flow wrap machine is perfect for packaging items like snacks, biscuits, vegetables, small tools, and more. Its user-friendly interface, high-speed performance, and durable structure make it ideal for businesses aiming to optimize their packaging process. Watch this video to see the machine in action and discover how it can elevate your production line. WhatsApp No.: https:\/\/wa.me\/+8613673689272 WeChat\/Tel No.:+8613673689272 Email: info@tianhuipackingmachine.com Website: https:\/\/tianhuipackingmachine.com\/reciprocating-pillow-packing-machine\/\"><\/div><\/div><div class=\"lL\" style=\"max-width:100%;width:853px;margin:5px auto;\"> <a href=\"https:\/\/youtu.be\/gK-ot64b-Nc\" target=\"_blank\" rel=\"noopener\">Regarder cette vid\u00e9o sur YouTube<\/a>.<\/div><figcaption>vid\u00e9o d'une machine d'emballage alternative<\/figcaption><\/figure>   <h2 class=\"wp-block-heading\" id=\"h-features-benefits-of-reciprocating-pillow-packing-machine\"><strong>Avantages de la machine \u00e0 emballer les oreillers \u00e0 mouvement alternatif<\/strong><\/h2>    <ul class=\"wp-block-list\"> <li>Il utilise un <strong>syst\u00e8me d'asservissement complet<\/strong>, la bande transporteuse servo est sensible \u00e0 la longueur du produit, scellant et coupant avec pr\u00e9cision.<\/li>    <li>La machine flow wrap est <strong>contr\u00f4l\u00e9 par PLC<\/strong>, r\u00e9glage de la vitesse d'emballage, de la longueur du sac, etc., simple \u00e0 utiliser.<\/li>    <li>Il <strong>permet d'\u00e9conomiser du temps et du film d'emballage<\/strong> gr\u00e2ce \u00e0 des transducteurs doubles avanc\u00e9s.<\/li>    <li>Cette machine d'emballage d'oreillers est \u00e9quip\u00e9e du <strong>d\u00e9tecteur photo\u00e9lectrique pour un positionnement pr\u00e9cis<\/strong>.<\/li>    <li>Le <strong>dispositif de fermeture d'extr\u00e9mit\u00e9 avec couvercle en verre<\/strong> est con\u00e7u par mesure de s\u00e9curit\u00e9.<\/li>    <li>Pas de couteaux coinc\u00e9s, pas de gaspillage de film d'emballage, fonction d'autodiagnostic en cas de dysfonctionnement.<\/li> <\/ul>    <figure class=\"wp-block-image size-large\"><img loading=\"lazy\" decoding=\"async\" width=\"667\" height=\"500\" src=\"https:\/\/tianhuipackingmachine.com\/wp-content\/uploads\/2021\/08\/quality-pillow-packaging-machine-667x500.webp\" alt=\"Machine d&#039;emballage d&#039;oreiller de qualit\u00e9\" class=\"wp-image-8315\" srcset=\"https:\/\/tianhuipackingmachine.com\/wp-content\/uploads\/2021\/08\/quality-pillow-packaging-machine-667x500.webp 667w, https:\/\/tianhuipackingmachine.com\/wp-content\/uploads\/2021\/08\/quality-pillow-packaging-machine-480x360.webp 480w, https:\/\/tianhuipackingmachine.com\/wp-content\/uploads\/2021\/08\/quality-pillow-packaging-machine-16x12.webp 16w, https:\/\/tianhuipackingmachine.com\/wp-content\/uploads\/2021\/08\/quality-pillow-packaging-machine.webp 720w\" sizes=\"auto, (max-width: 667px) 100vw, 667px\" \/><figcaption class=\"wp-element-caption\">Machine de conditionnement d'oreillers de qualit\u00e9<\/figcaption><\/figure>    <h2 class=\"wp-block-heading has-black-color has-text-color\" id=\"h-reciprocating-pillow-packing-equipment-parameters\"><strong>Param\u00e8tres techniques de la machine d'emballage automatique d'oreillers \u00e0 mouvement alternatif<\/strong><\/h2>    <figure class=\"wp-block-table is-style-stripes\"><table><tbody><tr><td>Taper<\/td><td>SL-450W<\/td><td>SL-600W<\/td><\/tr><tr><td>Largeur du film<\/td><td>Max.450mm<\/td><td>Max.600mm<\/td><\/tr><tr><td>Longueur de fabrication du sac<\/td><td>120-450mm<\/td><td>120-450mm<\/td><\/tr><tr><td>Largeur de fabrication de sacs<\/td><td>50-160mm<\/td><td>50-200mm<\/td><\/tr><tr><td>Hauteur de fabrication<\/td><td>10-100mm<\/td><td>10-100mm<\/td><\/tr><tr><td>Vitesse d'emballage<\/td><td>20-80 sacs\/min<\/td><td>20-80 sacs\/min<\/td><\/tr><tr><td>Sp\u00e9cification de puissance<\/td><td>4,2 kW\/220 V, 50\/60 Hz.<\/td><td>4,6 kW\/220 V, 50\/60 Hz.<\/td><\/tr><tr><td>Dimension de la machine<\/td><td>(L)4380*(L)870*(H)1500mm<\/td><td>(L)4380*(L)970*(H)1500mm<\/td><\/tr><tr><td>Poids brut<\/td><td>800 kg<\/td><td>900 kg<\/td><\/tr><\/tbody><\/table><figcaption class=\"wp-element-caption\">donn\u00e9es techniques de la machine d'emballage de type oreiller alternatif<\/figcaption><\/figure>    <p>En tant que fabricant professionnel de machines d'emballage, nous avons deux types de machines d'emballage d'oreillers alternatives \u00e0 vendre : SL-450W et SL-600W. SL-450W a une longueur de fabrication de sacs de 120 \u00e0 450 mm et une largeur de 50 \u00e0 160 mm. Le SL-600W a une longueur de fabrication de sacs de 120 \u00e0 450 mm et une largeur de 50 \u00e0 200 mm. En outre, vous pouvez conna\u00eetre la tension, la puissance, la taille et le poids de la machine, etc. Veuillez vous r\u00e9f\u00e9rer au tableau ci-dessus pour des informations sp\u00e9cifiques sur les param\u00e8tres.<\/p>    <figure class=\"wp-block-image size-full\"><img loading=\"lazy\" decoding=\"async\" width=\"720\" height=\"540\" src=\"https:\/\/tianhuipackingmachine.com\/wp-content\/uploads\/2021\/08\/reciprocating-flow-wrapping-machine-in-the-factory.webp\" alt=\"machine \u00e0 emballage de d\u00e9bit alternative dans l&#039;usine\" class=\"wp-image-8313\" srcset=\"https:\/\/tianhuipackingmachine.com\/wp-content\/uploads\/2021\/08\/reciprocating-flow-wrapping-machine-in-the-factory.webp 720w, https:\/\/tianhuipackingmachine.com\/wp-content\/uploads\/2021\/08\/reciprocating-flow-wrapping-machine-in-the-factory-480x360.webp 480w, https:\/\/tianhuipackingmachine.com\/wp-content\/uploads\/2021\/08\/reciprocating-flow-wrapping-machine-in-the-factory-667x500.webp 667w, https:\/\/tianhuipackingmachine.com\/wp-content\/uploads\/2021\/08\/reciprocating-flow-wrapping-machine-in-the-factory-16x12.webp 16w\" sizes=\"auto, (max-width: 720px) 100vw, 720px\" \/><figcaption class=\"wp-element-caption\">Machine d'emballage \u00e0 flux alternatif en usine<\/figcaption><\/figure>    <h2 class=\"wp-block-heading\" id=\"h-reciprocating-pillow-packaging-equipment-structure\"><strong>Structure de la machine d'emballage \u00e0 flux alternatif<\/strong><\/h2>    <p>Notre machine d'emballage d'oreillers \u00e0 mouvement alternatif se compose d'une bande transporteuse, d'un dispositif d'alimentation en film, d'un fabricant de sacs, d'un \u00e9cran tactile, d'un dispositif de scellage central, d'un dispositif de scellage et de coupe d'extr\u00e9mit\u00e9 et d'un port de d\u00e9charge.<\/p>    <figure class=\"wp-block-image aligncenter size-full\"><img loading=\"lazy\" decoding=\"async\" width=\"750\" height=\"500\" src=\"https:\/\/tianhuipackingmachine.com\/wp-content\/uploads\/2021\/08\/reciprocating-pillow-packing-machine-structure.jpg\" alt=\"structure de la machine \u00e0 emballer les oreillers \u00e0 mouvement alternatif\" class=\"wp-image-2357\" srcset=\"https:\/\/tianhuipackingmachine.com\/wp-content\/uploads\/2021\/08\/reciprocating-pillow-packing-machine-structure.jpg 750w, https:\/\/tianhuipackingmachine.com\/wp-content\/uploads\/2021\/08\/reciprocating-pillow-packing-machine-structure-300x200.jpg 300w\" sizes=\"auto, (max-width: 750px) 100vw, 750px\" \/><figcaption class=\"wp-element-caption\">Structure de la machine \u00e0 emballer les oreillers alternatifs<\/figcaption><\/figure>    <ul class=\"wp-block-list\"> <li><strong>Tapis roulant<\/strong>: servo one, sensible \u00e0 la longueur des objets sur la ceinture, b\u00e9n\u00e9fique pour l'\u00e9tanch\u00e9it\u00e9 et la pr\u00e9cision de coupe.<\/li>    <li><strong>\u00c9cran tactile<\/strong>: configurer la vitesse d'emballage, la longueur de fabrication du sac, l'utilisation de la langue, etc.<\/li>    <li><strong>Arbre de rouleau de film multi-liens<\/strong>: coordonne le tirage du film et rend le film lisse.<\/li>    <li><strong>Dispositif de scellement et de coupe d'extr\u00e9mit\u00e9<\/strong>: peut \u00eatre \u00e9quip\u00e9 d'un dispositif \u00e0 soufflet pour r\u00e9aliser un sac de belle apparence. Lors de l'ajout du dispositif \u00e0 gousset, le compresseur d'air est requis.<\/li> <\/ul>    <figure class=\"wp-block-gallery has-nested-images columns-default is-cropped wp-block-gallery-2 is-layout-flex wp-block-gallery-is-layout-flex\"> <figure class=\"wp-block-image size-large\"><img loading=\"lazy\" decoding=\"async\" width=\"667\" height=\"500\" data-id=\"8307\" src=\"https:\/\/tianhuipackingmachine.com\/wp-content\/uploads\/2021\/08\/touch-screen-667x500.webp\" alt=\"\u00e9cran tactile\" class=\"wp-image-8307\" srcset=\"https:\/\/tianhuipackingmachine.com\/wp-content\/uploads\/2021\/08\/touch-screen-667x500.webp 667w, https:\/\/tianhuipackingmachine.com\/wp-content\/uploads\/2021\/08\/touch-screen-480x360.webp 480w, https:\/\/tianhuipackingmachine.com\/wp-content\/uploads\/2021\/08\/touch-screen-16x12.webp 16w, https:\/\/tianhuipackingmachine.com\/wp-content\/uploads\/2021\/08\/touch-screen.webp 720w\" sizes=\"auto, (max-width: 667px) 100vw, 667px\" \/><figcaption class=\"wp-element-caption\">\u00c9cran tactile<\/figcaption><\/figure>    <figure class=\"wp-block-image size-large\"><img loading=\"lazy\" decoding=\"async\" width=\"667\" height=\"500\" data-id=\"8308\" src=\"https:\/\/tianhuipackingmachine.com\/wp-content\/uploads\/2021\/08\/multi-link-film-roll-shaft-667x500.webp\" alt=\"Arbre de rouleau de film multi-link\" class=\"wp-image-8308\" srcset=\"https:\/\/tianhuipackingmachine.com\/wp-content\/uploads\/2021\/08\/multi-link-film-roll-shaft-667x500.webp 667w, https:\/\/tianhuipackingmachine.com\/wp-content\/uploads\/2021\/08\/multi-link-film-roll-shaft-480x360.webp 480w, https:\/\/tianhuipackingmachine.com\/wp-content\/uploads\/2021\/08\/multi-link-film-roll-shaft-16x12.webp 16w, https:\/\/tianhuipackingmachine.com\/wp-content\/uploads\/2021\/08\/multi-link-film-roll-shaft.webp 720w\" sizes=\"auto, (max-width: 667px) 100vw, 667px\" \/><figcaption class=\"wp-element-caption\">Arbre de rouleau de film multi-liens<\/figcaption><\/figure> <\/figure>    <h2 class=\"wp-block-heading\" id=\"h-reciprocating-pillow-packaging-machine-vs-ordinary-pillow-packaging-machine\"><strong>Machine d'emballage d'oreillers alternative VS machine d'emballage d'oreillers ordinaire<\/strong><\/h2>    <p>Cette machine d'emballage peut \u00eatre d\u00e9crite comme une version mise \u00e0 jour de la machine normale, avec les principales diff\u00e9rences suivantes\u00a0:<\/p>    <figure class=\"wp-block-table\"><table class=\"has-fixed-layout\"><tbody><tr><td>Type de machine<\/td><td>Machine \u00e0 emballer les oreillers \u00e0 mouvement alternatif<\/td><td>Ordinaire <a href=\"https:\/\/tianhuipackingmachine.com\/fr\/pillow-packing-machine\/\">machine \u00e0 emballer les oreillers<\/a><\/td><\/tr><tr><td>Convoyeur d'alimentation<\/td><td>Bande transporteuse servo<\/td><td>Convoyeur \u00e0 cha\u00eene<\/td><\/tr><tr><td>Coupeur<\/td><td>Couteau droit (couteau sup\u00e9rieur et inf\u00e9rieur)<\/td><td>Couteau simple, couteau double, trois couteaux en option<\/td><\/tr><tr><td>\u00c9ponge d'\u00e9chappement<\/td><td>Trois c\u00f4t\u00e9s avec des \u00e9ponges<\/td><td>Ajout suppl\u00e9mentaire<\/td><\/tr><tr><td>Dispositif de sac \u00e0 soufflet<\/td><td>Meilleur choix<\/td><td>Ajout suppl\u00e9mentaire<\/td><\/tr><tr><td>Dispositif de protection<\/td><td>Couvercle en verre \u00e0 l'endroit du dispositif de scellement et de d\u00e9coupe<\/td><td>Non<\/td><\/tr><\/tbody><\/table><figcaption class=\"wp-element-caption\">comparaison de diff\u00e9rentes machines d'emballage d'oreillers horizontales<\/figcaption><\/figure>    <figure class=\"wp-block-gallery has-nested-images columns-default is-cropped wp-block-gallery-3 is-layout-flex wp-block-gallery-is-layout-flex\"> <figure class=\"wp-block-image size-large\"><img loading=\"lazy\" decoding=\"async\" width=\"667\" height=\"500\" data-id=\"8310\" src=\"https:\/\/tianhuipackingmachine.com\/wp-content\/uploads\/2021\/08\/cutter-for-reciprocating-pillow-packing-machine-667x500.webp\" alt=\"Cutter pour la machine d&#039;emballage alternative\" class=\"wp-image-8310\" srcset=\"https:\/\/tianhuipackingmachine.com\/wp-content\/uploads\/2021\/08\/cutter-for-reciprocating-pillow-packing-machine-667x500.webp 667w, https:\/\/tianhuipackingmachine.com\/wp-content\/uploads\/2021\/08\/cutter-for-reciprocating-pillow-packing-machine-480x360.webp 480w, https:\/\/tianhuipackingmachine.com\/wp-content\/uploads\/2021\/08\/cutter-for-reciprocating-pillow-packing-machine-16x12.webp 16w, https:\/\/tianhuipackingmachine.com\/wp-content\/uploads\/2021\/08\/cutter-for-reciprocating-pillow-packing-machine.webp 720w\" sizes=\"auto, (max-width: 667px) 100vw, 667px\" \/><figcaption class=\"wp-element-caption\">Coupeur pour machine \u00e0 emballer d'oreillers alternatifs<\/figcaption><\/figure>    <figure class=\"wp-block-image size-large\"><img loading=\"lazy\" decoding=\"async\" width=\"667\" height=\"500\" data-id=\"8311\" src=\"https:\/\/tianhuipackingmachine.com\/wp-content\/uploads\/2021\/08\/end-sealing-device-for-reciprocating-pillow-type-packing-machine-667x500.webp\" alt=\"Dispositif d&#039;\u00e9tanch\u00e9it\u00e9 final pour la machine d&#039;emballage de type d&#039;oreiller alternatif\" class=\"wp-image-8311\" srcset=\"https:\/\/tianhuipackingmachine.com\/wp-content\/uploads\/2021\/08\/end-sealing-device-for-reciprocating-pillow-type-packing-machine-667x500.webp 667w, https:\/\/tianhuipackingmachine.com\/wp-content\/uploads\/2021\/08\/end-sealing-device-for-reciprocating-pillow-type-packing-machine-480x360.webp 480w, https:\/\/tianhuipackingmachine.com\/wp-content\/uploads\/2021\/08\/end-sealing-device-for-reciprocating-pillow-type-packing-machine-16x12.webp 16w, https:\/\/tianhuipackingmachine.com\/wp-content\/uploads\/2021\/08\/end-sealing-device-for-reciprocating-pillow-type-packing-machine.webp 720w\" sizes=\"auto, (max-width: 667px) 100vw, 667px\" \/><figcaption class=\"wp-element-caption\">Dispositif de scellage d'extr\u00e9mit\u00e9 pour machine \u00e0 emballer de type oreiller alternatif<\/figcaption><\/figure> <\/figure>    <h2 class=\"wp-block-heading\" id=\"h-wide-applications-of-reciprocating-wrapping-machine\"><strong>Applications larges de la machine \u00e0 emballer les oreillers \u00e0 mouvement alternatif<\/strong><\/h2>    <p>Notre machine d'emballage \u00e0 flux alternatif s'applique largement aux objets solides de formes r\u00e9guli\u00e8res avec ou sans bo\u00eete, tels que :<\/p>    <p class=\"translation-block\"><strong>Pain, biscuits, g\u00e2teaux de lune, nouilles instantan\u00e9es, l\u00e9gumes, fruits, fournitures h\u00f4teli\u00e8res jetables, vaisselle jetable, articles m\u00e9dicaux jetables, blouses m\u00e9dicales, masques, seringues jetables, lingettes, bo\u00eetes en carton, plateaux, p\u00e2te \u00e0 modeler, gommes, accessoires \u00e9lectriques, instructions, produits en plastique, savon, \u00e9ponge, boule \u00e0 r\u00e9curer, gants en caoutchouc, serviette, quincaillerie, boiseries<\/strong>, etc.<\/p>    <p>Ces articles sont g\u00e9n\u00e9ralement emball\u00e9s dans un sac \u00e0 soufflet. Si vous souhaitez emballer certains articles, veuillez nous contacter et nous vous recommanderons la machine la plus adapt\u00e9e en fonction de votre situation r\u00e9elle.<\/p>    <figure class=\"wp-block-image size-full\"><img loading=\"lazy\" decoding=\"async\" width=\"750\" height=\"500\" src=\"https:\/\/tianhuipackingmachine.com\/wp-content\/uploads\/2021\/08\/reciprocating-pillow-packing-equipment-applications.jpg\" alt=\"applications d&#039;\u00e9quipement d&#039;emballage d&#039;oreillers alternatifs\" class=\"wp-image-2359\" srcset=\"https:\/\/tianhuipackingmachine.com\/wp-content\/uploads\/2021\/08\/reciprocating-pillow-packing-equipment-applications.jpg 750w, https:\/\/tianhuipackingmachine.com\/wp-content\/uploads\/2021\/08\/reciprocating-pillow-packing-equipment-applications-300x200.jpg 300w\" sizes=\"auto, (max-width: 750px) 100vw, 750px\" \/><figcaption class=\"wp-element-caption\">Applications d'\u00e9quipement d'emballage d'oreillers alternatifs<\/figcaption><\/figure>    <h2 class=\"wp-block-heading\"><strong>Contactez-nous d\u00e8s maintenant pour plus de d\u00e9tails !<\/strong><\/h2>    <p class=\"translation-block\">Vous souhaitez une machine d'emballage alternatif pour emballer des articles avec des <a href=\"https:\/\/en.wikipedia.org\/wiki\/Gusset\" target=\"_blank\" rel=\"noopener\">soufflets<\/a> ? Si oui, contactez-nous d\u00e8s maintenant, et nous vous fournirons la meilleure solution pour b\u00e9n\u00e9ficier \u00e0 votre activit\u00e9 d'emballage.<\/p>   <figure class=\"wp-block-embed-youtube wp-block-embed is-type-video is-provider-youtube wp-embed-aspect-16-9 wp-has-aspect-ratio\"><div class=\"lyte-wrapper\" title=\"Machine \u00e0 emballer les oreillers \u00e0 mouvement alternatif | Machine de conditionnement d&#039;oreillers\" style=\"width:853px;max-width:100%;margin:5px auto;\"><div class=\"lyMe\" id=\"WYL_Ojf_it2csts\" itemprop=\"video\" itemscope itemtype=\"https:\/\/schema.org\/VideoObject\"><div><meta itemprop=\"thumbnailUrl\" content=\"https:\/\/i.ytimg.com\/vi\/Ojf_it2csts\/hqdefault.jpg\" \/><meta itemprop=\"embedURL\" content=\"https:\/\/www.youtube.com\/embed\/Ojf_it2csts\" \/><meta itemprop=\"duration\" content=\"PT1M40S\" \/><meta itemprop=\"uploadDate\" content=\"2021-09-11T10:42:51Z\" \/><\/div><div id=\"lyte_Ojf_it2csts\" data-src=\"https:\/\/i.ytimg.com\/vi\/Ojf_it2csts\/hqdefault.jpg\" class=\"pL\"><div class=\"tC\"><div class=\"tT\" itemprop=\"name\">Machine \u00e0 emballer les oreillers \u00e0 mouvement alternatif | Machine de conditionnement d'oreillers<\/div><\/div><div class=\"play\"><\/div><div class=\"ctrl\"><div class=\"Lctrl\"><\/div><div class=\"Rctrl\"><\/div><\/div><\/div><noscript><a href=\"https:\/\/youtu.be\/Ojf_it2csts\" rel=\"nofollow noopener\" target=\"_blank\"><img loading=\"lazy\" decoding=\"async\" src=\"https:\/\/i.ytimg.com\/vi\/Ojf_it2csts\/0.jpg\" alt=\"Machine \u00e0 emballer les oreillers \u00e0 mouvement alternatif | Machine de conditionnement d&#039;oreillers\" width=\"853\" height=\"460\" \/><\/a><\/noscript><meta itemprop=\"description\" content=\"Reciprocating pillow packing machine can be regarded as an upgraded pillow packing machine. It can complete the process of feeding, middle sealing, end sealing, and cutting. This kind of machine can package gusset bags with pretty shapes. It&#039;s suitable for packaging food, vegetable, fruit, disposable products, plasticine, stationery, electrical accessories, instructions, plastic products, medical products, laundry supplies, cleaning tools, etc. Email: sales@toppackingmachine.com Whatsapp\/Tel: +86 17329326135 Website: https:\/\/tianhuipackingmachine.com\/reciprocating-pillow-packing-machine\/\"><\/div><\/div><div class=\"lL\" style=\"max-width:100%;width:853px;margin:5px auto;\"> <a href=\"https:\/\/youtu.be\/Ojf_it2csts\" target=\"_blank\" rel=\"noopener\">Regarder cette vid\u00e9o sur YouTube<\/a>.<\/div><figcaption>vid\u00e9o d'une machine d'emballage de type oreiller alternatif<\/figcaption><\/figure>","protected":false},"excerpt":{"rendered":"<p>Cette machine d'emballage d'oreillers \u00e0 mouvement alternatif est une machine d'emballage d'oreillers enti\u00e8rement servo pour emballer des biscuits, du pain, etc. dans un sac \u00e0 soufflet.<\/p>","protected":false},"author":1,"featured_media":2356,"parent":0,"template":"","tags":[213],"product-type":[139],"class_list":["post-2354","product","type-product","status-publish","has-post-thumbnail","hentry","tag-flow-wrapping-machine","product-type-pillow-packing-machines"],"_links":{"self":[{"href":"https:\/\/tianhuipackingmachine.com\/fr\/wp-json\/wp\/v2\/product\/2354","targetHints":{"allow":["GET"]}}],"collection":[{"href":"https:\/\/tianhuipackingmachine.com\/fr\/wp-json\/wp\/v2\/product"}],"about":[{"href":"https:\/\/tianhuipackingmachine.com\/fr\/wp-json\/wp\/v2\/types\/product"}],"author":[{"embeddable":true,"href":"https:\/\/tianhuipackingmachine.com\/fr\/wp-json\/wp\/v2\/users\/1"}],"wp:featuredmedia":[{"embeddable":true,"href":"https:\/\/tianhuipackingmachine.com\/fr\/wp-json\/wp\/v2\/media\/2356"}],"wp:attachment":[{"href":"https:\/\/tianhuipackingmachine.com\/fr\/wp-json\/wp\/v2\/media?parent=2354"}],"wp:term":[{"taxonomy":"post_tag","embeddable":true,"href":"https:\/\/tianhuipackingmachine.com\/fr\/wp-json\/wp\/v2\/tags?post=2354"},{"taxonomy":"product-type","embeddable":true,"href":"https:\/\/tianhuipackingmachine.com\/fr\/wp-json\/wp\/v2\/product-type?post=2354"}],"curies":[{"name":"wp","href":"https:\/\/api.w.org\/{rel}","templated":true}]}}