{"id":2263,"date":"2021-08-26T10:15:34","date_gmt":"2021-08-26T02:15:34","guid":{"rendered":"https:\/\/tianhuipackingmachine.com\/?page_id=2263"},"modified":"2023-02-02T10:17:43","modified_gmt":"2023-02-02T02:17:43","slug":"carton-sealing-machine","status":"publish","type":"product","link":"https:\/\/tianhuipackingmachine.com\/fr\/carton-sealing-machine\/","title":{"rendered":"Machine \u00e0 sceller les cartons"},"content":{"rendered":"<p class=\"translation-block\"><strong>Machine de scellage de carton<\/strong> ou machine de conditionnement de bo\u00eetes est l'\u00e9quipement pour sceller des bo\u00eetes en carton avec du ruban adh\u00e9sif. Elle est largement utilis\u00e9e pour conditionner divers types d'objets dans des cartons, tels que des aliments, des boissons, des vins, des m\u00e9dicaments, des livres, des meubles, des lampes, des \u00e9pices, des ustensiles de cuisine, du mat\u00e9riel, des travaux de bois, des produits chimiques, des v\u00eatements, de la c\u00e9ramique, des bouchons en verre, etc. Elle a deux m\u00e9thodes d'utilisation, soit en utilisant une seule machine, soit comme une partie de la ligne de production de conditionnement de cartons. Cette machine est g\u00e9n\u00e9ralement associ\u00e9e \u00e0 la machine de d\u00e9ballage, \u00e0 la machine d'\u00e9tiquetage, au dispositif de codage, \u00e0 la machine d'emballage en film r\u00e9tractable, etc. <\/p>    <figure class=\"wp-block-gallery aligncenter has-nested-images columns-default is-cropped wp-block-gallery-2 is-layout-flex wp-block-gallery-is-layout-flex\"> <figure class=\"wp-block-image size-large\"><img loading=\"lazy\" decoding=\"async\" width=\"750\" height=\"500\" data-id=\"4742\" src=\"https:\/\/tianhuipackingmachine.com\/wp-content\/uploads\/2021\/12\/carton-sealing-machine-strapping-machine-750x500.jpg\" alt=\"Machine \u00e0 sceller les cartons et machine \u00e0 cercler\" class=\"wp-image-4742\" srcset=\"https:\/\/tianhuipackingmachine.com\/wp-content\/uploads\/2021\/12\/carton-sealing-machine-strapping-machine.jpg 750w, https:\/\/tianhuipackingmachine.com\/wp-content\/uploads\/2021\/12\/carton-sealing-machine-strapping-machine-480x320.jpg 480w\" sizes=\"auto, (max-width: 750px) 100vw, 750px\" \/><figcaption class=\"wp-element-caption\">Machine \u00e0 sceller les cartons et amp; Machine de cerclage<\/figcaption><\/figure>    <figure class=\"wp-block-image size-large\"><img loading=\"lazy\" decoding=\"async\" width=\"750\" height=\"500\" data-id=\"4750\" src=\"https:\/\/tianhuipackingmachine.com\/wp-content\/uploads\/2021\/12\/the-carton-sealing-strapping-machine-in-factory-750x500.jpg\" alt=\"la machine \u00e0 sceller et \u00e0 cercler les cartons en usine\" class=\"wp-image-4750\" srcset=\"https:\/\/tianhuipackingmachine.com\/wp-content\/uploads\/2021\/12\/the-carton-sealing-strapping-machine-in-factory.jpg 750w, https:\/\/tianhuipackingmachine.com\/wp-content\/uploads\/2021\/12\/the-carton-sealing-strapping-machine-in-factory-480x320.jpg 480w\" sizes=\"auto, (max-width: 750px) 100vw, 750px\" \/><figcaption class=\"wp-element-caption\">Le scellage et l'Amp; Machine de cerclage en usine<\/figcaption><\/figure> <\/figure>    <h2 class=\"wp-block-heading\" id=\"h-carton-sealing-machine-structure\">Structure de la machine \u00e0 sceller les cartons<\/h2>    <p>La machine \u00e0 sceller les cartons se compose d'une plate-forme de convoyeur avec des rouleaux tournants, des bandes transporteuses gauche et droite, des rouleaux de positionnement des cartons, des tiges manuelles pour r\u00e9gler la hauteur de la plate-forme de convoyeur et du dispositif de scellage sup\u00e9rieur, une longue plaque m\u00e9tallique, un cadre de support avec \u00e9chelle, interrupteur d'alimentation, bouton d'urgence, quatre roues au bas de la machine, etc. Les rouleaux tournants sont dispos\u00e9s \u00e9troitement, adapt\u00e9s au transport de cartons de diff\u00e9rentes tailles. Les bandes transporteuses gauche et droite font avancer automatiquement le carton pour le sceller. La hauteur et la largeur du scellage peuvent \u00eatre r\u00e9glables gr\u00e2ce aux tiges manuelles. La longue plaque m\u00e9tallique aplatit le haut de la bo\u00eete et assure une fermeture herm\u00e9tique.<\/p>    <figure class=\"wp-block-gallery has-nested-images columns-default is-cropped wp-block-gallery-3 is-layout-flex wp-block-gallery-is-layout-flex\"> <figure class=\"wp-block-image size-large\"><img loading=\"lazy\" decoding=\"async\" width=\"750\" height=\"500\" data-id=\"4746\" src=\"https:\/\/tianhuipackingmachine.com\/wp-content\/uploads\/2021\/12\/double-belts-on-both-sides-750x500.jpg\" alt=\"doubles ceintures des deux c\u00f4t\u00e9s\" class=\"wp-image-4746\" srcset=\"https:\/\/tianhuipackingmachine.com\/wp-content\/uploads\/2021\/12\/double-belts-on-both-sides.jpg 750w, https:\/\/tianhuipackingmachine.com\/wp-content\/uploads\/2021\/12\/double-belts-on-both-sides-480x320.jpg 480w\" sizes=\"auto, (max-width: 750px) 100vw, 750px\" \/><figcaption class=\"wp-element-caption\">Doubles ceintures des deux c\u00f4t\u00e9s<\/figcaption><\/figure>    <figure class=\"wp-block-image size-large\"><img loading=\"lazy\" decoding=\"async\" width=\"750\" height=\"500\" data-id=\"4745\" src=\"https:\/\/tianhuipackingmachine.com\/wp-content\/uploads\/2021\/12\/tape-sealing-device-for-the-bottom-of-the-carton-750x500.jpg\" alt=\"dispositif de scellage par ruban adh\u00e9sif pour le fond du carton\" class=\"wp-image-4745\" srcset=\"https:\/\/tianhuipackingmachine.com\/wp-content\/uploads\/2021\/12\/tape-sealing-device-for-the-bottom-of-the-carton.jpg 750w, https:\/\/tianhuipackingmachine.com\/wp-content\/uploads\/2021\/12\/tape-sealing-device-for-the-bottom-of-the-carton-480x320.jpg 480w\" sizes=\"auto, (max-width: 750px) 100vw, 750px\" \/><figcaption class=\"wp-element-caption\">Dispositif de scellage par ruban adh\u00e9sif pour le fond du carton<\/figcaption><\/figure> <\/figure>    <h2 class=\"wp-block-heading\">Vid\u00e9o de fonctionnement de la machine \u00e0 emballer les cartons <\/h2>   <figure class=\"wp-block-embed-youtube wp-block-embed is-type-video is-provider-youtube wp-embed-aspect-16-9 wp-has-aspect-ratio\"><div class=\"lyte-wrapper\" title=\"Machine \u00e0 sceller et \u00e0 cercler les cartons | \u00c9quipement de scellage de bo\u00eetes \u00e0 ruban | Application de plusieurs tailles\" style=\"width:853px;max-width:100%;margin:5px auto;\"><div class=\"lyMe\" id=\"WYL_49oUgXl1olI\" itemprop=\"video\" itemscope itemtype=\"https:\/\/schema.org\/VideoObject\"><div><meta itemprop=\"thumbnailUrl\" content=\"https:\/\/i.ytimg.com\/vi\/49oUgXl1olI\/hqdefault.jpg\" \/><meta itemprop=\"embedURL\" content=\"https:\/\/www.youtube.com\/embed\/49oUgXl1olI\" \/><meta itemprop=\"duration\" content=\"PT1M20S\" \/><meta itemprop=\"uploadDate\" content=\"2022-01-07T10:07:57Z\" \/><\/div><div id=\"lyte_49oUgXl1olI\" data-src=\"https:\/\/i.ytimg.com\/vi\/49oUgXl1olI\/hqdefault.jpg\" class=\"pL\"><div class=\"tC\"><div class=\"tT\" itemprop=\"name\">Machine \u00e0 sceller et \u00e0 cercler les cartons | \u00c9quipement de scellage de bo\u00eetes \u00e0 ruban | Application de plusieurs tailles<\/div><\/div><div class=\"play\"><\/div><div class=\"ctrl\"><div class=\"Lctrl\"><\/div><div class=\"Rctrl\"><\/div><\/div><\/div><noscript><a href=\"https:\/\/youtu.be\/49oUgXl1olI\" rel=\"nofollow noopener\" target=\"_blank\"><img loading=\"lazy\" decoding=\"async\" src=\"https:\/\/i.ytimg.com\/vi\/49oUgXl1olI\/0.jpg\" alt=\"Machine \u00e0 sceller et \u00e0 cercler les cartons | \u00c9quipement de scellage de bo\u00eetes \u00e0 ruban | Application de plusieurs tailles\" width=\"853\" height=\"460\" \/><\/a><\/noscript><meta itemprop=\"description\" content=\"If you are interested in it, welcome to contact us. https:\/\/tianhuipackingmachine.com\/carton-sealing-machine\/ Whatsapp\/Tel: +86 17329326135 Email: sales@toppackingmachine.com Carton sealing and strapping machine is a set of equipment for box tape sealing and strapping. The carton sealing machine can seal the bottom and top of the box at the same time. It has a wide range of applications in many industries, such as cookers, dishes, furniture, shampoo, wine, juice, etc. Whatsapp\/Tel: +86 17329326135 Email: sales@toppackingmachine.com\"><\/div><\/div><div class=\"lL\" style=\"max-width:100%;width:853px;margin:5px auto;\"> <a href=\"https:\/\/youtu.be\/49oUgXl1olI\" target=\"_blank\" rel=\"noopener\">Regarder cette vid\u00e9o sur YouTube<\/a>.<\/div><figcaption><\/figcaption><\/figure>   <h2 class=\"wp-block-heading\" id=\"h-features-of-the-carton-sealing-machine\">Caract\u00e9ristiques de la machine \u00e0 sceller les cartons<\/h2>    <ol class=\"wp-block-list\" type=\"1\"> <li>Conception raisonnable, mat\u00e9riau durable, fonctionnement fluide, travail efficace<\/li>    <li>La hauteur du convoyeur est r\u00e9glable selon vos besoins<\/li>    <li>Applications larges pour diff\u00e9rentes tailles de cartons<\/li>    <li>Disposition des rouleaux \u00e9troitement, adapt\u00e9e \u00e0 diff\u00e9rentes tailles de cartons, en particulier les petites bo\u00eetes<\/li>    <li>Le composant de fixation du ruban adh\u00e9sif est d\u00e9tachable et pratique pour remplacer les rubans.<\/li>    <li>Terminez l'op\u00e9ration de scellement inf\u00e9rieur et sup\u00e9rieur une fois, scellez fermement et en douceur avec une jolie apparence<\/li>    <li>Un bouton d\u2019urgence est con\u00e7u comme mesure de s\u00e9curit\u00e9.<\/li>    <li>Un service de personnalisation est disponible.<\/li> <\/ol>    <figure class=\"wp-block-gallery has-nested-images columns-default is-cropped wp-block-gallery-4 is-layout-flex wp-block-gallery-is-layout-flex\"> <figure class=\"wp-block-image size-large\"><img loading=\"lazy\" decoding=\"async\" width=\"750\" height=\"500\" data-id=\"4749\" src=\"https:\/\/tianhuipackingmachine.com\/wp-content\/uploads\/2021\/12\/the-applicable-cartons-750x500.jpg\" alt=\"les cartons applicables\" class=\"wp-image-4749\" srcset=\"https:\/\/tianhuipackingmachine.com\/wp-content\/uploads\/2021\/12\/the-applicable-cartons.jpg 750w, https:\/\/tianhuipackingmachine.com\/wp-content\/uploads\/2021\/12\/the-applicable-cartons-480x320.jpg 480w\" sizes=\"auto, (max-width: 750px) 100vw, 750px\" \/><figcaption class=\"wp-element-caption\">Les cartons applicables<\/figcaption><\/figure>    <figure class=\"wp-block-image size-large\"><img loading=\"lazy\" decoding=\"async\" width=\"750\" height=\"500\" data-id=\"4748\" src=\"https:\/\/tianhuipackingmachine.com\/wp-content\/uploads\/2021\/12\/various-applicable-sizes-of-cartons-750x500.jpg\" alt=\"diverses tailles de cartons applicables\" class=\"wp-image-4748\" srcset=\"https:\/\/tianhuipackingmachine.com\/wp-content\/uploads\/2021\/12\/various-applicable-sizes-of-cartons.jpg 750w, https:\/\/tianhuipackingmachine.com\/wp-content\/uploads\/2021\/12\/various-applicable-sizes-of-cartons-480x320.jpg 480w\" sizes=\"auto, (max-width: 750px) 100vw, 750px\" \/><figcaption class=\"wp-element-caption\">Diff\u00e9rentes tailles de cartons applicables<\/figcaption><\/figure> <\/figure>    <h2 class=\"wp-block-heading\" id=\"h-operation-procedure-of-the-single-machine\">Proc\u00e9dure de fonctionnement de la machine unique<\/h2>    <ol class=\"wp-block-list\" type=\"1\"> <li>Installez les deux rubans adh\u00e9sifs sur les dispositifs d'\u00e9tanch\u00e9it\u00e9<\/li>    <li>Ajustez divers param\u00e8tres et d\u00e9marrez la machine<\/li>    <li>Ouvrez les cartons<\/li>    <li>Mettre des objets dans la mallette<\/li>    <li>Placer la bo\u00eete sur le convoyeur<\/li>    <li>Poussez le carton et le dispositif de scellage<\/li>    <li>La machine scotchera automatiquement le haut et le bas du carton.<\/li> <\/ol>    <h2 class=\"wp-block-heading\" id=\"h-various-machines-waiting-for-you\">Diverses machines vous attendent<\/h2>    <p class=\"translation-block\">En tant que fabricant et fournisseur de machines de conditionnement, nous proposons de nombreuses machines d'emballage. La machine de scellage de carton est l'un de nos produits phares. Nous fournissons \u00e9galement des machines de conditionnement en poudre, des machines de conditionnement de granul\u00e9s, des machines de remplissage et de conditionnement de liquides, des machines d'emballage sous vide, des machines de conditionnement en coussin, des machines de capsulage automatiques, des machines de capsulage sous vide, des <strong><a href=\"https:\/\/tianhuipackingmachine.com\/fr\/continuous-bag-sealing-machine\/\">machines de scellage de sacs continues<\/a><\/strong>, etc. \u00cates-vous int\u00e9ress\u00e9 par elles ? Contactez-nous pour obtenir plus de d\u00e9tails et nous vous r\u00e9pondrons d\u00e8s que possible. <\/p>    <h2 class=\"has-luminous-vivid-orange-color has-text-color wp-block-heading\" id=\"h-parameters\">Param\u00e8tres de la machine d'emballage en carton Henan Top<\/h2>    <figure class=\"wp-block-table is-style-stripes\"><table><tbody><tr><td>Taper<\/td><td>FXJ-4030<\/td><td>FXJ-6050<\/td><\/tr><tr><td>Pouvoir<\/td><td>220 V\/50 Hz\/180 W<\/td><td>220 V\/50 Hz\/180 W <\/td><\/tr><tr><td>Capacit\u00e9<\/td><td>1000bo\u00eetes\/h<\/td><td>1000bo\u00eetes\/h <\/td><\/tr><tr><td>Largeur du ruban<\/td><td>45mm<\/td><td>45mm <\/td><\/tr><tr><td>Largeur de scellage<\/td><td>80-300mm<\/td><td>250-500mm <\/td><\/tr><tr><td>Hauteur de soudure<\/td><td>90-400mm<\/td><td>180-600mm <\/td><\/tr><tr><td>Hauteur de la table<\/td><td>min550mm\/max730mm<\/td><td>min570mm\/max730mm <\/td><\/tr><tr><td>Taille de la machine<\/td><td>1060*660*1010mm<\/td><td>1000*830*1350mm <\/td><\/tr><\/tbody><\/table><\/figure>    <h2 class=\"wp-block-heading\">Machine \u00e0 sceller les cartons enti\u00e8rement automatique \u00e0 vendre<\/h2>    <p>Les scelleuses de cartons enti\u00e8rement automatiques sont \u00e9quip\u00e9es de capteurs qui d\u00e9tectent la pr\u00e9sence d\u2019une bo\u00eete et ajustent automatiquement les param\u00e8tres de la machine en fonction de la taille et de la forme de la bo\u00eete. La machine applique ensuite du ruban adh\u00e9sif sensible \u00e0 la pression sur les rabats sup\u00e9rieur et\/ou inf\u00e9rieur de la bo\u00eete, la scellant ainsi solidement. La vitesse et l'efficacit\u00e9 de la machine peuvent \u00eatre ajust\u00e9es pour r\u00e9pondre aux besoins de l'utilisateur.<\/p>    <h2 class=\"wp-block-heading\">Conclusion <\/h2>    <p>En conclusion, une machine \u00e0 sceller les cartons est un outil pr\u00e9cieux pour am\u00e9liorer l\u2019efficacit\u00e9 et rationaliser le processus d\u2019emballage dans diverses industries. Gr\u00e2ce \u00e0 sa capacit\u00e9 \u00e0 sceller les bo\u00eetes rapidement et en toute s\u00e9curit\u00e9, il peut r\u00e9duire consid\u00e9rablement le temps et le travail manuel n\u00e9cessaires \u00e0 l'emballage. Henan Top Packing Machinery est un fabricant professionnel de machines d\u2019emballage en bo\u00eetes. \u00cates-vous int\u00e9ress\u00e9 par cette machine? Contactez-nous pour un devis rapide. <\/p>","protected":false},"excerpt":{"rendered":"<p>Carton sealing machine or box packing machine is the equipment to seal cardboard boxes with tape. It widely applies to packing various kinds of objects into cartons, such as foods, beverages, wines, medicines, books, furniture, lamps, spices, kitchenware, hardware, woodwork, chemicals, clothes, ceramics, glass caps, etc. It has two methods of usage, just using a [&hellip;]<\/p>\n","protected":false},"author":1,"featured_media":4742,"parent":0,"template":"","tags":[182],"product-type":[144],"class_list":["post-2263","product","type-product","status-publish","has-post-thumbnail","hentry","tag-sealing-machine","product-type-supporting-equipment"],"_links":{"self":[{"href":"https:\/\/tianhuipackingmachine.com\/fr\/wp-json\/wp\/v2\/product\/2263","targetHints":{"allow":["GET"]}}],"collection":[{"href":"https:\/\/tianhuipackingmachine.com\/fr\/wp-json\/wp\/v2\/product"}],"about":[{"href":"https:\/\/tianhuipackingmachine.com\/fr\/wp-json\/wp\/v2\/types\/product"}],"author":[{"embeddable":true,"href":"https:\/\/tianhuipackingmachine.com\/fr\/wp-json\/wp\/v2\/users\/1"}],"wp:featuredmedia":[{"embeddable":true,"href":"https:\/\/tianhuipackingmachine.com\/fr\/wp-json\/wp\/v2\/media\/4742"}],"wp:attachment":[{"href":"https:\/\/tianhuipackingmachine.com\/fr\/wp-json\/wp\/v2\/media?parent=2263"}],"wp:term":[{"taxonomy":"post_tag","embeddable":true,"href":"https:\/\/tianhuipackingmachine.com\/fr\/wp-json\/wp\/v2\/tags?post=2263"},{"taxonomy":"product-type","embeddable":true,"href":"https:\/\/tianhuipackingmachine.com\/fr\/wp-json\/wp\/v2\/product-type?post=2263"}],"curies":[{"name":"wp","href":"https:\/\/api.w.org\/{rel}","templated":true}]}}