{"id":2241,"date":"2021-08-24T14:31:39","date_gmt":"2021-08-24T06:31:39","guid":{"rendered":"https:\/\/tianhuipackingmachine.com\/?page_id=2241"},"modified":"2022-12-08T14:11:07","modified_gmt":"2022-12-08T06:11:07","slug":"automatic-capping-machine","status":"publish","type":"product","link":"https:\/\/tianhuipackingmachine.com\/fr\/automatic-capping-machine\/","title":{"rendered":"Machine de capsulage automatique"},"content":{"rendered":"<p class=\"translation-block\"><strong>Machine de capsulage automatique<\/strong> est adapt\u00e9e pour divers bouchons ronds en plastique avec filetages. Elle s'applique largement \u00e0 de nombreux aliments, boissons, produits de consommation courante, cosm\u00e9tiques, m\u00e9dicaments, huiles, etc. L'\u00e9quipement adopte de l'acier inoxydable, ce qui est durable et pratique pour l'entretien. La machine de capsulage automatique avec quatre roues de friction fait tourner et serre les bouchons ronds gr\u00e2ce \u00e0 un moteur ordinaire. La vitesse de capsulage est r\u00e9glable en fonction de la production. De plus, nous soutenons le service OEM selon vos exigences.<\/p>    <figure class=\"wp-block-image aligncenter size-full\"><img loading=\"lazy\" decoding=\"async\" width=\"750\" height=\"500\" src=\"https:\/\/tianhuipackingmachine.com\/wp-content\/uploads\/2021\/08\/automatic-capping-machine-1.jpg\" alt=\"machine de capsulage automatique\" class=\"wp-image-2256\" srcset=\"https:\/\/tianhuipackingmachine.com\/wp-content\/uploads\/2021\/08\/automatic-capping-machine-1.jpg 750w, https:\/\/tianhuipackingmachine.com\/wp-content\/uploads\/2021\/08\/automatic-capping-machine-1-300x200.jpg 300w\" sizes=\"auto, (max-width: 750px) 100vw, 750px\" \/><figcaption class=\"wp-element-caption\">Machine de capsulage automatique<\/figcaption><\/figure>    <h2 class=\"wp-block-heading\">Param\u00e8tre de la machine de capsulage automatique<\/h2>    <figure class=\"wp-block-table is-style-stripes\"><table><tbody><tr><td>Pouvoir<\/td><td>300W &nbsp;<\/td><\/tr><tr><td>Tension<\/td><td>AC220V\/50hz<\/td><\/tr><tr><td>Tailles de bouchons applicables<\/td><td>15\u00a0-\u00a070\u00a0mm \u00a0\u00a040-100\u00a0mm<\/td><\/tr><tr><td>Vitesse de plafonnement<\/td><td>0 \u2013 40 bouteilles\/min<\/td><\/tr><tr><td>Diam\u00e8tre des bouteilles<\/td><td>50 \u2013 280 millim\u00e8tres<\/td><\/tr><tr><td>Pression de l'air<\/td><td>0,4 \u2013 0,6 MPa<\/td><\/tr><tr><td>Poids<\/td><td>108 kg<\/td><\/tr><tr><td>Dimension<\/td><td>3500*470*1600mm<\/td><\/tr><\/tbody><\/table><\/figure>    <h2 class=\"wp-block-heading\">Caract\u00e9ristiques de la machine de capsulage automatique<\/h2>    <ol class=\"wp-block-list\" type=\"1\"> <li>Structure compacte, conception raisonnable, petit espace occup\u00e9, simple \u00e0 utiliser<\/li>    <li>Fonctionnement stable, mise en place automatique des couvercles, serrage ferme, verrouillage efficace du couvercle.<\/li>    <li>Il est \u00e9quip\u00e9 d\u2019un \u00e9cran tactile qui permet de r\u00e9gler la vitesse de fonctionnement de la bande transporteuse.<\/li>    <li>De nombreuses utilisations sont facultatives\u00a0: utilisation ind\u00e9pendante ou association avec une machine de remplissage, une \u00e9tiqueteuse, une imprimante de dates, etc.<\/li>    <li>Le moteur principal adopte un convertisseur de fr\u00e9quence export\u00e9 avec la fonction de vitesse de r\u00e9glage sans pente.<\/li>    <li>Un service de personnalisation est disponible.<\/li> <\/ol>    <h2 class=\"wp-block-heading\">Applications larges de capsuleuse \u00e0 vis automatique<\/h2>    <p class=\"translation-block\">La machine de capsulage automatique est g\u00e9n\u00e9ralement utilis\u00e9e pour diverses bouteilles avec des bouchons ronds en plastique, largement appliqu\u00e9e aux bonbons, collations, eau, jus, lait, yaourt, miel, huile, d\u00e9tergent liquide, d\u00e9sinfectant, shampoing, cosm\u00e9tiques, m\u00e9dicaments, pesticides, etc. Elle peut \u00e9galement \u00eatre associ\u00e9e \u00e0 une machine de remplissage et \u00e0 une machine d'\u00e9tiquetage pour composer une ligne de production. Voulez-vous en savoir plus ? <strong><a href=\"https:\/\/tianhuipackingmachine.com\/fr\/contact\/\">Contactez-nous<\/a><\/strong> et nous vous r\u00e9pondrons d\u00e8s que possible.<\/p>    <figure class=\"wp-block-image aligncenter size-full\"><img loading=\"lazy\" decoding=\"async\" width=\"750\" height=\"500\" src=\"https:\/\/tianhuipackingmachine.com\/wp-content\/uploads\/2021\/09\/applications-of-automatic-capping-equipment.jpg\" alt=\"applications de l&#039;\u00e9quipement de capsulage automatique\" class=\"wp-image-2862\" srcset=\"https:\/\/tianhuipackingmachine.com\/wp-content\/uploads\/2021\/09\/applications-of-automatic-capping-equipment.jpg 750w, https:\/\/tianhuipackingmachine.com\/wp-content\/uploads\/2021\/09\/applications-of-automatic-capping-equipment-300x200.jpg 300w\" sizes=\"auto, (max-width: 750px) 100vw, 750px\" \/><figcaption class=\"wp-element-caption\">Applications de l'\u00e9quipement de capsulage automatique<\/figcaption><\/figure>    <h2 class=\"wp-block-heading\">Structure de la machine de capsulage automatique<\/h2>    <p>L'\u00e9quipement de capsulage se compose d'un \u00e9cran tactile, d'une bande transporteuse avec d\u00e9flecteur, d'un moteur ordinaire, d'un moteur pas \u00e0 pas, de quatre roues \u00e0 friction, d'un capuchon \u00e0 pression, d'une roue de r\u00e9glage en hauteur de la roue \u00e0 friction, d'une bande transporteuse lat\u00e9rale, d'une roue de r\u00e9glage en hauteur pour mettre les bouteilles, d'une bande transporteuse large. molette de r\u00e9glage pour mettre les bouteilles sur tapis roulant, etc. Son corps est en acier inoxydable.<\/p>    <h2 class=\"wp-block-heading\">Quelques d\u00e9tails de l'\u00e9quipement de bouchage <\/h2>    <ul class=\"wp-block-list\"> <li><strong>Roues \u00e0 friction<\/strong><\/li> <\/ul>    <p>Le capuchon est viss\u00e9 fermement par les roues \u00e0 friction sous le contr\u00f4le du moteur. Les roues de friction \u00e0 quatre m\u00e2choires serrent et font tourner le bouchon \u00e0 vis en plastique lorsque le d\u00e9tecteur v\u00e9rifie le bouchage de la bouteille.<\/p>    <ul class=\"wp-block-list\"> <li><strong>Oeil photo\u00e9lectrique<\/strong><\/li> <\/ul>    <p>L'\u0153il photo\u00e9lectrique est utilis\u00e9 pour d\u00e9tecter la bouteille. Lorsqu'il d\u00e9tecte la bouteille, les roues \u00e0 friction commencent \u00e0 fonctionner.<\/p>    <ul class=\"wp-block-list\"> <li><strong>Widget de casquette de presse<\/strong><\/li> <\/ul>    <p>Un petit widget dans les roues de friction \u00e0 quatre m\u00e2choires peut appuyer sur le bouchon de la bouteille pour emp\u00eacher la bouteille de glisser pendant le processus de vissage. L'\u00e9quipement est donc adapt\u00e9 aux bouteilles plus dures.<\/p>    <ul class=\"wp-block-list\"> <li><strong>Tapis roulant et moteur<\/strong><\/li> <\/ul>    <p>La bande transporteuse se d\u00e9place gr\u00e2ce \u00e0 l'entra\u00eenement du moteur et un service de personnalisation est disponible pour la bande transporteuse en fonction de la taille des bouteilles ou des canettes.<\/p>    <ul class=\"wp-block-list\"> <li>Roue de r\u00e9glage de la hauteur de la roue \u00e0 friction<\/li> <\/ul>    <p>La roue de r\u00e9glage de la hauteur de la roue de friction peut ajuster la hauteur de la roue de friction \u00e0 quatre m\u00e2choires en fonction de la hauteur du goulot de la bouteille.<\/p>    <ul class=\"wp-block-list\"> <li><strong>Bande transporteuse lat\u00e9rale et dispositif de r\u00e9glage<\/strong><\/li> <\/ul>    <p>La bande transporteuse lat\u00e9rale est entra\u00een\u00e9e par un moteur pas \u00e0 pas, qui peut alimenter avec pr\u00e9cision les bouteilles sous la roue \u00e0 vis \u00e0 quatre m\u00e2choires. La molette de r\u00e9glage de la largeur du tapis transporteur de bouteilles permet de r\u00e9gler la largeur du d\u00e9flecteur lat\u00e9ral pour faciliter le serrage de la bouteille \u00e0 visser. La roue de r\u00e9glage de la hauteur de la bande transporteuse peut r\u00e9gler la hauteur de la bande transporteuse lat\u00e9rale.<\/p>    <ul class=\"wp-block-list\"> <li><strong>\u00c9cran tactile<\/strong><\/li> <\/ul>    <p>L'\u00e9cran tactile peut configurer la vitesse de fonctionnement de la bande transporteuse, la dur\u00e9e du bouchage et la distance de course de la bande transporteuse lat\u00e9rale.<\/p>","protected":false},"excerpt":{"rendered":"<p>Automatic capping machine is suitable for various plastic round caps with screw threads. It widely applies to many foods, beverages, daily necessities, cosmetics, medicines, oil, etc. The equipment adopts stainless steel, which is durable and convenient for maintenance. The automatic capping machine with four frictional wheels rotates and tightens round caps through ordinary motor. The [&hellip;]<\/p>\n","protected":false},"author":1,"featured_media":2256,"parent":0,"template":"","tags":[168],"product-type":[144],"class_list":["post-2241","product","type-product","status-publish","has-post-thumbnail","hentry","tag-capping-machine","product-type-supporting-equipment"],"_links":{"self":[{"href":"https:\/\/tianhuipackingmachine.com\/fr\/wp-json\/wp\/v2\/product\/2241","targetHints":{"allow":["GET"]}}],"collection":[{"href":"https:\/\/tianhuipackingmachine.com\/fr\/wp-json\/wp\/v2\/product"}],"about":[{"href":"https:\/\/tianhuipackingmachine.com\/fr\/wp-json\/wp\/v2\/types\/product"}],"author":[{"embeddable":true,"href":"https:\/\/tianhuipackingmachine.com\/fr\/wp-json\/wp\/v2\/users\/1"}],"wp:featuredmedia":[{"embeddable":true,"href":"https:\/\/tianhuipackingmachine.com\/fr\/wp-json\/wp\/v2\/media\/2256"}],"wp:attachment":[{"href":"https:\/\/tianhuipackingmachine.com\/fr\/wp-json\/wp\/v2\/media?parent=2241"}],"wp:term":[{"taxonomy":"post_tag","embeddable":true,"href":"https:\/\/tianhuipackingmachine.com\/fr\/wp-json\/wp\/v2\/tags?post=2241"},{"taxonomy":"product-type","embeddable":true,"href":"https:\/\/tianhuipackingmachine.com\/fr\/wp-json\/wp\/v2\/product-type?post=2241"}],"curies":[{"name":"wp","href":"https:\/\/api.w.org\/{rel}","templated":true}]}}