{"id":2114,"date":"2021-08-10T10:41:22","date_gmt":"2021-08-10T02:41:22","guid":{"rendered":"https:\/\/tianhuipackingmachine.com\/?page_id=2114"},"modified":"2024-03-11T17:35:48","modified_gmt":"2024-03-11T09:35:48","slug":"semi-automatic-round-bottle-labeling-machine","status":"publish","type":"product","link":"https:\/\/tianhuipackingmachine.com\/fr\/semi-automatic-round-bottle-labeling-machine\/","title":{"rendered":"Etiqueteuse semi-automatique pour bouteilles rondes"},"content":{"rendered":"<p class=\"translation-block\"><strong>Machine d'\u00e9tiquetage semi-automatique pour bouteilles rondes<\/strong>, \u00e9galement appel\u00e9e machine d'\u00e9tiquetage manuelle pour bouteilles rondes, est une sorte de machine d'\u00e9tiquetage semi-automatique. Elle occupe peu d'espace, convient \u00e0 divers bouteilles et canettes rondes. Cet \u00e9tiqueteur semi-automatique peut s'appliquer \u00e0 la nourriture, aux boissons, au lait, au jus, aux sauces, aux m\u00e9dicaments, aux produits de consommation courante, aux cosm\u00e9tiques, aux m\u00e9dicaments, etc. Pendant le processus d'utilisation, il peut satisfaire diff\u00e9rentes tailles de bouteilles rondes et vous n'avez pas besoin de changer de pi\u00e8ces. De plus, nous proposons \u00e9galement des machines d'\u00e9tiquetage automatiques pour bouteilles rondes, des machines d'\u00e9tiquetage pour bouteilles carr\u00e9es, etc. En outre, un service de personnalisation est disponible selon vos exigences.<\/p>    <div class=\"wp-block-columns is-layout-flex wp-container-core-columns-is-layout-28f84493 wp-block-columns-is-layout-flex\"> <div class=\"wp-block-column is-layout-flow wp-block-column-is-layout-flow\"> <figure class=\"wp-block-image aligncenter size-full\"><img loading=\"lazy\" decoding=\"async\" width=\"750\" height=\"500\" src=\"https:\/\/tianhuipackingmachine.com\/wp-content\/uploads\/2021\/08\/semi-automatic-round-bottle-labeler-1.jpg\" alt=\"\u00e9tiqueteuse semi-automatique de bouteilles rondes\" class=\"wp-image-2118\" srcset=\"https:\/\/tianhuipackingmachine.com\/wp-content\/uploads\/2021\/08\/semi-automatic-round-bottle-labeler-1.jpg 750w, https:\/\/tianhuipackingmachine.com\/wp-content\/uploads\/2021\/08\/semi-automatic-round-bottle-labeler-1-300x200.jpg 300w\" sizes=\"auto, (max-width: 750px) 100vw, 750px\" \/><figcaption>\u00c9tiqueteuse semi-automatique de bouteilles rondes<\/figcaption><\/figure> <\/div> <\/div>    <h2 class=\"has-text-color wp-block-heading\" id=\"h-semi-automatic-round-bottle-labeling-machine-parameters\" style=\"color:#ff5200\">Param\u00e8tres de l'\u00e9tiqueteuse semi-automatique de bouteilles rondes<\/h2>    <figure class=\"wp-block-table is-style-stripes\"><table><tbody><tr><td>Mod\u00e8le<\/td><td>TZ-100<\/td><\/tr><tr><td>Pouvoir<\/td><td>100W<\/td><\/tr><tr><td>Diam\u00e8tre de la bouteille<\/td><td>15-120mm<\/td><\/tr><tr><td>Vitesse de l'\u00e9tiquette<\/td><td>20-40 bouteilles\/min<\/td><\/tr><tr><td>Taille de l'\u00e9tiquette<\/td><td>W26L25-W150L300<\/td><\/tr><tr><td>Le diam\u00e8tre int\u00e9rieur du rouleau d'\u00e9tiquettes<\/td><td>75mm<\/td><\/tr><tr><td>Diam\u00e8tre ext\u00e9rieur du rouleau d'\u00e9tiquettes<\/td><td>275mm<\/td><\/tr><tr><td>Taille de la machine<\/td><td>650*345*450mm<\/td><\/tr><\/tbody><\/table><\/figure>    <h2 class=\"wp-block-heading\" id=\"h-features-of-semi-automatic-round-bottle-labeling-machine\">Caract\u00e9ristiques de l'\u00e9tiqueteuse semi-automatique de bouteilles rondes<\/h2>    <ol class=\"wp-block-list\" type=\"1\"><li>Structure simple, conception raisonnable, facile \u00e0 installer, \u00e0 utiliser et \u00e0 entretenir\u00a0;<\/li><li>Travaillez de mani\u00e8re stable, faible bruit, prix abordable, large application\u00a0;<\/li><li>Il est \u00e9quip\u00e9 d\u2019un capteur photo\u00e9lectrique avanc\u00e9, tr\u00e8s intelligent pour l\u2019\u00e9tiquetage.<\/li><li>Le corps de l'\u00e9tiqueteuse est en alliage d'aluminium qui pr\u00e9sente les caract\u00e9ristiques de l\u00e9g\u00e8ret\u00e9 et de bonnes propri\u00e9t\u00e9s de moulage.<\/li><li>Satisfaire la plupart des sp\u00e9cifications des besoins en bouteilles rondes.<\/li><li>L'\u00e9tiqueteuse de bouteilles semi-automatique adopte des rouleaux en caoutchouc de haute qualit\u00e9 avec une excellente transmission.<\/li><li>Le prix de la machine \u00e0 \u00e9tiqueter semi-automatique est inf\u00e9rieur \u00e0 celui de la machine \u00e0 \u00e9tiqueter automatique.<\/li><li>L'alimentation est \u00e9quip\u00e9e d'une fonction de protection contre les surintensit\u00e9s. S'il d\u00e9passe la plage d'utilisation normale, le fusible sautera automatiquement pour prot\u00e9ger la machine.<\/li><\/ol>    <h2 class=\"wp-block-heading\" id=\"h-various-applications-of-semi-automatic-labeling-machine-for-round-bottle\">Diverses applications de l'\u00e9tiqueteuse semi-automatique pour bouteille ronde<\/h2>    <p>L'\u00e9tiqueteuse semi-automatique convient \u00e0 diverses bouteilles ou canettes rondes, peu importe que le mat\u00e9riau de la bouteille soit en plastique, en verre ou en m\u00e9tal, etc. Elle peut s'appliquer aux bouteilles ou canettes de boisson, jus, eau, lait, huile, sauce, \u00e9pices, poudre de piment, collations, bonbons, biscuits, chips, pop-corn, fruits secs, produits d'usage quotidien, cosm\u00e9tiques, m\u00e9dicaments, etc. L'\u00e9tiquette peut recouvrir la bouteille en cercle ou non. La longueur de l'\u00e9tiquette d\u00e9pend de vos besoins. Vous pouvez \u00e9galement faire coller l\u2019\u00e9tiquette dans une partie de la bouteille. <\/p>    <figure class=\"wp-block-image aligncenter size-full\"><img loading=\"lazy\" decoding=\"async\" width=\"750\" height=\"500\" src=\"https:\/\/tianhuipackingmachine.com\/wp-content\/uploads\/2021\/08\/applications-of-semi-automatic-round-bottle-labeler.jpg\" alt=\"applications de l&#039;\u00e9tiqueteuse semi-automatique de bouteilles rondes\" class=\"wp-image-2120\" srcset=\"https:\/\/tianhuipackingmachine.com\/wp-content\/uploads\/2021\/08\/applications-of-semi-automatic-round-bottle-labeler.jpg 750w, https:\/\/tianhuipackingmachine.com\/wp-content\/uploads\/2021\/08\/applications-of-semi-automatic-round-bottle-labeler-300x200.jpg 300w\" sizes=\"auto, (max-width: 750px) 100vw, 750px\" \/><figcaption>Applications de l'\u00e9tiqueteuse semi-automatique de bouteilles rondes<\/figcaption><\/figure>    <h2 class=\"wp-block-heading\" id=\"h-structures-manual-round-bottle-labeling-machine\">\u00c9tiqueteuse manuelle de bouteilles rondes Structures<\/h2>    <p class=\"translation-block\">La machine d'\u00e9tiquetage semi-automatique pour bouteilles rondes se compose principalement d'un moteur, d'un corps en alliage d'aluminium \u00e9lectroplaqu\u00e9, d'un plateau d'alimentation en papier, d'une vis de r\u00e9glage du plateau, d'un capteur de haute qualit\u00e9, de fibres optiques, d'un bras oscillant de pression de bouteille, d'un rouleau de support de bouteille, etc. L'alliage d'aluminium \u00e9lectroplaqu\u00e9 est l\u00e9ger et poss\u00e8de de bonnes propri\u00e9t\u00e9s de moulage. Le plateau d'alimentation en papier avec vis de r\u00e9glage fixe l'\u00e9tiquette pour un fonctionnement facile. Le capteur de haute qualit\u00e9 est sensible pour d\u00e9tecter l'\u00e9tiquette. La fibre optique positionne avec pr\u00e9cision. Le bras oscillant de pression de bouteille est pratique pour placer la bouteille ou la canette sur le rouleau de support afin d'\u00e9tiqueter de mani\u00e8re nette et lisse lors de l'\u00e9tiquetage. Si vous souhaitez obtenir plus de d\u00e9tails, vous pouvez <strong><a href=\"https:\/\/tianhuipackingmachine.com\/fr\/contact\/\">nous contacter<\/a><\/strong> et nous vous r\u00e9pondrons d\u00e8s que possible.<\/p>    <figure class=\"wp-block-image aligncenter size-full\"><img loading=\"lazy\" decoding=\"async\" width=\"750\" height=\"500\" src=\"https:\/\/tianhuipackingmachine.com\/wp-content\/uploads\/2021\/08\/the-structure-of-manual-round-bottle-labeler.jpg\" alt=\"la structure de l&#039;\u00e9tiqueteuse manuelle de bouteilles rondes\" class=\"wp-image-2119\" srcset=\"https:\/\/tianhuipackingmachine.com\/wp-content\/uploads\/2021\/08\/the-structure-of-manual-round-bottle-labeler.jpg 750w, https:\/\/tianhuipackingmachine.com\/wp-content\/uploads\/2021\/08\/the-structure-of-manual-round-bottle-labeler-300x200.jpg 300w\" sizes=\"auto, (max-width: 750px) 100vw, 750px\" \/><figcaption>La structure de l'\u00e9tiqueteuse manuelle de bouteilles rondes<\/figcaption><\/figure>    <h2 class=\"wp-block-heading\" id=\"h-operation-procedures\">Proc\u00e9dures op\u00e9rationnelles<\/h2>    <ol class=\"wp-block-list\" type=\"1\"><li>Assurez-vous que toutes les pi\u00e8ces de la machine sont bien install\u00e9es.<\/li><li>Placez la bouteille \u00e0 la main sur les rouleaux de support.<\/li><li>Appuyer manuellement sur le bras oscillant de la bouteille pour fixer la bouteille d\u00e9clenchera le commutateur d'\u00e9tiquetage.<\/li><li>La bouteille et le bac d'alimentation en papier tournent pour terminer l'\u00e9tiquetage sur la bouteille.<\/li><li>Soulevez le bras oscillant de la bouteille et le processus d'\u00e9tiquetage est termin\u00e9.<\/li><\/ol>    <h2 class=\"wp-block-heading\" id=\"h-faqs-about-semi-automatic-round-bottle-labeling-machine\">FAQ sur l'\u00e9tiqueteuse semi-automatique de bouteilles rondes<\/h2>    <ul class=\"wp-block-list\"><li>Q1\u00a0:\u00a0\u00c0 quels types de bouteilles l\u2019\u00e9tiqueteuse peut-elle s\u2019appliquer\u00a0?<\/li><li>A1 : Bouteille ronde en plastique, bouteille ronde en verre, bouteille ronde en m\u00e9tal, etc.<\/li><li>Q2 : Combien de bouteilles peuvent \u00eatre \u00e9tiquet\u00e9es en une minute ?<\/li><li>A2\u00a0:\u00a0Cela d\u00e9pend de votre vitesse manuelle et de la longueur de l\u2019\u00e9tiquette.<\/li><li>Q3\u00a0:\u00a0Pour quelles tailles de bouteilles peuvent \u00eatre utilis\u00e9es\u00a0?<\/li><li>A3 : L'\u00e9tiqueteuse peut \u00eatre utilis\u00e9e pour les bouteilles dont le diam\u00e8tre est sup\u00e9rieur \u00e0 3,5 cm. Si votre bouteille a un diam\u00e8tre inf\u00e9rieur \u00e0 3,5 cm, une \u00e9tiqueteuse horizontale est un bon choix.<\/li><\/ul>    <h2 class=\"wp-block-heading\" id=\"h-related-machines\">Machines associ\u00e9es<\/h2>    <p class=\"translation-block\">En tant que fabricant et fournisseur de machines d'emballage, <strong><a href=\"https:\/\/tianhuipackingmachine.com\/fr\/\">Henan Top Packing Machinery Co., Ltd<\/a><\/strong>, fournit une vari\u00e9t\u00e9 de machines li\u00e9es \u00e0 l'emballage pour une ligne de production. Par exemple, il existe des machines d'emballage, des <strong><a href=\"https:\/\/tianhuipackingmachine.com\/fr\/automatic-round-bottle-labeling-machine-sale\/\">machines d'\u00e9tiquetage<\/a><\/strong>, des machines de remplissage, des <strong><a href=\"https:\/\/tianhuipackingmachine.com\/fr\/vacuum-capping-machines\/\">machines de bouchage \u00e0 vis<\/a><\/strong>, des imprimantes \u00e0 date, des <strong><a href=\"https:\/\/tianhuipackingmachine.com\/fr\/continuous-bag-sealing-machine\/\">machines de scellage<\/a><\/strong>, des dispositifs de convoyage de chargement, des bandes transporteuses, des dispositifs de remplissage d'azote, etc. Vous pouvez choisir et acheter selon vos besoins. Si vous souhaitez obtenir plus d'informations, contactez-nous et nous vous r\u00e9pondrons d\u00e8s que possible. Dans l'attente de votre email, message ou appel.<\/p>","protected":false},"excerpt":{"rendered":"<p>Semi automatic round bottle labeling machine, also called manual round bottle labeling machine, is a kind of semi-automatic labeling machine. It\u2019s occupied with small space, suitable various round bottles and cans. This semi-automatic labeler\u00a0can apply to food, beverage, milk, juice, sauces, medicine, daily use products, cosmetics, medicine, etc. During the process of using, it can [&hellip;]<\/p>\n","protected":false},"author":1,"featured_media":2118,"parent":0,"template":"","tags":[172],"product-type":[144],"class_list":["post-2114","product","type-product","status-publish","has-post-thumbnail","hentry","tag-labeling-machine","product-type-supporting-equipment"],"_links":{"self":[{"href":"https:\/\/tianhuipackingmachine.com\/fr\/wp-json\/wp\/v2\/product\/2114","targetHints":{"allow":["GET"]}}],"collection":[{"href":"https:\/\/tianhuipackingmachine.com\/fr\/wp-json\/wp\/v2\/product"}],"about":[{"href":"https:\/\/tianhuipackingmachine.com\/fr\/wp-json\/wp\/v2\/types\/product"}],"author":[{"embeddable":true,"href":"https:\/\/tianhuipackingmachine.com\/fr\/wp-json\/wp\/v2\/users\/1"}],"wp:featuredmedia":[{"embeddable":true,"href":"https:\/\/tianhuipackingmachine.com\/fr\/wp-json\/wp\/v2\/media\/2118"}],"wp:attachment":[{"href":"https:\/\/tianhuipackingmachine.com\/fr\/wp-json\/wp\/v2\/media?parent=2114"}],"wp:term":[{"taxonomy":"post_tag","embeddable":true,"href":"https:\/\/tianhuipackingmachine.com\/fr\/wp-json\/wp\/v2\/tags?post=2114"},{"taxonomy":"product-type","embeddable":true,"href":"https:\/\/tianhuipackingmachine.com\/fr\/wp-json\/wp\/v2\/product-type?post=2114"}],"curies":[{"name":"wp","href":"https:\/\/api.w.org\/{rel}","templated":true}]}}