{"id":2062,"date":"2021-08-04T14:09:42","date_gmt":"2021-08-04T06:09:42","guid":{"rendered":"https:\/\/tianhuipackingmachine.com\/?page_id=2062"},"modified":"2024-03-08T14:01:26","modified_gmt":"2024-03-08T06:01:26","slug":"continuous-bag-sealing-machine","status":"publish","type":"product","link":"https:\/\/tianhuipackingmachine.com\/fr\/continuous-bag-sealing-machine\/","title":{"rendered":"Machine \u00e0 sceller les sacs en continu"},"content":{"rendered":"<p class=\"translation-block\">La <strong>machine de scellage de sacs en continu<\/strong> est une petite thermoscelleuse pour sachets. Il est pratique de la poser sur une table lors de son utilisation. Il existe deux types de machines. L'une peut emballer le sac d'emballage horizontalement sur le tapis roulant, tandis que l'autre peut emballer le sac d'emballage verticalement sur le tapis roulant. La scelleuse de sacs convient au scellage de sachets de poudre, granul\u00e9s, liquides, p\u00e2tes, morceaux, etc. De plus, le motif de scellage comprend une grille, une grille avec date, une surface lisse, une bande. Deux cat\u00e9gories d'imprimantes de dates sont disponibles en option, \u00e0 savoir l'imprimante \u00e0 roue \u00e0 encre et l'imprimante \u00e0 cartouche. De plus, pour les machines de scellage de sacs en continu, nous proposons des services de personnalisation pour la largeur du tapis roulant, la hauteur entre le dispositif de scellage et le tapis roulant, etc. Contactez-nous pour plus d'informations.<\/p>    <div class=\"wp-block-columns is-layout-flex wp-container-core-columns-is-layout-28f84493 wp-block-columns-is-layout-flex\"> <div class=\"wp-block-column is-layout-flow wp-block-column-is-layout-flow\"> <figure class=\"wp-block-image size-full\"><img loading=\"lazy\" decoding=\"async\" width=\"750\" height=\"500\" src=\"https:\/\/tianhuipackingmachine.com\/wp-content\/uploads\/2021\/08\/flat-bag-heat-sealing-machine.jpg\" alt=\"machine de thermoscellage de sacs plats\" class=\"wp-image-2075\" srcset=\"https:\/\/tianhuipackingmachine.com\/wp-content\/uploads\/2021\/08\/flat-bag-heat-sealing-machine.jpg 750w, https:\/\/tianhuipackingmachine.com\/wp-content\/uploads\/2021\/08\/flat-bag-heat-sealing-machine-300x200.jpg 300w\" sizes=\"auto, (max-width: 750px) 100vw, 750px\" \/><figcaption>Machine de thermoscellage de sacs plats<\/figcaption><\/figure> <\/div>    <div class=\"wp-block-column is-layout-flow wp-block-column-is-layout-flow\"> <figure class=\"wp-block-image size-full\"><img loading=\"lazy\" decoding=\"async\" width=\"750\" height=\"500\" src=\"https:\/\/tianhuipackingmachine.com\/wp-content\/uploads\/2021\/08\/vertical-bag-heat-sealing-machine.jpg\" alt=\"machine de thermoscellage de sacs verticaux\" class=\"wp-image-2076\" srcset=\"https:\/\/tianhuipackingmachine.com\/wp-content\/uploads\/2021\/08\/vertical-bag-heat-sealing-machine.jpg 750w, https:\/\/tianhuipackingmachine.com\/wp-content\/uploads\/2021\/08\/vertical-bag-heat-sealing-machine-300x200.jpg 300w\" sizes=\"auto, (max-width: 750px) 100vw, 750px\" \/><figcaption>Machine de thermoscellage verticale de sacs<\/figcaption><\/figure> <\/div> <\/div>    <h2 class=\"wp-block-heading\" id=\"h-wide-application-of-continuous-bag-sealer\">Large application de scelleuse de sacs continue<\/h2>    <p class=\"translation-block\">La machine de scellage de sacs en continu a une large application dans le scellage de sacs en aluminium et de sacs en plastique pour poudre, granul\u00e9s, liquides, p\u00e2tes, morceaux, etc. Les applications courantes se r\u00e9f\u00e8rent au scellage de sacs de poudre de caf\u00e9, de lait en poudre, d'<strong><a href=\"https:\/\/tianhuipackingmachine.com\/fr\/spice-packaging-machine\/\">\u00e9pices<\/a><\/strong>, de farine, de poudre de chili, de poudre de d\u00e9tergent, de snacks, de <strong><a href=\"https:\/\/tianhuipackingmachine.com\/fr\/tea-packaging-machine\/\">th\u00e9<\/a><\/strong>, de grains de caf\u00e9, de bonbons, de graines, de c\u00e9r\u00e9ales, de biscuits, de pain, de riz, de lait, de jus, de vinaigre, de sauce soja, de sauce tomate, de sauce pour spaghetti, de vinaigrette, de confiture, de masques, de quincaillerie, de menuiserie, etc. Le sac repose \u00e0 plat ou debout sur le tapis roulant en raison du volume des mat\u00e9riaux et de leur \u00e9tat lorsque la petite thermoscelleuse fonctionne. Vous pouvez choisir celle qui convient \u00e0 vos besoins r\u00e9els. <strong><a href=\"https:\/\/tianhuipackingmachine.com\/fr\/contact\/\"> Contactez-nous<\/a><\/strong> pour obtenir des suggestions utiles.<\/p>    <div class=\"wp-block-image\"><figure class=\"aligncenter size-full\"><img loading=\"lazy\" decoding=\"async\" width=\"750\" height=\"500\" src=\"https:\/\/tianhuipackingmachine.com\/wp-content\/uploads\/2021\/08\/applications-of-continuous-pouch-sealer.jpg\" alt=\"applications de la scelleuse de sachets continue\" class=\"wp-image-2071\" srcset=\"https:\/\/tianhuipackingmachine.com\/wp-content\/uploads\/2021\/08\/applications-of-continuous-pouch-sealer.jpg 750w, https:\/\/tianhuipackingmachine.com\/wp-content\/uploads\/2021\/08\/applications-of-continuous-pouch-sealer-300x200.jpg 300w\" sizes=\"auto, (max-width: 750px) 100vw, 750px\" \/><figcaption>applications de la scelleuse de sachets continue<\/figcaption><\/figure><\/div>    <h2 class=\"wp-block-heading\" id=\"h-benefits-of-continuous-bag-sealing-machine\">Avantages de la machine \u00e0 sceller les sacs en continu<\/h2>    <ol class=\"wp-block-list\" type=\"1\"><li>Structure simple \u00e0 installer, \u00e0 exploiter et \u00e0 entretenir\u00a0;<\/li><li>Occupez un petit espace, un faible bruit, un faible co\u00fbt, efficacement et \u00e9conomisez du temps et de l'\u00e9nergie\u00a0;<\/li><li>Le bloc de cuivre pur chauffe rapidement et uniform\u00e9ment et la dissipation thermique refroidie par air est plus rapide.<\/li><li>Bande transporteuse \u00e9paisse et r\u00e9sistante \u00e0 l'usure, prix plus durable et abordable\u00a0;<\/li><li>Diverses applications pour sacs de poudre, granul\u00e9s, liquides, p\u00e2tes, morceaux, etc.<\/li><li>Quatre mod\u00e8les de scellage sont facultatifs selon vos besoins.<\/li><li>La vitesse du tapis roulant est r\u00e9glable.<\/li><li>Le bouton d'urgence est con\u00e7u comme mesure de s\u00e9curit\u00e9.<\/li><\/ol>    <h2 class=\"wp-block-heading\" id=\"h-continuous-bag-sealing-machine-structure\">Structure de la machine \u00e0 sceller les sacs en continu<\/h2>    <p>La machine de scellage de sacs en continu est compos\u00e9e d'un contr\u00f4leur de temp\u00e9rature thermostatique, d'une bande transporteuse, d'une table de convoyeur, d'une roue de gaufrage, d'un bouton de r\u00e9glage de la pression, d'une roue de refroidissement, d'un bloc thermique, d'un interrupteur d'urgence, d'un compteur \u00e0 temp\u00e9rature contr\u00f4l\u00e9e, d'un r\u00e9glage transversal de la table du convoyeur, d'un bouton de r\u00e9glage du convoyeur. tableau. Le contr\u00f4leur de temp\u00e9rature thermostatique, l'affichage de la temp\u00e9rature en un coup d'\u0153il, maintient la temp\u00e9rature de fonctionnement pour am\u00e9liorer la qualit\u00e9 et l'efficacit\u00e9 du produit. Le tapis roulant peut s'\u00e9largir en fonction de vos besoins. Quatre types de roues de gaufrage sont optionnelles, roue de la grille, roue de la grille avec date, roue de douceur et roue de la bande. Le bloc thermique adopte le mat\u00e9riau du cuivre pur, se r\u00e9chauffant rapidement et uniform\u00e9ment.<\/p>    <div class=\"wp-block-image\"><figure class=\"aligncenter size-full\"><img loading=\"lazy\" decoding=\"async\" width=\"750\" height=\"500\" src=\"https:\/\/tianhuipackingmachine.com\/wp-content\/uploads\/2021\/08\/the-structure-of-continuous-bag-sealer.jpg\" alt=\"la structure de la scelleuse de sacs continue\" class=\"wp-image-2068\" srcset=\"https:\/\/tianhuipackingmachine.com\/wp-content\/uploads\/2021\/08\/the-structure-of-continuous-bag-sealer.jpg 750w, https:\/\/tianhuipackingmachine.com\/wp-content\/uploads\/2021\/08\/the-structure-of-continuous-bag-sealer-300x200.jpg 300w\" sizes=\"auto, (max-width: 750px) 100vw, 750px\" \/><figcaption>la structure de la scelleuse de sacs continue<\/figcaption><\/figure><\/div>    <h2 class=\"wp-block-heading\" id=\"h-do-you-know-why-others-choose-our-machines\">Savez-vous pourquoi d'autres choisissent nos machines ?<\/h2>    <p class=\"translation-block\">Premi\u00e8rement, nous avons un syst\u00e8me d'inspection de qualit\u00e9 strict et nos ouvriers qualifi\u00e9s v\u00e9rifieront soigneusement les machines avant l'exp\u00e9dition. Nos machines ont une assurance qualit\u00e9 authentique. Deuxi\u00e8mement, nous fournissons un manuel en anglais et un enseignement vid\u00e9o. Un service en ligne 24 heures sur 24 est disponible. Troisi\u00e8mement, pour la machine de scellage de sacs en continu, nous pouvons personnaliser la largeur du tapis roulant et la hauteur entre le dispositif de scellage et le tapis roulant, etc., en fonction de vos exigences. De plus, nous fournissons \u00e9galement des machines de remplissage, des <strong><a href=\"https:\/\/tianhuipackingmachine.com\/fr\/\">machines d'emballage<\/a><\/strong>, des machines de scellage sous vide, des <strong><a href=\"https:\/\/tianhuipackingmachine.com\/fr\/automatic-round-bottle-labeling-machine-sale\/\">machines d'\u00e9tiquetage<\/a><\/strong>, des imprimantes de dates, etc. Diverses machines sont disponibles en option. Contactez-nous pour plus de d\u00e9tails.<\/p>","protected":false},"excerpt":{"rendered":"<p>Continuous bag sealing machine is a small heat sealer for pouches. It\u2019s convenient to put it on a table when using it. There are two kinds of machines. One can make the packaging bag horizontally on the conveyor belt, while the other one can make the packaging bag vertically on the conveyor belt. The bag [&hellip;]<\/p>\n","protected":false},"author":1,"featured_media":2075,"parent":0,"template":"","tags":[182],"product-type":[144],"class_list":["post-2062","product","type-product","status-publish","has-post-thumbnail","hentry","tag-sealing-machine","product-type-supporting-equipment"],"_links":{"self":[{"href":"https:\/\/tianhuipackingmachine.com\/fr\/wp-json\/wp\/v2\/product\/2062","targetHints":{"allow":["GET"]}}],"collection":[{"href":"https:\/\/tianhuipackingmachine.com\/fr\/wp-json\/wp\/v2\/product"}],"about":[{"href":"https:\/\/tianhuipackingmachine.com\/fr\/wp-json\/wp\/v2\/types\/product"}],"author":[{"embeddable":true,"href":"https:\/\/tianhuipackingmachine.com\/fr\/wp-json\/wp\/v2\/users\/1"}],"wp:featuredmedia":[{"embeddable":true,"href":"https:\/\/tianhuipackingmachine.com\/fr\/wp-json\/wp\/v2\/media\/2075"}],"wp:attachment":[{"href":"https:\/\/tianhuipackingmachine.com\/fr\/wp-json\/wp\/v2\/media?parent=2062"}],"wp:term":[{"taxonomy":"post_tag","embeddable":true,"href":"https:\/\/tianhuipackingmachine.com\/fr\/wp-json\/wp\/v2\/tags?post=2062"},{"taxonomy":"product-type","embeddable":true,"href":"https:\/\/tianhuipackingmachine.com\/fr\/wp-json\/wp\/v2\/product-type?post=2062"}],"curies":[{"name":"wp","href":"https:\/\/api.w.org\/{rel}","templated":true}]}}