{"id":2012,"date":"2021-08-02T17:28:39","date_gmt":"2021-08-02T09:28:39","guid":{"rendered":"https:\/\/tianhuipackingmachine.com\/?page_id=2012"},"modified":"2022-12-08T14:08:31","modified_gmt":"2022-12-08T06:08:31","slug":"vacuum-capping-machines","status":"publish","type":"product","link":"https:\/\/tianhuipackingmachine.com\/fr\/vacuum-capping-machines\/","title":{"rendered":"Machine de capsulage sous vide"},"content":{"rendered":"<p class=\"translation-block\"><strong>Machine de capsulage sous vide<\/strong> est une capsuleuse \u00e0 vis qui peut \u00e9vacuer l'air des bouteilles ou des canettes gr\u00e2ce \u00e0 une pompe \u00e0 vide, de sorte que les aliments dans un environnement sous vide prolongent leur dur\u00e9e de conservation. Le corps de l'\u00e9quipement est en acier inoxydable durable. Ce scelleur de bouteilles sous vide est \u00e9quip\u00e9 d'un \u00e9cran tactile PLC et de quatre moules. Le moule est con\u00e7u en fonction de la taille et de la forme des bouteilles ou des canettes. Il est n\u00e9cessaire que l'utilisateur place manuellement la bouteille avec un bouchon dans le moule. Il convient aux bouteilles en verre et aux canettes avec des couvercles en fer. De plus, nous proposons un service de personnalisation selon vos exigences. Voulez-vous obtenir plus de d\u00e9tails ? Contactez-nous et nous vous r\u00e9pondrons d\u00e8s que possible.<\/p>    <h2 class=\"wp-block-heading\" id=\"h-various-applications-of-vacuum-capping-equipment\">Diverses applications de l'\u00e9quipement de capsulage sous vide<\/h2>    <p>La machine d'emballage sous vide convient aux bouteilles ou canettes en verre avec couvercles en fer, telles que le lait, le yaourt, le jus, la confiture, le beurre de cacahu\u00e8te, la sauce tomate, la vinaigrette, la sauce chili, les bo\u00eetes de fruits, etc. Les formes des bouteilles ou des canettes comprennent rondes, carr\u00e9, plat, hexagonal, octogonal, polygonal, irr\u00e9gulier, etc. Cette machine \u00e0 visser les bouchons par entra\u00eenement pneumatique, c'est donc une bonne id\u00e9e de l'associer \u00e0 un compresseur d'air. De plus, il est pr\u00e9f\u00e9rable d'\u00eatre \u00e9quip\u00e9 d'un s\u00e9parateur huile-eau afin d'\u00e9viter que l'eau produite pendant le processus de production ne s'\u00e9coule vers la machine par le tuyau.<\/p>    <figure class=\"wp-block-image aligncenter size-full\"><img loading=\"lazy\" decoding=\"async\" width=\"750\" height=\"500\" src=\"https:\/\/tianhuipackingmachine.com\/wp-content\/uploads\/2021\/08\/vacuum-capping-machine-1.jpg\" alt=\"machine de capsulage sous vide\" class=\"wp-image-2014\" srcset=\"https:\/\/tianhuipackingmachine.com\/wp-content\/uploads\/2021\/08\/vacuum-capping-machine-1.jpg 750w, https:\/\/tianhuipackingmachine.com\/wp-content\/uploads\/2021\/08\/vacuum-capping-machine-1-300x200.jpg 300w\" sizes=\"auto, (max-width: 750px) 100vw, 750px\" \/><figcaption class=\"wp-element-caption\">Machine de capsulage sous vide<\/figcaption><\/figure>    <h2 class=\"has-text-color wp-block-heading\" id=\"h-vacuum-capping-machine-parameters\" style=\"color:#ff5200\">Param\u00e8tres de la machine de capsulage sous vide<\/h2>    <figure class=\"wp-block-table is-style-stripes\"><table><tbody><tr><td>Mod\u00e8le<\/td><td> TZ-40 <\/td><\/tr><tr><td>Pouvoir<\/td><td> 0,87 kW <\/td><\/tr><tr><td>Diam\u00e8tre du capuchon appropri\u00e9<\/td><td> 45-80mm <\/td><\/tr><tr><td> Diam\u00e8tre de la bouteille <\/td><td> 40-80mm <\/td><\/tr><tr><td> Hauteur de la bouteille <\/td><td> 60-130mm <\/td><\/tr><tr><td> Vitesse de plafonnement <\/td><td> 10-20 bouteilles\/min <\/td><\/tr><tr><td> Taille de la machine <\/td><td> 750*650*1400mm <\/td><\/tr><tr><td> Poids de la machine <\/td><td> 160 kg <\/td><\/tr><\/tbody><\/table><\/figure>    <h2 class=\"wp-block-heading\" id=\"h-semi-automatic-vacuum-capping-machine-working-video\">Vid\u00e9o de travail de la machine de capsulage sous vide semi-automatique<\/h2>   <figure class=\"wp-block-embed-youtube wp-block-embed is-type-video is-provider-youtube wp-embed-aspect-16-9 wp-has-aspect-ratio\"><div class=\"lyte-wrapper\" title=\"Machine de capsulage sous vide | Scellement de bo\u00eetes de confitures, miel, beurre de cacahu\u00e8te, sauce au chocolat, sauce chili\" style=\"width:853px;max-width:100%;margin:5px auto;\"><div class=\"lyMe\" id=\"WYL_32nMxgQSOaI\" itemprop=\"video\" itemscope itemtype=\"https:\/\/schema.org\/VideoObject\"><div><meta itemprop=\"thumbnailUrl\" content=\"https:\/\/i.ytimg.com\/vi\/32nMxgQSOaI\/hqdefault.jpg\" \/><meta itemprop=\"embedURL\" content=\"https:\/\/www.youtube.com\/embed\/32nMxgQSOaI\" \/><meta itemprop=\"duration\" content=\"PT1M7S\" \/><meta itemprop=\"uploadDate\" content=\"2022-02-14T07:15:13Z\" \/><\/div><meta itemprop=\"accessibilityFeature\" content=\"captions\" \/><div id=\"lyte_32nMxgQSOaI\" data-src=\"https:\/\/i.ytimg.com\/vi\/32nMxgQSOaI\/hqdefault.jpg\" class=\"pL\"><div class=\"tC\"><div class=\"tT\" itemprop=\"name\">Machine de capsulage sous vide | Scellement de bo\u00eetes de confitures, miel, beurre de cacahu\u00e8te, sauce au chocolat, sauce chili<\/div><\/div><div class=\"play\"><\/div><div class=\"ctrl\"><div class=\"Lctrl\"><\/div><div class=\"Rctrl\"><\/div><\/div><\/div><noscript><a href=\"https:\/\/youtu.be\/32nMxgQSOaI\" rel=\"nofollow noopener\" target=\"_blank\"><img loading=\"lazy\" decoding=\"async\" src=\"https:\/\/i.ytimg.com\/vi\/32nMxgQSOaI\/0.jpg\" alt=\"Machine de capsulage sous vide | Scellement de bo\u00eetes de confitures, miel, beurre de cacahu\u00e8te, sauce au chocolat, sauce chili\" width=\"853\" height=\"460\" \/><\/a><\/noscript><meta itemprop=\"description\" content=\"Website: https:\/\/tianhuipackingmachine.com\/vacuum-capping-machines\/ Email: sales@tianhuipackingmachine.com WhatsApp\/Tel: +86 17329326135 Vacuum capping machine has a wide range of applications in various kinds of sauces in jars. They are common in supermarkets and convenience stores, such as strawberry jam, blueberry sauce, marmalade, honey, peanut butter, chocolate sauce, chili sauce, salad dressing, tahini sauce, etc. Vacuum capping equipment is mainly composed of a touch screen, a rotary air cylinder, precision screw cap, screw cap mold, vacuum pump, stainless steel body. On the touch screen, the operator can set up various parameters, such as using language, output counting, capping time, vacuuming time, the delay time of bottle taking, capping, and so on. After setting data, put the glass cans into molds that will spin automatically so that the jars are easy to exhaust air from cans one by one. A vacuum capping machine is equipped with four molds that are the same and apply to the same jars. There are round, square, hexagonal, octagonal, and irregular shapes of cans optional. Furthermore, the mold is customized in accordance with the cans, so it requires different molds if you want to cap different shapes of jars. The vacuuming process is driven by the vacuum pump. Stainless steel material is durable and easy to maintain. Generally, one machine can produce 10-20 cans per minute. The production speed is related to the speed of placing jars manually and the size of the cans. If you are interested in the equipment, welcome to consult us. Email: sales@toppackingmachine.com WhatsApp\/Tel: +86 17329326135\"><\/div><\/div><div class=\"lL\" style=\"max-width:100%;width:853px;margin:5px auto;\"> <a href=\"https:\/\/youtu.be\/32nMxgQSOaI\" target=\"_blank\" rel=\"noopener\">Regarder cette vid\u00e9o sur YouTube<\/a>.<\/div><figcaption><\/figcaption><\/figure>   <h2 class=\"wp-block-heading\" id=\"h-features-benefits-of-vacuum-capping-machine\">Caract\u00e9ristiques et avantages de la machine de capsulage sous vide<\/h2>    <ol class=\"wp-block-list\" type=\"1\"> <li>Structure simple et conception raisonnable \u00e0 installer, \u00e0 exploiter et \u00e0 entretenir\u00a0;<\/li>    <li>Fonctionnez de mani\u00e8re stable, \u00e0 faible bruit et petit espace occup\u00e9\u00a0;<\/li>    <li>Quatre pieds fixes ou quatre roues en option\u00a0; le pied fixe est plus stable ;<\/li>    <li>Le moule peut \u00eatre personnalis\u00e9 selon la taille et la forme de vos bouteilles ou canettes.<\/li>    <li>La bouteille en verre avec couvercle en fer est le meilleur choix pour le bouchage sous vide.<\/li>    <li>Un service de personnalisation est disponible. &nbsp;<\/li> <\/ol>    <h2 class=\"wp-block-heading\" id=\"h-the-structure-and-details-of-the-vacuum-capping-machine\">La structure et les d\u00e9tails de la machine de capsulage sous vide<\/h2>    <p>La machine de capsulage sous vide se compose d'un \u00e9cran tactile PLC, d'un cylindre rotatif, d'un moule \u00e0 bouchon \u00e0 vis, d'une pompe \u00e0 vide, etc. L'\u00e9cran tactile PLC peut configurer de nombreux param\u00e8tres, tels que l'utilisation de la langue, le temps de vide, le d\u00e9lai de bouchage de la vis, le temps de levage. , etc. Un ensemble de moules \u00e0 bouchons \u00e0 vis est compos\u00e9 de quatre de m\u00eame taille et forme. La vitesse de bouchage est de 10 \u00e0 20 bouteilles ou canettes par minute. Chaque jeu de moules est personnalis\u00e9 en fonction de la taille et de la forme de la bouteille ou des canettes. La pompe \u00e0 vide \u00e9vacue l'air lorsque les bouteilles ou les canettes sont dans le moule par un tuyau.<\/p>    <figure class=\"wp-block-image aligncenter size-full\"><img loading=\"lazy\" decoding=\"async\" width=\"750\" height=\"500\" src=\"https:\/\/tianhuipackingmachine.com\/wp-content\/uploads\/2021\/08\/the-structure-of-vacuum-capping-machine.jpg\" alt=\"la structure de la machine de capsulage sous vide\" class=\"wp-image-2017\" srcset=\"https:\/\/tianhuipackingmachine.com\/wp-content\/uploads\/2021\/08\/the-structure-of-vacuum-capping-machine.jpg 750w, https:\/\/tianhuipackingmachine.com\/wp-content\/uploads\/2021\/08\/the-structure-of-vacuum-capping-machine-300x200.jpg 300w\" sizes=\"auto, (max-width: 750px) 100vw, 750px\" \/><figcaption class=\"wp-element-caption\">La structure de la machine de capsulage sous vide<\/figcaption><\/figure>    <h2 class=\"wp-block-heading\" id=\"h-why-a-glass-bottle-or-can-with-an-iron-cover-is-the-best-choice\">Pourquoi une bouteille en verre ou une canette avec un couvercle en fer est le meilleur choix\u00a0?<\/h2>    <p>La machine de capsulage sous vide \u00e9vacuera l'air de la bouteille afin de cr\u00e9er une situation sous vide. Si vous utilisez une bouteille en plastique, elle risque de se d\u00e9former lors du bouchage sous vide. Si le capuchon n'est pas en fer, le bouchage et le scellement risquent de ne pas \u00eatre \u00e9tanches. Tandis que les bouteilles en verre ou les canettes avec des bouchons en fer peuvent \u00eatre bien scell\u00e9es et conserver le vide pendant longtemps en fonction des propri\u00e9t\u00e9s des mat\u00e9riaux en verre et en fer. Afin de prolonger la dur\u00e9e de stockage, une bouteille en verre ou une canette avec un couvercle en fer est le meilleur choix. Le bouchage sous vide ralentira efficacement la d\u00e9t\u00e9rioration des aliments.<\/p>    <h2 class=\"wp-block-heading\" id=\"h-related-machines\">Machines associ\u00e9es<\/h2>    <p class=\"translation-block\">En tant que <strong><a href=\"https:\/\/tianhuipackingmachine.com\/fr\/\">fabricant et fournisseur de machines d'emballage<\/a><\/strong>, nous proposons \u00e9galement des machines d'emballage de sacs, des machines d'emballage de poudre, des machines d'emballage de granul\u00e9s, des machines d'emballage de liquides, des machines d'emballage sous vide, des machines d'emballage en coussin, des machines automatiques de remplissage et d'emballage de bouteilles, <strong><a href=\"https:\/\/tianhuipackingmachine.com\/fr\/automatic-round-bottle-labeling-machine-sale\/\">machines automatiques d'\u00e9tiquetage de bouteilles rondes<\/a><\/strong>, etc. Diverses machines d'emballage sont disponibles. De plus, des tapis transporteurs, des imprimantes de date et des compresseurs d'air sont disponibles. Pendant ce temps, nous soutenons le service OEM. Contactez-nous pour obtenir plus de d\u00e9tails et nous vous r\u00e9pondrons d\u00e8s que possible.<\/p>","protected":false},"excerpt":{"rendered":"<p>Vacuum capping machine is a screw capper that can exhaust the air of bottles or cans through a vacuum pump so that the food in a vacuum circumstance extend storage time. The equipment body adopts durable stainless steel material. This vacuum bottle sealer is equipped with a PLC touch screen, four moulds. The mould is [&hellip;]<\/p>\n","protected":false},"author":1,"featured_media":2014,"parent":0,"template":"","tags":[168],"product-type":[144],"class_list":["post-2012","product","type-product","status-publish","has-post-thumbnail","hentry","tag-capping-machine","product-type-supporting-equipment"],"_links":{"self":[{"href":"https:\/\/tianhuipackingmachine.com\/fr\/wp-json\/wp\/v2\/product\/2012","targetHints":{"allow":["GET"]}}],"collection":[{"href":"https:\/\/tianhuipackingmachine.com\/fr\/wp-json\/wp\/v2\/product"}],"about":[{"href":"https:\/\/tianhuipackingmachine.com\/fr\/wp-json\/wp\/v2\/types\/product"}],"author":[{"embeddable":true,"href":"https:\/\/tianhuipackingmachine.com\/fr\/wp-json\/wp\/v2\/users\/1"}],"wp:featuredmedia":[{"embeddable":true,"href":"https:\/\/tianhuipackingmachine.com\/fr\/wp-json\/wp\/v2\/media\/2014"}],"wp:attachment":[{"href":"https:\/\/tianhuipackingmachine.com\/fr\/wp-json\/wp\/v2\/media?parent=2012"}],"wp:term":[{"taxonomy":"post_tag","embeddable":true,"href":"https:\/\/tianhuipackingmachine.com\/fr\/wp-json\/wp\/v2\/tags?post=2012"},{"taxonomy":"product-type","embeddable":true,"href":"https:\/\/tianhuipackingmachine.com\/fr\/wp-json\/wp\/v2\/product-type?post=2012"}],"curies":[{"name":"wp","href":"https:\/\/api.w.org\/{rel}","templated":true}]}}