{"id":1984,"date":"2021-07-29T16:56:16","date_gmt":"2021-07-29T08:56:16","guid":{"rendered":"https:\/\/tianhuipackingmachine.com\/?page_id=1984"},"modified":"2022-04-27T11:26:38","modified_gmt":"2022-04-27T03:26:38","slug":"automatic-round-bottle-labeling-machine-sale","status":"publish","type":"product","link":"https:\/\/tianhuipackingmachine.com\/fr\/automatic-round-bottle-labeling-machine-sale\/","title":{"rendered":"Etiqueteuse automatique de bouteilles rondes"},"content":{"rendered":"<p class=\"translation-block\"><strong>Machine automatique d'\u00e9tiquetage de bouteilles rondes<\/strong> est l'\u00e9quipement qui peut coller des rouleaux de papier autocollant sur les bouteilles rondes. Les \u00e9tiquettes comprennent une \u00e9tiquette enti\u00e8re ou des \u00e9tiquettes doubles autour de la circonf\u00e9rence de la bouteille. Elle convient \u00e0 diverses bouteilles, notamment les bouteilles en plastique, en verre, en m\u00e9tal, etc. Elle est \u00e9quip\u00e9e d'un \u00e9cran tactile PLC qui contr\u00f4le l'utilisation de la langue, la vitesse d'\u00e9tiquetage, le comptage des bouteilles \u00e9tiquet\u00e9es, la clart\u00e9 de la production, le test de sortie des \u00e9tiquettes, le r\u00e9glage des param\u00e8tres de test de verrouillage des bouteilles, etc. De plus, nous fournissons \u00e9galement un d\u00e9sembouteilleur, une machine automatique de remplissage de liquides ou de p\u00e2tes et d'emballage, un tapis roulant, une machine de bouchage \u00e0 vis, une imprimante de dates, etc. Parall\u00e8lement, un service OEM est disponible en fonction de vos besoins r\u00e9els. Contactez-nous pour obtenir plus de d\u00e9tails et le meilleur prix.<\/p>    <div class=\"wp-block-columns is-layout-flex wp-container-core-columns-is-layout-28f84493 wp-block-columns-is-layout-flex\"> <div class=\"wp-block-column is-layout-flow wp-block-column-is-layout-flow\"> <div class=\"wp-block-image\"><figure class=\"aligncenter size-full\"><img loading=\"lazy\" decoding=\"async\" width=\"750\" height=\"500\" src=\"https:\/\/tianhuipackingmachine.com\/wp-content\/uploads\/2021\/07\/automatic-round-bottle-labeler.jpg\" alt=\"\u00e9tiqueteuse automatique de bouteilles rondes\" class=\"wp-image-1988\" srcset=\"https:\/\/tianhuipackingmachine.com\/wp-content\/uploads\/2021\/07\/automatic-round-bottle-labeler.jpg 750w, https:\/\/tianhuipackingmachine.com\/wp-content\/uploads\/2021\/07\/automatic-round-bottle-labeler-300x200.jpg 300w\" sizes=\"auto, (max-width: 750px) 100vw, 750px\" \/><figcaption>\u00e9tiqueteuse automatique de bouteilles rondes<\/figcaption><\/figure><\/div> <\/div> <\/div>    <h2 class=\"wp-block-heading\" id=\"h-structures-of-automatic-round-bottle-labeling-machine\">Structures de l'\u00e9tiqueteuse automatique de bouteilles rondes<\/h2>    <p class=\"translation-block\">La machine automatique d'\u00e9tiquetage de bouteilles rondes se compose d'un \u00e9cran tactile PLC, d'un moteur d'\u00e9tiquetage, de rouleaux, d'un dispositif de s\u00e9paration des bouteilles avec une roue d'arr\u00eat des bouteilles, d'un armoire \u00e9lectrique, d'un dispositif d'\u00e9tiquetage en rouleau, d'un convoyeur de sortie, etc. Son corps est en acier inoxydable durable. Configurez l'utilisation de la langue, la vitesse de fonctionnement du dispositif de s\u00e9paration des bouteilles, le temps d'\u00e9tiquetage, etc. sur l'\u00e9cran tactile PLC, qui peut afficher la production totale, le comptage des \u00e9tiquettes. Les \u00e9tiquettes passent \u00e0 travers les rouleaux entra\u00een\u00e9s par le moteur. Les bouteilles sur le tapis roulant sont s\u00e9par\u00e9es par la roue d'arr\u00eat. Les tailles des composants de la machine automatique d'\u00e9tiquetage de bouteilles sont personnalis\u00e9es en fonction de vos besoins. Voulez-vous obtenir plus d'informations ? <strong><a href=\"https:\/\/tianhuipackingmachine.com\/fr\/contact\/\">Contactez-nous<\/a><\/strong> et nous vous r\u00e9pondrons d\u00e8s que possible.<\/p>    <div class=\"wp-block-image\"><figure class=\"aligncenter size-full\"><img loading=\"lazy\" decoding=\"async\" width=\"750\" height=\"500\" src=\"https:\/\/tianhuipackingmachine.com\/wp-content\/uploads\/2021\/07\/structure-of-automatic-round-bottle-labeling-machine.jpg\" alt=\"structure de la machine d&#039;\u00e9tiquetage automatique de bouteilles rondes\" class=\"wp-image-2001\" srcset=\"https:\/\/tianhuipackingmachine.com\/wp-content\/uploads\/2021\/07\/structure-of-automatic-round-bottle-labeling-machine.jpg 750w, https:\/\/tianhuipackingmachine.com\/wp-content\/uploads\/2021\/07\/structure-of-automatic-round-bottle-labeling-machine-300x200.jpg 300w\" sizes=\"auto, (max-width: 750px) 100vw, 750px\" \/><figcaption>structure de la machine d'\u00e9tiquetage automatique de bouteilles rondes<\/figcaption><\/figure><\/div>    <h2 class=\"wp-block-heading\" id=\"h-features-benefits\">Caract\u00e9ristiques et avantages<\/h2>    <ol class=\"wp-block-list\" type=\"1\"><li>Structure simple \u00e0 installer, \u00e0 exploiter et \u00e0 entretenir.<\/li><li>Fonctionne de mani\u00e8re stable, conception raisonnable, faible bruit, efficace et pr\u00e9cis.<\/li><li>L'\u00e9cran tactile PLC est facile \u00e0 utiliser.<\/li><li>La largeur de la bande transporteuse, la largeur de la roue d'\u00e9tiquetage et la hauteur sont r\u00e9glables.<\/li><li>Quatre roues ou fond fixe en option<\/li><li>Service de personnalisation disponible<\/li><\/ol>    <h2 class=\"wp-block-heading\" id=\"h-automatic-round-bottle-labeler-working-video\">Vid\u00e9o de travail de l'\u00e9tiqueteuse automatique de bouteilles rondes <\/h2>   <figure class=\"wp-block-embed-youtube wp-block-embed is-type-video is-provider-youtube wp-embed-aspect-16-9 wp-has-aspect-ratio\"><div class=\"lyte-wrapper\" title=\"\u00c9tiqueteuse automatique de bouteilles rondes | Applicateur d&#039;\u00e9tiquettes\" style=\"width:853px;max-width:100%;margin:5px auto;\"><div class=\"lyMe\" id=\"WYL_hKvurQpWX5I\" itemprop=\"video\" itemscope itemtype=\"https:\/\/schema.org\/VideoObject\"><div><meta itemprop=\"thumbnailUrl\" content=\"https:\/\/i.ytimg.com\/vi\/hKvurQpWX5I\/hqdefault.jpg\" \/><meta itemprop=\"embedURL\" content=\"https:\/\/www.youtube.com\/embed\/hKvurQpWX5I\" \/><meta itemprop=\"duration\" content=\"PT2M37S\" \/><meta itemprop=\"uploadDate\" content=\"2021-10-14T07:39:26Z\" \/><\/div><div id=\"lyte_hKvurQpWX5I\" data-src=\"https:\/\/i.ytimg.com\/vi\/hKvurQpWX5I\/hqdefault.jpg\" class=\"pL\"><div class=\"tC\"><div class=\"tT\" itemprop=\"name\">\u00c9tiqueteuse automatique de bouteilles rondes | Applicateur d'\u00e9tiquettes<\/div><\/div><div class=\"play\"><\/div><div class=\"ctrl\"><div class=\"Lctrl\"><\/div><div class=\"Rctrl\"><\/div><\/div><\/div><noscript><a href=\"https:\/\/youtu.be\/hKvurQpWX5I\" rel=\"nofollow noopener\" target=\"_blank\"><img loading=\"lazy\" decoding=\"async\" src=\"https:\/\/i.ytimg.com\/vi\/hKvurQpWX5I\/0.jpg\" alt=\"\u00c9tiqueteuse automatique de bouteilles rondes | Applicateur d&#039;\u00e9tiquettes\" width=\"853\" height=\"460\" \/><\/a><\/noscript><meta itemprop=\"description\" content=\"The automatic round bottle labeling machine can paste a whole long label or double short labels on the round bottles. The equipment size can be customized according to the diameter and the height of the round bottle. It can not only be used alone but also match with other machines to compose a production line, such as filling machine, capping machine, heat shrink packing machine, carton sealing machine, and so on. Email: sales@toppackingmachine.com Whatsapp\/Tel: +86 17329326135 More details on the website: https:\/\/tianhuipackingmachine.com\/automatic-round-bottle-labeling-machine-sale\/\"><\/div><\/div><div class=\"lL\" style=\"max-width:100%;width:853px;margin:5px auto;\"> <a href=\"https:\/\/youtu.be\/hKvurQpWX5I\" target=\"_blank\" rel=\"noopener\">Regarder cette vid\u00e9o sur YouTube<\/a>.<\/div><figcaption><\/figcaption><\/figure>   <h2 class=\"wp-block-heading\" id=\"h-various-applications-of-automatic-round-bottle-labeling-equipment\">Diverses applications de l'\u00e9quipement d'\u00e9tiquetage automatique de bouteilles rondes<\/h2>    <p class=\"translation-block\">La machine automatique d'emballage de bouteilles rondes convient aux bouteilles en plastique, en verre, en m\u00e9tal, etc., largement appliqu\u00e9e dans les industries de l'alimentation, des boissons, des produits de consommation, des m\u00e9dicaments, des sauces, des cosm\u00e9tiques, des produits chimiques, etc. Dans notre vie quotidienne, il est courant de voir des bouteilles d'eau, de bi\u00e8re, de vin, <strong><a href=\"https:\/\/tianhuipackingmachine.com\/fr\/oil-packaging-machine\/\"> d'huile<\/a><\/strong>, d'\u00e9pices, de sauces, de m\u00e9dicaments, de lait, de conserves de collations, etc. Un \u00e9tiqueteur de bouteilles rondes automatique peut non seulement coller une \u00e9tiquette enti\u00e8re autour de la bouteille mais aussi coller deux \u00e9tiquettes \u00e0 l'avant et \u00e0 l'arri\u00e8re. De plus, il peut fonctionner en association avec d'autres machines, telles que le d\u00e9sembouteilleur, la machine de remplissage automatique de liquides, la machine d'emballage, le tapis roulant, la machine de bouchage \u00e0 vis, l'imprimante de dates, etc. Ces machines travaillant ensemble peuvent am\u00e9liorer consid\u00e9rablement l'automatisation de la production. Si vous les recherchez, contactez-nous pour plus d'informations et le meilleur prix.<\/p>    <div class=\"wp-block-image\"><figure class=\"aligncenter size-full\"><img loading=\"lazy\" decoding=\"async\" width=\"750\" height=\"500\" src=\"https:\/\/tianhuipackingmachine.com\/wp-content\/uploads\/2021\/07\/labeling-machines-for-all-kinds-of-round-bottles.jpg\" alt=\"\u00e9tiqueteuses pour toutes sortes de bouteilles rondes\" class=\"wp-image-2003\" srcset=\"https:\/\/tianhuipackingmachine.com\/wp-content\/uploads\/2021\/07\/labeling-machines-for-all-kinds-of-round-bottles.jpg 750w, https:\/\/tianhuipackingmachine.com\/wp-content\/uploads\/2021\/07\/labeling-machines-for-all-kinds-of-round-bottles-300x200.jpg 300w\" sizes=\"auto, (max-width: 750px) 100vw, 750px\" \/><figcaption>\u00e9tiqueteuses pour toutes sortes de bouteilles rondes<\/figcaption><\/figure><\/div>    <h2 class=\"wp-block-heading\" id=\"h-operating-procedures\">Proc\u00e9dures op\u00e9rationnelles<\/h2>    <ol class=\"wp-block-list\" type=\"1\"><li>Installez les \u00e9tiquettes selon le sch\u00e9ma et ajustez la hauteur de chaque pi\u00e8ce.<\/li><li>V\u00e9rifiez si la position de l'\u00e9tiquette est correcte ou non.<\/li><li>Ajustez la largeur du dispositif de bouteille s\u00e9par\u00e9.<\/li><li>Connectez la source d'alimentation, ouvrez l'interrupteur du d\u00e9tecteur photo\u00e9lectrique. \u00a0<\/li><li>Ouvrez l'interrupteur du moteur et l'envoi de l'\u00e9tiquette, testez la machine. Si quelque chose ne va pas, corrigez-le.<\/li><li>Apr\u00e8s vous \u00eatre assur\u00e9 que le mat\u00e9riel est sans d\u00e9faut, vous pouvez l\u2019utiliser pour commencer \u00e0 produire.<\/li><li>D\u00e9branchez la source d'alimentation lorsque vous ne l'utilisez pas.<\/li><\/ol>    <h2 class=\"wp-block-heading\" id=\"h-attentions\">Attention<\/h2>    <ul class=\"wp-block-list\" type=\"1\"><li>Avant de mettre sous tension, v\u00e9rifiez si toutes les pi\u00e8ces de la machine sont install\u00e9es en place.<\/li><li>Assurez-vous que le fil de terre est connect\u00e9 lors de l'utilisation.<\/li><li>Faites attention \u00e0 savoir si le sens des \u00e9tiquettes peut \u00eatre adapt\u00e9 \u00e0 l'\u00e9quipement.<\/li><li>Assurez-vous d'aplatir et de tendre les \u00e9tiquettes.<\/li><li>Positionnez le d\u00e9tecteur photo\u00e9lectrique dans une position incorrecte, sinon l'\u00e9tiquette collante n'est pas lisse.<\/li><li>Assurez-vous que le transport du biberon et le chemin de l\u2019\u00e9tiquette ne sont pas obstru\u00e9s.<\/li><\/ul>    <h2 class=\"wp-block-heading\" id=\"h-related-bottle-labeling-machine-for-sale\">\u00c9tiqueteuse de bouteilles associ\u00e9e \u00e0 vendre<\/h2>    <p class=\"translation-block\">En tant que <strong><a href=\"https:\/\/tianhuipackingmachine.com\/fr\/\">fabricant et fournisseur de machines<\/a><\/strong>, en plus de la machine automatique d'\u00e9tiquetage de bouteilles rondes, nous fournissons \u00e9galement des machines d'\u00e9tiquetage de bouteilles plates, des machines d'\u00e9tiquetage de petites bouteilles, des machines d'\u00e9tiquetage de bouteilles rondes pour \u00e9tiquettes courtes, des machines d'\u00e9tiquetage de bo\u00eetes plates ou de sacs, des machines d'\u00e9tiquetage de bouteilles rondes manuelles, etc. L'\u00e9tiqueteuse de bouteilles plates peut coller un c\u00f4t\u00e9 plat ou deux c\u00f4t\u00e9s plats en option. L'\u00e9tiqueteuse de petites bouteilles est adapt\u00e9e aux petits objets, comme les rouges \u00e0 l\u00e8vres, les gommes solides, les \u00e9chantillons de cosm\u00e9tiques avec des bouteilles rondes, etc. La machine d'\u00e9tiquetage de bouteilles rondes manuelle, \u00e9galement appel\u00e9e machine d'\u00e9tiquetage de bouteilles rondes semi-automatique, n\u00e9cessite que les personnes placent les bouteilles \u00e0 la position d'\u00e9tiquetage manuellement. De plus, nous proposons des services de personnalisation selon vos exigences sp\u00e9cifiques. Si vous \u00eates int\u00e9ress\u00e9 par ces machines, n'h\u00e9sitez pas \u00e0 nous contacter pour obtenir plus de d\u00e9tails.<\/p>","protected":false},"excerpt":{"rendered":"<p>Automatic round bottle labeling machine is the equipment that can paste rolls of sticker paper label on the round bottles. The labels include a whole label or double labels around the circumference of the bottle. It is suitable for various bottles, referring to plastic bottles, glass bottles, metal bottles, etc.&nbsp;It\u2019s equipped with a PLC touch [&hellip;]<\/p>\n","protected":false},"author":1,"featured_media":1988,"parent":0,"template":"","tags":[173],"product-type":[144],"class_list":["post-1984","product","type-product","status-publish","has-post-thumbnail","hentry","tag-bottle-labeling-machine","product-type-supporting-equipment"],"_links":{"self":[{"href":"https:\/\/tianhuipackingmachine.com\/fr\/wp-json\/wp\/v2\/product\/1984","targetHints":{"allow":["GET"]}}],"collection":[{"href":"https:\/\/tianhuipackingmachine.com\/fr\/wp-json\/wp\/v2\/product"}],"about":[{"href":"https:\/\/tianhuipackingmachine.com\/fr\/wp-json\/wp\/v2\/types\/product"}],"author":[{"embeddable":true,"href":"https:\/\/tianhuipackingmachine.com\/fr\/wp-json\/wp\/v2\/users\/1"}],"wp:featuredmedia":[{"embeddable":true,"href":"https:\/\/tianhuipackingmachine.com\/fr\/wp-json\/wp\/v2\/media\/1988"}],"wp:attachment":[{"href":"https:\/\/tianhuipackingmachine.com\/fr\/wp-json\/wp\/v2\/media?parent=1984"}],"wp:term":[{"taxonomy":"post_tag","embeddable":true,"href":"https:\/\/tianhuipackingmachine.com\/fr\/wp-json\/wp\/v2\/tags?post=1984"},{"taxonomy":"product-type","embeddable":true,"href":"https:\/\/tianhuipackingmachine.com\/fr\/wp-json\/wp\/v2\/product-type?post=1984"}],"curies":[{"name":"wp","href":"https:\/\/api.w.org\/{rel}","templated":true}]}}