{"id":1721,"date":"2021-07-06T17:53:50","date_gmt":"2021-07-06T09:53:50","guid":{"rendered":"https:\/\/tianhuipackingmachine.com\/?page_id=1721"},"modified":"2024-03-08T09:30:29","modified_gmt":"2024-03-08T01:30:29","slug":"bag-packaging-machine","status":"publish","type":"product","link":"https:\/\/tianhuipackingmachine.com\/fr\/bag-packaging-machine\/","title":{"rendered":"Machine d'emballage de sacs"},"content":{"rendered":"<p class=\"translation-block\"><strong>La machine de conditionnement en sachets<\/strong> est utilis\u00e9e pour emballer divers types de poudre, solide, liquide et p\u00e2teux. Les produits emball\u00e9s en sachet sont pr\u00e9sents partout dans notre vie quotidienne, tels que les supermarch\u00e9s, les magasins de proximit\u00e9, les boutiques de cosm\u00e9tiques, les pharmacies, les quincailleries, etc. En fonction du degr\u00e9 d'automatisation, la machine d'emballage en sachets comprend une machine d'emballage enti\u00e8rement automatique et une machine d'emballage semi-automatique. La machine d'emballage en sachets enti\u00e8rement automatique peut compl\u00e9ter automatiquement tout le processus de pesage, formation de sachets, remplissage, scellage, d\u00e9coupe et comptage. Alors que la machine d'emballage en sachets semi-automatique n\u00e9cessite que le sachet soit plac\u00e9 sur la machine manuellement. Il est pr\u00e9f\u00e9rable de nous indiquer les produits que vous souhaitez emballer et les tailles des sachets d'emballage que vous souhaitez avant d'acheter une machine d'emballage en sachets afin que nous puissions vous donner des conseils plus utiles. De plus, nous proposons un service personnalis\u00e9. Contactez-nous d\u00e8s maintenant pour obtenir plus de d\u00e9tails.<\/p>    <h2 class=\"wp-block-heading\" id=\"h-various-excellent-bag-packaging-machine-for-sale\">Diverses excellentes machines d'emballage de sacs \u00e0 vendre<\/h2>    <p>La machine d'emballage de sacs \u00e0 vendre dans Top Packing Machinery est li\u00e9e \u00e0 la machine d'emballage de poudre, \u00e0 la machine d'emballage de granul\u00e9s, \u00e0 la machine d'emballage de liquides, \u00e0 la machine d'emballage \u00e0 revers, \u00e0 la machine d'emballage \u00e0 seau basculant, \u00e0 la machine d'emballage sous vide, etc. La machine d'emballage de sacs de poudre peut emballer les mat\u00e9riaux dans un rayon de 50 kg. . Il existe une machine d'emballage automatique de poudre en sachet de 0 \u00e0 80 g, une machine d'emballage automatique de poudre de 0 \u00e0 1 kg, un \u00e9quipement d'emballage de poudre semi-automatique de 1 \u00e0 5 kg, un \u00e9quipement d'emballage semi-automatique de 5 \u00e0 50 kg. Pour les granul\u00e9s, vous pouvez \u00e9galement choisir une petite machine d'emballage de granul\u00e9s ou une grande machine d'emballage de granul\u00e9s. La machine d'emballage sous vide comprend une machine d'emballage \u00e0 chambre unique, une machine d'emballage \u00e0 double chambre et une machine d'emballage \u00e0 film \u00e9tirable. En outre, les styles de sacs d'emballage sont les suivants : joint arri\u00e8re, joint \u00e0 3 c\u00f4t\u00e9s, joint \u00e0 4 c\u00f4t\u00e9s, sac pyramidal en option. De plus, nous prenons en charge un service de personnalisation en fonction de vos besoins r\u00e9els. \u00cates-vous int\u00e9ress\u00e9 par notre \u00e9quipement d\u2019emballage de sacs? Contactez-nous pour plus d'informations.<\/p>    <div class=\"wp-block-columns is-layout-flex wp-container-core-columns-is-layout-28f84493 wp-block-columns-is-layout-flex\"> <div class=\"wp-block-column is-layout-flow wp-block-column-is-layout-flow\"> <figure class=\"wp-block-image size-large\"><img loading=\"lazy\" decoding=\"async\" width=\"600\" height=\"450\" src=\"https:\/\/tianhuipackingmachine.com\/wp-content\/uploads\/2021\/06\/powder-pouch-packing-machine-2.jpg\" alt=\"fournisseur de machine d&#039;emballage de sachets de poudre\" class=\"wp-image-1351\" srcset=\"https:\/\/tianhuipackingmachine.com\/wp-content\/uploads\/2021\/06\/powder-pouch-packing-machine-2.jpg 600w, https:\/\/tianhuipackingmachine.com\/wp-content\/uploads\/2021\/06\/powder-pouch-packing-machine-2-300x225.jpg 300w\" sizes=\"auto, (max-width: 600px) 100vw, 600px\" \/><figcaption>Machine d'emballage de sachets de poudre<\/figcaption><\/figure> <\/div>    <div class=\"wp-block-column is-layout-flow wp-block-column-is-layout-flow\"> <h3 class=\"has-text-color wp-block-heading\" id=\"h-0-80g-pouch-powder-packing-equipment-parameters\" style=\"color:#ff5200\">Param\u00e8tres de l'\u00e9quipement d'emballage de poudre de sachet 0-80g<\/h3>    <ul class=\"wp-block-list\"><li>Style d'emballage (style sac): joint \u00e0 3 c\u00f4t\u00e9s\/joint arri\u00e8re\/joint \u00e0 4 c\u00f4t\u00e9s<\/li><li>Vitesse d'emballage : 20-80 sacs\/min<\/li><li>Consommation d'\u00e9nergie\u00a0: 1,8\u00a0kw<\/li><li>Poids\u00a0:\u00a0250\u00a0kg<\/li><li>Dimensions\u00a0: 650*1050*1950mm<\/li><li>Poids de l'emballage : 0-80g<\/li><li>Largeur du sac\u00a0:\u00a020-150 mm (remplacer l'ancien sac)<\/li><li>Longueur du sac : 30-180 mm r\u00e9glable.<\/li><li>Remarque\u00a0: service personnalis\u00e9 disponible<\/li><\/ul> <\/div> <\/div>    <div class=\"wp-block-columns is-layout-flex wp-container-core-columns-is-layout-28f84493 wp-block-columns-is-layout-flex\"> <div class=\"wp-block-column is-layout-flow wp-block-column-is-layout-flow\"> <figure class=\"wp-block-image size-large\"><img loading=\"lazy\" decoding=\"async\" width=\"600\" height=\"450\" src=\"https:\/\/tianhuipackingmachine.com\/wp-content\/uploads\/2021\/06\/snacks-granule-packing-machine.jpg\" alt=\"machine d&#039;emballage de granul\u00e9s de collations \u00e0 vendre\" class=\"wp-image-1060\" srcset=\"https:\/\/tianhuipackingmachine.com\/wp-content\/uploads\/2021\/06\/snacks-granule-packing-machine.jpg 600w, https:\/\/tianhuipackingmachine.com\/wp-content\/uploads\/2021\/06\/snacks-granule-packing-machine-300x225.jpg 300w\" sizes=\"auto, (max-width: 600px) 100vw, 600px\" \/><figcaption>Machine d'emballage de granul\u00e9s de collations<\/figcaption><\/figure> <\/div>    <div class=\"wp-block-column is-layout-flow wp-block-column-is-layout-flow\"> <h3 class=\"has-text-color wp-block-heading\" id=\"h-th-450-granule-packing-machine-parameters\" style=\"color:#ff5200\">Param\u00e8tres de la machine d'emballage de granul\u00e9s TH-450<\/h3>    <ul class=\"wp-block-list\"><li>Style de sac d'emballage (choisir l'option)\u00a0: joint arri\u00e8re\/joint \u00e0 3 c\u00f4t\u00e9s<\/li><li>Vitesse d'emballage : 20-80 sacs\/min<\/li><li>Consommation d'\u00e9nergie\u00a0: 2,2\u00a0kw<\/li><li>Poids\u00a0:\u00a0420\u00a0kg<\/li><li>Dimensions\u00a0: 750*750*21000mm<\/li><li>Poids de l'emballage : 100-1000 grammes<\/li><li>Largeur du sac : 20-200 mm<\/li><li>Longueur du sac : 30-180 mm r\u00e9glable.<\/li><li>Remarque\u00a0:\u00a0personnalis\u00e9 disponible<\/li><\/ul> <\/div> <\/div>    <div class=\"wp-block-columns is-layout-flex wp-container-core-columns-is-layout-28f84493 wp-block-columns-is-layout-flex\"> <div class=\"wp-block-column is-layout-flow wp-block-column-is-layout-flow\"> <figure class=\"wp-block-image size-large\"><img loading=\"lazy\" decoding=\"async\" width=\"600\" height=\"450\" src=\"https:\/\/tianhuipackingmachine.com\/wp-content\/uploads\/2021\/07\/multi-head-weigher-bag-lapel-packaging-machine-1.jpg\" alt=\"machine d&#039;emballage de revers de sac de peseuse multi-t\u00eates\" class=\"wp-image-1734\" srcset=\"https:\/\/tianhuipackingmachine.com\/wp-content\/uploads\/2021\/07\/multi-head-weigher-bag-lapel-packaging-machine-1.jpg 600w, https:\/\/tianhuipackingmachine.com\/wp-content\/uploads\/2021\/07\/multi-head-weigher-bag-lapel-packaging-machine-1-300x225.jpg 300w\" sizes=\"auto, (max-width: 600px) 100vw, 600px\" \/><figcaption>Machine d'emballage \u00e0 revers pour sacs de pes\u00e9e multi-t\u00eates<\/figcaption><\/figure> <\/div>    <div class=\"wp-block-column is-layout-flow wp-block-column-is-layout-flow\"> <h3 class=\"has-text-color wp-block-heading\" id=\"h-tz-520-multi-head-weigher-packaging-machine-parameters\" style=\"color:#ff5200\">Param\u00e8tres de la machine d'emballage avec peseuse multi-t\u00eates TZ-520<\/h3>    <ul class=\"wp-block-list\"><li>Largeur du film\u00a0:\u00a0Max.520<\/li><li>Longueur du sac\u00a0(mm)\u00a0:\u00a080-350<\/li><li>Largeur du sac\u00a0(mm)\u00a0:\u00a0100-250<\/li><li>Diam\u00e8tre du film\u00a0(mm)\u00a0:\u00a0Max.320<\/li><li>Vitesse d'emballage\u00a0(P\/min)\u00a0:\u00a05-60<\/li><li>Plage de mesure : 2000<\/li><li>Puissance (220 V 50\/60 Hz) : 3 kW.<\/li><li>Dimension (mm)\uff1a1488*1080*1490<\/li><li>Remarque\u00a0: service OEM disponible<\/li><\/ul> <\/div> <\/div>    <div class=\"wp-block-columns is-layout-flex wp-container-core-columns-is-layout-28f84493 wp-block-columns-is-layout-flex\"> <div class=\"wp-block-column is-layout-flow wp-block-column-is-layout-flow\"> <figure class=\"wp-block-image size-full\"><img loading=\"lazy\" decoding=\"async\" width=\"600\" height=\"450\" src=\"https:\/\/tianhuipackingmachine.com\/wp-content\/uploads\/2021\/12\/automatic-pillow-packing-machine.jpg\" alt=\"machine d&#039;emballage automatique d&#039;oreillers\" class=\"wp-image-3611\" srcset=\"https:\/\/tianhuipackingmachine.com\/wp-content\/uploads\/2021\/12\/automatic-pillow-packing-machine.jpg 600w, https:\/\/tianhuipackingmachine.com\/wp-content\/uploads\/2021\/12\/automatic-pillow-packing-machine-480x360.jpg 480w\" sizes=\"auto, (max-width: 600px) 100vw, 600px\" \/><figcaption>Machine d'emballage automatique d'oreillers<\/figcaption><\/figure> <\/div>    <div class=\"wp-block-column is-layout-flow wp-block-column-is-layout-flow\"> <h3 class=\"has-text-color wp-block-heading\" id=\"h-th-450-pillow-packing-equipment-parameters\" style=\"color:#ff5200\">Param\u00e8tres de l'\u00e9quipement d'emballage d'oreiller TH-450<\/h3>    <ul class=\"wp-block-list\" id=\"block-2b2732e3-9ecb-491e-b7cd-ef8fd6cac921\"><li>Largeur du film\u00a0:\u00a0450\u00a0mm maximum<\/li><li>Longueur du sac\u00a0: 130-450\u00a0mm<\/li><li>Largeur du sac\u00a0: 50-80\u00a0mm<\/li><li>Hauteur du produit\u00a0:\u00a0Max.70\u00a0mm<\/li><li>Vitesse d'emballage : 30-180 sacs\/min<\/li><li>Puissance : 220 V, 50\/60 Hz, 2,6 KVA.<\/li><li>Poids : 900 kg<\/li><li>Dimension\u00a0: 4020*745*1450 mm<\/li><li>Remarque\u00a0: peut \u00eatre personnalis\u00e9<\/li><\/ul> <\/div> <\/div>    <h2 class=\"wp-block-heading\" id=\"h-characteristics-of-automatic-bag-pouch-packing-machine\">Caract\u00e9ristiques de la machine d'emballage automatique de sachets<\/h2>    <ol class=\"wp-block-list\" type=\"1\"><li>Structure simple \u00e0 installer, \u00e0 exploiter et \u00e0 entretenir\u00a0;<\/li><li>Presque les mat\u00e9riaux du corps adoptent l'acier inoxydable, durable et facile \u00e0 nettoyer\u00a0;<\/li><li>Configurez l'utilisation de la langue, de la temp\u00e9rature de scellage, de la vitesse d'emballage, etc. sur le panneau de commande.<\/li><li>Convient \u00e0 diff\u00e9rents types d'emballages de sacs\u00a0; petit, moyen ou grand\u00a0; joint arri\u00e8re, joint sur 3 c\u00f4t\u00e9s, joint sur 4 c\u00f4t\u00e9s ou sac pyramidal\u00a0;<\/li><li>Pleinement <strong><a href=\"https:\/\/tianhuipackingmachine.com\/fr\/automatic-packing-machine\/\">machine d'emballage automatique de sacs<\/a><\/strong> peut compl\u00e9ter l'ensemble du processus de pes\u00e9e, de formation de sacs, de remplissage, de scellage, de d\u00e9coupe et de comptage.<\/li><li>La petite machine d'emballage de sacs verticaux est \u00e9quip\u00e9e de quatre roues, pratiques \u00e0 d\u00e9placer.<\/li><li>Le bouton d'urgence est con\u00e7u comme mesure de s\u00e9curit\u00e9.<\/li><li>Le service OEM est disponible.<\/li><\/ol>    <h2 class=\"wp-block-heading\" id=\"h-wide-applications-of-automatic-bag-packing-equipment\"><strong>Applications larges de l'\u00e9quipement d'emballage automatique de sacs<\/strong><\/h2>    <p class=\"translation-block\">La machine de conditionnement en sachets est associ\u00e9e \u00e0 la <strong><a href=\"https:\/\/tianhuipackingmachine.com\/fr\/powder-packing-machine\/\">machine de conditionnement en poudre<\/a><\/strong>, machine de conditionnement en granul\u00e9s, machine de conditionnement en liquide, machine de conditionnement en coussin, machine de conditionnement sous vide, etc.<\/p>    <ol class=\"wp-block-list\" type=\"1\"><li>Machine d'emballage de sacs de poudre\u00a0: caf\u00e9 en poudre, poudre d'\u00e9pices, lait en poudre, farine, ma\u00efzena, amylum, poudre de cacao, condiment, poudre chimique, etc.<\/li><li><strong><a href=\"https:\/\/tianhuipackingmachine.com\/fr\/machine-demballage-de-granules\/\">Machine d'emballage de sacs de granul\u00e9s<\/a><\/strong>: grain de caf\u00e9, f\u00e8ve, soja vert, snacks, sucre, cacahu\u00e8te, biscuit, flocons d'avoine, bonbons, pop-corn, riz, th\u00e9, graines, etc.<\/li><li>Machine de conditionnement de sachets de liquides : lait, jus, vinaigre, lait de soja, eau gazeuse, etc.<\/li><li><strong><a href=\"https:\/\/tianhuipackingmachine.com\/fr\/pillow-packing-machine\/\">Machine d'emballage de sacs d'oreiller<\/a><\/strong>: pain, biscuit, g\u00e2teau de lune, petit pain suisse, l\u00e9gumes, fruits, masque, serviette, v\u00eatements, boiseries, savon, etc.<\/li><li><strong><a href=\"https:\/\/tianhuipackingmachine.com\/fr\/vacuum-packaging-machine\/\">Machine d'emballage de sacs sous vide<\/a><\/strong>: saucisse, bacon, canard r\u00f4ti, beurre, riz, cacahu\u00e8te, ma\u00efs, fruits secs, biscuit, farine, b\u0153uf, porc, poulet, tofu s\u00e9ch\u00e9, l\u00e9gume, fruit, etc.<\/li><\/ol>    <div class=\"wp-block-columns is-layout-flex wp-container-core-columns-is-layout-28f84493 wp-block-columns-is-layout-flex\"> <div class=\"wp-block-column is-layout-flow wp-block-column-is-layout-flow\"> <figure class=\"wp-block-image size-large\"><img loading=\"lazy\" decoding=\"async\" width=\"600\" height=\"450\" src=\"https:\/\/tianhuipackingmachine.com\/wp-content\/uploads\/2021\/05\/powder-packing-equipment-applications.jpg\" alt=\"applications d&#039;\u00e9quipement d&#039;emballage de poudre\" class=\"wp-image-700\" srcset=\"https:\/\/tianhuipackingmachine.com\/wp-content\/uploads\/2021\/05\/powder-packing-equipment-applications.jpg 600w, https:\/\/tianhuipackingmachine.com\/wp-content\/uploads\/2021\/05\/powder-packing-equipment-applications-300x225.jpg 300w\" sizes=\"auto, (max-width: 600px) 100vw, 600px\" \/><figcaption>Applications d'\u00e9quipement d'emballage de poudre<\/figcaption><\/figure> <\/div>    <div class=\"wp-block-column is-layout-flow wp-block-column-is-layout-flow\"> <figure class=\"wp-block-image size-large\"><img loading=\"lazy\" decoding=\"async\" width=\"720\" height=\"484\" src=\"https:\/\/tianhuipackingmachine.com\/wp-content\/uploads\/2021\/05\/liquid-packing-products-display.jpg\" alt=\"affichage des produits d&#039;emballage liquide\" class=\"wp-image-720\" srcset=\"https:\/\/tianhuipackingmachine.com\/wp-content\/uploads\/2021\/05\/liquid-packing-products-display.jpg 720w, https:\/\/tianhuipackingmachine.com\/wp-content\/uploads\/2021\/05\/liquid-packing-products-display-300x202.jpg 300w, https:\/\/tianhuipackingmachine.com\/wp-content\/uploads\/2021\/05\/liquid-packing-products-display-272x182.jpg 272w\" sizes=\"auto, (max-width: 720px) 100vw, 720px\" \/><figcaption>Affichage des produits d'emballage liquide<\/figcaption><\/figure> <\/div> <\/div>    <h2 class=\"wp-block-heading\" id=\"h-do-you-know-about-price\"><strong>Connaissez-vous le prix ? <\/strong><\/h2>    <p>Le prix de la machine d'emballage de sacs d\u00e9pend \u00e9troitement du statut et des formes du mat\u00e9riau de remplissage, de la taille du sac d'emballage et des dispositifs \u00e0 assortir. Premi\u00e8rement, la machine d'emballage de sacs est li\u00e9e \u00e0 l'\u00e9quipement d'emballage pour poudre, granul\u00e9s, morceaux, liquides, p\u00e2tes, etc. Les prix des machines d'emballage pour diff\u00e9rents statuts et formes de mat\u00e9riaux n\u00e9cessitent des structures et des fonctions diff\u00e9rentes, leurs prix sont donc diff\u00e9rents. Deuxi\u00e8mement, avez-vous des exigences sp\u00e9cifiques concernant la largeur et la longueur des sacs\u00a0? Certaines machines peuvent emballer de petits sacs, tandis que d\u2019autres peuvent en emballer de plus gros. Leurs prix diff\u00e8rent par la taille des sacs d'emballage. Enfin, nous fournissons certains appareils en option, tels que des imprimantes de dates, des dispositifs de remplissage d'azote, des bandes transporteuses, des dispositifs de chargement, etc. Le prix changera en fonction des appareils ajout\u00e9s. De plus, nous prenons en charge un service personnalis\u00e9 en fonction de vos besoins r\u00e9els. Contactez-nous aujourd'hui pour le meilleur prix.<\/p>    <h2 class=\"wp-block-heading\" id=\"h-similarity-differences\"><strong>Similitudes et diff\u00e9rences<\/strong><strong><\/strong><\/h2>    <ol class=\"wp-block-list\" type=\"1\"><li>La machine d'emballage de sacs pour poudre, granul\u00e9s et liquides est une machine verticale. L'\u00e9quipement d'emballage \u00e0 revers, la machine d'emballage \u00e0 godets basculants et la machine d'emballage sous vide \u00e0 chambre unique sont \u00e9galement des machines verticales.<\/li><li>Pour les mat\u00e9riaux de remplissage, la machine de conditionnement de poudre est g\u00e9n\u00e9ralement \u00e9quip\u00e9e d'une vis horizontale, verticale ou inclin\u00e9e. La machine d'emballage de granul\u00e9s utilise un plateau tournant avec des tasses \u00e0 mesurer pour mesurer le volume de remplissage. La machine \u00e0 emballer les liquides adopte des tuyaux. La machine \u00e0 emballer \u00e0 revers correspond \u00e0 une peseuse multi-t\u00eates. La machine d'emballage \u00e0 seaux basculants comporte de nombreux seaux.<\/li><li>Pour le scellage, la machine d'emballage sous vide \u00e0 chambre utilise une bande de scellage, tandis que la machine d'emballage de sacs qui doit fabriquer des sacs \u00e0 travers un formeur de sacs adopte un dispositif de thermoscellage et de d\u00e9coupe.<\/li><\/ol>    <div class=\"wp-block-columns is-layout-flex wp-container-core-columns-is-layout-28f84493 wp-block-columns-is-layout-flex\"> <div class=\"wp-block-column is-layout-flow wp-block-column-is-layout-flow\"> <figure class=\"wp-block-image size-large\"><img loading=\"lazy\" decoding=\"async\" width=\"600\" height=\"450\" src=\"https:\/\/tianhuipackingmachine.com\/wp-content\/uploads\/2021\/07\/the-screw-used-in-powder-packer.jpg\" alt=\"la vis utilis\u00e9e dans l&#039;emballeur de poudre\" class=\"wp-image-1758\" srcset=\"https:\/\/tianhuipackingmachine.com\/wp-content\/uploads\/2021\/07\/the-screw-used-in-powder-packer.jpg 600w, https:\/\/tianhuipackingmachine.com\/wp-content\/uploads\/2021\/07\/the-screw-used-in-powder-packer-300x225.jpg 300w\" sizes=\"auto, (max-width: 600px) 100vw, 600px\" \/><figcaption>La vis utilis\u00e9e dans l'emballeur de poudre<\/figcaption><\/figure> <\/div>    <div class=\"wp-block-column is-layout-flow wp-block-column-is-layout-flow\"> <figure class=\"wp-block-image size-large\"><img loading=\"lazy\" decoding=\"async\" width=\"600\" height=\"450\" src=\"https:\/\/tianhuipackingmachine.com\/wp-content\/uploads\/2021\/06\/rotary-table-and-measuring-cup.jpg\" alt=\"tasse \u00e0 mesurer de la machine \u00e0 emballer\" class=\"wp-image-1053\" srcset=\"https:\/\/tianhuipackingmachine.com\/wp-content\/uploads\/2021\/06\/rotary-table-and-measuring-cup.jpg 600w, https:\/\/tianhuipackingmachine.com\/wp-content\/uploads\/2021\/06\/rotary-table-and-measuring-cup-300x225.jpg 300w\" sizes=\"auto, (max-width: 600px) 100vw, 600px\" \/><figcaption>Table rotative et tasse \u00e0 mesurer<\/figcaption><\/figure> <\/div> <\/div>    <h2 class=\"wp-block-heading\" id=\"h-why-choosing-us-is-a-good-idea-for-you\"><strong>Pourquoi nous choisir est une bonne id\u00e9e pour vous ?<\/strong><strong><\/strong><\/h2>    <ol class=\"wp-block-list\" type=\"1\"><li>Nous avons une riche exp\u00e9rience dans la machine \u00e0 emballer des sacs. Notre soci\u00e9t\u00e9, Henan Top Packing Machinery Co., Ltd, fond\u00e9e en 1992, est engag\u00e9e dans la machine d'emballage de sacs depuis pr\u00e8s de 30 ans.<\/li><li>S'appuyant sur la bonne qualit\u00e9 et le prix comp\u00e9titif, nous avons des commandes compl\u00e8tes provenant de plus de 100 pays, tels que les \u00c9tats-Unis, le Canada, l'Australie, l'Angleterre, l'Inde, le Pakistan, la Malaisie, les Philippines, l'Indon\u00e9sie, le Bangladesh, le Nigeria, etc.<\/li><li>Nous avons un syst\u00e8me d'inspection extr\u00eamement strict pour nos produits. Avant l'exp\u00e9dition, nous prendrons des photos et des vid\u00e9os et vous les ferons parvenir. Si vous avez des questions sur nos machines, vous pouvez nous contacter et nous vous r\u00e9pondrons dans les plus brefs d\u00e9lais. Le service en ligne 24 heures sur 24 est \u00e0 votre disposition.<\/li><li>En tant que fabricant et fournisseur, nous soutenons le service OEM sur la base de vos exigences sp\u00e9cifiques. Nous ferons de notre mieux pour vous fournir un meilleur service.<\/li><\/ol>    <h2 class=\"wp-block-heading\" id=\"h-contact-us-for-useful-details-and-the-best-price\"><strong>Contactez-nous pour plus de d\u00e9tails utiles et le meilleur prix<\/strong><strong><\/strong><\/h2>    <p class=\"translation-block\">La machine de conditionnement en sachets chez <strong><a href=\"https:\/\/tianhuipackingmachine.com\/fr\/\">Henan Top Packing Machinery<\/a><\/strong> se r\u00e9f\u00e8re \u00e0 l'emballage de poudre, d'granul\u00e9s, de liquide, d'emballage sous vide, etc. La machine d'emballage en sachets a une large application dans le <strong><a href=\"https:\/\/tianhuipackingmachine.com\/fr\/coffee-packaging-machine\/\">caf\u00e9<\/a><\/strong>, le lait, la farine, les condiments, <strong><a href=\"https:\/\/tianhuipackingmachine.com\/fr\/spice-packaging-machine\/\">les \u00e9pices<\/a><\/strong>, les f\u00e8ves larges, les f\u00e8ves de soja vertes, <strong><a href=\"https:\/\/tianhuipackingmachine.com\/fr\/machine-demballage-de-collations\/\">les collations<\/a><\/strong>, le sucre, les cacahu\u00e8tes, les biscuits, les flocons d'avoine, les bonbons, le pop-corn, le th\u00e9, <strong><a href=\"https:\/\/tianhuipackingmachine.com\/fr\/rice-packaging-machine\/\">le riz<\/a><\/strong>, le jus, le vinaigre, les sodas, le pain, les g\u00e2teaux de lune, la viande, <strong><a href=\"https:\/\/tianhuipackingmachine.com\/fr\/vegetable-packaging-machine\/\">les l\u00e9gumes,<\/a><\/strong> les fruits, les masques, les serviettes, les v\u00eatements, <strong><a href=\"https:\/\/tianhuipackingmachine.com\/fr\/soap-packaging-machines\/\">le savon<\/a><\/strong>, les d\u00e9tergents, les produits chimiques, etc. De plus, nous proposons des dispositifs de chargement, des convoyeurs, des imprimantes de date, des dispositifs de remplissage d'azote, etc. Vous pouvez choisir et acheter en fonction de vos besoins. De plus, nous fournissons un service personnalis\u00e9 pour vous. \u00cates-vous int\u00e9ress\u00e9 par nos machines ? Contactez-nous rapidement pour des conseils plus utiles et le meilleur prix.<\/p>","protected":false},"excerpt":{"rendered":"<p>Bag packing machine applies for packaging various kinds of powder, solid, liquid, and paste. Bag packing products are everywhere in our daily life, such as supermarkets, convenience stores, cosmetic shops, drug stores, hardware stores, etc. Based on the degree of automation, the bag packaging machine includes a fully automatic packaging machine and a semi-automatic packaging [&hellip;]<\/p>\n","protected":false},"author":1,"featured_media":1734,"parent":0,"template":"","tags":[175],"product-type":[145],"class_list":["post-1721","product","type-product","status-publish","has-post-thumbnail","hentry","tag-bag-packing-machine","product-type-other-products"],"_links":{"self":[{"href":"https:\/\/tianhuipackingmachine.com\/fr\/wp-json\/wp\/v2\/product\/1721","targetHints":{"allow":["GET"]}}],"collection":[{"href":"https:\/\/tianhuipackingmachine.com\/fr\/wp-json\/wp\/v2\/product"}],"about":[{"href":"https:\/\/tianhuipackingmachine.com\/fr\/wp-json\/wp\/v2\/types\/product"}],"author":[{"embeddable":true,"href":"https:\/\/tianhuipackingmachine.com\/fr\/wp-json\/wp\/v2\/users\/1"}],"wp:featuredmedia":[{"embeddable":true,"href":"https:\/\/tianhuipackingmachine.com\/fr\/wp-json\/wp\/v2\/media\/1734"}],"wp:attachment":[{"href":"https:\/\/tianhuipackingmachine.com\/fr\/wp-json\/wp\/v2\/media?parent=1721"}],"wp:term":[{"taxonomy":"post_tag","embeddable":true,"href":"https:\/\/tianhuipackingmachine.com\/fr\/wp-json\/wp\/v2\/tags?post=1721"},{"taxonomy":"product-type","embeddable":true,"href":"https:\/\/tianhuipackingmachine.com\/fr\/wp-json\/wp\/v2\/product-type?post=1721"}],"curies":[{"name":"wp","href":"https:\/\/api.w.org\/{rel}","templated":true}]}}