{"id":1704,"date":"2021-07-02T18:39:31","date_gmt":"2021-07-02T10:39:31","guid":{"rendered":"https:\/\/tianhuipackingmachine.com\/?page_id=1704"},"modified":"2024-12-03T16:23:14","modified_gmt":"2024-12-03T08:23:14","slug":"soap-packaging-machines","status":"publish","type":"product","link":"https:\/\/tianhuipackingmachine.com\/fr\/soap-packaging-machines\/","title":{"rendered":"Machine d'emballage de savon"},"content":{"rendered":"<p class=\"translation-block\">La <strong>machine d'emballage de savon Shuliy<\/strong> est une machine d'emballage en coussin, emballant automatiquement diverses formes de savon, telles que le cube de savon, le savon de toilette, le savon rond, etc. dans des sachets. Elle est largement utilis\u00e9e dans les industries des produits chimiques quotidiens et des d\u00e9tergents.<\/p>    <p>La vitesse d'emballage est de 5 \u00e0 200 sacs par minute, r\u00e9glable en fonction des demandes de votre entreprise. Avec sa haute efficacit\u00e9, son bon prix et sa personnalisation, cette machine d'emballage de savon en barre a \u00e9t\u00e9 export\u00e9e vers les \u00c9mirats arabes unis, la G\u00e9orgie, l'Ouganda, etc.<\/p>    <p>\u00cates-vous \u00e0 la recherche d\u2019une machine d\u2019emballage sabun ? Bienvenue \u00e0 nous contacter pour plus de d\u00e9tails.<\/p>   <figure class=\"wp-block-embed-youtube wp-block-embed is-type-video is-provider-youtube wp-embed-aspect-16-9 wp-has-aspect-ratio\"><div class=\"lyte-wrapper\" title=\"Machine automatique de conditionnement de savon | Machine d&#039;emballage de savon \u00e0 grande vitesse #soapacking\" style=\"width:853px;max-width:100%;margin:5px auto;\"><div class=\"lyMe\" id=\"WYL_tHWV9_ADpxs\" itemprop=\"video\" itemscope itemtype=\"https:\/\/schema.org\/VideoObject\"><div><meta itemprop=\"thumbnailUrl\" content=\"https:\/\/i.ytimg.com\/vi\/tHWV9_ADpxs\/hqdefault.jpg\" \/><meta itemprop=\"embedURL\" content=\"https:\/\/www.youtube.com\/embed\/tHWV9_ADpxs\" \/><meta itemprop=\"duration\" content=\"PT2M32S\" \/><meta itemprop=\"uploadDate\" content=\"2024-12-03T03:46:36Z\" \/><\/div><div id=\"lyte_tHWV9_ADpxs\" data-src=\"https:\/\/i.ytimg.com\/vi\/tHWV9_ADpxs\/hqdefault.jpg\" class=\"pL\"><div class=\"tC\"><div class=\"tT\" itemprop=\"name\">Machine automatique de conditionnement de savon | Machine d'emballage de savon \u00e0 grande vitesse #soapacking<\/div><\/div><div class=\"play\"><\/div><div class=\"ctrl\"><div class=\"Lctrl\"><\/div><div class=\"Rctrl\"><\/div><\/div><\/div><noscript><a href=\"https:\/\/youtu.be\/tHWV9_ADpxs\" rel=\"nofollow noopener\" target=\"_blank\"><img loading=\"lazy\" decoding=\"async\" src=\"https:\/\/i.ytimg.com\/vi\/tHWV9_ADpxs\/0.jpg\" alt=\"Machine automatique de conditionnement de savon | Machine d&#039;emballage de savon \u00e0 grande vitesse #soapacking\" width=\"853\" height=\"460\" \/><\/a><\/noscript><meta itemprop=\"description\" content=\"#soapwrapper #soappacking #packagingmachine #horizontalpackingmachine WhatsApp No.: https:\/\/wa.me\/+8613673689272 WeChat\/Tel No.:+8613673689272 Email: info@tianhuipackingmachine.com Website: https:\/\/tianhuipackingmachine.com\/soap-packaging-machines\/ Discover the efficiency of our automatic soap packaging machine in this high-speed demonstration. Perfect for packing bar soap, round soap, or custom-shaped soap, this machine ensures precise wrapping, durability, and attractive presentation. Designed for optimal performance, it supports a variety of packaging materials and styles, including transparent and printed film. Whether you&#039;re in cosmetics or cleaning product manufacturing, this machine adapts to your production needs. Contact us today for more details or a personalized solution for your packaging requirements! WhatsApp No.: https:\/\/wa.me\/+8613673689272 WeChat\/Tel No.:+8613673689272 Email: info@tianhuipackingmachine.com Website: https:\/\/tianhuipackingmachine.com\/soap-packaging-machines\/\"><\/div><\/div><div class=\"lL\" style=\"max-width:100%;width:853px;margin:5px auto;\"> <a href=\"https:\/\/youtu.be\/tHWV9_ADpxs\" target=\"_blank\" rel=\"noopener\">Regarder cette vid\u00e9o sur YouTube<\/a>.<\/div><figcaption>vid\u00e9o d'une machine d'emballage de pain de savon<\/figcaption><\/figure>   <h2 class=\"wp-block-heading\" id=\"h-soap-packaging-machine-for-sale\"><strong>Machine d'emballage de cubes de savon de haute qualit\u00e9 \u00e0 vendre<\/strong><\/h2>    <p>En tant que fabricant et fournisseur professionnel de machines d'emballage, diverses machines d'emballage de savon sont disponibles \u00e0 la vente. Les principaux mod\u00e8les incluent SL-250, SL-350, SL-450 et SL-600. Voici les informations sur les param\u00e8tres de la machine d'emballage de savon SL-350 pour votre r\u00e9f\u00e9rence.<\/p>    <p>Si vous souhaitez en savoir plus sur les param\u00e8tres de la machine, n'h\u00e9sitez pas \u00e0 nous contacter\u00a0!<\/p>    <div class=\"wp-block-columns is-layout-flex wp-container-core-columns-is-layout-28f84493 wp-block-columns-is-layout-flex\"> <div class=\"wp-block-column is-layout-flow wp-block-column-is-layout-flow\"> <figure class=\"wp-block-image size-full\"><img loading=\"lazy\" decoding=\"async\" width=\"600\" height=\"450\" src=\"https:\/\/tianhuipackingmachine.com\/wp-content\/uploads\/2021\/12\/soap-packaging-machine.jpg\" alt=\"machine d&#039;emballage de savon\" class=\"wp-image-3590\" srcset=\"https:\/\/tianhuipackingmachine.com\/wp-content\/uploads\/2021\/12\/soap-packaging-machine.jpg 600w, https:\/\/tianhuipackingmachine.com\/wp-content\/uploads\/2021\/12\/soap-packaging-machine-480x360.jpg 480w\" sizes=\"auto, (max-width: 600px) 100vw, 600px\" \/><figcaption class=\"wp-element-caption\">Machine d'emballage de savon<\/figcaption><\/figure> <\/div>    <div class=\"wp-block-column is-vertically-aligned-center is-layout-flow wp-block-column-is-layout-flow\"> <h3 class=\"wp-block-heading has-text-color\" id=\"h-th-250-pillow-packing-equipment-parameters\" style=\"color:#ff5200\">Param\u00e8tres de l'\u00e9quipement d'emballage d'oreiller SL-350<\/h3>    <ul class=\"wp-block-list\"> <li>Longueur du sac\u00a0: 100-600\u00a0mm<\/li>    <li>Largeur du sac\u00a0: 50-160\u00a0mm<\/li>    <li>Hauteur du produit : max.70 mm<\/li>    <li>Vitesse d'emballage\u00a0: 5-200\u00a0bags\/min<\/li>    <li>Alimentation : 220 V, 50\/60 Hz, 2,4 KVA<\/li>    <li>Poids : 800 kg<\/li>    <li>Dimension\u00a0: (L)4020*(L)720*(H)1450 mm<\/li>    <li>Remarque\u00a0: peut \u00eatre personnalis\u00e9<\/li> <\/ul> <\/div> <\/div>    <h2 class=\"wp-block-heading\" id=\"h-features-of-soap-wrapping-machine\"><strong>Avantages de la machine d'emballage automatique du savon<\/strong><\/h2>    <ul class=\"wp-block-list\"> <li>\u00c7a peut <strong>emballer 5 \u00e0 200 sachets de savon en une minute<\/strong>, ce qui est tr\u00e8s efficace.<\/li>    <li>La machine d'emballage de sachets de savon Shuliy a <strong>une hauteur maximale du produit de 100 mm, une longueur de sac de 100 \u00e0 600 mm et une largeur de sac de 50 \u00e0 280 mm<\/strong>.<\/li>    <li>Le mat\u00e9riau d'emballage du savon peut \u00eatre vari\u00e9, supportant <strong>film transparent, film imprim\u00e9<\/strong>, etc.<\/li>    <li>Tu peux <strong>ajuster les param\u00e8tres sur le panneau de commande PLC<\/strong>, simple et facile \u00e0 utiliser.<\/li>    <li>Selon vos exigences, <strong>couteau simple, couteau double et couteau triple<\/strong> sont facultatifs.<\/li>    <li>Nous pouvons <strong>personnaliser la tension, la puissance et la couleur de la machine<\/strong>, etc. pour r\u00e9pondre \u00e0 vos besoins.<\/li> <\/ul>    <figure class=\"wp-block-image size-large\"><img loading=\"lazy\" decoding=\"async\" width=\"667\" height=\"500\" src=\"https:\/\/tianhuipackingmachine.com\/wp-content\/uploads\/2024\/05\/soap-packing-machine-667x500.webp\" alt=\"machine d&#039;emballage de savon\" class=\"wp-image-6673\" srcset=\"https:\/\/tianhuipackingmachine.com\/wp-content\/uploads\/2024\/05\/soap-packing-machine-667x500.webp 667w, https:\/\/tianhuipackingmachine.com\/wp-content\/uploads\/2024\/05\/soap-packing-machine-480x360.webp 480w, https:\/\/tianhuipackingmachine.com\/wp-content\/uploads\/2024\/05\/soap-packing-machine-16x12.webp 16w, https:\/\/tianhuipackingmachine.com\/wp-content\/uploads\/2024\/05\/soap-packing-machine.webp 720w\" sizes=\"auto, (max-width: 667px) 100vw, 667px\" \/><figcaption class=\"wp-element-caption\">Machine d'emballage de savon<\/figcaption><\/figure>    <h2 class=\"wp-block-heading\" id=\"h-various-applications-of-soap-packaging-machine\"><strong>Diverses applications de la machine d'emballage de savon en barre<\/strong><\/h2>    <p>Notre machine d'emballage de savon de toilette s'applique largement \u00e0 diverses tailles de savon. Il convient pour\u00a0:<\/p>    <p>Savon carr\u00e9, savon rond, sadun ovale, cube de savon, pain de savon, savon de toilette, savon de bain, savon pour b\u00e9b\u00e9 et autres. <\/p>    <p class=\"translation-block\">En plus de l'emballage de savon, cette <a href=\"https:\/\/tianhuipackingmachine.com\/fr\/pillow-packing-machine\/\">machine d'emballage horizontale en coussin<\/a> peut emballer des masques, des serviettes, des v\u00eatements, des ouvrages en bois, du pain, des g\u00e2teaux de lune, des biscuits, des l\u00e9gumes, des fruits, etc. <\/p>    <p>Si vous souhaitez \u00e9galement emballer d'autres produits, vous pouvez \u00e9galement nous contacter et obtenir plus d'informations.<\/p>    <figure class=\"wp-block-image size-large\"><img loading=\"lazy\" decoding=\"async\" width=\"750\" height=\"500\" src=\"https:\/\/tianhuipackingmachine.com\/wp-content\/uploads\/2022\/01\/soap-bar-packaging-style-display-750x500.jpg\" alt=\"affichage du style d&#039;emballage de barre de savon\" class=\"wp-image-4787\" srcset=\"https:\/\/tianhuipackingmachine.com\/wp-content\/uploads\/2022\/01\/soap-bar-packaging-style-display.jpg 750w, https:\/\/tianhuipackingmachine.com\/wp-content\/uploads\/2022\/01\/soap-bar-packaging-style-display-480x320.jpg 480w\" sizes=\"auto, (max-width: 750px) 100vw, 750px\" \/><figcaption class=\"wp-element-caption\">Affichage du style d'emballage de la barre de savon<\/figcaption><\/figure>    <h2 class=\"wp-block-heading\" id=\"h-structures-and-details-about-soap-packing-machine\"><strong>D\u00e9tails structurels sur la machine d'emballage de savon de bain<\/strong><\/h2>    <p>Cette machine d'emballage sabun se compose d'un panneau de commande PLC, d'une plate-forme d'alimentation en acier inoxydable, d'une bande transporteuse, d'un dispositif de rouleau de film, d'un formeur de sacs, de roues de traction de film, d'un coupeur de thermoscellage, etc. <\/p>    <ul class=\"wp-block-list\"> <li>Panneau de commande PLC\u00a0: configuration de la langue, de la vitesse d'emballage, de la longueur du sac, du commutateur de suivi oculaire photo\u00e9lectrique, de la temp\u00e9rature de scellage interm\u00e9diaire et finale, etc. <\/li>    <li>Plate-forme d'alimentation avec tapis roulant : assure le service de mise en rang des mat\u00e9riaux.<\/li>    <li>Bande transporteuse \u00e0 film servo\u00a0: plus intelligente, d\u00e9tectant la longueur des mat\u00e9riaux et \u00e9conomisant le film.<\/li>    <li>Dispositif de rouleau de film\u00a0: pr\u00e9parez le film pour l'emballage du savon artisanal.<\/li>    <li>Roues de traction du film\u00a0: charg\u00e9es de tirer le film, garantissant ainsi que le film avance.<\/li>    <li>Coupeur de thermoscellage : coupez le film pour l'adapter \u00e0 diff\u00e9rentes longueurs de sac.<\/li> <\/ul>    <figure class=\"wp-block-gallery has-nested-images columns-default is-cropped wp-block-gallery-2 is-layout-flex wp-block-gallery-is-layout-flex\"> <figure class=\"wp-block-image size-large\"><img loading=\"lazy\" decoding=\"async\" width=\"600\" height=\"450\" data-id=\"4040\" src=\"https:\/\/tianhuipackingmachine.com\/wp-content\/uploads\/2021\/12\/servo-belt-conveying-type.jpg\" alt=\"type de transport par courroie servo\" class=\"wp-image-4040\" srcset=\"https:\/\/tianhuipackingmachine.com\/wp-content\/uploads\/2021\/12\/servo-belt-conveying-type.jpg 600w, https:\/\/tianhuipackingmachine.com\/wp-content\/uploads\/2021\/12\/servo-belt-conveying-type-480x360.jpg 480w\" sizes=\"auto, (max-width: 600px) 100vw, 600px\" \/><figcaption class=\"wp-element-caption\">Type de transport par courroie servo<\/figcaption><\/figure>    <figure class=\"wp-block-image size-large\"><img loading=\"lazy\" decoding=\"async\" width=\"600\" height=\"450\" data-id=\"4034\" src=\"https:\/\/tianhuipackingmachine.com\/wp-content\/uploads\/2021\/12\/chain-and-lock-catches-feeding-type.jpg\" alt=\"cha\u00eene et serrure attrape le type d&#039;alimentation\" class=\"wp-image-4034\" srcset=\"https:\/\/tianhuipackingmachine.com\/wp-content\/uploads\/2021\/12\/chain-and-lock-catches-feeding-type.jpg 600w, https:\/\/tianhuipackingmachine.com\/wp-content\/uploads\/2021\/12\/chain-and-lock-catches-feeding-type-480x360.jpg 480w\" sizes=\"auto, (max-width: 600px) 100vw, 600px\" \/><figcaption class=\"wp-element-caption\">Type d'alimentation \u00e0 cha\u00eene et \u00e0 verrouillage<\/figcaption><\/figure>    <figure class=\"wp-block-image size-large\"><img loading=\"lazy\" decoding=\"async\" width=\"750\" height=\"500\" data-id=\"4035\" src=\"https:\/\/tianhuipackingmachine.com\/wp-content\/uploads\/2021\/12\/end-sealing-and-cutting-device-three-cutters-750x500.jpg\" alt=\"dispositif de scellage et de coupe d&#039;extr\u00e9mit\u00e9 (trois couteaux)\" class=\"wp-image-4035\" srcset=\"https:\/\/tianhuipackingmachine.com\/wp-content\/uploads\/2021\/12\/end-sealing-and-cutting-device-three-cutters.jpg 750w, https:\/\/tianhuipackingmachine.com\/wp-content\/uploads\/2021\/12\/end-sealing-and-cutting-device-three-cutters-480x320.jpg 480w\" sizes=\"auto, (max-width: 750px) 100vw, 750px\" \/><figcaption class=\"wp-element-caption\">Dispositif de scellement et de coupe d'extr\u00e9mit\u00e9 (trois couteaux)<\/figcaption><\/figure> <\/figure>    <figure class=\"wp-block-gallery has-nested-images columns-default is-cropped wp-block-gallery-3 is-layout-flex wp-block-gallery-is-layout-flex\"> <figure class=\"wp-block-image size-large\"><img loading=\"lazy\" decoding=\"async\" width=\"750\" height=\"500\" data-id=\"4039\" src=\"https:\/\/tianhuipackingmachine.com\/wp-content\/uploads\/2021\/12\/PLC-control-panel-of-pillow-packaging-equipment-750x500.jpg\" alt=\"Panneau de commande PLC de l&#039;\u00e9quipement d&#039;emballage d&#039;oreillers\" class=\"wp-image-4039\" srcset=\"https:\/\/tianhuipackingmachine.com\/wp-content\/uploads\/2021\/12\/PLC-control-panel-of-pillow-packaging-equipment.jpg 750w, https:\/\/tianhuipackingmachine.com\/wp-content\/uploads\/2021\/12\/PLC-control-panel-of-pillow-packaging-equipment-480x320.jpg 480w\" sizes=\"auto, (max-width: 750px) 100vw, 750px\" \/><figcaption class=\"wp-element-caption\">Panneau de commande PLC de l'\u00e9quipement d'emballage d'oreillers<\/figcaption><\/figure>    <figure class=\"wp-block-image size-large\"><img loading=\"lazy\" decoding=\"async\" width=\"600\" height=\"450\" data-id=\"4038\" src=\"https:\/\/tianhuipackingmachine.com\/wp-content\/uploads\/2021\/12\/mid-sealing-device-for-upper-film-equipment.jpg\" alt=\"dispositif de scellage interm\u00e9diaire pour \u00e9quipement \u00e0 film sup\u00e9rieur\" class=\"wp-image-4038\" srcset=\"https:\/\/tianhuipackingmachine.com\/wp-content\/uploads\/2021\/12\/mid-sealing-device-for-upper-film-equipment.jpg 600w, https:\/\/tianhuipackingmachine.com\/wp-content\/uploads\/2021\/12\/mid-sealing-device-for-upper-film-equipment-480x360.jpg 480w\" sizes=\"auto, (max-width: 600px) 100vw, 600px\" \/><figcaption class=\"wp-element-caption\">Dispositif de scellage interm\u00e9diaire pour \u00e9quipement \u00e0 film sup\u00e9rieur<\/figcaption><\/figure>    <figure class=\"wp-block-image size-large\"><img loading=\"lazy\" decoding=\"async\" width=\"600\" height=\"450\" data-id=\"4037\" src=\"https:\/\/tianhuipackingmachine.com\/wp-content\/uploads\/2021\/12\/mid-sealing-device-for-down-film-roll-equipment.jpg\" alt=\"dispositif de scellage interm\u00e9diaire pour \u00e9quipement de rouleaux de film descendant\" class=\"wp-image-4037\" srcset=\"https:\/\/tianhuipackingmachine.com\/wp-content\/uploads\/2021\/12\/mid-sealing-device-for-down-film-roll-equipment.jpg 600w, https:\/\/tianhuipackingmachine.com\/wp-content\/uploads\/2021\/12\/mid-sealing-device-for-down-film-roll-equipment-480x360.jpg 480w\" sizes=\"auto, (max-width: 600px) 100vw, 600px\" \/><figcaption class=\"wp-element-caption\">Dispositif de scellage interm\u00e9diaire pour \u00e9quipement de rouleau de film descendant<\/figcaption><\/figure> <\/figure>    <h2 class=\"wp-block-heading\" id=\"h-what-affects-the-soap-packing-machine-price\"><strong>Qu'est-ce qui affecte le prix de la machine \u00e0 emballer le savon\u00a0?<\/strong><\/h2>    <p>Le prix de la machine automatique de conditionnement de savon est \u00e9troitement li\u00e9 aux composants de l'\u00e9quipement. <\/p>    <ul class=\"wp-block-list\"> <li>Premi\u00e8rement, les largeurs de la bande transporteuse et du formeur de sacs sont con\u00e7ues pour les articles \u00e0 emballer. Leurs co\u00fbts diff\u00e8rent en taille. <\/li>    <li>Deuxi\u00e8mement, il existe la bande transporteuse \u00e0 film servo et la bande transporteuse avec cha\u00eene et blocs de verrouillage en option. Le premier est plus cher que le second. <\/li>    <li>Troisi\u00e8mement, le co\u00fbt d\u2019un couteau simple, d\u2019un couteau double et d\u2019un couteau triple varie. Plus il y a de couteaux tranchants, plus le prix est \u00e9lev\u00e9.<\/li>    <li>Quatri\u00e8mement, avez-vous besoin d\u2019autres appareils ? Tels que les imprimantes de date, les \u00e9ponges, les pinceaux, etc. Plus vous disposez d\u2019\u00e9quipements suppl\u00e9mentaires, plus le prix est \u00e9lev\u00e9.<\/li> <\/ul>    <p>Tous les facteurs ci-dessus peuvent affecter le prix final de la petite machine d\u2019emballage de savon. Contactez-nous pour le meilleur prix.<\/p>    <figure class=\"wp-block-image size-large\"><img loading=\"lazy\" decoding=\"async\" width=\"667\" height=\"500\" src=\"https:\/\/tianhuipackingmachine.com\/wp-content\/uploads\/2024\/05\/automatic-soap-packing-machine-for-sale-667x500.webp\" alt=\"machine d&#039;emballage automatique de savon \u00e0 vendre\" class=\"wp-image-6674\" srcset=\"https:\/\/tianhuipackingmachine.com\/wp-content\/uploads\/2024\/05\/automatic-soap-packing-machine-for-sale-667x500.webp 667w, https:\/\/tianhuipackingmachine.com\/wp-content\/uploads\/2024\/05\/automatic-soap-packing-machine-for-sale-480x360.webp 480w, https:\/\/tianhuipackingmachine.com\/wp-content\/uploads\/2024\/05\/automatic-soap-packing-machine-for-sale-16x12.webp 16w, https:\/\/tianhuipackingmachine.com\/wp-content\/uploads\/2024\/05\/automatic-soap-packing-machine-for-sale.webp 720w\" sizes=\"auto, (max-width: 667px) 100vw, 667px\" \/><figcaption class=\"wp-element-caption\">Machine d'emballage automatique de savon \u00e0 vendre<\/figcaption><\/figure>    <h2 class=\"wp-block-heading\" id=\"h-why-choose-us-as-your-top-manufacturer-and-supplier\"><strong>Pourquoi nous choisir comme principal fabricant de machines d'emballage de savon\u00a0?<\/strong><\/h2>    <p>Il existe de nombreux fabricants de machines automatiques d\u2019emballage de savon sur le march\u00e9, mais pourquoi nous choisir comme fournisseur ? Les principaux points sont les suivants :<\/p>    <ul class=\"wp-block-list\"> <li>Riche exp\u00e9rience dans la conception, la recherche, la fabrication et la fourniture de divers types de machines d'emballage <ul class=\"wp-block-list\"> <li>Fond\u00e9e en 1992, Shuliy travaille dans l'industrie des machines d'emballage depuis plus de plusieurs d\u00e9cennies. Notre machine d'emballage de cubes de savon de bain jouit d'une excellente r\u00e9putation pour sa bonne qualit\u00e9 et son prix comp\u00e9titif.<\/li> <\/ul> <\/li>    <li>Syst\u00e8me d\u2019inspection et de livraison extr\u00eamement strict pour nos machines <ul class=\"wp-block-list\"> <li>Avant l'exp\u00e9dition, nous vous enverrons des photos et des vid\u00e9os pour v\u00e9rification. Normalement, nous emballons la machine dans des caisses en bois pour \u00e9viter tout dommage pendant le transport.<\/li> <\/ul> <\/li> <\/ul>    <figure class=\"wp-block-gallery has-nested-images columns-default is-cropped wp-block-gallery-4 is-layout-flex wp-block-gallery-is-layout-flex\"> <figure class=\"wp-block-image size-large\"><img loading=\"lazy\" decoding=\"async\" width=\"750\" height=\"500\" data-id=\"4080\" src=\"https:\/\/tianhuipackingmachine.com\/wp-content\/uploads\/2021\/12\/packing-display-of-the-machine-before-shipment-750x500.jpg\" alt=\"affichage de l&#039;emballage de la machine avant exp\u00e9dition\" class=\"wp-image-4080\" srcset=\"https:\/\/tianhuipackingmachine.com\/wp-content\/uploads\/2021\/12\/packing-display-of-the-machine-before-shipment.jpg 750w, https:\/\/tianhuipackingmachine.com\/wp-content\/uploads\/2021\/12\/packing-display-of-the-machine-before-shipment-480x320.jpg 480w\" sizes=\"auto, (max-width: 750px) 100vw, 750px\" \/><figcaption class=\"wp-element-caption\">Affichage d'emballage de la machine avant exp\u00e9dition<\/figcaption><\/figure>    <figure class=\"wp-block-image size-large\"><img loading=\"lazy\" decoding=\"async\" width=\"750\" height=\"500\" data-id=\"4078\" src=\"https:\/\/tianhuipackingmachine.com\/wp-content\/uploads\/2021\/12\/packaged-in-wooden-cases-750x500.jpg\" alt=\"emball\u00e9 dans des caisses en bois\" class=\"wp-image-4078\" srcset=\"https:\/\/tianhuipackingmachine.com\/wp-content\/uploads\/2021\/12\/packaged-in-wooden-cases.jpg 750w, https:\/\/tianhuipackingmachine.com\/wp-content\/uploads\/2021\/12\/packaged-in-wooden-cases-480x320.jpg 480w\" sizes=\"auto, (max-width: 750px) 100vw, 750px\" \/><figcaption class=\"wp-element-caption\">Emball\u00e9 dans des caisses en bois<\/figcaption><\/figure> <\/figure>    <ul class=\"wp-block-list\"> <li>Service apr\u00e8s-vente <ul class=\"wp-block-list\"> <li>Le manuel et la vid\u00e9o en anglais sont fournis pour vous aider \u00e0 installer et \u00e0 utiliser la machine. Si vous avez des questions sur nos produits, un service en ligne 24 heures sur 24 est disponible.<\/li> <\/ul> <\/li>    <li>Service de personnalisation <ul class=\"wp-block-list\"> <li>Nous pouvons personnaliser la machine d'emballage de savon de toilette en fonction de vos besoins sp\u00e9cifiques. Et nous pouvons personnaliser la tension en fonction de votre pays.<\/li> <\/ul> <\/li> <\/ul>    <h2 class=\"wp-block-heading\" id=\"h-get-in-touch-with-us\"><strong>Prenez contact avec nous!<\/strong><\/h2>    <p class=\"translation-block\">Que vous ayez des questions ou que vous souhaitiez en savoir plus sur notre machine d'emballage pour <a href=\"https:\/\/en.wikipedia.org\/wiki\/Soap\" target=\"_blank\" rel=\"noopener\">savon<\/a>, n'h\u00e9sitez pas \u00e0 nous contacter. Nous vous fournirons des r\u00e9ponses professionnelles et des services de qualit\u00e9 !<\/p>   <figure class=\"wp-block-embed-youtube wp-block-embed is-type-video is-provider-youtube wp-embed-aspect-16-9 wp-has-aspect-ratio lyte-align aligncenter\"><div class=\"lyte-wrapper\" title=\"Machine d&#039;emballage de savon | Machine d&#039;emballage \u00e0 flux horizontal de savon\" style=\"width:853px;max-width:100%;margin:5px auto;\"><div class=\"lyMe\" id=\"WYL_NqpZTmjrjgc\" itemprop=\"video\" itemscope itemtype=\"https:\/\/schema.org\/VideoObject\"><div><meta itemprop=\"thumbnailUrl\" content=\"https:\/\/i.ytimg.com\/vi\/NqpZTmjrjgc\/hqdefault.jpg\" \/><meta itemprop=\"embedURL\" content=\"https:\/\/www.youtube.com\/embed\/NqpZTmjrjgc\" \/><meta itemprop=\"duration\" content=\"PT44S\" \/><meta itemprop=\"uploadDate\" content=\"2021-10-22T05:55:46Z\" \/><\/div><div id=\"lyte_NqpZTmjrjgc\" data-src=\"https:\/\/i.ytimg.com\/vi\/NqpZTmjrjgc\/hqdefault.jpg\" class=\"pL\"><div class=\"tC\"><div class=\"tT\" itemprop=\"name\">Machine d'emballage de savon | Machine d'emballage \u00e0 flux horizontal de savon<\/div><\/div><div class=\"play\"><\/div><div class=\"ctrl\"><div class=\"Lctrl\"><\/div><div class=\"Rctrl\"><\/div><\/div><\/div><noscript><a href=\"https:\/\/youtu.be\/NqpZTmjrjgc\" rel=\"nofollow noopener\" target=\"_blank\"><img loading=\"lazy\" decoding=\"async\" src=\"https:\/\/i.ytimg.com\/vi\/NqpZTmjrjgc\/0.jpg\" alt=\"Machine d&#039;emballage de savon | Machine d&#039;emballage \u00e0 flux horizontal de savon\" width=\"853\" height=\"460\" \/><\/a><\/noscript><meta itemprop=\"description\" content=\"For more details: https:\/\/tianhuipackingmachine.com\/soap-packaging-machines\/ sales@toppackingmachine.com Whatsapp\/Tel: +86 17329326135 Soap packing machine is a kind of horizontal flow wrapping machine. It is widely used to package various shapes of soaps. With two electric motors and intelligent PLC control system, the soap wrapping machine is easy to operate and is super-efficient. Besides, different models of soap packing machine are available to fit different soap sizes. And we support customization service. Henan Top Packing Machinery Co., Ltd is a professional packing machine manufacturer and supplier. Our soap packaging machines have the features of good performance and affordable price. Welcome to get in touch with us for more details.\"><\/div><\/div><div class=\"lL\" style=\"max-width:100%;width:853px;margin:5px auto;\"> <a href=\"https:\/\/youtu.be\/NqpZTmjrjgc\" target=\"_blank\" rel=\"noopener\">Regarder cette vid\u00e9o sur YouTube<\/a>.<\/div><figcaption>vid\u00e9o de travail de la machine d'emballage de savon ronde<\/figcaption><\/figure>","protected":false},"excerpt":{"rendered":"<p>La machine d'emballage de savon Shuliy emballe de mani\u00e8re enti\u00e8rement automatique diverses formes de savon, telles que le cube de sopa, le savon de toilette, le savon rond, etc.<\/p>","protected":false},"author":1,"featured_media":3590,"parent":0,"template":"","tags":[213],"product-type":[139],"class_list":["post-1704","product","type-product","status-publish","has-post-thumbnail","hentry","tag-flow-wrapping-machine","product-type-pillow-packing-machines"],"_links":{"self":[{"href":"https:\/\/tianhuipackingmachine.com\/fr\/wp-json\/wp\/v2\/product\/1704","targetHints":{"allow":["GET"]}}],"collection":[{"href":"https:\/\/tianhuipackingmachine.com\/fr\/wp-json\/wp\/v2\/product"}],"about":[{"href":"https:\/\/tianhuipackingmachine.com\/fr\/wp-json\/wp\/v2\/types\/product"}],"author":[{"embeddable":true,"href":"https:\/\/tianhuipackingmachine.com\/fr\/wp-json\/wp\/v2\/users\/1"}],"wp:featuredmedia":[{"embeddable":true,"href":"https:\/\/tianhuipackingmachine.com\/fr\/wp-json\/wp\/v2\/media\/3590"}],"wp:attachment":[{"href":"https:\/\/tianhuipackingmachine.com\/fr\/wp-json\/wp\/v2\/media?parent=1704"}],"wp:term":[{"taxonomy":"post_tag","embeddable":true,"href":"https:\/\/tianhuipackingmachine.com\/fr\/wp-json\/wp\/v2\/tags?post=1704"},{"taxonomy":"product-type","embeddable":true,"href":"https:\/\/tianhuipackingmachine.com\/fr\/wp-json\/wp\/v2\/product-type?post=1704"}],"curies":[{"name":"wp","href":"https:\/\/api.w.org\/{rel}","templated":true}]}}