{"id":1455,"date":"2021-06-25T10:31:26","date_gmt":"2021-06-25T02:31:26","guid":{"rendered":"https:\/\/tianhuipackingmachine.com\/?page_id=1455"},"modified":"2022-09-26T14:04:22","modified_gmt":"2022-09-26T06:04:22","slug":"automatic-packing-machine","status":"publish","type":"product","link":"https:\/\/tianhuipackingmachine.com\/fr\/automatic-packing-machine\/","title":{"rendered":"Machine d'emballage automatique"},"content":{"rendered":"<p class=\"translation-block\"><strong>La machine d'emballage automatique<\/strong> a \u00e9t\u00e9 appliqu\u00e9e \u00e0 l'alimentation, aux boissons, aux m\u00e9dicaments, au mat\u00e9riel, \u00e0 la menuiserie, etc. Nous pouvons voir des produits emball\u00e9s partout dans notre vie quotidienne. Diff\u00e9rents types et tailles d'emballage ont grandement satisfait les besoins des gens. Les gens ne vont pas seulement remarquer le produit lui-m\u00eame, mais aussi consid\u00e9rer son emballage lorsqu'ils ach\u00e8tent quelque chose. Un emballage joli et soign\u00e9 attirerait beaucoup de clients. De plus, une excellente machine d'emballage automatique peut am\u00e9liorer consid\u00e9rablement l'efficacit\u00e9 et \u00e9conomiser de la main-d'\u0153uvre. Selon le degr\u00e9 d'automatisation, l'\u00e9quipement d'emballage est divis\u00e9 en machine d'emballage enti\u00e8rement automatique et machine d'emballage semi-automatique. Vous pouvez choisir une machine d'emballage adapt\u00e9e en fonction de vos besoins. Et nous fournissons un service sur mesure. Contactez-nous pour obtenir plus d'informations.<\/p>    <h2 class=\"wp-block-heading\" id=\"h-various-types-of-automatic-packing-machine-for-sale\"><strong>Diff\u00e9rents types de machines d'emballage automatiques \u00e0 vendre<\/strong><\/h2>    <p>Les machines d'emballage automatiques \u00e0 vendre dans TOP Packing Machinery sont principalement des machines d'emballage de poudre, des \u00e9quipements d'emballage de granul\u00e9s, des \u00e9quipements d'emballage de liquides, des machines d'emballage sous vide, des \u00e9quipements d'emballage verticaux, des machines d'emballage d'oreillers, etc. Les machines d'emballage de poudre, de granul\u00e9s et de liquides sont g\u00e9n\u00e9ralement des \u00e9quipements d'emballage verticaux. Une machine d'emballage sous vide est utilis\u00e9e pour emballer des aliments p\u00e9rissables, comme de la viande fra\u00eeche, des fruits, des l\u00e9gumes, etc. Tandis que la machine d'emballage d'oreillers convient aux formes r\u00e9guli\u00e8res de produits, tels que le pain, le g\u00e2teau de lune, les biscuits, les masques, les v\u00eatements, etc. Si vous souhaitez emballer plusieurs petits sacs dans un seul sac, c'est une bonne id\u00e9e de s\u00e9lectionner un \u00e9quipement d'emballage d'oreillers. En outre, nous fournissons \u00e9galement une machine d'emballage automatique sp\u00e9cifique, comme une machine d'emballage automatique de sachets de th\u00e9, qui peut terminer automatiquement l'ensemble du processus d'emballage du sac int\u00e9rieur et du sac ext\u00e9rieur. Pendant ce temps, un service de personnalisation est disponible. Si vous \u00eates int\u00e9ress\u00e9 par nos produits, contactez-nous pour plus de d\u00e9tails.<\/p>    <div class=\"wp-block-columns is-layout-flex wp-container-core-columns-is-layout-28f84493 wp-block-columns-is-layout-flex\"> <div class=\"wp-block-column is-layout-flow wp-block-column-is-layout-flow\"> <figure class=\"wp-block-image size-large\"><img loading=\"lazy\" decoding=\"async\" width=\"600\" height=\"450\" src=\"https:\/\/tianhuipackingmachine.com\/wp-content\/uploads\/2021\/06\/powder-pouch-packing-machine-2.jpg\" alt=\"fournisseur de machine d&#039;emballage de sachets de poudre\" class=\"wp-image-1351\" srcset=\"https:\/\/tianhuipackingmachine.com\/wp-content\/uploads\/2021\/06\/powder-pouch-packing-machine-2.jpg 600w, https:\/\/tianhuipackingmachine.com\/wp-content\/uploads\/2021\/06\/powder-pouch-packing-machine-2-300x225.jpg 300w\" sizes=\"auto, (max-width: 600px) 100vw, 600px\" \/><figcaption>Machine d'emballage de sachets de poudre<\/figcaption><\/figure> <\/div>    <div class=\"wp-block-column is-layout-flow wp-block-column-is-layout-flow\"> <h3 class=\"has-text-color wp-block-heading\" id=\"h-1-80g-automatic-powder-packing-machine-parameters\" style=\"color:#ff5200\">Param\u00e8tres automatiques de la machine d'emballage de poudre 1-80g<\/h3>    <ul class=\"wp-block-list\"><li>Style d'emballage (style sac): joint \u00e0 3 c\u00f4t\u00e9s\/joint arri\u00e8re\/joint \u00e0 4 c\u00f4t\u00e9s<\/li><li>Vitesse d'emballage : 20-80 sacs\/min<\/li><li>Consommation d'\u00e9nergie\u00a0: 1,8\u00a0kw<\/li><li>Consommation d'\u00e9nergie\u00a0: 1,8\u00a0kw<\/li><li>Poids\u00a0:\u00a0250\u00a0kg<\/li><li>Dimensions\u00a0: 650*1050*1950mm<\/li><li>Poids de l'emballage : 0-80g<\/li><li>Largeur du sac\u00a0:\u00a020-150 mm (remplacer l'ancien sac)<\/li><li>Longueur du sac : 30-180 mm r\u00e9glable.<\/li><li>Remarque\u00a0: service personnalis\u00e9 disponible<\/li><\/ul> <\/div> <\/div>    <div class=\"wp-block-columns is-layout-flex wp-container-core-columns-is-layout-28f84493 wp-block-columns-is-layout-flex\"> <div class=\"wp-block-column is-layout-flow wp-block-column-is-layout-flow\"> <figure class=\"wp-block-image size-large\"><img loading=\"lazy\" decoding=\"async\" width=\"600\" height=\"450\" src=\"https:\/\/tianhuipackingmachine.com\/wp-content\/uploads\/2021\/06\/automatic-granule-packing-machine.jpg\" alt=\"machine d&#039;emballage automatique de granul\u00e9s\" class=\"wp-image-1457\" srcset=\"https:\/\/tianhuipackingmachine.com\/wp-content\/uploads\/2021\/06\/automatic-granule-packing-machine.jpg 600w, https:\/\/tianhuipackingmachine.com\/wp-content\/uploads\/2021\/06\/automatic-granule-packing-machine-300x225.jpg 300w\" sizes=\"auto, (max-width: 600px) 100vw, 600px\" \/><figcaption>Machine d'emballage automatique de granul\u00e9s<\/figcaption><\/figure> <\/div>    <div class=\"wp-block-column is-layout-flow wp-block-column-is-layout-flow\"> <h3 class=\"has-text-color wp-block-heading\" id=\"h-th-320-granule-packing-machine-parameters\" style=\"color:#ff5200\">Param\u00e8tres de la machine d'emballage de granul\u00e9s TH-320<\/h3>    <ul class=\"wp-block-list\"><li>Style de sac\u00a0: fermeture arri\u00e8re<\/li><li>Vitesse d'emballage\u00a0: 32 \u00e0 72\u00a0sacs\/min ou\u00a050 \u00e0 100\u00a0sacs\/min<\/li><li>Longueur du sac\u00a0: 30-180\u00a0mm<\/li><li>Largeur du sac\u00a0:\u00a025-145\u00a0mm (besoin de remplacer l'ancien)<\/li><li>Plage de remplissage\u00a0:\u00a022-220\u00a0ml<\/li><li>Consommation \u00e9lectrique\u00a0: 1,8\u00a0KW<\/li><li>Poids : 250 kg<\/li><li>Dimensions\u00a0: 650*1050*1950mm<\/li><li>Taille du carton\u00a0: 1100*750*1820mm<\/li><li>Remarque\u00a0: service OEM disponible<\/li><\/ul> <\/div> <\/div>    <div class=\"wp-block-columns is-layout-flex wp-container-core-columns-is-layout-28f84493 wp-block-columns-is-layout-flex\"> <div class=\"wp-block-column is-layout-flow wp-block-column-is-layout-flow\"> <figure class=\"wp-block-image size-large\"><img loading=\"lazy\" decoding=\"async\" width=\"600\" height=\"450\" src=\"https:\/\/tianhuipackingmachine.com\/wp-content\/uploads\/2021\/06\/automatic-liquid-packing-machine.jpg\" alt=\"machine d&#039;emballage automatique de liquides\" class=\"wp-image-1460\" srcset=\"https:\/\/tianhuipackingmachine.com\/wp-content\/uploads\/2021\/06\/automatic-liquid-packing-machine.jpg 600w, https:\/\/tianhuipackingmachine.com\/wp-content\/uploads\/2021\/06\/automatic-liquid-packing-machine-300x225.jpg 300w\" sizes=\"auto, (max-width: 600px) 100vw, 600px\" \/><figcaption>Machine d'emballage automatique de liquides<\/figcaption><\/figure> <\/div>    <div class=\"wp-block-column is-layout-flow wp-block-column-is-layout-flow\"> <h3 class=\"has-text-color wp-block-heading\" id=\"h-th-420-liquid-packaging-machine-parameters\" style=\"color:#ff5200\">Param\u00e8tres de la machine de conditionnement liquide TH-420<\/h3>    <ul class=\"wp-block-list\"><li>Type: machine d'emballage liquide TH-420<\/li><li>Longueur du sac\u00a0: 80-300 mm (L)<\/li><li>Largeur du sac\u00a0: 50-200 mm (L)<\/li><li>Vitesse d'emballage: 5-30 sacs\/min<\/li><li>Plage de mesure : 5-1000 ml<\/li><li>Consommation d'air\u00a0: 0,65\u00a0mpa<\/li><li>Consommation de gaz\u00a0: 0,3 m\u00b3\/min<\/li><li>Tension: 220 V<\/li><li>Puissance :2,2KW<\/li><li>Dimension\u00a0:(L)1320 mm\u00d7(L)950 mm\u00d7(H)1360 mm<\/li><li>Poids :540Kg<\/li><li>Remarque : service personnalis\u00e9 disponible<\/li><\/ul> <\/div> <\/div>    <div class=\"wp-block-columns is-layout-flex wp-container-core-columns-is-layout-28f84493 wp-block-columns-is-layout-flex\"> <div class=\"wp-block-column is-layout-flow wp-block-column-is-layout-flow\"> <figure class=\"wp-block-image size-full\"><img loading=\"lazy\" decoding=\"async\" width=\"600\" height=\"450\" src=\"https:\/\/tianhuipackingmachine.com\/wp-content\/uploads\/2021\/12\/automatic-pillow-packing-machine.jpg\" alt=\"machine d&#039;emballage automatique d&#039;oreillers\" class=\"wp-image-3611\" srcset=\"https:\/\/tianhuipackingmachine.com\/wp-content\/uploads\/2021\/12\/automatic-pillow-packing-machine.jpg 600w, https:\/\/tianhuipackingmachine.com\/wp-content\/uploads\/2021\/12\/automatic-pillow-packing-machine-480x360.jpg 480w\" sizes=\"auto, (max-width: 600px) 100vw, 600px\" \/><figcaption>Machine d'emballage automatique d'oreillers<\/figcaption><\/figure> <\/div>    <div class=\"wp-block-column is-layout-flow wp-block-column-is-layout-flow\"> <h3 class=\"has-text-color wp-block-heading\" id=\"h-th-450-pillow-packing-equipment-parameters\" style=\"color:#ff5200\">Param\u00e8tres de l'\u00e9quipement d'emballage d'oreiller TH-450<\/h3>    <ul class=\"wp-block-list\" id=\"block-2b2732e3-9ecb-491e-b7cd-ef8fd6cac921\"><li>Largeur du film : maximum 450 mm<\/li><li>Longueur du sac\u00a0: 130-450\u00a0mm<\/li><li>Largeur du sac\u00a0: 50-80\u00a0mm<\/li><li>Hauteur du produit\u00a0:\u00a0Max.70\u00a0mm<\/li><li>Vitesse d'emballage : 30-180 sacs\/min<\/li><li>Puissance : 220 V, 50\/60 Hz, 2,6 KVA.<\/li><li>Poids : 900 kg<\/li><li>Dimension\u00a0: 4020*745*1450 mm<\/li><li>Remarque\u00a0: personnalisation disponible<\/li><\/ul> <\/div> <\/div>    <h2 class=\"wp-block-heading\" id=\"h-fully-automatic-packaging-machine-vs-semi-automatic-packing-machine\"><strong>Machine d'emballage enti\u00e8rement automatique VS machine d'emballage semi-automatique<\/strong><\/h2>    <p>Il existe des similitudes et des diff\u00e9rences entre les \u00e9quipements d'emballage enti\u00e8rement automatiques et les \u00e9quipements d'emballage semi-automatiques comme suit. Premi\u00e8rement, quelles que soient les machines d'emballage enti\u00e8rement automatiques ou semi-automatiques, par rapport au travail enti\u00e8rement manuel, elles am\u00e9liorent toutes deux l'efficacit\u00e9 du travail dans une certaine mesure. Deuxi\u00e8mement, leur pes\u00e9e et leur remplissage sont assez pr\u00e9cis et pratiques. Troisi\u00e8mement, une machine d'emballage enti\u00e8rement automatique peut compl\u00e9ter l'ensemble du processus de formation des sacs, d'impression de la date, de pes\u00e9e, de remplissage, de scellage, de d\u00e9coupe et de comptage. Alors que l\u2019\u00e9quipement d\u2019emballage semi-automatique n\u00e9cessite que le personnel place le sac sur la machine pour le remplir et le sceller. En bref, un \u00e9quipement d'emballage enti\u00e8rement automatique permet d'\u00e9conomiser plus de temps, de main d'\u0153uvre et de travailler plus efficacement qu'une machine d'emballage semi-automatique.<\/p>    <h2 class=\"wp-block-heading\" id=\"h-wide-applications-of-automatic-packing-machine\"><strong>Applications larges de la machine d'emballage automatique<\/strong><\/h2>    <p>L'\u00e9quipement d'emballage automatique a une application r\u00e9pandue dans divers types d'industries, telles que les industries alimentaires, les produits chimiques \u00e0 usage quotidien, les cosm\u00e9tiques, les produits pharmaceutiques, le tabac, le th\u00e9, la quincaillerie, la boulangerie, l'habillement, les boissons, les sauces, etc. Selon l'\u00e9tat de remplissage mat\u00e9riaux, l'\u00e9quipement d'emballage automatique comprend une machine d'emballage de poudre, de granul\u00e9s, de p\u00e2te et de liquide.<\/p>    <ul class=\"wp-block-list\"><li><strong><a href=\"https:\/\/tianhuipackingmachine.com\/fr\/powder-packing-machine\/\">Machine d'emballage de poudre<\/a><\/strong> s'applique au lait en poudre, \u00e0 la poudre de caf\u00e9, \u00e0 la poudre de poivre noir, \u00e0 la poudre de cumin, \u00e0 la poudre de masala, \u00e0 la poudre pharmaceutique, \u00e0 la farine, \u00e0 la farine de ma\u00efs, etc.<\/li><li>Le <strong><a href=\"https:\/\/tianhuipackingmachine.com\/fr\/machine-demballage-de-granules\/\">machine de conditionnement de granul\u00e9s<\/a><\/strong> convient \u00e0 l'emballage de grains de caf\u00e9, de collations, de pop-corn, de chips, de craquelins de crevettes, de riz, de bonbons, de graines, de c\u00e9r\u00e9ales, de comprim\u00e9s, de petites billes d'acier, de d\u00e9tergents, etc.<\/li><li>Le <strong><a href=\"https:\/\/tianhuipackingmachine.com\/fr\/liquid-packing-machine\/\">machine d'emballage liquide<\/a><\/strong> Il est pr\u00e9f\u00e9rable d'emballer le liquide avec une bonne fluidit\u00e9, comme l'eau, le lait, le caf\u00e9, le jus, la bi\u00e8re, le vin, l'huile comestible, le vinaigre, la sauce soja, etc.<\/li><li>Tandis que l'\u00e9quipement d'emballage de p\u00e2te s'applique \u00e0 la sauce au chocolat, \u00e0 la sauce tomate, \u00e0 la sauce \u00e0 spaghetti, \u00e0 la vinaigrette, au beurre de cacahu\u00e8te, \u00e0 la confiture, etc.<\/li><\/ul>    <p class=\"translation-block\">De plus, les solides de formes r\u00e9guli\u00e8res peuvent \u00eatre emball\u00e9s par une machine d'emballage en coussin, comme des serviettes, des masques, des v\u00eatements, du pain, des biscuits, etc. Et c'est une bonne id\u00e9e d'utiliser<strong><a href=\"https:\/\/tianhuipackingmachine.com\/fr\/vacuum-packaging-machine\/\"> une machine d'emballage sous vide<\/a><\/strong> pour les aliments p\u00e9rissables, comme la viande fra\u00eeche, les fruits et les l\u00e9gumes, prolongeant ainsi leur dur\u00e9e de conservation.<\/p>    <div class=\"wp-block-columns is-layout-flex wp-container-core-columns-is-layout-28f84493 wp-block-columns-is-layout-flex\"> <div class=\"wp-block-column is-layout-flow wp-block-column-is-layout-flow\"> <figure class=\"wp-block-image size-large\"><img loading=\"lazy\" decoding=\"async\" width=\"600\" height=\"450\" src=\"https:\/\/tianhuipackingmachine.com\/wp-content\/uploads\/2021\/05\/powder-packing-equipment-applications.jpg\" alt=\"applications d&#039;\u00e9quipement d&#039;emballage de poudre\" class=\"wp-image-700\" srcset=\"https:\/\/tianhuipackingmachine.com\/wp-content\/uploads\/2021\/05\/powder-packing-equipment-applications.jpg 600w, https:\/\/tianhuipackingmachine.com\/wp-content\/uploads\/2021\/05\/powder-packing-equipment-applications-300x225.jpg 300w\" sizes=\"auto, (max-width: 600px) 100vw, 600px\" \/><figcaption>Applications d'\u00e9quipement d'emballage de poudre<\/figcaption><\/figure> <\/div>    <div class=\"wp-block-column is-layout-flow wp-block-column-is-layout-flow\"> <figure class=\"wp-block-image size-large\"><img loading=\"lazy\" decoding=\"async\" width=\"600\" height=\"450\" src=\"https:\/\/tianhuipackingmachine.com\/wp-content\/uploads\/2021\/05\/horizontal-packing-machine-applications.jpg\" alt=\"applications de machines d&#039;emballage horizontales\" class=\"wp-image-748\" srcset=\"https:\/\/tianhuipackingmachine.com\/wp-content\/uploads\/2021\/05\/horizontal-packing-machine-applications.jpg 600w, https:\/\/tianhuipackingmachine.com\/wp-content\/uploads\/2021\/05\/horizontal-packing-machine-applications-300x225.jpg 300w\" sizes=\"auto, (max-width: 600px) 100vw, 600px\" \/><figcaption>Applications des machines d'emballage horizontales<\/figcaption><\/figure> <\/div> <\/div>    <h2 class=\"wp-block-heading\" id=\"h-how-to-choose-a-satisfactory-automatic-packing-machine\"><strong>Comment choisir une machine d\u2019emballage automatique satisfaisante ?<\/strong><strong><\/strong><\/h2>    <p class=\"translation-block\">Lorsque vous choisissez et achetez une machine d'emballage automatique, vous devez consid\u00e9rer les points suivants. Tout d'abord, quels mat\u00e9riaux de remplissage pr\u00e9parez-vous \u00e0 emballer ? Vous pouvez s\u00e9lectionner selon leur \u00e9tat, poudre, solide, liquide ou p\u00e2te. Deuxi\u00e8mement, quelle vitesse et quelle taille d'emballage souhaitez-vous ? Diff\u00e9rents types de machines d'emballage automatiques ont des vitesses et tailles d'emballage diverses. Il vaut mieux choisir celle qui convient le mieux \u00e0 vos produits. Troisi\u00e8mement, quel style d'emballage choisissez-vous ? Il y a le scellage arri\u00e8re, le scellage \u00e0 3 c\u00f4t\u00e9s, le scellage \u00e0 4 c\u00f4t\u00e9s, le sac pyramidal, etc. Faites un choix parmi eux. De plus, vous pouvez \u00e9galement trouver <strong><a href=\"https:\/\/tianhuipackingmachine.com\/fr\/\">un fabricant et fournisseur fiable<\/a><\/strong> pour personnaliser l'\u00e9quipement selon vos besoins r\u00e9els.<\/p>    <h2 class=\"wp-block-heading\" id=\"h-what-s-the-automatic-packing-equipment-price\"><strong>Quoi<\/strong><strong>'<\/strong><strong>Quel est le prix de l'\u00e9quipement d'emballage automatique\u00a0?<\/strong><strong><\/strong><\/h2>    <p>La machine d'emballage automatique est affect\u00e9e par de nombreux facteurs, principalement les types de machine d'emballage. Par exemple, l'\u00e9quipement d'emballage de poudre, la machine d'emballage de granul\u00e9s, la machine d'emballage de liquides sont des machines d'emballage verticales. Le remplissage de poudre n\u00e9cessite une vis, des granul\u00e9s avec une tasse \u00e0 mesurer et un liquide \u00e9quip\u00e9 d'un tuyau et d'une pompe. En outre, l'\u00e9quipement d'emballage sous vide adopte une chambre simple ou une chambre double. La machine d'emballage d'oreillers propose deux types de bandes transporteuses en option, une sorte de bande transporteuse avec cha\u00eenes et loquets de verrouillage, et un type de bande transporteuse \u00e0 film servo. Ces diff\u00e9rences font varier le prix. De plus, nous vous proposons un service personnalis\u00e9. Le prix d\u00e9pend de vos besoins r\u00e9els.<\/p>    <h2 class=\"wp-block-heading\" id=\"h-different-structures-of-automatic-packing-equipment\"><strong>Diff\u00e9rentes structures d'\u00e9quipement d'emballage automatique<\/strong><strong><\/strong><\/h2>    <p class=\"translation-block\">L'\u00e9quipement d'emballage semi-automatique est \u00e9quip\u00e9 d'un tr\u00e9mie, d'un dispositif de pes\u00e9e, d'un dispositif de remplissage, d'un dispositif de scellage et de coupe. Alors que la machine d'emballage enti\u00e8rement automatique offre un PLC, une tr\u00e9mie, un support de film d'emballage, un formateur de sacs, des roues de tirage de film, un dispositif de scellage et de coupe. Parmi l'\u00e9quipement d'emballage enti\u00e8rement automatique, la machine d'emballage de poudre utilise une vis pour contr\u00f4ler le volume de remplissage. La machine d'emballage de granules adopte une tasse de mesure sur la plateforme pour le remplissage. La machine d'emballage liquide remplit les mat\u00e9riaux avec une pompe. Tandis que la machine d'emballage sous vide est divis\u00e9e en <strong><a href=\"https:\/\/tianhuipackingmachine.com\/fr\/single-chamber-vacuum-packaging-machine\/\">\u00e9quipement d'emballage sous vide \u00e0 chambre unique<\/a><\/strong> et <strong><a href=\"https:\/\/tianhuipackingmachine.com\/fr\/double-chamber-vacuum-packaging-machine\/\">\u00e9quipement d'emballage sous vide \u00e0 double chambre<\/a><\/strong>. Et il y a deux types de bandes transporteuses optionnelles pour la machine d'emballage en coussin, l'une est une bande transporteuse avec cha\u00eene et crochets de verrouillage, et l'autre est une bande transporteuse de film servo. Cette derni\u00e8re est plus intelligente que la premi\u00e8re.<\/p>    <div class=\"wp-block-columns is-layout-flex wp-container-core-columns-is-layout-28f84493 wp-block-columns-is-layout-flex\"> <div class=\"wp-block-column is-layout-flow wp-block-column-is-layout-flow\"> <figure class=\"wp-block-image size-large\"><img loading=\"lazy\" decoding=\"async\" width=\"600\" height=\"450\" src=\"https:\/\/tianhuipackingmachine.com\/wp-content\/uploads\/2021\/05\/powder-packing-equipment-parts.jpg\" alt=\"pi\u00e8ces d&#039;\u00e9quipement d&#039;emballage de poudre\" class=\"wp-image-701\" srcset=\"https:\/\/tianhuipackingmachine.com\/wp-content\/uploads\/2021\/05\/powder-packing-equipment-parts.jpg 600w, https:\/\/tianhuipackingmachine.com\/wp-content\/uploads\/2021\/05\/powder-packing-equipment-parts-300x225.jpg 300w\" sizes=\"auto, (max-width: 600px) 100vw, 600px\" \/><figcaption>Pi\u00e8ces d'\u00e9quipement d'emballage de poudre<\/figcaption><\/figure> <\/div>    <div class=\"wp-block-column is-layout-flow wp-block-column-is-layout-flow\"> <figure class=\"wp-block-image size-large\"><img loading=\"lazy\" decoding=\"async\" width=\"600\" height=\"450\" src=\"https:\/\/tianhuipackingmachine.com\/wp-content\/uploads\/2021\/06\/rotary-table-and-measuring-cup.jpg\" alt=\"tasse \u00e0 mesurer de la machine \u00e0 emballer\" class=\"wp-image-1053\" srcset=\"https:\/\/tianhuipackingmachine.com\/wp-content\/uploads\/2021\/06\/rotary-table-and-measuring-cup.jpg 600w, https:\/\/tianhuipackingmachine.com\/wp-content\/uploads\/2021\/06\/rotary-table-and-measuring-cup-300x225.jpg 300w\" sizes=\"auto, (max-width: 600px) 100vw, 600px\" \/><figcaption>Table rotative et tasse \u00e0 mesurer<\/figcaption><\/figure> <\/div> <\/div>    <h2 class=\"wp-block-heading\" id=\"h-features-benefits-of-automatic-packing-equipment\"><strong>Caract\u00e9ristiques et avantages de l'\u00e9quipement d'emballage automatique<\/strong><strong><\/strong><\/h2>    <ol class=\"wp-block-list\" type=\"1\"><li>Structure simple, facile \u00e0 installer et \u00e0 utiliser\u00a0;<\/li><li>Les moteurs \u00e9lectriques contr\u00f4lent les composants de la machine s\u00e9par\u00e9ment, fonctionnant de mani\u00e8re stable et efficace\u00a0;<\/li><li>La machine d'emballage enti\u00e8rement automatique adopte un PLC pour configurer la vitesse d'emballage, la longueur des sacs, la temp\u00e9rature de scellage, etc.\u00a0;<\/li><li>L'\u00e9quipement d'emballage automatique est \u00e9quip\u00e9 d'un couvercle en verre transparent autour des dispositifs de scellage et de d\u00e9coupe, une mesure de s\u00e9curit\u00e9\u00a0;<\/li><li>Les boutons d'arr\u00eat d'urgence et de marchepied sont con\u00e7us pour la situation particuli\u00e8re\u00a0;<\/li><li>La vis est utilis\u00e9e dans une machine automatique de conditionnement de poudre pour contr\u00f4ler le volume des mat\u00e9riaux de remplissage\u00a0;<\/li><li>Deux roues d'\u00e9tirage du film tirent le film pour le sceller, assurant ainsi le mouvement du film\u00a0;<\/li><li>Diff\u00e9rents styles d'emballage sont facultatifs, tels que le joint arri\u00e8re, le joint \u00e0 3 c\u00f4t\u00e9s, le joint \u00e0 4 c\u00f4t\u00e9s, la pyramide, etc.\u00a0;<\/li><li>Quatre roues au bas de la machine d'emballage verticale, faciles \u00e0 d\u00e9placer.<\/li><li>Service OEM disponible<\/li><\/ol>    <h2 class=\"wp-block-heading\" id=\"h-contact-us-and-get-a-custom-automatic-packing-machine\"><strong>Contactez-nous et g<\/strong><strong>et<\/strong><strong>&nbsp;<\/strong><strong>une coutume<\/strong><strong>&nbsp;machine d'emballage automatique<\/strong><strong><\/strong><\/h2>    <p class=\"translation-block\">Une excellente machine d'emballage automatique prot\u00e9gerait les produits des dommages, attirerait de nombreux clients, am\u00e9liorerait consid\u00e9rablement l'efficacit\u00e9 et la pr\u00e9cision du travail. En voyant ces machines d'emballage automatiques, trouvez-vous une ou plusieurs machines qui vous int\u00e9ressent ? <strong><a href=\"https:\/\/tianhuipackingmachine.com\/fr\/contact\/\">Contactez-nous et obtenez plus de d\u00e9tails <\/a><\/strong> sur nos produits. Si vous souhaitez personnaliser votre propre \u00e9quipement d'emballage automatique, nous le fabriquerons selon vos exigences r\u00e9elles. N'h\u00e9sitez pas \u00e0 nous contacter, et nous ferons de notre mieux pour r\u00e9pondre \u00e0 vos besoins.<\/p>","protected":false},"excerpt":{"rendered":"<p>Automatic packaging machine has been applied to food, drink, medicine, hardware, woodwork, etc. We can see packing products everywhere in our daily life. Different packaging types and sizes have greatly satisfied people&#8217;s needs. People will not only notice the product itself but also consider its packaging when they purchase something. A pretty and neat packing [&hellip;]<\/p>\n","protected":false},"author":1,"featured_media":1351,"parent":0,"template":"","tags":[171],"product-type":[145],"class_list":["post-1455","product","type-product","status-publish","has-post-thumbnail","hentry","tag-automatic-packing-machine","product-type-other-products"],"_links":{"self":[{"href":"https:\/\/tianhuipackingmachine.com\/fr\/wp-json\/wp\/v2\/product\/1455","targetHints":{"allow":["GET"]}}],"collection":[{"href":"https:\/\/tianhuipackingmachine.com\/fr\/wp-json\/wp\/v2\/product"}],"about":[{"href":"https:\/\/tianhuipackingmachine.com\/fr\/wp-json\/wp\/v2\/types\/product"}],"author":[{"embeddable":true,"href":"https:\/\/tianhuipackingmachine.com\/fr\/wp-json\/wp\/v2\/users\/1"}],"wp:featuredmedia":[{"embeddable":true,"href":"https:\/\/tianhuipackingmachine.com\/fr\/wp-json\/wp\/v2\/media\/1351"}],"wp:attachment":[{"href":"https:\/\/tianhuipackingmachine.com\/fr\/wp-json\/wp\/v2\/media?parent=1455"}],"wp:term":[{"taxonomy":"post_tag","embeddable":true,"href":"https:\/\/tianhuipackingmachine.com\/fr\/wp-json\/wp\/v2\/tags?post=1455"},{"taxonomy":"product-type","embeddable":true,"href":"https:\/\/tianhuipackingmachine.com\/fr\/wp-json\/wp\/v2\/product-type?post=1455"}],"curies":[{"name":"wp","href":"https:\/\/api.w.org\/{rel}","templated":true}]}}