{"id":1384,"date":"2021-06-23T15:04:36","date_gmt":"2021-06-23T07:04:36","guid":{"rendered":"https:\/\/tianhuipackingmachine.com\/?page_id=1384"},"modified":"2024-10-16T14:17:18","modified_gmt":"2024-10-16T06:17:18","slug":"single-chamber-vacuum-packaging-machine","status":"publish","type":"product","link":"https:\/\/tianhuipackingmachine.com\/fr\/single-chamber-vacuum-packaging-machine\/","title":{"rendered":"Machine d'emballage sous vide \u00e0 chambre unique"},"content":{"rendered":"<p class=\"translation-block\">La <strong>machine de conditionnement sous vide \u00e0 chambre unique Shuliy<\/strong> s'applique \u00e0 la nourriture, aux grains, \u00e0 la viande, aux l\u00e9gumes, etc. La mise sous vide prolonge la dur\u00e9e de conservation des aliments en \u00e9liminant l'air. Le peu d'air dans le sac emp\u00eache la croissance des microbes et ralentit la d\u00e9t\u00e9rioration des aliments.<\/p>    <p>Il s\u2019agit d\u2019une machine sous vide d\u2019une capacit\u00e9 de 1 \u00e0 10 sacs par minute. Cette machine d'emballage sous vide convient aussi bien aux applications domestiques que commerciales. <\/p>    <p>La machine d'emballage sous vide \u00e0 pi\u00e8ce unique peut satisfaire des tailles ordinaires d'emballage de sacs avec une op\u00e9ration simple. De plus, nous prenons en charge le service OEM en fonction de vos besoins pr\u00e9cis. <\/p>    <p>Si vous recherchez une machine d'emballage sous vide fiable, veuillez nous contacter d\u00e8s que possible pour plus d'informations sur la machine\u00a0!<\/p>   <figure class=\"wp-block-embed-youtube wp-block-embed is-type-video is-provider-youtube wp-embed-aspect-16-9 wp-has-aspect-ratio\"><div class=\"lyte-wrapper\" title=\"Machine d&#039;emballage sous vide \u00e0 chambre unique pour le riz et la farine\uff5cMeilleur choix pour la conservation des aliments #pack\" style=\"width:853px;max-width:100%;margin:5px auto;\"><div class=\"lyMe\" id=\"WYL_q9kFbJGuf88\" itemprop=\"video\" itemscope itemtype=\"https:\/\/schema.org\/VideoObject\"><div><meta itemprop=\"thumbnailUrl\" content=\"https:\/\/i.ytimg.com\/vi\/q9kFbJGuf88\/hqdefault.jpg\" \/><meta itemprop=\"embedURL\" content=\"https:\/\/www.youtube.com\/embed\/q9kFbJGuf88\" \/><meta itemprop=\"duration\" content=\"PT1M12S\" \/><meta itemprop=\"uploadDate\" content=\"2024-09-26T06:56:41Z\" \/><\/div><meta itemprop=\"accessibilityFeature\" content=\"captions\" \/><div id=\"lyte_q9kFbJGuf88\" data-src=\"https:\/\/i.ytimg.com\/vi\/q9kFbJGuf88\/hqdefault.jpg\" class=\"pL\"><div class=\"tC\"><div class=\"tT\" itemprop=\"name\">Machine d'emballage sous vide \u00e0 chambre unique pour le riz et la farine\uff5cMeilleur choix pour la conservation des aliments #pack<\/div><\/div><div class=\"play\"><\/div><div class=\"ctrl\"><div class=\"Lctrl\"><\/div><div class=\"Rctrl\"><\/div><\/div><\/div><noscript><a href=\"https:\/\/youtu.be\/q9kFbJGuf88\" rel=\"nofollow noopener\" target=\"_blank\"><img loading=\"lazy\" decoding=\"async\" src=\"https:\/\/i.ytimg.com\/vi\/q9kFbJGuf88\/0.jpg\" alt=\"Machine d&#039;emballage sous vide \u00e0 chambre unique pour le riz et la farine\uff5cMeilleur choix pour la conservation des aliments #pack\" width=\"853\" height=\"460\" \/><\/a><\/noscript><meta itemprop=\"description\" content=\"#vacuumsealer #vacuumpackingmachine #vacuumpackaging #vacuumpacking #packingsolution WhatsApp No.: https:\/\/wa.me\/+8613673689272 WeChat\/Tel No.:+8613673689272 Email: sales@tianhuipackingmachine.com Website: https:\/\/tianhuipackingmachine.com\/single-chamber-vacuum-packaging-machine\/ In this video, we demonstrate the excellent performance of the Schulich Single Chamber Vacuum Packaging Machine for vacuum packaging of rice and flour. The vacuum sealer machine is easy to operate and efficiently seals to ensure long term food freshness. Whether it&#039;s rice or flour, this vacuum packaging machine ensures tight packaging and maximizes shelf life, making it especially suitable for grain storage and food processing industries. Feel free to watch the machine in action and see how it can help you improve your productivity. WhatsApp No.: https:\/\/wa.me\/+8613673689272 WeChat\/Tel No.:+8613673689272 Email: sales@tianhuipackingmachine.com Website: https:\/\/tianhuipackingmachine.com\/single-chamber-vacuum-packaging-machine\/\"><\/div><\/div><div class=\"lL\" style=\"max-width:100%;width:853px;margin:5px auto;\"> <a href=\"https:\/\/youtu.be\/q9kFbJGuf88\" target=\"_blank\" rel=\"noopener\">Regarder cette vid\u00e9o sur YouTube<\/a>.<\/div><figcaption>scelleuse sous vide \u00e0 chambre unique<\/figcaption><\/figure>   <h2 class=\"wp-block-heading\" id=\"h-advantages-of-single-room-vacuum-sealer\"><strong>Avantages de la machine sous vide pour pi\u00e8ce unique<\/strong><\/h2>    <ol style=\"list-style-type:1\" class=\"wp-block-list\"> <li>Il adopte un <strong>couverture convexe en plexiglas transparent<\/strong>, facile de voir le processus de scellage sous vide.<\/li>    <li>La tension est <strong>adapt\u00e9 aux applications domestiques<\/strong>.<\/li>    <li>Le <strong>panneau de commande intelligent<\/strong> fonctionne de mani\u00e8re pratique et s\u00fbre.<\/li>    <li>La machine d'emballage sous vide Shuliy peut augmenter la dur\u00e9e de conservation des produits alimentaires. Il est particuli\u00e8rement adapt\u00e9 aux besoins de fra\u00eecheur des <strong>nourriture, viande, noix, poisson, noix de cajou, poulet, l\u00e9gumes, fruits<\/strong>, etc.<\/li>    <li>Notre machine est <strong>\u00e9quip\u00e9 de quatre roues sur le bas de la machine<\/strong>, facile \u00e0 d\u00e9placer.<\/li>    <li>Nous pouvons <strong>personnaliser la couleur, la tension et la puissance de la machine<\/strong>, etc.<\/li> <\/ol>    <h2 class=\"wp-block-heading\"><strong>Param\u00e8tres techniques de l'emballeuse sous vide \u00e0 chambre unique<\/strong><\/h2>    <div class=\"wp-block-columns is-layout-flex wp-container-core-columns-is-layout-28f84493 wp-block-columns-is-layout-flex\"> <div class=\"wp-block-column is-layout-flow wp-block-column-is-layout-flow\"> <figure class=\"wp-block-image size-full\"><img loading=\"lazy\" decoding=\"async\" width=\"600\" height=\"450\" src=\"https:\/\/tianhuipackingmachine.com\/wp-content\/uploads\/2021\/08\/single-chamber-vacuum-packing-machine.jpg\" alt=\"machine d&#039;emballage sous vide \u00e0 chambre unique\" class=\"wp-image-2337\" srcset=\"https:\/\/tianhuipackingmachine.com\/wp-content\/uploads\/2021\/08\/single-chamber-vacuum-packing-machine.jpg 600w, https:\/\/tianhuipackingmachine.com\/wp-content\/uploads\/2021\/08\/single-chamber-vacuum-packing-machine-300x225.jpg 300w\" sizes=\"auto, (max-width: 600px) 100vw, 600px\" \/><figcaption class=\"wp-element-caption\">Machine d'emballage sous vide \u00e0 chambre unique<\/figcaption><\/figure> <\/div>    <div class=\"wp-block-column is-vertically-aligned-center is-layout-flow wp-block-column-is-layout-flow\"> <ul class=\"wp-block-list\"> <li>Mod\u00e8le : SL-500<\/li>    <li>Tension : 220 V\/50 Hz.<\/li>    <li>Puissance de la pompe \u00e0 vide\u00a0: 0,9\u00a0KW<\/li>    <li>Pouvoir d'\u00e9tanch\u00e9it\u00e9\u00a0: 0,6\u00a0KW<\/li>    <li>Pression absolue\u00a0: 0,1 pa<\/li>    <li>Nombre de bandes d'\u00e9tanch\u00e9it\u00e9 : 1<\/li>    <li>Taille des bandes d'\u00e9tanch\u00e9it\u00e9 : 500 mm x 10 mm x 2.<\/li>    <li>Mat\u00e9riau de la chambre\u00a0: acier inoxydable 304<\/li>    <li>Mat\u00e9riau du couvercle : verre organique<\/li>    <li>Taille de la chambre\u00a0: 525*520*130mm<\/li>    <li>Taille de la machine\u00a0: 650*580*960mm<\/li>    <li>Poids de l'appareil : 80 kg<\/li> <\/ul> <\/div> <\/div>    <p>Ces param\u00e8tres de machine sont pour votre r\u00e9f\u00e9rence avant d'en acheter une. De plus, vous pouvez nous contacter pour une machine d'emballage sous vide personnalis\u00e9e.<\/p>    <h2 class=\"wp-block-heading\" id=\"h-single-chamber-vacuum-packaging-machine-for-sale\"><strong>Qu'est-ce qui compose la machine d'emballage sous vide \u00e0 chambre unique Shuliy\u00a0?<\/strong><\/h2>    <p>Notre machine d'emballage sous vide \u00e0 chambre unique \u00e0 vendre se compose d'un couvercle en plexiglas transparent convexe, d'une chambre \u00e0 vide, d'un syst\u00e8me de commande \u00e9lectrique et d'un syst\u00e8me de vide. Il est facile \u00e0 comprendre et \u00e0 apprendre \u00e0 fonctionner.<\/p>    <h2 class=\"wp-block-heading\" id=\"h-working-principles-of-single-chamber-vacuum-seal-machine\"><strong>Comment fonctionne la machine de mise sous vide \u00e0 chambre unique\u00a0?<\/strong><\/h2>    <p>Le flux de travail principal de la machine d'emballage sous vide \u00e0 chambre unique est le suivant\u00a0:<\/p>    <ol class=\"wp-block-list\"> <li><strong>Pr\u00e9paration<\/strong>. Mettez les articles dans le sac d'emballage sous vide et placez soigneusement l'ouverture du sac sur la bande de scellage.<\/li>    <li><strong>Aspiration sous vide<\/strong>. Couvrez le couvercle de la machine et d\u00e9marrez la machine. La machine extraira l'air du sac pour former un vide.<\/li>    <li><strong>Scellage<\/strong>. \u00c0 l'\u00e9tat de vide, la machine thermoscelle le sac \u00e0 travers la bande chauffante pour sceller l'embouchure du sac.<\/li>    <li><strong>Ach\u00e8vement<\/strong>. Une fois le scellage termin\u00e9, la machine reviendra automatiquement \u00e0 l'\u00e9tat de pression atmosph\u00e9rique. Le sac collera au produit pour former un emballage scell\u00e9.<\/li>    <li><strong>Inflation (facultatif)<\/strong>. Certains produits, comme les aliments souffl\u00e9s, peuvent \u00eatre remplis de gaz inerte avant d'\u00eatre scell\u00e9s pour prolonger la dur\u00e9e de conservation.<\/li> <\/ol>   <figure class=\"wp-block-embed-youtube wp-block-embed is-type-video is-provider-youtube wp-embed-aspect-16-9 wp-has-aspect-ratio\"><div class=\"lyte-wrapper\" title=\"Machine d&#039;emballage sous vide \u00e0 chambre unique | Scelleuse sous vide pour pi\u00e8ce unique\" style=\"width:853px;max-width:100%;margin:5px auto;\"><div class=\"lyMe\" id=\"WYL_g91PoEzoRlQ\" itemprop=\"video\" itemscope itemtype=\"https:\/\/schema.org\/VideoObject\"><div><meta itemprop=\"thumbnailUrl\" content=\"https:\/\/i.ytimg.com\/vi\/g91PoEzoRlQ\/hqdefault.jpg\" \/><meta itemprop=\"embedURL\" content=\"https:\/\/www.youtube.com\/embed\/g91PoEzoRlQ\" \/><meta itemprop=\"duration\" content=\"PT49S\" \/><meta itemprop=\"uploadDate\" content=\"2021-08-14T10:48:28Z\" \/><\/div><div id=\"lyte_g91PoEzoRlQ\" data-src=\"https:\/\/i.ytimg.com\/vi\/g91PoEzoRlQ\/hqdefault.jpg\" class=\"pL\"><div class=\"tC\"><div class=\"tT\" itemprop=\"name\">Machine d'emballage sous vide \u00e0 chambre unique | Scelleuse sous vide pour pi\u00e8ce unique<\/div><\/div><div class=\"play\"><\/div><div class=\"ctrl\"><div class=\"Lctrl\"><\/div><div class=\"Rctrl\"><\/div><\/div><\/div><noscript><a href=\"https:\/\/youtu.be\/g91PoEzoRlQ\" rel=\"nofollow noopener\" target=\"_blank\"><img loading=\"lazy\" decoding=\"async\" src=\"https:\/\/i.ytimg.com\/vi\/g91PoEzoRlQ\/0.jpg\" alt=\"Machine d&#039;emballage sous vide \u00e0 chambre unique | Scelleuse sous vide pour pi\u00e8ce unique\" width=\"853\" height=\"460\" \/><\/a><\/noscript><meta itemprop=\"description\" content=\"Single chamber vacuum packing machine has a widespread application in a variety of food in order to prevent oxidization and prolong shelf life, such as sausage, bacon, roast duck, dried tofu, beef, mutton, pork, chicken, fruit, vegetables, butter, nuts, dried fruit, biscuits, corns, peanut, flour, etc. Get more details: https:\/\/tianhuipackingmachine.com\/single-chamber-vacuum-packaging-machine\/ Email: toppacking@163.com Whatsapp\/Tel: +86 17329326135\"><\/div><\/div><div class=\"lL\" style=\"max-width:100%;width:853px;margin:5px auto;\"> <a href=\"https:\/\/youtu.be\/g91PoEzoRlQ\" target=\"_blank\" rel=\"noopener\">Regarder cette vid\u00e9o sur YouTube<\/a>.<\/div><figcaption>machine de mise sous vide pour pi\u00e8ce unique<\/figcaption><\/figure>   <h2 class=\"wp-block-heading\" id=\"h-applications-of-single-chamber-vacuum-packaging-machine\"><strong>Applications de la machine d'emballage sous vide \u00e0 chambre unique<\/strong><\/h2>    <p>La tension d\u2019une machine d\u2019emballage sous vide \u00e0 chambre unique s\u2019applique aussi bien aux industries qu\u2019aux familles. Ses dimensions sont petites et faciles \u00e0 utiliser. <\/p>    <p>La machine sous vide pour pi\u00e8ce unique a une application r\u00e9pandue dans une vari\u00e9t\u00e9 de domaines, tels que\u00a0:<\/p>    <ul class=\"wp-block-list\"> <li><strong>Viande<\/strong>: saucisse, bacon, canard r\u00f4ti, b\u0153uf, mouton, porc, poulet, etc.<\/li>    <li><strong>Grain<\/strong>: ma\u00efs, arachide, farine et autres.<\/li>    <li><strong>Nourriture<\/strong>: tofu s\u00e9ch\u00e9, noix, biscuits, <a href=\"https:\/\/en.wikipedia.org\/wiki\/Marination\" target=\"_blank\" rel=\"noopener\">marin\u00e9<\/a> produits, fruits, fruits secs, l\u00e9gumes, etc.<\/li>    <li><strong>Autres<\/strong>: beurre, etc.<\/li> <\/ul>    <figure class=\"wp-block-image size-large\"><img loading=\"lazy\" decoding=\"async\" width=\"600\" height=\"450\" src=\"https:\/\/tianhuipackingmachine.com\/wp-content\/uploads\/2021\/06\/applications-of-vacuum-packing-machine.jpg\" alt=\"applications de la machine d&#039;emballage sous vide\" class=\"wp-image-1386\" srcset=\"https:\/\/tianhuipackingmachine.com\/wp-content\/uploads\/2021\/06\/applications-of-vacuum-packing-machine.jpg 600w, https:\/\/tianhuipackingmachine.com\/wp-content\/uploads\/2021\/06\/applications-of-vacuum-packing-machine-300x225.jpg 300w\" sizes=\"auto, (max-width: 600px) 100vw, 600px\" \/><figcaption class=\"wp-element-caption\">Applications de la machine d'emballage sous vide<\/figcaption><\/figure>    <h2 class=\"wp-block-heading\" id=\"h-various-types-of-vacuum-packing-film-materials\"><strong>Diff\u00e9rents types de mat\u00e9riaux de film d'emballage sous vide<\/strong><\/h2>    <p>Nous connaissons tous d\u00e9sormais les nombreuses applications des machines d\u2019emballage sous vide, mais savez-vous quels mat\u00e9riaux sont utilis\u00e9s pour l\u2019emballage sous vide ?<\/p>    <p class=\"translation-block\">Les mat\u00e9riaux de film des <a href=\"https:\/\/tianhuipackingmachine.com\/fr\/vacuum-packaging-machine\/\">machines de conditionnement sous vide<\/a> sont principalement PE, RCPP, AL et PET. Les propri\u00e9t\u00e9s sont les suivantes. <\/p>    <ul class=\"wp-block-list\"> <li>Le PE convient aux basses temp\u00e9ratures. <\/li>    <li>Le RCPP est capable de r\u00e9sister \u00e0 des temp\u00e9ratures \u00e9lev\u00e9es. AL est appliqu\u00e9 au blocage de la lumi\u00e8re. <\/li>    <li>Le PET augmente la r\u00e9sistance m\u00e9canique.<\/li> <\/ul>    <p>Par ailleurs, des composites sont disponibles, comme : <\/p>    <ul class=\"wp-block-list\"> <li>PA\/PE, PA\/RCPP et PET\/RCPP<\/li>    <li>PET\/PA\/PE, PET\/AL\/RCPP, PA\/AL\/RAPP et PET\/PA\/AL\/RCPP<\/li> <\/ul>    <p> Les composites avec trois ou quatre types de mat\u00e9riaux pour am\u00e9liorer les propri\u00e9t\u00e9s du mat\u00e9riau.<\/p>    <p>L\u2019apparence du film d\u2019emballage sous vide affecte directement le r\u00e9sultat de l\u2019emballage, comme la dur\u00e9e de conservation et le go\u00fbt des aliments. Il est crucial de choisir un bon mat\u00e9riau de film pour l\u2019emballage sous vide. Si vous souhaitez plus d\u2019informations, contactez-nous d\u00e8s maintenant\u00a0!<\/p>    <figure class=\"wp-block-gallery has-nested-images columns-default is-cropped wp-block-gallery-2 is-layout-flex wp-block-gallery-is-layout-flex\"> <figure class=\"wp-block-image size-large\"><img loading=\"lazy\" decoding=\"async\" width=\"667\" height=\"500\" data-id=\"6861\" src=\"https:\/\/tianhuipackingmachine.com\/wp-content\/uploads\/2021\/06\/vacuum-packing-film-667x500.webp\" alt=\"film d&#039;emballage sous vide\" class=\"wp-image-6861\" srcset=\"https:\/\/tianhuipackingmachine.com\/wp-content\/uploads\/2021\/06\/vacuum-packing-film-667x500.webp 667w, https:\/\/tianhuipackingmachine.com\/wp-content\/uploads\/2021\/06\/vacuum-packing-film-480x360.webp 480w, https:\/\/tianhuipackingmachine.com\/wp-content\/uploads\/2021\/06\/vacuum-packing-film-16x12.webp 16w, https:\/\/tianhuipackingmachine.com\/wp-content\/uploads\/2021\/06\/vacuum-packing-film.webp 720w\" sizes=\"auto, (max-width: 667px) 100vw, 667px\" \/><figcaption class=\"wp-element-caption\">Film d'emballage sous vide<\/figcaption><\/figure>    <figure class=\"wp-block-image size-large\"><img loading=\"lazy\" decoding=\"async\" width=\"667\" height=\"500\" data-id=\"6862\" src=\"https:\/\/tianhuipackingmachine.com\/wp-content\/uploads\/2021\/06\/various-types-of-package-bags-667x500.webp\" alt=\"diff\u00e9rents types de sacs d&#039;emballage\" class=\"wp-image-6862\" srcset=\"https:\/\/tianhuipackingmachine.com\/wp-content\/uploads\/2021\/06\/various-types-of-package-bags-667x500.webp 667w, https:\/\/tianhuipackingmachine.com\/wp-content\/uploads\/2021\/06\/various-types-of-package-bags-480x360.webp 480w, https:\/\/tianhuipackingmachine.com\/wp-content\/uploads\/2021\/06\/various-types-of-package-bags-16x12.webp 16w, https:\/\/tianhuipackingmachine.com\/wp-content\/uploads\/2021\/06\/various-types-of-package-bags.webp 720w\" sizes=\"auto, (max-width: 667px) 100vw, 667px\" \/><figcaption class=\"wp-element-caption\">Diff\u00e9rents types de sacs d'emballage<\/figcaption><\/figure> <\/figure>    <h2 class=\"wp-block-heading\" id=\"h-single-chamber-vacuum-packaging-machine-cost\"><strong>Quel est le co\u00fbt de la machine d\u2019emballage sous vide \u00e0 chambre unique\u00a0?<\/strong><\/h2>    <p>Le prix de la machine de scellage sous vide \u00e0 chambre unique est affect\u00e9 par le mat\u00e9riau de la machine, le num\u00e9ro de la bande de scellage, la personnalisation, etc. <\/p>    <ul class=\"wp-block-list\"> <li>Par exemple, l\u2019acier inoxydable 304 recouvre le corps de l\u2019\u00e9quipement d\u2019emballage sous vide \u00e0 pi\u00e8ce unique. Ainsi, le prix de la machine est diff\u00e9rent de celui de la machine avec des mat\u00e9riaux normaux. <\/li>    <li>La taille et le nombre de bandes d'\u00e9tanch\u00e9it\u00e9 \u00e9quip\u00e9es peuvent \u00e9galement influencer le prix. Plus vous en demandez, plus le prix est \u00e9lev\u00e9.<\/li>    <li>Par rapport \u00e0 une machine d\u2019emballage sous vide standard \u00e0 chambre unique, le prix d\u2019une machine d\u2019emballage personnalis\u00e9e est plus \u00e9lev\u00e9.<\/li> <\/ul>    <p>Contactez-nous maintenant pour plus de d\u00e9tails. Nous vous donnerons des suggestions utiles et vous aiderons \u00e0 choisir le mat\u00e9riel adapt\u00e9 au meilleur prix.<\/p>    <div class=\"wp-block-columns is-layout-flex wp-container-core-columns-is-layout-28f84493 wp-block-columns-is-layout-flex\"> <div class=\"wp-block-column is-layout-flow wp-block-column-is-layout-flow\"> <figure class=\"wp-block-image size-large\"><img loading=\"lazy\" decoding=\"async\" width=\"600\" height=\"450\" src=\"https:\/\/tianhuipackingmachine.com\/wp-content\/uploads\/2021\/06\/single-chamber-vacuum-packaging-machine.jpg\" alt=\"machine d&#039;emballage sous vide \u00e0 chambre unique\" class=\"wp-image-1387\" srcset=\"https:\/\/tianhuipackingmachine.com\/wp-content\/uploads\/2021\/06\/single-chamber-vacuum-packaging-machine.jpg 600w, https:\/\/tianhuipackingmachine.com\/wp-content\/uploads\/2021\/06\/single-chamber-vacuum-packaging-machine-300x225.jpg 300w\" sizes=\"auto, (max-width: 600px) 100vw, 600px\" \/><figcaption class=\"wp-element-caption\">Machine d'emballage sous vide \u00e0 chambre unique<\/figcaption><\/figure> <\/div>    <div class=\"wp-block-column is-layout-flow wp-block-column-is-layout-flow\"> <figure class=\"wp-block-image size-large\"><img loading=\"lazy\" decoding=\"async\" width=\"600\" height=\"450\" src=\"https:\/\/tianhuipackingmachine.com\/wp-content\/uploads\/2021\/06\/double-chamber-vacuum-packing-machine.jpg\" alt=\"machine d&#039;emballage sous vide \u00e0 double chambre\" class=\"wp-image-1388\" srcset=\"https:\/\/tianhuipackingmachine.com\/wp-content\/uploads\/2021\/06\/double-chamber-vacuum-packing-machine.jpg 600w, https:\/\/tianhuipackingmachine.com\/wp-content\/uploads\/2021\/06\/double-chamber-vacuum-packing-machine-300x225.jpg 300w\" sizes=\"auto, (max-width: 600px) 100vw, 600px\" \/><figcaption class=\"wp-element-caption\">Machine d'emballage sous vide \u00e0 double chambre<\/figcaption><\/figure> <\/div> <\/div>    <h2 class=\"wp-block-heading\" id=\"h-why-choose-us-as-your-top-vacuum-packaging-machine-supplier\"><strong>Pourquoi choisir Shuliy comme principal fournisseur de machines d'emballage sous vide ?<\/strong><\/h2>    <p>Parmi les nombreux fournisseurs de travailleurs de machines de mise sous vide, nous disposons des avantages sp\u00e9cifiques suivants :<\/p>    <ul class=\"wp-block-list\"> <li>Notre entreprise a tout \u00e0 fait <strong>personnel technique professionnel<\/strong> pour les machines sous vide alimentaire \u00e0 chambre unique. <\/li>    <li>Avec <strong>gr\u00e2ce \u00e0 une excellente qualit\u00e9 de machine, un prix comp\u00e9titif et un bon service<\/strong>, nous avons r\u00e9alis\u00e9 un certain nombre de commandes du monde entier.<\/li>    <li>Nous avons un extr\u00eamement <strong>syst\u00e8me de contr\u00f4le de qualit\u00e9 strict<\/strong>. Avant exp\u00e9dition, nous prendrons des photos et des vid\u00e9os pour vous.<\/li>    <li>Nous soutenons <strong>Service en ligne 24 heures sur 24<\/strong> et <strong>entretien \u00e0 vie<\/strong>. <strong>Enseignement manuel et vid\u00e9o d'anglais<\/strong> sont \u00e9galement fournis.<\/li>    <li>Shuliy <strong>service personnalis\u00e9<\/strong> est disponible. Nous pouvons fabriquer la machine d'emballage selon vos exigences r\u00e9elles en mati\u00e8re de tension, de taille, de vitesse d'emballage, etc.<\/li> <\/ul>    <p>De plus, si vous souhaitez obtenir plus d'informations, contactez-nous et nous ferons de notre mieux pour r\u00e9pondre \u00e0 vos besoins.<\/p>    <figure class=\"wp-block-image size-large\"><img loading=\"lazy\" decoding=\"async\" width=\"500\" height=\"500\" src=\"https:\/\/tianhuipackingmachine.com\/wp-content\/uploads\/2021\/06\/vacuum-bag-packing-machine-manufacturer-500x500.webp\" alt=\"fabricant de machine d&#039;emballage de sacs sous vide\" class=\"wp-image-6865\" srcset=\"https:\/\/tianhuipackingmachine.com\/wp-content\/uploads\/2021\/06\/vacuum-bag-packing-machine-manufacturer-500x500.webp 500w, https:\/\/tianhuipackingmachine.com\/wp-content\/uploads\/2021\/06\/vacuum-bag-packing-machine-manufacturer-360x360.webp 360w, https:\/\/tianhuipackingmachine.com\/wp-content\/uploads\/2021\/06\/vacuum-bag-packing-machine-manufacturer-150x150.webp 150w, https:\/\/tianhuipackingmachine.com\/wp-content\/uploads\/2021\/06\/vacuum-bag-packing-machine-manufacturer-12x12.webp 12w, https:\/\/tianhuipackingmachine.com\/wp-content\/uploads\/2021\/06\/vacuum-bag-packing-machine-manufacturer.webp 720w\" sizes=\"auto, (max-width: 500px) 100vw, 500px\" \/><figcaption class=\"wp-element-caption\">Fabricant de machine d'emballage de sacs sous vide<\/figcaption><\/figure>    <h2 class=\"wp-block-heading\" id=\"h-contact-us-for-the-best-price\"><strong>Contactez-nous pour le meilleur prix !<\/strong><\/h2>    <p>En tant que fabricant et fournisseur professionnel de machines d'emballage, outre la machine d'emballage sous vide \u00e0 chambre unique, nous avons \u00e9galement : <\/p>    <ul class=\"wp-block-list\"> <li><a href=\"https:\/\/tianhuipackingmachine.com\/fr\/double-chamber-vacuum-packaging-machine\/\">Machine d'emballage sous vide \u00e0 double chambre<\/a><\/li>    <li>Machine d'emballage sous vide \u00e0 film \u00e9tirable<\/li>    <li>Machine sous vide de bureau<\/li>    <li>Machine d'emballage sous vide \u00e0 aspiration externe<\/li> <\/ul>    <p>Si vous recherchez un fabricant et un fournisseur fiable, c'est une bonne id\u00e9e de coop\u00e9rer avec nous. Bienvenue \u00e0 nous contacter pour plus de d\u00e9tails et le meilleur prix.<\/p>","protected":false},"excerpt":{"rendered":"<p>La machine d'emballage sous vide \u00e0 chambre unique Shuliy s'applique au scellement sous vide des aliments, des c\u00e9r\u00e9ales, de la viande, des l\u00e9gumes, etc. pour prolonger la dur\u00e9e de conservation des aliments en \u00e9liminant l'air. Sa capacit\u00e9 est de 1 \u00e0 10 sacs par minute.<\/p>","protected":false},"author":1,"featured_media":6939,"parent":0,"template":"","tags":[194],"product-type":[140],"class_list":["post-1384","product","type-product","status-publish","has-post-thumbnail","hentry","tag-vacuum-packing-machine","product-type-vacuum-packaging-machines"],"_links":{"self":[{"href":"https:\/\/tianhuipackingmachine.com\/fr\/wp-json\/wp\/v2\/product\/1384","targetHints":{"allow":["GET"]}}],"collection":[{"href":"https:\/\/tianhuipackingmachine.com\/fr\/wp-json\/wp\/v2\/product"}],"about":[{"href":"https:\/\/tianhuipackingmachine.com\/fr\/wp-json\/wp\/v2\/types\/product"}],"author":[{"embeddable":true,"href":"https:\/\/tianhuipackingmachine.com\/fr\/wp-json\/wp\/v2\/users\/1"}],"wp:featuredmedia":[{"embeddable":true,"href":"https:\/\/tianhuipackingmachine.com\/fr\/wp-json\/wp\/v2\/media\/6939"}],"wp:attachment":[{"href":"https:\/\/tianhuipackingmachine.com\/fr\/wp-json\/wp\/v2\/media?parent=1384"}],"wp:term":[{"taxonomy":"post_tag","embeddable":true,"href":"https:\/\/tianhuipackingmachine.com\/fr\/wp-json\/wp\/v2\/tags?post=1384"},{"taxonomy":"product-type","embeddable":true,"href":"https:\/\/tianhuipackingmachine.com\/fr\/wp-json\/wp\/v2\/product-type?post=1384"}],"curies":[{"name":"wp","href":"https:\/\/api.w.org\/{rel}","templated":true}]}}