{"id":365,"date":"2021-05-12T07:20:48","date_gmt":"2021-05-12T07:20:48","guid":{"rendered":"https:\/\/tianhuipackingmachine.com\/?page_id=365"},"modified":"2025-09-12T09:46:19","modified_gmt":"2025-09-12T01:46:19","slug":"be-agent","status":"publish","type":"page","link":"https:\/\/tianhuipackingmachine.com\/fr\/be-agent\/","title":{"rendered":"Soyez agent"},"content":{"rendered":"<h2 class=\"wp-block-heading has-text-color\" id=\"h-who-we-are\" style=\"color:#ff4301\"><strong>Qui nous sommes<\/strong><\/h2>    <p>Fond\u00e9 en 1993, nous sommes l'un des principaux fabricants de machines d'emballage professionnelles en Chine. Fortes d'une riche exp\u00e9rience dans la conception, la recherche, la fabrication et la commercialisation d'\u00e9quipements d'emballage, les machines d'emballage TOP ont \u00e9t\u00e9 export\u00e9es dans plus de 80 pays et r\u00e9gions du monde. Nous recherchons d\u00e9sormais des distributeurs comme partenaires strat\u00e9giques mondiaux pour une situation gagnant-gagnant.<\/p>    <h2 class=\"wp-block-heading has-text-color\" id=\"h-what-we-supply\" style=\"color:#ff4301\"><strong>Ce que nous fournissons<\/strong><\/h2>    <p class=\"translation-block\">Nous sommes un fabricant professionnel de machines d'emballage. Nos produits incluent <a href=\"https:\/\/tianhuipackingmachine.com\/fr\/powder-packing-machine\/\">machine d'emballage en poudre<\/a>, <a href=\"https:\/\/tianhuipackingmachine.com\/fr\/machine-demballage-de-granules\/\">machine d'emballage en granul\u00e9s<\/a>, <a href=\"https:\/\/tianhuipackingmachine.com\/fr\/liquid-packing-machine\/\">machine d'emballage liquide<\/a>, machine d'emballage de p\u00e2te. En ce qui concerne la structure de la machine, il existe <a href=\"https:\/\/tianhuipackingmachine.com\/fr\/vertical-packaging-machine\/\">machine d'emballage verticale<\/a> et <a href=\"https:\/\/tianhuipackingmachine.com\/fr\/pillow-packing-machine\/\">machine d'emballage en coussin<\/a>. En d'autres termes, nous fournissons divers types d'\u00e9quipements d'emballage pour des mat\u00e9riaux alimentaires et non alimentaires, tels que th\u00e9, caf\u00e9, chips, collations, chocolat, riz, l\u00e9gumes, pop-corn, bonbons, sucre, pilules, huile, lait, jus, boulangerie, biscuits, etc.<\/p>    <h2 class=\"wp-block-heading has-text-color\" id=\"h-what-we-support\" style=\"color:#ff4301\"><strong>Ce que nous soutenons<\/strong><\/h2>    <p>Syst\u00e8me de cha\u00eene d'approvisionnement continu et stable<\/p>    <p>Syst\u00e8me de tarification complet et comp\u00e9titif<\/p>    <p>Prise en charge totale de la promotion\u00a0: expositions universelles, sites Web officiels, r\u00e9seaux sociaux, publicit\u00e9 mondiale<\/p>    <p>Logistique\u00a0: logistique mondiale et logistique d\u00e9sign\u00e9e par le client<\/p>    <p>Strat\u00e9gie et construction de marque\u00a0: marketing de marque bas\u00e9 sur notre propre marque ou OEM\/ODM<\/p>    <h2 class=\"wp-block-heading has-text-color\" id=\"h-how-to-start\" style=\"color:#ff4301\"><strong>Comment commencer<\/strong><\/h2>    <ol class=\"wp-block-list\" style=\"list-style-type:1\"> <li>Informations sur le candidat et intention de le soumettre<\/li>    <li>\u00c9valuation et r\u00e9vision<\/li>    <li>Proposition et plan d'affaires<\/li>    <li>Ex\u00e9cution et traitement des commandes<\/li> <\/ol>    <hr class=\"wp-block-separator has-text-color has-css-opacity has-background is-style-wide\" style=\"background-color:#ff4301;color:#ff4301\"\/>    <p class=\"has-black-color has-text-color translation-block\"><strong>HENAN TOP PACKING MACHINERY CO., LTD<\/strong><\/p>    <p class=\"translation-block\">Site Web : <a href=\"https:\/\/tianhuipackingmachine.com\/fr\/\">https:\/\/tianhuipackingmachine.com\/<\/a><\/p>    <p><\/p>    <p class=\"translation-block\">Email : <u><\/u><u><a href=\"mailto:sales@tianhuipackingmachine.com\" target=\"_blank\" rel=\"noreferrer noopener\">sales@tianhuipackingmachine.com<\/a><\/u><\/p>    <p>T\u00e9l\/WhatsApp\u00a0: +8613673689272 (Mme Malinda)<\/p>    <h3 class=\"wp-block-heading has-text-align-center has-text-color has-background\" id=\"h-want-to-start-your-successful-business\" style=\"color:#ff5200;background-color:#eeeeee\"><strong>Vous voulez d\u00e9marrer votre entreprise avec succ\u00e8s maintenant\u00a0? <\/strong><\/h3>    <p>N'h\u00e9sitez pas \u00e0 nous laisser un message ! Sur la base de votre message et de vos informations, nous vous contacterons dans les plus brefs d\u00e9lais.<\/p>","protected":false},"excerpt":{"rendered":"<p>Who we are Founded in 1993, we are one of the leading professional packing machine manufacturers in China. With rich experience in the design, research, manufacturing, and marketing of packaging equipment, TOP packing machines have been exported to more than 80 countries and regions around the world. Now, we are looking for distributors as our [&hellip;]<\/p>\n","protected":false},"author":1,"featured_media":0,"parent":0,"menu_order":0,"comment_status":"closed","ping_status":"closed","template":"","meta":{"footnotes":""},"class_list":["post-365","page","type-page","status-publish","hentry"],"_links":{"self":[{"href":"https:\/\/tianhuipackingmachine.com\/fr\/wp-json\/wp\/v2\/pages\/365","targetHints":{"allow":["GET"]}}],"collection":[{"href":"https:\/\/tianhuipackingmachine.com\/fr\/wp-json\/wp\/v2\/pages"}],"about":[{"href":"https:\/\/tianhuipackingmachine.com\/fr\/wp-json\/wp\/v2\/types\/page"}],"author":[{"embeddable":true,"href":"https:\/\/tianhuipackingmachine.com\/fr\/wp-json\/wp\/v2\/users\/1"}],"replies":[{"embeddable":true,"href":"https:\/\/tianhuipackingmachine.com\/fr\/wp-json\/wp\/v2\/comments?post=365"}],"version-history":[{"count":0,"href":"https:\/\/tianhuipackingmachine.com\/fr\/wp-json\/wp\/v2\/pages\/365\/revisions"}],"wp:attachment":[{"href":"https:\/\/tianhuipackingmachine.com\/fr\/wp-json\/wp\/v2\/media?parent=365"}],"curies":[{"name":"wp","href":"https:\/\/api.w.org\/{rel}","templated":true}]}}