{"id":320,"date":"2021-05-12T01:52:32","date_gmt":"2021-05-12T01:52:32","guid":{"rendered":"https:\/\/tianhuipackingmachine.com\/?page_id=320"},"modified":"2025-09-12T09:47:44","modified_gmt":"2025-09-12T01:47:44","slug":"faq","status":"publish","type":"page","link":"https:\/\/tianhuipackingmachine.com\/fr\/faq\/","title":{"rendered":"FAQ"},"content":{"rendered":"<div id=\"rank-math-faq\" class=\"rank-math-block\"> <div class=\"rank-math-list\"> <div id=\"faq-question-1664413497532\" class=\"rank-math-list-item\"> <h3 class=\"rank-math-question\"><strong>Q\u00a0: Puis-je devenir votre distributeur dans une certaine zone\u00a0?<\/strong><\/h3> <div class=\"rank-math-answer\">  <p>R : Bien s\u00fbr, nous accueillons les distributeurs, nous vous fournirons des prix et des services plus comp\u00e9titifs lorsque vous ach\u00e8terez une quantit\u00e9 diff\u00e9rente de machines d\u2019emballage.<\/p>  <\/div> <\/div> <div id=\"faq-question-1664413502438\" class=\"rank-math-list-item\"> <h3 class=\"rank-math-question\"><strong>Q\u00a0:\u00a0Quel est le d\u00e9lai d\u2019ex\u00e9cution et le mode d\u2019exp\u00e9dition\u00a0?<\/strong><\/h3> <div class=\"rank-math-answer\">  <p>R\u00a0:\u00a0Il est bas\u00e9 sur la quantit\u00e9 command\u00e9e et les articles de la machine\u00a0! Pour les petites commandes de machines standard, nous avons toujours du stock. Pour un grand nombre de machines standard et autres machines personnalis\u00e9es, il faut 15 \u00e0 45 jours. Nous confirmerons les d\u00e9tails avec les clients avant de passer une commande.<\/p>  <\/div> <\/div> <div id=\"faq-question-1664413519158\" class=\"rank-math-list-item\"> <h3 class=\"rank-math-question\"><strong>Q : Quel type de film en rouleau peut \u00eatre utilis\u00e9 pour votre machine ?<\/strong><\/h3> <div class=\"rank-math-answer\">  <p>A : Polypropyl\u00e8ne\/poly\u00e9thyl\u00e8ne, papier d'aluminium\/poly\u00e9thyl\u00e8ne, polyester\/aluminium\/poly\u00e9thyl\u00e8ne, nylon\/poly\u00e9thyl\u00e8ne renforc\u00e9, papier\/poly\u00e9thyl\u00e8ne, papier filtre, etc.<\/p>  <\/div> <\/div> <div id=\"faq-question-1664413534934\" class=\"rank-math-list-item\"> <h3 class=\"rank-math-question\"><strong>Q : Quel type de machines d\u2019emballage fournissez-vous ?<\/strong><\/h3> <div class=\"rank-math-answer\">  <p>R : En ce qui concerne le mat\u00e9riel d'emballage, nous fournissons diff\u00e9rents types de machines d'emballage de poudre, de machines d'emballage de granul\u00e9s, de machines d'emballage de liquides et de machines d'emballage de p\u00e2te. En ce qui concerne la structure de la machine, il existe diff\u00e9rents types d\u2019\u00e9quipements d\u2019emballage d\u2019oreillers et d\u2019\u00e9quipements d\u2019emballage verticaux. Et diff\u00e9rentes machines d'emballage peseuses multi-t\u00eates disponibles.<\/p>  <\/div> <\/div> <div id=\"faq-question-1664413560534\" class=\"rank-math-list-item\"> <h3 class=\"rank-math-question\"><strong>Q\u00a0: Pour la machine d\u2019emballage de granul\u00e9s, de combien de poids sera-t-il r\u00e9duit en retirant une tasse \u00e0 mesurer\u00a0?<\/strong><\/h3> <div class=\"rank-math-answer\">  <p>R : Les diff\u00e9rents objets sont diff\u00e9rents parce que la densit\u00e9 des objets est diff\u00e9rente. Nous vous ferons des suggestions en fonction de votre situation r\u00e9elle.<\/p>  <\/div> <\/div> <div id=\"faq-question-1664413578629\" class=\"rank-math-list-item\"> <h3 class=\"rank-math-question\"><strong>Q : Votre machine d\u2019emballage peut-elle imprimer la date ?<\/strong><\/h3> <div class=\"rank-math-answer\">  <p>R\u00a0:\u00a0Oui. Nous pouvons ajouter un dispositif pour imprimer la date de production\/le num\u00e9ro de lot\/la date d\u2019expiration.<\/p>  <\/div> <\/div> <div id=\"faq-question-1664413653783\" class=\"rank-math-list-item\"> <h3 class=\"rank-math-question\"><strong>Q : Pour la machine \u00e0 emballer les oreillers, puis-je ajuster moi-m\u00eame la largeur du sac ?<\/strong><\/h3> <div class=\"rank-math-answer\">  <p>R : Bien s\u00fbr. Vous pouvez ajuster la largeur dans une certaine plage. Nous vous donnerons des conseils.<\/p>  <\/div> <\/div> <div id=\"faq-question-1664413673286\" class=\"rank-math-list-item\"> <h3 class=\"rank-math-question\"><strong>Q\u00a0:\u00a0Comment pouvons-nous nous assurer de la qualit\u00e9 de la machine apr\u00e8s avoir pass\u00e9 la commande\u00a0?<\/strong><\/h3> <div class=\"rank-math-answer\">  <p>R : Avant la livraison, nous vous enverrons les photos et les vid\u00e9os pour que vous puissiez v\u00e9rifier la qualit\u00e9, et vous pourrez \u00e9galement organiser un contr\u00f4le de qualit\u00e9 par vous-m\u00eame ou par vos contacts \u00e0 Zhengzhou.<\/p>  <\/div> <\/div> <div id=\"faq-question-1664413689222\" class=\"rank-math-list-item\"> <h3 class=\"rank-math-question\"><strong>Q : Pourquoi devrions-nous choisir votre entreprise ?<\/strong><\/h3> <div class=\"rank-math-answer\">  <p>R : Nous sommes impliqu\u00e9s dans la conception, la recherche, la fabrication et la commercialisation de machines d\u2019emballage depuis pr\u00e8s de 30 ans. En outre, avec une excellente qualit\u00e9 et un service intime, nos produits sont tr\u00e8s comp\u00e9titifs sur le march\u00e9 mondial.<\/p>  <\/div> <\/div> <div id=\"faq-question-1664413702814\" class=\"rank-math-list-item\"> <h3 class=\"rank-math-question\"><strong>Q\u00a0:\u00a0O\u00f9 est situ\u00e9e votre entreprise\u00a0? Comment puis-je y visiter ?<\/strong><\/h3> <div class=\"rank-math-answer\">  <p>R : Notre usine est situ\u00e9e dans la ville de Zhengzhou, province du Henan, en Chine. Il est tr\u00e8s proche de l'a\u00e9roport international de Xinzheng. Nous pouvons organiser que nos chauffeurs viennent vous chercher. Nous respectons chaque client comme notre ami et nous faisons sinc\u00e8rement des affaires et nous lions d'amiti\u00e9 avec eux. Bienvenue \u00e0 visiter notre usine pour une coop\u00e9ration ult\u00e9rieure.<\/p>  <\/div> <\/div> <\/div> <\/div>   <hr class=\"wp-block-separator has-css-opacity is-style-default\"\/>    <h3 class=\"wp-block-heading has-text-color\" id=\"h-any-other-questions-please-feel-free-to-leave-your-message-below-we-will-get-back-to-you-as-soon-as-possible-or-you-can-contact-us-by-whatsapp-tel-or-email\" style=\"color:#eb5e0b\"><em>Pour toute autre question, n'h\u00e9sitez pas \u00e0 laisser votre message ci-dessous, nous vous r\u00e9pondrons dans les plus brefs d\u00e9lais. Ou vous pouvez nous contacter par WhatsApp\/Tel ou Email.<\/em><\/h3>    <h3 class=\"wp-block-heading has-text-color\" id=\"h-whatsapp-tel-86-17329326135-email-sales-tianhuipackingmachine-com\" style=\"color:#eb5e0b\"><strong><em>WhatsApp\/T\u00e9l\u00a0:<\/em><\/strong> +86 13673689272, <strong><em>E-mail:<\/em><\/strong> <a href=\"mailto:sales@tianhuipackingmachine.com\">sales@tianhuipackingmachine.com<\/a><\/h3>","protected":false},"excerpt":{"rendered":"<p>Pour toute autre question, n'h\u00e9sitez pas \u00e0 laisser votre message ci-dessous, nous vous r\u00e9pondrons dans les plus brefs d\u00e9lais. Ou vous pouvez nous contacter par WhatsApp\/Tel ou Email. Whatsapp\/T\u00e9l : +86 13673689272, Email : sales@tianhuipackingmachine.com<\/p>","protected":false},"author":1,"featured_media":0,"parent":0,"menu_order":0,"comment_status":"closed","ping_status":"closed","template":"","meta":{"footnotes":""},"class_list":["post-320","page","type-page","status-publish","hentry"],"_links":{"self":[{"href":"https:\/\/tianhuipackingmachine.com\/fr\/wp-json\/wp\/v2\/pages\/320","targetHints":{"allow":["GET"]}}],"collection":[{"href":"https:\/\/tianhuipackingmachine.com\/fr\/wp-json\/wp\/v2\/pages"}],"about":[{"href":"https:\/\/tianhuipackingmachine.com\/fr\/wp-json\/wp\/v2\/types\/page"}],"author":[{"embeddable":true,"href":"https:\/\/tianhuipackingmachine.com\/fr\/wp-json\/wp\/v2\/users\/1"}],"replies":[{"embeddable":true,"href":"https:\/\/tianhuipackingmachine.com\/fr\/wp-json\/wp\/v2\/comments?post=320"}],"version-history":[{"count":0,"href":"https:\/\/tianhuipackingmachine.com\/fr\/wp-json\/wp\/v2\/pages\/320\/revisions"}],"wp:attachment":[{"href":"https:\/\/tianhuipackingmachine.com\/fr\/wp-json\/wp\/v2\/media?parent=320"}],"curies":[{"name":"wp","href":"https:\/\/api.w.org\/{rel}","templated":true}]}}