{"id":121,"date":"2021-05-06T09:31:24","date_gmt":"2021-05-06T09:31:24","guid":{"rendered":"https:\/\/tianhuipackingmachine.com\/?page_id=121"},"modified":"2025-09-12T09:46:50","modified_gmt":"2025-09-12T01:46:50","slug":"about-us","status":"publish","type":"page","link":"https:\/\/tianhuipackingmachine.com\/fr\/about-us\/","title":{"rendered":"\u00c0 propos de nous"},"content":{"rendered":"<p>Fond\u00e9e en 1993, Henan Shuliy Machinery Co., Ltd est impliqu\u00e9e dans la conception, la recherche, la fabrication et la commercialisation de diverses machines d'emballage, machines de remplissage, machines \u00e0 sceller, \u00e9tiqueteuses et machines de capsulage de qualit\u00e9 depuis pr\u00e8s de 30 ans. Nous visons \u00e0 \u00eatre l\u2019un des fournisseurs de machines d\u2019emballage les plus fiables, les plus c\u00e9l\u00e8bres et les meilleurs pour les agents, distributeurs et entrepreneurs du monde entier. Ces ann\u00e9es, nous avons r\u00e9alis\u00e9 de grandes r\u00e9alisations. Nos produits ont \u00e9t\u00e9 export\u00e9s avec succ\u00e8s dans plus de 80 pays et r\u00e9gions et ont apport\u00e9 de grands avantages \u00e0 nos partenaires. En outre, nous sommes \u00e9galement dispos\u00e9s \u00e0 coop\u00e9rer avec les petites entreprises. Et aidez-les \u00e0 r\u00e9aliser plus de b\u00e9n\u00e9fices gr\u00e2ce \u00e0 nos machines de qualit\u00e9 et comp\u00e9titives.<\/p>    <h2 class=\"wp-block-heading has-text-align-center\" id=\"h-pre-sales-service\">Service avant-vente<\/h2>    <div class=\"wp-block-columns is-layout-flex wp-container-core-columns-is-layout-28f84493 wp-block-columns-is-layout-flex\"> <div class=\"wp-block-column is-layout-flow wp-block-column-is-layout-flow\"> <figure class=\"wp-block-image size-large\"><img loading=\"lazy\" decoding=\"async\" width=\"750\" height=\"500\" src=\"https:\/\/tianhuipackingmachine.com\/wp-content\/uploads\/2021\/12\/team-750x500.jpg\" alt=\"\u00e9quipe\" class=\"wp-image-4184\" srcset=\"https:\/\/tianhuipackingmachine.com\/wp-content\/uploads\/2021\/12\/team.jpg 750w, https:\/\/tianhuipackingmachine.com\/wp-content\/uploads\/2021\/12\/team-480x320.jpg 480w\" sizes=\"auto, (max-width: 750px) 100vw, 750px\" \/><figcaption class=\"wp-element-caption\">\u00c9quipe<\/figcaption><\/figure> <\/div>    <div class=\"wp-block-column is-layout-flow wp-block-column-is-layout-flow\"> <p>Nous enqu\u00eaterons et confirmerons les demandes de nos clients, puis fournirons des solutions d'emballage gratuites.<\/p>    <p>Nous pouvons fournir tout un ensemble de vid\u00e9os \u00e0 nos clients comme r\u00e9f\u00e9rence pour choisir la machine appropri\u00e9e.<\/p>    <p>Henan Shuliy Machinery prend en charge les tests des \u00e9chantillons de nos clients en utilisant notre \u00e9quipement, et nous vous ferons part de vos commentaires.<\/p>    <p>Si vous souhaitez voir notre usine, nous appr\u00e9cions votre visite ou nous pouvons r\u00e9aliser une vid\u00e9o en ligne.<\/p> <\/div> <\/div>    <h2 class=\"wp-block-heading has-text-align-center\">Service apr\u00e8s-vente<\/h2>    <p>Chacune de nos machines dispose de manuels de guidage en anglais correspondants et d'une vid\u00e9o de l'installation, du r\u00e9glage, du fonctionnement, de la maintenance, etc.<\/p>    <p>Nous disposons d'un service en ligne 24h\/24. Vous pouvez nous contacter \u00e0 tout moment si vous avez des questions \u00e0 consulter.<\/p>    <p>Notre soci\u00e9t\u00e9 peut envoyer des techniciens et des ing\u00e9nieurs dans votre pays pour vous aider \u00e0 installer, r\u00e9gler et guider le fonctionnement de la machine.<\/p>    <p>Les machines Henan Shuliy seront responsables de l'\u00e9quipement dans leurs propres garanties.<\/p>    <p>Si vous avez une urgence, veuillez nous contacter \u00e0 tout moment et nous vous r\u00e9pondrons dans les plus brefs d\u00e9lais.<\/p>    <h2 class=\"wp-block-heading has-text-align-center\">Empreinte<\/h2>    <p class=\"has-text-align-center\">Depuis que nous avons d\u00e9marr\u00e9 notre activit\u00e9 d'emballage, nos \u00e9quipements d'emballage ont \u00e9t\u00e9 utilis\u00e9s dans tous les domaines, tels que l'industrie alimentaire, l'industrie des boissons, l'industrie chimique, l'industrie cosm\u00e9tique, l'industrie pharmaceutique, etc. De nos jours, nos produits ont \u00e9t\u00e9 export\u00e9s avec succ\u00e8s dans plus de 80 pays et r\u00e9gions, tels que les \u00c9tats-Unis, le Canada, l'Australie, l'Angleterre, l'Inde, le Pakistan, la Malaisie, les Philippines, l'Indon\u00e9sie, le Bangladesh, le Kenya, le Nig\u00e9ria, etc. Nos machines jouissent d'une bonne r\u00e9putation pour leurs bonnes performances et leurs prix comp\u00e9titifs.<\/p>    <figure class=\"wp-block-image aligncenter size-full\"><img loading=\"lazy\" decoding=\"async\" width=\"1024\" height=\"486\" src=\"https:\/\/tianhuipackingmachine.com\/wp-content\/uploads\/2021\/08\/global-market.jpg\" alt=\"march\u00e9 mondial des machines d&#039;emballage Tianhui\" class=\"wp-image-2153\" srcset=\"https:\/\/tianhuipackingmachine.com\/wp-content\/uploads\/2021\/08\/global-market.jpg 1024w, https:\/\/tianhuipackingmachine.com\/wp-content\/uploads\/2021\/08\/global-market-300x142.jpg 300w, https:\/\/tianhuipackingmachine.com\/wp-content\/uploads\/2021\/08\/global-market-768x365.jpg 768w\" sizes=\"auto, (max-width: 1024px) 100vw, 1024px\" \/><figcaption class=\"wp-element-caption\">March\u00e9 mondial des machines d\u2019emballage Tianhui<\/figcaption><\/figure>    <h2 class=\"wp-block-heading has-text-align-center\">Certificats<\/h2>    <figure class=\"wp-block-image aligncenter size-large\"><img loading=\"lazy\" decoding=\"async\" width=\"1024\" height=\"355\" src=\"https:\/\/tianhuipackingmachine.com\/wp-content\/uploads\/2021\/09\/certificates-1024x355.jpg\" alt=\"certificats\" class=\"wp-image-2678\" srcset=\"https:\/\/tianhuipackingmachine.com\/wp-content\/uploads\/2021\/09\/certificates-1024x355.jpg 1024w, https:\/\/tianhuipackingmachine.com\/wp-content\/uploads\/2021\/09\/certificates-300x104.jpg 300w, https:\/\/tianhuipackingmachine.com\/wp-content\/uploads\/2021\/09\/certificates-768x266.jpg 768w, https:\/\/tianhuipackingmachine.com\/wp-content\/uploads\/2021\/09\/certificates-1536x533.jpg 1536w, https:\/\/tianhuipackingmachine.com\/wp-content\/uploads\/2021\/09\/certificates.jpg 1920w\" sizes=\"auto, (max-width: 1024px) 100vw, 1024px\" \/><figcaption class=\"wp-element-caption\">Certificats<\/figcaption><\/figure>","protected":false},"excerpt":{"rendered":"<p>Founded in 1993, Henan Shuliy Machinery Co., Ltd has been involved in the design, research, manufacturing, and marketing of various quality packing machines, filling machines, sealing machines, labeling machines, and capping machines for almost 30 years. We aim to be one of the most reliable, famous, and excellent packing machine suppliers for worldwide agents, distributors, [&hellip;]<\/p>\n","protected":false},"author":1,"featured_media":0,"parent":0,"menu_order":0,"comment_status":"closed","ping_status":"closed","template":"","meta":{"footnotes":""},"class_list":["post-121","page","type-page","status-publish","hentry"],"_links":{"self":[{"href":"https:\/\/tianhuipackingmachine.com\/fr\/wp-json\/wp\/v2\/pages\/121","targetHints":{"allow":["GET"]}}],"collection":[{"href":"https:\/\/tianhuipackingmachine.com\/fr\/wp-json\/wp\/v2\/pages"}],"about":[{"href":"https:\/\/tianhuipackingmachine.com\/fr\/wp-json\/wp\/v2\/types\/page"}],"author":[{"embeddable":true,"href":"https:\/\/tianhuipackingmachine.com\/fr\/wp-json\/wp\/v2\/users\/1"}],"replies":[{"embeddable":true,"href":"https:\/\/tianhuipackingmachine.com\/fr\/wp-json\/wp\/v2\/comments?post=121"}],"version-history":[{"count":0,"href":"https:\/\/tianhuipackingmachine.com\/fr\/wp-json\/wp\/v2\/pages\/121\/revisions"}],"wp:attachment":[{"href":"https:\/\/tianhuipackingmachine.com\/fr\/wp-json\/wp\/v2\/media?parent=121"}],"curies":[{"name":"wp","href":"https:\/\/api.w.org\/{rel}","templated":true}]}}