{"id":9350,"date":"2026-04-10T16:00:17","date_gmt":"2026-04-10T08:00:17","guid":{"rendered":"https:\/\/tianhuipackingmachine.com\/?post_type=product&#038;p=9350"},"modified":"2026-04-10T16:42:15","modified_gmt":"2026-04-10T08:42:15","slug":"vacuum-skin-packaging-machine","status":"publish","type":"product","link":"https:\/\/tianhuipackingmachine.com\/es\/vacuum-skin-packaging-machine\/","title":{"rendered":"M\u00e1quina de envasado al vac\u00edo con piel"},"content":{"rendered":"<p class=\"translation-block\">La <strong>m\u00e1quina de envasado en piel<\/strong> es un tipo de m\u00e1quina MAP, una soluci\u00f3n de envasado avanzada que utiliza presi\u00f3n de vac\u00edo para sellar herm\u00e9ticamente una pel\u00edcula pl\u00e1stica calentada sobre un producto colocado en una bandeja o base. La pel\u00edcula se ajusta perfectamente a la forma del producto, creando un <strong>paquete en piel 3D ajustado<\/strong> que combina protecci\u00f3n, frescura y atractivo visual.<\/p>    <p class=\"translation-block\">Tiene una capacidad de <strong>180-500 cajas por hora<\/strong> y puede completar <strong>un ciclo en 12-15 segundos<\/strong>. Esta tecnolog\u00eda de envasado innovadora ofrece tres beneficios clave: <strong>protecci\u00f3n herm\u00e9tica del producto, conservaci\u00f3n en vac\u00edo y presentaci\u00f3n visual en 3D<\/strong>, ampliamente utilizada en procesamiento de alimentos, envasado minorista y protecci\u00f3n de productos industriales.<\/p>    <h2 class=\"wp-block-heading\"><strong>Video de funcionamiento de la m\u00e1quina de envasado al vac\u00edo VSP<\/strong><\/h2>   <figure class=\"wp-block-embed-youtube wp-block-embed is-type-video is-provider-youtube wp-embed-aspect-16-9 wp-has-aspect-ratio\"><div class=\"lyte-wrapper\" title=\"Video de funcionamiento de la m\u00e1quina de envasado en piel | Soluci\u00f3n perfecta de envasado de alimentos en 3D \u2013 \u00a1Contacta para precio!\" style=\"width:853px;max-width:100%;margin:5px auto;\"><div class=\"lyMe\" id=\"WYL_XR3KQcHGhuc\" itemprop=\"video\" itemscope itemtype=\"https:\/\/schema.org\/VideoObject\"><div><meta itemprop=\"thumbnailUrl\" content=\"https:\/\/i.ytimg.com\/vi\/XR3KQcHGhuc\/hqdefault.jpg\" \/><meta itemprop=\"embedURL\" content=\"https:\/\/www.youtube.com\/embed\/XR3KQcHGhuc\" \/><meta itemprop=\"duration\" content=\"PT1M22S\" \/><meta itemprop=\"uploadDate\" content=\"2026-04-10T07:00:16Z\" \/><\/div><div id=\"lyte_XR3KQcHGhuc\" data-src=\"https:\/\/i.ytimg.com\/vi\/XR3KQcHGhuc\/hqdefault.jpg\" class=\"pL\"><div class=\"tC\"><div class=\"tT\" itemprop=\"name\">Video de funcionamiento de la m\u00e1quina de envasado en piel | Soluci\u00f3n perfecta de envasado de alimentos en 3D \u2013 \u00a1Contacta para precio!<\/div><\/div><div class=\"play\"><\/div><div class=\"ctrl\"><div class=\"Lctrl\"><\/div><div class=\"Rctrl\"><\/div><\/div><\/div><noscript><a href=\"https:\/\/youtu.be\/XR3KQcHGhuc\" rel=\"nofollow noopener\" target=\"_blank\"><img loading=\"lazy\" decoding=\"async\" src=\"https:\/\/i.ytimg.com\/vi\/XR3KQcHGhuc\/0.jpg\" alt=\"Video de funcionamiento de la m\u00e1quina de envasado en piel | Soluci\u00f3n perfecta de envasado de alimentos en 3D \u2013 \u00a1Contacta para precio!\" width=\"853\" height=\"460\" \/><\/a><\/noscript><meta itemprop=\"description\" content=\"#skinpack #vacuumpackaging #vacuumpacking WhatsApp No.: https:\/\/wa.me\/+8613673689272 WeChat\/Tel No.:+8613673689272 Email: sales@tianhuipackingmachine.com Website: https:\/\/tianhuipackingmachine.com\/vacuum-skin-packaging-machine\/ This video shows the working process of a vacuum skin packaging machine, designed for high-quality packaging of fresh food and industrial products. The machine uses vacuum pressure to tightly seal a heated film over the product, creating a 3D skin-tight package that enhances product appearance, extends shelf life, and prevents movement or damage during transport. \u2728 Key Features: Perfect 3D display for better product presentation Strong vacuum sealing for freshness and protection Suitable for meat, seafood, frozen food, and hardware Stable performance with high efficiency Widely used in supermarkets, food processing plants, and industrial packaging. \ud83d\udc49 Looking for a reliable vacuum skin packaging machine? Contact us now for detailed specifications, working videos, and the latest price! WhatsApp No.: https:\/\/wa.me\/+8613673689272 WeChat\/Tel No.:+8613673689272 Email: sales@tianhuipackingmachine.com Website: https:\/\/tianhuipackingmachine.com\/vacuum-skin-packaging-machine\/\"><\/div><\/div><div class=\"lL\" style=\"max-width:100%;width:853px;margin:5px auto;\"> <a href=\"https:\/\/youtu.be\/XR3KQcHGhuc\" target=\"_blank\" rel=\"noopener\">Ver este v\u00eddeo en YouTube<\/a>.<\/div><figcaption>video de m\u00e1quina manual de sellado de bandejas de alimentos<\/figcaption><\/figure>   <h2 class=\"wp-block-heading\"><strong>Par\u00e1metros t\u00e9cnicos de la m\u00e1quina de envasado al vac\u00edo en piel<\/strong><\/h2>    <p class=\"translation-block\">En Shuliy, hay dos modelos de m\u00e1quinas de envasado en piel vertical en venta: <strong>JRB-M380V<\/strong> y <strong>JRB-M450V<\/strong>. <\/p>    <p>El tama\u00f1o de la bandeja puede personalizarse para satisfacer necesidades reales. <\/p>    <figure class=\"wp-block-table\"><table class=\"has-fixed-layout\"><tbody><tr><td><strong>Modelo<\/strong><\/td><td><strong>JRB-M380V<\/strong><\/td><td><strong>JRB-M450V<\/strong><\/td><\/tr><tr><td><strong>Ancho m\u00e1ximo de pel\u00edcula<\/strong><\/td><td>380 mm<\/td><td>450 mm<\/td><\/tr><tr><td><strong>Di\u00e1metro m\u00e1ximo de pel\u00edcula<\/strong><\/td><td>240 mm<\/td><td> 240 mm<\/td><\/tr><tr><td><strong>Velocidad de embalaje<\/strong><\/td><td>12\u201315 segundos\/ciclo<\/td><td>12\u201315 segundos\/ciclo<\/td><\/tr><tr><td><strong>Capacidad de producci\u00f3n<\/strong><\/td><td>2 bandejas: \u2248300 bandejas\/hora<br>4 bandejas: \u2248500 bandejas\/hora<\/td><td>1 bandeja: \u2248180 bandejas\/hora<br>2 bandejas: \u2248300 bandejas\/hora<br>4 bandejas: \u2248500 bandejas\/hora<\/td><\/tr><tr><td><strong>Capacidad de la bomba de vac\u00edo<\/strong><\/td><td>63 m\u00b3\/h<\/td><td>100 m\u00b3\/h<\/td><\/tr><tr><td><strong>Fuente de alimentaci\u00f3n<\/strong><\/td><td>380V \/ 50Hz <\/td><td>380V \/ 50Hz<\/td><\/tr><tr><td><strong>poder total<\/strong><\/td><td>4,5 kW<\/td><td>6,5 kW <\/td><\/tr><tr><td><strong>Presi\u00f3n del aire<\/strong><\/td><td> 0,6\u20130,8 MPa<\/td><td> 0,6\u20130,8 MPa<\/td><\/tr><tr><td><strong>Peso de la m\u00e1quina<\/strong><\/td><td>330 kg<\/td><td>447 kg<\/td><\/tr><tr><td><strong>Tama\u00f1o de la m\u00e1quina<\/strong><\/td><td>1120 \u00d7 1100 \u00d7 1600 mm<\/td><td>1250 \u00d7 1200 \u00d7 1600 mm<\/td><\/tr><tr><td><strong>Tama\u00f1o m\u00e1ximo de bandeja<\/strong><\/td><td>2 bandejas: 310 \u00d7 200 \u00d7 60 mm<br>4 bandejas: 200 \u00d7 140 \u00d7 60 mm<\/td><td>2 bandejas: 380 \u00d7 260 \u00d7 60 mm<br>4 bandejas: 260 \u00d7 175 \u00d7 60 mm<\/td><\/tr><\/tbody><\/table><figcaption class=\"wp-element-caption\">Par\u00e1metros de la m\u00e1quina de sellado de bandejas de alimentos vertical<\/figcaption><\/figure>    <figure class=\"wp-block-image aligncenter size-large\"><img loading=\"lazy\" decoding=\"async\" width=\"667\" height=\"500\" src=\"https:\/\/tianhuipackingmachine.com\/wp-content\/uploads\/2026\/04\/commercial-vacuum-tray-sealing-machine-for-skin-packing-667x500.webp\" alt=\"commercial vacuum tray sealing machine for skin packing\" class=\"wp-image-9361\" srcset=\"https:\/\/tianhuipackingmachine.com\/wp-content\/uploads\/2026\/04\/commercial-vacuum-tray-sealing-machine-for-skin-packing-667x500.webp 667w, https:\/\/tianhuipackingmachine.com\/wp-content\/uploads\/2026\/04\/commercial-vacuum-tray-sealing-machine-for-skin-packing-480x360.webp 480w, https:\/\/tianhuipackingmachine.com\/wp-content\/uploads\/2026\/04\/commercial-vacuum-tray-sealing-machine-for-skin-packing-16x12.webp 16w, https:\/\/tianhuipackingmachine.com\/wp-content\/uploads\/2026\/04\/commercial-vacuum-tray-sealing-machine-for-skin-packing.webp 720w\" sizes=\"auto, (max-width: 667px) 100vw, 667px\" \/><figcaption class=\"wp-element-caption\">M\u00e1quina de sellado de bandejas al vac\u00edo para envasado en piel<\/figcaption><\/figure>    <h2 class=\"wp-block-heading\"><strong>\u00bfC\u00f3mo funciona la m\u00e1quina de envasado al vac\u00edo en piel Shuliy?<\/strong><\/h2>    <p>El proceso de trabajo de una m\u00e1quina de envasado al vac\u00edo en piel es simple pero muy eficiente:<\/p>   <div id=\"rank-math-howto\" class=\"rank-math-block\" > <div class=\"rank-math-howto-description\">  <\/div>  <div class=\"rank-math-steps\"> <div id=\"howto-step-1775803819391\" class=\"rank-math-step\"> <h3 class=\"rank-math-step-title\"> <strong>Colocaci\u00f3n del producto<\/strong><\/h3> <div class=\"rank-math-step-content\"><p>El producto se coloca sobre una base como cart\u00f3n transpirable o bandeja perforada.<\/p> <\/div> <\/div> <div id=\"howto-step-1775803893070\" class=\"rank-math-step\"> <h3 class=\"rank-math-step-title\"><strong>Calentamiento de pel\u00edcula<\/strong><\/h3> <div class=\"rank-math-step-content\"><p>La pel\u00edcula de envasado se calienta a una temperatura de ablandamiento, permitiendo que sea flexible y moldeable.<\/p> <\/div> <\/div> <div id=\"howto-step-1775803912682\" class=\"rank-math-step\"> <h3 class=\"rank-math-step-title\"><strong>Sellado al vac\u00edo<\/strong><\/h3> <div class=\"rank-math-step-content\"><p>Un sistema de vac\u00edo elimina el aire de la c\u00e1mara. Bajo presi\u00f3n negativa, la pel\u00edcula calentada se ajusta firmemente alrededor del producto y se une a la base.<\/p> <\/div> <\/div> <div id=\"howto-step-1775803933822\" class=\"rank-math-step\"> <h3 class=\"rank-math-step-title\"><strong>Enfriamiento y formaci\u00f3n<\/strong><\/h3> <div class=\"rank-math-step-content\"><img loading=\"lazy\" decoding=\"async\" width=\"639\" height=\"540\" src=\"https:\/\/tianhuipackingmachine.com\/wp-content\/uploads\/2026\/04\/vacuum-skin-packaging-effect.webp\" class=\"attachment-full size-full\" alt=\"vacuum skin packaging effect\" srcset=\"https:\/\/tianhuipackingmachine.com\/wp-content\/uploads\/2026\/04\/vacuum-skin-packaging-effect.webp 639w, https:\/\/tianhuipackingmachine.com\/wp-content\/uploads\/2026\/04\/vacuum-skin-packaging-effect-426x360.webp 426w, https:\/\/tianhuipackingmachine.com\/wp-content\/uploads\/2026\/04\/vacuum-skin-packaging-effect-592x500.webp 592w, https:\/\/tianhuipackingmachine.com\/wp-content\/uploads\/2026\/04\/vacuum-skin-packaging-effect-14x12.webp 14w\" sizes=\"auto, (max-width: 639px) 100vw, 639px\" \/><p>La pel\u00edcula se enfr\u00eda y solidifica mientras mantiene un sello herm\u00e9tico, creando un paquete duradero y visualmente atractivo (3D).<\/p> <\/div> <\/div> <\/div> <\/div>       <h2 class=\"wp-block-heading\"><strong>Beneficios clave del envasado en piel al vac\u00edo<\/strong><\/h2>    <ul class=\"wp-block-list\"> <li><strong>Visualizaci\u00f3n 3D para mejores ventas<\/strong> <ul class=\"wp-block-list\"> <li>Products are displayed like a &#8220;sculpture,&#8221; enhancing shelf appeal and allowing customers to clearly see product details.<\/li> <\/ul> <\/li>    <li><strong>Frescura y conservaci\u00f3n superiores<\/strong> <ul class=\"wp-block-list\"> <li>El envasado en piel ayuda a mantener el color, la textura y la frescura, siendo ideal para: <ul class=\"wp-block-list\"> <li>Carne fresca<\/li>    <li>Mariscos<\/li>    <li>Comida congelada<\/li> <\/ul> <\/li>    <li>Tambi\u00e9n reduce la formaci\u00f3n de cristales de hielo y quemaduras por congelaci\u00f3n.<\/li> <\/ul> <\/li>    <li><strong>Protecci\u00f3n y estabilidad excelentes<\/strong> <ul class=\"wp-block-list\"> <li>El embalaje herm\u00e9tico previene el movimiento del producto, haciendo que sea adecuado para: <ul class=\"wp-block-list\"> <li>Herramientas de hardware<\/li>    <li>Componentes electr\u00f3nicos<\/li>    <li>Art\u00edculos fr\u00e1giles<\/li> <\/ul> <\/li> <\/ul> <\/li> <\/ul>    <h2 class=\"wp-block-heading\"><strong>Aplicaciones de la m\u00e1quina de envasado al vac\u00edo comercial<\/strong><\/h2>    <p>La m\u00e1quina de envasado en piel para alimentos se usa ampliamente en:<\/p>    <h3 class=\"wp-block-heading\"><strong>Industria alimentaria<\/strong><\/h3>    <ul class=\"wp-block-list\"> <li>Carne fresca y de vacuno<\/li>    <li>Mariscos y pescados<\/li>    <li>Comida congelada<\/li>    <li>Comidas preparadas<\/li> <\/ul>    <figure class=\"wp-block-gallery has-nested-images columns-default is-cropped wp-block-gallery-2 is-layout-flex wp-block-gallery-is-layout-flex\"> <figure class=\"wp-block-image size-large\"><img loading=\"lazy\" decoding=\"async\" width=\"375\" height=\"500\" data-id=\"9357\" src=\"https:\/\/tianhuipackingmachine.com\/wp-content\/uploads\/2026\/04\/vacuum-skin-packaging-VSP-machine-for-food-375x500.webp\" alt=\"vacuum skin packaging (VSP) machine for food\" class=\"wp-image-9357\" srcset=\"https:\/\/tianhuipackingmachine.com\/wp-content\/uploads\/2026\/04\/vacuum-skin-packaging-VSP-machine-for-food-375x500.webp 375w, https:\/\/tianhuipackingmachine.com\/wp-content\/uploads\/2026\/04\/vacuum-skin-packaging-VSP-machine-for-food-270x360.webp 270w, https:\/\/tianhuipackingmachine.com\/wp-content\/uploads\/2026\/04\/vacuum-skin-packaging-VSP-machine-for-food-768x1024.webp 768w, https:\/\/tianhuipackingmachine.com\/wp-content\/uploads\/2026\/04\/vacuum-skin-packaging-VSP-machine-for-food-9x12.webp 9w, https:\/\/tianhuipackingmachine.com\/wp-content\/uploads\/2026\/04\/vacuum-skin-packaging-VSP-machine-for-food.webp 1080w\" sizes=\"auto, (max-width: 375px) 100vw, 375px\" \/><figcaption class=\"wp-element-caption\">M\u00e1quina de envasado en piel (Vsp) para alimentos<\/figcaption><\/figure>    <figure class=\"wp-block-image size-large\"><img loading=\"lazy\" decoding=\"async\" width=\"375\" height=\"500\" data-id=\"9358\" src=\"https:\/\/tianhuipackingmachine.com\/wp-content\/uploads\/2026\/04\/vacuum-skin-packaging-machine-for-foodstuffs-375x500.webp\" alt=\"vacuum skin packaging machine for foodstuffs\" class=\"wp-image-9358\" srcset=\"https:\/\/tianhuipackingmachine.com\/wp-content\/uploads\/2026\/04\/vacuum-skin-packaging-machine-for-foodstuffs-375x500.webp 375w, https:\/\/tianhuipackingmachine.com\/wp-content\/uploads\/2026\/04\/vacuum-skin-packaging-machine-for-foodstuffs-270x360.webp 270w, https:\/\/tianhuipackingmachine.com\/wp-content\/uploads\/2026\/04\/vacuum-skin-packaging-machine-for-foodstuffs-768x1024.webp 768w, https:\/\/tianhuipackingmachine.com\/wp-content\/uploads\/2026\/04\/vacuum-skin-packaging-machine-for-foodstuffs-9x12.webp 9w, https:\/\/tianhuipackingmachine.com\/wp-content\/uploads\/2026\/04\/vacuum-skin-packaging-machine-for-foodstuffs.webp 960w\" sizes=\"auto, (max-width: 375px) 100vw, 375px\" \/><figcaption class=\"wp-element-caption\">M\u00e1quina de envasado en piel para alimentos<\/figcaption><\/figure>    <figure class=\"wp-block-image size-large\"><img loading=\"lazy\" decoding=\"async\" width=\"375\" height=\"500\" data-id=\"9359\" src=\"https:\/\/tianhuipackingmachine.com\/wp-content\/uploads\/2026\/04\/manual-vacuum-skin-packaging-machine-for-meat-375x500.webp\" alt=\"manual vacuum skin packaging machine for meat\" class=\"wp-image-9359\" srcset=\"https:\/\/tianhuipackingmachine.com\/wp-content\/uploads\/2026\/04\/manual-vacuum-skin-packaging-machine-for-meat-375x500.webp 375w, https:\/\/tianhuipackingmachine.com\/wp-content\/uploads\/2026\/04\/manual-vacuum-skin-packaging-machine-for-meat-270x360.webp 270w, https:\/\/tianhuipackingmachine.com\/wp-content\/uploads\/2026\/04\/manual-vacuum-skin-packaging-machine-for-meat-768x1024.webp 768w, https:\/\/tianhuipackingmachine.com\/wp-content\/uploads\/2026\/04\/manual-vacuum-skin-packaging-machine-for-meat-9x12.webp 9w, https:\/\/tianhuipackingmachine.com\/wp-content\/uploads\/2026\/04\/manual-vacuum-skin-packaging-machine-for-meat.webp 1080w\" sizes=\"auto, (max-width: 375px) 100vw, 375px\" \/><figcaption class=\"wp-element-caption\">M\u00e1quina manual de envasado en piel para carne<\/figcaption><\/figure> <\/figure>    <h3 class=\"wp-block-heading\"><strong>Industria no alimentaria<\/strong><\/h3>    <ul class=\"wp-block-list\"> <li>Herramientas de hardware y productos DIY<\/li>    <li>Componentes electr\u00f3nicos<\/li>    <li>Componentes industriales<\/li>    <li>Productos cosm\u00e9ticos y de cuidado personal<\/li> <\/ul>    <h2 class=\"wp-block-heading\"><strong>What&#8217;s the Vacuum Skin Packaging Machine Price?<\/strong><\/h2>    <p>El precio de la m\u00e1quina de envasado con gas depende de:<\/p>    <ul class=\"wp-block-list\"> <li>Modelo y tama\u00f1o de la m\u00e1quina (por ejemplo, M380 vs M450)<\/li>    <li>Capacidad de la bomba de vac\u00edo<\/li>    <li>Capacidad de producci\u00f3n (bandejas por hora)<\/li>    <li>Ancho de pel\u00edcula y tama\u00f1o de bandeja<\/li>    <li>Funciones de personalizaci\u00f3n opcionales<\/li> <\/ul>    <p>Contacta con nuestro equipo de ventas para obtener precios precisos seg\u00fan tu volumen de producci\u00f3n, especificaciones del producto y requisitos de entrega. Ofrecemos presupuestos competitivos para unidades individuales y pedidos al por mayor, con env\u00edo a m\u00e1s de 50 pa\u00edses en todo el mundo.<\/p>    <h2 class=\"wp-block-heading\"><strong>\u00bfPor qu\u00e9 elegir la m\u00e1quina de envasado en piel de Shuliy?<\/strong><\/h2>    <ul class=\"wp-block-list\"> <li>Sistema de vac\u00edo de alto rendimiento para un sellado herm\u00e9tico<\/li>    <li>Operaci\u00f3n estable con calidad de envasado consistente<\/li>    <li>Amplia aplicaci\u00f3n para productos alimenticios e industriales<\/li>    <li>Configuraciones personalizables seg\u00fan necesidades de producci\u00f3n<\/li>    <li>Soporte profesional y experiencia en exportaci\u00f3n global<\/li> <\/ul>    <figure class=\"wp-block-gallery has-nested-images columns-default is-cropped wp-block-gallery-3 is-layout-flex wp-block-gallery-is-layout-flex\"> <figure class=\"wp-block-image size-large\"><img loading=\"lazy\" decoding=\"async\" width=\"667\" height=\"500\" data-id=\"9364\" src=\"https:\/\/tianhuipackingmachine.com\/wp-content\/uploads\/2026\/04\/skin-vacuum-packaging-machine-for-sale-667x500.webp\" alt=\"skin vacuum packaging machine for sale\" class=\"wp-image-9364\" srcset=\"https:\/\/tianhuipackingmachine.com\/wp-content\/uploads\/2026\/04\/skin-vacuum-packaging-machine-for-sale-667x500.webp 667w, https:\/\/tianhuipackingmachine.com\/wp-content\/uploads\/2026\/04\/skin-vacuum-packaging-machine-for-sale-480x360.webp 480w, https:\/\/tianhuipackingmachine.com\/wp-content\/uploads\/2026\/04\/skin-vacuum-packaging-machine-for-sale-16x12.webp 16w, https:\/\/tianhuipackingmachine.com\/wp-content\/uploads\/2026\/04\/skin-vacuum-packaging-machine-for-sale.webp 720w\" sizes=\"auto, (max-width: 667px) 100vw, 667px\" \/><figcaption class=\"wp-element-caption\">M\u00e1quina de envasado en piel al vac\u00edo en venta<\/figcaption><\/figure>    <figure class=\"wp-block-image size-large\"><img loading=\"lazy\" decoding=\"async\" width=\"500\" height=\"500\" data-id=\"9363\" src=\"https:\/\/tianhuipackingmachine.com\/wp-content\/uploads\/2026\/04\/meat-skin-packaging-with-3D-effect-500x500.webp\" alt=\"meat skin packaging with 3D effect\" class=\"wp-image-9363\" srcset=\"https:\/\/tianhuipackingmachine.com\/wp-content\/uploads\/2026\/04\/meat-skin-packaging-with-3D-effect-500x500.webp 500w, https:\/\/tianhuipackingmachine.com\/wp-content\/uploads\/2026\/04\/meat-skin-packaging-with-3D-effect-360x360.webp 360w, https:\/\/tianhuipackingmachine.com\/wp-content\/uploads\/2026\/04\/meat-skin-packaging-with-3D-effect-150x150.webp 150w, https:\/\/tianhuipackingmachine.com\/wp-content\/uploads\/2026\/04\/meat-skin-packaging-with-3D-effect-768x768.webp 768w, https:\/\/tianhuipackingmachine.com\/wp-content\/uploads\/2026\/04\/meat-skin-packaging-with-3D-effect-12x12.webp 12w, https:\/\/tianhuipackingmachine.com\/wp-content\/uploads\/2026\/04\/meat-skin-packaging-with-3D-effect.webp 924w\" sizes=\"auto, (max-width: 500px) 100vw, 500px\" \/><figcaption class=\"wp-element-caption\">Envasado en piel de carne con efecto 3D<\/figcaption><\/figure> <\/figure>    <h2 class=\"wp-block-heading\"><strong>Cont\u00e1ctanos para soluciones de envasado en piel<\/strong><\/h2>    <p class=\"translation-block\">Una <strong>m\u00e1quina de envasado en piel al vac\u00edo<\/strong> es una soluci\u00f3n ideal para empresas que buscan mejorar la frescura, protecci\u00f3n y atractivo visual del producto. Con tecnolog\u00eda avanzada de vac\u00edo y rendimiento eficiente, ayuda a aumentar el valor del producto y la competitividad en el mercado.<\/p>    <p class=\"translation-block\">&#x1f449; <strong>Contact us today to get detailed specifications, videos, and the best price for your vacuum skin packaging solution.<\/strong><\/p>    <h2 class=\"wp-block-heading\"><strong>Productos relacionados<\/strong><\/h2>    <ul class=\"wp-block-list\"> <li><strong><a href=\"https:\/\/tianhuipackingmachine.com\/es\/modified-atmosphere-packaging-machine-map-tray-sealer\/\">M\u00e1quina de envasado en atm\u00f3sfera modificada vertical<\/a><\/strong><\/li>    <li><strong>M\u00e1quina de envasado al vac\u00edo de doble c\u00e1mara<\/strong><\/li>    <li><strong>M\u00e1quina de envasado en atm\u00f3sfera modificada de mesa<\/strong><\/li> <\/ul>","protected":false},"excerpt":{"rendered":"<p>Shuliy vacuum skin packaging machine creates 3D tight-fitting packages with superior product presentation. Perfect for premium meat, seafood, and retail display packaging.<\/p>","protected":false},"author":1,"featured_media":9351,"parent":0,"template":"","tags":[239,243,193,242,244],"product-type":[140],"class_list":["post-9350","product","type-product","status-publish","has-post-thumbnail","hentry","tag-map-packaging","tag-skin-packaging-machine","tag-vacuum-packaging","tag-vacuum-skin-packaging-machine","tag-vsp-packaging","product-type-vacuum-packaging-machines"],"_links":{"self":[{"href":"https:\/\/tianhuipackingmachine.com\/es\/wp-json\/wp\/v2\/product\/9350","targetHints":{"allow":["GET"]}}],"collection":[{"href":"https:\/\/tianhuipackingmachine.com\/es\/wp-json\/wp\/v2\/product"}],"about":[{"href":"https:\/\/tianhuipackingmachine.com\/es\/wp-json\/wp\/v2\/types\/product"}],"author":[{"embeddable":true,"href":"https:\/\/tianhuipackingmachine.com\/es\/wp-json\/wp\/v2\/users\/1"}],"wp:featuredmedia":[{"embeddable":true,"href":"https:\/\/tianhuipackingmachine.com\/es\/wp-json\/wp\/v2\/media\/9351"}],"wp:attachment":[{"href":"https:\/\/tianhuipackingmachine.com\/es\/wp-json\/wp\/v2\/media?parent=9350"}],"wp:term":[{"taxonomy":"post_tag","embeddable":true,"href":"https:\/\/tianhuipackingmachine.com\/es\/wp-json\/wp\/v2\/tags?post=9350"},{"taxonomy":"product-type","embeddable":true,"href":"https:\/\/tianhuipackingmachine.com\/es\/wp-json\/wp\/v2\/product-type?post=9350"}],"curies":[{"name":"wp","href":"https:\/\/api.w.org\/{rel}","templated":true}]}}