{"id":6402,"date":"2023-03-22T18:10:21","date_gmt":"2023-03-22T10:10:21","guid":{"rendered":"https:\/\/tianhuipackingmachine.com\/?post_type=product&#038;p=6402"},"modified":"2023-04-03T09:49:30","modified_gmt":"2023-04-03T01:49:30","slug":"jumbo-bag-filling-machine","status":"publish","type":"product","link":"https:\/\/tianhuipackingmachine.com\/es\/jumbo-bag-filling-machine\/","title":{"rendered":"M\u00e1quina llenadora de bolsas gigantes"},"content":{"rendered":"<p class=\"translation-block\"><strong>La m\u00e1quina de llenado de bolsas Jumbo<\/strong>, tambi\u00e9n llamada m\u00e1quina de envasado de bolsas de tonelada, est\u00e1 dise\u00f1ada para simplificar y optimizar su proceso de manejo de materiales. La m\u00e1quina que ofrecemos es perfecta para industrias que requieren un envasado eficiente, preciso y automatizado de una amplia gama de materiales, incluyendo gr\u00e1nulos, polvos y pellets. Al automatizar el proceso de envasado, la m\u00e1quina de llenado de bolsas Jumbo puede mejorar significativamente la eficiencia de producci\u00f3n y reducir los costos laborales.<\/p>    <figure class=\"wp-block-image size-full\"><img loading=\"lazy\" decoding=\"async\" width=\"720\" height=\"540\" src=\"https:\/\/tianhuipackingmachine.com\/wp-content\/uploads\/2023\/03\/jumbo-bag-filling-station.jpg\" alt=\"estaci\u00f3n de llenado de bolsas gigantes\" class=\"wp-image-6406\"\/><figcaption class=\"wp-element-caption\">Estaci\u00f3n de llenado de bolsas gigantes<\/figcaption><\/figure>    <h2 class=\"wp-block-heading\">Caracter\u00edsticas de rendimiento de la m\u00e1quina llenadora de bolsas gigantes<\/h2>    <ol class=\"wp-block-list\" type=\"1\"> <li>Alta precisi\u00f3n y velocidad de llenado<\/li>    <li>Estructura del cuerpo de la m\u00e1quina totalmente de acero inoxidable, duradera y confiable.<\/li>    <li>Capacidad para manejar una amplia gama de tama\u00f1os y pesos de bolsas.<\/li>    <li>Adopte la pantalla t\u00e1ctil LCD, f\u00e1cil de operar<\/li>    <li>Flexibilidad para adaptarse a diferentes tipos de materiales, como polvos, gr\u00e1nulos o l\u00edquidos.<\/li>    <li>Integraci\u00f3n con sistemas de pesaje y transporte para procesos automatizados.<\/li>    <li>Cumplimiento de normas y reglamentos de seguridad.<\/li>    <li>El servicio de personalizaci\u00f3n est\u00e1 disponible para cumplir con requisitos de embalaje espec\u00edficos.<\/li> <\/ol>    <h2 class=\"wp-block-heading has-luminous-vivid-orange-color has-text-color\">Par\u00e1metros de la m\u00e1quina llenadora de supersacos<\/h2>    <figure class=\"wp-block-table\"><table><tbody><tr><td>Modelo<\/td><td>ph-2000T<\/td><td>ph-2000T<\/td><\/tr><tr><td>Aplicaciones<\/td><td>Part\u00edculas<\/td><td>polvo<\/td><\/tr><tr><td>rango de pesaje<\/td><td>200-1000kg<\/td><td>200-1500kg<\/td><\/tr><tr><td>Grado de precisi\u00f3n<\/td><td>\u00b10,2%<\/td><td>\u00b10,5%<\/td><\/tr><tr><td>Velocidad de embalaje<\/td><td>Por bolsa\/2~3min<\/td><td>M\u00ednimo 15 bolsas\/hora<\/td><\/tr><tr><td>M\u00e9todo de alimentaci\u00f3n<\/td><td>alimentaci\u00f3n por gravedad<\/td><td>Alimentaci\u00f3n por barrena<\/td><\/tr><tr><td>\u00a0Presi\u00f3n del aire<\/td><td>0,6-0,8 MPa<\/td><td>0,8 MPa<\/td><\/tr><tr><td>Consumo de aire<\/td><td>1m3\/hora<\/td><td>1m3\/hora<\/td><\/tr><tr><td>El consumo de energ\u00eda<\/td><td>380V\/8kW<\/td><td>380V\/8KW, 50Hz<\/td><\/tr><tr><td>Tama\u00f1o de la m\u00e1quina (mm)<\/td><td>2000\u00d72000\u00d73000<\/td><td>2000\u00d72000\u00d73400<\/td><\/tr><\/tbody><\/table><\/figure>    <h2 class=\"wp-block-heading\">\u00bfQu\u00e9 son las bolsas gigantes?<\/h2>    <p class=\"translation-block\">Las bolsas Jumbo, tambi\u00e9n conocidas como bolsas a granel o <a href=\"https:\/\/en.wikipedia.org\/wiki\/Flexible_intermediate_bulk_container\" target=\"_blank\" rel=\"noopener\">FIBCs<\/a> (Contenedores Intermedios Flexibles a Granel), son grandes contenedores industriales utilizados para el almacenamiento y transporte de productos secos y fluibles como arena, cemento, granos, qu\u00edmicos y minerales. T\u00edpicamente tienen una capacidad que var\u00eda desde 500 kg hasta varios toneladas y est\u00e1n hechas de tela de polipropileno tejido con lazos de elevaci\u00f3n para un manejo f\u00e1cil utilizando gr\u00faas o carretillas elevadoras. Las bolsas Jumbo son una alternativa rentable y ecol\u00f3gica a las bolsas y tambores m\u00e1s peque\u00f1os, ya que reducen los desechos de embalaje y mejoran la eficiencia log\u00edstica.<\/p>    <figure class=\"wp-block-image size-full\"><img loading=\"lazy\" decoding=\"async\" width=\"720\" height=\"540\" src=\"https:\/\/tianhuipackingmachine.com\/wp-content\/uploads\/2023\/03\/ton-bags.jpg\" alt=\"bolsas de toneladas\" class=\"wp-image-6407\"\/><figcaption class=\"wp-element-caption\">Bolsas de toneladas<\/figcaption><\/figure>    <h2 class=\"wp-block-heading\">Beneficios de utilizar la m\u00e1quina llenadora de bolsas gigantes<\/h2>    <p>Uno de los principales beneficios de utilizar la m\u00e1quina llenadora de bolsas gigantes es la mayor eficiencia que proporciona. Estas m\u00e1quinas son capaces de llenar bolsas de forma r\u00e1pida y precisa, lo que significa que pueden reducir significativamente el tiempo y la mano de obra necesarios para el llenado manual de bolsas. Esto da como resultado mayores tasas de producci\u00f3n, mayor rendimiento y menores costos laborales.<\/p>    <p>La m\u00e1quina empacadora de bolsas gigantes tambi\u00e9n es muy precisa, lo que garantiza que cada bolsa se llene con el peso y volumen correctos. Esto es particularmente importante para industrias que requieren mediciones precisas, como las industrias qu\u00edmica y farmac\u00e9utica.<\/p>    <p>Adem\u00e1s, las m\u00e1quinas llenadoras de bolsas gigantes est\u00e1n dise\u00f1adas para manejar una amplia gama de materiales, incluidos materiales abrasivos y dif\u00edciles de manejar. Esto significa que se pueden utilizar en una variedad de industrias, incluidas la miner\u00eda, la construcci\u00f3n, la agricultura y el procesamiento de alimentos.<\/p>    <figure class=\"wp-block-image size-full\"><img loading=\"lazy\" decoding=\"async\" width=\"720\" height=\"540\" src=\"https:\/\/tianhuipackingmachine.com\/wp-content\/uploads\/2023\/03\/jumbo-bag-packing-machine-parts.jpg\" alt=\"piezas de la m\u00e1quina empacadora de bolsas gigantes\" class=\"wp-image-6408\"\/><figcaption class=\"wp-element-caption\">Piezas de la m\u00e1quina empacadora de bolsas gigantes<\/figcaption><\/figure>    <h2 class=\"wp-block-heading\">Factores clave a considerar al elegir una m\u00e1quina llenadora de bolsas gigantes<\/h2>    <p>Al elegir una m\u00e1quina llenadora de bolsas gigantes, hay varios factores a considerar, entre ellos:<\/p>    <p class=\"translation-block\"><strong>Tipo de material:<\/strong> El tipo de material que va a llenar determinar\u00e1 el tipo de m\u00e1quina que necesita. Por ejemplo, si va a llenar materiales abrasivos, necesitar\u00e1 una m\u00e1quina dise\u00f1ada para manejar estos materiales.<\/p>    <p class=\"translation-block\"><strong>Tama\u00f1o y peso de la bolsa:<\/strong> Las m\u00e1quinas de llenado de bolsas Jumbo pueden manejar bolsas de diferentes tama\u00f1os y pesos, por lo que es importante elegir una m\u00e1quina que pueda acomodar las bolsas que va a utilizar.<\/p>    <p class=\"translation-block\"><strong>Tasa de llenado:<\/strong> La tasa de llenado de una m\u00e1quina determina qu\u00e9 tan r\u00e1pido puede llenar las bolsas. Esta es una consideraci\u00f3n importante si necesita llenar una gran cantidad de bolsas en un corto per\u00edodo de tiempo.<\/p>    <p class=\"translation-block\"><strong>Nivel de automatizaci\u00f3n:<\/strong> Las m\u00e1quinas de llenado de bolsas Jumbo pueden ser completamente automatizadas o semi-automatizadas. Las m\u00e1quinas completamente automatizadas requieren menos intervenci\u00f3n del operador, mientras que las m\u00e1quinas semi-automatizadas requieren m\u00e1s intervenci\u00f3n del operador pero son t\u00edpicamente menos costosas.<\/p>    <figure class=\"wp-block-image size-full\"><img loading=\"lazy\" decoding=\"async\" width=\"720\" height=\"540\" src=\"https:\/\/tianhuipackingmachine.com\/wp-content\/uploads\/2023\/03\/big-bag-filling-machine-factory.jpg\" alt=\"f\u00e1brica de m\u00e1quinas llenadoras de bolsas grandes\" class=\"wp-image-6409\"\/><figcaption class=\"wp-element-caption\">F\u00e1brica de m\u00e1quinas llenadoras de bolsas grandes<\/figcaption><\/figure>    <h2 class=\"wp-block-heading\">Conclusi\u00f3n<\/h2>    <p>La m\u00e1quina llenadora de bolsas gigantes es una herramienta esencial para muchas industrias, ya que proporciona una forma r\u00e1pida, precisa y eficiente de envasar materiales a granel. Al automatizar el proceso de llenado, estas m\u00e1quinas pueden mejorar significativamente las tasas de producci\u00f3n y reducir los costos laborales. Al elegir una m\u00e1quina llenadora de bolsas gigantes, es importante considerar factores como el tipo de material, el tama\u00f1o y peso de la bolsa, la tasa de llenado y el nivel de automatizaci\u00f3n.  <\/p>    <p class=\"translation-block\">Henan Top Packaging Machinery Co., Ltd proporciona soluciones profesionales de <a href=\"https:\/\/tianhuipackingmachine.com\/es\/product\/\">empaque y llenado<\/a> para clientes globales. Nuestra m\u00e1quina de llenado de bolsas Jumbo en venta es famosa por su excelente rendimiento y buen precio. Si est\u00e1 buscando un sistema de llenado de bolsas grandes, le damos la bienvenida a contactarnos para obtener m\u00e1s detalles \u00fatiles sobre la m\u00e1quina. <\/p>","protected":false},"excerpt":{"rendered":"<p>Jumbo bag filling machine, also named ton bag packing machine, is designed to simplify and streamline your material handling process. The machine from us is perfect for industries that require efficient, accurate, and automated packaging of a wide range of materials, including granules, powders, and pellets. By automating the packaging process, jumbo bag filling machine [&hellip;]<\/p>\n","protected":false},"author":1,"featured_media":6404,"parent":0,"template":"","tags":[162],"product-type":[141],"class_list":["post-6402","product","type-product","status-publish","has-post-thumbnail","hentry","tag-filling-machine","product-type-filling-machines"],"_links":{"self":[{"href":"https:\/\/tianhuipackingmachine.com\/es\/wp-json\/wp\/v2\/product\/6402","targetHints":{"allow":["GET"]}}],"collection":[{"href":"https:\/\/tianhuipackingmachine.com\/es\/wp-json\/wp\/v2\/product"}],"about":[{"href":"https:\/\/tianhuipackingmachine.com\/es\/wp-json\/wp\/v2\/types\/product"}],"author":[{"embeddable":true,"href":"https:\/\/tianhuipackingmachine.com\/es\/wp-json\/wp\/v2\/users\/1"}],"wp:featuredmedia":[{"embeddable":true,"href":"https:\/\/tianhuipackingmachine.com\/es\/wp-json\/wp\/v2\/media\/6404"}],"wp:attachment":[{"href":"https:\/\/tianhuipackingmachine.com\/es\/wp-json\/wp\/v2\/media?parent=6402"}],"wp:term":[{"taxonomy":"post_tag","embeddable":true,"href":"https:\/\/tianhuipackingmachine.com\/es\/wp-json\/wp\/v2\/tags?post=6402"},{"taxonomy":"product-type","embeddable":true,"href":"https:\/\/tianhuipackingmachine.com\/es\/wp-json\/wp\/v2\/product-type?post=6402"}],"curies":[{"name":"wp","href":"https:\/\/api.w.org\/{rel}","templated":true}]}}