{"id":6356,"date":"2023-03-03T15:28:21","date_gmt":"2023-03-03T07:28:21","guid":{"rendered":"https:\/\/tianhuipackingmachine.com\/?post_type=product&#038;p=6356"},"modified":"2023-03-03T17:19:30","modified_gmt":"2023-03-03T09:19:30","slug":"soap-making-machine","status":"publish","type":"product","link":"https:\/\/tianhuipackingmachine.com\/es\/soap-making-machine\/","title":{"rendered":"M\u00e1quina para hacer jab\u00f3n"},"content":{"rendered":"<p class=\"translation-block\">La **m\u00e1quina para fabricar jab\u00f3n** es una gran herramienta utilizada para automatizar el proceso de fabricaci\u00f3n de jab\u00f3n. La m\u00e1quina est\u00e1 dise\u00f1ada para mezclar, batir, extruir y cortar jabones. La m\u00e1quina para fabricar jab\u00f3n se puede utilizar para fabricar diversos productos de jab\u00f3n, como jab\u00f3n en barra, jab\u00f3n para la ropa, jab\u00f3n de ba\u00f1o, jab\u00f3n de tocador y jab\u00f3n transparente. \u00a0<\/p>    <p>El jab\u00f3n ha sido una parte esencial de la higiene y limpieza humana durante siglos. Y la m\u00e1quina para fabricar jab\u00f3n revoluciona la forma en que se producen los jabones. Ha hecho posible que los fabricantes de jab\u00f3n produzcan productos de jab\u00f3n a mayor escala, con mayor eficiencia y confiabilidad.<\/p>    <figure class=\"wp-block-image size-full\"><img loading=\"lazy\" decoding=\"async\" width=\"720\" height=\"540\" src=\"https:\/\/tianhuipackingmachine.com\/wp-content\/uploads\/2023\/03\/soap-making-machine.jpg\" alt=\"maquina para hacer jabon\" class=\"wp-image-6357\"\/><figcaption class=\"wp-element-caption\">M\u00e1quina para hacer jab\u00f3n<\/figcaption><\/figure>    <h2 class=\"wp-block-heading\"><strong>Tipos de m\u00e1quinas para fabricar jab\u00f3n en barra a la venta<\/strong><\/h2>    <p>Para realizar un proceso de fabricaci\u00f3n de jab\u00f3n completamente autom\u00e1tico, existen varios tipos de m\u00e1quinas para fabricar jab\u00f3n disponibles en el mercado global, cada una dise\u00f1ada para satisfacer necesidades de fabricaci\u00f3n espec\u00edficas. Y se combinaron para formar una l\u00ednea completa de fabricaci\u00f3n de jab\u00f3n. Estos son algunos de los tipos m\u00e1s comunes de m\u00e1quinas para fabricar jab\u00f3n:<\/p>    <p class=\"translation-block\">**M\u00e1quina mezcladora de jab\u00f3n:** La m\u00e1quina mezcladora de jab\u00f3n se utiliza para mezclar los ingredientes antes de molerlos. El material del marco de la m\u00e1quina est\u00e1 hecho de acero al carbono Q235 de buena calidad, y la parte que entra en contacto con el fideo de jab\u00f3n est\u00e1 hecha de acero inoxidable.<\/p>    <p class=\"translation-block\">**M\u00e1quina molinillo de jab\u00f3n:** La m\u00e1quina molinillo de jab\u00f3n se aplica para moler el gr\u00e1nulo de jab\u00f3n en uno m\u00e1s peque\u00f1o. Este es un paso clave para la preparaci\u00f3n del material de jab\u00f3n. La potencia del motor de la m\u00e1quina es de 4 kW. &nbsp;<\/p>    <p class=\"translation-block\">**M\u00e1quina extrusora de jab\u00f3n:** La m\u00e1quina extrusora de jab\u00f3n se utiliza para fabricar fideos de jab\u00f3n, que se utilizan para hacer varios tipos de productos de jab\u00f3n. La capacidad de producci\u00f3n de la refinadora de jab\u00f3n puede alcanzar los 100 kg por hora.<\/p>    <p class=\"translation-block\">**M\u00e1quina cortadora de jab\u00f3n:** La m\u00e1quina cortadora de jab\u00f3n se utiliza para cortar las barras de jab\u00f3n en formas y tama\u00f1os uniformes. Y se pueden personalizar seg\u00fan sus requisitos. Su capacidad puede alcanzar 200 barras de jab\u00f3n por minuto.<\/p>    <p class=\"translation-block\">**M\u00e1quina estampadora de jab\u00f3n:** La m\u00e1quina estampadora de jab\u00f3n se aplica para imprimir logotipos o dise\u00f1os en las barras de jab\u00f3n. Las ventosas recogen el jab\u00f3n original y lo colocan en el molde, despu\u00e9s del formado, sacan las barras de jab\u00f3n terminadas a la cinta transportadora. Todo el proceso es totalmente autom\u00e1tico, alta eficiencia y rendimiento fiable.<\/p>    <p class=\"translation-block\">**M\u00e1quina envasadora de jab\u00f3n:** La <a href=\"https:\/\/tianhuipackingmachine.com\/es\/soap-packaging-machines\/\" target=\"_blank\" rel=\"noreferrer noopener\">m\u00e1quina envasadora de jab\u00f3n<\/a> se utiliza para envolver las barras de jab\u00f3n terminadas en bolsas. Este es un paso necesario antes de exhibir sus productos de jab\u00f3n en el estante del supermercado. \u00a0<\/p>    <h2 class=\"wp-block-heading\"><strong>Proceso de producci\u00f3n de la l\u00ednea de m\u00e1quinas para fabricar jab\u00f3n.<\/strong><\/h2>    <p>Una l\u00ednea de fabricaci\u00f3n de jab\u00f3n consta de varias m\u00e1quinas para fabricar jab\u00f3n. Y el proceso de producci\u00f3n de toda la l\u00ednea de fabricaci\u00f3n de jab\u00f3n se detalla a continuaci\u00f3n:<\/p>    <p class=\"translation-block\">**Mezcla de ingredientes de jab\u00f3n \u2192 molido \u2192 extrusi\u00f3n de fideos de jab\u00f3n \u2192 corte de barras de jab\u00f3n \u2192 estampado \u2192 envasado de productos terminados.**<\/p>    <figure class=\"wp-block-image size-full\"><img loading=\"lazy\" decoding=\"async\" width=\"720\" height=\"540\" src=\"https:\/\/tianhuipackingmachine.com\/wp-content\/uploads\/2023\/03\/soap-making-line.jpg\" alt=\"l\u00ednea de fabricaci\u00f3n de jab\u00f3n\" class=\"wp-image-6363\"\/><figcaption class=\"wp-element-caption\">L\u00ednea de fabricaci\u00f3n de jab\u00f3n<\/figcaption><\/figure>    <h2 class=\"wp-block-heading\"><strong>Caracter\u00edsticas de esta m\u00e1quina autom\u00e1tica para fabricar jab\u00f3n.<\/strong><\/h2>    <ol class=\"wp-block-list\" type=\"1\"> <li>Estructura corporal sencilla. Todas las m\u00e1quinas para fabricar jab\u00f3n est\u00e1n dise\u00f1adas con estructuras simples. Que es f\u00e1cil de instalar y mantener.<\/li>    <li>Materiales de carrocer\u00eda de alta calidad. Todas las m\u00e1quinas utilizan acero inoxidable, que es duradero y f\u00e1cil de limpiar.<\/li>    <li>F\u00e1cil de operar. Con un sistema de control avanzado, es f\u00e1cil de operar y solo una persona puede manejarlo.<\/li>    <li>Gran variedad. Esta l\u00ednea de m\u00e1quinas para fabricar jab\u00f3n en barra puede fabricar una amplia gama de productos de jab\u00f3n, como jab\u00f3n para lavar, jab\u00f3n de tocador, jab\u00f3n de ba\u00f1o, etc.<\/li>    <li>Calidad consistente. La m\u00e1quina autom\u00e1tica para fabricar jab\u00f3n puede producir productos de jab\u00f3n con una calidad constante, lo que garantiza que cada barra de jab\u00f3n cumpla con los mismos altos est\u00e1ndares.<\/li>    <li>El servicio OEM est\u00e1 disponible. Con una amplia experiencia, brindamos excelentes servicios de personalizaci\u00f3n como potencia de la m\u00e1quina, materiales, componentes, logotipos, formas y tama\u00f1os del jab\u00f3n.<\/li> <\/ol>    <h2 class=\"wp-block-heading\"><strong>Partes principales de la l\u00ednea de m\u00e1quinas autom\u00e1ticas para fabricar jab\u00f3n.<\/strong><\/h2>    <p>Las partes principales de una l\u00ednea autom\u00e1tica completa de fabricaci\u00f3n de jab\u00f3n incluyen una m\u00e1quina mezcladora de materiales, una m\u00e1quina trituradora, una m\u00e1quina perforadora de vac\u00edo, una m\u00e1quina cortadora, una impresora de jab\u00f3n, un gabinete de control, una cinta transportadora, etc. Cada parte funciona en conjunto para crear una excelente m\u00e1quina para fabricar jab\u00f3n.<\/p>    <div class=\"wp-block-group is-layout-constrained wp-block-group-is-layout-constrained\"> <div class=\"wp-block-columns is-layout-flex wp-container-core-columns-is-layout-28f84493 wp-block-columns-is-layout-flex\"> <div class=\"wp-block-column is-layout-flow wp-block-column-is-layout-flow\"> <figure class=\"wp-block-gallery has-nested-images columns-default is-cropped wp-block-gallery-2 is-layout-flex wp-block-gallery-is-layout-flex\"> <figure class=\"wp-block-image size-full\"><img loading=\"lazy\" decoding=\"async\" width=\"720\" height=\"540\" data-id=\"6364\" src=\"https:\/\/tianhuipackingmachine.com\/wp-content\/uploads\/2023\/03\/soap-mixing-and-grinding-machine.jpg\" alt=\"m\u00e1quina mezcladora y trituradora de jab\u00f3n\" class=\"wp-image-6364\"\/><figcaption class=\"wp-element-caption\">M\u00e1quina mezcladora y trituradora de jab\u00f3n<\/figcaption><\/figure> <\/figure> <\/div>    <div class=\"wp-block-column is-layout-flow wp-block-column-is-layout-flow\"> <figure class=\"wp-block-gallery has-nested-images columns-default is-cropped wp-block-gallery-3 is-layout-flex wp-block-gallery-is-layout-flex\"> <figure class=\"wp-block-image size-full\"><img loading=\"lazy\" decoding=\"async\" width=\"720\" height=\"540\" data-id=\"6366\" src=\"https:\/\/tianhuipackingmachine.com\/wp-content\/uploads\/2023\/03\/soap-extruder.jpg\" alt=\"extrusora de jab\u00f3n\" class=\"wp-image-6366\"\/><figcaption class=\"wp-element-caption\">Extrusora de jab\u00f3n<\/figcaption><\/figure> <\/figure> <\/div>    <div class=\"wp-block-column is-layout-flow wp-block-column-is-layout-flow\"> <figure class=\"wp-block-gallery has-nested-images columns-default is-cropped wp-block-gallery-4 is-layout-flex wp-block-gallery-is-layout-flex\"> <figure class=\"wp-block-image size-full\"><img loading=\"lazy\" decoding=\"async\" width=\"720\" height=\"540\" data-id=\"6367\" src=\"https:\/\/tianhuipackingmachine.com\/wp-content\/uploads\/2023\/03\/soap-cutter-machine.jpg\" alt=\"m\u00e1quina cortadora de jab\u00f3n\" class=\"wp-image-6367\"\/><figcaption class=\"wp-element-caption\">M\u00e1quina cortadora de jab\u00f3n<\/figcaption><\/figure> <\/figure> <\/div> <\/div> <\/div>    <h2 class=\"wp-block-heading\"><strong>\u00bfCu\u00e1l es el costo de la m\u00e1quina para fabricar jab\u00f3n?<\/strong><\/h2>    <p>El precio de la m\u00e1quina para fabricar jab\u00f3n var\u00eda seg\u00fan las diferentes configuraciones, capacidades y materiales de la m\u00e1quina. Adem\u00e1s, el precio de la m\u00e1quina para fabricar jab\u00f3n es diferente cuando se env\u00eda a un puerto diferente, porque el costo de env\u00edo es diferente. Ofrecemos una l\u00ednea completa de producci\u00f3n de jab\u00f3n y una m\u00e1quina para fabricar jab\u00f3n individual. Entonces, ya sea que desee comprar una l\u00ednea completa de fabricaci\u00f3n de jab\u00f3n o solo una m\u00e1quina que necesita, ser\u00eda maravilloso contactarnos para obtener m\u00e1s detalles y una lista de precios.<\/p>    <h2 class=\"wp-block-heading\"><strong>Aplicaciones de las m\u00e1quinas para fabricar jab\u00f3n.<\/strong><\/h2>    <p>En realidad, esta m\u00e1quina para fabricar jab\u00f3n est\u00e1 dise\u00f1ada para fabricar jabones en barra y no jabones l\u00edquidos. Con diferentes sellos y moldes, la l\u00ednea de producci\u00f3n de jab\u00f3n puede producir una gama completa de pastillas de jab\u00f3n, que pueden dise\u00f1arse en varios tama\u00f1os, formas, colores y logotipos. Adem\u00e1s, con diferentes formulaciones de materiales jabonosos, puede fabricar jab\u00f3n detergente, jab\u00f3n de tocador, jab\u00f3n para lavar ropa, jab\u00f3n de limpieza, jab\u00f3n de ba\u00f1o, jab\u00f3n transparente, etc.<\/p>    <figure class=\"wp-block-image size-full\"><img loading=\"lazy\" decoding=\"async\" width=\"720\" height=\"540\" src=\"https:\/\/tianhuipackingmachine.com\/wp-content\/uploads\/2023\/03\/finished-soap-products.jpg\" alt=\"productos de jab\u00f3n terminados\" class=\"wp-image-6360\"\/><figcaption class=\"wp-element-caption\">Productos de jab\u00f3n terminados<\/figcaption><\/figure>    <h2 class=\"wp-block-heading\"><strong>Uso de m\u00e1quinas para fabricar jab\u00f3n para optimizar la producci\u00f3n de jab\u00f3n<\/strong><\/h2>    <p>La m\u00e1quina para fabricar jab\u00f3n se puede utilizar para optimizar la producci\u00f3n de jab\u00f3n de muchas maneras. A continuaci\u00f3n se muestran algunas formas en que se pueden utilizar las m\u00e1quinas de fabricaci\u00f3n de jab\u00f3n para optimizar la producci\u00f3n de jab\u00f3n a gran escala:<\/p>    <h3 class=\"wp-block-heading\">1. <strong>Mejorar la eficiencia<\/strong><\/h3>    <p>La m\u00e1quina para fabricar jab\u00f3n puede mejorar la eficiencia al automatizar el proceso de fabricaci\u00f3n de jab\u00f3n. Esto significa que se requiere menos esfuerzo y tiempo para producir jab\u00f3n, lo que puede ayudar a reducir costos y aumentar las ganancias de su negocio.<\/p>    <h3 class=\"wp-block-heading\">2. <strong>Aumentar la capacidad de producci\u00f3n<\/strong><\/h3>    <p>La m\u00e1quina para fabricar jab\u00f3n completamente autom\u00e1tica puede aumentar considerablemente la capacidad de producci\u00f3n. Esto significa que se puede producir m\u00e1s jab\u00f3n en menos tiempo. Lo que puede aumentar la competitividad de sus productos de jab\u00f3n en el mercado.<\/p>    <h3 class=\"wp-block-heading\">3. <strong>Reducir los costos laborales<\/strong><\/h3>    <p>En comparaci\u00f3n con la fabricaci\u00f3n manual de jab\u00f3n, la m\u00e1quina autom\u00e1tica para fabricar jab\u00f3n requiere menos mano de obra y es muy f\u00e1cil de operar. \u00a0\u00a0<\/p>    <h2 class=\"wp-block-heading\"><strong>Cont\u00e1ctenos hoy para comenzar su negocio de fabricaci\u00f3n de jab\u00f3n.<\/strong><\/h2>    <p class=\"translation-block\">Como <a href=\"https:\/\/tianhuipackingmachine.com\/es\/\">fabricante integral de m\u00e1quinas<\/a>, nuestras m\u00e1quinas para fabricar jab\u00f3n se han exportado con \u00e9xito a m\u00e1s de 15 pa\u00edses y regiones, como Sud\u00e1frica, Kenia, Zimbabue, Ghana, Nigeria, Filipinas, Etiop\u00eda, EE. UU., Nueva Zelanda, etc. Si desea iniciar su proyecto de fabricaci\u00f3n de jab\u00f3n, es hora de contactarnos para obtener detalles \u00fatiles de la m\u00e1quina y la \u00faltima lista de precios.<\/p>","protected":false},"excerpt":{"rendered":"<p>Soap making machine is a great tool used to automate the soap making process. The machine is designed to mix, blend, extrude, and cut of soaps. The soap making machine can be used to manufacture various soap products, such as bar soap, laundry soap, bath soap, toilet soap, and transparent soap. \u00a0 Soap has been [&hellip;]<\/p>\n","protected":false},"author":1,"featured_media":6357,"parent":0,"template":"","tags":[],"product-type":[145],"class_list":["post-6356","product","type-product","status-publish","has-post-thumbnail","hentry","product-type-other-products"],"_links":{"self":[{"href":"https:\/\/tianhuipackingmachine.com\/es\/wp-json\/wp\/v2\/product\/6356","targetHints":{"allow":["GET"]}}],"collection":[{"href":"https:\/\/tianhuipackingmachine.com\/es\/wp-json\/wp\/v2\/product"}],"about":[{"href":"https:\/\/tianhuipackingmachine.com\/es\/wp-json\/wp\/v2\/types\/product"}],"author":[{"embeddable":true,"href":"https:\/\/tianhuipackingmachine.com\/es\/wp-json\/wp\/v2\/users\/1"}],"wp:featuredmedia":[{"embeddable":true,"href":"https:\/\/tianhuipackingmachine.com\/es\/wp-json\/wp\/v2\/media\/6357"}],"wp:attachment":[{"href":"https:\/\/tianhuipackingmachine.com\/es\/wp-json\/wp\/v2\/media?parent=6356"}],"wp:term":[{"taxonomy":"post_tag","embeddable":true,"href":"https:\/\/tianhuipackingmachine.com\/es\/wp-json\/wp\/v2\/tags?post=6356"},{"taxonomy":"product-type","embeddable":true,"href":"https:\/\/tianhuipackingmachine.com\/es\/wp-json\/wp\/v2\/product-type?post=6356"}],"curies":[{"name":"wp","href":"https:\/\/api.w.org\/{rel}","templated":true}]}}