{"id":5923,"date":"2022-06-20T17:25:29","date_gmt":"2022-06-20T09:25:29","guid":{"rendered":"https:\/\/tianhuipackingmachine.com\/?post_type=product&#038;p=5923"},"modified":"2025-05-14T15:45:52","modified_gmt":"2025-05-14T07:45:52","slug":"sunflower-seed-packing-machine","status":"publish","type":"product","link":"https:\/\/tianhuipackingmachine.com\/es\/sunflower-seed-packing-machine\/","title":{"rendered":"M\u00e1quina empacadora de semillas de girasol"},"content":{"rendered":"<p class=\"translation-block\">La <strong>m\u00e1quina de envasado de semillas de girasol Shuliy<\/strong> es un tipo de m\u00e1quina autom\u00e1tica de envasado en bolsa para semillas de girasol, semillas de verduras, etc., en bolsas, mediante pesaje autom\u00e1tico, llenado, fabricaci\u00f3n de bolsas, sellado y salida. Tiene una velocidad de envasado de 5-100 bolsas por minuto. El peso de envasado com\u00fan por bolsa es de 20g, 50g, 100g, 200g, 250g, 500g, 1kg, 5kg, 10kg, etc.<\/p>    <p>Despu\u00e9s de empacar, las semillas de girasol pueden extender su vida \u00fatil y son f\u00e1ciles de almacenar y transportar. Tambi\u00e9n tienen una apariencia hermosa y ordenada, lo que puede atraer a los consumidores. Por lo tanto, esta m\u00e1quina se utiliza ampliamente en la industria de alimentos de ocio.<\/p>    <p>\u00a0Como fabricante de m\u00e1quinas de envasado robustas, ofrecemos diversas m\u00e1quinas de envasado de semillas de girasol para satisfacer sus necesidades espec\u00edficas de producci\u00f3n. Si est\u00e1 interesado, cont\u00e1ctenos para obtener una lista de precios gratuita.<\/p>   <figure class=\"wp-block-embed-youtube wp-block-embed is-type-video is-provider-youtube wp-embed-aspect-16-9 wp-has-aspect-ratio\"><div class=\"lyte-wrapper\" title=\"\u00a1Deja un mensaje o env\u00eda una consulta ahora para comenzar tu camino hacia el embalaje automatizado!\" style=\"width:853px;max-width:100%;margin:5px auto;\"><div class=\"lyMe\" id=\"WYL_029yLx8sBaU\" itemprop=\"video\" itemscope itemtype=\"https:\/\/schema.org\/VideoObject\"><div><meta itemprop=\"thumbnailUrl\" content=\"https:\/\/i.ytimg.com\/vi\/029yLx8sBaU\/hqdefault.jpg\" \/><meta itemprop=\"embedURL\" content=\"https:\/\/www.youtube.com\/embed\/029yLx8sBaU\" \/><meta itemprop=\"duration\" content=\"PT1M53S\" \/><meta itemprop=\"uploadDate\" content=\"2024-03-20T08:50:42Z\" \/><\/div><div id=\"lyte_029yLx8sBaU\" data-src=\"https:\/\/i.ytimg.com\/vi\/029yLx8sBaU\/hqdefault.jpg\" class=\"pL\"><div class=\"tC\"><div class=\"tT\" itemprop=\"name\">\u00a1Deja un mensaje o env\u00eda una consulta ahora para comenzar tu camino hacia el embalaje automatizado!<\/div><\/div><div class=\"play\"><\/div><div class=\"ctrl\"><div class=\"Lctrl\"><\/div><div class=\"Rctrl\"><\/div><\/div><\/div><noscript><a href=\"https:\/\/youtu.be\/029yLx8sBaU\" rel=\"nofollow noopener\" target=\"_blank\"><img loading=\"lazy\" decoding=\"async\" src=\"https:\/\/i.ytimg.com\/vi\/029yLx8sBaU\/0.jpg\" alt=\"\u00a1Deja un mensaje o env\u00eda una consulta ahora para comenzar tu camino hacia el embalaje automatizado!\" width=\"853\" height=\"460\" \/><\/a><\/noscript><meta itemprop=\"description\" content=\"#granulepackingmachine #packing #packingmachine WhatsApp No.: https:\/\/wa.me\/+8613673689272 WeChat\/Tel No.:+8613673689272 Email: sales@tianhuipackingmachine.com Website: https:\/\/tianhuipackingmachine.com\/sunflower-seed-packing-machine\/ Welcome to our channel! In this video, we showcase our advanced granule packing machine in action, specifically designed for packaging sunflower seeds. Our granule packaging machine offers precise and efficient packaging, ensuring consistent weights and high-quality sealing for each packet of sunflower seeds. With its user-friendly interface and reliable performance, our automatic granule packing machine is the perfect solution for sunflower seed producers looking to streamline their packaging process and enhance productivity. Watch the video to see our machine in operation and discover how it can benefit your packaging needs! WhatsApp No.: https:\/\/wa.me\/+8613673689272 WeChat\/Tel No.:+8613673689272 Email: sales@tianhuipackingmachine.com Website: https:\/\/tianhuipackingmachine.com\/sunflower-seed-packing-machine\/\"><\/div><\/div><div class=\"lL\" style=\"max-width:100%;width:853px;margin:5px auto;\"> <a href=\"https:\/\/youtu.be\/029yLx8sBaU\" target=\"_blank\" rel=\"noopener\">Ver este v\u00eddeo en YouTube<\/a>.<\/div><figcaption>video de funcionamiento de la m\u00e1quina de envasado de semillas<\/figcaption><\/figure>   <h2 class=\"wp-block-heading\" id=\"h-what-is-sunflower-seed-packing-machine\"><strong>3 tipos diferentes de m\u00e1quinas de envasado de semillas de girasol en venta<\/strong><\/h2>    <p>Para diferentes requisitos de producci\u00f3n de nuestros consumidores, investigamos y fabricamos 3 tipos diferentes de m\u00e1quinas de envasado de semillas de girasol. Tienen diferentes ventajas y caracter\u00edsticas para satisfacer diversas demandas de producci\u00f3n, eficiencia de envasado y presupuestos. Echa un vistazo a estas m\u00e1quinas a continuaci\u00f3n para elegir la mejor para tu proyecto.<\/p>    <h3 class=\"wp-block-heading\"><strong>Tipo 1: M\u00e1quina de envasado de bolsas de semillas de girasol vertical peque\u00f1a<\/strong><\/h3>    <p class=\"translation-block\">Esta m\u00e1quina de llenado y sellado de semillas de girasol vertical es una m\u00e1quina de envasado completamente autom\u00e1tica. Tiene un tama\u00f1o peque\u00f1o, un precio asequible y un buen rendimiento. La <a href=\"https:\/\/tianhuipackingmachine.com\/es\/empaquetadora-de-granulos\/\">m\u00e1quina de envasado de gr\u00e1nulos peque\u00f1a<\/a> es ideal para requisitos de producci\u00f3n peque\u00f1os. Este m\u00e1quina ofrece sellado trasero, sellado de tres lados y sellado de cuatro lados. Es adecuada para un peso de envasado de 0-600g.<\/p>    <figure class=\"wp-block-image size-full\"><img loading=\"lazy\" decoding=\"async\" width=\"720\" height=\"540\" src=\"https:\/\/tianhuipackingmachine.com\/wp-content\/uploads\/2022\/06\/small-sunflower-seed-packing-machine.jpg\" alt=\"peque\u00f1a empaquetadora de semillas de girasol\" class=\"wp-image-5926\"\/><figcaption class=\"wp-element-caption\">Peque\u00f1a m\u00e1quina empacadora de semillas de girasol<\/figcaption><\/figure>    <h4 class=\"wp-block-heading\"><strong>Par\u00e1metros de la m\u00e1quina llenadora y selladora de tipo vertical peque\u00f1a<\/strong><\/h4>    <figure class=\"wp-block-table\"><table><tbody><tr><td>Tipo<\/td><td>SL-320<\/td><td>SL-450<\/td><\/tr><tr><td>Estilo de bolso<\/td><td>Sello trasero\/sello de 3 lados\/sello de 4 lados<\/td><td>Sello trasero\/sello de 3 lados\/sello de 4 lados<\/td><\/tr><tr><td>Velocidad de embalaje<\/td><td>32-72 bolsas\/min o 50-100 bolsas\/min<\/td><td>20-80 bolsas\/minuto<\/td><\/tr><tr><td>Longitud del saco<\/td><td>30-180 mm<\/td><td>30-180 mm<\/td><\/tr><tr><td>Ancho de la bolsa<\/td><td>20-145 mm (es necesario reemplazar el anterior)<\/td><td>20-200 mm<\/td><\/tr><tr><td>El consumo de energ\u00eda<\/td><td>1,8 kw<\/td><td>1,8 kw<\/td><\/tr><tr><td>Peso<\/td><td>250 kilos<\/td><td>420 kilos<\/td><\/tr><tr><td>Dimensiones<\/td><td>650*1050*1950mm<\/td><td>750*750*2100mm<\/td><\/tr><\/tbody><\/table><figcaption class=\"wp-element-caption\">Especificaciones de la m\u00e1quina empacadora de gr\u00e1nulos para semillas de girasol.<\/figcaption><\/figure>    <h3 class=\"wp-block-heading\"><strong>Tipo 2: M\u00e1quina de envasado de semillas con pesadora multi cabeza super eficiente<\/strong><\/h3>    <p class=\"translation-block\">Esta m\u00e1quina de envasado con pesadora multi-cabezal para semillas de girasol tambi\u00e9n es un equipo de envasado autom\u00e1tico. Tiene una super eficiencia y un rendimiento excelente. La <a href=\"https:\/\/tianhuipackingmachine.com\/es\/multi-head-weigher-packing-machine\/\">m\u00e1quina de envasado con pesadora multi-cabezal<\/a> es adecuada para grandes requisitos de producci\u00f3n. La m\u00e1quina consiste principalmente en un elevador tipo Z, una m\u00e1quina de envasado vertical, una pesadora multi-cabezal y un transportador. Es adecuada para 0-6000g de semillas de girasol por bolsa.<\/p>    <figure class=\"wp-block-image size-full\"><img loading=\"lazy\" decoding=\"async\" width=\"720\" height=\"540\" src=\"https:\/\/tianhuipackingmachine.com\/wp-content\/uploads\/2022\/06\/multi-head-weigher-machine-for-sunflower-seed.jpg\" alt=\"Pesadora multicabezal para semillas de girasol.\" class=\"wp-image-5928\"\/><figcaption class=\"wp-element-caption\">M\u00e1quina pesadora de cabezales m\u00faltiples para semillas de girasol<\/figcaption><\/figure>    <h4 class=\"wp-block-heading\"><strong>Par\u00e1metros de la m\u00e1quina de envasado de semillas de girasol con pesadora multi cabeza<\/strong><\/h4>    <figure class=\"wp-block-table\"><table><tbody><tr><td>Modelo<\/td><td>SL-420<\/td><td>SL-520<\/td><td>SL-720<\/td><\/tr><tr><td>Tipos de bolsas de embalaje<\/td><td>Sello trasero<\/td><td>Sello trasero<\/td><td>Sello trasero<\/td><\/tr><tr><td>Velocidad de embalaje<\/td><td>5-30 bolsas\/minuto<\/td><td>5-50 bolsas\/minuto<\/td><td>5-50 bolsas\/minuto<\/td><\/tr><tr><td>El consumo de energ\u00eda<\/td><td>220 V, 2,2 KW<\/td><td>220 VCA\/50 Hz<\/td><td>220 VCA\/50 Hz, 5 KW<\/td><\/tr><tr><td>Dimensi\u00f3n<\/td><td>(Largo)1320*(Ancho)950*(Alto)1360mm<\/td><td>(Largo)1150*(Ancho)1795*(Alto)1650mm<\/td><td>(Largo)1780*(Ancho)1350*(Alto)1950mm<\/td><\/tr><tr><td>Longitud del saco<\/td><td>80-300 mm<\/td><td>80-400 mm<\/td><td>100-400 mm<\/td><\/tr><tr><td>Ancho de la bolsa<\/td><td>80-200 mm<\/td><td>80-250 mm<\/td><td>180-350 mm<\/td><\/tr><tr><td>Consumo de aire<\/td><td>0,65 MPa<\/td><td>0,65 MPa<\/td><td>0,65 MPa<\/td><\/tr><tr><td>Consumo de gas<\/td><td>0,4m3\/minuto<\/td><td>0,4m3\/minuto<\/td><td>0,4m3\/minuto<\/td><\/tr><\/tbody><\/table><figcaption class=\"wp-element-caption\">Par\u00e1metros de la m\u00e1quina empacadora pesadora multicabezal<\/figcaption><\/figure>    <h3 class=\"wp-block-heading\"><strong>Tipo 3: M\u00e1quina de llenado de semillas de girasol semiautom\u00e1tica<\/strong><\/h3>    <p>Esta m\u00e1quina de envasado de semillas de girasol tiene la funci\u00f3n de llenar y sellar y necesita ser utilizada con bolsas preparadas. La m\u00e1quina de envasado de semillas de girasol es adecuada para envasar productos de 5 kg a 50 kg. Tiene un buen rendimiento y alta eficiencia. Mientras tanto, la m\u00e1quina de llenado de semillas de girasol tiene un costo favorable.<\/p>    <figure class=\"wp-block-image size-full\"><img loading=\"lazy\" decoding=\"async\" width=\"720\" height=\"540\" src=\"https:\/\/tianhuipackingmachine.com\/wp-content\/uploads\/2022\/06\/sunflower-seed-filling-machine.jpg\" alt=\"m\u00e1quina llenadora de semillas de girasol\" class=\"wp-image-5929\"\/><figcaption class=\"wp-element-caption\">M\u00e1quina llenadora de semillas de girasol<\/figcaption><\/figure>    <h2 class=\"wp-block-heading\"><strong>\u00bfPor qu\u00e9 necesita una m\u00e1quina empacadora de semillas de girasol?<\/strong><\/h2>    <p>A diferencia de los m\u00e9todos tradicionales de envasado de semillas, el envasado autom\u00e1tico es una tendencia y puede beneficiar enormemente a su negocio. Una m\u00e1quina de envasado autom\u00e1tico de semillas de girasol tiene muchas ventajas.<\/p>    <ol style=\"list-style-type:1\" class=\"wp-block-list\"> <li>Alta eficiencia. Tiene una velocidad de envasado de 5-100 bolsas por minuto, y la eficiencia de la m\u00e1quina es 10 veces la de un humano.<\/li>    <li>Ahorra tus costos. Con alta eficiencia, puede reemplazar a 10 trabajadores o m\u00e1s. Adem\u00e1s, puede empaquetar durante varias horas sin detenerse. Por lo tanto, puede ahorrar muchos costos laborales.<\/li>    <li>Atrae a m\u00e1s consumidores. La m\u00e1quina puede hacer que las semillas de girasol tengan un dise\u00f1o de empaque excelente, lo que hace que tus productos sean \u00fanicos y atractivos.<\/li>    <li>Extender la vida \u00fatil de las semillas de girasol. Despu\u00e9s del envasado, las semillas pueden lograr un envasado de alta estanqueidad, aislando eficazmente el aire y la humedad, y extendiendo la vida \u00fatil de las semillas de girasol.<\/li>    <li>F\u00e1cil de almacenar, mover y vender. Los productos envasados son f\u00e1ciles de apilar, f\u00e1ciles de transportar y buenos para colocar, lo que es adecuado para supermercados, comercio electr\u00f3nico y m\u00faltiples escenarios de ventas al por mayor.<\/li> <\/ol>    <figure class=\"wp-block-gallery has-nested-images columns-default is-cropped wp-block-gallery-2 is-layout-flex wp-block-gallery-is-layout-flex\"> <figure class=\"wp-block-image size-large\"><img loading=\"lazy\" decoding=\"async\" width=\"667\" height=\"500\" data-id=\"7265\" src=\"https:\/\/tianhuipackingmachine.com\/wp-content\/uploads\/2024\/11\/granules-packing-machine-667x500.webp\" alt=\"empaquetadora de gr\u00e1nulos\" class=\"wp-image-7265\" srcset=\"https:\/\/tianhuipackingmachine.com\/wp-content\/uploads\/2024\/11\/granules-packing-machine-667x500.webp 667w, https:\/\/tianhuipackingmachine.com\/wp-content\/uploads\/2024\/11\/granules-packing-machine-480x360.webp 480w, https:\/\/tianhuipackingmachine.com\/wp-content\/uploads\/2024\/11\/granules-packing-machine-16x12.webp 16w, https:\/\/tianhuipackingmachine.com\/wp-content\/uploads\/2024\/11\/granules-packing-machine.webp 720w\" sizes=\"auto, (max-width: 667px) 100vw, 667px\" \/><figcaption class=\"wp-element-caption\">M\u00e1quina empacadora de gr\u00e1nulos<\/figcaption><\/figure>    <figure class=\"wp-block-image size-large\"><img loading=\"lazy\" decoding=\"async\" width=\"667\" height=\"500\" data-id=\"8650\" src=\"https:\/\/tianhuipackingmachine.com\/wp-content\/uploads\/2025\/03\/Shuliy-automatic-granule-packaging-machine-667x500.webp\" alt=\"M\u00e1quina de embalaje de granulo autom\u00e1tico shuliy\" class=\"wp-image-8650\" srcset=\"https:\/\/tianhuipackingmachine.com\/wp-content\/uploads\/2025\/03\/Shuliy-automatic-granule-packaging-machine-667x500.webp 667w, https:\/\/tianhuipackingmachine.com\/wp-content\/uploads\/2025\/03\/Shuliy-automatic-granule-packaging-machine-480x360.webp 480w, https:\/\/tianhuipackingmachine.com\/wp-content\/uploads\/2025\/03\/Shuliy-automatic-granule-packaging-machine-16x12.webp 16w, https:\/\/tianhuipackingmachine.com\/wp-content\/uploads\/2025\/03\/Shuliy-automatic-granule-packaging-machine.webp 720w\" sizes=\"auto, (max-width: 667px) 100vw, 667px\" \/><figcaption class=\"wp-element-caption\">M\u00e1quina de embalaje de granulo autom\u00e1tico shuliy<\/figcaption><\/figure> <\/figure>    <h2 class=\"wp-block-heading\"><strong>Especificaciones de envasado adecuadas para el tipo de semilla y especificaciones de envasado comunes<\/strong><\/h2>    <p class=\"translation-block\"><strong>Semillas adecuadas para ser envasadas<\/strong><\/p>    <ul class=\"wp-block-list\"> <li>Semillas de girasol peladas<\/li>    <li>Semillas de girasol con c\u00e1scara<\/li>    <li>Semillas de girasol mezcladas y saborizadas<\/li>    <li>Embalaje combinado a granel o en m\u00faltiples bolsas<\/li> <\/ul>    <p class=\"translation-block\"><strong>Especificaciones de envasado de semillas comunes<\/strong><\/p>    <ul class=\"wp-block-list\"> <li><strong>20g \u2013 50g<\/strong>: Venta al por menor en supermercados, combinaciones de paquetes peque\u00f1os, paquetes de degustaci\u00f3n<\/li>    <li><strong>100g \u2013 150g<\/strong>: Tiendas de conveniencia, supermercados, ventas de bolsa individual<\/li>    <li><strong>200g \u2013 250g<\/strong>: Paquete familiar, especificaciones de ventas convencionales<\/li>    <li><strong>300g \u2013 500g<\/strong>: Paquete familiar, embalaje rentable<\/li>    <li><strong>1kg \u2013 2.5kg<\/strong>Mercados mayoristas, comercio electr\u00f3nico, entrega de cajas completas<\/li>    <li><strong>Embalaje grande personalizado<\/strong>: Materias primas industriales y etiquetado OEM<\/li> <\/ul>    <p>Los tipos de bolsas incluyen bolsas con sellado trasero, bolsas con sellado de 3 lados, bolsas con sellado de 4 lados, bolsas con cremallera de pie, bolsas combinadas, bolsas al vac\u00edo \/ bolsas llenas de nitr\u00f3geno, etc. Nuestra m\u00e1quina de envasado de semillas de girasol puede ayudarle a lograr el paquete mencionado anteriormente.<\/p>    <figure class=\"wp-block-image size-large\"><img loading=\"lazy\" decoding=\"async\" width=\"750\" height=\"187\" src=\"https:\/\/tianhuipackingmachine.com\/wp-content\/uploads\/2022\/06\/applications-of-sunflower-seed-packaging-machine-750x187.webp\" alt=\"aplicaciones de la m\u00e1quina de envasado de semillas de girasol\" class=\"wp-image-8981\" srcset=\"https:\/\/tianhuipackingmachine.com\/wp-content\/uploads\/2022\/06\/applications-of-sunflower-seed-packaging-machine-750x187.webp 750w, https:\/\/tianhuipackingmachine.com\/wp-content\/uploads\/2022\/06\/applications-of-sunflower-seed-packaging-machine-480x119.webp 480w, https:\/\/tianhuipackingmachine.com\/wp-content\/uploads\/2022\/06\/applications-of-sunflower-seed-packaging-machine-768x191.webp 768w, https:\/\/tianhuipackingmachine.com\/wp-content\/uploads\/2022\/06\/applications-of-sunflower-seed-packaging-machine-1536x382.webp 1536w, https:\/\/tianhuipackingmachine.com\/wp-content\/uploads\/2022\/06\/applications-of-sunflower-seed-packaging-machine-2048x510.webp 2048w, https:\/\/tianhuipackingmachine.com\/wp-content\/uploads\/2022\/06\/applications-of-sunflower-seed-packaging-machine-18x4.webp 18w\" sizes=\"auto, (max-width: 750px) 100vw, 750px\" \/><figcaption class=\"wp-element-caption\">Aplicaciones de la m\u00e1quina de envasado de semillas de girasol<\/figcaption><\/figure>    <h2 class=\"wp-block-heading\"><strong>\u00bfCu\u00e1l es el precio de la m\u00e1quina de envasado de semillas de girasol?<\/strong><\/h2>    <p>Para ser honesto, el costo de la m\u00e1quina de contar y empaquetar semillas de girasol se ve afectado por muchos factores, como los modelos de m\u00e1quina, los materiales, las marcas de motores e incluso las tasas de cambio de divisas internacionales. Sin embargo, la m\u00e1quina de empaquetar semillas de girasol que tenemos a la venta tiene buena calidad y un precio competitivo. Bienvenido a contactarnos para obtener una lista de precios gratuita de la m\u00e1quina de empaquetar semillas de girasol.<\/p>    <h2 class=\"wp-block-heading\"><strong>\u00bfC\u00f3mo elegir la m\u00e1quina envasadora de semillas de girasol adecuada?<\/strong><\/h2>    <p>Cuando quieras iniciar un negocio de envasado de semillas de girasol, necesitas elegir la m\u00e1quina correcta y confiable para beneficiar tu proyecto. A continuaci\u00f3n, hay 3 consejos para tu referencia:<\/p>    <ol class=\"wp-block-list\"> <li>Tama\u00f1o de bolsa. Diferentes tama\u00f1os de bolsa requieren diferentes m\u00e1quinas de embalaje. Por ejemplo, si la longitud de su bolsa es de 30-100 mm y el ancho de la bolsa es de 25-80 mm, es ideal que seleccione una m\u00e1quina de embalaje de semillas peque\u00f1a.<\/li>    <li>Requisitos de producci\u00f3n. Si tienes un gran proyecto con alta demanda de producci\u00f3n, una m\u00e1quina de envasado de pesaje m\u00faltiple de semillas es adecuada para ti.<\/li>    <li>Presupuesto. Diferentes m\u00e1quinas de envasado tienen diferentes costos.<\/li> <\/ol>    <div class=\"wp-block-columns is-layout-flex wp-container-core-columns-is-layout-28f84493 wp-block-columns-is-layout-flex\"> <div class=\"wp-block-column is-layout-flow wp-block-column-is-layout-flow\"> <figure class=\"wp-block-image size-large\"><img loading=\"lazy\" decoding=\"async\" width=\"750\" height=\"500\" src=\"https:\/\/tianhuipackingmachine.com\/wp-content\/uploads\/2021\/12\/lots-of-customers-from-different-countries-750x500.jpg\" alt=\"muchos clientes de diferentes pa\u00edses\" class=\"wp-image-4727\" srcset=\"https:\/\/tianhuipackingmachine.com\/wp-content\/uploads\/2021\/12\/lots-of-customers-from-different-countries.jpg 750w, https:\/\/tianhuipackingmachine.com\/wp-content\/uploads\/2021\/12\/lots-of-customers-from-different-countries-480x320.jpg 480w\" sizes=\"auto, (max-width: 750px) 100vw, 750px\" \/><figcaption class=\"wp-element-caption\">Muchos clientes de diferentes pa\u00edses<\/figcaption><\/figure> <\/div> <\/div>    <p class=\"translation-block\">Como fabricante y proveedor profesional de m\u00e1quinas autom\u00e1ticas de envasado de semillas, tenemos una rica experiencia en envasado, m\u00e1quinas de alto rendimiento y costo-efectivas, soluciones de l\u00ednea completa, personalizaci\u00f3n y un servicio postventa perfecto. Si est\u00e1s buscando una m\u00e1quina de envasado <a href=\"https:\/\/en.wikipedia.org\/wiki\/Sunflower_seed\" target=\"_blank\" rel=\"noopener\">de semillas de girasol<\/a> altamente eficiente, precisa y autom\u00e1tica, no dudes en dejar un mensaje o contactarnos para m\u00e1s informaci\u00f3n.<\/p>","protected":false},"excerpt":{"rendered":"<p>La m\u00e1quina de envasado de semillas de girasol es un envasado autom\u00e1tico en bolsas para semillas de girasol, semillas de verduras, etc., en bolsas, mediante pesaje autom\u00e1tico, llenado, fabricaci\u00f3n de bolsas, sellado y salida. <\/p>","protected":false},"author":1,"featured_media":5926,"parent":0,"template":"","tags":[166,234,233],"product-type":[136],"class_list":["post-5923","product","type-product","status-publish","has-post-thumbnail","hentry","tag-granule","tag-seeds","tag-sunflower-seeds","product-type-granule-packing-machines"],"_links":{"self":[{"href":"https:\/\/tianhuipackingmachine.com\/es\/wp-json\/wp\/v2\/product\/5923","targetHints":{"allow":["GET"]}}],"collection":[{"href":"https:\/\/tianhuipackingmachine.com\/es\/wp-json\/wp\/v2\/product"}],"about":[{"href":"https:\/\/tianhuipackingmachine.com\/es\/wp-json\/wp\/v2\/types\/product"}],"author":[{"embeddable":true,"href":"https:\/\/tianhuipackingmachine.com\/es\/wp-json\/wp\/v2\/users\/1"}],"wp:featuredmedia":[{"embeddable":true,"href":"https:\/\/tianhuipackingmachine.com\/es\/wp-json\/wp\/v2\/media\/5926"}],"wp:attachment":[{"href":"https:\/\/tianhuipackingmachine.com\/es\/wp-json\/wp\/v2\/media?parent=5923"}],"wp:term":[{"taxonomy":"post_tag","embeddable":true,"href":"https:\/\/tianhuipackingmachine.com\/es\/wp-json\/wp\/v2\/tags?post=5923"},{"taxonomy":"product-type","embeddable":true,"href":"https:\/\/tianhuipackingmachine.com\/es\/wp-json\/wp\/v2\/product-type?post=5923"}],"curies":[{"name":"wp","href":"https:\/\/api.w.org\/{rel}","templated":true}]}}