{"id":5705,"date":"2022-04-20T11:27:19","date_gmt":"2022-04-20T03:27:19","guid":{"rendered":"https:\/\/tianhuipackingmachine.com\/?post_type=product&#038;p=5705"},"modified":"2025-05-13T15:11:42","modified_gmt":"2025-05-13T07:11:42","slug":"snacks-packing-machine","status":"publish","type":"product","link":"https:\/\/tianhuipackingmachine.com\/es\/snacks-packing-machine\/","title":{"rendered":"M\u00e1quina envasadora de snacks"},"content":{"rendered":"<p class=\"translation-block\">La <strong>m\u00e1quina de empaquetado de snacks Shuliy<\/strong> se aplica ampliamente en el empaquetado cuantitativo de varios alimentos inflados, nueces, caramelos, frutas secas, galletas, galletas de arroz, palomitas de ma\u00edz, pasta peque\u00f1a y otros alimentos para picar. Tiene una velocidad de empaquetado de 5-80 bolsas por minuto y un peso de empaquetado de 0-6000g por bolsa. <\/p>    <p>Ya sea que seas un peque\u00f1o comerciante o una empresa de alimentos con m\u00faltiples l\u00edneas de productos, Shuliy puede proporcionar soluciones eficientes, profesionales y flexibles<\/p>   <figure class=\"wp-block-embed-youtube wp-block-embed is-type-video is-provider-youtube wp-embed-aspect-16-9 wp-has-aspect-ratio\"><div class=\"lyte-wrapper\" title=\"Necesidades de envasado para cacahuetes recubiertos y chin chin\" style=\"width:853px;max-width:100%;margin:5px auto;\"><div class=\"lyMe\" id=\"WYL_-8sideZWr70\" itemprop=\"video\" itemscope itemtype=\"https:\/\/schema.org\/VideoObject\"><div><meta itemprop=\"thumbnailUrl\" content=\"https:\/\/i.ytimg.com\/vi\/-8sideZWr70\/hqdefault.jpg\" \/><meta itemprop=\"embedURL\" content=\"https:\/\/www.youtube.com\/embed\/-8sideZWr70\" \/><meta itemprop=\"duration\" content=\"PT1M4S\" \/><meta itemprop=\"uploadDate\" content=\"2024-10-16T07:34:44Z\" \/><\/div><div id=\"lyte_-8sideZWr70\" data-src=\"https:\/\/i.ytimg.com\/vi\/-8sideZWr70\/hqdefault.jpg\" class=\"pL\"><div class=\"tC\"><div class=\"tT\" itemprop=\"name\">Necesidades de envasado para cacahuetes recubiertos y chin chin<\/div><\/div><div class=\"play\"><\/div><div class=\"ctrl\"><div class=\"Lctrl\"><\/div><div class=\"Rctrl\"><\/div><\/div><\/div><noscript><a href=\"https:\/\/youtu.be\/-8sideZWr70\" rel=\"nofollow noopener\" target=\"_blank\"><img loading=\"lazy\" decoding=\"async\" src=\"https:\/\/i.ytimg.com\/vi\/-8sideZWr70\/0.jpg\" alt=\"Necesidades de envasado para cacahuetes recubiertos y chin chin\" width=\"853\" height=\"460\" \/><\/a><\/noscript><meta itemprop=\"description\" content=\"#snacks #snackpack #packingmachine #packagingsolution #foodpackagingmachine WhatsApp No.: https:\/\/wa.me\/+8613673689272 WeChat\/Tel No.:+8613673689272 Email: sales@tianhuipackingmachine.com Website: https:\/\/tianhuipackingmachine.com\/multi-head-weigher-packing-machine\/ In this video, the Shuliy Multihead Scale Wrapper demonstrates how quickly and accurately snacks can be packaged. The machine is able to automatically weigh different weights of snacks and package them efficiently, ensuring consistent product quality and appearance. Suitable for a variety of snack product packaging needs, this multihead scale packaging machine helps food companies improve productivity and save labor costs. Watch the video to see this packaging machine in action and in action! WhatsApp No.: https:\/\/wa.me\/+8613673689272 WeChat\/Tel No.:+8613673689272 Email: sales@tianhuipackingmachine.com Website: https:\/\/tianhuipackingmachine.com\/multi-head-weigher-packing-machine\/\"><\/div><\/div><div class=\"lL\" style=\"max-width:100%;width:853px;margin:5px auto;\"> <a href=\"https:\/\/youtu.be\/-8sideZWr70\" target=\"_blank\" rel=\"noopener\">Ver este v\u00eddeo en YouTube<\/a>.<\/div><figcaption>No dudes en dejar un comentario o contactarnos para m\u00e1s informaci\u00f3n sobre equipos y cotizaciones!<\/figcaption><\/figure>   <h2 class=\"wp-block-heading\" id=\"h-various-types-of-snacks-packing-machine-for-sale\"><strong>cacahuetes recubiertos<\/strong><\/h2>    <p>chin chin<\/p>    <ul class=\"wp-block-list\"> <li>m\u00e1quina de envasado Shuliy para gr\u00e1nulos y polvo<\/li>    <li>nueva m\u00e1quina autom\u00e1tica de envasado de gr\u00e1nulos<\/li>    <li>m\u00e1quina de envasado de sobres de polvo en venta<\/li>    <li>m\u00e1quina de envasado en cajas de madera<\/li> <\/ul>    <p>m\u00e1quina de envasado para entrega<\/p>    <h3 class=\"wp-block-heading\"><strong>Vie, 13 Jun 2025 08:19:52 +0000<\/strong><\/h3>    <div class=\"wp-block-columns is-layout-flex wp-container-core-columns-is-layout-28f84493 wp-block-columns-is-layout-flex\"> <div class=\"wp-block-column is-layout-flow wp-block-column-is-layout-flow\"> <figure class=\"wp-block-image size-large\"><img loading=\"lazy\" decoding=\"async\" width=\"750\" height=\"500\" src=\"https:\/\/tianhuipackingmachine.com\/wp-content\/uploads\/2021\/12\/vertical-snacks-granule-packaging-machine-750x500.jpg\" alt=\"M\u00e1quina envasadora vertical de gr\u00e1nulos para snacks\" class=\"wp-image-4534\" srcset=\"https:\/\/tianhuipackingmachine.com\/wp-content\/uploads\/2021\/12\/vertical-snacks-granule-packaging-machine.jpg 750w, https:\/\/tianhuipackingmachine.com\/wp-content\/uploads\/2021\/12\/vertical-snacks-granule-packaging-machine-480x320.jpg 480w\" sizes=\"auto, (max-width: 750px) 100vw, 750px\" \/><figcaption class=\"wp-element-caption\">M\u00e1quina envasadora de gr\u00e1nulos de snacks verticales<\/figcaption><\/figure> <\/div>    <div class=\"wp-block-column is-vertically-aligned-center is-layout-flow wp-block-column-is-layout-flow\"> <ul class=\"wp-block-list\"> <li>Modelo: SL-450<\/li>    <li>Estilo de bolsa de embalaje: sellado trasero\/sellado de 3 lados<\/li>    <li>Velocidad de embalaje: 20-80 bolsas\/min<\/li>    <li>Vie, 13 Jun 2025 07:50:13 +0000<\/li>    <li>Ancho de la bolsa: 20-200 mm<\/li>    <li>Longitud de la bolsa: 30-180mm, ajustable<\/li>    <li>Consumo de energ\u00eda: 2.2 kW<\/li>    <li>Vie, 06 Jun 2025 09:21:07 +0000<\/li>    <li>Dimensiones: 750*750*21000mm<\/li> <\/ul> <\/div> <\/div>    <figure class=\"wp-block-gallery has-nested-images columns-4 is-cropped wp-block-gallery-2 is-layout-flex wp-block-gallery-is-layout-flex\"> <figure class=\"wp-block-image size-large\"><img loading=\"lazy\" decoding=\"async\" width=\"750\" height=\"500\" data-id=\"4508\" src=\"https:\/\/tianhuipackingmachine.com\/wp-content\/uploads\/2021\/12\/bag-maker-750x500.jpg\" alt=\"fabricante de bolsas\" class=\"wp-image-4508\" srcset=\"https:\/\/tianhuipackingmachine.com\/wp-content\/uploads\/2021\/12\/bag-maker.jpg 750w, https:\/\/tianhuipackingmachine.com\/wp-content\/uploads\/2021\/12\/bag-maker-480x320.jpg 480w\" sizes=\"auto, (max-width: 750px) 100vw, 750px\" \/><figcaption class=\"wp-element-caption\">fabricante de bolsas<\/figcaption><\/figure>    <figure class=\"wp-block-image size-large\"><img loading=\"lazy\" decoding=\"async\" width=\"750\" height=\"500\" data-id=\"4513\" src=\"https:\/\/tianhuipackingmachine.com\/wp-content\/uploads\/2021\/12\/turntable-with-measuring-cups-750x500.jpg\" alt=\"plato giratorio con tazas medidoras\" class=\"wp-image-4513\" srcset=\"https:\/\/tianhuipackingmachine.com\/wp-content\/uploads\/2021\/12\/turntable-with-measuring-cups.jpg 750w, https:\/\/tianhuipackingmachine.com\/wp-content\/uploads\/2021\/12\/turntable-with-measuring-cups-480x320.jpg 480w\" sizes=\"auto, (max-width: 750px) 100vw, 750px\" \/><figcaption class=\"wp-element-caption\">Plato giratorio con tazas medidoras<\/figcaption><\/figure>    <figure class=\"wp-block-image size-large\"><img loading=\"lazy\" decoding=\"async\" width=\"750\" height=\"500\" data-id=\"4516\" src=\"https:\/\/tianhuipackingmachine.com\/wp-content\/uploads\/2021\/12\/vertical-sealing-end-sealing-and-cutting-device-750x500.jpg\" alt=\"Dispositivo de corte y sellado vertical, sellado de extremos\" class=\"wp-image-4516\" srcset=\"https:\/\/tianhuipackingmachine.com\/wp-content\/uploads\/2021\/12\/vertical-sealing-end-sealing-and-cutting-device.jpg 750w, https:\/\/tianhuipackingmachine.com\/wp-content\/uploads\/2021\/12\/vertical-sealing-end-sealing-and-cutting-device-480x320.jpg 480w\" sizes=\"auto, (max-width: 750px) 100vw, 750px\" \/><figcaption class=\"wp-element-caption\">Sellado vertical y amplificador; Dispositivo de corte y sellado de extremos<\/figcaption><\/figure>    <figure class=\"wp-block-image size-large\"><img loading=\"lazy\" decoding=\"async\" width=\"750\" height=\"500\" data-id=\"4511\" src=\"https:\/\/tianhuipackingmachine.com\/wp-content\/uploads\/2021\/12\/ribbon-coding-printer-750x500.jpg\" alt=\"impresora de codificaci\u00f3n de cinta\" class=\"wp-image-4511\" srcset=\"https:\/\/tianhuipackingmachine.com\/wp-content\/uploads\/2021\/12\/ribbon-coding-printer.jpg 750w, https:\/\/tianhuipackingmachine.com\/wp-content\/uploads\/2021\/12\/ribbon-coding-printer-480x320.jpg 480w\" sizes=\"auto, (max-width: 750px) 100vw, 750px\" \/><figcaption class=\"wp-element-caption\">Impresora de codificaci\u00f3n de cinta<\/figcaption><\/figure> <\/figure>    <p class=\"translation-block\"><strong>M\u00e1quina de empaquetado de cadena de cubo para productos alimenticios<\/strong><\/p>    <div class=\"wp-block-columns is-layout-flex wp-container-core-columns-is-layout-28f84493 wp-block-columns-is-layout-flex\"> <div class=\"wp-block-column is-layout-flow wp-block-column-is-layout-flow\"> <figure class=\"wp-block-image size-large\"><img loading=\"lazy\" decoding=\"async\" width=\"750\" height=\"500\" src=\"https:\/\/tianhuipackingmachine.com\/wp-content\/uploads\/2021\/12\/chain-bucket-packing-machine-for-snacks-750x500.jpg\" alt=\"empaquetadora de cubos de cadena para snacks\" class=\"wp-image-4527\" srcset=\"https:\/\/tianhuipackingmachine.com\/wp-content\/uploads\/2021\/12\/chain-bucket-packing-machine-for-snacks.jpg 750w, https:\/\/tianhuipackingmachine.com\/wp-content\/uploads\/2021\/12\/chain-bucket-packing-machine-for-snacks-480x320.jpg 480w\" sizes=\"auto, (max-width: 750px) 100vw, 750px\" \/><figcaption class=\"wp-element-caption\">Empaquetadora de cubos de cadena para bocadillos<\/figcaption><\/figure> <\/div>    <div class=\"wp-block-column is-vertically-aligned-center is-layout-flow wp-block-column-is-layout-flow\"> <ul class=\"wp-block-list\"> <li>Comerciante nigeriano realiza compra al por mayor de la m\u00e1quina de embalaje Shuliy para embalaje estandarizado<\/li>    <li>Este cliente nigeriano es un comerciante experimentado dedicado a la distribuci\u00f3n y exportaci\u00f3n de bocadillos locales y productos de especias. A medida que los vol\u00famenes de pedidos continuaron creciendo, busc\u00f3 introducir m\u00e1quinas de embalaje autom\u00e1ticas para mejorar la eficiencia y la apariencia del producto, al mismo tiempo que satisfac\u00eda la demanda del mercado por varios tama\u00f1os de paquete. El cliente\u2026<\/li>    <li>Velocidad de embalaje: 30-60 bolsas\/min<\/li>    <li>Cacahuetes recubiertos<\/li>    <li>Longitud de la bolsa: 30-280 mm<\/li>    <li>Consumo de energ\u00eda: 2.2 kW<\/li>    <li>Peso: 400 kg<\/li>    <li>Dimensiones: 870*1350*1850mm<\/li> <\/ul> <\/div> <\/div>    <h3 class=\"wp-block-heading\"><strong>Chin chin<\/strong><\/h3>    <div class=\"wp-block-columns is-layout-flex wp-container-core-columns-is-layout-28f84493 wp-block-columns-is-layout-flex\"> <div class=\"wp-block-column is-layout-flow wp-block-column-is-layout-flow\"> <figure class=\"wp-block-image size-large\"><img loading=\"lazy\" decoding=\"async\" width=\"750\" height=\"500\" src=\"https:\/\/tianhuipackingmachine.com\/wp-content\/uploads\/2021\/12\/multi-head-combination-weigher-packing-equipment-750x500.jpg\" alt=\"equipo de embalaje con pesadora combinada de cabezales m\u00faltiples\" class=\"wp-image-4528\" srcset=\"https:\/\/tianhuipackingmachine.com\/wp-content\/uploads\/2021\/12\/multi-head-combination-weigher-packing-equipment.jpg 750w, https:\/\/tianhuipackingmachine.com\/wp-content\/uploads\/2021\/12\/multi-head-combination-weigher-packing-equipment-480x320.jpg 480w\" sizes=\"auto, (max-width: 750px) 100vw, 750px\" \/><figcaption class=\"wp-element-caption\">Equipo de embalaje con pesadora combinada de cabezales m\u00faltiples<\/figcaption><\/figure> <\/div>    <div class=\"wp-block-column is-vertically-aligned-center is-layout-flow wp-block-column-is-layout-flow\"> <p>Nueva m\u00e1quina autom\u00e1tica de envasado de gr\u00e1nulos<\/p>    <ul class=\"wp-block-list\"> <li>M\u00e1quina de envasado de sobres de polvo en venta<\/li>    <li>M\u00e1quina de envasado en cajas de madera<\/li>    <li>M\u00e1quina de envasado para entrega<\/li>    <li>Longitud de la bolsa: 80-400 mm<\/li>    <li>Ancho de la bolsa: 80-250 mm<\/li>    <li>Comerciante nigeriano realiza compra al por mayor de la m\u00e1quina de envasado Shuliy para envasado estandarizado - Fabricante de m\u00e1quinas de envasado Shuliy<\/li>    <li>Peso: 600kg<\/li>    <li>Dimensiones: 1150*1795*1650mm<\/li> <\/ul> <\/div> <\/div>    <figure class=\"wp-block-gallery has-nested-images columns-default is-cropped wp-block-gallery-3 is-layout-flex wp-block-gallery-is-layout-flex\"> <figure class=\"wp-block-image size-large\"><img loading=\"lazy\" decoding=\"async\" width=\"600\" height=\"450\" data-id=\"4362\" src=\"https:\/\/tianhuipackingmachine.com\/wp-content\/uploads\/2021\/12\/ten-head-weighing-feeding-system.jpg\" alt=\"sistema de pesaje y alimentaci\u00f3n de diez cabezales\" class=\"wp-image-4362\" srcset=\"https:\/\/tianhuipackingmachine.com\/wp-content\/uploads\/2021\/12\/ten-head-weighing-feeding-system.jpg 600w, https:\/\/tianhuipackingmachine.com\/wp-content\/uploads\/2021\/12\/ten-head-weighing-feeding-system-480x360.jpg 480w\" sizes=\"auto, (max-width: 600px) 100vw, 600px\" \/><figcaption class=\"wp-element-caption\">Pesaje y amplificador de diez cabezales; Sistema de alimentaci\u00f3n<\/figcaption><\/figure>    <figure class=\"wp-block-image size-large\"><img loading=\"lazy\" decoding=\"async\" width=\"600\" height=\"450\" data-id=\"4364\" src=\"https:\/\/tianhuipackingmachine.com\/wp-content\/uploads\/2021\/12\/feeding-material-system.jpg\" alt=\"sistema de alimentaci\u00f3n de material\" class=\"wp-image-4364\" srcset=\"https:\/\/tianhuipackingmachine.com\/wp-content\/uploads\/2021\/12\/feeding-material-system.jpg 600w, https:\/\/tianhuipackingmachine.com\/wp-content\/uploads\/2021\/12\/feeding-material-system-480x360.jpg 480w\" sizes=\"auto, (max-width: 600px) 100vw, 600px\" \/><figcaption class=\"wp-element-caption\">Sistema de alimentaci\u00f3n de material<\/figcaption><\/figure>    <figure class=\"wp-block-image size-large\"><img loading=\"lazy\" decoding=\"async\" width=\"600\" height=\"450\" data-id=\"4366\" src=\"https:\/\/tianhuipackingmachine.com\/wp-content\/uploads\/2021\/12\/packaging-system-by-pneumatic-drive.jpg\" alt=\"sistema de envasado mediante accionamiento neum\u00e1tico\" class=\"wp-image-4366\" srcset=\"https:\/\/tianhuipackingmachine.com\/wp-content\/uploads\/2021\/12\/packaging-system-by-pneumatic-drive.jpg 600w, https:\/\/tianhuipackingmachine.com\/wp-content\/uploads\/2021\/12\/packaging-system-by-pneumatic-drive-480x360.jpg 480w\" sizes=\"auto, (max-width: 600px) 100vw, 600px\" \/><figcaption class=\"wp-element-caption\">Sistema de embalaje mediante accionamiento neum\u00e1tico<\/figcaption><\/figure> <\/figure>    <h2 class=\"wp-block-heading\" id=\"h-features-of-top-snacks-packing-machine\"><strong>Caracter\u00edsticas de la m\u00e1quina de embalaje de snacks Shuliy<\/strong><\/h2>    <ul class=\"wp-block-list\"> <li>Alto grado de automatizaci\u00f3n <ul class=\"wp-block-list\"> <li>Soporta pesaje electr\u00f3nico de m\u00faltiples cabezales, sistema servo y operaci\u00f3n t\u00e1ctil PLC. Una persona puede operar f\u00e1cilmente, reduciendo significativamente los costos laborales.<\/li> <\/ul> <\/li>    <li>Alta velocidad de empaquetado y alta precisi\u00f3n <ul class=\"wp-block-list\"> <li>Se pueden seleccionar una variedad de modelos de m\u00e1quinas de empaquetado de barras de snacks. La velocidad de empaquetado es de hasta 5-80 bolsas\/minuto, con un control de error de pesaje dentro de \u00b1 1 gramo, protegiendo efectivamente la calidad.<\/li> <\/ul> <\/li>    <li>Funciones opcionales <ul class=\"wp-block-list\"> <li>Soporta conservaci\u00f3n con nitr\u00f3geno, codificaci\u00f3n, f\u00e1cil de rasgar, agujeros colgantes, corte continuo de bolsas y otras funciones adicionales para satisfacer las diversas necesidades del empaquetado de marcas.<\/li> <\/ul> <\/li>    <li>Soluci\u00f3n de l\u00ednea completa personalizable <ul class=\"wp-block-list\"> <li>Shuliy apoya la personalizaci\u00f3n de toda la l\u00ednea de empaquetado de snacks para los clientes, incluyendo m\u00e1quina de carga, m\u00e1quina de pesaje, vertical\/<a href=\"https:\/\/tianhuipackingmachine.com\/es\/pillow-packing-machine\/\">m\u00e1quina envasadora de almohadas<\/a>, cinta transportadora de productos terminados, sellado y codificaci\u00f3n, etc., para satisfacer diferentes capacidades y distribuciones de taller.<\/li> <\/ul> <\/li> <\/ul>    <figure class=\"wp-block-gallery has-nested-images columns-default is-cropped wp-block-gallery-4 is-layout-flex wp-block-gallery-is-layout-flex\"> <figure class=\"wp-block-image size-large\"><img loading=\"lazy\" decoding=\"async\" width=\"750\" height=\"500\" data-id=\"4515\" src=\"https:\/\/tianhuipackingmachine.com\/wp-content\/uploads\/2021\/12\/vertical-granule-packing-machine-in-factory-750x500.jpg\" alt=\"empaquetadora vertical de gr\u00e1nulos en f\u00e1brica\" class=\"wp-image-4515\" srcset=\"https:\/\/tianhuipackingmachine.com\/wp-content\/uploads\/2021\/12\/vertical-granule-packing-machine-in-factory.jpg 750w, https:\/\/tianhuipackingmachine.com\/wp-content\/uploads\/2021\/12\/vertical-granule-packing-machine-in-factory-480x320.jpg 480w\" sizes=\"auto, (max-width: 750px) 100vw, 750px\" \/><figcaption class=\"wp-element-caption\">Empaquetadora vertical de gr\u00e1nulos en f\u00e1brica<\/figcaption><\/figure>    <figure class=\"wp-block-image size-large\"><img loading=\"lazy\" decoding=\"async\" width=\"750\" height=\"500\" data-id=\"4514\" src=\"https:\/\/tianhuipackingmachine.com\/wp-content\/uploads\/2021\/12\/vertical-granule-packaging-equipment-in-factory-750x500.jpg\" alt=\"Equipo de envasado de gr\u00e1nulos verticales en f\u00e1brica.\" class=\"wp-image-4514\" srcset=\"https:\/\/tianhuipackingmachine.com\/wp-content\/uploads\/2021\/12\/vertical-granule-packaging-equipment-in-factory.jpg 750w, https:\/\/tianhuipackingmachine.com\/wp-content\/uploads\/2021\/12\/vertical-granule-packaging-equipment-in-factory-480x320.jpg 480w\" sizes=\"auto, (max-width: 750px) 100vw, 750px\" \/><figcaption class=\"wp-element-caption\">Equipo de envasado de gr\u00e1nulos verticales en f\u00e1brica<\/figcaption><\/figure> <\/figure>    <h2 class=\"wp-block-heading\" id=\"h-applications-of-snacks-packing-equipment\"><strong>Aplicaciones de la m\u00e1quina de empaquetado de snacks<\/strong><\/h2>    <p>Nuestra m\u00e1quina de empaquetado de alimentos para snacks tiene una amplia gama de aplicaciones, descritas a continuaci\u00f3n:<\/p>    <ul class=\"wp-block-list\"> <li>Snacks granulados <ul class=\"wp-block-list\"> <li>Cacahuetes, semillas de mel\u00f3n, habas, palomitas de ma\u00edz, avena, costra de arroz, granos de caf\u00e9, az\u00facar granulada, d\u00e1tiles rojos, nimko garri, caramelos de ciruela, etc.<\/li> <\/ul> <\/li>    <li>Snacks en forma de pieza o de forma regular <ul class=\"wp-block-list\"> <li>Pan, rollo suizo, pastel de luna, chocolate, galletas, <a href=\"https:\/\/en.wikipedia.org\/wiki\/Pastry\" target=\"_blank\" rel=\"noopener\">pasteles<\/a>, etc.<\/li> <\/ul> <\/li>    <li>Snacks inflados <ul class=\"wp-block-list\"> <li>Papas infladas, copos de ma\u00edz, frutas secas, etc.<\/li> <\/ul> <\/li> <\/ul>    <p>Los estilos de bolsas de embalaje pueden ser bolsa de almohada, bolsa de almohada con un agujero, bolsa de almohada con una ranura, sellado de tres lados, sellado de cuatro lados, bolsa de palos, bolsa piramidal, bolsa con fuelle, bolsa de cadena, etc.\u00a0<\/p>    <figure class=\"wp-block-gallery has-nested-images columns-default is-cropped wp-block-gallery-5 is-layout-flex wp-block-gallery-is-layout-flex\"> <figure class=\"wp-block-image size-large\"><img loading=\"lazy\" decoding=\"async\" width=\"750\" height=\"500\" data-id=\"4530\" src=\"https:\/\/tianhuipackingmachine.com\/wp-content\/uploads\/2021\/12\/small-snacks-packaging-pouches-display-750x500.jpg\" alt=\"exhibici\u00f3n de bolsas de embalaje de bocadillos peque\u00f1os\" class=\"wp-image-4530\" srcset=\"https:\/\/tianhuipackingmachine.com\/wp-content\/uploads\/2021\/12\/small-snacks-packaging-pouches-display.jpg 750w, https:\/\/tianhuipackingmachine.com\/wp-content\/uploads\/2021\/12\/small-snacks-packaging-pouches-display-480x320.jpg 480w\" sizes=\"auto, (max-width: 750px) 100vw, 750px\" \/><figcaption class=\"wp-element-caption\">Exhibici\u00f3n de bolsas de embalaje de bocadillos peque\u00f1os<\/figcaption><\/figure>    <figure class=\"wp-block-image size-large\"><img loading=\"lazy\" decoding=\"async\" width=\"750\" height=\"500\" data-id=\"4529\" src=\"https:\/\/tianhuipackingmachine.com\/wp-content\/uploads\/2021\/12\/packaged-puffed-food-with-nitrigen-filling-750x500.jpg\" alt=\"comida inflada envasada con relleno de nitr\u00f3geno\" class=\"wp-image-4529\" srcset=\"https:\/\/tianhuipackingmachine.com\/wp-content\/uploads\/2021\/12\/packaged-puffed-food-with-nitrigen-filling.jpg 750w, https:\/\/tianhuipackingmachine.com\/wp-content\/uploads\/2021\/12\/packaged-puffed-food-with-nitrigen-filling-480x320.jpg 480w\" sizes=\"auto, (max-width: 750px) 100vw, 750px\" \/><figcaption class=\"wp-element-caption\">Comida inflada envasada con relleno de nitr\u00f3geno<\/figcaption><\/figure> <\/figure>    <h2 class=\"wp-block-heading\" id=\"h-snacks-packing-machine-price\"><strong>\u00bfCu\u00e1l es el precio de la m\u00e1quina de embalaje de snacks?<\/strong><\/h2>    <p>El precio de nuestra m\u00e1quina de embalaje de snacks var\u00eda seg\u00fan el tipo de embalaje, las caracter\u00edsticas de configuraci\u00f3n, el grado de automatizaci\u00f3n y otros factores. El precio de una m\u00e1quina de embalaje de bolsas de snacks oscila entre unos pocos miles y decenas de miles de d\u00f3lares, la clave radica en las necesidades de embalaje reales del cliente y los requisitos de producci\u00f3n. Bienvenido a contactarnos para obtener asesoramiento profesional sobre selecci\u00f3n y cotizaciones en tiempo real.<\/p>    <h2 class=\"wp-block-heading\" id=\"h-why-choose-us-as-your-top-packing-machine-supplier\"><strong>\u00bfPor qu\u00e9 elegir a Shuliy como su proveedor de m\u00e1quinas de embalaje de snacks?<\/strong><\/h2>    <p>Como fabricante y proveedor profesional de m\u00e1quinas de embalaje de snacks, contamos con un equipo profesional con amplia experiencia y hemos estado enfoc\u00e1ndonos en la investigaci\u00f3n, desarrollo y fabricaci\u00f3n de maquinaria de embalaje durante mucho tiempo. Confiando en una excelente calidad, tecnolog\u00eda avanzada, precios razonables y un servicio considerado, nuestros productos se han exportado ampliamente a todo el mundo.<\/p>    <p>Todas las m\u00e1quinas pasan por un estricto control de calidad antes del env\u00edo para garantizar que los clientes reciban m\u00e1quinas de alta calidad y alto rendimiento. Proporcionamos videos y manuales de operaci\u00f3n en ingl\u00e9s para facilitar la r\u00e1pida instalaci\u00f3n y uso por parte de los clientes, y estamos equipados con un servicio en l\u00ednea 7\u00d724 horas para responder a las demandas en cualquier momento.<\/p>    <p>Si tiene requisitos especiales, tambi\u00e9n ofrecemos soluciones personalizadas. Bienvenido a contactarnos. Seg\u00fan sus necesidades, proporcionaremos asesoramiento y soluciones profesionales.<\/p>    <figure class=\"wp-block-gallery has-nested-images columns-default is-cropped wp-block-gallery-6 is-layout-flex wp-block-gallery-is-layout-flex\"> <figure class=\"wp-block-image size-large\"><img loading=\"lazy\" decoding=\"async\" width=\"750\" height=\"500\" data-id=\"4509\" src=\"https:\/\/tianhuipackingmachine.com\/wp-content\/uploads\/2021\/12\/packaging-process-before-transportation-750x500.jpg\" alt=\"proceso de embalaje antes del transporte\" class=\"wp-image-4509\" srcset=\"https:\/\/tianhuipackingmachine.com\/wp-content\/uploads\/2021\/12\/packaging-process-before-transportation.jpg 750w, https:\/\/tianhuipackingmachine.com\/wp-content\/uploads\/2021\/12\/packaging-process-before-transportation-480x320.jpg 480w\" sizes=\"auto, (max-width: 750px) 100vw, 750px\" \/><figcaption class=\"wp-element-caption\">Proceso de embalaje antes del transporte<\/figcaption><\/figure>    <figure class=\"wp-block-image size-large\"><img loading=\"lazy\" decoding=\"async\" width=\"750\" height=\"500\" data-id=\"4510\" src=\"https:\/\/tianhuipackingmachine.com\/wp-content\/uploads\/2021\/12\/placing-the-machine-into-the-truck-750x500.jpg\" alt=\"Colocar la m\u00e1quina en el cami\u00f3n.\" class=\"wp-image-4510\" srcset=\"https:\/\/tianhuipackingmachine.com\/wp-content\/uploads\/2021\/12\/placing-the-machine-into-the-truck.jpg 750w, https:\/\/tianhuipackingmachine.com\/wp-content\/uploads\/2021\/12\/placing-the-machine-into-the-truck-480x320.jpg 480w\" sizes=\"auto, (max-width: 750px) 100vw, 750px\" \/><figcaption class=\"wp-element-caption\">Colocaci\u00f3n de la m\u00e1quina en el cami\u00f3n<\/figcaption><\/figure> <\/figure>","protected":false},"excerpt":{"rendered":"<p>M\u00e1quina de envasado para entrega<\/p>","protected":false},"author":1,"featured_media":1061,"parent":0,"template":"","tags":[206,166,232],"product-type":[136],"class_list":["post-5705","product","type-product","status-publish","has-post-thumbnail","hentry","tag-food-packing-machine","tag-granule","tag-snacks","product-type-granule-packing-machines"],"_links":{"self":[{"href":"https:\/\/tianhuipackingmachine.com\/es\/wp-json\/wp\/v2\/product\/5705","targetHints":{"allow":["GET"]}}],"collection":[{"href":"https:\/\/tianhuipackingmachine.com\/es\/wp-json\/wp\/v2\/product"}],"about":[{"href":"https:\/\/tianhuipackingmachine.com\/es\/wp-json\/wp\/v2\/types\/product"}],"author":[{"embeddable":true,"href":"https:\/\/tianhuipackingmachine.com\/es\/wp-json\/wp\/v2\/users\/1"}],"wp:featuredmedia":[{"embeddable":true,"href":"https:\/\/tianhuipackingmachine.com\/es\/wp-json\/wp\/v2\/media\/1061"}],"wp:attachment":[{"href":"https:\/\/tianhuipackingmachine.com\/es\/wp-json\/wp\/v2\/media?parent=5705"}],"wp:term":[{"taxonomy":"post_tag","embeddable":true,"href":"https:\/\/tianhuipackingmachine.com\/es\/wp-json\/wp\/v2\/tags?post=5705"},{"taxonomy":"product-type","embeddable":true,"href":"https:\/\/tianhuipackingmachine.com\/es\/wp-json\/wp\/v2\/product-type?post=5705"}],"curies":[{"name":"wp","href":"https:\/\/api.w.org\/{rel}","templated":true}]}}