{"id":5685,"date":"2022-04-19T09:28:57","date_gmt":"2022-04-19T01:28:57","guid":{"rendered":"http:\/\/tianhuipackingmachine.local\/?post_type=product&#038;p=5685"},"modified":"2024-09-20T18:32:44","modified_gmt":"2024-09-20T10:32:44","slug":"rice-vacuum-packing-machine-2","status":"publish","type":"product","link":"https:\/\/tianhuipackingmachine.com\/es\/rice-vacuum-packing-machine\/","title":{"rendered":"Envasadora al vac\u00edo de arroz"},"content":{"rendered":"<p class=\"translation-block\">La <strong>m\u00e1quina de envasado al vac\u00edo para arroz<\/strong> de Shuliy es un sellador de vac\u00edo espec\u00edfico para el envasado al vac\u00edo de arroz con formas de ladrillo y pesos de 0.5-20 kg por ladrillo. <\/p>    <p>Esta m\u00e1quina puede envasar al vac\u00edo de 1 a 20 paquetes de ladrillos de arroz por minuto. El envasado al vac\u00edo con esta m\u00e1quina puede prolongar eficazmente la vida \u00fatil de los alimentos, resistiendo la oxidaci\u00f3n, los insectos, el moho y la humedad.<\/p>    <p>Adem\u00e1s, tambi\u00e9n puede envasar al vac\u00edo diversos materiales en polvo y granulados, como harina, levadura seca fermentada en polvo, t\u00e9, man\u00ed, anacardos, etc. Si est\u00e1 interesado, \u00a1p\u00f3ngase en contacto con nosotros para obtener m\u00e1s detalles! <\/p>    <figure class=\"wp-block-image aligncenter size-large\"><img loading=\"lazy\" decoding=\"async\" width=\"750\" height=\"500\" src=\"https:\/\/tianhuipackingmachine.com\/wp-content\/uploads\/2021\/12\/rice-vacuum-packing-machine-750x500.jpg\" alt=\"m\u00e1quina de envasado al vac\u00edo de arroz\" class=\"wp-image-3870\" srcset=\"https:\/\/tianhuipackingmachine.com\/wp-content\/uploads\/2021\/12\/rice-vacuum-packing-machine.jpg 750w, https:\/\/tianhuipackingmachine.com\/wp-content\/uploads\/2021\/12\/rice-vacuum-packing-machine-480x320.jpg 480w\" sizes=\"auto, (max-width: 750px) 100vw, 750px\" \/><figcaption class=\"wp-element-caption\">M\u00e1quina envasadora al vac\u00edo de arroz<\/figcaption><\/figure>    <h2 class=\"wp-block-heading\" id=\"h-what-raw-materials-can-be-packaged-into-brick-shape-by-this-machine\">\u00bfQu\u00e9 materias primas se pueden envasar en forma de ladrillos con esta m\u00e1quina?<\/h2>    <p>La m\u00e1quina envasadora al vac\u00edo de arroz comercial en forma de ladrillo se aplica a diversos art\u00edculos, tales como: <\/p>    <ul class=\"wp-block-list\"> <li><strong>Granos<\/strong> <ul class=\"wp-block-list\"> <li>Arroz, mijo, jud\u00edas verdes, jud\u00edas rojas, avena, granos de trigo, cereales secundarios mixtos, etc.<\/li> <\/ul> <\/li>    <li><strong>Nueces<\/strong> <ul class=\"wp-block-list\"> <li>Cacahuetes, anacardos, pistachos, <a href=\"https:\/\/en.wikipedia.org\/wiki\/Macadamia_nuts\" target=\"_blank\" rel=\"noopener\">nueces de macadamia<\/a>, almendras, d\u00e1tiles rojos, etc.<\/li> <\/ul> <\/li>    <li><strong>Polvo<\/strong> <ul class=\"wp-block-list\"> <li>Levadura seca al horno en polvo, harina y otros.<\/li> <\/ul> <\/li>    <li><strong>Otros<\/strong> <ul class=\"wp-block-list\"> <li>T\u00e9, lentejas, mariscos, etc.<\/li> <\/ul> <\/li> <\/ul>    <p>Adem\u00e1s, nuestra m\u00e1quina envasadora al vac\u00edo de arroz tiene una variedad de bolsas y moldes para ladrillos de arroz, como 250 g, 500 g, 1000 g, 1500 g, 2500 g, etc. Puedes elegirlo seg\u00fan tus necesidades reales.<\/p>    <figure class=\"wp-block-gallery has-nested-images columns-default is-cropped wp-block-gallery-2 is-layout-flex wp-block-gallery-is-layout-flex\"> <figure class=\"wp-block-image size-large\"><img loading=\"lazy\" decoding=\"async\" width=\"750\" height=\"500\" data-id=\"4623\" src=\"https:\/\/tianhuipackingmachine.com\/wp-content\/uploads\/2021\/12\/rice-brick-mold-and-packing-effect-750x500.jpg\" alt=\"efecto de embalaje y molde de ladrillo de arroz\" class=\"wp-image-4623\" srcset=\"https:\/\/tianhuipackingmachine.com\/wp-content\/uploads\/2021\/12\/rice-brick-mold-and-packing-effect.jpg 750w, https:\/\/tianhuipackingmachine.com\/wp-content\/uploads\/2021\/12\/rice-brick-mold-and-packing-effect-480x320.jpg 480w\" sizes=\"auto, (max-width: 750px) 100vw, 750px\" \/><figcaption class=\"wp-element-caption\">Molde de ladrillo de arroz y efecto de embalaje<\/figcaption><\/figure>    <figure class=\"wp-block-image size-large\"><img loading=\"lazy\" decoding=\"async\" width=\"750\" height=\"500\" data-id=\"4626\" src=\"https:\/\/tianhuipackingmachine.com\/wp-content\/uploads\/2021\/12\/rice-brick-molds-sealing-effect-750x500.jpg\" alt=\"Moldes de ladrillos de arroz y efecto sellador.\" class=\"wp-image-4626\" srcset=\"https:\/\/tianhuipackingmachine.com\/wp-content\/uploads\/2021\/12\/rice-brick-molds-sealing-effect.jpg 750w, https:\/\/tianhuipackingmachine.com\/wp-content\/uploads\/2021\/12\/rice-brick-molds-sealing-effect-480x320.jpg 480w\" sizes=\"auto, (max-width: 750px) 100vw, 750px\" \/><figcaption class=\"wp-element-caption\">Moldes de ladrillos de arroz y efecto sellador<\/figcaption><\/figure> <\/figure>    <h2 class=\"wp-block-heading\" id=\"h-characteristics-advantages-of-rice-vacuum-packing-machine\">Caracter\u00edsticas de la m\u00e1quina envasadora al vac\u00edo de arroz Shuliy<\/h2>    <ol style=\"list-style-type:1\" class=\"wp-block-list\"> <li>puede procesar <strong>1-20 bolsas de ladrillos de arroz al vac\u00edo por minuto<\/strong>, que es eficiente.<\/li>    <li>La m\u00e1quina tiene un <strong>placa de acr\u00edlico<\/strong>, que es plexigl\u00e1s transparente incoloro. Tiene una excelente transparencia y su <strong>La transmitancia de luz puede alcanzar m\u00e1s de 92%.<\/strong>. <\/li>    <li>Tanto el borde delantero como el trasero est\u00e1n equipados con el <strong>tira de sellado<\/strong>.<\/li>    <li>Nuestra m\u00e1quina envasadora al vac\u00edo de ladrillos de arroz est\u00e1 equipada con <strong>cuatro ruedas<\/strong>, movi\u00e9ndose de forma c\u00f3moda y flexible.<\/li>    <li>Operaci\u00f3n simple, estructura compacta, peque\u00f1o espacio ocupado, bajo costo.<\/li>    <li>Conservaci\u00f3n duradera, sellado a prueba de fugas, que prolonga eficazmente la vida \u00fatil.<\/li> <\/ol>    <figure class=\"wp-block-image size-large\"><img loading=\"lazy\" decoding=\"async\" width=\"750\" height=\"500\" src=\"https:\/\/tianhuipackingmachine.com\/wp-content\/uploads\/2021\/12\/rice-brick-packing-machine-750x500.jpg\" alt=\"empaquetadora de ladrillos de arroz\" class=\"wp-image-4624\" srcset=\"https:\/\/tianhuipackingmachine.com\/wp-content\/uploads\/2021\/12\/rice-brick-packing-machine.jpg 750w, https:\/\/tianhuipackingmachine.com\/wp-content\/uploads\/2021\/12\/rice-brick-packing-machine-480x320.jpg 480w\" sizes=\"auto, (max-width: 750px) 100vw, 750px\" \/><figcaption class=\"wp-element-caption\">M\u00e1quina empacadora de ladrillos de arroz<\/figcaption><\/figure>    <h2 class=\"wp-block-heading has-black-color has-text-color\" id=\"h-technical-data-of-vacuum-packing-machine-for-rice-brick\">Datos t\u00e9cnicos de la m\u00e1quina de envasado al vac\u00edo para ladrillos de arroz.<\/h2>    <p>Tenemos dos tipos de selladoras de ladrillos de arroz al vac\u00edo a la venta, SL-660 y SL-850. El n\u00famero indica la longitud de las tiras de sellado. Tambi\u00e9n puede conocer su potencia, peso, tama\u00f1o, etc. La siguiente tabla es la informaci\u00f3n detallada de los par\u00e1metros para su referencia.<\/p>    <figure class=\"wp-block-table is-style-stripes\"><table><tbody><tr><td>Modelo<\/td><td>SL-660<\/td><td>SL-850<\/td><\/tr><tr><td>Voltaje<\/td><td>CA 220 V\/50 Hz.<\/td><td>CA 220 V\/50 Hz.<\/td><\/tr><tr><td>Fuerza de motor<\/td><td>1000W<\/td><td>1000W<\/td><\/tr><tr><td>poder de sellado<\/td><td>1200W<\/td><td>1600W<\/td><\/tr><tr><td>N\u00famero de barras de sellado para cada c\u00e1mara.<\/td><td>2 piezas<\/td><td>2 piezas<\/td><\/tr><tr><td>Presi\u00f3n de vac\u00edo m\u00e1xima<\/td><td>1Kpa<\/td><td>1Kpa<\/td><\/tr><tr><td>Dimensi\u00f3n de la c\u00e1mara<\/td><td>680 (largo)*210(ancho)*350(alto)mm <\/td><td>900(largo)*210(ancho)*350(alto)mm<\/td><\/tr><tr><td>Tama\u00f1o de la bolsa de sellado<\/td><td>660(largo)*10(ancho)mm<\/td><td>850(largo)*10(ancho)mm<\/td><\/tr><tr><td>Velocidad de la bomba de vac\u00edo<\/td><td>20*1m<sup>3<\/sup>\/h<\/td><td>20*1m<sup>3<\/sup>\/h<\/td><\/tr><tr><td>Material para c\u00e1mara de vac\u00edo<\/td><td>Acero inoxidable 201<\/td><td>Acero inoxidable 201<\/td><\/tr><tr><td>Dimensi\u00f3n<\/td><td>740*480*800mm<\/td><td>930*450*800mm<\/td><\/tr><tr><td>Peso neto<\/td><td>88kg<\/td><td>100 kilos<\/td><\/tr><tr><td>La distancia central entre dos barras de sellado.<\/td><td>280 mm<\/td><td>280 mm<\/td><\/tr><\/tbody><\/table><figcaption class=\"wp-element-caption\">Datos de la m\u00e1quina de envasado al vac\u00edo de arroz.<\/figcaption><\/figure>    <h2 class=\"wp-block-heading\" id=\"h-main-parts-of-rice-vacuum-packing-machine\">Partes principales de la m\u00e1quina envasadora al vac\u00edo de arroz completamente autom\u00e1tica<\/h2>    <p>La m\u00e1quina se compone principalmente de un panel de control, un motor, una sala de vac\u00edo, tiras de sellado dobles, una cubierta acr\u00edlica transparente, una bomba de vac\u00edo, cuatro ruedas, etc.<\/p>    <ul class=\"wp-block-list\"> <li>En primer lugar, puede configurar y comprobar los par\u00e1metros en el panel de control. <ul class=\"wp-block-list\"> <li>Establecer el tiempo de aspirado y sellado, y la temperatura de sellado.<\/li>    <li>Hay un vacu\u00f3metro y un indicador de tiempo para aspirar, sellar, temperatura constante y enfriar.<\/li> <\/ul> <\/li> <\/ul>    <figure class=\"wp-block-image size-large\"><img loading=\"lazy\" decoding=\"async\" width=\"750\" height=\"500\" src=\"https:\/\/tianhuipackingmachine.com\/wp-content\/uploads\/2021\/12\/the-control-panel-of-rice-brick-vacuum-sealer-750x500.jpg\" alt=\"El panel de control del sellador al vac\u00edo de ladrillos de arroz.\" class=\"wp-image-3859\" srcset=\"https:\/\/tianhuipackingmachine.com\/wp-content\/uploads\/2021\/12\/the-control-panel-of-rice-brick-vacuum-sealer.jpg 750w, https:\/\/tianhuipackingmachine.com\/wp-content\/uploads\/2021\/12\/the-control-panel-of-rice-brick-vacuum-sealer-480x320.jpg 480w\" sizes=\"auto, (max-width: 750px) 100vw, 750px\" \/><figcaption class=\"wp-element-caption\">El panel de control del sellador al vac\u00edo de ladrillos de arroz<\/figcaption><\/figure>    <ul class=\"wp-block-list\"> <li>En segundo lugar, su c\u00e1mara de vac\u00edo est\u00e1 especialmente dise\u00f1ada para el envasado al vac\u00edo de ladrillos de arroz.  <ul class=\"wp-block-list\"> <li>La capacidad es m\u00e1s larga y profunda que una ordinaria. <a href=\"https:\/\/tianhuipackingmachine.com\/es\/single-chamber-vacuum-packaging-machine\/\">sellador al vac\u00edo de una sola c\u00e1mara<\/a>. <\/li>    <li>Su tama\u00f1o se puede personalizar seg\u00fan el tama\u00f1o de la bolsa de vac\u00edo. <\/li> <\/ul> <\/li>    <li>En tercer lugar, el sellador al vac\u00edo de arroz est\u00e1 equipado con tiras selladoras en la parte delantera y trasera.  <ul class=\"wp-block-list\"> <li>Dos tiras selladoras tienen una gran capacidad de procesamiento y alta eficiencia. <\/li> <\/ul> <\/li> <\/ul>    <figure class=\"wp-block-image size-large\"><img loading=\"lazy\" decoding=\"async\" width=\"750\" height=\"500\" src=\"https:\/\/tianhuipackingmachine.com\/wp-content\/uploads\/2021\/12\/two-sealing-strips-in-the-vacuum-chamber-1-750x500.jpg\" alt=\"dos tiras de sellado en la c\u00e1mara de vac\u00edo\" class=\"wp-image-3860\" srcset=\"https:\/\/tianhuipackingmachine.com\/wp-content\/uploads\/2021\/12\/two-sealing-strips-in-the-vacuum-chamber-1.jpg 750w, https:\/\/tianhuipackingmachine.com\/wp-content\/uploads\/2021\/12\/two-sealing-strips-in-the-vacuum-chamber-1-480x320.jpg 480w\" sizes=\"auto, (max-width: 750px) 100vw, 750px\" \/><figcaption class=\"wp-element-caption\">Dos tiras de sellado en la c\u00e1mara de vac\u00edo<\/figcaption><\/figure>    <ul class=\"wp-block-list\"> <li>La cubierta acr\u00edlica transparente es popular por su fuerte resistencia al impacto, buena tenacidad, excelente rendimiento de aislamiento y peso ligero. <\/li> <\/ul>    <figure class=\"wp-block-gallery has-nested-images columns-default is-cropped wp-block-gallery-3 is-layout-flex wp-block-gallery-is-layout-flex\"> <figure class=\"wp-block-image size-large\"><img loading=\"lazy\" decoding=\"async\" width=\"750\" height=\"500\" data-id=\"3861\" src=\"https:\/\/tianhuipackingmachine.com\/wp-content\/uploads\/2021\/12\/acrylic-transparent-cover-1-750x500.jpg\" alt=\"cubierta transparente de acr\u00edlico\" class=\"wp-image-3861\" srcset=\"https:\/\/tianhuipackingmachine.com\/wp-content\/uploads\/2021\/12\/acrylic-transparent-cover-1.jpg 750w, https:\/\/tianhuipackingmachine.com\/wp-content\/uploads\/2021\/12\/acrylic-transparent-cover-1-480x320.jpg 480w\" sizes=\"auto, (max-width: 750px) 100vw, 750px\" \/><figcaption class=\"wp-element-caption\">Cubierta transparente acr\u00edlica<\/figcaption><\/figure>    <figure class=\"wp-block-image size-large\"><img loading=\"lazy\" decoding=\"async\" width=\"750\" height=\"500\" data-id=\"3862\" src=\"https:\/\/tianhuipackingmachine.com\/wp-content\/uploads\/2021\/12\/suitable-for-various-sizes-of-rice-bricks-1-750x500.jpg\" alt=\"adecuado para varios tama\u00f1os de ladrillos de arroz\" class=\"wp-image-3862\" srcset=\"https:\/\/tianhuipackingmachine.com\/wp-content\/uploads\/2021\/12\/suitable-for-various-sizes-of-rice-bricks-1.jpg 750w, https:\/\/tianhuipackingmachine.com\/wp-content\/uploads\/2021\/12\/suitable-for-various-sizes-of-rice-bricks-1-480x320.jpg 480w\" sizes=\"auto, (max-width: 750px) 100vw, 750px\" \/><figcaption class=\"wp-element-caption\">Adecuado para varios tama\u00f1os de ladrillos de arroz<\/figcaption><\/figure> <\/figure>    <h2 class=\"wp-block-heading\"><strong>\u00bfC\u00f3mo funciona la envasadora al vac\u00edo de arroz?<\/strong><\/h2>    <p>La m\u00e1quina envasadora al vac\u00edo de arroz funciona extrayendo el aire de la bolsa para formar un vac\u00edo y luego sell\u00e1ndola r\u00e1pidamente.<\/p>    <ul class=\"wp-block-list\"> <li>Primero, el arroz se carga autom\u00e1ticamente en la bolsa.<\/li>    <li>Luego la m\u00e1quina comienza a extraer aire para formar una presi\u00f3n negativa dentro de la bolsa, reduciendo el contenido de ox\u00edgeno.<\/li>    <li>Finalmente, la m\u00e1quina sellar\u00e1 t\u00e9rmicamente la abertura de la bolsa para asegurar el sellado y extender la vida \u00fatil del arroz.<\/li> <\/ul>    <p>Todo el proceso est\u00e1 altamente automatizado, simple de operar y altamente eficiente. La m\u00e1quina es adecuada para peque\u00f1as y medianas empresas procesadoras de arroz.<\/p>   <figure class=\"wp-block-embed-youtube wp-block-embed is-type-video is-provider-youtube wp-embed-aspect-16-9 wp-has-aspect-ratio\"><div class=\"lyte-wrapper\" title=\"Envasadora al vac\u00edo para paquete de marisco de Marruecos | Prueba de m\u00e1quina de envasado al vac\u00edo en f\u00e1brica\" style=\"width:853px;max-width:100%;margin:5px auto;\"><div class=\"lyMe\" id=\"WYL_2r2CLlFwGMk\" itemprop=\"video\" itemscope itemtype=\"https:\/\/schema.org\/VideoObject\"><div><meta itemprop=\"thumbnailUrl\" content=\"https:\/\/i.ytimg.com\/vi\/2r2CLlFwGMk\/hqdefault.jpg\" \/><meta itemprop=\"embedURL\" content=\"https:\/\/www.youtube.com\/embed\/2r2CLlFwGMk\" \/><meta itemprop=\"duration\" content=\"PT1M30S\" \/><meta itemprop=\"uploadDate\" content=\"2024-07-31T03:18:23Z\" \/><\/div><div id=\"lyte_2r2CLlFwGMk\" data-src=\"https:\/\/i.ytimg.com\/vi\/2r2CLlFwGMk\/hqdefault.jpg\" class=\"pL\"><div class=\"tC\"><div class=\"tT\" itemprop=\"name\">Envasadora al vac\u00edo para paquete de marisco de Marruecos | Prueba de m\u00e1quina de envasado al vac\u00edo en f\u00e1brica<\/div><\/div><div class=\"play\"><\/div><div class=\"ctrl\"><div class=\"Lctrl\"><\/div><div class=\"Rctrl\"><\/div><\/div><\/div><noscript><a href=\"https:\/\/youtu.be\/2r2CLlFwGMk\" rel=\"nofollow noopener\" target=\"_blank\"><img loading=\"lazy\" decoding=\"async\" src=\"https:\/\/i.ytimg.com\/vi\/2r2CLlFwGMk\/0.jpg\" alt=\"Envasadora al vac\u00edo para paquete de marisco de Marruecos | Prueba de m\u00e1quina de envasado al vac\u00edo en f\u00e1brica\" width=\"853\" height=\"460\" \/><\/a><\/noscript><meta itemprop=\"description\" content=\"WhatsApp No.: https:\/\/wa.me\/+8613673689272 WeChat\/Tel No.:+8613673689272 Email: sales@tianhuipackingmachine.com Website: https:\/\/tianhuipackingmachine.com\/double-chamber-vacuum-packaging-machine\/ In this video, we show the trial process of the vacuum packaging machine customized for Moroccan customers. This vacuum sealer will be used for seafood packaging to ensure that seafood remains fresh and high quality during transportation and storage. Through the trial machine, we verified the performance and effect of the machine to ensure that it can meet the needs of customers. Thank you for your trust and support, and hope that this vacuum packing machine can help their seafood business flourish. WhatsApp No.: https:\/\/wa.me\/+8613673689272 WeChat\/Tel No.:+8613673689272 Email: sales@tianhuipackingmachine.com Website: https:\/\/tianhuipackingmachine.com\/double-chamber-vacuum-packaging-machine\/\"><\/div><\/div><div class=\"lL\" style=\"max-width:100%;width:853px;margin:5px auto;\"> <a href=\"https:\/\/youtu.be\/2r2CLlFwGMk\" target=\"_blank\" rel=\"noopener\">Ver este v\u00eddeo en YouTube<\/a>.<\/div><figcaption>v\u00eddeo de la m\u00e1quina selladora al vac\u00edo<\/figcaption><\/figure>   <h2 class=\"wp-block-heading\"><strong>\u00bfCu\u00e1l es el precio de la m\u00e1quina selladora al vac\u00edo de arroz?<\/strong><\/h2>    <p>El precio de la m\u00e1quina envasadora al vac\u00edo de ladrillos de arroz Shuliy var\u00eda seg\u00fan su capacidad, marca, configuraci\u00f3n, servicio postventa, etc.<\/p>    <p>El precio de una m\u00e1quina de gran producci\u00f3n es superior al de una peque\u00f1a. Los precios tambi\u00e9n pueden aumentar a\u00fan m\u00e1s si existen necesidades especiales de embalaje o personalizaci\u00f3n.<\/p>    <p>\u00bfQuiere precios detallados de las m\u00e1quinas? Cont\u00e1ctenos r\u00e1pidamente y le proporcionaremos un presupuesto detallado.<\/p>    <figure class=\"wp-block-image size-large\"><img loading=\"lazy\" decoding=\"async\" width=\"750\" height=\"500\" src=\"https:\/\/tianhuipackingmachine.com\/wp-content\/uploads\/2021\/12\/the-rice-vacuum-sealer-display-750x500.jpg\" alt=\"la pantalla del sellador al vac\u00edo de arroz\" class=\"wp-image-4625\" srcset=\"https:\/\/tianhuipackingmachine.com\/wp-content\/uploads\/2021\/12\/the-rice-vacuum-sealer-display.jpg 750w, https:\/\/tianhuipackingmachine.com\/wp-content\/uploads\/2021\/12\/the-rice-vacuum-sealer-display-480x320.jpg 480w\" sizes=\"auto, (max-width: 750px) 100vw, 750px\" \/><figcaption class=\"wp-element-caption\">La exhibici\u00f3n del sellador al vac\u00edo de arroz<\/figcaption><\/figure>    <h2 class=\"wp-block-heading\"><strong>\u00a1Pregunte por m\u00e1quinas envasadoras al vac\u00edo ahora!<\/strong><\/h2>    <p>\u00bfQuieres conservar tu comida por m\u00e1s tiempo? Si es as\u00ed, \u00a1cont\u00e1ctanos ahora! \u00a1Le proporcionaremos la mejor cotizaci\u00f3n para sus necesidades!<\/p>","protected":false},"excerpt":{"rendered":"<p>La m\u00e1quina envasadora al vac\u00edo de arroz Shuliy es una envasadora-selladora al vac\u00edo espec\u00edfica para el envasado al vac\u00edo de arroz con formas de ladrillos y pesos de 0,5-20 kg por ladrillo. <\/p>","protected":false},"author":1,"featured_media":3870,"parent":0,"template":"","tags":[218,194],"product-type":[140],"class_list":["post-5685","product","type-product","status-publish","has-post-thumbnail","hentry","tag-rice-vacuum-packing","tag-vacuum-packing-machine","product-type-vacuum-packaging-machines"],"_links":{"self":[{"href":"https:\/\/tianhuipackingmachine.com\/es\/wp-json\/wp\/v2\/product\/5685","targetHints":{"allow":["GET"]}}],"collection":[{"href":"https:\/\/tianhuipackingmachine.com\/es\/wp-json\/wp\/v2\/product"}],"about":[{"href":"https:\/\/tianhuipackingmachine.com\/es\/wp-json\/wp\/v2\/types\/product"}],"author":[{"embeddable":true,"href":"https:\/\/tianhuipackingmachine.com\/es\/wp-json\/wp\/v2\/users\/1"}],"wp:featuredmedia":[{"embeddable":true,"href":"https:\/\/tianhuipackingmachine.com\/es\/wp-json\/wp\/v2\/media\/3870"}],"wp:attachment":[{"href":"https:\/\/tianhuipackingmachine.com\/es\/wp-json\/wp\/v2\/media?parent=5685"}],"wp:term":[{"taxonomy":"post_tag","embeddable":true,"href":"https:\/\/tianhuipackingmachine.com\/es\/wp-json\/wp\/v2\/tags?post=5685"},{"taxonomy":"product-type","embeddable":true,"href":"https:\/\/tianhuipackingmachine.com\/es\/wp-json\/wp\/v2\/product-type?post=5685"}],"curies":[{"name":"wp","href":"https:\/\/api.w.org\/{rel}","templated":true}]}}