{"id":5537,"date":"2022-04-15T09:52:16","date_gmt":"2022-04-15T01:52:16","guid":{"rendered":"http:\/\/tianhuipackingmachine.local\/?post_type=product&#038;p=5537"},"modified":"2022-12-01T15:33:48","modified_gmt":"2022-12-01T07:33:48","slug":"fresh-food-packaging-solution-2","status":"publish","type":"product","link":"https:\/\/tianhuipackingmachine.com\/es\/fresh-food-packaging-solution\/","title":{"rendered":"Soluci\u00f3n de envasado de alimentos frescos"},"content":{"rendered":"<p>HENAN TOP PACKING MACHINERY CO., LTD ofrece diversas soluciones de envasado de alimentos frescos para diferentes productos, como verduras, frutas, carnes, aves, mariscos, etc. Nuestro equipo profesional dise\u00f1ar\u00e1 y fabricar\u00e1 equipos de envasado de alimentos frescos de acuerdo con las propiedades del alimentos frescos espec\u00edficos y otras demandas. Por ejemplo, se refiere al tama\u00f1o de los alimentos, al envasado directo o con caja, al envasado al vac\u00edo o no, etc. Los tipos de embalaje finales incluyen bolsa con sello central posterior, bolsa con fuelle, bolsa vertical, bolsa de vac\u00edo, etc.<\/p>","protected":false},"excerpt":{"rendered":"<p>HENAN TOP PACKING MACHINERY CO., LTD provides various fresh food packaging solutions for different products, such as vegetables, fruits, meat, poultry, seafood, etc. Our professional team will design and manufacture the fresh food packing equipment according to the properties of the specific fresh food and other demands. For instance, it refers to the size of [&hellip;]<\/p>\n","protected":false},"author":1,"featured_media":0,"parent":0,"template":"","tags":[],"product-type":[135],"class_list":["post-5537","product","type-product","status-publish","hentry","product-type-solutions"],"_links":{"self":[{"href":"https:\/\/tianhuipackingmachine.com\/es\/wp-json\/wp\/v2\/product\/5537","targetHints":{"allow":["GET"]}}],"collection":[{"href":"https:\/\/tianhuipackingmachine.com\/es\/wp-json\/wp\/v2\/product"}],"about":[{"href":"https:\/\/tianhuipackingmachine.com\/es\/wp-json\/wp\/v2\/types\/product"}],"author":[{"embeddable":true,"href":"https:\/\/tianhuipackingmachine.com\/es\/wp-json\/wp\/v2\/users\/1"}],"wp:attachment":[{"href":"https:\/\/tianhuipackingmachine.com\/es\/wp-json\/wp\/v2\/media?parent=5537"}],"wp:term":[{"taxonomy":"post_tag","embeddable":true,"href":"https:\/\/tianhuipackingmachine.com\/es\/wp-json\/wp\/v2\/tags?post=5537"},{"taxonomy":"product-type","embeddable":true,"href":"https:\/\/tianhuipackingmachine.com\/es\/wp-json\/wp\/v2\/product-type?post=5537"}],"curies":[{"name":"wp","href":"https:\/\/api.w.org\/{rel}","templated":true}]}}