{"id":5536,"date":"2022-04-15T09:51:58","date_gmt":"2022-04-15T01:51:58","guid":{"rendered":"http:\/\/tianhuipackingmachine.local\/?post_type=product&#038;p=5536"},"modified":"2023-01-12T14:23:28","modified_gmt":"2023-01-12T06:23:28","slug":"food-packaging-solution-2","status":"publish","type":"product","link":"https:\/\/tianhuipackingmachine.com\/es\/food-packaging-solution-2\/","title":{"rendered":"Soluci\u00f3n de envasado de alimentos"},"content":{"rendered":"<p>HENAN TOP PACKING MACHINERY CO., LTD ofrece una amplia gama de soluciones de envasado de alimentos, como pan, panader\u00eda, galletas, chocolate, etc. El m\u00e9todo de pesaje adopta una taza medidora, una pesadora de 2 cabezales, una pesadora de 4 cabezales y una combinaci\u00f3n de cabezales m\u00faltiples. b\u00e1scula o pesaje cuantitativo el\u00e9ctrico. Los tipos de bolsas de embalaje incluyen bolsa con sello central posterior, bolsa con sello de 3 lados, bolsita de 4 lados, bolsas continuas, bolsa con fuelle, bolsa vertical, bolsa con orificio, bolsa de corte plana, bolsa de corte con dientes de sierra, bolsa plana y esquina redondeada. Bolsa, bolsa de llenado de nitr\u00f3geno, etc.<\/p>","protected":false},"excerpt":{"rendered":"<p>HENAN TOP PACKING MACHINERY CO., LTD provides a wide range of food packaging solutions, such as for bread, bakery, biscuit, chocolate, etc. The weighting method adopts measuring cup, 2 head weigher, 4-head weigher, multi-head combination scale, or electric quantitative weighing. The packaging bag types include the back center seal bag, 3-side seal pouch, 4-side sachet, [&hellip;]<\/p>\n","protected":false},"author":1,"featured_media":0,"parent":0,"template":"","tags":[],"product-type":[135],"class_list":["post-5536","product","type-product","status-publish","hentry","product-type-solutions"],"_links":{"self":[{"href":"https:\/\/tianhuipackingmachine.com\/es\/wp-json\/wp\/v2\/product\/5536","targetHints":{"allow":["GET"]}}],"collection":[{"href":"https:\/\/tianhuipackingmachine.com\/es\/wp-json\/wp\/v2\/product"}],"about":[{"href":"https:\/\/tianhuipackingmachine.com\/es\/wp-json\/wp\/v2\/types\/product"}],"author":[{"embeddable":true,"href":"https:\/\/tianhuipackingmachine.com\/es\/wp-json\/wp\/v2\/users\/1"}],"wp:attachment":[{"href":"https:\/\/tianhuipackingmachine.com\/es\/wp-json\/wp\/v2\/media?parent=5536"}],"wp:term":[{"taxonomy":"post_tag","embeddable":true,"href":"https:\/\/tianhuipackingmachine.com\/es\/wp-json\/wp\/v2\/tags?post=5536"},{"taxonomy":"product-type","embeddable":true,"href":"https:\/\/tianhuipackingmachine.com\/es\/wp-json\/wp\/v2\/product-type?post=5536"}],"curies":[{"name":"wp","href":"https:\/\/api.w.org\/{rel}","templated":true}]}}