{"id":5534,"date":"2022-04-15T09:51:10","date_gmt":"2022-04-15T01:51:10","guid":{"rendered":"http:\/\/tianhuipackingmachine.local\/?post_type=product&#038;p=5534"},"modified":"2022-06-21T10:51:05","modified_gmt":"2022-06-21T02:51:05","slug":"powder-packaging-solution-2","status":"publish","type":"product","link":"https:\/\/tianhuipackingmachine.com\/es\/powder-packaging-solution\/","title":{"rendered":"Soluci\u00f3n de envasado en polvo"},"content":{"rendered":"<p>HENAN TOP PACKING MACHINERY CO., LTD ofrece varias soluciones de envasado de polvo para diferentes productos en polvo. Nuestro equipo profesional dise\u00f1ar\u00e1 y fabricar\u00e1 el equipo envasador de polvo de acuerdo con las propiedades del polvo espec\u00edfico y otras demandas. Por ejemplo, se refiere a la finura, la viscosidad, el peso del embalaje, los tipos de bolsas de embalaje, etc. Las bolsas de embalaje final son muchas opcionales, incluidas la bolsa tipo barra, la bolsa con sello central posterior, la bolsa con sello de 3 lados, la bolsita de 4 lados, las bolsas continuas, la bolsa con fuelle, la bolsa de pie, la bolsa con un orificio, la bolsa f\u00e1cil de romper. bolsa de corte plana, bolsa de corte con dientes de sierra, bolsa plana, bolsa de esquina redonda, bolsa tejida, etc.<\/p>","protected":false},"excerpt":{"rendered":"<p>HENAN TOP PACKING MACHINERY CO., LTD provides various powder packing solutions for different powder products. Our professional team will design and manufacture the powder packing equipment according to the properties of the specific powder and other demands. For instance, it refers to the fineness, viscosity, packaging weight, the types of the packaging bag, and so [&hellip;]<\/p>\n","protected":false},"author":1,"featured_media":0,"parent":0,"template":"","tags":[],"product-type":[135],"class_list":["post-5534","product","type-product","status-publish","hentry","product-type-solutions"],"_links":{"self":[{"href":"https:\/\/tianhuipackingmachine.com\/es\/wp-json\/wp\/v2\/product\/5534","targetHints":{"allow":["GET"]}}],"collection":[{"href":"https:\/\/tianhuipackingmachine.com\/es\/wp-json\/wp\/v2\/product"}],"about":[{"href":"https:\/\/tianhuipackingmachine.com\/es\/wp-json\/wp\/v2\/types\/product"}],"author":[{"embeddable":true,"href":"https:\/\/tianhuipackingmachine.com\/es\/wp-json\/wp\/v2\/users\/1"}],"wp:attachment":[{"href":"https:\/\/tianhuipackingmachine.com\/es\/wp-json\/wp\/v2\/media?parent=5534"}],"wp:term":[{"taxonomy":"post_tag","embeddable":true,"href":"https:\/\/tianhuipackingmachine.com\/es\/wp-json\/wp\/v2\/tags?post=5534"},{"taxonomy":"product-type","embeddable":true,"href":"https:\/\/tianhuipackingmachine.com\/es\/wp-json\/wp\/v2\/product-type?post=5534"}],"curies":[{"name":"wp","href":"https:\/\/api.w.org\/{rel}","templated":true}]}}