{"id":5526,"date":"2022-04-14T10:52:52","date_gmt":"2022-04-14T02:52:52","guid":{"rendered":"http:\/\/tianhuipackingmachine.local\/?post_type=product&#038;p=5526"},"modified":"2022-06-21T11:26:49","modified_gmt":"2022-06-21T03:26:49","slug":"granule-food-packaging-solution-3","status":"publish","type":"product","link":"https:\/\/tianhuipackingmachine.com\/es\/granule-food-packaging-solution\/","title":{"rendered":"Soluci\u00f3n de envasado de alimentos granulados"},"content":{"rendered":"<p>HENAN TOP PACKING MACHINERY CO., LTD suministra varias soluciones de envasado de gr\u00e1nulos para diferentes productos granulados. El sistema de pesaje tiene taza medidora, pesadora de 2 cabezales, pesadora de 4 cabezales, b\u00e1scula combinada de cabezales m\u00faltiples y pesaje cuantitativo el\u00e9ctrico opcional. Los tipos de bolsas de embalaje incluyen bolsa tipo barra, bolsa con sello central posterior, bolsa con sello de 3 lados, bolsa con sello de 4 lados, bolsas continuas, bolsa con fuelle, bolsa de pie, bolsa con orificio, bolsa f\u00e1cil de rasgar, bolsa de corte plano y diente de sierra. bolsa de corte, bolsa de esquina redonda, bolsa plana, bolsa de llenado de nitr\u00f3geno, etc.<\/p>","protected":false},"excerpt":{"rendered":"<p>HENAN TOP PACKING MACHINERY CO., LTD supplies various granule packaging solutions for different granule products. The weighing system has the measuring cup, 2 head weigher, 4-head weigher, multi-head combination scale, electric quantitative weighing optional. Packaging bag types include the stick bag, back center seal pouch, 3-side seal sachet, 4-side seal bag, continuous bags, gusset pouch, [&hellip;]<\/p>\n","protected":false},"author":1,"featured_media":0,"parent":0,"template":"","tags":[],"product-type":[135],"class_list":["post-5526","product","type-product","status-publish","hentry","product-type-solutions"],"_links":{"self":[{"href":"https:\/\/tianhuipackingmachine.com\/es\/wp-json\/wp\/v2\/product\/5526","targetHints":{"allow":["GET"]}}],"collection":[{"href":"https:\/\/tianhuipackingmachine.com\/es\/wp-json\/wp\/v2\/product"}],"about":[{"href":"https:\/\/tianhuipackingmachine.com\/es\/wp-json\/wp\/v2\/types\/product"}],"author":[{"embeddable":true,"href":"https:\/\/tianhuipackingmachine.com\/es\/wp-json\/wp\/v2\/users\/1"}],"wp:attachment":[{"href":"https:\/\/tianhuipackingmachine.com\/es\/wp-json\/wp\/v2\/media?parent=5526"}],"wp:term":[{"taxonomy":"post_tag","embeddable":true,"href":"https:\/\/tianhuipackingmachine.com\/es\/wp-json\/wp\/v2\/tags?post=5526"},{"taxonomy":"product-type","embeddable":true,"href":"https:\/\/tianhuipackingmachine.com\/es\/wp-json\/wp\/v2\/product-type?post=5526"}],"curies":[{"name":"wp","href":"https:\/\/api.w.org\/{rel}","templated":true}]}}