{"id":485,"date":"2021-05-13T11:03:45","date_gmt":"2021-05-13T03:03:45","guid":{"rendered":"https:\/\/tianhuipackingmachine.com\/?page_id=485"},"modified":"2022-12-08T10:01:58","modified_gmt":"2022-12-08T02:01:58","slug":"vertical-packaging-machine","status":"publish","type":"product","link":"https:\/\/tianhuipackingmachine.com\/es\/vertical-packaging-machine\/","title":{"rendered":"M\u00e1quina envasadora vertical"},"content":{"rendered":"<p class=\"translation-block\"><strong>La m\u00e1quina de envasado vertical<\/strong> o m\u00e1quina de envasado vertical de llenado y sellado es un nuevo tipo de m\u00e1quina de envasado que se puede utilizar en alimentos, bebidas, medicina, productos qu\u00edmicos y muchas otras industrias. Principalmente incluye m\u00e1quinas de envasado vertical de l\u00edquidos, m\u00e1quinas de envasado vertical de gr\u00e1nulos y m\u00e1quinas de envasado vertical de polvos. Todas son b\u00e1sicamente iguales en la estructura principal. Excepto por la tolva, la primera es adecuada para diferentes tama\u00f1os de materiales de embalaje. Nuestra m\u00e1quina de envasado adopta tecnolog\u00eda avanzada de control de sistemas microcomputacionales y tiene caracter\u00edsticas de apariencia hermosa, alta precisi\u00f3n y alta velocidad. Podemos personalizarla seg\u00fan las diferentes necesidades y recomendar la m\u00e1quina de envasado m\u00e1s adecuada para usted. Adem\u00e1s, la calidad est\u00e1 garantizada y creemos que nunca se arrepentir\u00e1 de invertir en nuestra m\u00e1quina de envasado vertical.<\/p>    <h2 class=\"has-contrast-color has-text-color wp-block-heading\" id=\"h-different-types-of-vertical-packaging-machine-for-sale\">Se venden diferentes tipos de envasadoras verticales. <\/h2>    <p class=\"translation-block\">Tenemos cuatro tipos diferentes de m\u00e1quinas de envasado vertical para que elija, <a href=\"https:\/\/tianhuipackingmachine.com\/es\/powder-packing-machine\/\"><strong>m\u00e1quina de envasado de polvo<\/strong><\/a>, <a href=\"https:\/\/tianhuipackingmachine.com\/es\/empaquetadora-de-granulos\/\"><strong>m\u00e1quina de envasado de gr\u00e1nulos<\/strong><\/a>, <a href=\"https:\/\/tianhuipackingmachine.com\/es\/liquid-packing-machine\/\"><strong>m\u00e1quina de envasado de l\u00edquidos<\/strong><\/a> y m\u00e1quina de envasado de pastas. La mayor\u00eda de sus piezas son las mismas, solo los sistemas de alimentaci\u00f3n son diferentes. Por lo tanto, si desea comprar una m\u00e1quina de envasado vertical, ofrecemos varios tipos de m\u00e1quinas para usted. Pero diferentes m\u00e1quinas de envasado tienen diferentes aplicaciones. Antes de comprar equipos de envasado vertical, necesita decirnos qu\u00e9 material est\u00e1 envasando, la velocidad de envasado, el presupuesto, etc. Para que podamos sugerirle la m\u00e1quina m\u00e1s adecuada para su situaci\u00f3n real. Y apoyamos servicios de personalizaci\u00f3n. Cont\u00e1ctenos hoy para comenzar su negocio exitoso. <\/p>    <div class=\"wp-block-columns is-layout-flex wp-container-core-columns-is-layout-28f84493 wp-block-columns-is-layout-flex\"> <div class=\"wp-block-column is-layout-flow wp-block-column-is-layout-flow\"> <figure class=\"wp-block-image size-large\"><img loading=\"lazy\" decoding=\"async\" width=\"600\" height=\"450\" src=\"https:\/\/tianhuipackingmachine.com\/wp-content\/uploads\/2021\/07\/coffee-granule-packing-machine.jpg\" alt=\"empaquetadora de gr\u00e1nulos de caf\u00e9\" class=\"wp-image-1819\" srcset=\"https:\/\/tianhuipackingmachine.com\/wp-content\/uploads\/2021\/07\/coffee-granule-packing-machine.jpg 600w, https:\/\/tianhuipackingmachine.com\/wp-content\/uploads\/2021\/07\/coffee-granule-packing-machine-300x225.jpg 300w\" sizes=\"auto, (max-width: 600px) 100vw, 600px\" \/><figcaption class=\"wp-element-caption\">M\u00e1quina empacadora de gr\u00e1nulos de caf\u00e9<\/figcaption><\/figure> <\/div>    <div class=\"wp-block-column is-layout-flow wp-block-column-is-layout-flow\"> <p><\/p>    <h3 class=\"has-text-color wp-block-heading\" id=\"h-th-320-granule-packing-machine-parameters\" style=\"color:#ff5200\">Par\u00e1metros de la m\u00e1quina empacadora de gr\u00e1nulos TH-320<\/h3>    <ul class=\"wp-block-list\"> <li>Estilo de bolsa: Sello trasero\/sello de tres lados\/sello de cuatro lados<\/li>    <li>Velocidad de embalaje: 32-72 bolsas\/min o 50-100 bolsas\/min<\/li>    <li>Longitud de la bolsa: 30-180 mm<\/li>    <li>Ancho de la bolsa: 25-145 mm (es necesario reemplazar el anterior)<\/li>    <li>Rango de llenado: 22-220 ml<\/li>    <li>Consumo de energ\u00eda: 1,8 KW<\/li>    <li>Peso: 250 kg<\/li>    <li>Dimensiones: 650*1050*1950mm<\/li>    <li>Tama\u00f1o del cart\u00f3n: 1100*750*1820mm<\/li>    <li>Nota: Servicio personalizado disponible<\/li> <\/ul> <\/div> <\/div>    <div class=\"wp-block-columns is-layout-flex wp-container-core-columns-is-layout-28f84493 wp-block-columns-is-layout-flex\"> <div class=\"wp-block-column is-layout-flow wp-block-column-is-layout-flow\"> <figure class=\"wp-block-image size-large\"><img loading=\"lazy\" decoding=\"async\" width=\"600\" height=\"450\" src=\"https:\/\/tianhuipackingmachine.com\/wp-content\/uploads\/2021\/06\/powder-pouch-packing-machine-2.jpg\" alt=\"proveedor de m\u00e1quinas empacadoras de bolsas de polvo\" class=\"wp-image-1351\" srcset=\"https:\/\/tianhuipackingmachine.com\/wp-content\/uploads\/2021\/06\/powder-pouch-packing-machine-2.jpg 600w, https:\/\/tianhuipackingmachine.com\/wp-content\/uploads\/2021\/06\/powder-pouch-packing-machine-2-300x225.jpg 300w\" sizes=\"auto, (max-width: 600px) 100vw, 600px\" \/><figcaption class=\"wp-element-caption\">M\u00e1quina empacadora de bolsas de polvo<\/figcaption><\/figure> <\/div>    <div class=\"wp-block-column is-layout-flow wp-block-column-is-layout-flow\"> <p><\/p>    <h3 class=\"has-text-color wp-block-heading\" id=\"h-vertical-powder-packing-machine-parameters\" style=\"color:#ff5200\">Par\u00e1metros de la m\u00e1quina envasadora de polvo vertical. <\/h3>    <ul class=\"wp-block-list\"> <li>Estilo de embalaje (estilo bolsa): sello de 3 lados\/sello trasero\/sello de 4 lados<\/li>    <li>Velocidad de embalaje: 20-80 bolsas\/min<\/li>    <li>Consumo de energ\u00eda: 1,8 kw<\/li>    <li>Consumo de energ\u00eda: 1,8 kw<\/li>    <li>Peso: 250 kg<\/li>    <li>Dimensiones: 650*1050*1950mm<\/li>    <li>Peso del embalaje: 0-100g<\/li>    <li>Ancho de la bolsa: 20-150 mm (reemplace la bolsa anterior)<\/li>    <li>Longitud de la bolsa: ajuste de 30-180 mm<\/li>    <li>Nota: servicio personalizado disponible<\/li> <\/ul> <\/div> <\/div>    <div class=\"wp-block-columns is-layout-flex wp-container-core-columns-is-layout-28f84493 wp-block-columns-is-layout-flex\"> <div class=\"wp-block-column is-layout-flow wp-block-column-is-layout-flow\"> <figure class=\"wp-block-image size-large\"><img loading=\"lazy\" decoding=\"async\" width=\"600\" height=\"450\" src=\"https:\/\/tianhuipackingmachine.com\/wp-content\/uploads\/2021\/05\/TH-liquid-packaging-machine.jpg\" alt=\"m\u00e1quina de envasado de l\u00edquidos\" class=\"wp-image-721\" srcset=\"https:\/\/tianhuipackingmachine.com\/wp-content\/uploads\/2021\/05\/TH-liquid-packaging-machine.jpg 600w, https:\/\/tianhuipackingmachine.com\/wp-content\/uploads\/2021\/05\/TH-liquid-packaging-machine-300x225.jpg 300w\" sizes=\"auto, (max-width: 600px) 100vw, 600px\" \/><figcaption class=\"wp-element-caption\">M\u00e1quina envasadora de l\u00edquidos verticales<\/figcaption><\/figure> <\/div>    <div class=\"wp-block-column is-layout-flow wp-block-column-is-layout-flow\"> <p><\/p>    <h3 class=\"has-text-color wp-block-heading\" id=\"h-vertical-liquid-packing-machine-parameters\" style=\"color:#ff5200\">Par\u00e1metros de la m\u00e1quina envasadora de l\u00edquidos verticales. <\/h3>    <ul class=\"wp-block-list\"> <li>Longitud de la bolsa: 80-300 mm (largo)<\/li>    <li>Ancho de la bolsa: 50-200 mm (ancho)<\/li>    <li>Velocidad de embalaje: 5-30 bolsas\/min<\/li>    <li>Rango de medici\u00f3n: 5-1000 ml<\/li>    <li>Consumo de aire: 0,65 mpa<\/li>    <li>Consumo de gas: 0,3 m\u00b3\/min<\/li>    <li>Voltaje: 220V<\/li>    <li>Potencia: 2,2 KW<\/li>    <li>Dimensi\u00f3n: (L)1320mm\u00d7(W)950mm\u00d7(H)1360mm<\/li>    <li>Peso: 540 kg.<\/li>    <li>Nota: personalizado disponible<\/li> <\/ul> <\/div> <\/div>    <div class=\"wp-block-columns is-layout-flex wp-container-core-columns-is-layout-28f84493 wp-block-columns-is-layout-flex\"> <div class=\"wp-block-column is-layout-flow wp-block-column-is-layout-flow\"> <figure class=\"wp-block-image size-large\"><a href=\"https:\/\/tianhuipackingmachine.com\/es\/candy-packaging-machine\/\"><img loading=\"lazy\" decoding=\"async\" width=\"600\" height=\"450\" src=\"https:\/\/tianhuipackingmachine.com\/wp-content\/uploads\/2021\/06\/multi-head-weigher-candy-packaging-machine.jpg\" alt=\"M\u00e1quina envasadora de dulces con pesadora de cabezales m\u00faltiples\" class=\"wp-image-1338\" srcset=\"https:\/\/tianhuipackingmachine.com\/wp-content\/uploads\/2021\/06\/multi-head-weigher-candy-packaging-machine.jpg 600w, https:\/\/tianhuipackingmachine.com\/wp-content\/uploads\/2021\/06\/multi-head-weigher-candy-packaging-machine-300x225.jpg 300w\" sizes=\"auto, (max-width: 600px) 100vw, 600px\" \/><\/a><figcaption class=\"wp-element-caption\">M\u00e1quina envasadora de dulces con pesadora de cabezales m\u00faltiples<\/figcaption><\/figure> <\/div>    <div class=\"wp-block-column is-layout-flow wp-block-column-is-layout-flow\"> <h3 class=\"has-text-color wp-block-heading\" id=\"h-tz-520-multi-head-weigher-packaging-machine-parameters\" style=\"color:#ff5200\">Par\u00e1metros de la m\u00e1quina envasadora pesadora multicabezal TZ-520<\/h3>    <ul class=\"wp-block-list\"> <li>Ancho de la pel\u00edcula: M\u00e1x.520<\/li>    <li>Longitud de la bolsa (mm): 80-350<\/li>    <li>Ancho de la bolsa (mm): 100-250<\/li>    <li>Di\u00e1metro de la pel\u00edcula (mm): m\u00e1x.320<\/li>    <li>Velocidad de embalaje (P\/min): 5-60<\/li>    <li>Rango de medici\u00f3n: 2000<\/li>    <li>Potencia (220v 50\/60HZ): 3KW<\/li>    <li>Dimensi\u00f3n (mm): 1488*1080*1490<\/li>    <li>Nota: Servicio OEM disponible<\/li> <\/ul> <\/div> <\/div>    <h2 class=\"has-contrast-color has-text-color wp-block-heading\" id=\"h-features-of-henan-top-vertical-form-filling-sealing-machine\">Caracter\u00edsticas de la m\u00e1quina llenadora y selladora de formularios verticales Henan Top <\/h2>    <ul class=\"wp-block-list\"> <li>Estructura de alta precisi\u00f3n, f\u00e1cil operaci\u00f3n y mantenimiento;<\/li>    <li>Toda la m\u00e1quina est\u00e1 hecha de acero inoxidable 304, excepto los resortes y cortadores, que no son aptos para fabricar acero inoxidable 304;<\/li>    <li>Puede completar autom\u00e1ticamente la fabricaci\u00f3n de bolsas, medici\u00f3n, corte, sellado, corte, conteo y otras funciones, y puede imprimir n\u00fameros de lote de acuerdo con los requisitos del cliente;<\/li>    <li>Fuerte aplicabilidad y amplias aplicaciones;<\/li>    <li>Al adoptar un controlador de microcomputadora avanzado y un motor paso a paso para controlar la longitud de la bolsa, el rendimiento es estable, el ajuste es conveniente y la detecci\u00f3n es precisa.<\/li> <\/ul>    <h2 class=\"has-contrast-color has-text-color wp-block-heading\" id=\"h-wide-applications-of-vertical-packaging-machine\">Amplias aplicaciones de la m\u00e1quina envasadora vertical. <\/h2>    <p class=\"translation-block\"><strong>La m\u00e1quina de envasado vertical<\/strong> es adecuada para envasar varios materiales, como <strong><a href=\"https:\/\/tianhuipackingmachine.com\/es\/popcorn-packaging-machine\/\">palomitas de ma\u00edz<\/a><\/strong>, semillas, nueces y otras part\u00edculas, o l\u00edquidos y pastas como agua, bebidas, aceite de chile, tambi\u00e9n puede adaptarse a varios materiales de envasado en polvo. Puede satisfacer las diversas necesidades de los usuarios y tiene un amplio rango de aplicaciones.<\/p>    <div class=\"wp-block-columns is-layout-flex wp-container-core-columns-is-layout-28f84493 wp-block-columns-is-layout-flex\"> <div class=\"wp-block-column is-layout-flow wp-block-column-is-layout-flow\"> <figure class=\"wp-block-image size-large\"><img loading=\"lazy\" decoding=\"async\" width=\"600\" height=\"450\" src=\"https:\/\/tianhuipackingmachine.com\/wp-content\/uploads\/2021\/07\/applications-of-powder-packaging-machine.jpg\" alt=\"Aplicaciones de la m\u00e1quina envasadora de polvo.\" class=\"wp-image-1742\" srcset=\"https:\/\/tianhuipackingmachine.com\/wp-content\/uploads\/2021\/07\/applications-of-powder-packaging-machine.jpg 600w, https:\/\/tianhuipackingmachine.com\/wp-content\/uploads\/2021\/07\/applications-of-powder-packaging-machine-300x225.jpg 300w\" sizes=\"auto, (max-width: 600px) 100vw, 600px\" \/><figcaption class=\"wp-element-caption\">Aplicaciones de la m\u00e1quina envasadora de polvo<\/figcaption><\/figure> <\/div>    <div class=\"wp-block-column is-layout-flow wp-block-column-is-layout-flow\"> <figure class=\"wp-block-image size-large\"><img loading=\"lazy\" decoding=\"async\" width=\"600\" height=\"450\" src=\"https:\/\/tianhuipackingmachine.com\/wp-content\/uploads\/2021\/07\/snacks-packing-equipment-applications.jpg\" alt=\"aplicaciones de equipos de embalaje de gr\u00e1nulos\" class=\"wp-image-1712\" srcset=\"https:\/\/tianhuipackingmachine.com\/wp-content\/uploads\/2021\/07\/snacks-packing-equipment-applications.jpg 600w, https:\/\/tianhuipackingmachine.com\/wp-content\/uploads\/2021\/07\/snacks-packing-equipment-applications-300x225.jpg 300w\" sizes=\"auto, (max-width: 600px) 100vw, 600px\" \/><figcaption class=\"wp-element-caption\">Aplicaciones de equipos de embalaje de gr\u00e1nulos<\/figcaption><\/figure> <\/div>    <div class=\"wp-block-column is-layout-flow wp-block-column-is-layout-flow\"> <figure class=\"wp-block-image size-large\"><img loading=\"lazy\" decoding=\"async\" width=\"720\" height=\"484\" src=\"https:\/\/tianhuipackingmachine.com\/wp-content\/uploads\/2021\/05\/liquid-packing-products-display.jpg\" alt=\"exhibici\u00f3n de productos de embalaje de l\u00edquidos\" class=\"wp-image-720\" srcset=\"https:\/\/tianhuipackingmachine.com\/wp-content\/uploads\/2021\/05\/liquid-packing-products-display.jpg 720w, https:\/\/tianhuipackingmachine.com\/wp-content\/uploads\/2021\/05\/liquid-packing-products-display-300x202.jpg 300w, https:\/\/tianhuipackingmachine.com\/wp-content\/uploads\/2021\/05\/liquid-packing-products-display-272x182.jpg 272w\" sizes=\"auto, (max-width: 720px) 100vw, 720px\" \/><figcaption class=\"wp-element-caption\">Exhibici\u00f3n de productos de embalaje de l\u00edquidos<\/figcaption><\/figure> <\/div> <\/div>    <h2 class=\"has-contrast-color has-text-color wp-block-heading\" id=\"h-what-is-the-cost-of-vertical-form-packing-equipment\">\u00bfCu\u00e1l es el costo del equipo de embalaje de forma vertical? <\/h2>    <p>Seg\u00fan la comprensi\u00f3n de las condiciones del mercado, la m\u00e1quina empacadora vertical tiene una variedad de estilos y el precio es muy diferente. Entre ellos, los factores que afectan el precio de la m\u00e1quina envasadora vertical son principalmente dos aspectos: modelo y par\u00e1metros. El costo de la m\u00e1quina envasadora vertical est\u00e1 relacionado principalmente con su estructura interna, incluido el cilindro, la formadora, la cortadora y la estructura del material de acero inoxidable 304, y el tama\u00f1o de la formadora y la cortadora son diferentes, y el costo de fabricaci\u00f3n es diferente.<\/p>    <p class=\"translation-block\"><a href=\"https:\/\/tianhuipackingmachine.com\/es\/about-us\/\"><strong>Henan TOP Machinery<\/strong><\/a> es un fabricante profesional de m\u00e1quinas de envasado. Cuando compra nuestra m\u00e1quina de envasado, no solo se garantiza la calidad del equipo, sino que tambi\u00e9n se garantiza el servicio postventa. Por supuesto, tambi\u00e9n recomendamos la m\u00e1quina de envasado que mejor se adapte a sus requisitos seg\u00fan sus necesidades reales. Para que no tenga preocupaciones, no se preocupe por ning\u00fan problema de calidad.<\/p>    <h2 class=\"has-contrast-color has-text-color wp-block-heading\" id=\"h-vertical-packing-machine-vs-pillow-packing-machine\">M\u00e1quina empacadora vertical versus m\u00e1quina empacadora de almohadas <\/h2>    <p class=\"translation-block\"><strong>La m\u00e1quina de envasado vertical<\/strong> se refiere a una m\u00e1quina de llenado y sellado vertical (m\u00e1quina VFFS), la bobina suele estar en el extremo superior de la m\u00e1quina. La bobina se convierte en una bolsa de envasado con forma a trav\u00e9s del fabricante de bolsas, y luego se lleva a cabo el proceso de llenado, envasado y sellado. Puede usarse para gr\u00e1nulos, polvos, l\u00edquidos y pastas. Tiene un amplio rango y puede ahorrar mucho espacio en la f\u00e1brica.<\/p>    <p class=\"translation-block\"><strong>La m\u00e1quina de envasado tipo almohada<\/strong> se refiere a una m\u00e1quina de llenado y sellado horizontal (m\u00e1quina HFFS), los art\u00edculos envasados se transportan horizontalmente por la cinta transportadora hasta la entrada de la pel\u00edcula (en este momento la pel\u00edcula ya es cil\u00edndrica a trav\u00e9s del fabricante de bolsas, y los art\u00edculos envasados entrar\u00e1n en el material de envasado cil\u00edndrico), y luego se someten a sellado t\u00e9rmico, el proceso de bombeo o aspiraci\u00f3n, corte, etc. completa el envasado. Alimentos como bollos, chocolates, galletas, fideos instant\u00e1neos, etc. son todos envasados por m\u00e1quinas de envasado tipo almohada. En comparaci\u00f3n con el envasado vertical, <a href=\"https:\/\/tianhuipackingmachine.com\/es\/pillow-packing-machine\/\"><strong>el equipo de envasado tipo almohada<\/strong><\/a> se utiliza principalmente para envasar art\u00edculos individuales relativamente elegantes o art\u00edculos integrados como bloques, cintas y bolas.&nbsp;<\/p>    <div class=\"wp-block-columns is-layout-flex wp-container-core-columns-is-layout-28f84493 wp-block-columns-is-layout-flex\"> <div class=\"wp-block-column is-layout-flow wp-block-column-is-layout-flow\"> <figure class=\"wp-block-image size-large\"><img loading=\"lazy\" decoding=\"async\" width=\"600\" height=\"450\" src=\"https:\/\/tianhuipackingmachine.com\/wp-content\/uploads\/2021\/07\/vertical-packing-machines-in-stock.jpg\" alt=\"m\u00e1quinas envasadoras verticales en stock\" class=\"wp-image-1825\" srcset=\"https:\/\/tianhuipackingmachine.com\/wp-content\/uploads\/2021\/07\/vertical-packing-machines-in-stock.jpg 600w, https:\/\/tianhuipackingmachine.com\/wp-content\/uploads\/2021\/07\/vertical-packing-machines-in-stock-300x225.jpg 300w\" sizes=\"auto, (max-width: 600px) 100vw, 600px\" \/><figcaption class=\"wp-element-caption\">M\u00e1quinas empacadoras verticales en stock<\/figcaption><\/figure> <\/div>    <div class=\"wp-block-column is-layout-flow wp-block-column-is-layout-flow\"> <figure class=\"wp-block-image size-large\"><img loading=\"lazy\" decoding=\"async\" width=\"600\" height=\"450\" src=\"https:\/\/tianhuipackingmachine.com\/wp-content\/uploads\/2021\/07\/pillow-packaging-machine-in-stock.jpg\" alt=\"M\u00e1quina envasadora de almohadas en stock.\" class=\"wp-image-1770\" srcset=\"https:\/\/tianhuipackingmachine.com\/wp-content\/uploads\/2021\/07\/pillow-packaging-machine-in-stock.jpg 600w, https:\/\/tianhuipackingmachine.com\/wp-content\/uploads\/2021\/07\/pillow-packaging-machine-in-stock-300x225.jpg 300w\" sizes=\"auto, (max-width: 600px) 100vw, 600px\" \/><figcaption class=\"wp-element-caption\">M\u00e1quina envasadora de almohadas en stock<\/figcaption><\/figure> <\/div> <\/div>    <h2 class=\"has-contrast-color has-text-color wp-block-heading\" id=\"h-how-to-choose-a-reliable-vertical-packing-machine-manufacturer\">\u00bfC\u00f3mo elegir un fabricante confiable de m\u00e1quinas empacadoras verticales? <\/h2>    <p>Presumiblemente, usted tambi\u00e9n est\u00e1 muy preocupado por varios problemas al comprar productos, por lo que elegir un fabricante confiable de m\u00e1quinas envasadoras puede brindarle una gran comodidad. Puede considerar los siguientes puntos al elegir un fabricante confiable:<\/p>    <p>1. En primer lugar, el rendimiento con costes elevados es el primer principio. Al elegir un fabricante de m\u00e1quinas empacadoras, debemos prestar atenci\u00f3n a elegir un fabricante con tecnolog\u00eda de producci\u00f3n madura y calidad estable, para que el empaque pueda ser m\u00e1s r\u00e1pido y estable, a fin de lograr un bajo consumo de energ\u00eda, poco trabajo manual y una baja tasa de desperdicio. ;<\/p>    <p>2. En cuanto al servicio postventa, es necesario elegir \u201cen el c\u00edrculo\u201d para tener una buena reputaci\u00f3n. Servicio postventa oportuno, disponible de guardia para garantizar que el servicio postventa est\u00e9 garantizado;<\/p>    <p>3. Se puede dar prioridad a la m\u00e1quina envasadora en la que conf\u00eda la industria y se debe distinguir si es un fabricante o una empresa comercial;<\/p>    <p>4. Buscando fabricantes profesionales de dise\u00f1os personalizados. Puede personalizar el dise\u00f1o de la l\u00ednea de montaje seg\u00fan las caracter\u00edsticas del producto, los materiales de la pel\u00edcula de embalaje y las condiciones del sitio, y la l\u00ednea de producci\u00f3n es madura y completa.<\/p>    <p class=\"translation-block\">La empresa Henan TOP Machinery es una <a href=\"https:\/\/tianhuipackingmachine.com\/es\/\"><strong>f\u00e1brica profesional de m\u00e1quinas de envasado<\/strong><\/a>. Hemos estado trabajando en la industria de fabricaci\u00f3n de m\u00e1quinas de envasado durante muchos a\u00f1os. Nuestros productos son amados por clientes de todo el mundo. \u00a1Y somos dignos de su confianza!<\/p>    <h2 class=\"has-contrast-color has-text-color wp-block-heading\" id=\"h-tips-to-choose-a-correct-vertical-form-filling-sealing-machine\">Consejos para elegir una m\u00e1quina llenadora y selladora de formularios vertical correcta<\/h2>    <p>Muchos compradores son compradores novatos y no saben c\u00f3mo comprar una m\u00e1quina empacadora vertical, as\u00ed que inf\u00f3rmenos la siguiente informaci\u00f3n importante cuando pregunte sobre el plano de la m\u00e1quina empacadora, para que podamos brindarle soluciones de empaque adecuadas para su negocio. El esquema es para su referencia y elecci\u00f3n:<\/p>    <p>1. \u00bfCu\u00e1les son los materiales que necesitas empacar?<\/p>    <p>2. \u00bfQu\u00e9 tipo de bolsa se necesita? (Bolsa con sello posterior, sello de tres lados, sello de cuatro lados u otra cosa)<\/p>    <p>3. \u00bfNecesitas empacar m\u00e1s de un paquete? \u00bfO cu\u00e1ntos\/paquete?<\/p>    <p>4. \u00bfNecesito imprimir la fecha de producci\u00f3n?<\/p>    <p>5. \u00bfExisten requisitos para el fuselaje? \u00bfSe requieren todos los cuerpos de acero inoxidable? \u00bfO la parte en contacto con el material deber\u00eda estar hecha de un cuerpo de acero inoxidable?<\/p>    <p>6. \u00bfEs alta la precisi\u00f3n de la medici\u00f3n? (Para envasadora autom\u00e1tica)<\/p>    <h2 class=\"has-contrast-color has-text-color wp-block-heading\" id=\"h-contact-us-today-for-the-best-price\">Cont\u00e1ctenos hoy por el mejor precio <\/h2>    <p class=\"translation-block\"><strong>La m\u00e1quina de envasado vertical<\/strong> a la venta por nuestra f\u00e1brica tiene un buen rendimiento y un servicio postventa absolutamente excelente. Adem\u00e1s, tiene costos operativos m\u00e1s bajos y precios de f\u00e1brica, y tambi\u00e9n puede ahorrarle espacio en la planta, as\u00ed como una operaci\u00f3n simple y eficiente, por lo que elegir una m\u00e1quina de envasado vertical de calidad puede beneficiar enormemente su negocio. Adem\u00e1s, tambi\u00e9n proporcionamos otros tipos diferentes de m\u00e1quinas de envasado, como m\u00e1quinas de envasado tipo almohada, <a href=\"https:\/\/tianhuipackingmachine.com\/es\/vacuum-packaging-machine\/\"><strong>m\u00e1quina de envasado al vac\u00edo<\/strong><\/a>, etc. Bienvenido a contactarnos hoy y esperamos tener noticias suyas.<\/p>","protected":false},"excerpt":{"rendered":"<p>Vertical packaging machine&nbsp;or vertical form fill seal machine is a new type of packaging machine that can be used in food, beverage, medicine, chemical, and many other industries.&nbsp;It&nbsp;mainly includes liquid vertical packaging machines, granule&nbsp;vertical packaging machines, and powder vertical packaging machines. They are all basically the same in the main structure. Except for the hopper, [&hellip;]<\/p>\n","protected":false},"author":1,"featured_media":1819,"parent":0,"template":"","tags":[199],"product-type":[145],"class_list":["post-485","product","type-product","status-publish","has-post-thumbnail","hentry","tag-vertical-packing-machine","product-type-other-products"],"_links":{"self":[{"href":"https:\/\/tianhuipackingmachine.com\/es\/wp-json\/wp\/v2\/product\/485","targetHints":{"allow":["GET"]}}],"collection":[{"href":"https:\/\/tianhuipackingmachine.com\/es\/wp-json\/wp\/v2\/product"}],"about":[{"href":"https:\/\/tianhuipackingmachine.com\/es\/wp-json\/wp\/v2\/types\/product"}],"author":[{"embeddable":true,"href":"https:\/\/tianhuipackingmachine.com\/es\/wp-json\/wp\/v2\/users\/1"}],"wp:featuredmedia":[{"embeddable":true,"href":"https:\/\/tianhuipackingmachine.com\/es\/wp-json\/wp\/v2\/media\/1819"}],"wp:attachment":[{"href":"https:\/\/tianhuipackingmachine.com\/es\/wp-json\/wp\/v2\/media?parent=485"}],"wp:term":[{"taxonomy":"post_tag","embeddable":true,"href":"https:\/\/tianhuipackingmachine.com\/es\/wp-json\/wp\/v2\/tags?post=485"},{"taxonomy":"product-type","embeddable":true,"href":"https:\/\/tianhuipackingmachine.com\/es\/wp-json\/wp\/v2\/product-type?post=485"}],"curies":[{"name":"wp","href":"https:\/\/api.w.org\/{rel}","templated":true}]}}