{"id":4793,"date":"2022-01-12T09:55:21","date_gmt":"2022-01-12T01:55:21","guid":{"rendered":"https:\/\/tianhuipackingmachine.com\/?page_id=4793"},"modified":"2023-12-22T15:04:45","modified_gmt":"2023-12-22T07:04:45","slug":"counting-packing-machine","status":"publish","type":"product","link":"https:\/\/tianhuipackingmachine.com\/es\/counting-packing-machine\/","title":{"rendered":"M\u00e1quina envasadora contadora"},"content":{"rendered":"<p class=\"translation-block\"><strong>La m\u00e1quina de envasado por conteo<\/strong> es adecuada para el envasado de un solo tipo o varios tipos de peque\u00f1as piezas mediante la combinaci\u00f3n de diferentes n\u00fameros de alimentadores de taz\u00f3n. Se compone principalmente de un sistema de conteo y un sistema de envasado. El sistema de conteo tiene dos tipos. Uno es un sensor de inducci\u00f3n por rayo infrarrojo, y el otro es un dispositivo personalizado para un cierto n\u00famero por bolsa. El sistema de envasado puede completar autom\u00e1ticamente el proceso de fabricaci\u00f3n de bolsas, llenado, sellado y corte. Tiene las ventajas de alta automatizaci\u00f3n, inteligencia, eficiencia, precisi\u00f3n, entre otras. El alimentador de conteo se personaliza seg\u00fan el tama\u00f1o y n\u00famero de objetos. Si desea mejorar la velocidad de envasado o empaquetar diferentes tipos de materiales en un solo paquete, agregar alimentadores vibratorios es una buena idea.<\/p>    <figure class=\"wp-block-image aligncenter size-large\"><img loading=\"lazy\" decoding=\"async\" width=\"667\" height=\"500\" src=\"https:\/\/tianhuipackingmachine.com\/wp-content\/uploads\/2022\/01\/counting-packaging-machine-667x500.webp\" alt=\"m\u00e1quina envasadora contadora\" class=\"wp-image-6525\" srcset=\"https:\/\/tianhuipackingmachine.com\/wp-content\/uploads\/2022\/01\/counting-packaging-machine-667x500.webp 667w, https:\/\/tianhuipackingmachine.com\/wp-content\/uploads\/2022\/01\/counting-packaging-machine-480x360.webp 480w, https:\/\/tianhuipackingmachine.com\/wp-content\/uploads\/2022\/01\/counting-packaging-machine.webp 720w\" sizes=\"auto, (max-width: 667px) 100vw, 667px\" \/><figcaption class=\"wp-element-caption\">M\u00e1quina de embalaje de conteo<\/figcaption><\/figure>    <h2 class=\"wp-block-heading\" id=\"h-what-are-the-characteristics-of-the-counting-packing-machine\">\u00bfCu\u00e1les son las caracter\u00edsticas de la m\u00e1quina envasadora contadora?<\/h2>    <ol class=\"wp-block-list\"> <li>Estructura simple, f\u00e1cil de instalaci\u00f3n, operaci\u00f3n y mantenimiento.<\/li>    <li>Efecto de embalaje excelente, termosellado firme, suave y limpio.<\/li>    <li>Alta velocidad de producci\u00f3n, calidad, eficiencia y durabilidad.<\/li>    <li>La m\u00e1quina empacadora de clavos utiliza una pantalla de control PLC que es conveniente para configurar varios datos de ejecuci\u00f3n relacionados.<\/li>    <li>Disco de alimentaci\u00f3n de tornillo personalizado de acuerdo con las piezas, llen\u00e1ndolas en la bolsa una por una.<\/li>    <li>Estar equipado con un dispositivo de protecci\u00f3n de seguridad para piezas peligrosas, como una cubierta alrededor del cortador.<\/li>    <li>El dise\u00f1o de alimentaci\u00f3n vibratoria garantiza que los materiales est\u00e9n en orden para contarlos autom\u00e1ticamente<\/li>    <li>Puede combinar un n\u00famero diferente de alimentadores de tornillo seg\u00fan las necesidades del cliente.<\/li>    <li>Ser capaz de combinar con impresora de fecha, m\u00e1quina etiquetadora, transportador de salida y otros dispositivos de soporte.<\/li> <\/ol>    <figure class=\"wp-block-gallery has-nested-images columns-default is-cropped wp-block-gallery-2 is-layout-flex wp-block-gallery-is-layout-flex\"> <figure class=\"wp-block-image size-large\"><img loading=\"lazy\" decoding=\"async\" width=\"667\" height=\"500\" data-id=\"6529\" src=\"https:\/\/tianhuipackingmachine.com\/wp-content\/uploads\/2022\/01\/multiple-feeder-of-counting-packing-machine-667x500.webp\" alt=\"alimentador m\u00faltiple de m\u00e1quina empacadora contadora\" class=\"wp-image-6529\" srcset=\"https:\/\/tianhuipackingmachine.com\/wp-content\/uploads\/2022\/01\/multiple-feeder-of-counting-packing-machine-667x500.webp 667w, https:\/\/tianhuipackingmachine.com\/wp-content\/uploads\/2022\/01\/multiple-feeder-of-counting-packing-machine-480x360.webp 480w, https:\/\/tianhuipackingmachine.com\/wp-content\/uploads\/2022\/01\/multiple-feeder-of-counting-packing-machine.webp 720w\" sizes=\"auto, (max-width: 667px) 100vw, 667px\" \/><figcaption class=\"wp-element-caption\">Alimentador m\u00faltiple de m\u00e1quina empacadora contadora<\/figcaption><\/figure>    <figure class=\"wp-block-image size-large\"><img loading=\"lazy\" decoding=\"async\" width=\"750\" height=\"500\" data-id=\"4811\" src=\"https:\/\/tianhuipackingmachine.com\/wp-content\/uploads\/2022\/01\/screw-bowl-feeders-750x500.jpg\" alt=\"alimentadores de tornillo\" class=\"wp-image-4811\" srcset=\"https:\/\/tianhuipackingmachine.com\/wp-content\/uploads\/2022\/01\/screw-bowl-feeders.jpg 750w, https:\/\/tianhuipackingmachine.com\/wp-content\/uploads\/2022\/01\/screw-bowl-feeders-480x320.jpg 480w\" sizes=\"auto, (max-width: 750px) 100vw, 750px\" \/><figcaption class=\"wp-element-caption\">Alimentadores de tornillo<\/figcaption><\/figure> <\/figure>    <h2 class=\"wp-block-heading\" id=\"h-main-components-of-screw-nail-packing-machine\">Componentes principales de la m\u00e1quina empacadora de clavos y tornillos.<\/h2>    <p class=\"translation-block\">La m\u00e1quina de envasado de tornillos est\u00e1 compuesta por un alimentador vibratorio de tornillo, un sistema de transporte de pel\u00edcula de envasado, un fabricante de bolsas, un panel de control, un dispositivo de sellado, un cortador, ruedas dobles para tirar de la pel\u00edcula, un pal\u00e9, entre otros. Se utiliza un alimentador de vibraci\u00f3n espiral para ordenar los art\u00edculos. Al igual que <strong><a href=\"https:\/\/tianhuipackingmachine.com\/es\/chain-bucket-packing-machine\/\">las m\u00e1quinas de envasado de cadenas de cubo<\/a><\/strong>, puede combinar m\u00faltiples alimentadores de tornillo para envasar diferentes tipos de objetos en un solo paquete. El sistema de transporte de pel\u00edcula de envasado incluye varios rodillos y dispositivos de tracci\u00f3n de pel\u00edcula, lo que es beneficioso para el envasado continuo. La pantalla t\u00e1ctil PLC, el dispositivo de sellado por calor, el bot\u00f3n de emergencia y el interruptor de inicio y parada est\u00e1n en el panel de control. Al igual que otras m\u00e1quinas de envasado, est\u00e1 equipada con dispositivos de sellado horizontal y de sellado y corte en los extremos. Para proteger el producto final, hay un pal\u00e9 en la parte inferior del equipo. Adem\u00e1s, muchos clientes combinar\u00e1n un transportador de salida debajo del pal\u00e9. <\/p>    <h2 class=\"wp-block-heading\" id=\"h-wide-applications-of-counting-and-packaging-equipment\">Amplias aplicaciones de equipos de conteo y envasado.<\/h2>    <p class=\"translation-block\">La m\u00e1quina de envasado por conteo con alimentador de tornillo se aplica a una variedad de industrias no alimentarias y alimentarias. Los art\u00edculos de envasado comunes incluyen kit de sujetadores, tornillo de madera para muebles, tap\u00f3n de pl\u00e1stico, <a href=\"https:\/\/en.wikipedia.org\/wiki\/Bolt_(fastener)\" target=\"_blank\" rel=\"noopener\">tornillo<\/a>, tapa de botella de pl\u00e1stico, junta t\u00f3rica de goma, hardware, baratijas, arandela, clavo, peque\u00f1os accesorios, juguetes, bloques de construcci\u00f3n, bot\u00f3n, medicina, caramelo, tableta de leche, nuez y otros peque\u00f1os art\u00edculos, etc.<\/p>    <figure class=\"wp-block-gallery has-nested-images columns-default is-cropped wp-block-gallery-3 is-layout-flex wp-block-gallery-is-layout-flex\"> <figure class=\"wp-block-image size-large\"><img loading=\"lazy\" decoding=\"async\" width=\"750\" height=\"500\" data-id=\"4808\" src=\"https:\/\/tianhuipackingmachine.com\/wp-content\/uploads\/2022\/01\/widely-applicable-raw-material-750x500.jpg\" alt=\"materia prima ampliamente aplicable\" class=\"wp-image-4808\" srcset=\"https:\/\/tianhuipackingmachine.com\/wp-content\/uploads\/2022\/01\/widely-applicable-raw-material.jpg 750w, https:\/\/tianhuipackingmachine.com\/wp-content\/uploads\/2022\/01\/widely-applicable-raw-material-480x320.jpg 480w\" sizes=\"auto, (max-width: 750px) 100vw, 750px\" \/><figcaption class=\"wp-element-caption\">Materia prima ampliamente aplicable<\/figcaption><\/figure>    <figure class=\"wp-block-image size-large\"><img loading=\"lazy\" decoding=\"async\" width=\"750\" height=\"500\" data-id=\"4807\" src=\"https:\/\/tianhuipackingmachine.com\/wp-content\/uploads\/2022\/01\/fastener-parts-packaging-effect-750x500.jpg\" alt=\"efecto de embalaje de piezas de sujetadores\" class=\"wp-image-4807\" srcset=\"https:\/\/tianhuipackingmachine.com\/wp-content\/uploads\/2022\/01\/fastener-parts-packaging-effect.jpg 750w, https:\/\/tianhuipackingmachine.com\/wp-content\/uploads\/2022\/01\/fastener-parts-packaging-effect-480x320.jpg 480w\" sizes=\"auto, (max-width: 750px) 100vw, 750px\" \/><figcaption class=\"wp-element-caption\">Efecto de embalaje de piezas de sujetadores<\/figcaption><\/figure> <\/figure>    <h2 class=\"wp-block-heading\" id=\"h-how-does-the-hardware-counting-packing-machine-work\">\u00bfC\u00f3mo funciona la m\u00e1quina envasadora contadora de hardware?<\/h2>    <ol class=\"wp-block-list\"> <li>Instale cada parte de la m\u00e1quina envasadora de conteo autom\u00e1tico y con\u00e9ctela a la corriente.<\/li>    <li>Aseg\u00farese de que se haya instalado la pel\u00edcula de embalaje y coloque los objetos de embalaje en el alimentador vibratorio.<\/li>    <li>Configure los par\u00e1metros de embalaje en el panel de control, como el uso del idioma, la longitud de la bolsa, la temperatura de sellado, etc.<\/li>    <li>Al iniciar el equipo, autom\u00e1ticamente terminar\u00e1 de transportar los art\u00edculos de embalaje a la salida, dar\u00e1 forma a la bolsa de embalaje, colocar\u00e1 los art\u00edculos en bolsas, sellar\u00e1 y cortar\u00e1.<\/li>    <li>La pantalla t\u00e1ctil mostrar\u00e1 el n\u00famero de productos terminados.<\/li>    <li>Apague la m\u00e1quina empacadora si termina de trabajar.<\/li>    <li>Mant\u00e9ngalo en un per\u00edodo regular.<\/li> <\/ol>    <h2 class=\"wp-block-heading\" id=\"h-automatic-counting-packaging-equipment-working-video\">V\u00eddeo de funcionamiento del equipo de embalaje con conteo autom\u00e1tico. <\/h2>   <figure class=\"wp-block-embed-youtube wp-block-embed is-type-video is-provider-youtube wp-embed-aspect-16-9 wp-has-aspect-ratio\"><div class=\"lyte-wrapper\" title=\"M\u00e1quina autom\u00e1tica de conteo y embalaje | Piezas peque\u00f1as, art\u00edculos para el o\u00eddo, tornillos, tabletas de leche, componentes\" style=\"width:853px;max-width:100%;margin:5px auto;\"><div class=\"lyMe\" id=\"WYL_KaRf02S05d4\" itemprop=\"video\" itemscope itemtype=\"https:\/\/schema.org\/VideoObject\"><div><meta itemprop=\"thumbnailUrl\" content=\"https:\/\/i.ytimg.com\/vi\/KaRf02S05d4\/hqdefault.jpg\" \/><meta itemprop=\"embedURL\" content=\"https:\/\/www.youtube.com\/embed\/KaRf02S05d4\" \/><meta itemprop=\"duration\" content=\"PT3M27S\" \/><meta itemprop=\"uploadDate\" content=\"2022-01-07T05:57:22Z\" \/><\/div><div id=\"lyte_KaRf02S05d4\" data-src=\"https:\/\/i.ytimg.com\/vi\/KaRf02S05d4\/hqdefault.jpg\" class=\"pL\"><div class=\"tC\"><div class=\"tT\" itemprop=\"name\">M\u00e1quina autom\u00e1tica de conteo y embalaje | Piezas peque\u00f1as, art\u00edculos para el o\u00eddo, tornillos, tabletas de leche, componentes<\/div><\/div><div class=\"play\"><\/div><div class=\"ctrl\"><div class=\"Lctrl\"><\/div><div class=\"Rctrl\"><\/div><\/div><\/div><noscript><a href=\"https:\/\/youtu.be\/KaRf02S05d4\" rel=\"nofollow noopener\" target=\"_blank\"><img loading=\"lazy\" decoding=\"async\" src=\"https:\/\/i.ytimg.com\/vi\/KaRf02S05d4\/0.jpg\" alt=\"M\u00e1quina autom\u00e1tica de conteo y embalaje | Piezas peque\u00f1as, art\u00edculos para el o\u00eddo, tornillos, tabletas de leche, componentes\" width=\"853\" height=\"460\" \/><\/a><\/noscript><meta itemprop=\"description\" content=\"If you are interested in it, welcome to contact us. Website: https:\/\/tianhuipackingmachine.com\/counting-packing-machine\/ Whatsapp\/Tel: +86 17329326135 Email: sales@toppackingmachine.com The automatic counting and packing machine is composed of vibratory feeders counting system and bag packaging system. It applies to small parts, hardware, screw, milk tablet, components, and other granular materials. The number of vibratory feeders depends on the packaging objects and actual requirements for packing speed. Each vibrating tray is customized in accordance with the size of the packaging things. TH-320 granule packing machine: https:\/\/youtu.be\/WL8gU11AWqI Electric vertical packing machine: https:\/\/youtu.be\/7TSMlFBWPOY Four-head weigher packing machine: https:\/\/youtu.be\/m3XHQ9LlhgY Email: sales@toppackingmachine.com Whatsapp\/Tel: +86 17329326135\"><\/div><\/div><div class=\"lL\" style=\"max-width:100%;width:853px;margin:5px auto;\"> <a href=\"https:\/\/youtu.be\/KaRf02S05d4\" target=\"_blank\" rel=\"noopener\">Ver este v\u00eddeo en YouTube<\/a>.<\/div><figcaption><\/figcaption><\/figure>   <h2 class=\"wp-block-heading\" id=\"h-technical-data-of-automatic-counting-packaging-machine\">Datos t\u00e9cnicos de la m\u00e1quina envasadora de conteo autom\u00e1tico.<\/h2>    <figure class=\"wp-block-table is-style-stripes\"><table><tbody><tr><td>Modelo<\/td><td>TH-320<\/td><\/tr><tr><td>Fuerza<\/td><td>220 V, 50\/60 Hz, 2 KW<\/td><\/tr><tr><td>Velocidad de embalaje<\/td><td>30-60 bolsas\/minuto<\/td><\/tr><tr><td>Longitud del saco<\/td><td>50-180 mm<\/td><\/tr><tr><td>Ancho de la bolsa<\/td><td>40-150 mm<\/td><\/tr><tr><td>Ancho m\u00e1ximo de la pel\u00edcula de embalaje.<\/td><td>320 mm<\/td><\/tr><tr><td>Peso<\/td><td>300 kilos<\/td><\/tr><tr><td>Dimensi\u00f3n<\/td><td>1200*1000*1600mm<\/td><\/tr><\/tbody><\/table><\/figure>    <p>El par\u00e1metro es s\u00f3lo una referencia para la m\u00e1quina envasadora contadora est\u00e1ndar TH-320. El equipamiento final depende de los requisitos del cliente. Y su alimentador de tornillo generalmente se personaliza de acuerdo con el tama\u00f1o del embalaje y el n\u00famero por bolsa. <\/p>","protected":false},"excerpt":{"rendered":"<p>Counting packing machine&nbsp;is suitable for single kind or several kinds of small parts packaging by matching different numbers of bowl feeders. It mainly consists of a counting system and a packaging system. The counting system has two types. One is an infrared ray induction sensor, and the other one is a customized device for a [&hellip;]<\/p>\n","protected":false},"author":1,"featured_media":6525,"parent":0,"template":"","tags":[164],"product-type":[136],"class_list":["post-4793","product","type-product","status-publish","has-post-thumbnail","hentry","tag-packing-machine","product-type-granule-packing-machines"],"_links":{"self":[{"href":"https:\/\/tianhuipackingmachine.com\/es\/wp-json\/wp\/v2\/product\/4793","targetHints":{"allow":["GET"]}}],"collection":[{"href":"https:\/\/tianhuipackingmachine.com\/es\/wp-json\/wp\/v2\/product"}],"about":[{"href":"https:\/\/tianhuipackingmachine.com\/es\/wp-json\/wp\/v2\/types\/product"}],"author":[{"embeddable":true,"href":"https:\/\/tianhuipackingmachine.com\/es\/wp-json\/wp\/v2\/users\/1"}],"wp:featuredmedia":[{"embeddable":true,"href":"https:\/\/tianhuipackingmachine.com\/es\/wp-json\/wp\/v2\/media\/6525"}],"wp:attachment":[{"href":"https:\/\/tianhuipackingmachine.com\/es\/wp-json\/wp\/v2\/media?parent=4793"}],"wp:term":[{"taxonomy":"post_tag","embeddable":true,"href":"https:\/\/tianhuipackingmachine.com\/es\/wp-json\/wp\/v2\/tags?post=4793"},{"taxonomy":"product-type","embeddable":true,"href":"https:\/\/tianhuipackingmachine.com\/es\/wp-json\/wp\/v2\/product-type?post=4793"}],"curies":[{"name":"wp","href":"https:\/\/api.w.org\/{rel}","templated":true}]}}