{"id":3035,"date":"2021-10-29T17:39:09","date_gmt":"2021-10-29T09:39:09","guid":{"rendered":"https:\/\/tianhuipackingmachine.com\/?page_id=3035"},"modified":"2023-03-17T16:23:44","modified_gmt":"2023-03-17T08:23:44","slug":"food-grinding-machine","status":"publish","type":"product","link":"https:\/\/tianhuipackingmachine.com\/es\/food-grinding-machine\/","title":{"rendered":"M\u00e1quina trituradora de alimentos"},"content":{"rendered":"<p class=\"translation-block\">La <strong>m\u00e1quina trituradora de alimentos<\/strong> es un molinillo utilizado para diversos alimentos secos, como cereales, arroz, soja, az\u00facar, chile, especias, pimienta negra, hierbas, cacahuetes, etc. El transporte por presi\u00f3n negativa hace que el calor generado en la cavidad de la m\u00e1quina se descargue continuamente durante el proceso de molienda, por lo que tambi\u00e9n es adecuada para la molienda de materiales sensibles al calor. Localmente, utilizando la operaci\u00f3n a alta velocidad entre el disco dentado m\u00f3vil y la rueda dentada fija, el material se somete a impactos del disco dentado, fricci\u00f3n y colisi\u00f3n de materiales entre s\u00ed para obtener el polvo.<\/p>    <h2 class=\"wp-block-heading\" id=\"h-types-of-food-grinding-machine\">Tipos de trituradoras de alimentos a la venta<\/h2>    <p class=\"translation-block\">La m\u00e1quina trituradora de alimentos secos a la venta en <strong><a href=\"https:\/\/tianhuipackingmachine.com\/es\/\">Henan Top Packing Machinery<\/a><\/strong> incluye tipo cuchilla, tipo martillo cruzado, tipo turbina, tipo rueda dentada y tamiz. Para los tipos de tamiz, hay disponibles mallas de 40, 60, 80, 100 y 120. La malla se refiere al n\u00famero de agujeros por pulgada. Cuanto mayor sea el n\u00famero de malla por pulgada, m\u00e1s agujeros habr\u00e1 y menor ser\u00e1 el tama\u00f1o de part\u00edcula que pasar\u00e1. Por lo tanto, puede elegir el tipo de tamiz con m\u00e1s malla si desea obtener un polvo m\u00e1s fino.<\/p>    <figure class=\"wp-block-image aligncenter size-full\"><img loading=\"lazy\" decoding=\"async\" width=\"750\" height=\"500\" src=\"https:\/\/tianhuipackingmachine.com\/wp-content\/uploads\/2021\/10\/grinding-machine-for-food.jpg\" alt=\"maquina trituradora para alimentos\" class=\"wp-image-3036\" srcset=\"https:\/\/tianhuipackingmachine.com\/wp-content\/uploads\/2021\/10\/grinding-machine-for-food.jpg 750w, https:\/\/tianhuipackingmachine.com\/wp-content\/uploads\/2021\/10\/grinding-machine-for-food-300x200.jpg 300w\" sizes=\"auto, (max-width: 750px) 100vw, 750px\" \/><figcaption class=\"wp-element-caption\">M\u00e1quina trituradora para alimentos<\/figcaption><\/figure>    <h2 class=\"wp-block-heading\" id=\"h-food-grinding-machine-working-video\">V\u00eddeo de funcionamiento de la m\u00e1quina trituradora de alimentos. <\/h2>   <figure class=\"wp-block-embed-youtube wp-block-embed is-type-video is-provider-youtube wp-embed-aspect-16-9 wp-has-aspect-ratio\"><div class=\"lyte-wrapper\" title=\"M\u00e1quina trituradora de alimentos secos | \u00bfC\u00f3mo funciona un molinillo de alimentos? | M\u00e1quina trituradora de alimentos a la venta\" style=\"width:853px;max-width:100%;margin:5px auto;\"><div class=\"lyMe\" id=\"WYL_6Wacp-y2C6A\" itemprop=\"video\" itemscope itemtype=\"https:\/\/schema.org\/VideoObject\"><div><meta itemprop=\"thumbnailUrl\" content=\"https:\/\/i.ytimg.com\/vi\/6Wacp-y2C6A\/hqdefault.jpg\" \/><meta itemprop=\"embedURL\" content=\"https:\/\/www.youtube.com\/embed\/6Wacp-y2C6A\" \/><meta itemprop=\"duration\" content=\"PT3M8S\" \/><meta itemprop=\"uploadDate\" content=\"2021-11-01T05:59:07Z\" \/><\/div><div id=\"lyte_6Wacp-y2C6A\" data-src=\"https:\/\/i.ytimg.com\/vi\/6Wacp-y2C6A\/hqdefault.jpg\" class=\"pL\"><div class=\"tC\"><div class=\"tT\" itemprop=\"name\">M\u00e1quina trituradora de alimentos secos | \u00bfC\u00f3mo funciona un molinillo de alimentos? | M\u00e1quina trituradora de alimentos a la venta<\/div><\/div><div class=\"play\"><\/div><div class=\"ctrl\"><div class=\"Lctrl\"><\/div><div class=\"Rctrl\"><\/div><\/div><\/div><noscript><a href=\"https:\/\/youtu.be\/6Wacp-y2C6A\" rel=\"nofollow noopener\" target=\"_blank\"><img loading=\"lazy\" decoding=\"async\" src=\"https:\/\/i.ytimg.com\/vi\/6Wacp-y2C6A\/0.jpg\" alt=\"M\u00e1quina trituradora de alimentos secos | \u00bfC\u00f3mo funciona un molinillo de alimentos? | M\u00e1quina trituradora de alimentos a la venta\" width=\"853\" height=\"460\" \/><\/a><\/noscript><meta itemprop=\"description\" content=\"More information here: https:\/\/tianhuipackingmachine.com\/food-grinding-machine\/ sales@toppackingmachine.com Whatsapp\/Tel: +86 17329326135 Dry food grinding machine is suitable for various dry food milling, such as grains, sugar, ginger, chilli, black pepper, bean, rice, seasoning, etc. It has the features of compact structure, reasonable design, simple operation, wide applications, and efficient working. The machine is made of stainless steel, durable and convenient to clean and maintain.\"><\/div><\/div><div class=\"lL\" style=\"max-width:100%;width:853px;margin:5px auto;\"> <a href=\"https:\/\/youtu.be\/6Wacp-y2C6A\" target=\"_blank\" rel=\"noopener\">Ver este v\u00eddeo en YouTube<\/a>.<\/div><figcaption><\/figcaption><\/figure>   <h2 class=\"has-text-color wp-block-heading\" id=\"h-parameters-of-food-grinding-machine\" style=\"color:#ff5200\">Par\u00e1metros de la m\u00e1quina trituradora de alimentos.<\/h2>    <figure class=\"wp-block-table is-style-stripes\"><table><tbody><tr><td>modelo<\/td><td>TZ-18<\/td><td>TZ-20<\/td><td>TZ-30<\/td><td>TZ-40<\/td><td>TZ-60<\/td><\/tr><tr><td>Finura de procesamiento<\/td><td>malla 5-120<\/td><td>malla 5-120<\/td><td>malla 5-120<\/td><td>malla 5-120<\/td><td>malla 5-120<\/td><\/tr><tr><td>Capacidad<\/td><td>5-60kg\/hora<\/td><td>6-150kg\/hora<\/td><td>100-200kg\/hora<\/td><td>160-800kg\/hora<\/td><td>500-1500kg\/hora<\/td><\/tr><tr><td>Fuerza<\/td><td>2,2 kw\/h<\/td><td>4 kw\/h<\/td><td>5,5 kw\/h<\/td><td>7,5 kw\/h<\/td><td>15 kw\/h<\/td><\/tr><tr><td>Tama\u00f1o<\/td><td>550*600*1000mm<\/td><td>550*600*1250mm<\/td><td>600*700*1450mm<\/td><td>800*900*1550mm<\/td><td>1000*900*1680mm<\/td><\/tr><\/tbody><\/table><\/figure>    <h2 class=\"wp-block-heading\" id=\"h-features-of-food-grinder\">Caracter\u00edsticas de la m\u00e1quina trituradora de alimentos.<\/h2>    <ol class=\"wp-block-list\" type=\"1\"> <li>Dise\u00f1o razonable, estructura compacta, funcionamiento sencillo.<\/li>    <li>Ejecute de manera estable, trabajando de manera eficiente, rectificando a alta velocidad.<\/li>    <li>Estar hecho de acero inoxidable, duradero, conveniente para la limpieza y el mantenimiento.<\/li>    <li>Adecuado para una variedad de materiales, como arroz, soja, az\u00facar, chile, cereales, condimentos, etc.<\/li>    <li>Muchos tipos de molinillo de alimentos son opcionales.<\/li> <\/ol>    <h2 class=\"wp-block-heading\" id=\"h-applications-of-grinding-miller\">Aplicaciones del molino<\/h2>    <p>La m\u00e1quina trituradora de alimentos comercial se utiliza principalmente en todo tipo de cereales, condimentos, hierbas medicinales chinas con ra\u00edces, ramas, material en bloques y otros materiales secos, duros o quebradizos con bajo contenido de aceite. Los materiales aplicables incluyen frijol, trigo, arroz, mijo, cebada, arroz negro, trigo sarraceno, sorgo, grano de ma\u00edz, pimienta negra, chile, grano de cacao, jengibre, semillas de hinojo, etc. Adem\u00e1s, tambi\u00e9n se puede aplicar en las industrias de materiales qu\u00edmicos, farmac\u00e9utica y pesticidas.<\/p>    <div class=\"wp-block-columns is-layout-flex wp-container-core-columns-is-layout-28f84493 wp-block-columns-is-layout-flex\"> <div class=\"wp-block-column is-layout-flow wp-block-column-is-layout-flow\"> <figure class=\"wp-block-image size-full\"><img loading=\"lazy\" decoding=\"async\" width=\"750\" height=\"500\" src=\"https:\/\/tianhuipackingmachine.com\/wp-content\/uploads\/2021\/10\/applications-of-food-grinder.jpg\" alt=\"aplicaciones de molinillo de alimentos\" class=\"wp-image-3039\" srcset=\"https:\/\/tianhuipackingmachine.com\/wp-content\/uploads\/2021\/10\/applications-of-food-grinder.jpg 750w, https:\/\/tianhuipackingmachine.com\/wp-content\/uploads\/2021\/10\/applications-of-food-grinder-300x200.jpg 300w\" sizes=\"auto, (max-width: 750px) 100vw, 750px\" \/><figcaption class=\"wp-element-caption\">Aplicaciones de la picadora de alimentos<\/figcaption><\/figure> <\/div>    <div class=\"wp-block-column is-layout-flow wp-block-column-is-layout-flow\"> <figure class=\"wp-block-image size-full\"><img loading=\"lazy\" decoding=\"async\" width=\"750\" height=\"500\" src=\"https:\/\/tianhuipackingmachine.com\/wp-content\/uploads\/2021\/10\/food-grinder-applications.jpg\" alt=\"aplicaciones de picadora de alimentos\" class=\"wp-image-3040\" srcset=\"https:\/\/tianhuipackingmachine.com\/wp-content\/uploads\/2021\/10\/food-grinder-applications.jpg 750w, https:\/\/tianhuipackingmachine.com\/wp-content\/uploads\/2021\/10\/food-grinder-applications-300x200.jpg 300w\" sizes=\"auto, (max-width: 750px) 100vw, 750px\" \/><figcaption class=\"wp-element-caption\">Aplicaciones del molinillo de alimentos<\/figcaption><\/figure> <\/div> <\/div>    <h2 class=\"wp-block-heading\" id=\"h-structure-of-food-grinder\">Estructura del equipo triturador de alimentos.<\/h2>    <p>La m\u00e1quina trituradora de alimentos consta de entrada, dispositivo de ajuste de velocidad, tornillo de bloqueo, cavidad de trituraci\u00f3n, bot\u00f3n de interruptor y salida. Antes de utilizar la m\u00e1quina, es necesario asegurarse de que la cavidad de trituraci\u00f3n est\u00e9 cerrada y el tornillo bloqueado. El proceso de trabajo principal es colocar el material en el molino por la entrada, luego el material fluir\u00e1 hacia la cavidad de trituraci\u00f3n para molerlo hasta convertirlo en polvo y finalmente obtener el polvo correspondiente de la salida. Ser\u00e1 mejor que prepare una bolsa limpia para fijarla en la salida, que no s\u00f3lo puede recoger el polvo f\u00e1cilmente, sino que tambi\u00e9n mantiene mejor el lugar de trabajo limpio.<\/p>    <figure class=\"wp-block-image aligncenter size-full\"><img loading=\"lazy\" decoding=\"async\" width=\"750\" height=\"500\" src=\"https:\/\/tianhuipackingmachine.com\/wp-content\/uploads\/2021\/11\/structure-of-grinding-miller.jpg\" alt=\"estructura del molino\" class=\"wp-image-3050\" srcset=\"https:\/\/tianhuipackingmachine.com\/wp-content\/uploads\/2021\/11\/structure-of-grinding-miller.jpg 750w, https:\/\/tianhuipackingmachine.com\/wp-content\/uploads\/2021\/11\/structure-of-grinding-miller-300x200.jpg 300w\" sizes=\"auto, (max-width: 750px) 100vw, 750px\" \/><figcaption class=\"wp-element-caption\">Estructura del molino de molienda<\/figcaption><\/figure>    <h2 class=\"wp-block-heading\" id=\"h-related-machines\">M\u00e1quinas relacionadas<\/h2>    <p class=\"translation-block\">El equipo de molienda de alimentos no solo se puede usar solo, sino que tambi\u00e9n se puede combinar con una mezcladora (mezcladora de tambor, mezcladora horizontal opcional) y una <strong><a href=\"https:\/\/tianhuipackingmachine.com\/es\/powder-packing-machine\/\">m\u00e1quina envasadora de polvo<\/a><\/strong> para componer una l\u00ednea de producci\u00f3n completamente autom\u00e1tica. La l\u00ednea puede completar el proceso de molienda, mezcla, envasado, sellado y conteo. Si est\u00e1 interesado, puede ponerse en contacto con nosotros pronto para obtener m\u00e1s detalles y el mejor precio.<\/p>","protected":false},"excerpt":{"rendered":"<p>Food grinding machine&nbsp;is a grinder&nbsp;used for various dry food, like grains, rice, soybean, sugar, chili, spice, black pepper, herbs, peanut, etc. Negative pressure conveying causes the heat generated in the machine cavity to be continuously discharged during the grinding process, so it is also suitable for the milling of heat-sensitive materials. Local using the relatively [&hellip;]<\/p>\n","protected":false},"author":1,"featured_media":3036,"parent":0,"template":"","tags":[203],"product-type":[144],"class_list":["post-3035","product","type-product","status-publish","has-post-thumbnail","hentry","tag-food-grinding-machine","product-type-supporting-equipment"],"_links":{"self":[{"href":"https:\/\/tianhuipackingmachine.com\/es\/wp-json\/wp\/v2\/product\/3035","targetHints":{"allow":["GET"]}}],"collection":[{"href":"https:\/\/tianhuipackingmachine.com\/es\/wp-json\/wp\/v2\/product"}],"about":[{"href":"https:\/\/tianhuipackingmachine.com\/es\/wp-json\/wp\/v2\/types\/product"}],"author":[{"embeddable":true,"href":"https:\/\/tianhuipackingmachine.com\/es\/wp-json\/wp\/v2\/users\/1"}],"wp:featuredmedia":[{"embeddable":true,"href":"https:\/\/tianhuipackingmachine.com\/es\/wp-json\/wp\/v2\/media\/3036"}],"wp:attachment":[{"href":"https:\/\/tianhuipackingmachine.com\/es\/wp-json\/wp\/v2\/media?parent=3035"}],"wp:term":[{"taxonomy":"post_tag","embeddable":true,"href":"https:\/\/tianhuipackingmachine.com\/es\/wp-json\/wp\/v2\/tags?post=3035"},{"taxonomy":"product-type","embeddable":true,"href":"https:\/\/tianhuipackingmachine.com\/es\/wp-json\/wp\/v2\/product-type?post=3035"}],"curies":[{"name":"wp","href":"https:\/\/api.w.org\/{rel}","templated":true}]}}