{"id":2876,"date":"2021-10-11T14:28:12","date_gmt":"2021-10-11T06:28:12","guid":{"rendered":"https:\/\/tianhuipackingmachine.com\/?page_id=2876"},"modified":"2024-03-08T15:03:08","modified_gmt":"2024-03-08T07:03:08","slug":"multi-head-filling-machine","status":"publish","type":"product","link":"https:\/\/tianhuipackingmachine.com\/es\/multi-head-filling-machine\/","title":{"rendered":"M\u00e1quina llenadora de cabezales m\u00faltiples"},"content":{"rendered":"<p class=\"translation-block\"><strong>M\u00e1quina rellenadora multianillo<\/strong> est\u00e1 equipada con varios pesadores o salidas para rellenar materiales. Es una especie de m\u00e1quina de llenado cuantitativo. La m\u00e1quina puede rellenar materiales en bolsas, botellas, latas, etc. Existen una variedad de m\u00e1quinas de llenado multicanal para polvo, gr\u00e1nulos, l\u00edquido o pasta. Adem\u00e1s, el equipo de llenado multicanal puede acoplarse a un sistema de envasado correspondiente para convertirse en m\u00e1quinas de envasado. Las m\u00e1quinas de envasado de bolsas multicanal incluyen la m\u00e1quina de bolsas neum\u00e1tica multicanal y la m\u00e1quina de envasado multifuncional multicanal. La versi\u00f3n neum\u00e1tica es impulsada por fuerza neum\u00e1tica, funcionando de forma estable. Adem\u00e1s, hay servicios de personalizaci\u00f3n disponibles seg\u00fan sus requisitos reales.<\/p>    <h2 class=\"wp-block-heading\" id=\"h-multi-head-filling-machine-for-sale\">M\u00e1quina llenadora multicabezal a la venta<\/h2>    <h3 class=\"wp-block-heading\" id=\"h-pneumatic-electronic-scale-filling-machine\">M\u00e1quina llenadora de b\u00e1scula electr\u00f3nica neum\u00e1tica<\/h3>    <p>Las m\u00e1quinas llenadoras neum\u00e1ticas con b\u00e1scula electr\u00f3nica son opcionales de doble cabezal, tres cabezales, cuatro y cinco cabezales. Se pueden colocar diferentes tipos de materiales en diferentes tolvas con b\u00e1sculas para pesar diferentes gramos por separado, y estos materiales se pueden colocar en la misma bolsa, botella o lata. Para el mismo producto, las salidas de llenado de cabezales m\u00faltiples se pueden configurar para que se turnen para mejorar la eficiencia de la producci\u00f3n. Es adecuado para diversas part\u00edculas y polvos, como leche en polvo, caf\u00e9 en polvo, harina, cereales, t\u00e9 perfumado, granos de caf\u00e9, arroz, mijo, palomitas de ma\u00edz, snacks, nueces, semillas, alimentos inflados, bayas de goji, cereales, frutos secos y casta\u00f1as. , comida para perros, baratijas, accesorios de hardware, etc. Adem\u00e1s, la m\u00e1quina pesadora y llenadora puede equiparse con un sistema de envasado, que completa el pesaje, la fabricaci\u00f3n de bolsas, el llenado, el sellado y el corte. El sello trasero y el sello lateral son opcionales.<\/p>    <div class=\"wp-block-image\"><figure class=\"aligncenter size-full\"><img loading=\"lazy\" decoding=\"async\" width=\"750\" height=\"500\" src=\"https:\/\/tianhuipackingmachine.com\/wp-content\/uploads\/2021\/10\/pneumatic-multi-head-weigher-filler.jpg\" alt=\"Llenadora pesadora neum\u00e1tica de cabezales m\u00faltiples\" class=\"wp-image-2879\" srcset=\"https:\/\/tianhuipackingmachine.com\/wp-content\/uploads\/2021\/10\/pneumatic-multi-head-weigher-filler.jpg 750w, https:\/\/tianhuipackingmachine.com\/wp-content\/uploads\/2021\/10\/pneumatic-multi-head-weigher-filler-300x200.jpg 300w\" sizes=\"auto, (max-width: 750px) 100vw, 750px\" \/><figcaption>Llenadora pesadora neum\u00e1tica de cabezales m\u00faltiples<\/figcaption><\/figure><\/div>    <h3 class=\"wp-block-heading\" id=\"h-multi-head-liquid-filling-machine\">M\u00e1quina llenadora de l\u00edquidos con cabezales m\u00faltiples<\/h3>    <p class=\"translation-block\">El <strong>equipo de llenado de m\u00faltiples salidas<\/strong> <a href=\"https:\/\/tianhuipackingmachine.com\/es\/liquid-filling-machines\/\">puede utilizarse de forma independiente o como parte de la l\u00ednea de producci\u00f3n<\/a>. Puede llenar varias botellas o latas a la vez. El rango de llenado de los modelos de bomba incluye 10-100ml, 50-500ml, 100-1000ml, 500-3000ml, 1000-5000ml, etc. Y el n\u00famero de salidas de llenado puede personalizarse seg\u00fan sus necesidades. El llenador l\u00edquido de varios cabezales adopta un dispositivo antigoteo para garantizar la precisi\u00f3n de llenado sin goteo. Adem\u00e1s, puede combinarse con otras m\u00e1quinas para componer una l\u00ednea de producci\u00f3n completa, como m\u00e1quina desenhebra\/botella, <strong><a href=\"https:\/\/tianhuipackingmachine.com\/es\/vacuum-capping-machines\/\">m\u00e1quina de tapado<\/a><\/strong>, m\u00e1quina de etiquetado, <strong><a href=\"https:\/\/tianhuipackingmachine.com\/es\/carton-sealing-machine\/\">m\u00e1quina de sellado de cart\u00f3n<\/a><\/strong>, etc. Si desea rellenar pastas, hay llenadoras de pasta equipadas con bombas de pasta. Y se ofrece servicio de personalizaci\u00f3n.<\/p>    <div class=\"wp-block-image\"><figure class=\"aligncenter size-full\"><img loading=\"lazy\" decoding=\"async\" width=\"750\" height=\"500\" src=\"https:\/\/tianhuipackingmachine.com\/wp-content\/uploads\/2021\/09\/multi-head-automatic-liquid-filler.jpg\" alt=\"llenador de l\u00edquido autom\u00e1tico de cabezales m\u00faltiples\" class=\"wp-image-2564\" srcset=\"https:\/\/tianhuipackingmachine.com\/wp-content\/uploads\/2021\/09\/multi-head-automatic-liquid-filler.jpg 750w, https:\/\/tianhuipackingmachine.com\/wp-content\/uploads\/2021\/09\/multi-head-automatic-liquid-filler-300x200.jpg 300w\" sizes=\"auto, (max-width: 750px) 100vw, 750px\" \/><figcaption>llenador de l\u00edquido autom\u00e1tico de cabezales m\u00faltiples<\/figcaption><\/figure><\/div>    <h2 class=\"wp-block-heading\" id=\"h-pneumatic-multi-head-pouch-packing-machine-chain-bucket-packing-machine\">Empaquetadora neum\u00e1tica de bolsas con cabezales m\u00faltiples y m\u00e1quina empacadora de cubos de cadena<\/h2>    <p class=\"translation-block\">Las m\u00e1quinas de bolsas multicanal neum\u00e1ticas no solo pueden configurar salidas de llenado para rellenar por turnos el mismo material, sino que tambi\u00e9n pueden pesar diferentes tipos de materiales en distintas cantidades y empacarlos en una misma bolsa. Mientras que la m\u00e1quina de envasado con cubos en cadena en s\u00ed no tiene la funci\u00f3n de pesar. Puede combinarse con varias <strong><a href=\"https:\/\/tianhuipackingmachine.com\/es\/small-filling-machine\/\">peque\u00f1as m\u00e1quinas de llenado de escritorio<\/a><\/strong> para gr\u00e1nulos o polvos para envasar un cierto peso de diferentes materiales, como t\u00e9 aromatizado, granos y otros productos mixtos. En comparaci\u00f3n con la anterior, la <strong><a href=\"https:\/\/tianhuipackingmachine.com\/es\/chain-bucket-packing-machine\/\">m\u00e1quina de envasado con cubos en cadena<\/a><\/strong> requiere m\u00e1s costos. Ambos pueden trabajar junto con m\u00e1quinas de apoyo, como m\u00e1quinas de alimentaci\u00f3n, cintas transportadoras de salida, impresoras de fecha, dispositivos de llenado con nitr\u00f3geno, etc.<\/p>    <div class=\"wp-block-columns is-layout-flex wp-container-core-columns-is-layout-28f84493 wp-block-columns-is-layout-flex\"> <div class=\"wp-block-column is-layout-flow wp-block-column-is-layout-flow\"> <figure class=\"wp-block-image size-full\"><img loading=\"lazy\" decoding=\"async\" width=\"600\" height=\"450\" src=\"https:\/\/tianhuipackingmachine.com\/wp-content\/uploads\/2021\/10\/pneumatic-multitrack-pouch-packing-machine.jpg\" alt=\"empaquetadora neum\u00e1tica de bolsas multipista\" class=\"wp-image-2880\" srcset=\"https:\/\/tianhuipackingmachine.com\/wp-content\/uploads\/2021\/10\/pneumatic-multitrack-pouch-packing-machine.jpg 600w, https:\/\/tianhuipackingmachine.com\/wp-content\/uploads\/2021\/10\/pneumatic-multitrack-pouch-packing-machine-300x225.jpg 300w\" sizes=\"auto, (max-width: 600px) 100vw, 600px\" \/><figcaption>Empaquetadora neum\u00e1tica de bolsas multipista<\/figcaption><\/figure> <\/div>    <div class=\"wp-block-column is-layout-flow wp-block-column-is-layout-flow\"> <figure class=\"wp-block-image size-full\"><img loading=\"lazy\" decoding=\"async\" width=\"600\" height=\"450\" src=\"https:\/\/tianhuipackingmachine.com\/wp-content\/uploads\/2021\/09\/chain-bucket-packing-machine.jpg\" alt=\"empaquetadora de cubos de cadena\" class=\"wp-image-2605\" srcset=\"https:\/\/tianhuipackingmachine.com\/wp-content\/uploads\/2021\/09\/chain-bucket-packing-machine.jpg 600w, https:\/\/tianhuipackingmachine.com\/wp-content\/uploads\/2021\/09\/chain-bucket-packing-machine-300x225.jpg 300w\" sizes=\"auto, (max-width: 600px) 100vw, 600px\" \/><figcaption>M\u00e1quina empacadora de cubos de cadena<\/figcaption><\/figure> <\/div> <\/div>    <h2 class=\"wp-block-heading\" id=\"h-conclusion\">Conclusi\u00f3n<\/h2>    <p class=\"translation-block\">La m\u00e1quina multicanal de llenado es el equipo para rellenar material. El pesador electr\u00f3nico neum\u00e1tico multicanal puede turnarse para rellenar un solo material, o pesar diferentes gramos de materiales por separado y rellenarlos al mismo tiempo. Ya sea polvo, gr\u00e1nulo, l\u00edquido o pasta, existen sistemas de llenado y sistemas de envasado correspondientes disponibles. Como <strong><a href=\"https:\/\/tianhuipackingmachine.com\/es\/\">fabricante y proveedor de m\u00e1quinas de envasado<\/a><\/strong>, tambi\u00e9n ofrecemos m\u00e1quinas de envasado en almohadas, <strong><a href=\"https:\/\/tianhuipackingmachine.com\/es\/vacuum-packaging-machine\/\">m\u00e1quinas de envasado al vac\u00edo<\/a><\/strong>, m\u00e1quinas de sellado continuo, tapadoras, <strong><a href=\"https:\/\/tianhuipackingmachine.com\/es\/semi-automatic-round-bottle-labeling-machine\/\">m\u00e1quinas de etiquetado<\/a><\/strong>, m\u00e1quinas de sellado de cart\u00f3n, cintas transportadoras de carga, cintas transportadoras de salida, impresoras de codificaci\u00f3n, etc. Adem\u00e1s, apoyamos servicios OEM basados en sus requisitos espec\u00edficos. <strong><a href=\"https:\/\/tianhuipackingmachine.com\/es\/contacto\/\">Cont\u00e1ctenos<\/a><\/strong> para obtener m\u00e1s detalles y el mejor precio, y le responderemos lo antes posible.<\/p>","protected":false},"excerpt":{"rendered":"<p>Multi-head filling machine is equipped with multiple weighers or outlets to fill materials. It\u2019s one kind of quantitative filling machine. The machine can fill materials into bags, bottles, cans, etc. There are a variety of multi-head filling machines for powder, granules, liquid, or paste. Besides, the multi-head filling equipment can match with accordant packaging system [&hellip;]<\/p>\n","protected":false},"author":1,"featured_media":2879,"parent":0,"template":"","tags":[162],"product-type":[141],"class_list":["post-2876","product","type-product","status-publish","has-post-thumbnail","hentry","tag-filling-machine","product-type-filling-machines"],"_links":{"self":[{"href":"https:\/\/tianhuipackingmachine.com\/es\/wp-json\/wp\/v2\/product\/2876","targetHints":{"allow":["GET"]}}],"collection":[{"href":"https:\/\/tianhuipackingmachine.com\/es\/wp-json\/wp\/v2\/product"}],"about":[{"href":"https:\/\/tianhuipackingmachine.com\/es\/wp-json\/wp\/v2\/types\/product"}],"author":[{"embeddable":true,"href":"https:\/\/tianhuipackingmachine.com\/es\/wp-json\/wp\/v2\/users\/1"}],"wp:featuredmedia":[{"embeddable":true,"href":"https:\/\/tianhuipackingmachine.com\/es\/wp-json\/wp\/v2\/media\/2879"}],"wp:attachment":[{"href":"https:\/\/tianhuipackingmachine.com\/es\/wp-json\/wp\/v2\/media?parent=2876"}],"wp:term":[{"taxonomy":"post_tag","embeddable":true,"href":"https:\/\/tianhuipackingmachine.com\/es\/wp-json\/wp\/v2\/tags?post=2876"},{"taxonomy":"product-type","embeddable":true,"href":"https:\/\/tianhuipackingmachine.com\/es\/wp-json\/wp\/v2\/product-type?post=2876"}],"curies":[{"name":"wp","href":"https:\/\/api.w.org\/{rel}","templated":true}]}}