{"id":2827,"date":"2021-09-28T16:17:47","date_gmt":"2021-09-28T08:17:47","guid":{"rendered":"https:\/\/tianhuipackingmachine.com\/?page_id=2827"},"modified":"2024-03-08T14:44:22","modified_gmt":"2024-03-08T06:44:22","slug":"flat-label-applicator","status":"publish","type":"product","link":"https:\/\/tianhuipackingmachine.com\/es\/flat-label-applicator\/","title":{"rendered":"Aplicador de etiquetas planas"},"content":{"rendered":"<p class=\"translation-block\"><strong>Aplicador de etiquetas planas<\/strong> incluye m\u00e1quina etiquetadora plana de escritorio y una m\u00e1quina etiquetadora plana vertical. Es una m\u00e1quina etiquetadora autom\u00e1tica, adecuada para diversas superficies planas, como bolsas planas, cajas o latas con tapas planas, cartones, etc. La m\u00e1quina se puede usar sola o combinada con otras m\u00e1quinas para componer una l\u00ednea de producci\u00f3n completa, como m\u00e1quina de llenado, m\u00e1quina de sellado, m\u00e1quina de envasado, m\u00e1quina de tapado, m\u00e1quina de carga, cinta transportadora, impresora de fechas, etc. Puede elegir seg\u00fan sus necesidades sobre el tama\u00f1o de las etiquetas, los tama\u00f1os de los objetos de etiquetado, la velocidad de etiquetado, etc. Adem\u00e1s, tambi\u00e9n puede contactarnos para obtener sugerencias \u00fatiles basadas en sus requisitos.<\/p>    <h2 class=\"wp-block-heading\" id=\"h-flat-label-applicator-for-sale\">Se vende aplicador de etiquetas planas<\/h2>    <p>La m\u00e1quina etiquetadora autom\u00e1tica para superficies planas en Top (Henan) Machinery a la venta se conoce como aplicador de etiquetado plano vertical y de escritorio. El primero es m\u00e1s alto que el segundo. Es conveniente operar una m\u00e1quina vertical a una altura adecuada. Y la m\u00e1quina de escritorio es port\u00e1til y amigable para las peque\u00f1as y medianas empresas. Para bolsas planas, puede combinarse con m\u00e1quinas llenadoras para polvo, gr\u00e1nulos, l\u00edquidos o pasta, y con una m\u00e1quina selladora continua de bolsas para formar una l\u00ednea de producci\u00f3n. Mientras que si desea etiquetar latas, puede elegir una m\u00e1quina llenadora y taponadora de l\u00edquido o pasta para componer una l\u00ednea de producci\u00f3n. P\u00f3ngase en contacto con nosotros para m\u00e1s detalles.<\/p>    <div class=\"wp-block-columns is-layout-flex wp-container-core-columns-is-layout-28f84493 wp-block-columns-is-layout-flex\"> <div class=\"wp-block-column is-layout-flow wp-block-column-is-layout-flow\"> <figure class=\"wp-block-image size-full\"><img loading=\"lazy\" decoding=\"async\" width=\"750\" height=\"500\" src=\"https:\/\/tianhuipackingmachine.com\/wp-content\/uploads\/2021\/09\/vertical-automatic-flat-labeling-machine.jpg\" alt=\"etiquetadora plana autom\u00e1tica vertical\" class=\"wp-image-2830\" srcset=\"https:\/\/tianhuipackingmachine.com\/wp-content\/uploads\/2021\/09\/vertical-automatic-flat-labeling-machine.jpg 750w, https:\/\/tianhuipackingmachine.com\/wp-content\/uploads\/2021\/09\/vertical-automatic-flat-labeling-machine-300x200.jpg 300w\" sizes=\"auto, (max-width: 750px) 100vw, 750px\" \/><figcaption class=\"wp-element-caption\">Etiquetadora plana autom\u00e1tica vertical<\/figcaption><\/figure> <\/div>    <div class=\"wp-block-column is-layout-flow wp-block-column-is-layout-flow\"> <figure class=\"wp-block-image size-full\"><img loading=\"lazy\" decoding=\"async\" width=\"750\" height=\"500\" src=\"https:\/\/tianhuipackingmachine.com\/wp-content\/uploads\/2021\/09\/desktop-flat-labeling-machine.jpg\" alt=\"etiquetadora plana de escritorio\" class=\"wp-image-2831\" srcset=\"https:\/\/tianhuipackingmachine.com\/wp-content\/uploads\/2021\/09\/desktop-flat-labeling-machine.jpg 750w, https:\/\/tianhuipackingmachine.com\/wp-content\/uploads\/2021\/09\/desktop-flat-labeling-machine-300x200.jpg 300w\" sizes=\"auto, (max-width: 750px) 100vw, 750px\" \/><figcaption class=\"wp-element-caption\">M\u00e1quina etiquetadora plana de escritorio<\/figcaption><\/figure> <\/div> <\/div>    <h2 class=\"wp-block-heading\" id=\"h-features-of-flat-surface-labeling-machine\">Caracter\u00edsticas de la m\u00e1quina etiquetadora de superficies planas.<\/h2>    <ol class=\"wp-block-list\"> <li>Dise\u00f1o razonable, estructura simple, alta eficiencia, amplia aplicaci\u00f3n, bajo nivel de ruido<\/li>    <li>Ejecutar de manera estable, trabajar de manera eficiente, etiquetar bien y completar autom\u00e1ticamente<\/li>    <li>Se encuentran disponibles un aplicador de etiquetas de superficie plana vertical y uno de escritorio.<\/li>    <li>Ajustable la altura de la etiqueta, el ancho de la cinta transportadora y la longitud reveladora de la etiqueta.<\/li>    <li>El panel de control inteligente puede configurar muchos par\u00e1metros para completar el etiquetado.<\/li>    <li>La velocidad de etiquetado se sincroniza autom\u00e1ticamente con la velocidad de la cinta transportadora.<\/li>    <li>El bot\u00f3n de parada de emergencia est\u00e1 dise\u00f1ado como medida de seguridad.<\/li>    <li>Servicio de personalizaci\u00f3n disponible<\/li> <\/ol>    <h2 class=\"wp-block-heading\" id=\"h-applicable-objects-of-flat-label-applicator\">Objetos aplicables del aplicador de etiquetas planas.<\/h2>    <p class=\"translation-block\">Un aplicador de etiquetas de superficie plana es adecuado para todo tipo de objetos con superficies planas en diversas industrias, como alimentos, entrega, juguetes, cosm\u00e9ticos, art\u00edculos de uso diario, papeler\u00eda, medicamentos y otras industrias. La <strong><a href=\"https:\/\/tianhuipackingmachine.com\/es\/automatic-round-bottle-labeling-machine-sale\/\">m\u00e1quina etiquetadora<\/a><\/strong> se aplica ampliamente a las bolsas planas, cajas y cartones para envasar aperitivos, frutos secos, caramelos, frutas, verduras, ropa, zapatos, gel de aloe vera, cosm\u00e9ticos, champ\u00fa, gel de ducha, detergente para ropa, papel, bolsas de archivo, fiambreras, cajas de regalo, etc.<\/p>    <figure class=\"wp-block-image aligncenter size-full\"><img loading=\"lazy\" decoding=\"async\" width=\"750\" height=\"500\" src=\"https:\/\/tianhuipackingmachine.com\/wp-content\/uploads\/2021\/09\/applications-of-flat-label-applicator.jpg\" alt=\"Aplicaciones del aplicador de etiquetas planas.\" class=\"wp-image-2832\" srcset=\"https:\/\/tianhuipackingmachine.com\/wp-content\/uploads\/2021\/09\/applications-of-flat-label-applicator.jpg 750w, https:\/\/tianhuipackingmachine.com\/wp-content\/uploads\/2021\/09\/applications-of-flat-label-applicator-300x200.jpg 300w\" sizes=\"auto, (max-width: 750px) 100vw, 750px\" \/><figcaption class=\"wp-element-caption\">Aplicaciones del aplicador de etiquetas planas<\/figcaption><\/figure>    <h2 class=\"wp-block-heading\" id=\"h-automatic-flat-labeling-machine-structure\">Estructura de la m\u00e1quina etiquetadora plana autom\u00e1tica.<\/h2>    <p>El aplicador de etiquetas para superficies planas consta de una estructura de etiquetado, un portaetiquetas, un bot\u00f3n giratorio, un panel de operaci\u00f3n, un ojo el\u00e9ctrico, un motor, un bot\u00f3n de parada de emergencia, etc. La estructura de etiquetado es el lugar para etiquetar objetos, un portaetiquetas para fijar la etiqueta en rollo y un bot\u00f3n giratorio. para ajustar la altura del etiquetado, panel de control para configurar varios par\u00e1metros. El ojo el\u00e9ctrico es sensible para detectar material, mejorando la precisi\u00f3n del trabajo. Un aplicador de etiquetado plano est\u00e1ndar est\u00e1 equipado con un portaetiquetas, pero el servicio OEM est\u00e1 disponible de acuerdo con sus necesidades. Por ejemplo, si desea etiquetar la parte superior y lateral de una lata redonda, un aplicador de etiquetas integrado puede hacerlo. <\/p>    <figure class=\"wp-block-image aligncenter size-full\"><img loading=\"lazy\" decoding=\"async\" width=\"750\" height=\"500\" src=\"https:\/\/tianhuipackingmachine.com\/wp-content\/uploads\/2021\/09\/the-structure-of-labeling-machine-for-flat-surfaces.jpg\" alt=\"La estructura de la m\u00e1quina etiquetadora para superficies planas.\" class=\"wp-image-2833\" srcset=\"https:\/\/tianhuipackingmachine.com\/wp-content\/uploads\/2021\/09\/the-structure-of-labeling-machine-for-flat-surfaces.jpg 750w, https:\/\/tianhuipackingmachine.com\/wp-content\/uploads\/2021\/09\/the-structure-of-labeling-machine-for-flat-surfaces-300x200.jpg 300w\" sizes=\"auto, (max-width: 750px) 100vw, 750px\" \/><figcaption class=\"wp-element-caption\">La estructura de la m\u00e1quina etiquetadora para superficies planas.<\/figcaption><\/figure>    <h2 class=\"wp-block-heading\" id=\"h-related-machines\">M\u00e1quinas relacionadas<\/h2>    <p class=\"translation-block\">Para m\u00e1quinas etiquetadoras, tambi\u00e9n hay <strong><a href=\"https:\/\/tianhuipackingmachine.com\/es\/automatic-round-bottle-labeling-machine-sale\/\">m\u00e1quinas etiquetadoras autom\u00e1ticas de botellas redondas<\/a><\/strong> y <strong><a href=\"https:\/\/tianhuipackingmachine.com\/es\/semi-automatic-round-bottle-labeling-machine\/\">m\u00e1quinas etiquetadoras semiautom\u00e1ticas de botellas redondas<\/a><\/strong> a la venta en Top(Henen) Packing Machinery, adem\u00e1s del aplicador de etiquetas planas. Estas etiquetadoras se pueden usar solas o combinadas con otras m\u00e1quinas para componer una l\u00ednea de producci\u00f3n, como m\u00e1quinas de llenado, m\u00e1quinas de tapado, m\u00e1quinas de sellado, m\u00e1quinas de envasado retr\u00e1ctil en caliente, selladoras al vac\u00edo, <strong><a href=\"https:\/\/tianhuipackingmachine.com\/es\/\">m\u00e1quinas de envasado<\/a><\/strong>, etc. Si desea saber m\u00e1s informaci\u00f3n, puede <strong><a href=\"https:\/\/tianhuipackingmachine.com\/es\/contacto\/\">ponerse en contacto con nosotros<\/a><\/strong> y le responderemos lo antes posible.<\/p>","protected":false},"excerpt":{"rendered":"<p>Flat label applicator includes desktop flat labeling machine and a vertical flat labeling machine. It\u2019s an automatic labeling machine, suitable for various flat surfaces, such as flat bags, boxes, or cans with flat covers, cartons, etc. The machine can be used alone or matched with other machines to compose a whole production line, like filling [&hellip;]<\/p>\n","protected":false},"author":1,"featured_media":2831,"parent":0,"template":"","tags":[172],"product-type":[144],"class_list":["post-2827","product","type-product","status-publish","has-post-thumbnail","hentry","tag-labeling-machine","product-type-supporting-equipment"],"_links":{"self":[{"href":"https:\/\/tianhuipackingmachine.com\/es\/wp-json\/wp\/v2\/product\/2827","targetHints":{"allow":["GET"]}}],"collection":[{"href":"https:\/\/tianhuipackingmachine.com\/es\/wp-json\/wp\/v2\/product"}],"about":[{"href":"https:\/\/tianhuipackingmachine.com\/es\/wp-json\/wp\/v2\/types\/product"}],"author":[{"embeddable":true,"href":"https:\/\/tianhuipackingmachine.com\/es\/wp-json\/wp\/v2\/users\/1"}],"wp:featuredmedia":[{"embeddable":true,"href":"https:\/\/tianhuipackingmachine.com\/es\/wp-json\/wp\/v2\/media\/2831"}],"wp:attachment":[{"href":"https:\/\/tianhuipackingmachine.com\/es\/wp-json\/wp\/v2\/media?parent=2827"}],"wp:term":[{"taxonomy":"post_tag","embeddable":true,"href":"https:\/\/tianhuipackingmachine.com\/es\/wp-json\/wp\/v2\/tags?post=2827"},{"taxonomy":"product-type","embeddable":true,"href":"https:\/\/tianhuipackingmachine.com\/es\/wp-json\/wp\/v2\/product-type?post=2827"}],"curies":[{"name":"wp","href":"https:\/\/api.w.org\/{rel}","templated":true}]}}