{"id":2805,"date":"2021-09-25T10:07:48","date_gmt":"2021-09-25T02:07:48","guid":{"rendered":"https:\/\/tianhuipackingmachine.com\/?page_id=2805"},"modified":"2022-12-08T11:47:23","modified_gmt":"2022-12-08T03:47:23","slug":"desktop-vacuum-packing-machine","status":"publish","type":"product","link":"https:\/\/tianhuipackingmachine.com\/es\/desktop-vacuum-packing-machine\/","title":{"rendered":"M\u00e1quina de envasado al vac\u00edo de escritorio"},"content":{"rendered":"<p class=\"translation-block\"><strong>La m\u00e1quina de envasado al vac\u00edo de escritorio<\/strong> se aplica a varios envasados al vac\u00edo de alimentos, extendiendo la vida \u00fatil y ralentizando la descomposici\u00f3n de los alimentos. Tiene las ventajas de ocupar poco espacio, ser port\u00e1til, tener bajo costo y un buen efecto de sellado. Este tipo de m\u00e1quina de envasado al vac\u00edo de mesa requiere que coloquemos manualmente el material en bolsas prehechas, luego colocamos la bolsa con el material en la m\u00e1quina para sellar. As\u00ed que la m\u00e1quina de envasado al vac\u00edo de escritorio tambi\u00e9n puede ser llamada un sellador al vac\u00edo de escritorio.<\/p>    <h2 class=\"wp-block-heading\" id=\"h-desktop-vacuum-packing-machine-for-sale\">M\u00e1quina envasadora al vac\u00edo de escritorio a la venta<\/h2>    <p>El sellador al vac\u00edo port\u00e1til a la venta en Top Packing Machinery incluye el tipo DZ-260, que subdivide DZ-260A, DZ-260B y DZ-260C. La m\u00e1quina envasadora al vac\u00edo est\u00e1 hecha de acero inoxidable, es duradera y no se oxida f\u00e1cilmente. La bomba de vac\u00edo adopta piezas de marcas famosas, extrae aire de manera r\u00e1pida y eficiente y funciona de manera eficiente. Su cubierta es transparente, resistente a la corrosi\u00f3n, abarcando el tiempo de servicio. Si quieres elegir y adquirir una envasadora al vac\u00edo que sea m\u00e1s eficiente, puedes considerar una envasadora al vac\u00edo de c\u00e1mara o una envasadora al vac\u00edo doble.<\/p>    <figure class=\"wp-block-image aligncenter size-full\"><img loading=\"lazy\" decoding=\"async\" width=\"750\" height=\"500\" src=\"https:\/\/tianhuipackingmachine.com\/wp-content\/uploads\/2021\/09\/desktop-vacuum-packing-machine.jpg\" alt=\"m\u00e1quina de envasado al vac\u00edo de escritorio\" class=\"wp-image-2806\" srcset=\"https:\/\/tianhuipackingmachine.com\/wp-content\/uploads\/2021\/09\/desktop-vacuum-packing-machine.jpg 750w, https:\/\/tianhuipackingmachine.com\/wp-content\/uploads\/2021\/09\/desktop-vacuum-packing-machine-300x200.jpg 300w\" sizes=\"auto, (max-width: 750px) 100vw, 750px\" \/><figcaption class=\"wp-element-caption\">M\u00e1quina de envasado al vac\u00edo de escritorio<\/figcaption><\/figure>    <h2 class=\"has-text-color wp-block-heading\" id=\"h-table-top-vacuum-sealer-parameters\" style=\"color:#ff5200\">Par\u00e1metros del sellador al vac\u00edo de mesa<\/h2>    <figure class=\"wp-block-table is-style-stripes\"><table><tbody><tr><td>Modelo<\/td><td>DZ-260A<\/td><td>DZ-260B<\/td><td>DZ-260C<\/td><\/tr><tr><td>Fuente de alimentaci\u00f3n<\/td><td> CA 220 V\/50 Hz 110 V\/60 Hz. <\/td><td>CA 220 V\/50 Hz 110 V\/60 Hz.<\/td><td>CA 220 V\/50 Hz 110 V\/60 Hz.<\/td><\/tr><tr><td>Potencia de la bomba de vac\u00edo<\/td><td>180W<\/td><td>180W<\/td><td>120W<\/td><\/tr><tr><td>Poder de termosellado<\/td><td>260W<\/td><td>260W<\/td><td>260W<\/td><\/tr><tr><td>Tama\u00f1o de la sala de vac\u00edo<\/td><td>390*285*50mm<\/td><td>390*285*50mm<\/td><td>330*270*50mm<\/td><\/tr><tr><td>Material de la sala de vac\u00edo.<\/td><td>Acero inoxidable<\/td><td>Acero inoxidable<\/td><td>Acero inoxidable<\/td><\/tr><tr><td>Tama\u00f1o de la m\u00e1quina<\/td><td>490*340*380mm<\/td><td>490*340*380mm<\/td><td>405*320*340mm<\/td><\/tr><\/tbody><\/table><\/figure>    <h2 class=\"wp-block-heading\" id=\"h-features-of-tabletop-vacuum-packing-machine\">Caracter\u00edsticas de la m\u00e1quina envasadora al vac\u00edo de mesa.<\/h2>    <ol class=\"wp-block-list\" type=\"1\"> <li>Dise\u00f1o razonable, estructura simple, buen efecto de sellado, operaci\u00f3n simple, amplias aplicaciones<\/li>    <li>Tama\u00f1o peque\u00f1o, port\u00e1til, bajo costo, precio asequible, adecuado para peque\u00f1as empresas, bajo nivel de ruido.<\/li>    <li>El panel de control inteligente adopta un sistema de microcomputadora, f\u00e1cil de administrar varios par\u00e1metros<\/li>    <li>El cuerpo de la m\u00e1quina est\u00e1 hecho de acero inoxidable, duradero y de buena apariencia.<\/li>    <li>La sala de vac\u00edo tiene un dise\u00f1o inclinado, conveniente para colocar material h\u00famedo o con aceite.<\/li>    <li>Tapa de vac\u00edo transparente, resistente a la corrosi\u00f3n y al \u00f3xido, buen estado de sellado.<\/li>    <li>F\u00e1cil de operar y mantener, sencillo de desmontar la m\u00e1quina de su parte trasera.<\/li>    <li>El interruptor de emergencia puede detener el procedimiento cuando se ejecuta como medida de seguridad<\/li> <\/ol>    <h2 class=\"wp-block-heading\" id=\"h-wide-applications-of-desktop-vacuum-sealer\">Amplias aplicaciones del sellador al vac\u00edo de escritorio.<\/h2>    <p class=\"translation-block\">Como un tipo de <strong><a href=\"https:\/\/tianhuipackingmachine.com\/es\/vacuum-packaging-machine\/\">sellador al vac\u00edo<\/a><\/strong>, la m\u00e1quina de envasado al vac\u00edo de escritorio se aplica a carne, fruta, verduras, granos, especias, snacks, mariscos, etc. Es adecuada para carne de res, cordero, cerdo, pescado, pollo, salchichas, tocino, pato asado, manzana, ciruelas, duraznos, naranja, kiwi, ar\u00e1ndano, lim\u00f3n, pi\u00f1a, fruta del jack, zanahoria, verduras verdes, chile, pepino, tofu seco, <strong><a href=\"https:\/\/tianhuipackingmachine.com\/es\/rice-packaging-machine\/\">arroz<\/a><\/strong>, avena, soja, frijol verde, frijol rojo, arroz negro, pimienta negra en polvo, <strong><a href=\"https:\/\/tianhuipackingmachine.com\/es\/chilli-powder-packing-machine\/\">pimienta en polvo<\/a><\/strong>, jengibre en polvo, comino en polvo, cardamomo en polvo, <strong><a href=\"https:\/\/tianhuipackingmachine.com\/es\/tea-packaging-machine\/\">t\u00e9<\/a><\/strong>, galletas, frutas secas, ma\u00edz, cacahuetes, nueces, semillas de mel\u00f3n, etc. Para las bolsas de envasado, las bolsas de envasado al vac\u00edo comunes son generalmente aplicables.<\/p>    <figure class=\"wp-block-image aligncenter size-full\"><img loading=\"lazy\" decoding=\"async\" width=\"750\" height=\"500\" src=\"https:\/\/tianhuipackingmachine.com\/wp-content\/uploads\/2021\/09\/table-top-vacuum-packing-machine-applications.jpg\" alt=\"Aplicaciones de la m\u00e1quina envasadora al vac\u00edo de mesa\" class=\"wp-image-2807\" srcset=\"https:\/\/tianhuipackingmachine.com\/wp-content\/uploads\/2021\/09\/table-top-vacuum-packing-machine-applications.jpg 750w, https:\/\/tianhuipackingmachine.com\/wp-content\/uploads\/2021\/09\/table-top-vacuum-packing-machine-applications-300x200.jpg 300w\" sizes=\"auto, (max-width: 750px) 100vw, 750px\" \/><figcaption class=\"wp-element-caption\">Aplicaciones de la m\u00e1quina envasadora al vac\u00edo de mesa<\/figcaption><\/figure>    <h2 class=\"wp-block-heading\" id=\"h-desktop-vacuum-packing-machine-structure\">Estructura de la m\u00e1quina envasadora al vac\u00edo de escritorio<\/h2>    <p>La m\u00e1quina envasadora al vac\u00edo de mesa consta de una bomba de vac\u00edo, un panel de control, una sala de vac\u00edo, una tira de sellado, una cubierta transparente, etc. En primer lugar, la bomba de vac\u00edo es de alta potencia, velocidad de bombeo r\u00e1pida, alta eficiencia y bajo nivel de ruido. En segundo lugar, el panel de control gestiona los par\u00e1metros de vac\u00edo, mostrando el grado de vac\u00edo en la c\u00e1mara de vac\u00edo, el tiempo de aspirado, sellado, enfriamiento, etc. En tercer lugar, la superficie de la sala de vac\u00edo est\u00e1 inclinada, lo que es conveniente para colocar bolsas de vac\u00edo con material h\u00famedo o aceitoso. Adem\u00e1s, se utiliza una tira de sellado para garantizar el largo y ancho del vac\u00edo. Y la cubierta transparente hace que el proceso de trabajo sea visible y f\u00e1cil de operar.<\/p>    <h2 class=\"wp-block-heading\" id=\"h-related-machines-to-vacuum-packaging\">M\u00e1quinas relacionadas con el envasado al vac\u00edo<\/h2>    <p class=\"translation-block\">Las m\u00e1quinas de envasado al vac\u00edo en <strong><a href=\"https:\/\/tianhuipackingmachine.com\/es\/\">Top(Henan) Packaging Machinery<\/a><\/strong> en venta incluyen envasadoras al vac\u00edo de escritorio, envasadoras al vac\u00edo de c\u00e1mara simple y envasadoras al vac\u00edo de doble c\u00e1mara. En comparaci\u00f3n con el sellador al vac\u00edo de mesa, la habitaci\u00f3n de vac\u00edo de una <strong><a href=\"https:\/\/tianhuipackingmachine.com\/es\/single-chamber-vacuum-packaging-machine\/\">m\u00e1quina de envasado al vac\u00edo de c\u00e1mara simple<\/a><\/strong> tiene un espacio m\u00e1s grande para el sellado al vac\u00edo y una mayor eficiencia de trabajo. Si buscas una mayor producci\u00f3n, es una buena idea elegir <strong><a href=\"https:\/\/tianhuipackingmachine.com\/es\/double-chamber-vacuum-packaging-machine\/\">la m\u00e1quina de envasado al vac\u00edo de doble c\u00e1mara<\/a><\/strong>. Adem\u00e1s, tambi\u00e9n suministramos m\u00e1quinas de llenado, m\u00e1quinas de etiquetado, impresoras de fechas, etc. Adem\u00e1s, tambi\u00e9n apoyamos el servicio de personalizaci\u00f3n de acuerdo con tus requisitos espec\u00edficos. <strong><a href=\"https:\/\/tianhuipackingmachine.com\/es\/contacto\/\">Ponte en contacto con nosotros<\/a><\/strong> para m\u00e1s detalles.<\/p>    <figure class=\"wp-block-image aligncenter size-full\"><img loading=\"lazy\" decoding=\"async\" width=\"750\" height=\"500\" src=\"https:\/\/tianhuipackingmachine.com\/wp-content\/uploads\/2021\/09\/single-chamber-double-chamber-vacuum-sealer.jpg\" alt=\"Sellador al vac\u00edo de c\u00e1mara \u00fanica y c\u00e1mara doble\" class=\"wp-image-2809\" srcset=\"https:\/\/tianhuipackingmachine.com\/wp-content\/uploads\/2021\/09\/single-chamber-double-chamber-vacuum-sealer.jpg 750w, https:\/\/tianhuipackingmachine.com\/wp-content\/uploads\/2021\/09\/single-chamber-double-chamber-vacuum-sealer-300x200.jpg 300w\" sizes=\"auto, (max-width: 750px) 100vw, 750px\" \/><figcaption class=\"wp-element-caption\">C\u00e1mara \u00fanica &amp;Amp; Sellador al vac\u00edo de doble c\u00e1mara<\/figcaption><\/figure>","protected":false},"excerpt":{"rendered":"<p>Desktop vacuum packing machine applies to various food vacuum packaging, extending shelf life, slowing down food spoilage. It has the advantages of small occupied space, portability, low cost, and good sealing effect. This kind of tabletop vacuum packaging machine needs us to put the material to fill in pre-made bags manually, then place the pouch [&hellip;]<\/p>\n","protected":false},"author":1,"featured_media":2806,"parent":0,"template":"","tags":[194],"product-type":[140],"class_list":["post-2805","product","type-product","status-publish","has-post-thumbnail","hentry","tag-vacuum-packing-machine","product-type-vacuum-packaging-machines"],"_links":{"self":[{"href":"https:\/\/tianhuipackingmachine.com\/es\/wp-json\/wp\/v2\/product\/2805","targetHints":{"allow":["GET"]}}],"collection":[{"href":"https:\/\/tianhuipackingmachine.com\/es\/wp-json\/wp\/v2\/product"}],"about":[{"href":"https:\/\/tianhuipackingmachine.com\/es\/wp-json\/wp\/v2\/types\/product"}],"author":[{"embeddable":true,"href":"https:\/\/tianhuipackingmachine.com\/es\/wp-json\/wp\/v2\/users\/1"}],"wp:featuredmedia":[{"embeddable":true,"href":"https:\/\/tianhuipackingmachine.com\/es\/wp-json\/wp\/v2\/media\/2806"}],"wp:attachment":[{"href":"https:\/\/tianhuipackingmachine.com\/es\/wp-json\/wp\/v2\/media?parent=2805"}],"wp:term":[{"taxonomy":"post_tag","embeddable":true,"href":"https:\/\/tianhuipackingmachine.com\/es\/wp-json\/wp\/v2\/tags?post=2805"},{"taxonomy":"product-type","embeddable":true,"href":"https:\/\/tianhuipackingmachine.com\/es\/wp-json\/wp\/v2\/product-type?post=2805"}],"curies":[{"name":"wp","href":"https:\/\/api.w.org\/{rel}","templated":true}]}}