{"id":2733,"date":"2021-09-24T09:58:04","date_gmt":"2021-09-24T01:58:04","guid":{"rendered":"https:\/\/tianhuipackingmachine.com\/?page_id=2733"},"modified":"2022-04-27T11:43:16","modified_gmt":"2022-04-27T03:43:16","slug":"electric-vertical-packing-machine","status":"publish","type":"product","link":"https:\/\/tianhuipackingmachine.com\/es\/electric-vertical-packing-machine\/","title":{"rendered":"Envasadora vertical el\u00e9ctrica"},"content":{"rendered":"<p class=\"translation-block\"><strong>M\u00e1quina vertical de envasado el\u00e9ctrica<\/strong> consta principalmente de dos partes, el sistema de alimentaci\u00f3n y el sistema de envasado. El sistema de alimentaci\u00f3n es una peque\u00f1a m\u00e1quina de llenado para polvo, gr\u00e1nulos, o dos en uno. Muchos rangos de llenado son opcionales. El sistema de envasado se utiliza para hacer bolsas para envasar materiales que caen desde el sistema de alimentaci\u00f3n. En comparaci\u00f3n con una m\u00e1quina de envasado de gr\u00e1nulos o polvo est\u00e1ndar, la m\u00e1quina llena con mayor precisi\u00f3n por pesaje cuantitativo, pero la velocidad de envasado es m\u00e1s lenta. Y tiene bajo costo, adecuado para peque\u00f1as y medianas empresas. Adem\u00e1s, el servicio de personalizaci\u00f3n est\u00e1 disponible seg\u00fan tus necesidades.<\/p>    <h2 class=\"wp-block-heading\" id=\"h-electric-vertical-packaging-machine-for-sale\">Se vende envasadora vertical el\u00e9ctrica.<\/h2>    <p class=\"translation-block\">La m\u00e1quina vertical de envasado el\u00e9ctrica en <strong><a href=\"https:\/\/tianhuipackingmachine.com\/es\/\">Henan Top Packing machinery<\/a><\/strong> a la venta incluye m\u00e1quina de envasado con sellado lateral el\u00e9ctrico y m\u00e1quina de envasado con sellado trasero el\u00e9ctrico. Los dos tipos de equipos difieren en la formadora de bolsas, el dispositivo de sellado vertical y el dispositivo de sellado y corte final. La m\u00e1quina puede hacer bolsas con sellado de 3 lados o bolsas con sellado trasero. Puede realizar por separado el proceso de pesaje, formaci\u00f3n de la bolsa, llenado, sellado y corte. El panel de control puede configurar la temperatura de sellado y la longitud de la bolsa, y mostrar la temperatura superior, la temperatura inferior y la longitud real.<\/p>    <figure class=\"wp-block-gallery has-nested-images columns-default is-cropped wp-block-gallery-2 is-layout-flex wp-block-gallery-is-layout-flex\"> <figure class=\"wp-block-image size-large\"><img loading=\"lazy\" decoding=\"async\" width=\"750\" height=\"500\" data-id=\"4432\" src=\"https:\/\/tianhuipackingmachine.com\/wp-content\/uploads\/2021\/12\/electric-packaging-machine-750x500.jpg\" alt=\"m\u00e1quina de embalaje el\u00e9ctrica\" class=\"wp-image-4432\" srcset=\"https:\/\/tianhuipackingmachine.com\/wp-content\/uploads\/2021\/12\/electric-packaging-machine.jpg 750w, https:\/\/tianhuipackingmachine.com\/wp-content\/uploads\/2021\/12\/electric-packaging-machine-480x320.jpg 480w\" sizes=\"auto, (max-width: 750px) 100vw, 750px\" \/><figcaption>M\u00e1quina de embalaje el\u00e9ctrica<\/figcaption><\/figure>    <figure class=\"wp-block-image size-large\"><img loading=\"lazy\" decoding=\"async\" width=\"750\" height=\"500\" data-id=\"3630\" src=\"https:\/\/tianhuipackingmachine.com\/wp-content\/uploads\/2021\/12\/Electric-VFFS-Machine-750x500.jpg\" alt=\"M\u00e1quina el\u00e9ctrica VFFS\" class=\"wp-image-3630\" srcset=\"https:\/\/tianhuipackingmachine.com\/wp-content\/uploads\/2021\/12\/Electric-VFFS-Machine.jpg 750w, https:\/\/tianhuipackingmachine.com\/wp-content\/uploads\/2021\/12\/Electric-VFFS-Machine-480x320.jpg 480w\" sizes=\"auto, (max-width: 750px) 100vw, 750px\" \/><figcaption>M\u00e1quina el\u00e9ctrica Vffs<\/figcaption><\/figure> <\/figure>    <h2 class=\"wp-block-heading\" id=\"h-features-of-electric-vertical-packaging-machine\">Caracter\u00edsticas de la m\u00e1quina envasadora vertical el\u00e9ctrica.<\/h2>    <ol class=\"wp-block-list\" type=\"1\"><li>Dise\u00f1o razonable, estructura simple, f\u00e1cil de operar.<\/li><li>Pesaje exacto, alta precisi\u00f3n, bajo costo, precio asequible<\/li><li>Se pueden elegir muchos alcances de embalaje seg\u00fan sus necesidades.<\/li><li>La bolsa con sello de 3 lados y la bolsa con sello trasero son opcionales<\/li><li>Servicio de personalizaci\u00f3n disponible<\/li><\/ol>    <h2 class=\"wp-block-heading\" id=\"h-wide-applications-of-small-electric-packing-machine\">Amplias aplicaciones de peque\u00f1as m\u00e1quinas empacadoras el\u00e9ctricas.<\/h2>    <p class=\"translation-block\">La m\u00e1quina es similar a otras <strong><a href=\"https:\/\/tianhuipackingmachine.com\/es\/empaquetadora-de-granulos\/\">m\u00e1quinas de envasado de gr\u00e1nulos<\/a><\/strong> y m\u00e1quinas de envasado de polvo. Se aplica a varios gr\u00e1nulos y polvos, como cacahuate, grano de caf\u00e9, semillas de mel\u00f3n, granos, frutos secos, avena, arroz, t\u00e9, fruta seca, s\u00e9samo, soja, frijol verde, frijol rojo, glutamato monos\u00f3dico, sal, harina, leche en polvo, harina de ma\u00edz, harina de arroz, <strong><a href=\"https:\/\/tianhuipackingmachine.com\/es\/coffee-packaging-machine\/\">polvo de caf\u00e9<\/a><\/strong>, especias, <strong><a href=\"https:\/\/tianhuipackingmachine.com\/es\/chilli-powder-packing-machine\/\">polvo de chile<\/a><\/strong>, almid\u00f3n, polvo de colorantes, <strong><a href=\"https:\/\/tianhuipackingmachine.com\/es\/detergent-powder-packing-machine\/\">polvo detergente<\/a><\/strong>, etc.<\/p>    <figure class=\"wp-block-gallery has-nested-images columns-default is-cropped wp-block-gallery-3 is-layout-flex wp-block-gallery-is-layout-flex\"> <figure class=\"wp-block-image size-large\"><img loading=\"lazy\" decoding=\"async\" width=\"750\" height=\"500\" data-id=\"4433\" src=\"https:\/\/tianhuipackingmachine.com\/wp-content\/uploads\/2021\/12\/final-packing-effect-750x500.jpg\" alt=\"efecto de embalaje final\" class=\"wp-image-4433\" srcset=\"https:\/\/tianhuipackingmachine.com\/wp-content\/uploads\/2021\/12\/final-packing-effect.jpg 750w, https:\/\/tianhuipackingmachine.com\/wp-content\/uploads\/2021\/12\/final-packing-effect-480x320.jpg 480w\" sizes=\"auto, (max-width: 750px) 100vw, 750px\" \/><figcaption>Efecto de embalaje final<\/figcaption><\/figure>    <figure class=\"wp-block-image size-large\"><img loading=\"lazy\" decoding=\"async\" width=\"750\" height=\"500\" data-id=\"4434\" src=\"https:\/\/tianhuipackingmachine.com\/wp-content\/uploads\/2021\/12\/packaging-effect-display-1-750x500.jpg\" alt=\"visualizaci\u00f3n del efecto de embalaje\" class=\"wp-image-4434\" srcset=\"https:\/\/tianhuipackingmachine.com\/wp-content\/uploads\/2021\/12\/packaging-effect-display-1.jpg 750w, https:\/\/tianhuipackingmachine.com\/wp-content\/uploads\/2021\/12\/packaging-effect-display-1-480x320.jpg 480w\" sizes=\"auto, (max-width: 750px) 100vw, 750px\" \/><figcaption>Visualizaci\u00f3n de efectos de embalaje<\/figcaption><\/figure> <\/figure>    <h2 class=\"wp-block-heading\" id=\"h-electric-vertical-form-filling-sealing-machine-working-video\">V\u00eddeo de funcionamiento de la m\u00e1quina llenadora y selladora de formularios vertical el\u00e9ctrica <\/h2>   <figure class=\"wp-block-embed-youtube wp-block-embed is-type-video is-provider-youtube wp-embed-aspect-16-9 wp-has-aspect-ratio\"><div class=\"lyte-wrapper\" title=\"M\u00e1quina envasadora vertical el\u00e9ctrica | Adecuado para polvo, gr\u00e1nulos con bolsa adhesiva y bolsa con sello lateral\" style=\"width:853px;max-width:100%;margin:5px auto;\"><div class=\"lyMe\" id=\"WYL_7TSMlFBWPOY\" itemprop=\"video\" itemscope itemtype=\"https:\/\/schema.org\/VideoObject\"><div><meta itemprop=\"thumbnailUrl\" content=\"https:\/\/i.ytimg.com\/vi\/7TSMlFBWPOY\/hqdefault.jpg\" \/><meta itemprop=\"embedURL\" content=\"https:\/\/www.youtube.com\/embed\/7TSMlFBWPOY\" \/><meta itemprop=\"duration\" content=\"PT4M31S\" \/><meta itemprop=\"uploadDate\" content=\"2021-12-24T04:18:33Z\" \/><\/div><div id=\"lyte_7TSMlFBWPOY\" data-src=\"https:\/\/i.ytimg.com\/vi\/7TSMlFBWPOY\/hqdefault.jpg\" class=\"pL\"><div class=\"tC\"><div class=\"tT\" itemprop=\"name\">M\u00e1quina envasadora vertical el\u00e9ctrica | Adecuado para polvo, gr\u00e1nulos con bolsa adhesiva y bolsa con sello lateral<\/div><\/div><div class=\"play\"><\/div><div class=\"ctrl\"><div class=\"Lctrl\"><\/div><div class=\"Rctrl\"><\/div><\/div><\/div><noscript><a href=\"https:\/\/youtu.be\/7TSMlFBWPOY\" rel=\"nofollow noopener\" target=\"_blank\"><img loading=\"lazy\" decoding=\"async\" src=\"https:\/\/i.ytimg.com\/vi\/7TSMlFBWPOY\/0.jpg\" alt=\"M\u00e1quina envasadora vertical el\u00e9ctrica | Adecuado para polvo, gr\u00e1nulos con bolsa adhesiva y bolsa con sello lateral\" width=\"853\" height=\"460\" \/><\/a><\/noscript><meta itemprop=\"description\" content=\"https:\/\/tianhuipackingmachine.com\/electric-vertical-packing-machine\/ If you are interested in it, welcome to consult us. Email: sales@toppackingmachine.com | Whatsapp\/Tel: +86 17329326135 Electric vertical packing machine applies to various powdery and granular material packaging, such as milk powder, coffee powder, spice powder, sugar, salt, peanut, banana chips, rice, etc. It has the characteristics of low cost, small occupied space, wide applicable material, and so on. There are lots of types of machines, and so can choose the suitable one according to your actual needs. If you are interested in it, welcome to consult us. Email: sales@toppackingmachine.com | Whatsapp\/Tel: +86 17329326135 https:\/\/tianhuipackingmachine.com\/electric-vertical-packing-machine\/\"><\/div><\/div><div class=\"lL\" style=\"max-width:100%;width:853px;margin:5px auto;\"> <a href=\"https:\/\/youtu.be\/7TSMlFBWPOY\" target=\"_blank\" rel=\"noopener\">Ver este v\u00eddeo en YouTube<\/a>.<\/div><figcaption><\/figcaption><\/figure>   <h2 class=\"wp-block-heading\" id=\"h-electric-vertical-packing-machine-structure\">Estructura de m\u00e1quina envasadora vertical el\u00e9ctrica.<\/h2>    <p class=\"translation-block\">La m\u00e1quina de envasado el\u00e9ctrica es una especie de <strong><a href=\"https:\/\/tianhuipackingmachine.com\/es\/vertical-packaging-machine\/\">m\u00e1quina de formado, llenado y sellado vertical<\/a><\/strong>. Est\u00e1 compuesta por pel\u00edcula de envasado, tolva de material, panel de control de peso, formadora de bolsas, panel de control encapsulado, interruptor de encendido, separador, dispositivo de sellado, ruedas de tracci\u00f3n de la pel\u00edcula de envasado, orificio de descarga. Adopta el pesaje y llenado cuantitativos, altamente preciso y exacto. Los paneles de control inteligentes pueden configurar varios par\u00e1metros sobre el llenado y el envasado, lo que es f\u00e1cil de usar. La formadora de bolsas se utiliza para dar forma a las bolsas para el envasado. El sellado de calefacci\u00f3n es estable y tiene un buen efecto. Las ruedas de tracci\u00f3n de la pel\u00edcula de envasado desplazan la pel\u00edcula hacia abajo, aumentando la eficiencia del envasado. Adem\u00e1s, la m\u00e1quina tambi\u00e9n puede combinarse con otros dispositivos, como una impresora de fecha, dispositivo de carga, dispositivo de llenado de nitr\u00f3geno, etc. <\/p>    <div class=\"wp-block-image\"><figure class=\"aligncenter size-large\"><img loading=\"lazy\" decoding=\"async\" width=\"750\" height=\"500\" src=\"https:\/\/tianhuipackingmachine.com\/wp-content\/uploads\/2021\/12\/structure-of-electric-verticle-packing-machine-750x500.jpg\" alt=\"Estructura de la empaquetadora vertical el\u00e9ctrica.\" class=\"wp-image-4317\" srcset=\"https:\/\/tianhuipackingmachine.com\/wp-content\/uploads\/2021\/12\/structure-of-electric-verticle-packing-machine.jpg 750w, https:\/\/tianhuipackingmachine.com\/wp-content\/uploads\/2021\/12\/structure-of-electric-verticle-packing-machine-480x320.jpg 480w\" sizes=\"auto, (max-width: 750px) 100vw, 750px\" \/><figcaption>Estructura de la empaquetadora vertical el\u00e9ctrica.<\/figcaption><\/figure><\/div>    <h2 class=\"wp-block-heading\" id=\"h-detailed-components-of-the-electric-vertical-packer\">Componentes detallados de la empacadora vertical el\u00e9ctrica.<\/h2>    <div class=\"wp-block-columns is-layout-flex wp-container-core-columns-is-layout-28f84493 wp-block-columns-is-layout-flex\"> <div class=\"wp-block-column is-layout-flow wp-block-column-is-layout-flow\"> <figure class=\"wp-block-gallery has-nested-images columns-default is-cropped wp-block-gallery-4 is-layout-flex wp-block-gallery-is-layout-flex\"> <figure class=\"wp-block-image size-large\"><img loading=\"lazy\" decoding=\"async\" width=\"750\" height=\"500\" data-id=\"4325\" src=\"https:\/\/tianhuipackingmachine.com\/wp-content\/uploads\/2021\/12\/material-hopper-750x500.jpg\" alt=\"tolva de material\" class=\"wp-image-4325\" srcset=\"https:\/\/tianhuipackingmachine.com\/wp-content\/uploads\/2021\/12\/material-hopper.jpg 750w, https:\/\/tianhuipackingmachine.com\/wp-content\/uploads\/2021\/12\/material-hopper-480x320.jpg 480w\" sizes=\"auto, (max-width: 750px) 100vw, 750px\" \/><figcaption>Tolva de materiales<\/figcaption><\/figure>    <figure class=\"wp-block-image size-large\"><img loading=\"lazy\" decoding=\"async\" width=\"750\" height=\"500\" data-id=\"4326\" src=\"https:\/\/tianhuipackingmachine.com\/wp-content\/uploads\/2021\/12\/top-material-holder-750x500.jpg\" alt=\"soporte de material superior\" class=\"wp-image-4326\" srcset=\"https:\/\/tianhuipackingmachine.com\/wp-content\/uploads\/2021\/12\/top-material-holder.jpg 750w, https:\/\/tianhuipackingmachine.com\/wp-content\/uploads\/2021\/12\/top-material-holder-480x320.jpg 480w\" sizes=\"auto, (max-width: 750px) 100vw, 750px\" \/><figcaption>Soporte de material superior<\/figcaption><\/figure> <\/figure> <\/div>    <div class=\"wp-block-column is-layout-flow wp-block-column-is-layout-flow\"> <figure class=\"wp-block-gallery has-nested-images columns-default is-cropped wp-block-gallery-5 is-layout-flex wp-block-gallery-is-layout-flex\"> <figure class=\"wp-block-image size-large\"><img loading=\"lazy\" decoding=\"async\" width=\"750\" height=\"500\" data-id=\"4320\" src=\"https:\/\/tianhuipackingmachine.com\/wp-content\/uploads\/2021\/12\/control-panel-750x500.jpg\" alt=\"Panel de control\" class=\"wp-image-4320\" srcset=\"https:\/\/tianhuipackingmachine.com\/wp-content\/uploads\/2021\/12\/control-panel.jpg 750w, https:\/\/tianhuipackingmachine.com\/wp-content\/uploads\/2021\/12\/control-panel-480x320.jpg 480w\" sizes=\"auto, (max-width: 750px) 100vw, 750px\" \/><figcaption>Panel de control<\/figcaption><\/figure>    <figure class=\"wp-block-image size-large\"><img loading=\"lazy\" decoding=\"async\" width=\"750\" height=\"500\" data-id=\"4319\" src=\"https:\/\/tianhuipackingmachine.com\/wp-content\/uploads\/2021\/12\/coding-printer-750x500.jpg\" alt=\"impresora de codificaci\u00f3n\" class=\"wp-image-4319\" srcset=\"https:\/\/tianhuipackingmachine.com\/wp-content\/uploads\/2021\/12\/coding-printer.jpg 750w, https:\/\/tianhuipackingmachine.com\/wp-content\/uploads\/2021\/12\/coding-printer-480x320.jpg 480w\" sizes=\"auto, (max-width: 750px) 100vw, 750px\" \/><figcaption>Impresora de codificaci\u00f3n<\/figcaption><\/figure> <\/figure> <\/div> <\/div>    <div class=\"wp-block-columns is-layout-flex wp-container-core-columns-is-layout-28f84493 wp-block-columns-is-layout-flex\"> <div class=\"wp-block-column is-layout-flow wp-block-column-is-layout-flow\"> <figure class=\"wp-block-gallery has-nested-images columns-default is-cropped wp-block-gallery-6 is-layout-flex wp-block-gallery-is-layout-flex\"> <figure class=\"wp-block-image size-large\"><img loading=\"lazy\" decoding=\"async\" width=\"750\" height=\"500\" data-id=\"4324\" src=\"https:\/\/tianhuipackingmachine.com\/wp-content\/uploads\/2021\/12\/heat-sealing-750x500.jpg\" alt=\"termosellado\" class=\"wp-image-4324\" srcset=\"https:\/\/tianhuipackingmachine.com\/wp-content\/uploads\/2021\/12\/heat-sealing.jpg 750w, https:\/\/tianhuipackingmachine.com\/wp-content\/uploads\/2021\/12\/heat-sealing-480x320.jpg 480w\" sizes=\"auto, (max-width: 750px) 100vw, 750px\" \/><figcaption>Termosellado<\/figcaption><\/figure>    <figure class=\"wp-block-image size-large\"><img loading=\"lazy\" decoding=\"async\" width=\"750\" height=\"500\" data-id=\"4323\" src=\"https:\/\/tianhuipackingmachine.com\/wp-content\/uploads\/2021\/12\/forming-part-750x500.jpg\" alt=\"formando parte\" class=\"wp-image-4323\" srcset=\"https:\/\/tianhuipackingmachine.com\/wp-content\/uploads\/2021\/12\/forming-part.jpg 750w, https:\/\/tianhuipackingmachine.com\/wp-content\/uploads\/2021\/12\/forming-part-480x320.jpg 480w\" sizes=\"auto, (max-width: 750px) 100vw, 750px\" \/><figcaption>Formando parte<\/figcaption><\/figure> <\/figure> <\/div>    <div class=\"wp-block-column is-layout-flow wp-block-column-is-layout-flow\"> <figure class=\"wp-block-gallery has-nested-images columns-default is-cropped wp-block-gallery-7 is-layout-flex wp-block-gallery-is-layout-flex\"> <figure class=\"wp-block-image size-large\"><img loading=\"lazy\" decoding=\"async\" width=\"750\" height=\"500\" data-id=\"4321\" src=\"https:\/\/tianhuipackingmachine.com\/wp-content\/uploads\/2021\/12\/cursor-position-tracker-750x500.jpg\" alt=\"rastreador de posici\u00f3n del cursor\" class=\"wp-image-4321\" srcset=\"https:\/\/tianhuipackingmachine.com\/wp-content\/uploads\/2021\/12\/cursor-position-tracker.jpg 750w, https:\/\/tianhuipackingmachine.com\/wp-content\/uploads\/2021\/12\/cursor-position-tracker-480x320.jpg 480w\" sizes=\"auto, (max-width: 750px) 100vw, 750px\" \/><figcaption>Rastreador de posici\u00f3n del cursor<\/figcaption><\/figure>    <figure class=\"wp-block-image size-large\"><img loading=\"lazy\" decoding=\"async\" width=\"750\" height=\"500\" data-id=\"4322\" src=\"https:\/\/tianhuipackingmachine.com\/wp-content\/uploads\/2021\/12\/feeding-clamp-wheel-750x500.jpg\" alt=\"rueda de sujeci\u00f3n de alimentaci\u00f3n\" class=\"wp-image-4322\" srcset=\"https:\/\/tianhuipackingmachine.com\/wp-content\/uploads\/2021\/12\/feeding-clamp-wheel.jpg 750w, https:\/\/tianhuipackingmachine.com\/wp-content\/uploads\/2021\/12\/feeding-clamp-wheel-480x320.jpg 480w\" sizes=\"auto, (max-width: 750px) 100vw, 750px\" \/><figcaption>Rueda de sujeci\u00f3n de alimentaci\u00f3n<\/figcaption><\/figure> <\/figure> <\/div> <\/div>    <h2 class=\"has-text-color wp-block-heading\" id=\"h-electric-side-seal-vertical-packaging-machine-parameters\" style=\"color:#ff5200\">Par\u00e1metros de la m\u00e1quina envasadora vertical con sello lateral el\u00e9ctrico<\/h2>    <figure class=\"wp-block-table is-style-stripes\"><table><tbody><tr><td>Modelo<\/td><td>CF-200<\/td><td>CF-260<\/td><td>CF-300<\/td><\/tr><tr><td>Fuerza<\/td><td>600W<\/td><td>700W<\/td><td>800W<\/td><\/tr><tr><td>Velocidad de embalaje<\/td><td>700-1200 bolsas\/h<\/td><td>650-1000 bolsas\/h<\/td><td>650-1000 bolsas\/h<\/td><\/tr><tr><td>Ancho de la pel\u00edcula de embalaje<\/td><td>5-20cm<\/td><td>21-26cm<\/td><td>27-30cm<\/td><\/tr><tr><td>Longitud del saco<\/td><td>3-17cm<\/td><td>3-22cm<\/td><td>3-22cm<\/td><\/tr><tr><td>Tama\u00f1o de la m\u00e1quina<\/td><td>45*55*148cm<\/td><td>56*63*168cm<\/td><td>56*63*168<\/td><\/tr><\/tbody><\/table><\/figure>    <h2 class=\"has-text-color wp-block-heading\" id=\"h-electric-back-seal-vertical-packaging-machine-parameters\" style=\"color:#ff5200\">Par\u00e1metros de la m\u00e1quina envasadora vertical con sello trasero el\u00e9ctrico<\/h2>    <figure class=\"wp-block-table is-style-stripes\"><table><tbody><tr><td>Modelo<\/td><td>BF-200<\/td><td>BF-260<\/td><td>BF-340<\/td><td>BF-440<\/td><\/tr><tr><td>Fuerza<\/td><td>600W<\/td><td>700W<\/td><td>800W<\/td><td>900W<\/td><\/tr><tr><td>Velocidad de embalaje<\/td><td>700-1200 bolsas\/h<\/td><td>650-1000 bolsas\/h<\/td><td>650-1000 bolsas\/h<\/td><td>600-950 bolsas\/h<\/td><\/tr><tr><td>Ancho de la pel\u00edcula de embalaje<\/td><td>5-20cm<\/td><td>21-26cm<\/td><td>27-34cm<\/td><td>35-44cm<\/td><\/tr><tr><td>Longitud del saco<\/td><td>3-17cm<\/td><td>3-22cm<\/td><td>3-22cm<\/td><td>5-27cm<\/td><\/tr><tr><td>Tama\u00f1o de la m\u00e1quina<\/td><td>45*55*148cm<\/td><td>56*63*168cm<\/td><td>56*63*168cm<\/td><td>66*77*180cm<\/td><\/tr><\/tbody><\/table><\/figure>    <h2 class=\"wp-block-heading\" id=\"h-conclusion\">Conclusi\u00f3n<\/h2>    <p class=\"translation-block\">La m\u00e1quina de envasado vertical el\u00e9ctrica puede terminar el proceso de envasado de forma autom\u00e1tica. Su velocidad de trabajo es m\u00e1s lenta que la de una envasadora de gr\u00e1nulos est\u00e1ndar y <strong><a href=\"https:\/\/tianhuipackingmachine.com\/es\/powder-packing-machine\/\">envasadora de polvo<\/a><\/strong>, pero su precisi\u00f3n de llenado es mayor porque la m\u00e1quina utiliza pesaje y llenado cuantitativos, en lugar de tazas de medici\u00f3n o taras. Adem\u00e1s, tambi\u00e9n tiene ventajas de bajo costo, precio asequible, adecuada para peque\u00f1as y medianas empresas. Si quieres <strong><a href=\"https:\/\/tianhuipackingmachine.com\/es\/contacto\/\">obtener m\u00e1s detalles<\/a><\/strong> o ser distribuidor, puedes contactarnos y te responderemos lo antes posible.<\/p>","protected":false},"excerpt":{"rendered":"<p>Electric vertical packing machine mainly consists of two parts, feeding system, and packaging system. The feeding system is a small filling machine for powder, granule, or two-in-one. Many filling scopes are optional. The packaging system is used to make bags to package falling materials from the feeding system. Compared with a standard granule or powder [&hellip;]<\/p>\n","protected":false},"author":1,"featured_media":2743,"parent":0,"template":"","tags":[199],"product-type":[145],"class_list":["post-2733","product","type-product","status-publish","has-post-thumbnail","hentry","tag-vertical-packing-machine","product-type-other-products"],"_links":{"self":[{"href":"https:\/\/tianhuipackingmachine.com\/es\/wp-json\/wp\/v2\/product\/2733","targetHints":{"allow":["GET"]}}],"collection":[{"href":"https:\/\/tianhuipackingmachine.com\/es\/wp-json\/wp\/v2\/product"}],"about":[{"href":"https:\/\/tianhuipackingmachine.com\/es\/wp-json\/wp\/v2\/types\/product"}],"author":[{"embeddable":true,"href":"https:\/\/tianhuipackingmachine.com\/es\/wp-json\/wp\/v2\/users\/1"}],"wp:featuredmedia":[{"embeddable":true,"href":"https:\/\/tianhuipackingmachine.com\/es\/wp-json\/wp\/v2\/media\/2743"}],"wp:attachment":[{"href":"https:\/\/tianhuipackingmachine.com\/es\/wp-json\/wp\/v2\/media?parent=2733"}],"wp:term":[{"taxonomy":"post_tag","embeddable":true,"href":"https:\/\/tianhuipackingmachine.com\/es\/wp-json\/wp\/v2\/tags?post=2733"},{"taxonomy":"product-type","embeddable":true,"href":"https:\/\/tianhuipackingmachine.com\/es\/wp-json\/wp\/v2\/product-type?post=2733"}],"curies":[{"name":"wp","href":"https:\/\/api.w.org\/{rel}","templated":true}]}}