{"id":2710,"date":"2021-09-23T15:38:40","date_gmt":"2021-09-23T07:38:40","guid":{"rendered":"https:\/\/tianhuipackingmachine.com\/?page_id=2710"},"modified":"2023-01-18T15:30:04","modified_gmt":"2023-01-18T07:30:04","slug":"shisha-charcoal-packing-machine","status":"publish","type":"product","link":"https:\/\/tianhuipackingmachine.com\/es\/shisha-charcoal-packing-machine\/","title":{"rendered":"Empaquetadora de carb\u00f3n para shisha"},"content":{"rendered":"<p class=\"translation-block\"><strong>M\u00e1quina de envasado de carb\u00f3n para shisha<\/strong> o m\u00e1quina de envasado de carb\u00f3n para hookah es una especie de m\u00e1quina de envoltura horizontal de flujo. Funciona con electricidad y est\u00e1 controlada por un sistema de control PLC inteligente. Con material de acero inoxidable 304 y una estructura razonable, la envolvedora de carb\u00f3n para shisha es duradera y tiene una larga vida \u00fatil. Adem\u00e1s, es bastante f\u00e1cil de instalar, operar y mantener. El equipo de envasado de carb\u00f3n para shisha a la venta de Henan Top Packing Machinery disfruta de alta calidad y precios competitivos. Y es amado por muchos clientes. Bienvenido a ponerse en contacto con nosotros para obtener el \u00faltimo precio.<\/p>    <figure class=\"wp-block-image aligncenter size-large\"><img loading=\"lazy\" decoding=\"async\" width=\"750\" height=\"500\" src=\"https:\/\/tianhuipackingmachine.com\/wp-content\/uploads\/2022\/01\/shisha-charcoal-packing-machine-750x500.jpg\" alt=\"empaquetadora del carb\u00f3n del shisha\" class=\"wp-image-5054\" srcset=\"https:\/\/tianhuipackingmachine.com\/wp-content\/uploads\/2022\/01\/shisha-charcoal-packing-machine.jpg 750w, https:\/\/tianhuipackingmachine.com\/wp-content\/uploads\/2022\/01\/shisha-charcoal-packing-machine-480x320.jpg 480w\" sizes=\"auto, (max-width: 750px) 100vw, 750px\" \/><figcaption class=\"wp-element-caption\">Empaquetadora de carb\u00f3n para shisha<\/figcaption><\/figure>    <h2 class=\"wp-block-heading\" id=\"h-detailed-components-of-the-ring-shisha-charcoal-packing-equipment\">Componentes detallados de la m\u00e1quina envasadora de carb\u00f3n para shisha de anillo<\/h2>    <p class=\"translation-block\">Una l\u00ednea de producci\u00f3n de envasado de carb\u00f3n para hookah est\u00e1 compuesta principalmente por una cinta transportadora, una m\u00e1quina de alimentaci\u00f3n y una m\u00e1quina de empaquetado en almohadas. Despu\u00e9s de que el operario coloca las materias primas en la cinta transportadora, se transportar\u00e1n a la m\u00e1quina de alimentaci\u00f3n. El alimentador de materiales puede separar estos carbones de shisha y combinarlos en grupos para su empaquetado. Hay muchos pestillos en la m\u00e1quina de envoltura de flujo para que el equipo pueda hacer que el carb\u00f3n para hookah mantenga una forma cil\u00edndrica de envasado. Si necesita envasarlos en cartones, tambi\u00e9n proporcionamos <a href=\"https:\/\/tianhuipackingmachine.com\/es\/carton-sealing-machine\/\">m\u00e1quinas de sellado y atado de cart\u00f3n<\/a>. Bienvenido a consultar con nosotros si est\u00e1 interesado en este tipo de m\u00e1quina de empaquetado.<\/p>    <figure class=\"wp-block-gallery has-nested-images columns-default is-cropped wp-block-gallery-2 is-layout-flex wp-block-gallery-is-layout-flex\"> <figure class=\"wp-block-image size-large\"><img loading=\"lazy\" decoding=\"async\" width=\"750\" height=\"500\" data-id=\"5045\" src=\"https:\/\/tianhuipackingmachine.com\/wp-content\/uploads\/2022\/01\/conveyor-belts-for-hookah-charcoal-750x500.jpg\" alt=\"\" class=\"wp-image-5045\" srcset=\"https:\/\/tianhuipackingmachine.com\/wp-content\/uploads\/2022\/01\/conveyor-belts-for-hookah-charcoal.jpg 750w, https:\/\/tianhuipackingmachine.com\/wp-content\/uploads\/2022\/01\/conveyor-belts-for-hookah-charcoal-480x320.jpg 480w\" sizes=\"auto, (max-width: 750px) 100vw, 750px\" \/><figcaption class=\"wp-element-caption\">Cintas transportadoras para carb\u00f3n de narguile<\/figcaption><\/figure>    <figure class=\"wp-block-image size-large\"><img loading=\"lazy\" decoding=\"async\" width=\"750\" height=\"500\" data-id=\"5039\" src=\"https:\/\/tianhuipackingmachine.com\/wp-content\/uploads\/2022\/01\/feeding-machine-for-sets-of-shisha-charcoal-750x500.jpg\" alt=\"M\u00e1quina de alimentaci\u00f3n para juegos de carb\u00f3n para shisha.\" class=\"wp-image-5039\" srcset=\"https:\/\/tianhuipackingmachine.com\/wp-content\/uploads\/2022\/01\/feeding-machine-for-sets-of-shisha-charcoal.jpg 750w, https:\/\/tianhuipackingmachine.com\/wp-content\/uploads\/2022\/01\/feeding-machine-for-sets-of-shisha-charcoal-480x320.jpg 480w\" sizes=\"auto, (max-width: 750px) 100vw, 750px\" \/><figcaption class=\"wp-element-caption\">M\u00e1quina De Alimentaci\u00f3n Para Juegos De Carb\u00f3n Shisha<\/figcaption><\/figure>    <figure class=\"wp-block-image size-large\"><img loading=\"lazy\" decoding=\"async\" width=\"750\" height=\"500\" data-id=\"5044\" src=\"https:\/\/tianhuipackingmachine.com\/wp-content\/uploads\/2022\/01\/the-place-for-putting-a-group-of-hookah-charcoal-750x500.jpg\" alt=\"El lugar para poner un grupo de carb\u00f3n de narguile.\" class=\"wp-image-5044\" srcset=\"https:\/\/tianhuipackingmachine.com\/wp-content\/uploads\/2022\/01\/the-place-for-putting-a-group-of-hookah-charcoal.jpg 750w, https:\/\/tianhuipackingmachine.com\/wp-content\/uploads\/2022\/01\/the-place-for-putting-a-group-of-hookah-charcoal-480x320.jpg 480w\" sizes=\"auto, (max-width: 750px) 100vw, 750px\" \/><figcaption class=\"wp-element-caption\">El lugar para poner un grupo de carb\u00f3n de cachimba.<\/figcaption><\/figure> <\/figure>    <figure class=\"wp-block-gallery has-nested-images columns-default is-cropped wp-block-gallery-3 is-layout-flex wp-block-gallery-is-layout-flex\"> <figure class=\"wp-block-image size-large\"><img loading=\"lazy\" decoding=\"async\" width=\"750\" height=\"500\" data-id=\"5041\" src=\"https:\/\/tianhuipackingmachine.com\/wp-content\/uploads\/2022\/01\/shisha-charcoal-packaging-production-line-750x500.jpg\" alt=\"L\u00ednea de producci\u00f3n de envases de carb\u00f3n para shisha.\" class=\"wp-image-5041\" srcset=\"https:\/\/tianhuipackingmachine.com\/wp-content\/uploads\/2022\/01\/shisha-charcoal-packaging-production-line.jpg 750w, https:\/\/tianhuipackingmachine.com\/wp-content\/uploads\/2022\/01\/shisha-charcoal-packaging-production-line-480x320.jpg 480w\" sizes=\"auto, (max-width: 750px) 100vw, 750px\" \/><figcaption class=\"wp-element-caption\">L\u00ednea de producci\u00f3n de envases de carb\u00f3n para shisha<\/figcaption><\/figure>    <figure class=\"wp-block-image size-large\"><img loading=\"lazy\" decoding=\"async\" width=\"750\" height=\"500\" data-id=\"5051\" src=\"https:\/\/tianhuipackingmachine.com\/wp-content\/uploads\/2022\/01\/upper-roll-film-device-750x500.jpg\" alt=\"dispositivo de pel\u00edcula en rollo superior\" class=\"wp-image-5051\" srcset=\"https:\/\/tianhuipackingmachine.com\/wp-content\/uploads\/2022\/01\/upper-roll-film-device.jpg 750w, https:\/\/tianhuipackingmachine.com\/wp-content\/uploads\/2022\/01\/upper-roll-film-device-480x320.jpg 480w\" sizes=\"auto, (max-width: 750px) 100vw, 750px\" \/><figcaption class=\"wp-element-caption\">Dispositivo de pel\u00edcula en rollo superior<\/figcaption><\/figure>    <figure class=\"wp-block-image size-large\"><img loading=\"lazy\" decoding=\"async\" width=\"750\" height=\"500\" data-id=\"5048\" src=\"https:\/\/tianhuipackingmachine.com\/wp-content\/uploads\/2022\/01\/PLC-touch-screen-750x500.jpg\" alt=\"pantalla t\u00e1ctil plc\" class=\"wp-image-5048\" srcset=\"https:\/\/tianhuipackingmachine.com\/wp-content\/uploads\/2022\/01\/PLC-touch-screen.jpg 750w, https:\/\/tianhuipackingmachine.com\/wp-content\/uploads\/2022\/01\/PLC-touch-screen-480x320.jpg 480w\" sizes=\"auto, (max-width: 750px) 100vw, 750px\" \/><figcaption class=\"wp-element-caption\">Pantalla T\u00e1ctil Plc<\/figcaption><\/figure> <\/figure>    <h2 class=\"wp-block-heading\" id=\"h-features-of-hookah-charcoal-packaging-machine\">Caracter\u00edsticas de la m\u00e1quina envasadora de carb\u00f3n para narguile.<\/h2>    <ol class=\"wp-block-list\" type=\"1\"> <li>excelente dise\u00f1o, estructura simple, rendimiento estable<\/li>    <li>Sistema de control inteligente PLC, f\u00e1cil de operar y actualizar<\/li>    <li>Dispositivos de protecci\u00f3n de seguridad confiables para garantizar la seguridad de los operadores.<\/li>    <li>Sistema de servomotor, funciona de forma precisa y eficiente.<\/li>    <li>Control PID de temperatura independiente, adecuado para envasar diversos materiales de pel\u00edcula<\/li>    <li>Bajo nivel de ruido, ahorro de energ\u00eda y precio de f\u00e1brica.<\/li> <\/ol>    <h2 class=\"wp-block-heading\" id=\"h-how-to-package-shisha-charcoal-by-the-pillow-packing-machine\">\u00bfC\u00f3mo envasar carb\u00f3n para shisha con la m\u00e1quina envasadora de almohadas?<\/h2>   <figure class=\"wp-block-embed-youtube wp-block-embed is-type-video is-provider-youtube wp-embed-aspect-16-9 wp-has-aspect-ratio\"><div class=\"lyte-wrapper\" title=\"Empaquetadora autom\u00e1tica de briquetas de carb\u00f3n para shisha | Alta eficiencia\" style=\"width:853px;max-width:100%;margin:5px auto;\"><div class=\"lyMe\" id=\"WYL_XRflGHvTdo8\" itemprop=\"video\" itemscope itemtype=\"https:\/\/schema.org\/VideoObject\"><div><meta itemprop=\"thumbnailUrl\" content=\"https:\/\/i.ytimg.com\/vi\/XRflGHvTdo8\/hqdefault.jpg\" \/><meta itemprop=\"embedURL\" content=\"https:\/\/www.youtube.com\/embed\/XRflGHvTdo8\" \/><meta itemprop=\"duration\" content=\"PT2M34S\" \/><meta itemprop=\"uploadDate\" content=\"2021-09-27T10:20:48Z\" \/><\/div><div id=\"lyte_XRflGHvTdo8\" data-src=\"https:\/\/i.ytimg.com\/vi\/XRflGHvTdo8\/hqdefault.jpg\" class=\"pL\"><div class=\"tC\"><div class=\"tT\" itemprop=\"name\">Empaquetadora autom\u00e1tica de briquetas de carb\u00f3n para shisha | Alta eficiencia<\/div><\/div><div class=\"play\"><\/div><div class=\"ctrl\"><div class=\"Lctrl\"><\/div><div class=\"Rctrl\"><\/div><\/div><\/div><noscript><a href=\"https:\/\/youtu.be\/XRflGHvTdo8\" rel=\"nofollow noopener\" target=\"_blank\"><img loading=\"lazy\" decoding=\"async\" src=\"https:\/\/i.ytimg.com\/vi\/XRflGHvTdo8\/0.jpg\" alt=\"Empaquetadora autom\u00e1tica de briquetas de carb\u00f3n para shisha | Alta eficiencia\" width=\"853\" height=\"460\" \/><\/a><\/noscript><meta itemprop=\"description\" content=\"Email: sales@toppackingmachine.com Whatsapp\/Tel: +86 17329326135 Official website: https:\/\/tianhuipackingmachine.com\/shisha-charcoal-packing-machine\/ Shisha charcoal packing machine or hookah charcoal packing machine is a kind of pillow packing machine. It is powered by electricity and controlled by an intelligent PLC control system. With 304 stainless steel material and reasonable structure, the shisha charcoal wrapping machine is durable and has a long service life. Besides, it is quite easy to install, operate, and maintain.\"><\/div><\/div><div class=\"lL\" style=\"max-width:100%;width:853px;margin:5px auto;\"> <a href=\"https:\/\/youtu.be\/XRflGHvTdo8\" target=\"_blank\" rel=\"noopener\">Ver este v\u00eddeo en YouTube<\/a>.<\/div><figcaption><\/figcaption><\/figure>   <h2 class=\"wp-block-heading\" id=\"h-do-you-know-these-about-hookah-charcoal-packing-machine\">\u00bfConoce esto sobre la m\u00e1quina empacadora de carb\u00f3n para narguile?<\/h2>    <p class=\"translation-block\">En realidad, la m\u00e1quina de envasado de carb\u00f3n para shisha a la venta es una especie de <a href=\"https:\/\/tianhuipackingmachine.com\/es\/pillow-packing-machine\/\">equipo de empaquetado en almohadas<\/a>, puede envolver el carb\u00f3n para shisha briqueta de forma ajustada y hermosa. Por lo tanto, es conveniente para almacenar y vender. Como uno de los principales fabricantes de m\u00e1quinas de envasado en China, tenemos una fuerte capacidad de producci\u00f3n y apoyamos el servicio OEM\/ODM para satisfacer cualquiera de sus requisitos espec\u00edficos, como material del cuerpo, potencia, dimensi\u00f3n de la m\u00e1quina, marca del motor, etc. <\/p>    <p class=\"translation-block\">Admitimos que el precio de nuestra m\u00e1quina de envasado de carb\u00f3n para hookah es absolutamente favorable. Si est\u00e1 buscando una m\u00e1quina de envoltura de carb\u00f3n para shisha de calidad, p\u00f3ngase en contacto con nosotros hoy para impulsar su negocio. Y si desea <a href=\"https:\/\/tianhuipackingmachine.com\/es\/be-agent\/\">ser nuestro agente<\/a>, h\u00e1gamelo saber y le enviaremos informaci\u00f3n detallada relacionada.<\/p>    <figure class=\"wp-block-gallery has-nested-images columns-default is-cropped wp-block-gallery-4 is-layout-flex wp-block-gallery-is-layout-flex\"> <figure class=\"wp-block-image size-large\"><img loading=\"lazy\" decoding=\"async\" width=\"750\" height=\"500\" data-id=\"5049\" src=\"https:\/\/tianhuipackingmachine.com\/wp-content\/uploads\/2022\/01\/shisha-charcoal-packaging-machine-in-factory-750x500.jpg\" alt=\"M\u00e1quina envasadora de carb\u00f3n shisha en f\u00e1brica\" class=\"wp-image-5049\" srcset=\"https:\/\/tianhuipackingmachine.com\/wp-content\/uploads\/2022\/01\/shisha-charcoal-packaging-machine-in-factory.jpg 750w, https:\/\/tianhuipackingmachine.com\/wp-content\/uploads\/2022\/01\/shisha-charcoal-packaging-machine-in-factory-480x320.jpg 480w\" sizes=\"auto, (max-width: 750px) 100vw, 750px\" \/><figcaption class=\"wp-element-caption\">M\u00e1quina envasadora de carb\u00f3n Shisha en f\u00e1brica<\/figcaption><\/figure>    <figure class=\"wp-block-image size-large\"><img loading=\"lazy\" decoding=\"async\" width=\"750\" height=\"500\" data-id=\"5052\" src=\"https:\/\/tianhuipackingmachine.com\/wp-content\/uploads\/2022\/01\/pillow-packaging-equipment-display-750x500.jpg\" alt=\"exhibici\u00f3n de equipos de embalaje de almohadas\" class=\"wp-image-5052\" srcset=\"https:\/\/tianhuipackingmachine.com\/wp-content\/uploads\/2022\/01\/pillow-packaging-equipment-display.jpg 750w, https:\/\/tianhuipackingmachine.com\/wp-content\/uploads\/2022\/01\/pillow-packaging-equipment-display-480x320.jpg 480w\" sizes=\"auto, (max-width: 750px) 100vw, 750px\" \/><figcaption class=\"wp-element-caption\">Exhibici\u00f3n del equipo de embalaje de almohadas<\/figcaption><\/figure> <\/figure>    <h2 class=\"has-luminous-vivid-orange-color has-text-color wp-block-heading\" id=\"h-shisha-charcoal-flow-wrapping-machine-parameter\">Par\u00e1metros de la m\u00e1quina envasadora de flujo de carb\u00f3n shisha<\/h2>    <figure class=\"wp-block-table is-style-stripes\"><table><tbody><tr><td>Modelo<\/td><td>TH-280<\/td><\/tr><tr><td>Ancho de la pel\u00edcula<\/td><td>M\u00e1ximo 280 mm<\/td><\/tr><tr><td>Ancho de la bolsa<\/td><td>50-110 mm<\/td><\/tr><tr><td>Altura de los productos<\/td><td>M\u00e1ximo 40 mm<\/td><\/tr><tr><td>Di\u00e1metro del rollo de pel\u00edcula<\/td><td>M\u00e1x. 320 mm<\/td><\/tr><tr><td>Textura<\/td><td>Acero inoxidable<\/td><\/tr><tr><td>Longitud del embalaje<\/td><td>65-190 mm o 120-280 mm<\/td><\/tr><tr><td>Velocidad de embalaje<\/td><td>40-230 bolsas\/minuto<\/td><\/tr><tr><td>Voltaje<\/td><td>220V50HZ 2.5kw (ajustable)<\/td><\/tr><tr><td>Dimensi\u00f3n<\/td><td>(Largo)3920\u00d7(Ancho)670\u00d7(Alto)1210mm<\/td><\/tr><tr><td>Peso<\/td><td>500 kilos<\/td><\/tr><\/tbody><\/table><\/figure>    <h2 class=\"wp-block-heading\" id=\"h-what-is-the-shisha-charcoal-packing-machine-price\">\u00bfCu\u00e1l es el precio de la m\u00e1quina envasadora de carb\u00f3n para shisha?<\/h2>    <p>El precio de la m\u00e1quina empacadora de carb\u00f3n para shisha depende de muchos factores, como la cantidad del pedido, el material del cuerpo, la marca de los accesorios, el costo de env\u00edo, etc. Por lo tanto, el costo de la m\u00e1quina empacadora de flujo de carb\u00f3n para shisha var\u00eda y es inestable. Pero podemos asegurarnos de que el precio de nuestra m\u00e1quina empacadora de carb\u00f3n para narguile sea bastante competitivo y razonable. Si est\u00e1 interesado en este equipo, env\u00edenos un correo electr\u00f3nico o deje su mensaje a continuaci\u00f3n y le enviaremos el mejor precio.<\/p>    <h2 class=\"wp-block-heading\" id=\"h-contact-us-to-start-your-business\">Cont\u00e1ctanos para iniciar tu negocio<\/h2>    <p class=\"translation-block\">Como fabricante y proveedor integral de m\u00e1quinas de envasado, <a href=\"https:\/\/tianhuipackingmachine.com\/es\/\">Henan Top Packing Machinery Co., Ltd<\/a> ofrece excelentes m\u00e1quinas de envoltura horizontales para carb\u00f3n de hookah con buen rendimiento y precio razonable. Adem\u00e1s, ofrecemos servicio personalizado para satisfacer su necesidad especial. Con f\u00e1brica directa y buena calidad, nuestras m\u00e1quinas pueden beneficiar en gran medida a su negocio. Env\u00ede sus requisitos y le responderemos lo antes posible.<\/p>","protected":false},"excerpt":{"rendered":"<p>Shisha charcoal packing machine or&nbsp;hookah charcoal packing machine is a kind of horizontal flow wrap machine. It is powered by electricity and is controlled by an intelligent PLC control system. With 304 stainless steel material and a reasonable structure, the shisha charcoal wrapping machine is durable and has a long service life. Besides, it is [&hellip;]<\/p>\n","protected":false},"author":1,"featured_media":5054,"parent":0,"template":"","tags":[213],"product-type":[139],"class_list":["post-2710","product","type-product","status-publish","has-post-thumbnail","hentry","tag-flow-wrapping-machine","product-type-pillow-packing-machines"],"_links":{"self":[{"href":"https:\/\/tianhuipackingmachine.com\/es\/wp-json\/wp\/v2\/product\/2710","targetHints":{"allow":["GET"]}}],"collection":[{"href":"https:\/\/tianhuipackingmachine.com\/es\/wp-json\/wp\/v2\/product"}],"about":[{"href":"https:\/\/tianhuipackingmachine.com\/es\/wp-json\/wp\/v2\/types\/product"}],"author":[{"embeddable":true,"href":"https:\/\/tianhuipackingmachine.com\/es\/wp-json\/wp\/v2\/users\/1"}],"wp:featuredmedia":[{"embeddable":true,"href":"https:\/\/tianhuipackingmachine.com\/es\/wp-json\/wp\/v2\/media\/5054"}],"wp:attachment":[{"href":"https:\/\/tianhuipackingmachine.com\/es\/wp-json\/wp\/v2\/media?parent=2710"}],"wp:term":[{"taxonomy":"post_tag","embeddable":true,"href":"https:\/\/tianhuipackingmachine.com\/es\/wp-json\/wp\/v2\/tags?post=2710"},{"taxonomy":"product-type","embeddable":true,"href":"https:\/\/tianhuipackingmachine.com\/es\/wp-json\/wp\/v2\/product-type?post=2710"}],"curies":[{"name":"wp","href":"https:\/\/api.w.org\/{rel}","templated":true}]}}