{"id":2692,"date":"2021-09-23T11:35:54","date_gmt":"2021-09-23T03:35:54","guid":{"rendered":"https:\/\/tianhuipackingmachine.com\/?page_id=2692"},"modified":"2025-05-07T15:12:27","modified_gmt":"2025-05-07T07:12:27","slug":"small-filling-machine","status":"publish","type":"product","link":"https:\/\/tianhuipackingmachine.com\/es\/small-filling-machine\/","title":{"rendered":"Peque\u00f1a m\u00e1quina de llenado"},"content":{"rendered":"<p class=\"translation-block\">La <strong>m\u00e1quina llenadora peque\u00f1a<\/strong> es un tipo de m\u00e1quina cuantitativa peque\u00f1a para pesar y llenar materiales. Tiene las ventajas de ocupar poco espacio, pesaje preciso, bajo costo, amplias aplicaciones, etc., adecuada para varios gr\u00e1nulos, polvos, l\u00edquidos o pastas, ya sean bolsas o botellas. Esta m\u00e1quina se puede usar individualmente o como parte de una l\u00ednea de envasado. Puede combinarse con una parte de envasado para completar el proceso de envasado completo. Por ejemplo, una combinaci\u00f3n com\u00fan es una m\u00e1quina de envasado con cadena de cubos con varias m\u00e1quinas llenadoras cuantitativas peque\u00f1as para envasar t\u00e9 perfumado. Adem\u00e1s, el servicio de personalizaci\u00f3n est\u00e1 disponible seg\u00fan sus necesidades.<\/p>   <figure class=\"wp-block-embed-youtube wp-block-embed is-type-video is-provider-youtube wp-embed-aspect-16-9 wp-has-aspect-ratio\"><div class=\"lyte-wrapper\" title=\", productos de madera, bebidas, cosm\u00e9ticos y otras industrias.\" style=\"width:853px;max-width:100%;margin:5px auto;\"><div class=\"lyMe\" id=\"WYL_pBURm4vka_Q\" itemprop=\"video\" itemscope itemtype=\"https:\/\/schema.org\/VideoObject\"><div><meta itemprop=\"thumbnailUrl\" content=\"https:\/\/i.ytimg.com\/vi\/pBURm4vka_Q\/hqdefault.jpg\" \/><meta itemprop=\"embedURL\" content=\"https:\/\/www.youtube.com\/embed\/pBURm4vka_Q\" \/><meta itemprop=\"duration\" content=\"PT1M17S\" \/><meta itemprop=\"uploadDate\" content=\"2025-04-17T05:39:35Z\" \/><\/div><div id=\"lyte_pBURm4vka_Q\" data-src=\"https:\/\/i.ytimg.com\/vi\/pBURm4vka_Q\/hqdefault.jpg\" class=\"pL\"><div class=\"tC\"><div class=\"tT\" itemprop=\"name\">, productos de madera, bebidas, cosm\u00e9ticos y otras industrias.<\/div><\/div><div class=\"play\"><\/div><div class=\"ctrl\"><div class=\"Lctrl\"><\/div><div class=\"Rctrl\"><\/div><\/div><\/div><noscript><a href=\"https:\/\/youtu.be\/pBURm4vka_Q\" rel=\"nofollow noopener\" target=\"_blank\"><img loading=\"lazy\" decoding=\"async\" src=\"https:\/\/i.ytimg.com\/vi\/pBURm4vka_Q\/0.jpg\" alt=\", productos de madera, bebidas, cosm\u00e9ticos y otras industrias.\" width=\"853\" height=\"460\" \/><\/a><\/noscript><meta itemprop=\"description\" content=\"WhatsApp No.: https:\/\/wa.me\/+8613673689272 WeChat\/Tel No.:+8613673689272 Email: info@tianhuipackingmachine.com Website: https:\/\/tianhuipackingmachine.com\/small-filling-machine\/ Want to improve your powder filling efficiency? Check out our high-precision automatic filling machine, specially designed for filling fine powder and small particle products such as milk powder, protein powder, flour, coffee powder, spice, cocoa powder, chemical powder, rice, coffee beans, and more. \ud83d\udca1 Features of our powder filling machine: Accurate dosing with minimal error Adjustable filling weight Easy to clean and operate Applicable to jars, bottles, pouches, and cans Optional screw feeder and dust collection system available \ud83c\udfaf Ideal for food, pharmaceutical, and chemical industries. \ud83d\udcde Contact us now to get the best price and customized solution for your production line! \ud83c\udf10 Learn more on our website or leave a comment below for more machine details! WhatsApp No.: https:\/\/wa.me\/+8613673689272 WeChat\/Tel No.:+8613673689272 Email: info@tianhuipackingmachine.com Website: https:\/\/tianhuipackingmachine.com\/small-filling-machine\/\"><\/div><\/div><div class=\"lL\" style=\"max-width:100%;width:853px;margin:5px auto;\"> <a href=\"https:\/\/youtu.be\/pBURm4vka_Q\" target=\"_blank\" rel=\"noopener\">Ver este v\u00eddeo en YouTube<\/a>.<\/div><figcaption>Sistema de control totalmente autom\u00e1tico, ahorrando costos laborales.<\/figcaption><\/figure>   <h2 class=\"wp-block-heading\" id=\"h-small-filling-machine-for-sale\">Se vende maquina llenadora peque\u00f1a<\/h2>    <p>La peque\u00f1a m\u00e1quina llenadora cuantitativa de escritorio en Top (Henan) Packing Machinery a la venta incluye llenadora cuantitativa de gr\u00e1nulos, llenadora cuantitativa de polvo, llenadora cuantitativa de gr\u00e1nulos y polvo en uno, llenadora l\u00edquida y llenadora de pasta. Todos ellos tienen las caracter\u00edsticas de peque\u00f1o espacio ocupado, llenado cuantitativo, bajo costo y facilidad de operaci\u00f3n. Hay muchos vol\u00famenes de llenado disponibles. Puedes elegir seg\u00fan tus necesidades. \u00bfEst\u00e1s interesado en ellos? \u00bfQuieres ser nuestro distribuidor? En caso afirmativo, le ofreceremos precios m\u00e1s competitivos cuando compre m\u00e1s. Bienvenido a ponerse en contacto con nosotros para obtener m\u00e1s detalles.<\/p>    <div class=\"wp-block-columns is-layout-flex wp-container-core-columns-is-layout-28f84493 wp-block-columns-is-layout-flex\"> <div class=\"wp-block-column is-layout-flow wp-block-column-is-layout-flow\"> <figure class=\"wp-block-image aligncenter size-full\"><img loading=\"lazy\" decoding=\"async\" width=\"750\" height=\"500\" src=\"https:\/\/tianhuipackingmachine.com\/wp-content\/uploads\/2021\/09\/granule-powder-two-in-one-desktop-filling-machine.jpg\" alt=\"M\u00e1quina llenadora de sobremesa para gr\u00e1nulos, polvo y dos en uno\" class=\"wp-image-2705\" srcset=\"https:\/\/tianhuipackingmachine.com\/wp-content\/uploads\/2021\/09\/granule-powder-two-in-one-desktop-filling-machine.jpg 750w, https:\/\/tianhuipackingmachine.com\/wp-content\/uploads\/2021\/09\/granule-powder-two-in-one-desktop-filling-machine-300x200.jpg 300w\" sizes=\"auto, (max-width: 750px) 100vw, 750px\" \/><figcaption class=\"wp-element-caption\">Como fabricante y proveedor profesional de m\u00e1quinas autom\u00e1ticas de embalaje de semillas, tenemos una rica experiencia en embalaje, m\u00e1quinas de alto rendimiento, soluciones de l\u00ednea completa, personalizaci\u00f3n y un servicio postventa perfecto. Si est\u00e1 buscando una m\u00e1quina de embalaje altamente eficiente, precisa y autom\u00e1tica para<\/figcaption><\/figure> <\/div> <\/div>    <h2 class=\"wp-block-heading\" id=\"h-small-granule-filling-machine\">M\u00e1quina llenadora de gr\u00e1nulos peque\u00f1os<\/h2>    <p class=\"translation-block\">La llenadora de gr\u00e1nulos de escritorio es de bajo costo, ocupa poco espacio, es port\u00e1til, adecuada para varios gr\u00e1nulos, como granos, t\u00e9, baratijas, arroz, cereales, semillas, frutas secas, t\u00e9 perfumado, caramelo, t\u00e9 de rosas, jazm\u00edn, t\u00e9 de crisantemo, frijol verde, frijol rojo, cacahuete, semillas de mel\u00f3n, frutos secos, etc. El alcance del llenado cuantitativo incluye 0,3-20g, 0,5-50g, 0,5-99g y 1-200g.&nbsp;<\/p>    <figure class=\"wp-block-image aligncenter size-full\"><img loading=\"lazy\" decoding=\"async\" width=\"750\" height=\"500\" src=\"https:\/\/tianhuipackingmachine.com\/wp-content\/uploads\/2021\/09\/small-granule-filler.jpg\" alt=\"relleno de gr\u00e1nulos peque\u00f1os\" class=\"wp-image-2697\" srcset=\"https:\/\/tianhuipackingmachine.com\/wp-content\/uploads\/2021\/09\/small-granule-filler.jpg 750w, https:\/\/tianhuipackingmachine.com\/wp-content\/uploads\/2021\/09\/small-granule-filler-300x200.jpg 300w\" sizes=\"auto, (max-width: 750px) 100vw, 750px\" \/><figcaption class=\"wp-element-caption\">La pel\u00edcula retr\u00e1ctil se ajusta al producto, mejorando la resistencia al polvo, la humedad y la manipulaci\u00f3n.<\/figcaption><\/figure>    <h2 class=\"wp-block-heading has-text-color\" id=\"h-desktop-granule-filler-parameters\" style=\"color:#ff5200\">Par\u00e1metros del relleno de gr\u00e1nulos de escritorio.<\/h2>    <figure class=\"wp-block-table is-style-stripes\"><table><tbody><tr><td>Modelo<\/td><td>KL-20<\/td><td>kl-50<\/td><td>KL-100<\/td><td>KL-200<\/td><\/tr><tr><td>Fuerza<\/td><td>100W<\/td><td>100W<\/td><td>100W<\/td><td>120W<\/td><\/tr><tr><td>Alcance de llenado<\/td><td>0,3-20g<\/td><td>0,5-50g<\/td><td>0,5-99,9 g<\/td><td>1-200g<\/td><\/tr><tr><td>Desviaci\u00f3n<\/td><td>\u00b10,1-0,3g<\/td><td>\u00b10,1-0,3g<\/td><td>\u00b10,1-0,3g<\/td><td>\u00b10,1-0,5g<\/td><\/tr><tr><td>Tama\u00f1o de la m\u00e1quina<\/td><td>38*24*49cm<\/td><td>38*24*49cm<\/td><td>38*24*51cm<\/td><td>38*24*51cm<\/td><\/tr><\/tbody><\/table><\/figure>    <h2 class=\"wp-block-heading\" id=\"h-desktop-powder-filling-machine\">M\u00e1quina llenadora de polvo de escritorio<\/h2>    <p>La m\u00e1quina llenadora de polvo peque\u00f1a se aplica a una variedad de polvos, como harina, leche en polvo, caf\u00e9 en polvo, especias en polvo, harina de ma\u00edz, harina de arroz, colorantes en polvo, polvo nutricional, condimentos, cacao en polvo, polvo qu\u00edmico, chile en polvo, pimienta negra en polvo. polvo de hierbas, etc. Los alcances de llenado de 0,3-20 g, 0,5-50 g, 0,5-99,9 gy 1-200 g son opcionales. El error de llenado es \u00b10,1-0,3g.<\/p>    <figure class=\"wp-block-image aligncenter size-full\"><img loading=\"lazy\" decoding=\"async\" width=\"750\" height=\"500\" src=\"https:\/\/tianhuipackingmachine.com\/wp-content\/uploads\/2021\/09\/desktop-powder-weighing-and-filling-machine.jpg\" alt=\"M\u00e1quina llenadora y pesadora de polvo de escritorio\" class=\"wp-image-2699\" srcset=\"https:\/\/tianhuipackingmachine.com\/wp-content\/uploads\/2021\/09\/desktop-powder-weighing-and-filling-machine.jpg 750w, https:\/\/tianhuipackingmachine.com\/wp-content\/uploads\/2021\/09\/desktop-powder-weighing-and-filling-machine-300x200.jpg 300w\" sizes=\"auto, (max-width: 750px) 100vw, 750px\" \/><figcaption class=\"wp-element-caption\">Puede funcionar continuamente durante mucho tiempo<\/figcaption><\/figure>    <h2 class=\"wp-block-heading has-text-color\" id=\"h-small-powder-filler-parameters\" style=\"color:#ff5200\">Par\u00e1metros de relleno de polvo peque\u00f1o.<\/h2>    <figure class=\"wp-block-table is-style-stripes\"><table><tbody><tr><td>Modelo<\/td><td>F-20<\/td><td>F-50<\/td><td>F-100<\/td><td>F-200<\/td><\/tr><tr><td>Fuerza<\/td><td>100W<\/td><td>100W<\/td><td>100W<\/td><td>120W<\/td><\/tr><tr><td>Alcance de llenado<\/td><td>0,3-20g<\/td><td>0,5-50g<\/td><td>0,5-99,9 g<\/td><td>1-200g<\/td><\/tr><tr><td>Desviaci\u00f3n<\/td><td>\u00b10,1-0,3g<\/td><td>\u00b10,1-0,3g<\/td><td>\u00b10,1-0,3g<\/td><td>\u00b10,1-0,5g<\/td><\/tr><tr><td>Tama\u00f1o de la m\u00e1quina<\/td><td>38*24*51cm<\/td><td>38*24*51cm<\/td><td>38*24*51 cm\/38*24*56 cm (tolva cuadrada)<\/td><td>42*26*62cm<\/td><\/tr><\/tbody><\/table><\/figure>    <h2 class=\"wp-block-heading\" id=\"h-desktop-granule-and-powder-filling-machine-in-one\">M\u00e1quina llenadora de escritorio para gr\u00e1nulos y polvos en una<\/h2>    <p>Este tipo de m\u00e1quina es la m\u00e1quina llenadora dos en uno para gr\u00e1nulos y polvos. No s\u00f3lo puede pesar y llenar polvos sino tambi\u00e9n gr\u00e1nulos. Si el material de relleno es harina el peso m\u00e1ximo de relleno puede ser de 500g. Mientras que en el caso del arroz, puede llegar a los 999g. Entre estas tres m\u00e1quinas llenadoras cuantitativas de escritorio, todas admiten personalizaci\u00f3n y se puede cambiar el voltaje. &nbsp;<\/p>    <figure class=\"wp-block-image aligncenter size-full\"><img loading=\"lazy\" decoding=\"async\" width=\"750\" height=\"500\" src=\"https:\/\/tianhuipackingmachine.com\/wp-content\/uploads\/2021\/09\/small-granule-and-powder-quantitative-filler.jpg\" alt=\"relleno cuantitativo de gr\u00e1nulos peque\u00f1os y polvo\" class=\"wp-image-2701\" srcset=\"https:\/\/tianhuipackingmachine.com\/wp-content\/uploads\/2021\/09\/small-granule-and-powder-quantitative-filler.jpg 750w, https:\/\/tianhuipackingmachine.com\/wp-content\/uploads\/2021\/09\/small-granule-and-powder-quantitative-filler-300x200.jpg 300w\" sizes=\"auto, (max-width: 750px) 100vw, 750px\" \/><figcaption class=\"wp-element-caption\">Rendimiento estable, soportando escenas de trabajo de alta intensidad.<\/figcaption><\/figure>    <h2 class=\"wp-block-heading has-text-color\" id=\"h-desktop-powder-and-granule-filler-parameters\" style=\"color:#ff5200\">Par\u00e1metros de llenado de polvo y gr\u00e1nulos de escritorio.<\/h2>    <figure class=\"wp-block-table is-style-stripes\"><table><tbody><tr><td>Modelo<\/td><td>F-500<\/td><\/tr><tr><td>Fuerza<\/td><td>200W<\/td><\/tr><tr><td>Alcance de llenado<\/td><td>1-500 g (harina)\/1-999 g (arroz)<\/td><\/tr><tr><td>Desviaci\u00f3n<\/td><td>\u00b11-3g<\/td><\/tr><tr><td>Tama\u00f1o de la m\u00e1quina<\/td><td>40*27*80cm<\/td><\/tr><\/tbody><\/table><\/figure>    <h2 class=\"wp-block-heading\" id=\"h-desktop-quantitative-liquid-filling-machine\">M\u00e1quina de llenado de l\u00edquidos cuantitativa de escritorio<\/h2>    <p>La m\u00e1quina llenadora de l\u00edquidos de escritorio es impulsada por un cilindro para extraer y expulsar el material. Muchos tama\u00f1os de bombas de l\u00edquido son opcionales y el alcance de los modelos de llenado incluye 1-10 ml, 10-100 ml, 100-1000 ml, 5-50 ml, 50-500 ml, 500-5000 ml, 30-300 ml, 300-3000 ml, 1000-5000 ml. etc. Es adecuado para el l\u00edquido que puede fluir suavemente. Esta m\u00e1quina es popular entre las peque\u00f1as y medianas empresas debido a su peque\u00f1o espacio ocupado, su operaci\u00f3n port\u00e1til, simple y su bajo costo. La m\u00e1quina llenadora de l\u00edquidos de escritorio est\u00e1ndar es una llenadora de una salida. Si necesita una llenadora de l\u00edquidos de doble boquilla, puede personalizarla seg\u00fan sus necesidades.<\/p>    <figure class=\"wp-block-image aligncenter size-full\"><img loading=\"lazy\" decoding=\"async\" width=\"750\" height=\"500\" src=\"https:\/\/tianhuipackingmachine.com\/wp-content\/uploads\/2021\/09\/semi-automatic-single-outlet-liquid-filler.jpg\" alt=\"llenadora de l\u00edquido semiautom\u00e1tica de salida \u00fanica\" class=\"wp-image-2563\" srcset=\"https:\/\/tianhuipackingmachine.com\/wp-content\/uploads\/2021\/09\/semi-automatic-single-outlet-liquid-filler.jpg 750w, https:\/\/tianhuipackingmachine.com\/wp-content\/uploads\/2021\/09\/semi-automatic-single-outlet-liquid-filler-300x200.jpg 300w\" sizes=\"auto, (max-width: 750px) 100vw, 750px\" \/><figcaption class=\"wp-element-caption\">Llenadora de l\u00edquidos semiautom\u00e1tica de salida \u00fanica<\/figcaption><\/figure>    <h2 class=\"wp-block-heading\" id=\"h-desktop-paste-filling-machine\">M\u00e1quina llenadora de pasta de escritorio<\/h2>    <p>El llenador de pasta peque\u00f1o incluye dos tipos, el llenador de pasta con tolva en forma de cono y el llenador de pasta tipo U. Como sugiere el nombre, se diferencian en las tolvas de alimentaci\u00f3n. El primero est\u00e1 equipado con una tolva en forma de cono, adecuada para pasta con buena fluidez y sin gr\u00e1nulos ni sedimentos. Si el material de relleno es vicioso, es mejor combinar un dispositivo de agitaci\u00f3n y una funci\u00f3n de calentamiento para ayudar a llenar. Mientras que esto \u00faltimo se aplica a pastas con part\u00edculas o sedimentos. Un dispositivo de agitaci\u00f3n en la tolva tipo U hace que el material con part\u00edculas o sedimentos se mezcle bien y de manera uniforme.<\/p>    <div class=\"wp-block-columns is-layout-flex wp-container-core-columns-is-layout-28f84493 wp-block-columns-is-layout-flex\"> <div class=\"wp-block-column is-layout-flow wp-block-column-is-layout-flow\"> <figure class=\"wp-block-image size-full\"><img loading=\"lazy\" decoding=\"async\" width=\"750\" height=\"500\" src=\"https:\/\/tianhuipackingmachine.com\/wp-content\/uploads\/2021\/09\/semi-automatic-cone-shaped-hopper-paste-filler.jpg\" alt=\"Llenadora de pasta semiautom\u00e1tica con tolva c\u00f3nica\" class=\"wp-image-2573\" srcset=\"https:\/\/tianhuipackingmachine.com\/wp-content\/uploads\/2021\/09\/semi-automatic-cone-shaped-hopper-paste-filler.jpg 750w, https:\/\/tianhuipackingmachine.com\/wp-content\/uploads\/2021\/09\/semi-automatic-cone-shaped-hopper-paste-filler-300x200.jpg 300w\" sizes=\"auto, (max-width: 750px) 100vw, 750px\" \/><figcaption class=\"wp-element-caption\">Llenadora de pasta con tolva semiautom\u00e1tica en forma de cono<\/figcaption><\/figure> <\/div>    <div class=\"wp-block-column is-layout-flow wp-block-column-is-layout-flow\"> <figure class=\"wp-block-image size-full\"><img loading=\"lazy\" decoding=\"async\" width=\"750\" height=\"500\" src=\"https:\/\/tianhuipackingmachine.com\/wp-content\/uploads\/2021\/09\/semi-automatic-U-type-paste-filling-machine.jpg\" alt=\"M\u00e1quina llenadora de pasta semiautom\u00e1tica tipo U\" class=\"wp-image-2574\" srcset=\"https:\/\/tianhuipackingmachine.com\/wp-content\/uploads\/2021\/09\/semi-automatic-U-type-paste-filling-machine.jpg 750w, https:\/\/tianhuipackingmachine.com\/wp-content\/uploads\/2021\/09\/semi-automatic-U-type-paste-filling-machine-300x200.jpg 300w\" sizes=\"auto, (max-width: 750px) 100vw, 750px\" \/><figcaption class=\"wp-element-caption\">M\u00e1quina llenadora de pasta semiautom\u00e1tica tipo U<\/figcaption><\/figure> <\/div> <\/div>    <h2 class=\"wp-block-heading has-text-color\" id=\"h-semi-automatic-paste-filler-parameters\" style=\"color:#ff5200\">Par\u00e1metros de llenadora de pasta semiautom\u00e1tica<\/h2>    <figure class=\"wp-block-table is-style-stripes\"><table><tbody><tr><td>Modelo<\/td><td>500 (8 modelos en total)<\/td><\/tr><tr><td>Material de relleno<\/td><td>Pegar<\/td><\/tr><tr><td>rango de llenado<\/td><td>50-500ml (8 rangos en total)<\/td><\/tr><tr><td>Presi\u00f3n del aire<\/td><td>0,4-0,6 MPa<\/td><\/tr><tr><td>Alcance de tolerancia<\/td><td>0.50%<\/td><\/tr><tr><td>Cabezal de llenado<\/td><td>Soltero<\/td><\/tr><\/tbody><\/table><\/figure>    <h2 class=\"wp-block-heading\" id=\"h-characteristics-of-desktop-filling-machine\">Caracter\u00edsticas de la m\u00e1quina llenadora de escritorio.<\/h2>    <ol class=\"wp-block-list\"> <li>Peque\u00f1o espacio ocupado, port\u00e1til, de bajo costo, precio asequible, amplias aplicaciones<\/li>    <li>Funciona de forma estable y suave, bajo nivel de ruido, potencia m\u00ednima, peso ligero y conservaci\u00f3n de energ\u00eda.<\/li>    <li>Control por microcomputadora, alta precisi\u00f3n, pesaje y llenado precisos.<\/li>    <li>Pesaje y llenado cuantitativos, baja desviaci\u00f3n, disminuci\u00f3n del desperdicio de material<\/li>    <li>Muchos tipos de alcances de llenado son opcionales para diferentes demandas.<\/li>    <li>Adopte acero inoxidable para las piezas del material de contacto, duradero y f\u00e1cil de limpiar.<\/li>    <li>Admite servicio OEM, incluido el cambio de voltaje seg\u00fan sus necesidades<\/li> <\/ol>    <h2 class=\"wp-block-heading\" id=\"h-structure-of-small-filler-for-powder-and-granules\">Estructura de peque\u00f1a carga para polvo y gr\u00e1nulos.<\/h2>    <p>La estructura de la m\u00e1quina llenadora de escritorio para gr\u00e1nulos y polvos de escritorio incluye tolva de almacenamiento, panel de control inteligente, almohadilla para los pies, salida, sensor de infrarrojos y puerto de datos. La tolva de almacenamiento puede cargar una gran cantidad de materiales, lo que ahorra tiempo de alimentaci\u00f3n. Un panel de control inteligente es f\u00e1cil de operar, conveniente para configurar varios par\u00e1metros y muy preciso y exacto. La parte del material de contacto est\u00e1 hecha de acero inoxidable duradero, higi\u00e9nico y limpio. El cable de alimentaci\u00f3n del producto est\u00e1 altamente aislado para evitar fugas. El voltaje personalizado est\u00e1 disponible.<\/p>    <figure class=\"wp-block-image aligncenter size-full\"><img loading=\"lazy\" decoding=\"async\" width=\"750\" height=\"500\" src=\"https:\/\/tianhuipackingmachine.com\/wp-content\/uploads\/2021\/09\/small-quantitative-powder-filler-structure.jpg\" alt=\"peque\u00f1a estructura de relleno de polvo cuantitativo\" class=\"wp-image-2702\" srcset=\"https:\/\/tianhuipackingmachine.com\/wp-content\/uploads\/2021\/09\/small-quantitative-powder-filler-structure.jpg 750w, https:\/\/tianhuipackingmachine.com\/wp-content\/uploads\/2021\/09\/small-quantitative-powder-filler-structure-300x200.jpg 300w\" sizes=\"auto, (max-width: 750px) 100vw, 750px\" \/><figcaption class=\"wp-element-caption\">Soporte para personalizaci\u00f3n y coincidencia de l\u00ednea completa<\/figcaption><\/figure>    <h2 class=\"wp-block-heading\" id=\"h-why-choose-us-as-your-top-supplier\">\u00bfPor qu\u00e9 elegirnos como su principal proveedor?<\/h2>    <p class=\"translation-block\">En primer lugar, nuestra empresa, Top(Henan) Packing Machinery Co., Ltd, es <strong><a href=\"https:\/\/tianhuipackingmachine.com\/es\/\">un fabricante y proveedor<\/a><\/strong>. La m\u00e1quina se entrega directamente de f\u00e1brica y podemos ofrecer a los clientes un buen precio. Antes del env\u00edo, enviaremos al comprador fotos y v\u00eddeos. Para la m\u00e1quina en funcionamiento, proporcionaremos un manual y v\u00eddeo en ingl\u00e9s. Si nuestros clientes tienen alg\u00fan problema al usar nuestro equipo, hay servicio en l\u00ednea disponible las 24 horas. Adem\u00e1s, admitimos el servicio OEM seg\u00fan sus requisitos espec\u00edficos.<\/p>    <h2 class=\"wp-block-heading\" id=\"h-related-machines\">M\u00e1quinas relacionadas<\/h2>    <p class=\"translation-block\">Todos los anteriores son m\u00e1quinas llenadoras peque\u00f1as para polvo, gr\u00e1nulos, l\u00edquidos o pastas. Adem\u00e1s, tambi\u00e9n proporcionamos m\u00e1quinas llenadoras de polvo de 5-50 kg, m\u00e1quina de envasado de polvo autom\u00e1tica, <strong><a href=\"https:\/\/tianhuipackingmachine.com\/es\/5-50kg-granule-filling-machine\/\">m\u00e1quina llenadora de gr\u00e1nulos de 5-50 kg<\/a><\/strong>, m\u00e1quina de envasado de gr\u00e1nulos totalmente autom\u00e1tica, m\u00e1quina de envasado con pesadora multicabezal, m\u00e1quina de envasado con cadena de cubos, m\u00e1quina llenadora de pasta con boquilla multicabezal, m\u00e1quina llenadora de <strong><a href=\"https:\/\/tianhuipackingmachine.com\/es\/liquid-filling-machines\/\">l\u00edquidos<\/a><\/strong> con salida multicabezal, m\u00e1quina de envasado de l\u00edquidos en bolsa, m\u00e1quina de envasado de sobres de salsa. Hay muchos vol\u00famenes de llenado opcionales. Puede elegir seg\u00fan sus necesidades o <strong><a href=\"https:\/\/tianhuipackingmachine.com\/es\/contacto\/\">contactarnos<\/a><\/strong> para obtener sugerencias \u00fatiles.<\/p>    <figure class=\"wp-block-image aligncenter size-full\"><img loading=\"lazy\" decoding=\"async\" width=\"600\" height=\"450\" src=\"https:\/\/tianhuipackingmachine.com\/wp-content\/uploads\/2021\/07\/multi-head-liquid-bottle-packaging-machine.jpg\" alt=\"M\u00e1quina envasadora de botellas de l\u00edquidos con cabezales m\u00faltiples.\" class=\"wp-image-1959\" srcset=\"https:\/\/tianhuipackingmachine.com\/wp-content\/uploads\/2021\/07\/multi-head-liquid-bottle-packaging-machine.jpg 600w, https:\/\/tianhuipackingmachine.com\/wp-content\/uploads\/2021\/07\/multi-head-liquid-bottle-packaging-machine-300x225.jpg 300w\" sizes=\"auto, (max-width: 600px) 100vw, 600px\" \/><figcaption class=\"wp-element-caption\">M\u00e1quina envasadora de botellas de l\u00edquido con cabezales m\u00faltiples<\/figcaption><\/figure>    <h2 class=\"wp-block-heading\" id=\"h-conclusion\">Conclusi\u00f3n<\/h2>    <p class=\"translation-block\">Como fabricante y proveedor de m\u00e1quinas de envasado, Top(Henan) packing machinery ofrece todo tipo de m\u00e1quinas de envasado, m\u00e1quinas selladoras, <strong><a href=\"https:\/\/tianhuipackingmachine.com\/es\/filling-machines\/\">m\u00e1quinas llenadoras<\/a><\/strong>, m\u00e1quinas taponadoras, m\u00e1quinas etiquetadoras, <strong><a href=\"https:\/\/tianhuipackingmachine.com\/es\/shrink-packing-machine\/\">m\u00e1quinas envolvedoras retr\u00e1ctiles<\/a><\/strong>, etc. Adem\u00e1s, se venden muchas m\u00e1quinas de soporte, como m\u00e1quinas de carga, cintas transportadoras, impresoras de codificaci\u00f3n, etc. Adem\u00e1s, admitimos el servicio de personalizaci\u00f3n seg\u00fan sus requisitos. Haremos todo lo posible para satisfacer sus necesidades de m\u00e1quinas. \u00bfDesea m\u00e1s informaci\u00f3n y el mejor precio? Cont\u00e1ctenos para una comunicaci\u00f3n adicional y le responderemos lo antes posible.<\/p>","protected":false},"excerpt":{"rendered":"<p>Small filling machine is a kind of small quantitative machine for weighing and filling materials. It has the advantages of small occupied place, accurate weighing, low cost, wide applications, etc., suitable for various granule, powder, liquid, or paste, no matter bags or bottles. This machine can be used individually or as a part of a [&hellip;]<\/p>\n","protected":false},"author":1,"featured_media":2705,"parent":0,"template":"","tags":[162],"product-type":[141],"class_list":["post-2692","product","type-product","status-publish","has-post-thumbnail","hentry","tag-filling-machine","product-type-filling-machines"],"_links":{"self":[{"href":"https:\/\/tianhuipackingmachine.com\/es\/wp-json\/wp\/v2\/product\/2692","targetHints":{"allow":["GET"]}}],"collection":[{"href":"https:\/\/tianhuipackingmachine.com\/es\/wp-json\/wp\/v2\/product"}],"about":[{"href":"https:\/\/tianhuipackingmachine.com\/es\/wp-json\/wp\/v2\/types\/product"}],"author":[{"embeddable":true,"href":"https:\/\/tianhuipackingmachine.com\/es\/wp-json\/wp\/v2\/users\/1"}],"wp:featuredmedia":[{"embeddable":true,"href":"https:\/\/tianhuipackingmachine.com\/es\/wp-json\/wp\/v2\/media\/2705"}],"wp:attachment":[{"href":"https:\/\/tianhuipackingmachine.com\/es\/wp-json\/wp\/v2\/media?parent=2692"}],"wp:term":[{"taxonomy":"post_tag","embeddable":true,"href":"https:\/\/tianhuipackingmachine.com\/es\/wp-json\/wp\/v2\/tags?post=2692"},{"taxonomy":"product-type","embeddable":true,"href":"https:\/\/tianhuipackingmachine.com\/es\/wp-json\/wp\/v2\/product-type?post=2692"}],"curies":[{"name":"wp","href":"https:\/\/api.w.org\/{rel}","templated":true}]}}