{"id":2601,"date":"2021-09-14T18:02:34","date_gmt":"2021-09-14T10:02:34","guid":{"rendered":"https:\/\/tianhuipackingmachine.com\/?page_id=2601"},"modified":"2025-04-28T17:02:29","modified_gmt":"2025-04-28T09:02:29","slug":"chain-bucket-packing-machine","status":"publish","type":"product","link":"https:\/\/tianhuipackingmachine.com\/es\/chain-bucket-packing-machine\/","title":{"rendered":"M\u00e1quina empacadora de cubos de cadena"},"content":{"rendered":"<p class=\"translation-block\">La <strong>m\u00e1quina envasadora de cubos de cadena<\/strong> es un tipo de equipo que no pesa el material durante el proceso de envasado. Se aplica ampliamente a varios gr\u00e1nulos, como cacahuetes, patatas fritas, chips de pl\u00e1tano, galletas de gambas, snacks de bugles, aros de cebolla, galletas, habas, jud\u00edas verdes, d\u00e1tiles rojos, cereales, etc. Adem\u00e1s, permite envasar diferentes materiales en una sola bolsa, como t\u00e9 perfumado. Puede elegir la introducci\u00f3n manual de material en los cubos de cadena o combinarla con una m\u00e1quina de llenado por pesaje para realizar un proceso totalmente autom\u00e1tico, mejorando significativamente la eficiencia de producci\u00f3n y ahorrando mano de obra y tiempo.<\/p>   <figure class=\"wp-block-embed-youtube wp-block-embed is-type-video is-provider-youtube wp-embed-aspect-16-9 wp-has-aspect-ratio\"><div class=\"lyte-wrapper\" title=\"M\u00e1quina de embalaje de cinta transportadora de cubos | M\u00e1quina de embalaje autom\u00e1tica de tipo volcado en venta #gr\u00e1nulo\" style=\"width:853px;max-width:100%;margin:5px auto;\"><div class=\"lyMe\" id=\"WYL_yw1mwP7_aCI\" itemprop=\"video\" itemscope itemtype=\"https:\/\/schema.org\/VideoObject\"><div><meta itemprop=\"thumbnailUrl\" content=\"https:\/\/i.ytimg.com\/vi\/yw1mwP7_aCI\/hqdefault.jpg\" \/><meta itemprop=\"embedURL\" content=\"https:\/\/www.youtube.com\/embed\/yw1mwP7_aCI\" \/><meta itemprop=\"duration\" content=\"PT1M7S\" \/><meta itemprop=\"uploadDate\" content=\"2025-04-28T09:01:59Z\" \/><\/div><div id=\"lyte_yw1mwP7_aCI\" data-src=\"https:\/\/i.ytimg.com\/vi\/yw1mwP7_aCI\/hqdefault.jpg\" class=\"pL\"><div class=\"tC\"><div class=\"tT\" itemprop=\"name\">M\u00e1quina de embalaje de cinta transportadora de cubos | M\u00e1quina de embalaje autom\u00e1tica de tipo volcado en venta #gr\u00e1nulo<\/div><\/div><div class=\"play\"><\/div><div class=\"ctrl\"><div class=\"Lctrl\"><\/div><div class=\"Rctrl\"><\/div><\/div><\/div><noscript><a href=\"https:\/\/youtu.be\/yw1mwP7_aCI\" rel=\"nofollow noopener\" target=\"_blank\"><img loading=\"lazy\" decoding=\"async\" src=\"https:\/\/i.ytimg.com\/vi\/yw1mwP7_aCI\/0.jpg\" alt=\"M\u00e1quina de embalaje de cinta transportadora de cubos | M\u00e1quina de embalaje autom\u00e1tica de tipo volcado en venta #gr\u00e1nulo\" width=\"853\" height=\"460\" \/><\/a><\/noscript><meta itemprop=\"description\" content=\"#granulepackingmachine #granules #packingmachine #packagingmachine WhatsApp No.: https:\/\/wa.me\/+8613673689272 WeChat\/Tel No.:+8613673689272 Email: info@tianhuipackingmachine.com Website: https:\/\/tianhuipackingmachine.com\/chain-bucket-packing-machine\/ Discover the working process of our efficient bucket conveyor packing machine! This automatic dump type packaging machine is perfect for various granular, powder, and irregular products. It features precise filling, stable operation, and easy maintenance, making it ideal for industries like food, agriculture, and chemicals. If you&#039;re looking for a reliable and high-efficiency packing solution, don&#039;t miss this video! \u2705 Contact us now for professional advice and best price! \ud83c\udf1f Application: rice, seeds, nuts, beans, snacks, chemical powders, fertilizers, etc. \ud83c\udf1f Features: high efficiency, precise weighing, smooth dumping, customizable solutions. \ud83d\udce9 Inquiry for more details and machine quotation! WhatsApp No.: https:\/\/wa.me\/+8613673689272 WeChat\/Tel No.:+8613673689272 Email: info@tianhuipackingmachine.com Website: https:\/\/tianhuipackingmachine.com\/chain-bucket-packing-machine\/\"><\/div><\/div><div class=\"lL\" style=\"max-width:100%;width:853px;margin:5px auto;\"> <a href=\"https:\/\/youtu.be\/yw1mwP7_aCI\" target=\"_blank\" rel=\"noopener\">Ver este v\u00eddeo en YouTube<\/a>.<\/div><figcaption>video de m\u00e1quina de envasado de cubos de cadena<\/figcaption><\/figure>   <h2 class=\"wp-block-heading\" id=\"h-chain-bucket-packing-machine-for-sale\">M\u00e1quina empacadora de cangilones de cadena a la venta<\/h2>    <p>La m\u00e1quina empacadora de bolsas con cangil\u00f3n de cadena a la venta en Top (Henan) Packing Machinery incluye 2 modelos, TH-320 y TH-450. Se denominan as\u00ed por el ancho m\u00e1ximo de la pel\u00edcula de embalaje. Todos pueden terminar de fabricar, llenar, sellar, cortar y contar bolsas autom\u00e1ticamente. Cuando funciona, empaqueta los materiales del cangil\u00f3n de cadena uno por uno, sin importar cu\u00e1nto material haya.<\/p>    <figure class=\"wp-block-image aligncenter size-full\"><img loading=\"lazy\" decoding=\"async\" width=\"600\" height=\"450\" src=\"https:\/\/tianhuipackingmachine.com\/wp-content\/uploads\/2021\/09\/chain-bucket-packing-machine.jpg\" alt=\"empaquetadora de cubos de cadena\" class=\"wp-image-2605\" srcset=\"https:\/\/tianhuipackingmachine.com\/wp-content\/uploads\/2021\/09\/chain-bucket-packing-machine.jpg 600w, https:\/\/tianhuipackingmachine.com\/wp-content\/uploads\/2021\/09\/chain-bucket-packing-machine-300x225.jpg 300w\" sizes=\"auto, (max-width: 600px) 100vw, 600px\" \/><figcaption class=\"wp-element-caption\">M\u00e1quina empacadora de cubos de cadena<\/figcaption><\/figure>    <h2 class=\"wp-block-heading has-text-color\" id=\"h-chain-bucket-granule-packaging-machine-parameters\" style=\"color:#ff5200\">Par\u00e1metros de la m\u00e1quina envasadora de gr\u00e1nulos con cuchar\u00f3n de cadena<\/h2>    <figure class=\"wp-block-table is-style-stripes\"><table><tbody><tr><td>Fuerza<\/td><td>2,2 kw<\/td><\/tr><tr><td>Longitud de la bolsa de embalaje<\/td><td>50-300 mm<\/td><\/tr><tr><td>Ancho de la bolsa de embalaje<\/td><td>80-200 mm<\/td><\/tr><tr><td>Velocidad de embalaje<\/td><td>20-60 bolsas\/minuto<\/td><\/tr><tr><td>Capacidad de embalaje<\/td><td>M\u00e1quina llenadora manual de material o f\u00f3sforos.<\/td><\/tr><tr><td>Estilo de sellado<\/td><td>Sello trasero<\/td><\/tr><tr><td>Peso<\/td><td>400 kilos<\/td><\/tr><tr><td>Dimensi\u00f3n<\/td><td>820*1220*2000mm<\/td><\/tr><\/tbody><\/table><\/figure>    <p>(Los par\u00e1metros se pueden ajustar seg\u00fan los requisitos del cliente)<\/p>    <h2 class=\"wp-block-heading\" id=\"h-bucket-chain-packing-machine-working-video\">V\u00eddeo de funcionamiento de la m\u00e1quina envasadora de cadenas de cangilones. <\/h2>   <figure class=\"wp-block-embed-youtube wp-block-embed is-type-video is-provider-youtube wp-embed-aspect-16-9 wp-has-aspect-ratio\"><div class=\"lyte-wrapper\" title=\"As\u00ed es como funciona una m\u00e1quina empacadora de cangilones con cadena | Inteligente, Multifuncional, Semiautom\u00e1tico, Autom\u00e1tico\" style=\"width:853px;max-width:100%;margin:5px auto;\"><div class=\"lyMe\" id=\"WYL_Fl8qAtw3M4o\" itemprop=\"video\" itemscope itemtype=\"https:\/\/schema.org\/VideoObject\"><div><meta itemprop=\"thumbnailUrl\" content=\"https:\/\/i.ytimg.com\/vi\/Fl8qAtw3M4o\/hqdefault.jpg\" \/><meta itemprop=\"embedURL\" content=\"https:\/\/www.youtube.com\/embed\/Fl8qAtw3M4o\" \/><meta itemprop=\"duration\" content=\"PT2M14S\" \/><meta itemprop=\"uploadDate\" content=\"2022-01-11T09:10:20Z\" \/><\/div><div id=\"lyte_Fl8qAtw3M4o\" data-src=\"https:\/\/i.ytimg.com\/vi\/Fl8qAtw3M4o\/hqdefault.jpg\" class=\"pL\"><div class=\"tC\"><div class=\"tT\" itemprop=\"name\">As\u00ed es como funciona una m\u00e1quina empacadora de cangilones con cadena | Inteligente, Multifuncional, Semiautom\u00e1tico, Autom\u00e1tico<\/div><\/div><div class=\"play\"><\/div><div class=\"ctrl\"><div class=\"Lctrl\"><\/div><div class=\"Rctrl\"><\/div><\/div><\/div><noscript><a href=\"https:\/\/youtu.be\/Fl8qAtw3M4o\" rel=\"nofollow noopener\" target=\"_blank\"><img loading=\"lazy\" decoding=\"async\" src=\"https:\/\/i.ytimg.com\/vi\/Fl8qAtw3M4o\/0.jpg\" alt=\"As\u00ed es como funciona una m\u00e1quina empacadora de cangilones con cadena | Inteligente, Multifuncional, Semiautom\u00e1tico, Autom\u00e1tico\" width=\"853\" height=\"460\" \/><\/a><\/noscript><meta itemprop=\"description\" content=\"If you are interested in it, welcome to consult us. Website: https:\/\/tianhuipackingmachine.com\/chain-bucket-packing-machine\/ Whatsapp\/Tel: +86 17329326135 Email: sales@toppackingmachine.com Chain bucket packing machine is a kind of special equipment. The pouch can package the material in each bucket as long as the packaging bag has enough capacity. The operator can choose to place material manually or match one or several feeders based on the needs. The size of the machine support customization service for different packaging raw material and actual requirements. It is composed of a PLC touch screen, bucket chain, bag maker, film roll fixing device, vertical sealing device, horizontal sealing, and cutting device, etc. The operator can set up using language, packaging bag length, packing speed, etc. The sealing temperature is adjustable according to the packaging effect. When the bucket chain reaches to bag maker, it will tip the material into the packaging bag automatically. The tripping bucket packing machine is suitable for single or multiple objects per bag. And it can be equipped with a date cording machine, nitrogen filling device, output conveyor, etc. The sealing style includes bag center seal, 3-side seal, 4-side seal, gusset pouch, flat bag, pouch with a hole, plain end seal, sawtooth end seal, etc. This type of packaging machine has a wide range of applications, such as scented tea, coffee bean, peanut, broad bean, melon seeds, puffed food, oatmeal, rice crust, green beans, red beans, popcorn, candy, apple chips, potato\u00a0chips, french chips, banana chips, prawn cracker, bugles snacks, onion ring, biscuit,\u00a0snacks, jelly, dried fruit, dried vegetable, and so on. If you want to know more about granule packing machines, you can see them here. Vertical granule packing machine: https:\/\/youtu.be\/WL8gU11AWqI Four-head weigher packing machine: https:\/\/www.youtube.com\/watch?v=m3XHQ9LlhgY&amp;t=19s 10-Head scale packing machine for potato chips: https:\/\/youtu.be\/fIU65zNNvU4 Whatsapp\/Tel: +86 17329326135 Email: sales@toppackingmachine.com\"><\/div><\/div><div class=\"lL\" style=\"max-width:100%;width:853px;margin:5px auto;\"> <a href=\"https:\/\/youtu.be\/Fl8qAtw3M4o\" target=\"_blank\" rel=\"noopener\">Ver este v\u00eddeo en YouTube<\/a>.<\/div><figcaption><\/figcaption><\/figure>   <h2 class=\"wp-block-heading\" id=\"h-features-of-chain-bucket-packaging-machine\">Caracter\u00edsticas de la m\u00e1quina envasadora de cangilones con cadena.<\/h2>    <ol class=\"wp-block-list\"> <li>Dise\u00f1o razonable, estructura simple, cuchar\u00f3n de cadena horizontal, f\u00e1cil de operar<\/li>    <li>Control avanzado de chip por microordenador, en pantalla t\u00e1ctil para configurar mediante idioma, velocidad de embalaje, longitud de bolsa, etc.<\/li>    <li>Puede completar todo el proceso de formaci\u00f3n, llenado, sellado, corte y conteo de bolsas autom\u00e1ticamente.<\/li>    <li>Equipado con ojo fotoel\u00e9ctrico para asegurar un posicionamiento preciso y un corte preciso.<\/li>    <li>En una pantalla grande es f\u00e1cil ver varios par\u00e1metros en la pantalla.<\/li>    <li>Es f\u00e1cil ver la temperatura de sellado vertical y horizontal.<\/li>    <li>Diagn\u00f3stico de fallas inteligente, que muestra la posici\u00f3n de la falla, conveniente de mantener<\/li>    <li>El bot\u00f3n de emergencia est\u00e1 dise\u00f1ado como medida de seguridad.<\/li>    <li>Servicio de personalizaci\u00f3n disponible<\/li> <\/ol>    <h2 class=\"wp-block-heading\" id=\"h-wide-applications-of-chain-bucket-packing-equipment\">Amplias aplicaciones de equipos de embalaje con cangilones de cadena.<\/h2>    <p class=\"translation-block\">La m\u00e1quina envasadora con sellado trasero y cubos de cadena es adecuada para todo tipo de gr\u00e1nulos no pegajosos, como t\u00e9 perfumado, granos de caf\u00e9, cacahuetes, habas, semillas de mel\u00f3n, alimentos inflados, avena, costra de arroz, jud\u00edas verdes, jud\u00edas rojas, palomitas de ma\u00edz, caramelos, chips de manzana, patatas <strong><a href=\"https:\/\/tianhuipackingmachine.com\/es\/chips-packaging-machine\/\">fritas<\/a><\/strong>, chips franceses, chips de pl\u00e1tano, galletas de gambas, snacks de bugles, aros de cebolla, galletas, <strong><a href=\"https:\/\/tianhuipackingmachine.com\/es\/snacks-packing-machine\/\">snacks<\/a><\/strong>, gelatina, fruta seca, verdura seca, etc. &nbsp;<\/p>    <figure class=\"wp-block-image aligncenter size-full\"><img loading=\"lazy\" decoding=\"async\" width=\"750\" height=\"500\" src=\"https:\/\/tianhuipackingmachine.com\/wp-content\/uploads\/2021\/09\/applications-of-chain-bucket-packaging-machine.jpg\" alt=\"Aplicaciones de la m\u00e1quina envasadora de cangilones de cadena.\" class=\"wp-image-2610\" srcset=\"https:\/\/tianhuipackingmachine.com\/wp-content\/uploads\/2021\/09\/applications-of-chain-bucket-packaging-machine.jpg 750w, https:\/\/tianhuipackingmachine.com\/wp-content\/uploads\/2021\/09\/applications-of-chain-bucket-packaging-machine-300x200.jpg 300w\" sizes=\"auto, (max-width: 750px) 100vw, 750px\" \/><figcaption class=\"wp-element-caption\">Aplicaciones de la m\u00e1quina envasadora de cangilones de cadena<\/figcaption><\/figure>    <h2 class=\"wp-block-heading\" id=\"h-chain-granule-packing-machine-structure\">Estructura de la m\u00e1quina empacadora de gr\u00e1nulos de cadena<\/h2>    <p>El equipo se compone de una pantalla t\u00e1ctil, cangilones de cadena, formador de bolsas, dispositivo de fijaci\u00f3n de rollos de pel\u00edcula, dispositivo de sellado vertical, dispositivo de sellado y corte horizontal, etc. El operador puede configurar el idioma, la longitud de la bolsa de embalaje, la velocidad de embalaje, etc. El cubo de cadena para materiales se utiliza para transportar e introducir los gr\u00e1nulos en la bolsa de embalaje. Y el tama\u00f1o del cuchar\u00f3n de cadena para material tiene algunas diferencias seg\u00fan los diferentes requisitos de los clientes. Si desea empacar bolsas de diferentes tama\u00f1os, debe reemplazar el fabricante de bolsas correspondiente. Adem\u00e1s, tambi\u00e9n proporcionamos dispositivos de llenado de nitr\u00f3geno si lo desea. Adem\u00e1s, el servicio OEM est\u00e1 disponible.<\/p>    <figure class=\"wp-block-image aligncenter size-full\"><img loading=\"lazy\" decoding=\"async\" width=\"750\" height=\"500\" src=\"https:\/\/tianhuipackingmachine.com\/wp-content\/uploads\/2021\/09\/chain-bucket-packaging-machine-structure.jpg\" alt=\"Estructura de la m\u00e1quina envasadora de cubos de cadena.\" class=\"wp-image-2606\" srcset=\"https:\/\/tianhuipackingmachine.com\/wp-content\/uploads\/2021\/09\/chain-bucket-packaging-machine-structure.jpg 750w, https:\/\/tianhuipackingmachine.com\/wp-content\/uploads\/2021\/09\/chain-bucket-packaging-machine-structure-300x200.jpg 300w\" sizes=\"auto, (max-width: 750px) 100vw, 750px\" \/><figcaption class=\"wp-element-caption\">Estructura de la m\u00e1quina de envasado de cubos de cadena<\/figcaption><\/figure>    <h2 class=\"wp-block-heading\" id=\"h-do-you-know-these-about-chain-bucket-packing-equipment-price\">\u00bfConoce esto sobre el precio del equipo de embalaje de cangilones con cadena?<\/h2>    <p class=\"translation-block\">El precio de la m\u00e1quina envasadora de gr\u00e1nulos de cadena est\u00e1 estrechamente relacionado con el material de fabricaci\u00f3n, la tecnolog\u00eda y otros dispositivos opcionales con los que se pueda combinar. Cuanto mejor sea el material de fabricaci\u00f3n de la m\u00e1quina, mayor ser\u00e1 el coste del material. Una tecnolog\u00eda m\u00e1s avanzada requiere m\u00e1s costes de mano de obra para realizarla. En cuanto a los dispositivos opcionales, depende de sus elecciones. Si necesita un dispositivo de alimentaci\u00f3n para llenar material en el cubo de cadena, puede optar por combinar uno o varios dispositivos de pesaje y llenado cuantitativo de bajo coste. Adem\u00e1s, hay una impresora de codificaci\u00f3n, un transportador de salida, un dispositivo de llenado de nitr\u00f3geno, etc. Por lo tanto, el precio final lo decide la m\u00e1quina espec\u00edfica. \u00bfEst\u00e1 interesado en ella? <strong><a href=\"https:\/\/tianhuipackingmachine.com\/es\/contacto\/\">P\u00f3ngase en contacto con nosotros<\/a><\/strong> para obtener m\u00e1s detalles y el mejor precio.<\/p>    <h2 class=\"wp-block-heading\" id=\"h-contact-us-to-learn-more-information\">Cont\u00e1ctanos para conocer m\u00e1s informaci\u00f3n<\/h2>    <p class=\"translation-block\">En comparaci\u00f3n con otras <strong><a href=\"https:\/\/tianhuipackingmachine.com\/es\/empaquetadora-de-granulos\/\">m\u00e1quinas envasadoras de gr\u00e1nulos<\/a><\/strong>, puede envasar varios tama\u00f1os de gr\u00e1nulos dentro del alcance del cubo de cadena y la bolsa de envasado. Cuando funciona con dispositivos de alimentaci\u00f3n cuantitativa, es posible envasar diferentes materiales en una proporci\u00f3n determinada. Los modelos comunes en Top(Henan) Packing Machinery son TH-320 y TH-450, pero podemos personalizar el tama\u00f1o de la m\u00e1quina seg\u00fan sus requisitos. Adem\u00e1s, tambi\u00e9n suministramos <strong><a href=\"https:\/\/tianhuipackingmachine.com\/es\/\">m\u00e1quinas envasadoras<\/a><\/strong> para l\u00edquidos, pastas, trozos, polvos o gr\u00e1nulos, selladoras al vac\u00edo, m\u00e1quinas taponadoras, m\u00e1quinas selladoras, m\u00e1quinas envasadoras tipo almohada, etc. Esperamos recibir su informaci\u00f3n de contacto y su comunicaci\u00f3n.<\/p>","protected":false},"excerpt":{"rendered":"<p>Chain bucket packing machine is a kind of equipment that does not weigh the material when during the packaging process. It widely applies to various granules, such as peanuts, potato chips, banana chips, prawn crackers, bugles snacks, onion rings, biscuits, broad beans, green beans, red dates, cereal, etc. Besides, it can make it possible to [&hellip;]<\/p>\n","protected":false},"author":1,"featured_media":2606,"parent":0,"template":"","tags":[184],"product-type":[145],"class_list":["post-2601","product","type-product","status-publish","has-post-thumbnail","hentry","tag-chain-bucket-packing-machine","product-type-other-products"],"_links":{"self":[{"href":"https:\/\/tianhuipackingmachine.com\/es\/wp-json\/wp\/v2\/product\/2601","targetHints":{"allow":["GET"]}}],"collection":[{"href":"https:\/\/tianhuipackingmachine.com\/es\/wp-json\/wp\/v2\/product"}],"about":[{"href":"https:\/\/tianhuipackingmachine.com\/es\/wp-json\/wp\/v2\/types\/product"}],"author":[{"embeddable":true,"href":"https:\/\/tianhuipackingmachine.com\/es\/wp-json\/wp\/v2\/users\/1"}],"wp:featuredmedia":[{"embeddable":true,"href":"https:\/\/tianhuipackingmachine.com\/es\/wp-json\/wp\/v2\/media\/2606"}],"wp:attachment":[{"href":"https:\/\/tianhuipackingmachine.com\/es\/wp-json\/wp\/v2\/media?parent=2601"}],"wp:term":[{"taxonomy":"post_tag","embeddable":true,"href":"https:\/\/tianhuipackingmachine.com\/es\/wp-json\/wp\/v2\/tags?post=2601"},{"taxonomy":"product-type","embeddable":true,"href":"https:\/\/tianhuipackingmachine.com\/es\/wp-json\/wp\/v2\/product-type?post=2601"}],"curies":[{"name":"wp","href":"https:\/\/api.w.org\/{rel}","templated":true}]}}