{"id":2571,"date":"2021-09-14T11:13:10","date_gmt":"2021-09-14T03:13:10","guid":{"rendered":"https:\/\/tianhuipackingmachine.com\/?page_id=2571"},"modified":"2022-04-27T11:20:26","modified_gmt":"2022-04-27T03:20:26","slug":"paste-filling-machines","status":"publish","type":"product","link":"https:\/\/tianhuipackingmachine.com\/es\/paste-filling-machines\/","title":{"rendered":"M\u00e1quina llenadora de pasta"},"content":{"rendered":"<p class=\"translation-block\"><strong>La m\u00e1quina de llenado de pasta<\/strong> es el equipo para llenar pasta en bolsas, botellas o latas. Es adecuada para varias pastas, como salsas, productos de uso diario, productos qu\u00edmicos, etc. Hay un llenador de pasta semiautom\u00e1tico y un llenador autom\u00e1tico de m\u00faltiples cabezales. El primero ocupa un espacio peque\u00f1o, tiene una estructura simple y un costo bajo. El segundo est\u00e1 equipado con m\u00faltiples salidas, llenado autom\u00e1tico, mejora la eficiencia de producci\u00f3n y ahorra mano de obra. Adem\u00e1s, el autom\u00e1tico puede combinarse con otras m\u00e1quinas para formar una l\u00ednea de producci\u00f3n, como desenlazador de botellas, m\u00e1quina de limpieza, m\u00e1quina de tapado, m\u00e1quina de etiquetado, impresora de codificaci\u00f3n, etc. Adem\u00e1s, se ofrece un servicio de personalizaci\u00f3n.<\/p>    <h2 class=\"wp-block-heading\" id=\"h-paste-filling-machine-for-sale\">M\u00e1quina llenadora de pasta a la venta<\/h2>    <p>El equipo de llenado de pasta en la m\u00e1quina empacadora Top (Henan) a la venta incluye una llenadora semiautom\u00e1tica de pasta con una tolva en forma de cono o una tolva tipo U, una llenadora autom\u00e1tica de pasta con cabezales m\u00faltiples. Para la llenadora de pasta semiautom\u00e1tica, hay 8 modelos de miras de llenado opcionales: 5-50 ml, 10-100 ml, 30-300 ml, 50-500 ml, 100-1000 ml, 250-2500 ml, 300-3000 ml y 500-5000 ml.<\/p>    <div class=\"wp-block-columns is-layout-flex wp-container-core-columns-is-layout-28f84493 wp-block-columns-is-layout-flex\"> <div class=\"wp-block-column is-layout-flow wp-block-column-is-layout-flow\"> <figure class=\"wp-block-image size-full\"><img loading=\"lazy\" decoding=\"async\" width=\"750\" height=\"500\" src=\"https:\/\/tianhuipackingmachine.com\/wp-content\/uploads\/2021\/09\/semi-automatic-cone-shaped-hopper-paste-filler.jpg\" alt=\"Llenadora de pasta semiautom\u00e1tica con tolva c\u00f3nica\" class=\"wp-image-2573\" srcset=\"https:\/\/tianhuipackingmachine.com\/wp-content\/uploads\/2021\/09\/semi-automatic-cone-shaped-hopper-paste-filler.jpg 750w, https:\/\/tianhuipackingmachine.com\/wp-content\/uploads\/2021\/09\/semi-automatic-cone-shaped-hopper-paste-filler-300x200.jpg 300w\" sizes=\"auto, (max-width: 750px) 100vw, 750px\" \/><figcaption>Llenadora de pasta con tolva semiautom\u00e1tica en forma de cono<\/figcaption><\/figure> <\/div>    <div class=\"wp-block-column is-layout-flow wp-block-column-is-layout-flow\"> <figure class=\"wp-block-image size-full\"><img loading=\"lazy\" decoding=\"async\" width=\"750\" height=\"500\" src=\"https:\/\/tianhuipackingmachine.com\/wp-content\/uploads\/2021\/09\/semi-automatic-U-type-paste-filling-machine.jpg\" alt=\"M\u00e1quina llenadora de pasta semiautom\u00e1tica tipo U\" class=\"wp-image-2574\" srcset=\"https:\/\/tianhuipackingmachine.com\/wp-content\/uploads\/2021\/09\/semi-automatic-U-type-paste-filling-machine.jpg 750w, https:\/\/tianhuipackingmachine.com\/wp-content\/uploads\/2021\/09\/semi-automatic-U-type-paste-filling-machine-300x200.jpg 300w\" sizes=\"auto, (max-width: 750px) 100vw, 750px\" \/><figcaption>M\u00e1quina llenadora de pasta semiautom\u00e1tica tipo U<\/figcaption><\/figure> <\/div> <\/div>    <h2 class=\"wp-block-heading\" id=\"h-cone-shaped-hopper-semi-auto-paste-filler\">Llenadora de pasta semiautom\u00e1tica con tolva c\u00f3nica<\/h2>    <p>La llenadora de pasta semiautom\u00e1tica con tolva en forma de cono es adecuada para diversas pastas sin peque\u00f1os gr\u00e1nulos ni sedimentos. Si el material es demasiado viscoso, es mejor agregar un dispositivo de calentamiento y agitaci\u00f3n para promover el proceso de llenado. Este tipo de m\u00e1quina llenadora de pasta aplica el llenado de bolsas, botellas o latas. La velocidad de llenado y el volumen de llenado se pueden ajustar seg\u00fan sus necesidades. <\/p>    <h2 class=\"wp-block-heading\" id=\"h-cone-shaped-hopper-paste-filling-machine-structure\">Estructura de la m\u00e1quina llenadora de pasta con tolva en forma de cono<\/h2>    <p>Consta de tolva, salida, interruptor de pie, v\u00e1lvula rotativa, cilindro, bar\u00f3metro, manija, etc. La pieza de contacto con el material est\u00e1 hecha de acero inoxidable 304. La boquilla de salida es a prueba de goteo, lo que mejora la precisi\u00f3n del trabajo y mantiene un ambiente de llenado limpio. La v\u00e1lvula rotativa controla el proceso de llenado de pasta. Al girar el mango se ajusta el volumen de llenado. El control neum\u00e1tico requiere coincidir con el compresor de aire, funcionando de manera estable. La precisi\u00f3n del llenado se ve afectada por la estabilidad de la presi\u00f3n del aire, la uniformidad del material y la velocidad de llenado. Mientras que la velocidad de trabajo est\u00e1 relacionada con la viscosidad del material, el tama\u00f1o de la boquilla de salida y la velocidad de operaci\u00f3n del trabajador.<\/p>    <figure class=\"wp-block-gallery has-nested-images columns-default is-cropped wp-block-gallery-2 is-layout-flex wp-block-gallery-is-layout-flex\"> <figure class=\"wp-block-image size-large\"><img loading=\"lazy\" decoding=\"async\" width=\"750\" height=\"500\" data-id=\"2575\" src=\"https:\/\/tianhuipackingmachine.com\/wp-content\/uploads\/2021\/09\/cone-shaped-hopper-paste-semi-automatic-filler-structure.jpg\" alt=\"estructura de llenado semiautom\u00e1tica de pasta de tolva en forma de cono\" class=\"wp-image-2575\" srcset=\"https:\/\/tianhuipackingmachine.com\/wp-content\/uploads\/2021\/09\/cone-shaped-hopper-paste-semi-automatic-filler-structure.jpg 750w, https:\/\/tianhuipackingmachine.com\/wp-content\/uploads\/2021\/09\/cone-shaped-hopper-paste-semi-automatic-filler-structure-300x200.jpg 300w\" sizes=\"auto, (max-width: 750px) 100vw, 750px\" \/><figcaption>Estructura de llenado semiautom\u00e1tica de pasta de tolva en forma de cono<\/figcaption><\/figure>    <figure class=\"wp-block-image size-large\"><img loading=\"lazy\" decoding=\"async\" width=\"750\" height=\"500\" data-id=\"4482\" src=\"https:\/\/tianhuipackingmachine.com\/wp-content\/uploads\/2021\/12\/details-of-cone-hopper-type-sauce-filler-750x500.jpg\" alt=\"Detalles del llenador de salsa tipo cono-tolva.\" class=\"wp-image-4482\" srcset=\"https:\/\/tianhuipackingmachine.com\/wp-content\/uploads\/2021\/12\/details-of-cone-hopper-type-sauce-filler.jpg 750w, https:\/\/tianhuipackingmachine.com\/wp-content\/uploads\/2021\/12\/details-of-cone-hopper-type-sauce-filler-480x320.jpg 480w\" sizes=\"auto, (max-width: 750px) 100vw, 750px\" \/><figcaption>Detalles del relleno de salsa tipo cono-tolva<\/figcaption><\/figure> <\/figure>    <h2 class=\"wp-block-heading\" id=\"h-u-type-hopper-semi-automatic-paste-filler\">Llenadora de pasta semiautom\u00e1tica con tolva tipo U<\/h2>    <p>El equipo de llenado semiautom\u00e1tico de pasta con tolva tipo U es un tipo de m\u00e1quina llenadora horizontal. En comparaci\u00f3n con la llenadora de pasta con tolva en forma de cono, la m\u00e1quina llenadora de pasta con tolva tipo U tiene una mayor capacidad de llenado y un mayor costo. Si la pasta tiene part\u00edculas o sedimentos, la tolva tipo U es una buena opci\u00f3n, como salsa de chile, miel de cidra, salsa de maracuy\u00e1, mermeladas con peque\u00f1os gr\u00e1nulos, pasta de res, etc. El operador puede cambiar la velocidad y el volumen de llenado girando la manija.<\/p>    <h2 class=\"wp-block-heading\" id=\"h-u-type-hopper-paste-filling-machine-structure\">Estructura de la m\u00e1quina llenadora de pasta con tolva tipo U<\/h2>    <p>La m\u00e1quina se compone de una salida, una v\u00e1lvula rotativa, una tolva de mezcla, un interruptor de pie, un cilindro, un bar\u00f3metro, un motor, una pieza de ajuste, etc. La boquilla de salida adopta tecnolog\u00eda antigoteo, lo que permite un llenado m\u00e1s preciso. La tolva est\u00e1 equipada con un agitador para mezclar el material de manera uniforme. Es conveniente colocar el interruptor de pedal en un lugar adecuado cuando utiliza la m\u00e1quina. Al girar el mango se ajusta el puntero en la escala exterior del cilindro y luego se cambia el volumen de llenado. Es impulsado por fuerza neum\u00e1tica y necesita un compresor de aire cuando se usa la m\u00e1quina.<\/p>    <figure class=\"wp-block-gallery has-nested-images columns-default is-cropped wp-block-gallery-3 is-layout-flex wp-block-gallery-is-layout-flex\"> <figure class=\"wp-block-image size-large\"><img loading=\"lazy\" decoding=\"async\" width=\"750\" height=\"500\" data-id=\"2596\" src=\"https:\/\/tianhuipackingmachine.com\/wp-content\/uploads\/2021\/09\/structure-of-U-type-hopper-paste-filling-machine.jpg\" alt=\"Estructura de la m\u00e1quina llenadora de pasta con tolva tipo U\" class=\"wp-image-2596\" srcset=\"https:\/\/tianhuipackingmachine.com\/wp-content\/uploads\/2021\/09\/structure-of-U-type-hopper-paste-filling-machine.jpg 750w, https:\/\/tianhuipackingmachine.com\/wp-content\/uploads\/2021\/09\/structure-of-U-type-hopper-paste-filling-machine-300x200.jpg 300w\" sizes=\"auto, (max-width: 750px) 100vw, 750px\" \/><figcaption>Estructura de la m\u00e1quina llenadora de pasta con tolva tipo U<\/figcaption><\/figure>    <figure class=\"wp-block-image size-large\"><img loading=\"lazy\" decoding=\"async\" width=\"750\" height=\"500\" data-id=\"4485\" src=\"https:\/\/tianhuipackingmachine.com\/wp-content\/uploads\/2021\/12\/detailed-parts-of-U-type-hopper-sauce-filler-750x500.jpg\" alt=\"Partes detalladas del llenador de salsa con tolva tipo U\" class=\"wp-image-4485\" srcset=\"https:\/\/tianhuipackingmachine.com\/wp-content\/uploads\/2021\/12\/detailed-parts-of-U-type-hopper-sauce-filler.jpg 750w, https:\/\/tianhuipackingmachine.com\/wp-content\/uploads\/2021\/12\/detailed-parts-of-U-type-hopper-sauce-filler-480x320.jpg 480w\" sizes=\"auto, (max-width: 750px) 100vw, 750px\" \/><figcaption>Partes detalladas del llenador de salsa con tolva tipo U<\/figcaption><\/figure> <\/figure>    <h2 class=\"has-text-color wp-block-heading\" id=\"h-parameters-of-semi-automatic-paste-filler\" style=\"color:#ff5200\">Par\u00e1metros de la llenadora de pasta semiautom\u00e1tica.<\/h2>    <figure class=\"wp-block-table is-style-stripes\"><table><tbody><tr><td>Modelo<\/td><td>500 (8 modelos en total)<\/td><\/tr><tr><td>Material de relleno<\/td><td>Pegar<\/td><\/tr><tr><td>rango de llenado<\/td><td>50-500ml (8 rangos en total)<\/td><\/tr><tr><td>Presi\u00f3n del aire<\/td><td>0,4-0,6 MPa<\/td><\/tr><tr><td>Alcance de tolerancia<\/td><td>0.50%<\/td><\/tr><tr><td>Cabezal de llenado<\/td><td>Soltero<\/td><\/tr><\/tbody><\/table><\/figure>    <h2 class=\"wp-block-heading\" id=\"h-multi-head-automatic-paste-filling-machine\">M\u00e1quina llenadora de pasta autom\u00e1tica de cabezales m\u00faltiples<\/h2>    <p>El equipo de llenado autom\u00e1tico de pasta con cabezales m\u00faltiples puede completar autom\u00e1ticamente el llenado de pasta de varias botellas una vez, lo que mejora enormemente la eficiencia de producci\u00f3n. El n\u00famero de boquillas de salida se puede personalizar seg\u00fan sus necesidades. Y puede componer una l\u00ednea de producci\u00f3n con otras m\u00e1quinas, como posicionadora de botellas, m\u00e1quina taponadora al vac\u00edo, m\u00e1quina taponadora de botellas de pl\u00e1stico, m\u00e1quina etiquetadora, impresora codificadora, etc.<\/p>    <h2 class=\"wp-block-heading\" id=\"h-multi-head-automatic-paste-filler-structure\">Estructura llenadora de pasta autom\u00e1tica de cabezales m\u00faltiples<\/h2>    <p>El equipo consta de un panel de control, tolva, bot\u00f3n giratorio para ajustar la altura, boquilla de llenado, transportador, ojo el\u00e9ctrico, caja de la m\u00e1quina, etc. El panel de control con pantalla t\u00e1ctil PLC puede configurar varios par\u00e1metros de forma r\u00e1pida y c\u00f3moda. La boquilla de llenado adopta un dispositivo antigoteo. El ancho de la cinta transportadora se puede personalizar seg\u00fan sus requisitos.<\/p>    <div class=\"wp-block-image\"><figure class=\"aligncenter size-full\"><img loading=\"lazy\" decoding=\"async\" width=\"750\" height=\"500\" src=\"https:\/\/tianhuipackingmachine.com\/wp-content\/uploads\/2021\/09\/multi-head-paste-filling-equipment-structure.jpg\" alt=\"estructura del equipo de llenado de pasta con cabezales m\u00faltiples\" class=\"wp-image-2582\" srcset=\"https:\/\/tianhuipackingmachine.com\/wp-content\/uploads\/2021\/09\/multi-head-paste-filling-equipment-structure.jpg 750w, https:\/\/tianhuipackingmachine.com\/wp-content\/uploads\/2021\/09\/multi-head-paste-filling-equipment-structure-300x200.jpg 300w\" sizes=\"auto, (max-width: 750px) 100vw, 750px\" \/><figcaption>estructura del equipo de llenado de pasta con cabezales m\u00faltiples<\/figcaption><\/figure><\/div>    <h2 class=\"has-text-color wp-block-heading\" id=\"h-parameters-of-automatic-paste-filler\" style=\"color:#ff5200\">Par\u00e1metros de la llenadora autom\u00e1tica de pasta. <\/h2>    <figure class=\"wp-block-table is-style-stripes\"><table><tbody><tr><td>Polvo<\/td><td>220V \/ 50Hz<\/td><\/tr><tr><td>rango de llenado<\/td><td>50-500, 100-1000<\/td><\/tr><tr><td>Precisi\u00f3n de llenado<\/td><td>&lt;\u00b11%<\/td><\/tr><tr><td>Velocidad de llenado<\/td><td>2000-2400 botellas\/h<\/td><\/tr><tr><td>Nota<\/td><td>Servicio de personalizaci\u00f3n disponible<\/td><\/tr><\/tbody><\/table><\/figure>    <h2 class=\"wp-block-heading\" id=\"h-features-of-paste-filling-machine\">Caracter\u00edsticas de la m\u00e1quina llenadora de pasta.<\/h2>    <ol class=\"wp-block-list\" type=\"1\"><li>Estructura compacta, estructura simple, f\u00e1cil de operar.<\/li><li>Ser impulsado por fuerza neum\u00e1tica, funcionando de manera estable.<\/li><li>Equipado con dispositivo antigoteo, llenando con precisi\u00f3n<\/li><li>La parte del material de contacto adopta acero inoxidable, duradero y f\u00e1cil de limpiar.<\/li><li>La velocidad y el volumen de llenado se pueden ajustar seg\u00fan sus necesidades.<\/li><li>La m\u00e1quina llenadora de pasta semiautom\u00e1tica tiene dos m\u00e9todos de llenado: pedal y autom\u00e1tico. Y los dos m\u00e9todos de llenado se pueden cambiar a voluntad.<\/li><li>La llenadora de pasta semiautom\u00e1tica horizontal est\u00e1 equipada con un agitador que mezcla el material uniformemente<\/li><li>La m\u00e1quina llenadora autom\u00e1tica de pasta puede llenar el material autom\u00e1ticamente despu\u00e9s de configurar los par\u00e1metros en la pantalla t\u00e1ctil.<\/li><li>El servicio OEM est\u00e1 disponible<\/li><\/ol>    <h2 class=\"wp-block-heading\" id=\"h-wide-applications-of-paste-filling-equipment\">Amplias aplicaciones de equipos de llenado de pasta.<\/h2>    <p>La m\u00e1quina llenadora de pasta se aplica ampliamente a miel, mermelada de fresa, mermelada de ar\u00e1ndanos, mermelada, miel y cidra, salsa de maracuy\u00e1, tahini, aderezos para ensaladas, aceite de cocina, ketchup, salsa, salsa de chile, mantequilla, pasta de s\u00e9samo, mantequilla de man\u00ed, pasta de carne, hoisin. salsa, salsa de ostras, detergente, desinfectante para manos, champ\u00fa, acondicionador para el cabello, gel de aloe vera, cosm\u00e9tico, pegamento, etc. Para aquellas pastas con part\u00edculas, es mejor elegir la tolva tipo U. Si el material es viscoso, es una buena idea agregar un dispositivo de calentamiento y agitaci\u00f3n para facilitar el llenado del material.<\/p>    <figure class=\"wp-block-gallery has-nested-images columns-default is-cropped wp-block-gallery-4 is-layout-flex wp-block-gallery-is-layout-flex\"> <figure class=\"wp-block-image size-large\"><img loading=\"lazy\" decoding=\"async\" width=\"750\" height=\"500\" data-id=\"2595\" src=\"https:\/\/tianhuipackingmachine.com\/wp-content\/uploads\/2021\/09\/wide-applications-of-paste-filling-equipment.jpg\" alt=\"Amplias aplicaciones de equipos de llenado de pasta.\" class=\"wp-image-2595\" srcset=\"https:\/\/tianhuipackingmachine.com\/wp-content\/uploads\/2021\/09\/wide-applications-of-paste-filling-equipment.jpg 750w, https:\/\/tianhuipackingmachine.com\/wp-content\/uploads\/2021\/09\/wide-applications-of-paste-filling-equipment-300x200.jpg 300w\" sizes=\"auto, (max-width: 750px) 100vw, 750px\" \/><figcaption>Amplias aplicaciones de equipos de llenado de pasta<\/figcaption><\/figure>    <figure class=\"wp-block-image size-large\"><img loading=\"lazy\" decoding=\"async\" width=\"750\" height=\"500\" data-id=\"4480\" src=\"https:\/\/tianhuipackingmachine.com\/wp-content\/uploads\/2021\/12\/applicable-filling-products-750x500.jpg\" alt=\"productos de llenado aplicables\" class=\"wp-image-4480\" srcset=\"https:\/\/tianhuipackingmachine.com\/wp-content\/uploads\/2021\/12\/applicable-filling-products.jpg 750w, https:\/\/tianhuipackingmachine.com\/wp-content\/uploads\/2021\/12\/applicable-filling-products-480x320.jpg 480w\" sizes=\"auto, (max-width: 750px) 100vw, 750px\" \/><figcaption>Productos de llenado aplicables<\/figcaption><\/figure> <\/figure>    <h2 class=\"wp-block-heading\" id=\"h-related-machines-in-henan-top-packing-machinery\">M\u00e1quinas relacionadas en Henan Top Packing Machinery<\/h2>    <p class=\"translation-block\">La m\u00e1quina de llenado de pasta es una parte de los productos que Henan Top Packing Machinery Co., Ltd suministra. Como fabricante y proveedor confiable de m\u00e1quinas de embalaje, hay una variedad de m\u00e1quinas de embalaje disponibles, como empacadora de polvo, m\u00e1quina de empaque de gr\u00e1nulos, <a href=\"https:\/\/tianhuipackingmachine.com\/es\/liquid-packing-machine\/\" target=\"_blank\" rel=\"noreferrer noopener\">m\u00e1quina de embalaje de l\u00edquidos<\/a>, m\u00e1quina de empaque de pasta, selladora al vac\u00edo, m\u00e1quina de empaque en almohada, etc. Y tenemos m\u00e1quinas de llenado para polvo, gr\u00e1nulos, l\u00edquidos o pasta. Adem\u00e1s, tambi\u00e9n proporcionamos una m\u00e1quina de sellado de bolsas, <a href=\"https:\/\/tianhuipackingmachine.com\/es\/vacuum-capping-machines\/\" target=\"_blank\" rel=\"noreferrer noopener\">m\u00e1quina de tapado<\/a>, m\u00e1quina de cordones, <a href=\"https:\/\/tianhuipackingmachine.com\/es\/automatic-round-bottle-labeling-machine-sale\/\" target=\"_blank\" rel=\"noreferrer noopener\">m\u00e1quina de etiquetado<\/a>, m\u00e1quina de sellado de cartones, y m\u00e1s. P\u00f3ngase en contacto con nosotros para obtener m\u00e1s informaci\u00f3n.<\/p>    <figure class=\"wp-block-gallery has-nested-images columns-default is-cropped wp-block-gallery-5 is-layout-flex wp-block-gallery-is-layout-flex\"> <figure class=\"wp-block-image size-large\"><img loading=\"lazy\" decoding=\"async\" width=\"750\" height=\"500\" data-id=\"2014\" src=\"https:\/\/tianhuipackingmachine.com\/wp-content\/uploads\/2021\/08\/vacuum-capping-machine-1.jpg\" alt=\"m\u00e1quina taponadora al vac\u00edo\" class=\"wp-image-2014\" srcset=\"https:\/\/tianhuipackingmachine.com\/wp-content\/uploads\/2021\/08\/vacuum-capping-machine-1.jpg 750w, https:\/\/tianhuipackingmachine.com\/wp-content\/uploads\/2021\/08\/vacuum-capping-machine-1-300x200.jpg 300w\" sizes=\"auto, (max-width: 750px) 100vw, 750px\" \/><figcaption>M\u00e1quina taponadora al vac\u00edo<\/figcaption><\/figure>    <figure class=\"wp-block-image size-large\"><img loading=\"lazy\" decoding=\"async\" width=\"750\" height=\"500\" data-id=\"1988\" src=\"https:\/\/tianhuipackingmachine.com\/wp-content\/uploads\/2021\/07\/automatic-round-bottle-labeler.jpg\" alt=\"etiquetadora autom\u00e1tica de botellas redondas\" class=\"wp-image-1988\" srcset=\"https:\/\/tianhuipackingmachine.com\/wp-content\/uploads\/2021\/07\/automatic-round-bottle-labeler.jpg 750w, https:\/\/tianhuipackingmachine.com\/wp-content\/uploads\/2021\/07\/automatic-round-bottle-labeler-300x200.jpg 300w\" sizes=\"auto, (max-width: 750px) 100vw, 750px\" \/><figcaption>Etiquetadora autom\u00e1tica de botellas redondas<\/figcaption><\/figure> <\/figure>    <figure class=\"wp-block-gallery has-nested-images columns-default is-cropped wp-block-gallery-6 is-layout-flex wp-block-gallery-is-layout-flex\"> <figure class=\"wp-block-image size-large\"><img loading=\"lazy\" decoding=\"async\" width=\"750\" height=\"500\" data-id=\"4484\" src=\"https:\/\/tianhuipackingmachine.com\/wp-content\/uploads\/2021\/12\/U-type-paste-filler-in-factory-750x500.jpg\" alt=\"Llenadora de pasta tipo U en f\u00e1brica\" class=\"wp-image-4484\" srcset=\"https:\/\/tianhuipackingmachine.com\/wp-content\/uploads\/2021\/12\/U-type-paste-filler-in-factory.jpg 750w, https:\/\/tianhuipackingmachine.com\/wp-content\/uploads\/2021\/12\/U-type-paste-filler-in-factory-480x320.jpg 480w\" sizes=\"auto, (max-width: 750px) 100vw, 750px\" \/><figcaption>Relleno de pasta tipo U en f\u00e1brica<\/figcaption><\/figure>    <figure class=\"wp-block-image size-large\"><img loading=\"lazy\" decoding=\"async\" width=\"750\" height=\"500\" data-id=\"4483\" src=\"https:\/\/tianhuipackingmachine.com\/wp-content\/uploads\/2021\/12\/paste-fillling-pump-in-factory-display-750x500.jpg\" alt=\"bomba de llenado de pasta en exhibici\u00f3n de f\u00e1brica\" class=\"wp-image-4483\" srcset=\"https:\/\/tianhuipackingmachine.com\/wp-content\/uploads\/2021\/12\/paste-fillling-pump-in-factory-display.jpg 750w, https:\/\/tianhuipackingmachine.com\/wp-content\/uploads\/2021\/12\/paste-fillling-pump-in-factory-display-480x320.jpg 480w\" sizes=\"auto, (max-width: 750px) 100vw, 750px\" \/><figcaption>Bomba de llenado de pasta en exhibici\u00f3n de f\u00e1brica<\/figcaption><\/figure> <\/figure>","protected":false},"excerpt":{"rendered":"<p>Paste filling machine is the equipment to fill paste into bags, bottles, or cans. It\u2019s suitable for various pastes, like sauces, daily necessities, chemicals, etc. There is semi-automatic paste filler and automatic multi-head filler. The former occupies a small space, simple structure, low cost. The latter is equipped with multiple outlets, automatic filling, improving production [&hellip;]<\/p>\n","protected":false},"author":1,"featured_media":2573,"parent":0,"template":"","tags":[162],"product-type":[141],"class_list":["post-2571","product","type-product","status-publish","has-post-thumbnail","hentry","tag-filling-machine","product-type-filling-machines"],"_links":{"self":[{"href":"https:\/\/tianhuipackingmachine.com\/es\/wp-json\/wp\/v2\/product\/2571","targetHints":{"allow":["GET"]}}],"collection":[{"href":"https:\/\/tianhuipackingmachine.com\/es\/wp-json\/wp\/v2\/product"}],"about":[{"href":"https:\/\/tianhuipackingmachine.com\/es\/wp-json\/wp\/v2\/types\/product"}],"author":[{"embeddable":true,"href":"https:\/\/tianhuipackingmachine.com\/es\/wp-json\/wp\/v2\/users\/1"}],"wp:featuredmedia":[{"embeddable":true,"href":"https:\/\/tianhuipackingmachine.com\/es\/wp-json\/wp\/v2\/media\/2573"}],"wp:attachment":[{"href":"https:\/\/tianhuipackingmachine.com\/es\/wp-json\/wp\/v2\/media?parent=2571"}],"wp:term":[{"taxonomy":"post_tag","embeddable":true,"href":"https:\/\/tianhuipackingmachine.com\/es\/wp-json\/wp\/v2\/tags?post=2571"},{"taxonomy":"product-type","embeddable":true,"href":"https:\/\/tianhuipackingmachine.com\/es\/wp-json\/wp\/v2\/product-type?post=2571"}],"curies":[{"name":"wp","href":"https:\/\/api.w.org\/{rel}","templated":true}]}}