{"id":2556,"date":"2021-09-11T11:45:26","date_gmt":"2021-09-11T03:45:26","guid":{"rendered":"https:\/\/tianhuipackingmachine.com\/?page_id=2556"},"modified":"2022-04-27T11:18:46","modified_gmt":"2022-04-27T03:18:46","slug":"liquid-filling-machines","status":"publish","type":"product","link":"https:\/\/tianhuipackingmachine.com\/es\/liquid-filling-machines\/","title":{"rendered":"M\u00e1quina de llenado de l\u00edquidos"},"content":{"rendered":"<p class=\"translation-block\"><strong>M\u00e1quina de llenado de l\u00edquidos<\/strong> es un tipo de m\u00e1quina de llenado cuantitativo, que llena de manera uniforme y es f\u00e1cil de operar. El equipo es adecuado para una variedad de l\u00edquidos que fluyen bien, como agua, jugo, leche, vino, cerveza, alcohol, vinagre, bebidas, aceite, lubricante, agua cosm\u00e9tica, etc. Hay varios modelos de bombas de llenado de l\u00edquidos opcionales. Puede elegir el dispositivo de llenado m\u00e1s adecuado seg\u00fan sus necesidades sobre el volumen que desea llenar. Adem\u00e1s, tambi\u00e9n ofrecemos servicio de personalizaci\u00f3n basado en sus requisitos reales.<\/p>    <h2 class=\"wp-block-heading\" id=\"h-liquid-filling-machine-for-sale\">M\u00e1quina llenadora de l\u00edquidos a la venta<\/h2>    <p>Hay dos tipos de m\u00e1quinas llenadoras de l\u00edquidos en Top (Henan) Packing Machinery a la venta, llenadoras de l\u00edquidos semiautom\u00e1ticas de salida \u00fanica y llenadoras de l\u00edquidos autom\u00e1ticas de cabezales m\u00faltiples. El primero tiene las ventajas de bajo costo, peque\u00f1o espacio ocupado y amplias aplicaciones, adecuadas para peque\u00f1as empresas. Esta \u00faltima y otras m\u00e1quinas pueden componer una l\u00ednea de producci\u00f3n de envasado de l\u00edquidos, como m\u00e1quina clasificadora de botellas, m\u00e1quina taponadora, m\u00e1quina etiquetadora, impresora codificadora, etc., funcionando de manera eficiente y precisa, adecuada para la producci\u00f3n de llenado de l\u00edquidos en masa.<\/p>    <div class=\"wp-block-columns is-layout-flex wp-container-core-columns-is-layout-28f84493 wp-block-columns-is-layout-flex\"> <div class=\"wp-block-column is-layout-flow wp-block-column-is-layout-flow\"> <figure class=\"wp-block-image size-full\"><img loading=\"lazy\" decoding=\"async\" width=\"750\" height=\"500\" src=\"https:\/\/tianhuipackingmachine.com\/wp-content\/uploads\/2021\/09\/semi-automatic-single-outlet-liquid-filler.jpg\" alt=\"llenadora de l\u00edquido semiautom\u00e1tica de salida \u00fanica\" class=\"wp-image-2563\" srcset=\"https:\/\/tianhuipackingmachine.com\/wp-content\/uploads\/2021\/09\/semi-automatic-single-outlet-liquid-filler.jpg 750w, https:\/\/tianhuipackingmachine.com\/wp-content\/uploads\/2021\/09\/semi-automatic-single-outlet-liquid-filler-300x200.jpg 300w\" sizes=\"auto, (max-width: 750px) 100vw, 750px\" \/><figcaption>Llenadora de l\u00edquidos semiautom\u00e1tica de salida \u00fanica<\/figcaption><\/figure> <\/div>    <div class=\"wp-block-column is-layout-flow wp-block-column-is-layout-flow\"> <figure class=\"wp-block-image size-full\"><img loading=\"lazy\" decoding=\"async\" width=\"750\" height=\"500\" src=\"https:\/\/tianhuipackingmachine.com\/wp-content\/uploads\/2021\/09\/multi-head-automatic-liquid-filler.jpg\" alt=\"llenador de l\u00edquido autom\u00e1tico de cabezales m\u00faltiples\" class=\"wp-image-2564\" srcset=\"https:\/\/tianhuipackingmachine.com\/wp-content\/uploads\/2021\/09\/multi-head-automatic-liquid-filler.jpg 750w, https:\/\/tianhuipackingmachine.com\/wp-content\/uploads\/2021\/09\/multi-head-automatic-liquid-filler-300x200.jpg 300w\" sizes=\"auto, (max-width: 750px) 100vw, 750px\" \/><figcaption>Llenadora de l\u00edquidos autom\u00e1tica de cabezales m\u00faltiples<\/figcaption><\/figure> <\/div> <\/div>    <h2 class=\"wp-block-heading\" id=\"h-semi-automatic-single-outlet-liquid-filling-machine\">M\u00e1quina llenadora de l\u00edquidos semiautom\u00e1tica de salida \u00fanica<\/h2>    <p>La m\u00e1quina llenadora de l\u00edquidos de salida \u00fanica es una m\u00e1quina llenadora de pist\u00f3n semiautom\u00e1tica, impulsada por un cilindro para extraer y expulsar materiales. El cuerpo de la m\u00e1quina est\u00e1 hecho de acero inoxidable, es duradero y f\u00e1cil de limpiar y mantener. Hay una escala en el dispositivo para ajustar el volumen de llenado, conveniente para operar. Muchos tama\u00f1os de bombas de l\u00edquido son opcionales. El alcance de los modelos de bombas de llenado incluye 1-10 ml, 10-100 ml, 100-1000 ml, 5-50 ml, 50-500 ml, 500-5000 ml, 3-30 ml, 30-300 ml, 300-3000 ml, 1000-5000 ml, etc. Puede elegir seg\u00fan sus necesidades. La m\u00e1quina es popular entre las peque\u00f1as empresas debido a su caracter\u00edstica de poco espacio ocupado, buena calidad y bajo costo.<\/p>    <h2 class=\"wp-block-heading\" id=\"h-single-outlet-liquid-filling-machine-structure\">Estructura de la m\u00e1quina llenadora de l\u00edquidos de salida \u00fanica<\/h2>    <div class=\"wp-block-image\"><figure class=\"aligncenter size-full\"><img loading=\"lazy\" decoding=\"async\" width=\"750\" height=\"500\" src=\"https:\/\/tianhuipackingmachine.com\/wp-content\/uploads\/2021\/09\/semi-automatic-liquid-filling-machine-structure.jpg\" alt=\"Estructura de la m\u00e1quina llenadora de l\u00edquidos semiautom\u00e1tica.\" class=\"wp-image-2560\" srcset=\"https:\/\/tianhuipackingmachine.com\/wp-content\/uploads\/2021\/09\/semi-automatic-liquid-filling-machine-structure.jpg 750w, https:\/\/tianhuipackingmachine.com\/wp-content\/uploads\/2021\/09\/semi-automatic-liquid-filling-machine-structure-300x200.jpg 300w\" sizes=\"auto, (max-width: 750px) 100vw, 750px\" \/><figcaption>Estructura de la m\u00e1quina llenadora de l\u00edquidos semiautom\u00e1tica.<\/figcaption><\/figure><\/div>    <h2 class=\"wp-block-heading\" id=\"h-automatic-multi-head-liquid-filling-equipment\">Equipo autom\u00e1tico de llenado de l\u00edquidos con cabezales m\u00faltiples<\/h2>    <p>Llenadora de l\u00edquidos autom\u00e1tica de cabezales m\u00faltiples, como su nombre lo indica, adopta m\u00faltiples cabezales para el llenado, lo que mejora enormemente la producci\u00f3n laboral. Entre ellos, el equipo de llenado de l\u00edquidos de 12 cabezales puede alcanzar 3000 botellas\/h. El n\u00famero m\u00ednimo de cabezales de llenado es dos y el n\u00famero se puede personalizar. Puede elegir seg\u00fan su escala de producci\u00f3n. Adem\u00e1s, el dispositivo del cabezal de llenado lineal est\u00e1 equipado con un dispositivo antigoteo que evita eficazmente el desperdicio de materiales. Los modelos de bomba con alcance de llenado son 10-100 ml, 50-500 ml, 100-1000 ml, 500-3000 ml, 1000-5000 ml, etc. Su resultado de llenado es preciso y uniforme. Tambi\u00e9n puede combinarse con otras m\u00e1quinas para componer una l\u00ednea de producci\u00f3n, adecuada para medianas y grandes empresas. \u00a0<\/p>    <h2 class=\"wp-block-heading\" id=\"h-multi-head-bottle-filling-machine-structure\">Estructura de la m\u00e1quina llenadora de botellas con cabezales m\u00faltiples<\/h2>    <div class=\"wp-block-image\"><figure class=\"aligncenter size-full\"><img loading=\"lazy\" decoding=\"async\" width=\"750\" height=\"500\" src=\"https:\/\/tianhuipackingmachine.com\/wp-content\/uploads\/2021\/09\/multi-head-automatic-liquid-filling-equipment-structure.jpg\" alt=\"Estructura del equipo de llenado de l\u00edquidos autom\u00e1tico de cabezales m\u00faltiples.\" class=\"wp-image-2568\" srcset=\"https:\/\/tianhuipackingmachine.com\/wp-content\/uploads\/2021\/09\/multi-head-automatic-liquid-filling-equipment-structure.jpg 750w, https:\/\/tianhuipackingmachine.com\/wp-content\/uploads\/2021\/09\/multi-head-automatic-liquid-filling-equipment-structure-300x200.jpg 300w\" sizes=\"auto, (max-width: 750px) 100vw, 750px\" \/><figcaption>Estructura del equipo de llenado de l\u00edquidos autom\u00e1tico de cabezales m\u00faltiples.<\/figcaption><\/figure><\/div>    <h2 class=\"wp-block-heading\" id=\"h-features-benefits-of-liquid-filling-machines\">Caracter\u00edsticas y beneficios de las m\u00e1quinas llenadoras de l\u00edquidos<\/h2>    <ol class=\"wp-block-list\" type=\"1\"><li>Dise\u00f1o razonable, estructura simple, llenado cuantitativo, f\u00e1cil de operar<\/li><li>Varios alcances de bomba de llenado de l\u00edquido opcionales, el volumen de llenado y la velocidad son ajustables<\/li><li>El cuerpo del equipo adopta acero inoxidable, duradero y c\u00f3modo de limpiar y mantener.<\/li><li>Equipado con dispositivo antigoteo para garantizar un llenado preciso.<\/li><li>El llenador de l\u00edquido semiautom\u00e1tico ocupa poco espacio, tiene poca inversi\u00f3n y poco ruido.<\/li><li>La llenadora autom\u00e1tica de cabezales m\u00faltiples puede combinarse con otras m\u00e1quinas para componer una l\u00ednea de producci\u00f3n completa, logrando una automatizaci\u00f3n completa, mejorando la eficiencia y ahorrando mano de obra.<\/li><li>Necesidad de trabajar juntos con el compresor de aire.<\/li><li>Servicio de personalizaci\u00f3n disponible<\/li><\/ol>    <h2 class=\"wp-block-heading\" id=\"h-multi-head-water-bottle-filling-machine-working-video\">V\u00eddeo de funcionamiento de la m\u00e1quina llenadora de botellas de agua con cabezales m\u00faltiples<\/h2>   <figure class=\"wp-block-embed-youtube wp-block-embed is-type-video is-provider-youtube wp-embed-aspect-16-9 wp-has-aspect-ratio\"><div class=\"lyte-wrapper\" title=\"M\u00e1quina llenadora de botellas con cabezales m\u00faltiples | Alta eficiencia y precisi\u00f3n\" style=\"width:853px;max-width:100%;margin:5px auto;\"><div class=\"lyMe\" id=\"WYL_FyQd0tZFAAA\" itemprop=\"video\" itemscope itemtype=\"https:\/\/schema.org\/VideoObject\"><div><meta itemprop=\"thumbnailUrl\" content=\"https:\/\/i.ytimg.com\/vi\/FyQd0tZFAAA\/hqdefault.jpg\" \/><meta itemprop=\"embedURL\" content=\"https:\/\/www.youtube.com\/embed\/FyQd0tZFAAA\" \/><meta itemprop=\"duration\" content=\"PT1M34S\" \/><meta itemprop=\"uploadDate\" content=\"2021-08-06T10:47:45Z\" \/><\/div><div id=\"lyte_FyQd0tZFAAA\" data-src=\"https:\/\/i.ytimg.com\/vi\/FyQd0tZFAAA\/hqdefault.jpg\" class=\"pL\"><div class=\"tC\"><div class=\"tT\" itemprop=\"name\">M\u00e1quina llenadora de botellas con cabezales m\u00faltiples | Alta eficiencia y precisi\u00f3n<\/div><\/div><div class=\"play\"><\/div><div class=\"ctrl\"><div class=\"Lctrl\"><\/div><div class=\"Rctrl\"><\/div><\/div><\/div><noscript><a href=\"https:\/\/youtu.be\/FyQd0tZFAAA\" rel=\"nofollow noopener\" target=\"_blank\"><img loading=\"lazy\" decoding=\"async\" src=\"https:\/\/i.ytimg.com\/vi\/FyQd0tZFAAA\/0.jpg\" alt=\"M\u00e1quina llenadora de botellas con cabezales m\u00faltiples | Alta eficiencia y precisi\u00f3n\" width=\"853\" height=\"460\" \/><\/a><\/noscript><meta itemprop=\"description\" content=\"Multi-head bottle filling and packaging machine is suitable for various kinds of liquids to realize high-volume production, filling with multiple heads, efficiently and accurately. It also can match with some other machines, such as unscramble bottle machine, screwing cap machine, labeling machine, date printer, etc. Get more details: https:\/\/tianhuipackingmachine.com\/water-packing-machine\/ Email: toppacking@163.com\"><\/div><\/div><div class=\"lL\" style=\"max-width:100%;width:853px;margin:5px auto;\"> <a href=\"https:\/\/youtu.be\/FyQd0tZFAAA\" target=\"_blank\" rel=\"noopener\">Ver este v\u00eddeo en YouTube<\/a>.<\/div><figcaption><\/figcaption><\/figure>   <h2 class=\"wp-block-heading\" id=\"h-applications-of-liquid-filling-equipment\">Aplicaciones de equipos de llenado de l\u00edquidos.<\/h2>    <p class=\"translation-block\">Las m\u00e1quinas de llenado de l\u00edquidos son adecuadas para llenar l\u00edquidos con buena fluidez, aplic\u00e1ndose ampliamente a <strong><a href=\"https:\/\/tianhuipackingmachine.com\/es\/water-packing-machine\/\">agua<\/a><\/strong>, bebidas, condimentos, <strong><a href=\"https:\/\/tianhuipackingmachine.com\/es\/oil-packaging-machine\/\">aceites<\/a><\/strong>, art\u00edculos de primera necesidad, medicamentos, cosm\u00e9ticos, productos qu\u00edmicos, aditivos, etc. El equipo puede llenar agua mineral, agua carbonatada, agua con gas, jugo, leche, cerveza, vino, vinagre, licor, alcohol, l\u00edquidos orales, aceite comestible, aceite de oliva, aceite de cacahuete, lubricante, agua cosm\u00e9tica, l\u00edquido detergente, desinfectantes de manos, champ\u00fa, gel de ducha, desinfectantes, anticongelante, pesticidas, herbicidas, etc. Para el llenado de l\u00edquidos viscosos, necesita usar una m\u00e1quina de llenado de pasta.<\/p>    <h2 class=\"wp-block-heading\" id=\"h-liquid-filling-machine-price\">Precio de la m\u00e1quina llenadora de l\u00edquidos<\/h2>    <p class=\"translation-block\">El precio de la llenadora de l\u00edquidos est\u00e1 relacionado con el tipo de m\u00e1quina, el tama\u00f1o de la bomba de llenado, el n\u00famero de salidas de llenado, etc. En comparaci\u00f3n con la llenadora de l\u00edquidos semiautom\u00e1tica de una sola salida, el precio de la llenadora de l\u00edquidos autom\u00e1tica multicanal es m\u00e1s alto porque esta \u00faltima requiere m\u00e1s costos de producci\u00f3n. Para diferentes tama\u00f1os de bombas de llenado de l\u00edquidos, la m\u00e1s grande es m\u00e1s cara. Adem\u00e1s, en cuanto a la llenadora de m\u00faltiples cabezales, m\u00e1s cabezales de llenado tambi\u00e9n requieren un costo mayor. Como <strong><a href=\"https:\/\/tianhuipackingmachine.com\/es\/\">fabricante y proveedor de embalajes<\/a><\/strong>, haremos todo lo posible para proporcionar m\u00e1quinas de alto rendimiento y costo. Pero como dice el dicho, obtienes lo que pagas. Por lo tanto, es mejor no ignorar la calidad y otras propiedades por el precio. <strong><a href=\"https:\/\/tianhuipackingmachine.com\/es\/contacto\/\">Cont\u00e1ctenos<\/a><\/strong> para obtener m\u00e1s detalles.<\/p>","protected":false},"excerpt":{"rendered":"<p>Liquid filling machine is one kind of quantitative filling machine, filling evenly, simple to operate. The equipment is suitable for a variety of liquids that flow well, such as water, juice, milk, wine, beer, alcohol, vinegar, beverage, oil, lubricant, make-up water, etc. A variety of liquid filling pump models are optional. You can choose the [&hellip;]<\/p>\n","protected":false},"author":1,"featured_media":2563,"parent":0,"template":"","tags":[162],"product-type":[141],"class_list":["post-2556","product","type-product","status-publish","has-post-thumbnail","hentry","tag-filling-machine","product-type-filling-machines"],"_links":{"self":[{"href":"https:\/\/tianhuipackingmachine.com\/es\/wp-json\/wp\/v2\/product\/2556","targetHints":{"allow":["GET"]}}],"collection":[{"href":"https:\/\/tianhuipackingmachine.com\/es\/wp-json\/wp\/v2\/product"}],"about":[{"href":"https:\/\/tianhuipackingmachine.com\/es\/wp-json\/wp\/v2\/types\/product"}],"author":[{"embeddable":true,"href":"https:\/\/tianhuipackingmachine.com\/es\/wp-json\/wp\/v2\/users\/1"}],"wp:featuredmedia":[{"embeddable":true,"href":"https:\/\/tianhuipackingmachine.com\/es\/wp-json\/wp\/v2\/media\/2563"}],"wp:attachment":[{"href":"https:\/\/tianhuipackingmachine.com\/es\/wp-json\/wp\/v2\/media?parent=2556"}],"wp:term":[{"taxonomy":"post_tag","embeddable":true,"href":"https:\/\/tianhuipackingmachine.com\/es\/wp-json\/wp\/v2\/tags?post=2556"},{"taxonomy":"product-type","embeddable":true,"href":"https:\/\/tianhuipackingmachine.com\/es\/wp-json\/wp\/v2\/product-type?post=2556"}],"curies":[{"name":"wp","href":"https:\/\/api.w.org\/{rel}","templated":true}]}}