{"id":2522,"date":"2021-09-09T11:06:51","date_gmt":"2021-09-09T03:06:51","guid":{"rendered":"https:\/\/tianhuipackingmachine.com\/?page_id=2522"},"modified":"2023-02-15T10:24:05","modified_gmt":"2023-02-15T02:24:05","slug":"yogurt-cup-filling-machine","status":"publish","type":"product","link":"https:\/\/tianhuipackingmachine.com\/es\/yogurt-cup-filling-machine\/","title":{"rendered":"M\u00e1quina llenadora de vasos de yogur"},"content":{"rendered":"<p class=\"translation-block\"><strong>La m\u00e1quina de llenado de tazas de yogur<\/strong>, como su nombre indica, es un tipo de equipo para el llenado y sellado de tazas. En comparaci\u00f3n con la m\u00e1quina de llenado de l\u00edquidos en l\u00ednea, esta m\u00e1quina de envasado de yogur para tazas est\u00e1 equipada con una placa giratoria. La <strong>m\u00e1quina de llenado y sellado de tazas de yogur<\/strong> puede completar autom\u00e1ticamente todo el proceso de alimentaci\u00f3n de tazas, llenado, sellado y extracci\u00f3n de productos terminados. Se aplica a tazas y tapas prehechas. <\/p>    <p>Los cabezales de llenado dobles y de salida \u00fanica son tipos comunes. Adem\u00e1s, este tipo de m\u00e1quina requiere personalizarse seg\u00fan los tama\u00f1os y formas de vasos y tapas, por lo que sugerimos a nuestro cliente indicarnos los detalles de la forma y capacidad del producto al contactarnos.<\/p>    <figure class=\"wp-block-image aligncenter size-full\"><img loading=\"lazy\" decoding=\"async\" width=\"750\" height=\"500\" src=\"https:\/\/tianhuipackingmachine.com\/wp-content\/uploads\/2021\/09\/yogurt-cup-filler.jpg\" alt=\"llenador de vasos de yogur\" class=\"wp-image-2523\" srcset=\"https:\/\/tianhuipackingmachine.com\/wp-content\/uploads\/2021\/09\/yogurt-cup-filler.jpg 750w, https:\/\/tianhuipackingmachine.com\/wp-content\/uploads\/2021\/09\/yogurt-cup-filler-300x200.jpg 300w\" sizes=\"auto, (max-width: 750px) 100vw, 750px\" \/><figcaption class=\"wp-element-caption\">Llenador de vasos de yogur<\/figcaption><\/figure>    <h2 class=\"wp-block-heading\" id=\"h-features-benefits-of-yogurt-cup-filling-machine\">Caracter\u00edsticas y beneficios de la m\u00e1quina llenadora de vasos de yogur<\/h2>    <ol class=\"wp-block-list\" type=\"1\"> <li>Estructura rotativa, dise\u00f1o razonable, alta eficiencia y precisi\u00f3n, funciones completas.<\/li>    <li>Pantalla t\u00e1ctil para configurar varios par\u00e1metros de la m\u00e1quina, f\u00e1cil de operar.<\/li>    <li>Alta automatizaci\u00f3n: alimentaci\u00f3n autom\u00e1tica de vasos, llenado, sellado y extracci\u00f3n de productos terminados.<\/li>    <li>Ocupa un espacio peque\u00f1o, funciona de manera estable y utiliza control de temperatura independiente.<\/li>    <li>La m\u00e1quina se detendr\u00e1 si no cae ninguna taza y se reiniciar\u00e1 despu\u00e9s de alimentar la taza.<\/li>    <li>Est\u00e1 hecho de acero inoxidable y aleaci\u00f3n de aluminio, es estable, duradero y c\u00f3modo de limpiar.<\/li>    <li>Adopte un sistema de control y componentes neum\u00e1ticos de fama mundial, buena calidad y larga vida \u00fatil.<\/li>    <li>Servicio de personalizaci\u00f3n disponible.<\/li> <\/ol>    <h2 class=\"wp-block-heading\" id=\"how-does-a-yogurt-cup-filling-and-sealing-machine-work\">\u00bfC\u00f3mo funciona una m\u00e1quina llenadora y selladora de vasos de yogur?<\/h2>   <figure class=\"wp-block-embed-youtube wp-block-embed is-type-video is-provider-youtube wp-embed-aspect-16-9 wp-has-aspect-ratio lyte-align aligncenter\"><div class=\"lyte-wrapper\" title=\"M\u00e1quina autom\u00e1tica de llenado y sellado de vasos de yogur con tipo rotativo\" style=\"width:853px;max-width:100%;margin:5px auto;\"><div class=\"lyMe\" id=\"WYL_HicsfkDOUwI\" itemprop=\"video\" itemscope itemtype=\"https:\/\/schema.org\/VideoObject\"><div><meta itemprop=\"thumbnailUrl\" content=\"https:\/\/i.ytimg.com\/vi\/HicsfkDOUwI\/hqdefault.jpg\" \/><meta itemprop=\"embedURL\" content=\"https:\/\/www.youtube.com\/embed\/HicsfkDOUwI\" \/><meta itemprop=\"duration\" content=\"PT3M10S\" \/><meta itemprop=\"uploadDate\" content=\"2021-09-17T09:58:33Z\" \/><\/div><div id=\"lyte_HicsfkDOUwI\" data-src=\"https:\/\/i.ytimg.com\/vi\/HicsfkDOUwI\/hqdefault.jpg\" class=\"pL\"><div class=\"tC\"><div class=\"tT\" itemprop=\"name\">M\u00e1quina autom\u00e1tica de llenado y sellado de vasos de yogur con tipo rotativo<\/div><\/div><div class=\"play\"><\/div><div class=\"ctrl\"><div class=\"Lctrl\"><\/div><div class=\"Rctrl\"><\/div><\/div><\/div><noscript><a href=\"https:\/\/youtu.be\/HicsfkDOUwI\" rel=\"nofollow noopener\" target=\"_blank\"><img loading=\"lazy\" decoding=\"async\" src=\"https:\/\/i.ytimg.com\/vi\/HicsfkDOUwI\/0.jpg\" alt=\"M\u00e1quina autom\u00e1tica de llenado y sellado de vasos de yogur con tipo rotativo\" width=\"853\" height=\"460\" \/><\/a><\/noscript><meta itemprop=\"description\" content=\"#yogurt #yogurtrecipe #yogurtpackaging Email\ud83d\udc49 sales@tianhuipackingmachine.com WhatsApp\/Tel\ud83d\udc49 +86 17329326135 Useful reference\ud83d\udc49 https:\/\/tianhuipackingmachine.com\/yogurt-cup-filling-machine\/ ----------------------------------------------------------------------- Yogurt cup filling sealing machine is a kind of equipment for cup yogurt packaging. Compared with a single outlet liquid filling machine and multi-head liquid filling machine, this yogurt packaging machine for cups can automatically complete the whole process of feeding cups, filling, sealing, pulling out finished products. Besides, this kind of machine requires to customize according to the sizes and shapes of cups and covers, so we suggest our customer tell us the details of the product\u2019s shape and capacity when getting in touch with us. Yogurt cup filling machine is composed of an automatic touch screen, cup dropping system, gearing and pulling system, filling system, film putting device, sealing system, and cup discharging device with an output conveyor belt. ----------------------------------------------------------------------- Email\ud83d\udc49 sales@tianhuipackingmachine.com WhatsApp\/Tel\ud83d\udc49 +86 17329326135 Useful reference\ud83d\udc49 https:\/\/tianhuipackingmachine.com\/yogurt-cup-filling-machine\/\"><\/div><\/div><div class=\"lL\" style=\"max-width:100%;width:853px;margin:5px auto;\"> <a href=\"https:\/\/youtu.be\/HicsfkDOUwI\" target=\"_blank\" rel=\"noopener\">Ver este v\u00eddeo en YouTube<\/a>.<\/div><figcaption><\/figcaption><\/figure>   <h2 class=\"wp-block-heading\" id=\"h-yogurt-cup-filler-structure\">Estructura de llenado de vasos de yogur<\/h2>    <p>La m\u00e1quina llenadora de vasos de yogur se compone de una pantalla t\u00e1ctil autom\u00e1tica, un sistema de ca\u00edda de vasos, un sistema de tracci\u00f3n y engranaje, un sistema de llenado, un dispositivo para poner pel\u00edcula, un sistema de sellado y un dispositivo de descarga de vasos con una cinta transportadora de salida. La pantalla t\u00e1ctil controla los interruptores de ca\u00edda del vaso, llenado, colocaci\u00f3n de pel\u00edcula, sellado, descarga y visualizaci\u00f3n del conteo del producto terminado. El dispositivo de ca\u00edda de vasos realizado es impulsado por energ\u00eda neum\u00e1tica y funciona de manera estable y precisa. <\/p>    <p>El sistema de engranaje y tracci\u00f3n incluye un motor de accionamiento, un reductor de velocidad, un dispositivo de engranaje estable y vasos transportadores al sistema de llenado. El dispositivo de llenado incluye una \u00fanica salida y doble cabezal de llenado, siendo este \u00faltimo m\u00e1s eficiente. El sistema de colocaci\u00f3n de la tapa de la taza se coloca con precisi\u00f3n. El equipo sella firmemente el borde de las tazas y las empuja hacia la cinta transportadora de salida.<\/p>    <figure class=\"wp-block-image aligncenter size-full\"><img loading=\"lazy\" decoding=\"async\" width=\"750\" height=\"500\" src=\"https:\/\/tianhuipackingmachine.com\/wp-content\/uploads\/2021\/09\/yogurt-cup-filling-machine-structure.jpg\" alt=\"Estructura de la m\u00e1quina llenadora de vasos de yogur\" class=\"wp-image-2524\" srcset=\"https:\/\/tianhuipackingmachine.com\/wp-content\/uploads\/2021\/09\/yogurt-cup-filling-machine-structure.jpg 750w, https:\/\/tianhuipackingmachine.com\/wp-content\/uploads\/2021\/09\/yogurt-cup-filling-machine-structure-300x200.jpg 300w\" sizes=\"auto, (max-width: 750px) 100vw, 750px\" \/><figcaption class=\"wp-element-caption\">Estructura de la m\u00e1quina llenadora de vasos de yogur<\/figcaption><\/figure>    <h2 class=\"has-text-color wp-block-heading\" id=\"h-yogurt-filling-equipment-parameters\" style=\"color:#ff5200\">Par\u00e1metros del equipo de llenado de yogur.<\/h2>    <figure class=\"wp-block-table is-style-stripes\"><table><tbody><tr><td>Fuerza<\/td><td>220V\u00a0\u00a01200W<\/td><\/tr><tr><td>Velocidad de embalaje<\/td><td>800-900 tazas\/h (salida \u00fanica) 1600-1800 tazas\/h (salida doble)<\/td><\/tr><tr><td>Presi\u00f3n del aire<\/td><td>0,5-0,75 MPa<\/td><\/tr><tr><td>Consumo m\u00e1ximo de aire<\/td><td>0,45 m<sup>3<\/sup>\/metro<\/td><\/tr><tr><td>Dimensi\u00f3n<\/td><td>100*80*120cm<\/td><\/tr><tr><td>Peso<\/td><td>350 kilos<\/td><\/tr><\/tbody><\/table><\/figure>    <p>La t\u00e9cnica real habr\u00e1 algunas diferencias seg\u00fan la situaci\u00f3n real porque la m\u00e1quina llenadora de vasos de yogur generalmente est\u00e1 personalizada. <\/p>    <h2 class=\"wp-block-heading\" id=\"h-applications-of-yogurt-filling-machine\">Aplicaciones de la m\u00e1quina llenadora de yogur.<\/h2>    <p>El llenador de vasos de yogur no solo puede llenar y sellar vasos de yogur, sino que tambi\u00e9n se puede aplicar a bebidas, leche, caf\u00e9, jugo, crema para caf\u00e9, helado, gelatina, leche de soja, jarabe de ciruela, vino de arroz, mermelada, salsa, salsa picante, carne de res. pasta, etc. equipadas con diferentes sistemas de llenado. Es adecuado para vasos de pl\u00e1stico, vasos de papel, vasos de aluminio, etc. Para el dispositivo de llenado, varios vol\u00famenes de llenado son opcionales, refiri\u00e9ndose a 1-10 ml, 10-100 ml, 5-50 ml, 50-500 ml, 30-300 ml, etc. (hasta 500ml). Puede elegir seg\u00fan sus necesidades reales. <\/p>    <figure class=\"wp-block-gallery has-nested-images columns-default is-cropped wp-block-gallery-2 is-layout-flex wp-block-gallery-is-layout-flex\"> <figure class=\"wp-block-image size-large\"><img loading=\"lazy\" decoding=\"async\" width=\"750\" height=\"500\" data-id=\"2526\" src=\"https:\/\/tianhuipackingmachine.com\/wp-content\/uploads\/2021\/09\/yogurt-cup-filling-equipment-applications-display.jpg\" alt=\"visualizaci\u00f3n de aplicaciones de equipos de llenado de vasos de yogur\" class=\"wp-image-2526\" srcset=\"https:\/\/tianhuipackingmachine.com\/wp-content\/uploads\/2021\/09\/yogurt-cup-filling-equipment-applications-display.jpg 750w, https:\/\/tianhuipackingmachine.com\/wp-content\/uploads\/2021\/09\/yogurt-cup-filling-equipment-applications-display-300x200.jpg 300w\" sizes=\"auto, (max-width: 750px) 100vw, 750px\" \/><figcaption class=\"wp-element-caption\">Pantalla de aplicaciones de equipos de llenado de vasos de yogur<\/figcaption><\/figure>    <figure class=\"wp-block-image size-large\"><img loading=\"lazy\" decoding=\"async\" width=\"750\" height=\"500\" data-id=\"4684\" src=\"https:\/\/tianhuipackingmachine.com\/wp-content\/uploads\/2021\/12\/coffee-mate-750x500.jpg\" alt=\"compa\u00f1ero del Cafe\" class=\"wp-image-4684\" srcset=\"https:\/\/tianhuipackingmachine.com\/wp-content\/uploads\/2021\/12\/coffee-mate.jpg 750w, https:\/\/tianhuipackingmachine.com\/wp-content\/uploads\/2021\/12\/coffee-mate-480x320.jpg 480w\" sizes=\"auto, (max-width: 750px) 100vw, 750px\" \/><figcaption class=\"wp-element-caption\">Compa\u00f1ero del Cafe<\/figcaption><\/figure> <\/figure>    <h2 class=\"wp-block-heading\" id=\"do-you-need-a-yogurt-cup-filling-and-sealing-machine-for-larger-output\">\u00bfNecesita una m\u00e1quina llenadora y selladora de vasos de yogur para obtener una mayor producci\u00f3n?<\/h2>    <p>En caso afirmativo, puede echar un vistazo a la m\u00e1quina llenadora y selladora de vasos continuos. Es el equipo ideal para envasado de vasos para l\u00edneas de montaje y producci\u00f3n en gran escala. Esta m\u00e1quina empacadora de vasos se aplica a yogur, gelatina, jugo, helado, pud\u00edn, avena, otros l\u00edquidos o pastas, etc. El equipo puede completar autom\u00e1ticamente el proceso de ca\u00edda de vasos en modelos, llenado de material en vasos, alimentaci\u00f3n de pel\u00edcula, sellado y Cortar la pel\u00edcula de embalaje. <\/p>    <p>Tiene las ventajas de una estructura compacta, un alto grado de automatizaci\u00f3n, uso conveniente, mantenimiento simple y alta eficiencia de producci\u00f3n. Y el equipo tiene una calidad estable y una larga vida \u00fatil, un rendimiento avanzado y una calidad confiable. El n\u00famero de copas por fila se puede personalizar seg\u00fan los requisitos de producci\u00f3n del cliente.<\/p>    <figure class=\"wp-block-image aligncenter size-large\"><img loading=\"lazy\" decoding=\"async\" width=\"750\" height=\"500\" src=\"https:\/\/tianhuipackingmachine.com\/wp-content\/uploads\/2022\/02\/cup-filling-and-sealing-machine-750x500.jpg\" alt=\"m\u00e1quina llenadora y selladora de vasos\" class=\"wp-image-5183\" srcset=\"https:\/\/tianhuipackingmachine.com\/wp-content\/uploads\/2022\/02\/cup-filling-and-sealing-machine.jpg 750w, https:\/\/tianhuipackingmachine.com\/wp-content\/uploads\/2022\/02\/cup-filling-and-sealing-machine-480x320.jpg 480w\" sizes=\"auto, (max-width: 750px) 100vw, 750px\" \/><figcaption class=\"wp-element-caption\">M\u00e1quina de llenado y sellado de vasos<\/figcaption><\/figure>    <h2 class=\"wp-block-heading\" id=\"what-are-characteristics-of-the-continuous-yogurt-cup-filling-and-sealing-machine\">\u00bfCu\u00e1les son las caracter\u00edsticas de la m\u00e1quina llenadora y selladora continua de vasos de yogur?<\/h2>    <ol class=\"wp-block-list\" type=\"1\"> <li>Dise\u00f1o avanzado, estructura razonable, alta automatizaci\u00f3n y rendimiento confiable.<\/li>    <li>La operaci\u00f3n simple mejora la eficiencia del trabajo y reduce el trabajo humano.<\/li>    <li>Toda la m\u00e1quina est\u00e1 hecha de acero inoxidable, aleaci\u00f3n de aluminio, cobre y otros materiales anticorrosi\u00f3n de acuerdo con los est\u00e1ndares de seguridad e higiene alimentaria.<\/li>    <li>El molde para colocar tazas se puede personalizar. Los moldes redondos y cuadrados son tipos comunes disponibles. <\/li>    <li>Los detectores oculares fotoel\u00e9ctricos garantizan un llenado y sellado precisos y exactos.<\/li>    <li>La velocidad de producci\u00f3n y la presi\u00f3n de sellado se pueden ajustar seg\u00fan las necesidades reales.<\/li>    <li>El sello es firme y los bordes lisos e impecables.<\/li> <\/ol>    <figure class=\"wp-block-gallery has-nested-images columns-default is-cropped wp-block-gallery-3 is-layout-flex wp-block-gallery-is-layout-flex\"> <figure class=\"wp-block-image size-large\"><img loading=\"lazy\" decoding=\"async\" width=\"750\" height=\"500\" data-id=\"5185\" src=\"https:\/\/tianhuipackingmachine.com\/wp-content\/uploads\/2022\/02\/round-cup-type-filling-system-for-liquid.jpg\" alt=\"Sistema de llenado tipo copa redonda para l\u00edquidos.\" class=\"wp-image-5185\" srcset=\"https:\/\/tianhuipackingmachine.com\/wp-content\/uploads\/2022\/02\/round-cup-type-filling-system-for-liquid.jpg 750w, https:\/\/tianhuipackingmachine.com\/wp-content\/uploads\/2022\/02\/round-cup-type-filling-system-for-liquid-480x320.jpg 480w\" sizes=\"auto, (max-width: 750px) 100vw, 750px\" \/><figcaption class=\"wp-element-caption\">Sistema de llenado tipo copa redonda para l\u00edquidos<\/figcaption><\/figure>    <figure class=\"wp-block-image size-large\"><img loading=\"lazy\" decoding=\"async\" width=\"750\" height=\"500\" data-id=\"5184\" src=\"https:\/\/tianhuipackingmachine.com\/wp-content\/uploads\/2022\/02\/quadrate-cup-type-filling-system.jpg\" alt=\"sistema de llenado tipo taza cuadrada\" class=\"wp-image-5184\" srcset=\"https:\/\/tianhuipackingmachine.com\/wp-content\/uploads\/2022\/02\/quadrate-cup-type-filling-system.jpg 750w, https:\/\/tianhuipackingmachine.com\/wp-content\/uploads\/2022\/02\/quadrate-cup-type-filling-system-480x320.jpg 480w\" sizes=\"auto, (max-width: 750px) 100vw, 750px\" \/><figcaption class=\"wp-element-caption\">Sistema de llenado tipo copa cuadrada<\/figcaption><\/figure> <\/figure>    <h2 class=\"has-luminous-vivid-orange-color has-text-color wp-block-heading\" id=\"multiline-linear-automatic-cup-packing-machine-parameter\">Par\u00e1metros de la m\u00e1quina empacadora de vasos autom\u00e1tica lineal multil\u00ednea<\/h2>    <figure class=\"wp-block-table\"><table><tbody><tr><td>Tipo<\/td><td>XBG60-4<\/td><td>JXS-1680<\/td><\/tr><tr><td>Fuerza<\/td><td>Trif\u00e1sico de cuatro hilos, 380V\/50HZ, 2,4Kw\/h<\/td><td>380 V, 2,2 kW<\/td><\/tr><tr><td>Rango de control de temperatura<\/td><td>0-400\u2103<\/td><td>\/<\/td><\/tr><tr><td>Consumo de aire<\/td><td>0,6 m<sup>3<\/sup>\/s<\/td><td>\/<\/td><\/tr><tr><td>Presi\u00f3n del aire<\/td><td>0,65-0,85 MPa<\/td><td>0,6-0,8 MPa<\/td><\/tr><tr><td>Velocidad de embalaje<\/td><td>1800-2000 tazas\/h<\/td><td>1200-7200 tazas\/h<\/td><\/tr><tr><td>Peso<\/td><td>700 kilos<\/td><td>1050kg<\/td><\/tr><tr><td>Dimensi\u00f3n<\/td><td>3000mm*600mm*1600mm<\/td><td>3200*1350*1720mm<\/td><\/tr><\/tbody><\/table><\/figure>    <p>Los datos t\u00e9cnicos reales se ajustar\u00e1n seg\u00fan la situaci\u00f3n y los requisitos reales. <\/p>    <h2 class=\"wp-block-heading\" id=\"h-get-in-touch-with-us-to-get-more-information\">Ponte en contacto con nosotros para obtener m\u00e1s informaci\u00f3n.<\/h2>    <p class=\"translation-block\">La m\u00e1quina autom\u00e1tica de llenado y sellado de tazas de yogur rotativa generalmente se personaliza para que coincida bien con el tama\u00f1o y la forma de su taza y tapa. En Henan Top Packing machinery, hay muchas <a href=\"https:\/\/tianhuipackingmachine.com\/es\/\">m\u00e1quinas de envasado<\/a> a la venta, como <a href=\"https:\/\/tianhuipackingmachine.com\/es\/liquid-packing-machine\/\">m\u00e1quina de envasado de l\u00edquidos<\/a>, m\u00e1quina de envasado de polvo, m\u00e1quina de envasado de gr\u00e1nulos, m\u00e1quina de envasado al vac\u00edo, m\u00e1quina de envasado tipo almohada, m\u00e1quina de etiquetado, impresora de fechas, <a href=\"https:\/\/tianhuipackingmachine.com\/es\/carton-sealing-machine\/\">m\u00e1quina de sellado de cartones<\/a>, y m\u00e1s. \u00bfEst\u00e1 buscando equipos como estos? Cont\u00e1ctenos para obtener m\u00e1s detalles y el mejor precio.<\/p>","protected":false},"excerpt":{"rendered":"<p>Yogurt cup filling machine, as the name implies, is a kind of equipment for cup filling and sealing. Compared with the inline liquid filling machine, this yogurt packaging machine for cups is equipped with a rotary plate. The yogurt cup filling and sealing machine can automatically complete the whole process of feeding cups, filling, sealing, [&hellip;]<\/p>\n","protected":false},"author":1,"featured_media":2523,"parent":0,"template":"","tags":[162],"product-type":[141],"class_list":["post-2522","product","type-product","status-publish","has-post-thumbnail","hentry","tag-filling-machine","product-type-filling-machines"],"_links":{"self":[{"href":"https:\/\/tianhuipackingmachine.com\/es\/wp-json\/wp\/v2\/product\/2522","targetHints":{"allow":["GET"]}}],"collection":[{"href":"https:\/\/tianhuipackingmachine.com\/es\/wp-json\/wp\/v2\/product"}],"about":[{"href":"https:\/\/tianhuipackingmachine.com\/es\/wp-json\/wp\/v2\/types\/product"}],"author":[{"embeddable":true,"href":"https:\/\/tianhuipackingmachine.com\/es\/wp-json\/wp\/v2\/users\/1"}],"wp:featuredmedia":[{"embeddable":true,"href":"https:\/\/tianhuipackingmachine.com\/es\/wp-json\/wp\/v2\/media\/2523"}],"wp:attachment":[{"href":"https:\/\/tianhuipackingmachine.com\/es\/wp-json\/wp\/v2\/media?parent=2522"}],"wp:term":[{"taxonomy":"post_tag","embeddable":true,"href":"https:\/\/tianhuipackingmachine.com\/es\/wp-json\/wp\/v2\/tags?post=2522"},{"taxonomy":"product-type","embeddable":true,"href":"https:\/\/tianhuipackingmachine.com\/es\/wp-json\/wp\/v2\/product-type?post=2522"}],"curies":[{"name":"wp","href":"https:\/\/api.w.org\/{rel}","templated":true}]}}