{"id":2510,"date":"2021-09-08T11:10:06","date_gmt":"2021-09-08T03:10:06","guid":{"rendered":"https:\/\/tianhuipackingmachine.com\/?page_id=2510"},"modified":"2026-03-11T15:10:18","modified_gmt":"2026-03-11T07:10:18","slug":"1-10kg-powder-filling-machine","status":"publish","type":"product","link":"https:\/\/tianhuipackingmachine.com\/es\/1-10kg-powder-filling-machine\/","title":{"rendered":"M\u00e1quina de llenado de polvo de 1 a 10 kg"},"content":{"rendered":"<p class=\"translation-block\"><strong>M\u00e1quina llenadora de polvo<\/strong> aqu\u00ed es una herramienta para llenar polvo de 1 a 10 kg de manera eficiente y confiable. Al igual que otras m\u00e1quinas envasadoras de polvo, est\u00e1 equipada con un sinf\u00edn que mide el volumen del material de llenado. El equipo es adecuado para varios tipos de polvos, como leche en polvo, harina, almid\u00f3n, condimento, chile en polvo, detergente en polvo, polvo qu\u00edmico, productos agr\u00edcolas y pesqueros, polvo aditivo, polvo de colorante, polvo de pienso, etc. <\/p>    <p>Para empacar de manera m\u00e1s eficiente, puedes usarlo combin\u00e1ndolo con algunos dispositivos. Por ejemplo, es mejor comprar una m\u00e1quina selladora de bolsas en conjunto si tambi\u00e9n desea sellar la bolsa. Mientras que si utiliza botellas para envasar, puede comprar una cinta transportadora para ahorrar mano de obra. Adem\u00e1s, el servicio OEM est\u00e1 disponible seg\u00fan sus necesidades.<\/p>    <figure class=\"wp-block-image size-full\"><img loading=\"lazy\" decoding=\"async\" width=\"750\" height=\"500\" src=\"https:\/\/tianhuipackingmachine.com\/wp-content\/uploads\/2021\/09\/powder-weighing-and-filing-machine.jpg\" alt=\"m\u00e1quina llenadora y pesadora de polvo\" class=\"wp-image-6246\"\/><figcaption class=\"wp-element-caption\">M\u00e1quina de llenado y pesaje de polvo<\/figcaption><\/figure>    <h2 class=\"has-black-color has-text-color wp-block-heading\" id=\"h-features-benefits-of-1-10kg-powder-filling-machine\">Caracter\u00edsticas y beneficios de la m\u00e1quina llenadora y pesadora de polvo seco<\/h2>    <ol class=\"wp-block-list\" type=\"1\"> <li>Dise\u00f1o razonable, estructura simple, f\u00e1cil de instalar, operar y mantener<\/li>    <li>Error de medici\u00f3n cuantitativa autom\u00e1tica de pesaje, llenado y ajuste<\/li>    <li>Las teclas y la pantalla t\u00e1ctil PLC son opcionales seg\u00fan sus necesidades.<\/li>    <li>Agregue una abrazadera grande en el puerto de descarga para fijar la bolsa de embalaje para llenar un gran volumen.<\/li>    <li>Cambiar diferentes tama\u00f1os de barrena puede controlar el embalaje de diferentes vol\u00famenes de material<\/li>    <li>Adopte un sistema de pesaje cuantitativo, preciso, eficiente y conveniente<\/li>    <li>Utilice motor paso a paso y tecnolog\u00eda de pesaje electr\u00f3nico, alta precisi\u00f3n<\/li>    <li>Adecuado para llenar bolsas, botellas y latas.<\/li>    <li>Servicio de personalizaci\u00f3n disponible<\/li> <\/ol>    <h2 class=\"has-text-color wp-block-heading\" id=\"h-semi-automatic-1-10-kg-powder-packing-equipment-parameters\" style=\"color:#ff5200\">Par\u00e1metros de la m\u00e1quina llenadora de polvo semiautom\u00e1tica.<\/h2>    <figure class=\"wp-block-table is-style-stripes\"><table><tbody><tr><td>Fuerza<\/td><td>CA 380 V 900 W<\/td><\/tr><tr><td>Especificaciones de embalaje<\/td><td>1-10kg<\/td><\/tr><tr><td>Precisi\u00f3n del embalaje<\/td><td>\u00b11%<\/td><\/tr><tr><td>Velocidad de embalaje<\/td><td>500-1500 bolsas\/h (seg\u00fan el tama\u00f1o del embalaje y los productos)<\/td><\/tr><tr><td>Dimensi\u00f3n<\/td><td>1000*850*1850mm<\/td><\/tr><tr><td>Peso<\/td><td>280 kilos<\/td><\/tr><\/tbody><\/table><\/figure>    <h2 class=\"has-black-color has-text-color wp-block-heading\" id=\"h-1-10kg-powder-auger-filler-structure\">Estructura de la m\u00e1quina llenadora de barrena de polvo de 1-10 kg<\/h2>    <p>El llenador de sinf\u00edn consta de una tolva de material, una salida de descarga, un panel de control electr\u00f3nico, una bandeja, un tornillo sinf\u00edn con tolva y un motor. La tolva de material se utiliza para almacenar polvo para el llenado. Una salida de descarga con un sinf\u00edn sirve para controlar el volumen de llenado. Para el llenado de bolsas de gran tama\u00f1o, estar\u00e1 equipada con un dispositivo de sujeci\u00f3n para sujetar la bolsa. La bandeja tiene una funci\u00f3n de soporte para bolsas, botellas o latas. Hay dos tipos de paneles de control opcionales, teclas y una pantalla t\u00e1ctil PLC. El transportador de tornillo transporta el material a la tolva de la m\u00e1quina llenadora mediante la potencia de su propio motor. <\/p>    <p class=\"translation-block\">Adem\u00e1s, admitimos m\u00e1quinas personalizadas seg\u00fan sus necesidades. Puede <strong><a href=\"https:\/\/tianhuipackingmachine.com\/es\/contacto\/\">ponerse en contacto con nosotros<\/a><\/strong> para obtener m\u00e1s detalles completando el formulario al final de este art\u00edculo.<\/p>    <figure class=\"wp-block-image aligncenter size-full\"><img loading=\"lazy\" decoding=\"async\" width=\"750\" height=\"500\" src=\"https:\/\/tianhuipackingmachine.com\/wp-content\/uploads\/2021\/09\/1-10kg-powder-filling-equipment-structure.jpg\" alt=\"Estructura del equipo de llenado de polvo de 1-10 kg\" class=\"wp-image-2512\" srcset=\"https:\/\/tianhuipackingmachine.com\/wp-content\/uploads\/2021\/09\/1-10kg-powder-filling-equipment-structure.jpg 750w, https:\/\/tianhuipackingmachine.com\/wp-content\/uploads\/2021\/09\/1-10kg-powder-filling-equipment-structure-300x200.jpg 300w\" sizes=\"auto, (max-width: 750px) 100vw, 750px\" \/><figcaption class=\"wp-element-caption\">Estructura del equipo de llenado de polvo de 1-10 kg<\/figcaption><\/figure>    <h2 class=\"has-text-color wp-block-heading\" id=\"h-screw-conveyor-parameters\" style=\"color:#ff5200\">Par\u00e1metros del transportador de tornillo<\/h2>    <figure class=\"wp-block-table is-style-stripes\"><table><tbody><tr><td>Fuerza<\/td><td>CA 380 V 1100 W.<\/td><\/tr><tr><td>Capacidad de elevaci\u00f3n<\/td><td>1000-3000kg\/h<\/td><\/tr><tr><td>Capacidad de la tolva<\/td><td>100-300 kilos<\/td><\/tr><tr><td>Altura del dispositivo de llenado<\/td><td>2000 mm (servicio personalizado de soporte)<\/td><\/tr><tr><td>El material del equipo.<\/td><td>Acero inoxidable<\/td><\/tr><tr><td>Peso<\/td><td>150 kilos<\/td><\/tr><\/tbody><\/table><\/figure>    <h2 class=\"has-black-color has-text-color wp-block-heading\" id=\"h-wide-applications-in-food-non-food-bags-bottles-or-cans\">Amplias aplicaciones en alimentos y no alimentos, bolsas, botellas o latas<\/h2>    <p class=\"translation-block\">La m\u00e1quina llenadora de polvo para 1-10 kg es adecuada para una variedad de polvos, como leche en polvo, caf\u00e9 en polvo, harina, maicena, harina de arroz, polvo de t\u00e9 con leche, polvo de alb\u00famina, almid\u00f3n, <strong><a href=\"https:\/\/tianhuipackingmachine.com\/es\/spice-packaging-machine\/\">especias<\/a><\/strong>, matcha en polvo, cacao en polvo, pimienta, <strong><a href=\"https:\/\/tianhuipackingmachine.com\/es\/chilli-powder-packing-machine\/\">chile en polvo<\/a><\/strong>, pimienta negra, comino, curry, masala, polvo de colorante, polvo de pesticida, aditivo, polvo de pienso, etc. Y el equipo de llenado se aplica a bolsas, botellas y latas. <\/p>    <figure class=\"wp-block-image size-large\"><img loading=\"lazy\" decoding=\"async\" width=\"750\" height=\"500\" src=\"https:\/\/tianhuipackingmachine.com\/wp-content\/uploads\/2021\/12\/applicable-powder-750x500.jpg\" alt=\"polvo aplicable\" class=\"wp-image-4449\" srcset=\"https:\/\/tianhuipackingmachine.com\/wp-content\/uploads\/2021\/12\/applicable-powder.jpg 750w, https:\/\/tianhuipackingmachine.com\/wp-content\/uploads\/2021\/12\/applicable-powder-480x320.jpg 480w\" sizes=\"auto, (max-width: 750px) 100vw, 750px\" \/><figcaption class=\"wp-element-caption\">Polvo aplicable<\/figcaption><\/figure>    <h2 class=\"has-black-color has-text-color wp-block-heading\" id=\"h-related-machines-in-top-packing-machinery\">M\u00e1quinas relacionadas de Henan Top Packing Machinery<\/h2>    <p class=\"translation-block\">Si desea una l\u00ednea de producci\u00f3n con la m\u00e1quina llenadora de polvo de 1-10 kg, hay muchas m\u00e1quinas opcionales en <strong><a href=\"https:\/\/tianhuipackingmachine.com\/es\/\">Henan Top Packing Machinery<\/a><\/strong>, como cintas transportadoras para botellas o latas, <strong><a href=\"https:\/\/tianhuipackingmachine.com\/es\/continuous-bag-sealing-machine\/\">m\u00e1quina selladora continua de bolsas<\/a><\/strong>, m\u00e1quinas taponadoras, m\u00e1quina selladora al vac\u00edo, impresora de fechas, m\u00e1quina selladora de cartones, etc. Adem\u00e1s, tambi\u00e9n ofrecemos <strong><a href=\"https:\/\/tianhuipackingmachine.com\/es\/powder-packing-machine\/\">m\u00e1quinas envasadoras de polvo<\/a><\/strong> para 0-80 g\/bolsa, 20-200 g\/bolsa, 500-1000 g\/bolsa, 1000-3000 g\/bolsa, 5-50 kg\/bolsa, etc. Adem\u00e1s, admitimos servicios de personalizaci\u00f3n. Cont\u00e1ctenos para m\u00e1s informaci\u00f3n y el mejor precio.<\/p>    <figure class=\"wp-block-image size-full\"><img loading=\"lazy\" decoding=\"async\" width=\"750\" height=\"500\" src=\"https:\/\/tianhuipackingmachine.com\/wp-content\/uploads\/2021\/09\/powder-filling-machine-factory.jpg\" alt=\"f\u00e1brica de m\u00e1quinas llenadoras de polvo\" class=\"wp-image-6240\"\/><figcaption class=\"wp-element-caption\">F\u00e1brica de m\u00e1quinas llenadoras de polvo<\/figcaption><\/figure>    <h2 class=\"wp-block-heading\">Conclusi\u00f3n <\/h2>    <p class=\"translation-block\">Las <strong>m\u00e1quinas llenadoras de polvo<\/strong> son una herramienta esencial en diversas industrias como la farmac\u00e9utica, la de alimentos y bebidas, la qu\u00edmica y la agr\u00edcola. Estas m\u00e1quinas se utilizan para llenar polvos en envases con un alto nivel de precisi\u00f3n y consistencia. Est\u00e1n disponibles en diferentes tipos, incluyendo llenadoras por sinf\u00edn, llenadoras volum\u00e9tricas y llenadoras gravim\u00e9tricas, cada una con sus propias caracter\u00edsticas y usos \u00fanicos. Las caracter\u00edsticas clave de las m\u00e1quinas llenadoras de polvo incluyen velocidad y precisi\u00f3n, precisi\u00f3n y consistencia, facilidad de uso y mantenimiento, y caracter\u00edsticas de seguridad. Con el continuo crecimiento y avance de la tecnolog\u00eda, las m\u00e1quinas llenadoras de polvo seguir\u00e1n desempe\u00f1ando un papel vital para garantizar una producci\u00f3n eficiente y efectiva en una variedad de industrias.<\/p>","protected":false},"excerpt":{"rendered":"<p>Powder filling machine here is a tool to fill powder within 1-10kg efficiently and reliably. The same as other powder packing machines, it\u2019s equipped with an auger that measures the volume of filling material. The equipment is suitable for various kinds of powders, such as milk powder, flour, starch, condiment, chili powder, detergent powder, chemical [&hellip;]<\/p>\n","protected":false},"author":1,"featured_media":6238,"parent":0,"template":"","tags":[162],"product-type":[141],"class_list":["post-2510","product","type-product","status-publish","has-post-thumbnail","hentry","tag-filling-machine","product-type-filling-machines"],"_links":{"self":[{"href":"https:\/\/tianhuipackingmachine.com\/es\/wp-json\/wp\/v2\/product\/2510","targetHints":{"allow":["GET"]}}],"collection":[{"href":"https:\/\/tianhuipackingmachine.com\/es\/wp-json\/wp\/v2\/product"}],"about":[{"href":"https:\/\/tianhuipackingmachine.com\/es\/wp-json\/wp\/v2\/types\/product"}],"author":[{"embeddable":true,"href":"https:\/\/tianhuipackingmachine.com\/es\/wp-json\/wp\/v2\/users\/1"}],"wp:featuredmedia":[{"embeddable":true,"href":"https:\/\/tianhuipackingmachine.com\/es\/wp-json\/wp\/v2\/media\/6238"}],"wp:attachment":[{"href":"https:\/\/tianhuipackingmachine.com\/es\/wp-json\/wp\/v2\/media?parent=2510"}],"wp:term":[{"taxonomy":"post_tag","embeddable":true,"href":"https:\/\/tianhuipackingmachine.com\/es\/wp-json\/wp\/v2\/tags?post=2510"},{"taxonomy":"product-type","embeddable":true,"href":"https:\/\/tianhuipackingmachine.com\/es\/wp-json\/wp\/v2\/product-type?post=2510"}],"curies":[{"name":"wp","href":"https:\/\/api.w.org\/{rel}","templated":true}]}}