{"id":2464,"date":"2021-09-07T10:28:43","date_gmt":"2021-09-07T02:28:43","guid":{"rendered":"https:\/\/tianhuipackingmachine.com\/?page_id=2464"},"modified":"2023-01-18T15:53:55","modified_gmt":"2023-01-18T07:53:55","slug":"5-50kg-granule-filling-machine","status":"publish","type":"product","link":"https:\/\/tianhuipackingmachine.com\/es\/5-50kg-granule-filling-machine\/","title":{"rendered":"M\u00e1quina llenadora de gr\u00e1nulos de 5-50 kg"},"content":{"rendered":"<p class=\"translation-block\"><strong>La m\u00e1quina de llenado de gr\u00e1nulos<\/strong> est\u00e1 equipada con un dispositivo de sellado, que incluye principalmente dos partes, el sistema de llenado y un sistema de sellado. El sistema de llenado adopta pesaje cuantitativo, de manera precisa y eficiente. Puede preestablecer el peso de los materiales de embalaje, que se llena r\u00e1pidamente. El sistema de sellado se refiere a dos tipos de m\u00e1quinas, la m\u00e1quina de sellado para bolsas de pl\u00e1stico y la m\u00e1quina de coser para bolsas tejidas. Puede elegir una de ellas o ambas seg\u00fan sus necesidades. El equipo de llenado se aplica ampliamente a arroz, trigo, mijo, ma\u00edz, granos, comida para gatos, comida para perros, fertilizante qu\u00edmico, etc. Adem\u00e1s, ofrecemos servicios de personalizaci\u00f3n de acuerdo con sus requisitos reales.<\/p>   <figure class=\"wp-block-embed-youtube wp-block-embed is-type-video is-provider-youtube wp-embed-aspect-16-9 wp-has-aspect-ratio\"><div class=\"lyte-wrapper\" title=\"Descripci\u00f3n general y funcionamiento de la m\u00e1quina llenadora y pesadora de gr\u00e1nulos de 5 a 50 kg\" style=\"width:853px;max-width:100%;margin:5px auto;\"><div class=\"lyMe\" id=\"WYL_f7g3DJ9Ghb8\" itemprop=\"video\" itemscope itemtype=\"https:\/\/schema.org\/VideoObject\"><div><meta itemprop=\"thumbnailUrl\" content=\"https:\/\/i.ytimg.com\/vi\/f7g3DJ9Ghb8\/hqdefault.jpg\" \/><meta itemprop=\"embedURL\" content=\"https:\/\/www.youtube.com\/embed\/f7g3DJ9Ghb8\" \/><meta itemprop=\"duration\" content=\"PT1M23S\" \/><meta itemprop=\"uploadDate\" content=\"2021-09-02T06:11:57Z\" \/><\/div><div id=\"lyte_f7g3DJ9Ghb8\" data-src=\"https:\/\/i.ytimg.com\/vi\/f7g3DJ9Ghb8\/hqdefault.jpg\" class=\"pL\"><div class=\"tC\"><div class=\"tT\" itemprop=\"name\">Descripci\u00f3n general y funcionamiento de la m\u00e1quina llenadora y pesadora de gr\u00e1nulos de 5 a 50 kg<\/div><\/div><div class=\"play\"><\/div><div class=\"ctrl\"><div class=\"Lctrl\"><\/div><div class=\"Rctrl\"><\/div><\/div><\/div><noscript><a href=\"https:\/\/youtu.be\/f7g3DJ9Ghb8\" rel=\"nofollow noopener\" target=\"_blank\"><img loading=\"lazy\" decoding=\"async\" src=\"https:\/\/i.ytimg.com\/vi\/f7g3DJ9Ghb8\/0.jpg\" alt=\"Descripci\u00f3n general y funcionamiento de la m\u00e1quina llenadora y pesadora de gr\u00e1nulos de 5 a 50 kg\" width=\"853\" height=\"460\" \/><\/a><\/noscript><meta itemprop=\"description\" content=\"Official website: https:\/\/tianhuipackingmachine.com\/5-50kg-granule-filling-machine\/ If you are interested in this machine, welcome to contact us to get a free quotation\uff01 Email: sales@toppackingmachine.com Whatsapp\/Tel: +86 17329326135 This kind of filling machine is specially designed and manufactured for granule items. It has the features of accurate weighing, intelligent control, easy operation, and good performance. Besides, particle filling machine from us has factory price and excellent after-sales service. Automatic granule packing machine: https:\/\/www.youtube.com\/watch?v=yDA78_loRBo Pillow packing machine: https:\/\/www.youtube.com\/watch?v=Xu9HTPWpcEI Vegetable packaging machine: https:\/\/www.youtube.com\/watch?v=5GtmU8TboFk Vertical powder packing machine: https:\/\/www.youtube.com\/watch?v=-dsZnBZpzUg Double chamber vacuum packaging machine: https:\/\/www.youtube.com\/watch?v=HrAGjwRJopI Chips pouch packing machine: https:\/\/www.youtube.com\/watch?v=fIU65zNNvU4 Peanut pre-made bag packaging machine: https:\/\/www.youtube.com\/watch?v=gSZ43wJ7sFw&amp;t=1s Email us: Email: sales@toppackingmachine.com | Whatsapp\/Tel: +86 17329326135\"><\/div><\/div><div class=\"lL\" style=\"max-width:100%;width:853px;margin:5px auto;\"> <a href=\"https:\/\/youtu.be\/f7g3DJ9Ghb8\" target=\"_blank\" rel=\"noopener\">Ver este v\u00eddeo en YouTube<\/a>.<\/div><figcaption><\/figcaption><\/figure>   <h2 class=\"wp-block-heading\" id=\"h-5-50kg-granule-filling-sealing-machine-for-sale\">M\u00e1quina llenadora y selladora de gr\u00e1nulos de 5-50 kg a la venta<\/h2>    <p>La m\u00e1quina llenadora de gr\u00e1nulos de 5 a 50 kg por bolsa est\u00e1 a la venta en Top Packing Machinery (Henan). La m\u00e1quina envasadora puede pesar, llenar y sellar autom\u00e1ticamente (o coser). Adopta un sistema de pesaje electr\u00f3nico, de forma inteligente y precisa. La salida de descarga est\u00e1 equipada con una abrazadera grande para fijar la bolsa a llenar. El equipamiento est\u00e1ndar es un orificio de llenado, pero tambi\u00e9n admitimos una salida de llenado doble si lo necesita. Las personas generalmente tambi\u00e9n compran un elevador de material cuando compran la m\u00e1quina empacadora y pesadora de gr\u00e1nulos de 5 a 50 kg porque la entrada de material es alta y es inconveniente cargarla manualmente. Adem\u00e1s, tambi\u00e9n ofrecemos servicio OEM. Ponte en contacto con nosotros para obtener m\u00e1s detalles.<\/p>    <figure class=\"wp-block-image aligncenter size-full\"><img loading=\"lazy\" decoding=\"async\" width=\"750\" height=\"500\" src=\"https:\/\/tianhuipackingmachine.com\/wp-content\/uploads\/2021\/09\/5-50kg-weighing-granule-filling-equipment.jpg\" alt=\"Equipo de llenado de gr\u00e1nulos de pesaje de 5-50 kg\" class=\"wp-image-2499\" srcset=\"https:\/\/tianhuipackingmachine.com\/wp-content\/uploads\/2021\/09\/5-50kg-weighing-granule-filling-equipment.jpg 750w, https:\/\/tianhuipackingmachine.com\/wp-content\/uploads\/2021\/09\/5-50kg-weighing-granule-filling-equipment-300x200.jpg 300w\" sizes=\"auto, (max-width: 750px) 100vw, 750px\" \/><figcaption class=\"wp-element-caption\">Equipo de llenado de gr\u00e1nulos con pesaje de 5-50 kg<\/figcaption><\/figure>    <h2 class=\"wp-block-heading\" id=\"h-features-benefits-of-5-50kg-granule-filling-equipment\">Caracter\u00edsticas y beneficios de la m\u00e1quina llenadora de gr\u00e1nulos de 5 a 50 kg<\/h2>    <ol class=\"wp-block-list\" type=\"1\"> <li>Dise\u00f1o razonable, sistema de control inteligente, m\u00faltiples idiomas opcionales, amplias aplicaciones<\/li>    <li>Funciona de manera estable, pesa con precisi\u00f3n, funciona c\u00f3modamente, sella (o cose) firmemente<\/li>    <li>Mejore la eficiencia de la producci\u00f3n, ahorrando mano de obra y tiempo de embalaje.<\/li>    <li>El detector est\u00e1 equipado en la salida de descarga para controlar el llenado o no.<\/li>    <li>Se utiliza una abrazadera grande para sujetar la bolsa de embalaje para su llenado.<\/li>    <li>Soporta el peso preestablecido de los objetos de embalaje, llen\u00e1ndolos de forma r\u00e1pida y precisa. \u00a0\u00a0\u00a0\u00a0<\/li>    <li>El servicio de personalizaci\u00f3n est\u00e1 disponible.<\/li> <\/ol>    <figure class=\"wp-block-image aligncenter size-full\"><img loading=\"lazy\" decoding=\"async\" width=\"750\" height=\"500\" src=\"https:\/\/tianhuipackingmachine.com\/wp-content\/uploads\/2021\/09\/5-50kg-granule-filling-sealing-machine-with-a-material-elevator.jpg\" alt=\"M\u00e1quina llenadora y selladora de gr\u00e1nulos de 5 a 50 kg con elevador de material\" class=\"wp-image-2500\" srcset=\"https:\/\/tianhuipackingmachine.com\/wp-content\/uploads\/2021\/09\/5-50kg-granule-filling-sealing-machine-with-a-material-elevator.jpg 750w, https:\/\/tianhuipackingmachine.com\/wp-content\/uploads\/2021\/09\/5-50kg-granule-filling-sealing-machine-with-a-material-elevator-300x200.jpg 300w\" sizes=\"auto, (max-width: 750px) 100vw, 750px\" \/><figcaption class=\"wp-element-caption\">Relleno de gr\u00e1nulos de 5 a 50 kg y amperaje; M\u00e1quina de sellado con elevador de material<\/figcaption><\/figure>    <h2 class=\"wp-block-heading\" id=\"h-wide-applications-in-food-and-non-food\">Amplias aplicaciones en alimentos y no alimentos.<\/h2>    <p class=\"translation-block\">La m\u00e1quina de llenado de gr\u00e1nulos de 5-50 kg se aplica ampliamente a varios tipos de gr\u00e1nulos, como arroz, trigo, mijo, ma\u00edz, cacahuete, frijol mungo, frijol rojo, soja, s\u00e9samo, alforf\u00f3n, semillas de mel\u00f3n, d\u00e1tiles rojos, chiles secos, nuez, granos, nueces, comida para gatos, comida para perros, fertilizante qu\u00edmico, y as\u00ed sucesivamente. Es adecuada para 5-50 kg por bolsa. Las bolsas de pl\u00e1stico y las bolsas tejidas son opcionales. Las bolsas de pl\u00e1stico utilizan la <strong><a href=\"https:\/\/tianhuipackingmachine.com\/es\/continuous-bag-sealing-machine\/\">m\u00e1quina de sellado por calor<\/a><\/strong>, mientras que las bolsas tejidas necesitan la m\u00e1quina de coser. <\/p>    <figure class=\"wp-block-image aligncenter size-full\"><img loading=\"lazy\" decoding=\"async\" width=\"750\" height=\"500\" src=\"https:\/\/tianhuipackingmachine.com\/wp-content\/uploads\/2021\/09\/various-grains.jpg\" alt=\"varios granos\" class=\"wp-image-2483\" srcset=\"https:\/\/tianhuipackingmachine.com\/wp-content\/uploads\/2021\/09\/various-grains.jpg 750w, https:\/\/tianhuipackingmachine.com\/wp-content\/uploads\/2021\/09\/various-grains-300x200.jpg 300w\" sizes=\"auto, (max-width: 750px) 100vw, 750px\" \/><figcaption class=\"wp-element-caption\">Varios granos<\/figcaption><\/figure>    <h2 class=\"wp-block-heading\">\u00bfC\u00f3mo elegir la m\u00e1quina llenadora de gr\u00e1nulos adecuada? <\/h2>    <p>Elegir la m\u00e1quina llenadora de gr\u00e1nulos adecuada para sus necesidades espec\u00edficas puede ser una tarea desalentadora. A continuaci\u00f3n se presentan algunos factores a considerar al seleccionar una m\u00e1quina llenadora de gr\u00e1nulos:<\/p>    <ol class=\"wp-block-list\"> <li><strong>Volumen de producci\u00f3n:<\/strong> Considere cu\u00e1ntos contenedores deben llenarse por d\u00eda o por hora. Esto ayudar\u00e1 a determinar la velocidad y el tama\u00f1o de la m\u00e1quina requerida.<\/li>    <li><strong>Tipo de Gr\u00e1nulos:<\/strong> Diferentes tipos de gr\u00e1nulos pueden requerir diferentes t\u00e9cnicas de llenado. Por ejemplo, si los gr\u00e1nulos son muy peque\u00f1os o tienen tendencia a aglutinarse, un relleno volum\u00e9trico puede ser m\u00e1s adecuado, mientras que los gr\u00e1nulos m\u00e1s grandes o de forma irregular pueden requerir un relleno de barrena.<\/li>    <li><strong>Tama\u00f1o y forma del contenedor:<\/strong> Considere el tama\u00f1o y la forma de los contenedores que se llenar\u00e1n. Algunas m\u00e1quinas pueden ser m\u00e1s adecuadas para determinadas formas y tama\u00f1os de contenedores.<\/li>    <li><strong>Exactitud y precisi\u00f3n:<\/strong> Considere el nivel de exactitud y precisi\u00f3n requeridos para su aplicaci\u00f3n. Algunas m\u00e1quinas pueden proporcionar un llenado m\u00e1s preciso y exacto que otras.<\/li>    <li><strong>Facilidad de uso y mantenimiento:<\/strong> Considere la facilidad de uso y mantenimiento de la m\u00e1quina. Busque m\u00e1quinas que sean f\u00e1ciles de operar y mantener y que tengan repuestos f\u00e1cilmente disponibles.<\/li>    <li><strong>Caracteristicas de seguridad:<\/strong> Busque caracter\u00edsticas de seguridad como paradas de emergencia, protectores y sensores que protejan al operador.<\/li>    <li><strong>Calidad del fabricante:<\/strong> Es importante elegir un fabricante confiable y de buena reputaci\u00f3n con un buen historial en la producci\u00f3n de m\u00e1quinas de calidad.<\/li>    <li><strong>Presupuesto:<\/strong> Por supuesto, el presupuesto tambi\u00e9n es una consideraci\u00f3n a la hora de elegir una m\u00e1quina llenadora de gr\u00e1nulos, por lo que es importante buscar una m\u00e1quina que ofrezca el mejor valor por su inversi\u00f3n.<\/li> <\/ol>    <p>Siempre se recomienda consultar al representante del fabricante o a un profesional en el campo para asegurarse de que est\u00e1 tomando la decisi\u00f3n correcta para sus necesidades espec\u00edficas.<\/p>    <h2 class=\"wp-block-heading\" id=\"h-contact-us-for-more-information\">Cont\u00e1ctenos para m\u00e1s detalles \u00fatiles <\/h2>    <p class=\"translation-block\">Como uno de los fabricantes y proveedores de m\u00e1quinas de llenado de gr\u00e1nulos, Henan Top Packing Machinery Co., Ltd proporciona varias <strong><a href=\"https:\/\/tianhuipackingmachine.com\/es\/\">m\u00e1quinas de embalaje<\/a><\/strong>, m\u00e1quinas de llenado, m\u00e1quinas de sellado, m\u00e1quinas de tapado, etc. Puede elegir dispositivos adecuados de acuerdo con sus necesidades. <strong><a href=\"https:\/\/tianhuipackingmachine.com\/es\/contacto\/\">P\u00f3ngase en contacto con nosotros<\/a><\/strong> para obtener m\u00e1s detalles y le responderemos lo antes posible.<\/p>","protected":false},"excerpt":{"rendered":"<p>Granule filling machine is equipped with a sealing device, mainly including two parts, the filling system, and a sealing system. The filling system adopts quantitative weighing, accurately and efficiently. It can preset the weight of packaging materials, which fills quickly. The sealing one refers to two sorts of machines, the sealing machine for plastic bags [&hellip;]<\/p>\n","protected":false},"author":1,"featured_media":2500,"parent":0,"template":"","tags":[162],"product-type":[141],"class_list":["post-2464","product","type-product","status-publish","has-post-thumbnail","hentry","tag-filling-machine","product-type-filling-machines"],"_links":{"self":[{"href":"https:\/\/tianhuipackingmachine.com\/es\/wp-json\/wp\/v2\/product\/2464","targetHints":{"allow":["GET"]}}],"collection":[{"href":"https:\/\/tianhuipackingmachine.com\/es\/wp-json\/wp\/v2\/product"}],"about":[{"href":"https:\/\/tianhuipackingmachine.com\/es\/wp-json\/wp\/v2\/types\/product"}],"author":[{"embeddable":true,"href":"https:\/\/tianhuipackingmachine.com\/es\/wp-json\/wp\/v2\/users\/1"}],"wp:featuredmedia":[{"embeddable":true,"href":"https:\/\/tianhuipackingmachine.com\/es\/wp-json\/wp\/v2\/media\/2500"}],"wp:attachment":[{"href":"https:\/\/tianhuipackingmachine.com\/es\/wp-json\/wp\/v2\/media?parent=2464"}],"wp:term":[{"taxonomy":"post_tag","embeddable":true,"href":"https:\/\/tianhuipackingmachine.com\/es\/wp-json\/wp\/v2\/tags?post=2464"},{"taxonomy":"product-type","embeddable":true,"href":"https:\/\/tianhuipackingmachine.com\/es\/wp-json\/wp\/v2\/product-type?post=2464"}],"curies":[{"name":"wp","href":"https:\/\/api.w.org\/{rel}","templated":true}]}}