{"id":2386,"date":"2021-09-02T10:56:12","date_gmt":"2021-09-02T02:56:12","guid":{"rendered":"https:\/\/tianhuipackingmachine.com\/?page_id=2386"},"modified":"2022-12-08T13:46:24","modified_gmt":"2022-12-08T05:46:24","slug":"horizontal-pouch-feeding-machine","status":"publish","type":"product","link":"https:\/\/tianhuipackingmachine.com\/es\/horizontal-pouch-feeding-machine\/","title":{"rendered":"M\u00e1quina de alimentaci\u00f3n de bolsas horizontales"},"content":{"rendered":"<p class=\"translation-block\"><strong>La m\u00e1quina de envasado de bolsas horizontales<\/strong> es un tipo de m\u00e1quina de envasado de bolsas prehechas, que consiste principalmente en un sistema de alimentaci\u00f3n de material y un sistema de alimentaci\u00f3n de bolsas. El equipo puede envasar diferentes estados de material, polvo, gr\u00e1nulos, l\u00edquido, pasta, etc., cambiando diferentes sistemas de alimentaci\u00f3n. La bolsa de envasado debe estar preparada y colocada en un lugar determinado antes de iniciar la m\u00e1quina. Es adecuada para varios tipos de bolsas, como bolsas de pie, bolsas con zipper, bolsas con sellado de tres lados, bolsas con sellado de cuatro lados, bolsas de papel, etc. La velocidad de envasado est\u00e1 estrechamente relacionada con la velocidad de llenado y la capacidad de las bolsas de envasado. Adem\u00e1s, tambi\u00e9n suministramos m\u00e1quinas de alimentaci\u00f3n de bolsas rotativas. Todos los tama\u00f1os de m\u00e1quinas se pueden personalizar seg\u00fan sus necesidades.<\/p>    <figure class=\"wp-block-image aligncenter size-full\"><img loading=\"lazy\" decoding=\"async\" width=\"750\" height=\"500\" src=\"https:\/\/tianhuipackingmachine.com\/wp-content\/uploads\/2021\/09\/horizontal-bag-feeding-machine.jpg\" alt=\"m\u00e1quina de alimentaci\u00f3n de bolsas horizontales\" class=\"wp-image-2388\" srcset=\"https:\/\/tianhuipackingmachine.com\/wp-content\/uploads\/2021\/09\/horizontal-bag-feeding-machine.jpg 750w, https:\/\/tianhuipackingmachine.com\/wp-content\/uploads\/2021\/09\/horizontal-bag-feeding-machine-300x200.jpg 300w\" sizes=\"auto, (max-width: 750px) 100vw, 750px\" \/><figcaption class=\"wp-element-caption\">M\u00e1quina de alimentaci\u00f3n de bolsas horizontales<\/figcaption><\/figure>    <h2 class=\"wp-block-heading\" id=\"h-horizontal-pouch-feeding-machine-for-sale\">M\u00e1quina de alimentaci\u00f3n de bolsas horizontales a la venta<\/h2>    <p>Las m\u00e1quinas llenadoras y selladoras de bolsas prefabricadas pueden equiparse con diferentes dispositivos de alimentaci\u00f3n para llenar diferentes estados de materiales. Por ejemplo, si desea envasar polvo, la parte de alimentaci\u00f3n es una tolva con un sinf\u00edn en espiral para controlar el volumen de llenado. Del mismo modo, se utiliza una plataforma giratoria con vasos medidores para el envasado de gr\u00e1nulos peque\u00f1os, una pesadora de cabezales m\u00faltiples para gr\u00e1nulos m\u00e1s grandes, tuber\u00edas de l\u00edquido para l\u00edquidos y un barril de pasta para pastas. La m\u00e1quina de alimentaci\u00f3n de bolsas horizontal adopta un sistema de alimentaci\u00f3n de bolsas horizontal, pasando por varias posiciones de trabajo para el llenado y sellado. Adem\u00e1s, tambi\u00e9n ofrecemos la m\u00e1quina alimentadora de bolsas rotativas. Adem\u00e1s, el servicio OEM est\u00e1 disponible seg\u00fan sus requisitos. Cont\u00e1ctanos para obtener m\u00e1s detalles y te responderemos lo antes posible. &nbsp;<\/p>    <figure class=\"wp-block-gallery has-nested-images columns-default is-cropped wp-block-gallery-2 is-layout-flex wp-block-gallery-is-layout-flex\"> <figure class=\"wp-block-image size-large\"><img loading=\"lazy\" decoding=\"async\" width=\"750\" height=\"500\" data-id=\"4446\" src=\"https:\/\/tianhuipackingmachine.com\/wp-content\/uploads\/2021\/12\/pre-made-powder-bag-packing-machine-750x500.jpg\" alt=\"empaquetadora de bolsas de polvo prefabricadas\" class=\"wp-image-4446\" srcset=\"https:\/\/tianhuipackingmachine.com\/wp-content\/uploads\/2021\/12\/pre-made-powder-bag-packing-machine.jpg 750w, https:\/\/tianhuipackingmachine.com\/wp-content\/uploads\/2021\/12\/pre-made-powder-bag-packing-machine-480x320.jpg 480w\" sizes=\"auto, (max-width: 750px) 100vw, 750px\" \/><figcaption class=\"wp-element-caption\">M\u00e1quina empacadora de bolsas de polvo prefabricadas<\/figcaption><\/figure>    <figure class=\"wp-block-image size-large\"><img loading=\"lazy\" decoding=\"async\" width=\"750\" height=\"500\" data-id=\"4443\" src=\"https:\/\/tianhuipackingmachine.com\/wp-content\/uploads\/2021\/12\/horizontal-pouch-feeding-equipment-for-granule-750x500.jpg\" alt=\"alimentaci\u00f3n por bolsa horizontal e\" class=\"wp-image-4443\" srcset=\"https:\/\/tianhuipackingmachine.com\/wp-content\/uploads\/2021\/12\/horizontal-pouch-feeding-equipment-for-granule.jpg 750w, https:\/\/tianhuipackingmachine.com\/wp-content\/uploads\/2021\/12\/horizontal-pouch-feeding-equipment-for-granule-480x320.jpg 480w\" sizes=\"auto, (max-width: 750px) 100vw, 750px\" \/><figcaption class=\"wp-element-caption\">Alimentaci\u00f3n de bolsa horizontal E<\/figcaption><\/figure> <\/figure>    <figure class=\"wp-block-gallery has-nested-images columns-default is-cropped wp-block-gallery-3 is-layout-flex wp-block-gallery-is-layout-flex\"> <figure class=\"wp-block-image size-large\"><img loading=\"lazy\" decoding=\"async\" width=\"750\" height=\"500\" data-id=\"4444\" src=\"https:\/\/tianhuipackingmachine.com\/wp-content\/uploads\/2021\/12\/multi-head-weigher-pre-made-bag-packer-750x500.jpg\" alt=\"pesadora multicabezal y empacadora de bolsas prefabricadas\" class=\"wp-image-4444\" srcset=\"https:\/\/tianhuipackingmachine.com\/wp-content\/uploads\/2021\/12\/multi-head-weigher-pre-made-bag-packer.jpg 750w, https:\/\/tianhuipackingmachine.com\/wp-content\/uploads\/2021\/12\/multi-head-weigher-pre-made-bag-packer-480x320.jpg 480w\" sizes=\"auto, (max-width: 750px) 100vw, 750px\" \/><figcaption class=\"wp-element-caption\">Pesadora y amplificador de cabezales m\u00faltiples; Empaquetadora de bolsas prefabricadas<\/figcaption><\/figure>    <figure class=\"wp-block-image size-large\"><img loading=\"lazy\" decoding=\"async\" width=\"750\" height=\"500\" data-id=\"4445\" src=\"https:\/\/tianhuipackingmachine.com\/wp-content\/uploads\/2021\/12\/pre-made-liquid-packing-machine-750x500.jpg\" alt=\"m\u00e1quina envasadora de l\u00edquidos prefabricada\" class=\"wp-image-4445\" srcset=\"https:\/\/tianhuipackingmachine.com\/wp-content\/uploads\/2021\/12\/pre-made-liquid-packing-machine.jpg 750w, https:\/\/tianhuipackingmachine.com\/wp-content\/uploads\/2021\/12\/pre-made-liquid-packing-machine-480x320.jpg 480w\" sizes=\"auto, (max-width: 750px) 100vw, 750px\" \/><figcaption class=\"wp-element-caption\">M\u00e1quina envasadora de l\u00edquidos prefabricada<\/figcaption><\/figure>    <figure class=\"wp-block-image size-large\"><img loading=\"lazy\" decoding=\"async\" width=\"750\" height=\"500\" data-id=\"4447\" src=\"https:\/\/tianhuipackingmachine.com\/wp-content\/uploads\/2021\/12\/quantitative-weighing-pre-made-pouch-feeding-packer-750x500.jpg\" alt=\"Empaquetadora de alimentaci\u00f3n en bolsa prefabricada con pesaje cuantitativo\" class=\"wp-image-4447\" srcset=\"https:\/\/tianhuipackingmachine.com\/wp-content\/uploads\/2021\/12\/quantitative-weighing-pre-made-pouch-feeding-packer.jpg 750w, https:\/\/tianhuipackingmachine.com\/wp-content\/uploads\/2021\/12\/quantitative-weighing-pre-made-pouch-feeding-packer-480x320.jpg 480w\" sizes=\"auto, (max-width: 750px) 100vw, 750px\" \/><figcaption class=\"wp-element-caption\">Empacadora de alimentaci\u00f3n en bolsa prefabricada con pesaje cuantitativo<\/figcaption><\/figure> <\/figure>    <h2 class=\"has-text-color wp-block-heading\" id=\"h-horizontal-pouch-feeding-machine-parameters\" style=\"color:#ff5200\">Par\u00e1metros de la m\u00e1quina de alimentaci\u00f3n de bolsas horizontales<\/h2>    <figure class=\"wp-block-table is-style-stripes\"><table><tbody><tr><td>Tipo<\/td><td>TH-200<\/td><td>D-150<\/td><td>D-200<\/td><td>D-250<\/td><\/tr><tr><td>Fuerza<\/td><td>380V\/2.5KW<\/td><td>380V\/50-60HZ (trif\u00e1sico)<\/td><td>380V\/50-60HZ (trif\u00e1sico)<\/td><td>380V\/50-60HZ (trif\u00e1sico)<\/td><\/tr><tr><td>Velocidad de embalaje<\/td><td>20-50 bolsas\/minuto<\/td><td>25-45 bolsas\/minuto<\/td><td>25-45 bolsas\/minuto<\/td><td>25-45 bolsas\/minuto<\/td><\/tr><tr><td>Tama\u00f1o del embalaje<\/td><td>100-210 mm\/110-320 mm<\/td><td>Ancho 60-160 mm, largo 100-250 mm<\/td><td>Ancho 80-210 mm, largo 100-320 mm<\/td><td>Ancho 100-260 mm, largo 110-350 mm<\/td><\/tr><tr><td>Capacidad de embalaje<\/td><td>20-1000g (depende del material de relleno)<\/td><td>800ml<\/td><td>1200ml<\/td><td>2000ml<\/td><\/tr><tr><td>Consumo de aire<\/td><td> 0,7 m<sup>3<\/sup>\/min <\/td><td>0,3 m<sup>3<\/sup>\/min<\/td><td>0,3 m<sup>3<\/sup>\/min<\/td><td>0,3 m<sup>3<\/sup>\/min<\/td><\/tr><tr><td>Peso de la m\u00e1quina<\/td><td>600 kilos<\/td><td>\/<\/td><td>\/<\/td><td>\/<\/td><\/tr><tr><td>Tama\u00f1o de la m\u00e1quina<\/td><td>\/<\/td><td>L1700*W1050*H1100mm<\/td><td>L2150*W1350*H1300mm<\/td><td>L2450*W1200*H1200mm<\/td><\/tr><\/tbody><\/table><\/figure>    <h2 class=\"wp-block-heading\" id=\"h-features-of-horizontal-premade-pouch-filling-machine\">Caracter\u00edsticas de la m\u00e1quina llenadora de bolsas horizontales prefabricadas<\/h2>    <ol class=\"wp-block-list\" type=\"1\"> <li>Dise\u00f1o razonable, embalaje autom\u00e1tico, funcionamiento sencillo, amplias aplicaciones.<\/li>    <li>Adecuado para varios tipos de bolsas prefabricadas dentro del alcance de los tama\u00f1os de embalaje de la m\u00e1quina.<\/li>    <li>Equipado con diferentes dispositivos de alimentaci\u00f3n seg\u00fan el estado del material, como polvo, gr\u00e1nulos, l\u00edquidos o pastas, etc.<\/li>    <li>Pantalla t\u00e1ctil a color PLC con dise\u00f1o multifuncional, soporte en varios idiomas, configuraci\u00f3n conveniente de par\u00e1metros de empaque<\/li>    <li>Adopte un detector importado, sin material de relleno ni sellado, lo que ahorra bolsa de embalaje y garantiza que el proceso de trabajo se desarrolle sin problemas.<\/li>    <li>La posici\u00f3n para colocar la bolsa preformada es conveniente y est\u00e1 equipada con un dispositivo de prensado autom\u00e1tico de la bolsa.<\/li>    <li>La larga placa de arrastre en el sello juega un papel en la amortiguaci\u00f3n de los art\u00edculos empaquetados hasta cierto punto.<\/li>    <li>La m\u00e1quina alimentadora de bolsas horizontal cumple con los est\u00e1ndares sanitarios de la maquinaria procesadora de alimentos, y sus partes en contacto con los materiales son de acero inoxidable 304 u otros materiales que cumplan con los requisitos de higiene alimentaria para garantizar la higiene y seguridad de los alimentos.<\/li>    <li>Servicio de personalizaci\u00f3n disponible<\/li> <\/ol>    <div class=\"wp-block-columns is-layout-flex wp-container-core-columns-is-layout-28f84493 wp-block-columns-is-layout-flex\"> <div class=\"wp-block-column is-layout-flow wp-block-column-is-layout-flow\"><figure class=\"wp-block-embed-youtube wp-block-embed is-type-video is-provider-youtube wp-embed-aspect-16-9 wp-has-aspect-ratio\"><div class=\"lyte-wrapper\" title=\"M\u00e1quina empacadora de l\u00edquidos en bolsas prefabricadas | M\u00e1quina alimentadora de bolsas horizontales para llenado y sellado\" style=\"width:853px;max-width:100%;margin:5px auto;\"><div class=\"lyMe\" id=\"WYL_9nTvuS5Nm-I\" itemprop=\"video\" itemscope itemtype=\"https:\/\/schema.org\/VideoObject\"><div><meta itemprop=\"thumbnailUrl\" content=\"https:\/\/i.ytimg.com\/vi\/9nTvuS5Nm-I\/hqdefault.jpg\" \/><meta itemprop=\"embedURL\" content=\"https:\/\/www.youtube.com\/embed\/9nTvuS5Nm-I\" \/><meta itemprop=\"duration\" content=\"PT1M58S\" \/><meta itemprop=\"uploadDate\" content=\"2021-09-02T07:06:46Z\" \/><\/div><div id=\"lyte_9nTvuS5Nm-I\" data-src=\"https:\/\/i.ytimg.com\/vi\/9nTvuS5Nm-I\/hqdefault.jpg\" class=\"pL\"><div class=\"tC\"><div class=\"tT\" itemprop=\"name\">M\u00e1quina empacadora de l\u00edquidos en bolsas prefabricadas | M\u00e1quina alimentadora de bolsas horizontales para llenado y sellado<\/div><\/div><div class=\"play\"><\/div><div class=\"ctrl\"><div class=\"Lctrl\"><\/div><div class=\"Rctrl\"><\/div><\/div><\/div><noscript><a href=\"https:\/\/youtu.be\/9nTvuS5Nm-I\" rel=\"nofollow noopener\" target=\"_blank\"><img loading=\"lazy\" decoding=\"async\" src=\"https:\/\/i.ytimg.com\/vi\/9nTvuS5Nm-I\/0.jpg\" alt=\"M\u00e1quina empacadora de l\u00edquidos en bolsas prefabricadas | M\u00e1quina alimentadora de bolsas horizontales para llenado y sellado\" width=\"853\" height=\"460\" \/><\/a><\/noscript><meta itemprop=\"description\" content=\"For more design visit our website: https:\/\/tianhuipackingmachine.com\/ Email: sales@toppackingmachine.com Whatsapp\/Tel: +86 17329326135 Premade pouch packing machine has very wide applications, it is suitable for packing granule, powder, and liquid items with different feeding systems. The equipment in this video is the pre-made bag liquid packaging machine. The horizontal bag feeding machine has the benefits of a PLC touch screen, 304 stainless steel, and multi-language design. Besides, it is suitable for various kinds of preformed pouches, such as stand-up bags, 4-side seal bags, irregular bags, etc. For more design visit our website: https:\/\/tianhuipackingmachine.com\/ Email: sales@toppackingmachine.com Whatsapp\/Tel: +86 17329326135\"><\/div><\/div><div class=\"lL\" style=\"max-width:100%;width:853px;margin:5px auto;\"> <a href=\"https:\/\/youtu.be\/9nTvuS5Nm-I\" target=\"_blank\" rel=\"noopener\">Ver este v\u00eddeo en YouTube<\/a>.<\/div><figcaption><\/figcaption><\/figure><\/div>    <div class=\"wp-block-column is-layout-flow wp-block-column-is-layout-flow\"><figure class=\"wp-block-embed-youtube wp-block-embed is-type-video is-provider-youtube wp-embed-aspect-16-9 wp-has-aspect-ratio\"><div class=\"lyte-wrapper\" title=\"Pesadora de 10 cabezales y m\u00e1quina empacadora de bolsas prefabricadas para man\u00ed | Equipo de envasado de bolsas de pie\" style=\"width:853px;max-width:100%;margin:5px auto;\"><div class=\"lyMe\" id=\"WYL_gSZ43wJ7sFw\" itemprop=\"video\" itemscope itemtype=\"https:\/\/schema.org\/VideoObject\"><div><meta itemprop=\"thumbnailUrl\" content=\"https:\/\/i.ytimg.com\/vi\/gSZ43wJ7sFw\/hqdefault.jpg\" \/><meta itemprop=\"embedURL\" content=\"https:\/\/www.youtube.com\/embed\/gSZ43wJ7sFw\" \/><meta itemprop=\"duration\" content=\"PT2M58S\" \/><meta itemprop=\"uploadDate\" content=\"2021-11-26T06:46:43Z\" \/><\/div><div id=\"lyte_gSZ43wJ7sFw\" data-src=\"https:\/\/i.ytimg.com\/vi\/gSZ43wJ7sFw\/hqdefault.jpg\" class=\"pL\"><div class=\"tC\"><div class=\"tT\" itemprop=\"name\">Pesadora de 10 cabezales y m\u00e1quina empacadora de bolsas prefabricadas para man\u00ed | Equipo de envasado de bolsas de pie<\/div><\/div><div class=\"play\"><\/div><div class=\"ctrl\"><div class=\"Lctrl\"><\/div><div class=\"Rctrl\"><\/div><\/div><\/div><noscript><a href=\"https:\/\/youtu.be\/gSZ43wJ7sFw\" rel=\"nofollow noopener\" target=\"_blank\"><img loading=\"lazy\" decoding=\"async\" src=\"https:\/\/i.ytimg.com\/vi\/gSZ43wJ7sFw\/0.jpg\" alt=\"Pesadora de 10 cabezales y m\u00e1quina empacadora de bolsas prefabricadas para man\u00ed | Equipo de envasado de bolsas de pie\" width=\"853\" height=\"460\" \/><\/a><\/noscript><meta itemprop=\"description\" content=\"Email: sales@toppackingmachine.com Whatsapp\/Tel: +86 17329326135 The 10 head weigher &amp; pre-made bag packing machine is suitable for various preformed pouches, such as stand-up bags, block bottom bags, back center seal bags, 3-side seal sachets, 4-side seal sachets, irregular bags, etc. 10-head scale weighs precisely. The pre-made pouch packaging system can automatically feed bags, fill materials into bags, vibrate the packaging bags, and seal the mouth. If you are interested in the equipment, welcome consult us. Email: sales@toppackingmachine.com Whatsapp\/Tel: +86 17329326135\"><\/div><\/div><div class=\"lL\" style=\"max-width:100%;width:853px;margin:5px auto;\"> <a href=\"https:\/\/youtu.be\/gSZ43wJ7sFw\" target=\"_blank\" rel=\"noopener\">Ver este v\u00eddeo en YouTube<\/a>.<\/div><figcaption><\/figcaption><\/figure><\/div> <\/div>    <h2 class=\"wp-block-heading\" id=\"h-wide-applications-of-premade-pouch-filling-sealing-machine\">Amplias aplicaciones de la m\u00e1quina llenadora y selladora de bolsas prefabricadas<\/h2>    <p>La m\u00e1quina alimentadora de bolsas horizontales tiene una amplia aplicaci\u00f3n en alimentos, especias, productos qu\u00edmicos, detergentes, salsas, snacks, cosm\u00e9ticos, bebidas, art\u00edculos de primera necesidad, etc.<\/p>    <ul class=\"wp-block-list\"> <li><strong>Polvo<\/strong>: leche en polvo, caf\u00e9 en polvo, nutrici\u00f3n en polvo, condimento, cacao en polvo, curry en polvo, vainilla en polvo, az\u00facar moreno en polvo, masalajat en polvo, <a href=\"https:\/\/tianhuipackingmachine.com\/es\/chilli-powder-packing-machine\/\"><strong>Chile en polvo<\/strong><\/a>, tintes, <strong><a href=\"https:\/\/tianhuipackingmachine.com\/es\/detergent-powder-packing-machine\/\">detergente en polvo<\/a><\/strong>, harina, maicena, polvo qu\u00edmico, etc.<\/li>    <li><strong>Gr\u00e1nulo<\/strong>: <strong><a href=\"https:\/\/tianhuipackingmachine.com\/es\/candy-packaging-machine\/\">dulce<\/a><\/strong>, man\u00ed, jud\u00edas verdes, mezcla de cereales, <strong><a href=\"https:\/\/tianhuipackingmachine.com\/es\/tea-packaging-machine\/\">t\u00e9<\/a><\/strong>, patatas fritas, semillas de mel\u00f3n, glutamato monos\u00f3dico, sal, gr\u00e1nulos de ma\u00edz, pistachos, alimentos inflados, cereales, palomitas de ma\u00edz, etc.<\/li>    <li><strong>L\u00edquido<\/strong>: leche, jugo, bebida, salsa, <strong><a href=\"https:\/\/tianhuipackingmachine.com\/es\/water-packing-machine\/\">agua<\/a><\/strong>, aceite comestible, aceite de man\u00ed, refrescos, vinagre de arroz, detergente l\u00edquido, cosm\u00e9ticos, antis\u00e9pticos, etc.<\/li>    <li><strong>Pegar<\/strong>: salsa de tomate, aderezo para ensaladas, mantequilla de man\u00ed, miel, mermelada, champ\u00fa, cosm\u00e9ticos, desinfectante para manos, etc.<\/li> <\/ul>    <figure class=\"wp-block-gallery has-nested-images columns-default is-cropped wp-block-gallery-4 is-layout-flex wp-block-gallery-is-layout-flex\"> <figure class=\"wp-block-image size-large\"><img loading=\"lazy\" decoding=\"async\" width=\"750\" height=\"500\" data-id=\"4448\" src=\"https:\/\/tianhuipackingmachine.com\/wp-content\/uploads\/2021\/12\/suitable-for-granules-750x500.jpg\" alt=\"adecuado para gr\u00e1nulos\" class=\"wp-image-4448\" srcset=\"https:\/\/tianhuipackingmachine.com\/wp-content\/uploads\/2021\/12\/suitable-for-granules.jpg 750w, https:\/\/tianhuipackingmachine.com\/wp-content\/uploads\/2021\/12\/suitable-for-granules-480x320.jpg 480w\" sizes=\"auto, (max-width: 750px) 100vw, 750px\" \/><figcaption class=\"wp-element-caption\">Adecuado para gr\u00e1nulos<\/figcaption><\/figure>    <figure class=\"wp-block-image size-large\"><img loading=\"lazy\" decoding=\"async\" width=\"750\" height=\"500\" data-id=\"4449\" src=\"https:\/\/tianhuipackingmachine.com\/wp-content\/uploads\/2021\/12\/applicable-powder-750x500.jpg\" alt=\"polvo aplicable\" class=\"wp-image-4449\" srcset=\"https:\/\/tianhuipackingmachine.com\/wp-content\/uploads\/2021\/12\/applicable-powder.jpg 750w, https:\/\/tianhuipackingmachine.com\/wp-content\/uploads\/2021\/12\/applicable-powder-480x320.jpg 480w\" sizes=\"auto, (max-width: 750px) 100vw, 750px\" \/><figcaption class=\"wp-element-caption\">Polvo aplicable<\/figcaption><\/figure>    <figure class=\"wp-block-image size-large\"><img loading=\"lazy\" decoding=\"async\" width=\"750\" height=\"500\" data-id=\"4450\" src=\"https:\/\/tianhuipackingmachine.com\/wp-content\/uploads\/2021\/12\/liquid-applications-750x500.jpg\" alt=\"aplicaciones liquidas\" class=\"wp-image-4450\" srcset=\"https:\/\/tianhuipackingmachine.com\/wp-content\/uploads\/2021\/12\/liquid-applications.jpg 750w, https:\/\/tianhuipackingmachine.com\/wp-content\/uploads\/2021\/12\/liquid-applications-480x320.jpg 480w\" sizes=\"auto, (max-width: 750px) 100vw, 750px\" \/><figcaption class=\"wp-element-caption\">Aplicaciones l\u00edquidas<\/figcaption><\/figure>    <figure class=\"wp-block-image size-large\"><img loading=\"lazy\" decoding=\"async\" width=\"750\" height=\"500\" data-id=\"4451\" src=\"https:\/\/tianhuipackingmachine.com\/wp-content\/uploads\/2021\/12\/pre-formed-packaging-bag-for-granules-750x500.jpg\" alt=\"bolsa de embalaje preformada para granulados\" class=\"wp-image-4451\" srcset=\"https:\/\/tianhuipackingmachine.com\/wp-content\/uploads\/2021\/12\/pre-formed-packaging-bag-for-granules.jpg 750w, https:\/\/tianhuipackingmachine.com\/wp-content\/uploads\/2021\/12\/pre-formed-packaging-bag-for-granules-480x320.jpg 480w\" sizes=\"auto, (max-width: 750px) 100vw, 750px\" \/><figcaption class=\"wp-element-caption\">Bolsa de embalaje preformada para gr\u00e1nulos<\/figcaption><\/figure>    <figure class=\"wp-block-image size-large\"><img loading=\"lazy\" decoding=\"async\" width=\"750\" height=\"500\" data-id=\"4453\" src=\"https:\/\/tianhuipackingmachine.com\/wp-content\/uploads\/2021\/12\/various-pre-made-bags-display-750x500.jpg\" alt=\"Expositor de varias bolsas prefabricadas.\" class=\"wp-image-4453\" srcset=\"https:\/\/tianhuipackingmachine.com\/wp-content\/uploads\/2021\/12\/various-pre-made-bags-display.jpg 750w, https:\/\/tianhuipackingmachine.com\/wp-content\/uploads\/2021\/12\/various-pre-made-bags-display-480x320.jpg 480w\" sizes=\"auto, (max-width: 750px) 100vw, 750px\" \/><figcaption class=\"wp-element-caption\">Expositor de varias bolsas prefabricadas<\/figcaption><\/figure>    <figure class=\"wp-block-image size-large\"><img loading=\"lazy\" decoding=\"async\" width=\"750\" height=\"500\" data-id=\"4452\" src=\"https:\/\/tianhuipackingmachine.com\/wp-content\/uploads\/2021\/12\/pre-made-liquid-packaging-bags-750x500.jpg\" alt=\"bolsas de envasado de l\u00edquidos prefabricadas\" class=\"wp-image-4452\" srcset=\"https:\/\/tianhuipackingmachine.com\/wp-content\/uploads\/2021\/12\/pre-made-liquid-packaging-bags.jpg 750w, https:\/\/tianhuipackingmachine.com\/wp-content\/uploads\/2021\/12\/pre-made-liquid-packaging-bags-480x320.jpg 480w\" sizes=\"auto, (max-width: 750px) 100vw, 750px\" \/><figcaption class=\"wp-element-caption\">Bolsas de embalaje de l\u00edquidos prefabricadas<\/figcaption><\/figure> <\/figure>    <h2 class=\"wp-block-heading\" id=\"h-horizontal-pouch-feeding-machine-structure\">Estructura de la m\u00e1quina de alimentaci\u00f3n de bolsas horizontales<\/h2>    <p class=\"translation-block\">Una m\u00e1quina de envasado de bolsas prehechas horizontal est\u00e1 compuesta principalmente por un dispositivo de alimentaci\u00f3n de material y un dispositivo de alimentaci\u00f3n de bolsas. El sistema de alimentaci\u00f3n de material incluye los dispositivos para llenado de polvo, llenado de gr\u00e1nulos, llenado de l\u00edquido, llenado de pasta, etc. El sistema de alimentaci\u00f3n de bolsas tiene las funciones de tomar la bolsa, impresi\u00f3n de fecha (opcional), abrir la bolsa para llenar, sostener la bolsa, limpiar el material alrededor de la boca de la bolsa (opcional), sellar la bolsa, etc. Si el material no es f\u00e1cil de llenar, es mejor agregar un dispositivo de vibraci\u00f3n inferior para ayudar a llenar el material en las bolsas. La bolsa con zipper necesita una herramienta adicional para abrir el zipper. Adem\u00e1s, el equipo necesita coincidir con un compresor de aire cuando funciona. El ancho de la bolsa es inferior a 20 cm. Adem\u00e1s, hay algunos dispositivos opcionales, impresora de cintas, impresora de inyecci\u00f3n de tinta, cepillo para limpiar la boca de la bolsa, perforadora, dispositivo de apertura de zipper, etc. <strong><a href=\"https:\/\/tianhuipackingmachine.com\/es\/contacto\/\">P\u00f3ngase en contacto con nosotros<\/a><\/strong> para obtener m\u00e1s informaci\u00f3n.<\/p>    <h2 class=\"wp-block-heading\" id=\"h-the-functions-of-photoelectric-eye-detectors-on-the-equipment\">Las funciones de los detectores oculares fotoel\u00e9ctricos en el equipo.<\/h2>    <ol class=\"wp-block-list\" type=\"1\"> <li>Detecta si el brazo mec\u00e1nico toma la bolsa o no. De lo contrario, la m\u00e1quina de alimentaci\u00f3n de material no llenar\u00e1 el material y la bolsa ser\u00e1 transportada directamente.<\/li>    <li>Compruebe si la bolsa est\u00e1 abierta o no. Si la bolsa no est\u00e1 abierta, a\u00fan as\u00ed la transportar\u00e1 directamente.<\/li>    <li>Verifique el sistema de alimentaci\u00f3n; si la bolsa no llena el material, entonces no se realizar\u00e1 el paso de sellado.<\/li>    <li>La bolsa de pl\u00e1stico se derrite f\u00e1cilmente a altas temperaturas. Si el pl\u00e1stico se adhiere al bloque de cobre caliente, sonar\u00e1 una alarma autom\u00e1ticamente para garantizar un procesamiento estable y evitar el desperdicio de la bolsa.<\/li> <\/ol>    <h2 class=\"has-text-color wp-block-heading\" id=\"h-electric-components-brand-list\" style=\"color:#ff5200\">Lista de marcas de componentes el\u00e9ctricos.<\/h2>    <figure class=\"wp-block-table is-style-stripes\"><table><tbody><tr><td>Art\u00edculo<\/td><td>Nombre de la marca<\/td><td>Lugar de producci\u00f3n<\/td><\/tr><tr><td>SOCIEDAD AN\u00d3NIMA<\/td><td>siemens<\/td><td>Jap\u00f3n<\/td><\/tr><tr><td>Pantalla t\u00e1ctil<\/td><td>Wenview<\/td><td>Taiw\u00e1n<\/td><\/tr><tr><td>Controlador de temperatura<\/td><td>Omr\u00f3n<\/td><td>Jap\u00f3n<\/td><\/tr><tr><td>Cilindro de aire de sellado<\/td><td>airtac<\/td><td>Taiw\u00e1n<\/td><\/tr><tr><td>V\u00e1lvula solenoide de vac\u00edo<\/td><td>airtac<\/td><td>Taiw\u00e1n<\/td><\/tr><tr><td>Medidor de presi\u00f3n de vac\u00edo<\/td><td>SMC<\/td><td>Jap\u00f3n<\/td><\/tr><tr><td>Interruptor de alimentaci\u00f3n<\/td><td>Mingwei<\/td><td>Porcelana<\/td><\/tr><\/tbody><\/table><\/figure>","protected":false},"excerpt":{"rendered":"<p>Horizontal pouch feeding machine is one kind of pre-made bag packing machine, mainly consisting of a material feeding system and a bag feeding system. The equipment can package different statuses of material, powder, granule, liquid, paste, etc., by changing different feeding systems. The packaging bag needs to be prepared and put in a certain place [&hellip;]<\/p>\n","protected":false},"author":1,"featured_media":3638,"parent":0,"template":"","tags":[210],"product-type":[142],"class_list":["post-2386","product","type-product","status-publish","has-post-thumbnail","hentry","tag-premade-bag-packing-machine","product-type-pre-made-bag-filling-machines"],"_links":{"self":[{"href":"https:\/\/tianhuipackingmachine.com\/es\/wp-json\/wp\/v2\/product\/2386","targetHints":{"allow":["GET"]}}],"collection":[{"href":"https:\/\/tianhuipackingmachine.com\/es\/wp-json\/wp\/v2\/product"}],"about":[{"href":"https:\/\/tianhuipackingmachine.com\/es\/wp-json\/wp\/v2\/types\/product"}],"author":[{"embeddable":true,"href":"https:\/\/tianhuipackingmachine.com\/es\/wp-json\/wp\/v2\/users\/1"}],"wp:featuredmedia":[{"embeddable":true,"href":"https:\/\/tianhuipackingmachine.com\/es\/wp-json\/wp\/v2\/media\/3638"}],"wp:attachment":[{"href":"https:\/\/tianhuipackingmachine.com\/es\/wp-json\/wp\/v2\/media?parent=2386"}],"wp:term":[{"taxonomy":"post_tag","embeddable":true,"href":"https:\/\/tianhuipackingmachine.com\/es\/wp-json\/wp\/v2\/tags?post=2386"},{"taxonomy":"product-type","embeddable":true,"href":"https:\/\/tianhuipackingmachine.com\/es\/wp-json\/wp\/v2\/product-type?post=2386"}],"curies":[{"name":"wp","href":"https:\/\/api.w.org\/{rel}","templated":true}]}}