{"id":2354,"date":"2021-08-31T16:27:02","date_gmt":"2021-08-31T08:27:02","guid":{"rendered":"https:\/\/tianhuipackingmachine.com\/?page_id=2354"},"modified":"2024-12-11T11:32:54","modified_gmt":"2024-12-11T03:32:54","slug":"reciprocating-pillow-packing-machine","status":"publish","type":"product","link":"https:\/\/tianhuipackingmachine.com\/es\/reciprocating-pillow-packing-machine\/","title":{"rendered":"M\u00e1quina empacadora de almohadas reciprocantes"},"content":{"rendered":"<p class=\"translation-block\">Esta <strong>m\u00e1quina de empaquetado de almohadas reciprocantes<\/strong> es una m\u00e1quina de empaquetado de almohadas de servo completo para envolver galletas, pan, etc. en una bolsa con fuelle. Tiene una velocidad de empaquetado de 20-80 bolsas\/min, y la altura m\u00e1xima del producto es de 10 cm.<\/p>    <p>La m\u00e1quina empacadora tipo almohada utiliza una correa para transportar los art\u00edculos y se le agrega una cubierta protectora transparente, que es m\u00e1s segura al trabajar. Con su alta eficiencia, amplias aplicaciones y servicio posventa, esta m\u00e1quina es popular en la industria del embalaje. <\/p>    <p>\u00bfEst\u00e1 buscando una envolvedora de flujo horizontal? En caso afirmativo, bienvenido a contactarnos para obtener m\u00e1s detalles.<\/p>   <figure class=\"wp-block-embed-youtube wp-block-embed is-type-video is-provider-youtube wp-embed-aspect-16-9 wp-has-aspect-ratio\"><div class=\"lyte-wrapper\" title=\"M\u00e1quina envasadora de flujo alternativo para pan, galletas, jab\u00f3n, etc. con bolsa de fuelle #packingmachine\" style=\"width:853px;max-width:100%;margin:5px auto;\"><div class=\"lyMe\" id=\"WYL_gK-ot64b-Nc\" itemprop=\"video\" itemscope itemtype=\"https:\/\/schema.org\/VideoObject\"><div><meta itemprop=\"thumbnailUrl\" content=\"https:\/\/i.ytimg.com\/vi\/gK-ot64b-Nc\/hqdefault.jpg\" \/><meta itemprop=\"embedURL\" content=\"https:\/\/www.youtube.com\/embed\/gK-ot64b-Nc\" \/><meta itemprop=\"duration\" content=\"PT4M35S\" \/><meta itemprop=\"uploadDate\" content=\"2024-12-11T03:29:57Z\" \/><\/div><meta itemprop=\"accessibilityFeature\" content=\"captions\" \/><div id=\"lyte_gK-ot64b-Nc\" data-src=\"https:\/\/i.ytimg.com\/vi\/gK-ot64b-Nc\/hqdefault.jpg\" class=\"pL\"><div class=\"tC\"><div class=\"tT\" itemprop=\"name\">M\u00e1quina envasadora de flujo alternativo para pan, galletas, jab\u00f3n, etc. con bolsa de fuelle #packingmachine<\/div><\/div><div class=\"play\"><\/div><div class=\"ctrl\"><div class=\"Lctrl\"><\/div><div class=\"Rctrl\"><\/div><\/div><\/div><noscript><a href=\"https:\/\/youtu.be\/gK-ot64b-Nc\" rel=\"nofollow noopener\" target=\"_blank\"><img loading=\"lazy\" decoding=\"async\" src=\"https:\/\/i.ytimg.com\/vi\/gK-ot64b-Nc\/0.jpg\" alt=\"M\u00e1quina envasadora de flujo alternativo para pan, galletas, jab\u00f3n, etc. con bolsa de fuelle #packingmachine\" width=\"853\" height=\"460\" \/><\/a><\/noscript><meta itemprop=\"description\" content=\"#automaticpackagingequipment #pillowpackingmachine #flowwrappingmachine #packagingmachine #packagingsolution WhatsApp No.: https:\/\/wa.me\/+8613673689272 WeChat\/Tel No.:+8613673689272 Email: info@tianhuipackingmachine.com Website: https:\/\/tianhuipackingmachine.com\/reciprocating-pillow-packing-machine\/ Explore the versatility of the reciprocating pillow packaging machine, designed to handle a wide range of products with precision and efficiency. This flow wrap machine is perfect for packaging items like snacks, biscuits, vegetables, small tools, and more. Its user-friendly interface, high-speed performance, and durable structure make it ideal for businesses aiming to optimize their packaging process. Watch this video to see the machine in action and discover how it can elevate your production line. WhatsApp No.: https:\/\/wa.me\/+8613673689272 WeChat\/Tel No.:+8613673689272 Email: info@tianhuipackingmachine.com Website: https:\/\/tianhuipackingmachine.com\/reciprocating-pillow-packing-machine\/\"><\/div><\/div><div class=\"lL\" style=\"max-width:100%;width:853px;margin:5px auto;\"> <a href=\"https:\/\/youtu.be\/gK-ot64b-Nc\" target=\"_blank\" rel=\"noopener\">Ver este v\u00eddeo en YouTube<\/a>.<\/div><figcaption>v\u00eddeo de la m\u00e1quina envasadora alternativa<\/figcaption><\/figure>   <h2 class=\"wp-block-heading\" id=\"h-features-benefits-of-reciprocating-pillow-packing-machine\"><strong>Ventajas de la m\u00e1quina empacadora de almohadas alternativa<\/strong><\/h2>    <ul class=\"wp-block-list\"> <li>Utiliza un <strong>servosistema completo<\/strong>, la cinta servotransportadora es sensible a la longitud del producto, sellando y cortando con precisi\u00f3n.<\/li>    <li>La m\u00e1quina de envoltura fluida es <strong>controlado por PLC<\/strong>, configuraci\u00f3n de la velocidad de embalaje, longitud de la bolsa, etc., f\u00e1cil de operar.<\/li>    <li>\u00c9l <strong>ahorra tiempo de embalaje y pel\u00edcula<\/strong> debido a los transductores dobles avanzados.<\/li>    <li>Esta m\u00e1quina empacadora de almohadas est\u00e1 equipada con <strong>detector fotoel\u00e9ctrico para un posicionamiento preciso<\/strong>.<\/li>    <li>El <strong>dispositivo de sellado final con tapa de vidrio<\/strong> est\u00e1 dise\u00f1ado como medida de seguridad.<\/li>    <li>No se pegan los cuchillos, no se desperdicia la pel\u00edcula de embalaje, funci\u00f3n de autodiagn\u00f3stico de aver\u00edas.<\/li> <\/ul>    <figure class=\"wp-block-image size-large\"><img loading=\"lazy\" decoding=\"async\" width=\"667\" height=\"500\" src=\"https:\/\/tianhuipackingmachine.com\/wp-content\/uploads\/2021\/08\/quality-pillow-packaging-machine-667x500.webp\" alt=\"m\u00e1quina de envasado de almohada de calidad\" class=\"wp-image-8315\" srcset=\"https:\/\/tianhuipackingmachine.com\/wp-content\/uploads\/2021\/08\/quality-pillow-packaging-machine-667x500.webp 667w, https:\/\/tianhuipackingmachine.com\/wp-content\/uploads\/2021\/08\/quality-pillow-packaging-machine-480x360.webp 480w, https:\/\/tianhuipackingmachine.com\/wp-content\/uploads\/2021\/08\/quality-pillow-packaging-machine-16x12.webp 16w, https:\/\/tianhuipackingmachine.com\/wp-content\/uploads\/2021\/08\/quality-pillow-packaging-machine.webp 720w\" sizes=\"auto, (max-width: 667px) 100vw, 667px\" \/><figcaption class=\"wp-element-caption\">M\u00e1quina envasadora de almohadas de calidad<\/figcaption><\/figure>    <h2 class=\"wp-block-heading has-black-color has-text-color\" id=\"h-reciprocating-pillow-packing-equipment-parameters\"><strong>Par\u00e1metros t\u00e9cnicos de la m\u00e1quina empacadora de almohadas alternativa autom\u00e1tica.<\/strong><\/h2>    <figure class=\"wp-block-table is-style-stripes\"><table><tbody><tr><td>Tipo<\/td><td>SL-450W<\/td><td>SL-600W<\/td><\/tr><tr><td>Ancho de la pel\u00edcula<\/td><td>M\u00e1x.450 mm<\/td><td>M\u00e1x.600 mm<\/td><\/tr><tr><td>Longitud de confecci\u00f3n de bolsas<\/td><td>120-450 mm<\/td><td>120-450 mm<\/td><\/tr><tr><td>Ancho de confecci\u00f3n de bolsas<\/td><td>50-160 mm<\/td><td>50-200 mm<\/td><\/tr><tr><td>Altura de producci\u00f3n<\/td><td>10-100 mm<\/td><td>10-100 mm<\/td><\/tr><tr><td>Velocidad de embalaje<\/td><td>20-80 bolsas\/minuto<\/td><td>20-80 bolsas\/minuto<\/td><\/tr><tr><td>Especificaci\u00f3n de energ\u00eda<\/td><td>4,2 KW\/220 V, 50\/60 HZ<\/td><td>4,6 KW\/220 V, 50\/60 HZ<\/td><\/tr><tr><td>Dimensi\u00f3n de la m\u00e1quina<\/td><td>(Largo)4380*(Ancho)870*(Alto)1500mm<\/td><td>(Largo)4380*(Ancho)970*(Alto)1500mm<\/td><\/tr><tr><td>Peso bruto<\/td><td>800 kilos<\/td><td>900 kilos<\/td><\/tr><\/tbody><\/table><figcaption class=\"wp-element-caption\">Datos t\u00e9cnicos de la m\u00e1quina empacadora tipo almohada alternativa.<\/figcaption><\/figure>    <p>Como fabricante profesional de m\u00e1quinas empacadoras, tenemos a la venta dos tipos de m\u00e1quinas empacadoras tipo almohada reciprocantes: SL-450W y SL-600W. La SL-450W tiene una longitud de fabricaci\u00f3n de bolsas de 120-450 mm y un ancho de 50-160 mm. SL-600W tiene una longitud de fabricaci\u00f3n de bolsas de 120-450 mm y un ancho de 50-200 mm. Adem\u00e1s, puede conocer el voltaje, la potencia, el tama\u00f1o y el peso de la m\u00e1quina, etc. Consulte la tabla anterior para obtener informaci\u00f3n sobre par\u00e1metros espec\u00edficos.<\/p>    <figure class=\"wp-block-image size-full\"><img loading=\"lazy\" decoding=\"async\" width=\"720\" height=\"540\" src=\"https:\/\/tianhuipackingmachine.com\/wp-content\/uploads\/2021\/08\/reciprocating-flow-wrapping-machine-in-the-factory.webp\" alt=\"M\u00e1quina de envoltura de flujo alternativo en la f\u00e1brica\" class=\"wp-image-8313\" srcset=\"https:\/\/tianhuipackingmachine.com\/wp-content\/uploads\/2021\/08\/reciprocating-flow-wrapping-machine-in-the-factory.webp 720w, https:\/\/tianhuipackingmachine.com\/wp-content\/uploads\/2021\/08\/reciprocating-flow-wrapping-machine-in-the-factory-480x360.webp 480w, https:\/\/tianhuipackingmachine.com\/wp-content\/uploads\/2021\/08\/reciprocating-flow-wrapping-machine-in-the-factory-667x500.webp 667w, https:\/\/tianhuipackingmachine.com\/wp-content\/uploads\/2021\/08\/reciprocating-flow-wrapping-machine-in-the-factory-16x12.webp 16w\" sizes=\"auto, (max-width: 720px) 100vw, 720px\" \/><figcaption class=\"wp-element-caption\">M\u00e1quina de embalaje de flujo alternativo en la f\u00e1brica<\/figcaption><\/figure>    <h2 class=\"wp-block-heading\" id=\"h-reciprocating-pillow-packaging-equipment-structure\"><strong>Estructura de la m\u00e1quina envasadora de flujo alternativo.<\/strong><\/h2>    <p>Nuestra m\u00e1quina empacadora tipo almohada reciprocante consta de una cinta transportadora, un dispositivo de alimentaci\u00f3n de pel\u00edcula, un formador de bolsas, una pantalla t\u00e1ctil, un dispositivo de sellado intermedio, un dispositivo de corte y sellado de extremos y un puerto de descarga.<\/p>    <figure class=\"wp-block-image aligncenter size-full\"><img loading=\"lazy\" decoding=\"async\" width=\"750\" height=\"500\" src=\"https:\/\/tianhuipackingmachine.com\/wp-content\/uploads\/2021\/08\/reciprocating-pillow-packing-machine-structure.jpg\" alt=\"Estructura de la m\u00e1quina empacadora de almohadas rec\u00edprocas\" class=\"wp-image-2357\" srcset=\"https:\/\/tianhuipackingmachine.com\/wp-content\/uploads\/2021\/08\/reciprocating-pillow-packing-machine-structure.jpg 750w, https:\/\/tianhuipackingmachine.com\/wp-content\/uploads\/2021\/08\/reciprocating-pillow-packing-machine-structure-300x200.jpg 300w\" sizes=\"auto, (max-width: 750px) 100vw, 750px\" \/><figcaption class=\"wp-element-caption\">Estructura de la m\u00e1quina empacadora de almohadas alternativas<\/figcaption><\/figure>    <ul class=\"wp-block-list\"> <li><strong>Cinta transportadora<\/strong>: servo uno, sensible a la longitud de los objetos en la correa, beneficioso para el sellado y la precisi\u00f3n del corte.<\/li>    <li><strong>Pantalla t\u00e1ctil<\/strong>: configure la velocidad de embalaje, la longitud de fabricaci\u00f3n de bolsas, el uso del idioma, etc.<\/li>    <li><strong>Eje de rollo de pel\u00edcula multienlace<\/strong>: coordina la extracci\u00f3n de la pel\u00edcula y suaviza la pel\u00edcula.<\/li>    <li><strong>Dispositivo de sellado y corte de extremos.<\/strong>: se puede equipar con un dispositivo de refuerzo para hacer una bolsa con buena apariencia. Al agregar el dispositivo de refuerzo, se requiere el compresor de aire.<\/li> <\/ul>    <figure class=\"wp-block-gallery has-nested-images columns-default is-cropped wp-block-gallery-2 is-layout-flex wp-block-gallery-is-layout-flex\"> <figure class=\"wp-block-image size-large\"><img loading=\"lazy\" decoding=\"async\" width=\"667\" height=\"500\" data-id=\"8307\" src=\"https:\/\/tianhuipackingmachine.com\/wp-content\/uploads\/2021\/08\/touch-screen-667x500.webp\" alt=\"pantalla t\u00e1ctil\" class=\"wp-image-8307\" srcset=\"https:\/\/tianhuipackingmachine.com\/wp-content\/uploads\/2021\/08\/touch-screen-667x500.webp 667w, https:\/\/tianhuipackingmachine.com\/wp-content\/uploads\/2021\/08\/touch-screen-480x360.webp 480w, https:\/\/tianhuipackingmachine.com\/wp-content\/uploads\/2021\/08\/touch-screen-16x12.webp 16w, https:\/\/tianhuipackingmachine.com\/wp-content\/uploads\/2021\/08\/touch-screen.webp 720w\" sizes=\"auto, (max-width: 667px) 100vw, 667px\" \/><figcaption class=\"wp-element-caption\">Pantalla t\u00e1ctil<\/figcaption><\/figure>    <figure class=\"wp-block-image size-large\"><img loading=\"lazy\" decoding=\"async\" width=\"667\" height=\"500\" data-id=\"8308\" src=\"https:\/\/tianhuipackingmachine.com\/wp-content\/uploads\/2021\/08\/multi-link-film-roll-shaft-667x500.webp\" alt=\"rollo de pel\u00edcula m\u00faltiple\" class=\"wp-image-8308\" srcset=\"https:\/\/tianhuipackingmachine.com\/wp-content\/uploads\/2021\/08\/multi-link-film-roll-shaft-667x500.webp 667w, https:\/\/tianhuipackingmachine.com\/wp-content\/uploads\/2021\/08\/multi-link-film-roll-shaft-480x360.webp 480w, https:\/\/tianhuipackingmachine.com\/wp-content\/uploads\/2021\/08\/multi-link-film-roll-shaft-16x12.webp 16w, https:\/\/tianhuipackingmachine.com\/wp-content\/uploads\/2021\/08\/multi-link-film-roll-shaft.webp 720w\" sizes=\"auto, (max-width: 667px) 100vw, 667px\" \/><figcaption class=\"wp-element-caption\">Eje de rollo de pel\u00edcula multienlace<\/figcaption><\/figure> <\/figure>    <h2 class=\"wp-block-heading\" id=\"h-reciprocating-pillow-packaging-machine-vs-ordinary-pillow-packaging-machine\"><strong>M\u00e1quina empacadora de almohadas alternativa VS m\u00e1quina empacadora de almohadas ordinaria<\/strong><\/h2>    <p>Esta m\u00e1quina envasadora se puede describir como una versi\u00f3n actualizada de la normal, con las siguientes diferencias principales:<\/p>    <figure class=\"wp-block-table\"><table class=\"has-fixed-layout\"><tbody><tr><td>Tipo de m\u00e1quina<\/td><td>M\u00e1quina empacadora de almohadas reciprocantes<\/td><td>Com\u00fan <a href=\"https:\/\/tianhuipackingmachine.com\/es\/pillow-packing-machine\/\">m\u00e1quina empacadora de almohadas<\/a><\/td><\/tr><tr><td>Transportador de alimentaci\u00f3n<\/td><td>Cinta transportadora servo<\/td><td>Transportador de cadena con clip<\/td><\/tr><tr><td>Cortador<\/td><td>Cuchillo recto (cortador superior e inferior)<\/td><td>Cortador simple, cortador doble, tres cortadores opcionales<\/td><\/tr><tr><td>esponja de escape<\/td><td>Tres lados con esponjas.<\/td><td>Adici\u00f3n adicional<\/td><\/tr><tr><td>Dispositivo de bolsa con fuelle<\/td><td>Mejor elecci\u00f3n<\/td><td>Adici\u00f3n adicional<\/td><\/tr><tr><td>Dispositivo protector<\/td><td>Cubierta de vidrio en el lugar del dispositivo de sellado y corte.<\/td><td>No<\/td><\/tr><\/tbody><\/table><figcaption class=\"wp-element-caption\">Comparaci\u00f3n de diferentes m\u00e1quinas envasadoras de almohadas horizontales.<\/figcaption><\/figure>    <figure class=\"wp-block-gallery has-nested-images columns-default is-cropped wp-block-gallery-3 is-layout-flex wp-block-gallery-is-layout-flex\"> <figure class=\"wp-block-image size-large\"><img loading=\"lazy\" decoding=\"async\" width=\"667\" height=\"500\" data-id=\"8310\" src=\"https:\/\/tianhuipackingmachine.com\/wp-content\/uploads\/2021\/08\/cutter-for-reciprocating-pillow-packing-machine-667x500.webp\" alt=\"cortador para la m\u00e1quina de embalaje de almohadas al rec\u00edproco\" class=\"wp-image-8310\" srcset=\"https:\/\/tianhuipackingmachine.com\/wp-content\/uploads\/2021\/08\/cutter-for-reciprocating-pillow-packing-machine-667x500.webp 667w, https:\/\/tianhuipackingmachine.com\/wp-content\/uploads\/2021\/08\/cutter-for-reciprocating-pillow-packing-machine-480x360.webp 480w, https:\/\/tianhuipackingmachine.com\/wp-content\/uploads\/2021\/08\/cutter-for-reciprocating-pillow-packing-machine-16x12.webp 16w, https:\/\/tianhuipackingmachine.com\/wp-content\/uploads\/2021\/08\/cutter-for-reciprocating-pillow-packing-machine.webp 720w\" sizes=\"auto, (max-width: 667px) 100vw, 667px\" \/><figcaption class=\"wp-element-caption\">Cortador para m\u00e1quina empacadora de almohadas alternativas<\/figcaption><\/figure>    <figure class=\"wp-block-image size-large\"><img loading=\"lazy\" decoding=\"async\" width=\"667\" height=\"500\" data-id=\"8311\" src=\"https:\/\/tianhuipackingmachine.com\/wp-content\/uploads\/2021\/08\/end-sealing-device-for-reciprocating-pillow-type-packing-machine-667x500.webp\" alt=\"Dispositivo de sellado final para una m\u00e1quina de embalaje de tipo de almohada alternativa\" class=\"wp-image-8311\" srcset=\"https:\/\/tianhuipackingmachine.com\/wp-content\/uploads\/2021\/08\/end-sealing-device-for-reciprocating-pillow-type-packing-machine-667x500.webp 667w, https:\/\/tianhuipackingmachine.com\/wp-content\/uploads\/2021\/08\/end-sealing-device-for-reciprocating-pillow-type-packing-machine-480x360.webp 480w, https:\/\/tianhuipackingmachine.com\/wp-content\/uploads\/2021\/08\/end-sealing-device-for-reciprocating-pillow-type-packing-machine-16x12.webp 16w, https:\/\/tianhuipackingmachine.com\/wp-content\/uploads\/2021\/08\/end-sealing-device-for-reciprocating-pillow-type-packing-machine.webp 720w\" sizes=\"auto, (max-width: 667px) 100vw, 667px\" \/><figcaption class=\"wp-element-caption\">Dispositivo de sellado final para m\u00e1quina empacadora tipo almohada alternativa<\/figcaption><\/figure> <\/figure>    <h2 class=\"wp-block-heading\" id=\"h-wide-applications-of-reciprocating-wrapping-machine\"><strong>Amplias aplicaciones de la m\u00e1quina empacadora de almohadas alternativa<\/strong><\/h2>    <p>Nuestra m\u00e1quina envasadora de flujo alternativo se aplica ampliamente a objetos s\u00f3lidos con formas regulares con o sin caja, tales como:<\/p>    <p class=\"translation-block\"><strong>Pan, galletas, pasteles de luna, fideos instant\u00e1neos, verduras, frutas, suministros de hotel desechables, utensilios desechables, art\u00edculos m\u00e9dicos desechables, batas m\u00e9dicas, mascarillas, jeringas desechables, toallas, cajas de papel, bandejas, plastilina, borradores, accesorios el\u00e9ctricos, instrucciones, productos pl\u00e1sticos, jab\u00f3n, esponjas, bolas de limpieza, guantes de goma, toallas, ferreter\u00eda, trabajos en madera<\/strong>, etc.<\/p>    <p>Estos art\u00edculos suelen estar empaquetados en una bolsa con fuelle. Si desea empaquetar algunos art\u00edculos, comun\u00edquese con nosotros y le recomendaremos la m\u00e1quina m\u00e1s adecuada seg\u00fan su situaci\u00f3n real.<\/p>    <figure class=\"wp-block-image size-full\"><img loading=\"lazy\" decoding=\"async\" width=\"750\" height=\"500\" src=\"https:\/\/tianhuipackingmachine.com\/wp-content\/uploads\/2021\/08\/reciprocating-pillow-packing-equipment-applications.jpg\" alt=\"Aplicaciones de equipos de embalaje tipo almohada alternativo\" class=\"wp-image-2359\" srcset=\"https:\/\/tianhuipackingmachine.com\/wp-content\/uploads\/2021\/08\/reciprocating-pillow-packing-equipment-applications.jpg 750w, https:\/\/tianhuipackingmachine.com\/wp-content\/uploads\/2021\/08\/reciprocating-pillow-packing-equipment-applications-300x200.jpg 300w\" sizes=\"auto, (max-width: 750px) 100vw, 750px\" \/><figcaption class=\"wp-element-caption\">Aplicaciones de equipos de embalaje tipo almohada alternativo<\/figcaption><\/figure>    <h2 class=\"wp-block-heading\"><strong>\u00a1P\u00f3ngase en contacto con nosotros ahora para obtener m\u00e1s detalles!<\/strong><\/h2>    <p class=\"translation-block\">\u00bfQuiere una m\u00e1quina de empaquetado reciprocante para el empaquetado de art\u00edculos con <a href=\"https:\/\/en.wikipedia.org\/wiki\/Gusset\" target=\"_blank\" rel=\"noopener\">fuelles<\/a>? Si es as\u00ed, bienvenido a contactarnos ahora, y le proporcionaremos la mejor soluci\u00f3n para beneficiar su negocio de empaquetado.<\/p>   <figure class=\"wp-block-embed-youtube wp-block-embed is-type-video is-provider-youtube wp-embed-aspect-16-9 wp-has-aspect-ratio\"><div class=\"lyte-wrapper\" title=\"M\u00e1quina empacadora de almohadas reciprocantes | M\u00e1quina envasadora de almohadas\" style=\"width:853px;max-width:100%;margin:5px auto;\"><div class=\"lyMe\" id=\"WYL_Ojf_it2csts\" itemprop=\"video\" itemscope itemtype=\"https:\/\/schema.org\/VideoObject\"><div><meta itemprop=\"thumbnailUrl\" content=\"https:\/\/i.ytimg.com\/vi\/Ojf_it2csts\/hqdefault.jpg\" \/><meta itemprop=\"embedURL\" content=\"https:\/\/www.youtube.com\/embed\/Ojf_it2csts\" \/><meta itemprop=\"duration\" content=\"PT1M40S\" \/><meta itemprop=\"uploadDate\" content=\"2021-09-11T10:42:51Z\" \/><\/div><div id=\"lyte_Ojf_it2csts\" data-src=\"https:\/\/i.ytimg.com\/vi\/Ojf_it2csts\/hqdefault.jpg\" class=\"pL\"><div class=\"tC\"><div class=\"tT\" itemprop=\"name\">M\u00e1quina empacadora de almohadas reciprocantes | M\u00e1quina envasadora de almohadas<\/div><\/div><div class=\"play\"><\/div><div class=\"ctrl\"><div class=\"Lctrl\"><\/div><div class=\"Rctrl\"><\/div><\/div><\/div><noscript><a href=\"https:\/\/youtu.be\/Ojf_it2csts\" rel=\"nofollow noopener\" target=\"_blank\"><img loading=\"lazy\" decoding=\"async\" src=\"https:\/\/i.ytimg.com\/vi\/Ojf_it2csts\/0.jpg\" alt=\"M\u00e1quina empacadora de almohadas reciprocantes | M\u00e1quina envasadora de almohadas\" width=\"853\" height=\"460\" \/><\/a><\/noscript><meta itemprop=\"description\" content=\"Reciprocating pillow packing machine can be regarded as an upgraded pillow packing machine. It can complete the process of feeding, middle sealing, end sealing, and cutting. This kind of machine can package gusset bags with pretty shapes. It&#039;s suitable for packaging food, vegetable, fruit, disposable products, plasticine, stationery, electrical accessories, instructions, plastic products, medical products, laundry supplies, cleaning tools, etc. Email: sales@toppackingmachine.com Whatsapp\/Tel: +86 17329326135 Website: https:\/\/tianhuipackingmachine.com\/reciprocating-pillow-packing-machine\/\"><\/div><\/div><div class=\"lL\" style=\"max-width:100%;width:853px;margin:5px auto;\"> <a href=\"https:\/\/youtu.be\/Ojf_it2csts\" target=\"_blank\" rel=\"noopener\">Ver este v\u00eddeo en YouTube<\/a>.<\/div><figcaption>Video de la m\u00e1quina empacadora tipo almohada alternativa<\/figcaption><\/figure>","protected":false},"excerpt":{"rendered":"<p>Esta m\u00e1quina empacadora tipo almohada reciprocante es una m\u00e1quina empacadora tipo almohada con servo completo para envolver galletas, pan, etc. en una bolsa con fuelle.<\/p>","protected":false},"author":1,"featured_media":2356,"parent":0,"template":"","tags":[213],"product-type":[139],"class_list":["post-2354","product","type-product","status-publish","has-post-thumbnail","hentry","tag-flow-wrapping-machine","product-type-pillow-packing-machines"],"_links":{"self":[{"href":"https:\/\/tianhuipackingmachine.com\/es\/wp-json\/wp\/v2\/product\/2354","targetHints":{"allow":["GET"]}}],"collection":[{"href":"https:\/\/tianhuipackingmachine.com\/es\/wp-json\/wp\/v2\/product"}],"about":[{"href":"https:\/\/tianhuipackingmachine.com\/es\/wp-json\/wp\/v2\/types\/product"}],"author":[{"embeddable":true,"href":"https:\/\/tianhuipackingmachine.com\/es\/wp-json\/wp\/v2\/users\/1"}],"wp:featuredmedia":[{"embeddable":true,"href":"https:\/\/tianhuipackingmachine.com\/es\/wp-json\/wp\/v2\/media\/2356"}],"wp:attachment":[{"href":"https:\/\/tianhuipackingmachine.com\/es\/wp-json\/wp\/v2\/media?parent=2354"}],"wp:term":[{"taxonomy":"post_tag","embeddable":true,"href":"https:\/\/tianhuipackingmachine.com\/es\/wp-json\/wp\/v2\/tags?post=2354"},{"taxonomy":"product-type","embeddable":true,"href":"https:\/\/tianhuipackingmachine.com\/es\/wp-json\/wp\/v2\/product-type?post=2354"}],"curies":[{"name":"wp","href":"https:\/\/api.w.org\/{rel}","templated":true}]}}