{"id":2263,"date":"2021-08-26T10:15:34","date_gmt":"2021-08-26T02:15:34","guid":{"rendered":"https:\/\/tianhuipackingmachine.com\/?page_id=2263"},"modified":"2023-02-02T10:17:43","modified_gmt":"2023-02-02T02:17:43","slug":"carton-sealing-machine","status":"publish","type":"product","link":"https:\/\/tianhuipackingmachine.com\/es\/carton-sealing-machine\/","title":{"rendered":"M\u00e1quina selladora de cajas de cart\u00f3n"},"content":{"rendered":"<p class=\"translation-block\"><strong>La m\u00e1quina de sellado de cart\u00f3n<\/strong> o m\u00e1quina de empaquetado de cajas es el equipo para sellar cajas de cart\u00f3n con cinta. Se aplica ampliamente para empaquetar varios tipos de objetos en cartones, como alimentos, bebidas, vinos, medicamentos, libros, muebles, l\u00e1mparas, especias, utensilios de cocina, ferreter\u00eda, trabajos en madera, productos qu\u00edmicos, ropa, cer\u00e1mica, tapas de vidrio, etc. Tiene dos m\u00e9todos de uso, usando solo una m\u00e1quina o como parte de la l\u00ednea de producci\u00f3n de empaquetado de cartones. Esta m\u00e1quina generalmente se combina con la m\u00e1quina de desempaquetado, la m\u00e1quina etiquetadora, el dispositivo de codificaci\u00f3n, la m\u00e1quina de envasado en pel\u00edcula retr\u00e1ctil, etc. <\/p>    <figure class=\"wp-block-gallery aligncenter has-nested-images columns-default is-cropped wp-block-gallery-2 is-layout-flex wp-block-gallery-is-layout-flex\"> <figure class=\"wp-block-image size-large\"><img loading=\"lazy\" decoding=\"async\" width=\"750\" height=\"500\" data-id=\"4742\" src=\"https:\/\/tianhuipackingmachine.com\/wp-content\/uploads\/2021\/12\/carton-sealing-machine-strapping-machine-750x500.jpg\" alt=\"M\u00e1quina selladora de cajas de cart\u00f3n y m\u00e1quina flejadora\" class=\"wp-image-4742\" srcset=\"https:\/\/tianhuipackingmachine.com\/wp-content\/uploads\/2021\/12\/carton-sealing-machine-strapping-machine.jpg 750w, https:\/\/tianhuipackingmachine.com\/wp-content\/uploads\/2021\/12\/carton-sealing-machine-strapping-machine-480x320.jpg 480w\" sizes=\"auto, (max-width: 750px) 100vw, 750px\" \/><figcaption class=\"wp-element-caption\">M\u00e1quina selladora de cajas de cart\u00f3n &amp;Amp; M\u00e1quina flejadora<\/figcaption><\/figure>    <figure class=\"wp-block-image size-large\"><img loading=\"lazy\" decoding=\"async\" width=\"750\" height=\"500\" data-id=\"4750\" src=\"https:\/\/tianhuipackingmachine.com\/wp-content\/uploads\/2021\/12\/the-carton-sealing-strapping-machine-in-factory-750x500.jpg\" alt=\"La m\u00e1quina selladora y flejadora de cajas de cart\u00f3n en f\u00e1brica.\" class=\"wp-image-4750\" srcset=\"https:\/\/tianhuipackingmachine.com\/wp-content\/uploads\/2021\/12\/the-carton-sealing-strapping-machine-in-factory.jpg 750w, https:\/\/tianhuipackingmachine.com\/wp-content\/uploads\/2021\/12\/the-carton-sealing-strapping-machine-in-factory-480x320.jpg 480w\" sizes=\"auto, (max-width: 750px) 100vw, 750px\" \/><figcaption class=\"wp-element-caption\">El sellado de cajas de cart\u00f3n &amp;Amp; M\u00e1quina flejadora en f\u00e1brica<\/figcaption><\/figure> <\/figure>    <h2 class=\"wp-block-heading\" id=\"h-carton-sealing-machine-structure\">Estructura de la m\u00e1quina selladora de cajas de cart\u00f3n<\/h2>    <p>La m\u00e1quina selladora de cajas de cart\u00f3n consta de una plataforma transportadora con rodillos giratorios, cintas transportadoras izquierda y derecha, rodillos de posicionamiento de cajas de cart\u00f3n, mangos manuales para ajustar la altura de la plataforma transportadora y el dispositivo de sellado superior, una placa met\u00e1lica larga, un marco de soporte con escala, interruptor de encendido, bot\u00f3n de emergencia, cuatro ruedas en la parte inferior de la m\u00e1quina, etc. Los rodillos giratorios est\u00e1n dispuestos cerca, lo que es adecuado para transportar cajas de cart\u00f3n de varios tama\u00f1os. Las cintas transportadoras izquierda y derecha llevan la caja hacia adelante autom\u00e1ticamente para sellarla. La altura y el ancho del sellado se pueden ajustar mediante mangos manuales. La larga placa de metal aplana la parte superior de la caja, sell\u00e1ndola suavemente.<\/p>    <figure class=\"wp-block-gallery has-nested-images columns-default is-cropped wp-block-gallery-3 is-layout-flex wp-block-gallery-is-layout-flex\"> <figure class=\"wp-block-image size-large\"><img loading=\"lazy\" decoding=\"async\" width=\"750\" height=\"500\" data-id=\"4746\" src=\"https:\/\/tianhuipackingmachine.com\/wp-content\/uploads\/2021\/12\/double-belts-on-both-sides-750x500.jpg\" alt=\"cinturones dobles en ambos lados\" class=\"wp-image-4746\" srcset=\"https:\/\/tianhuipackingmachine.com\/wp-content\/uploads\/2021\/12\/double-belts-on-both-sides.jpg 750w, https:\/\/tianhuipackingmachine.com\/wp-content\/uploads\/2021\/12\/double-belts-on-both-sides-480x320.jpg 480w\" sizes=\"auto, (max-width: 750px) 100vw, 750px\" \/><figcaption class=\"wp-element-caption\">Cinturones dobles en ambos lados.<\/figcaption><\/figure>    <figure class=\"wp-block-image size-large\"><img loading=\"lazy\" decoding=\"async\" width=\"750\" height=\"500\" data-id=\"4745\" src=\"https:\/\/tianhuipackingmachine.com\/wp-content\/uploads\/2021\/12\/tape-sealing-device-for-the-bottom-of-the-carton-750x500.jpg\" alt=\"dispositivo de sellado de cinta para el fondo de la caja\" class=\"wp-image-4745\" srcset=\"https:\/\/tianhuipackingmachine.com\/wp-content\/uploads\/2021\/12\/tape-sealing-device-for-the-bottom-of-the-carton.jpg 750w, https:\/\/tianhuipackingmachine.com\/wp-content\/uploads\/2021\/12\/tape-sealing-device-for-the-bottom-of-the-carton-480x320.jpg 480w\" sizes=\"auto, (max-width: 750px) 100vw, 750px\" \/><figcaption class=\"wp-element-caption\">Dispositivo de sellado de cinta para la parte inferior de la caja<\/figcaption><\/figure> <\/figure>    <h2 class=\"wp-block-heading\">V\u00eddeo de funcionamiento de la m\u00e1quina envasadora de cart\u00f3n. <\/h2>   <figure class=\"wp-block-embed-youtube wp-block-embed is-type-video is-provider-youtube wp-embed-aspect-16-9 wp-has-aspect-ratio\"><div class=\"lyte-wrapper\" title=\"M\u00e1quina selladora y flejadora de cajas de cart\u00f3n | Equipo de sellado de cajas con cinta | Aplicar varios tama\u00f1os\" style=\"width:853px;max-width:100%;margin:5px auto;\"><div class=\"lyMe\" id=\"WYL_49oUgXl1olI\" itemprop=\"video\" itemscope itemtype=\"https:\/\/schema.org\/VideoObject\"><div><meta itemprop=\"thumbnailUrl\" content=\"https:\/\/i.ytimg.com\/vi\/49oUgXl1olI\/hqdefault.jpg\" \/><meta itemprop=\"embedURL\" content=\"https:\/\/www.youtube.com\/embed\/49oUgXl1olI\" \/><meta itemprop=\"duration\" content=\"PT1M20S\" \/><meta itemprop=\"uploadDate\" content=\"2022-01-07T10:07:57Z\" \/><\/div><div id=\"lyte_49oUgXl1olI\" data-src=\"https:\/\/i.ytimg.com\/vi\/49oUgXl1olI\/hqdefault.jpg\" class=\"pL\"><div class=\"tC\"><div class=\"tT\" itemprop=\"name\">M\u00e1quina selladora y flejadora de cajas de cart\u00f3n | Equipo de sellado de cajas con cinta | Aplicar varios tama\u00f1os<\/div><\/div><div class=\"play\"><\/div><div class=\"ctrl\"><div class=\"Lctrl\"><\/div><div class=\"Rctrl\"><\/div><\/div><\/div><noscript><a href=\"https:\/\/youtu.be\/49oUgXl1olI\" rel=\"nofollow noopener\" target=\"_blank\"><img loading=\"lazy\" decoding=\"async\" src=\"https:\/\/i.ytimg.com\/vi\/49oUgXl1olI\/0.jpg\" alt=\"M\u00e1quina selladora y flejadora de cajas de cart\u00f3n | Equipo de sellado de cajas con cinta | Aplicar varios tama\u00f1os\" width=\"853\" height=\"460\" \/><\/a><\/noscript><meta itemprop=\"description\" content=\"If you are interested in it, welcome to contact us. https:\/\/tianhuipackingmachine.com\/carton-sealing-machine\/ Whatsapp\/Tel: +86 17329326135 Email: sales@toppackingmachine.com Carton sealing and strapping machine is a set of equipment for box tape sealing and strapping. The carton sealing machine can seal the bottom and top of the box at the same time. It has a wide range of applications in many industries, such as cookers, dishes, furniture, shampoo, wine, juice, etc. Whatsapp\/Tel: +86 17329326135 Email: sales@toppackingmachine.com\"><\/div><\/div><div class=\"lL\" style=\"max-width:100%;width:853px;margin:5px auto;\"> <a href=\"https:\/\/youtu.be\/49oUgXl1olI\" target=\"_blank\" rel=\"noopener\">Ver este v\u00eddeo en YouTube<\/a>.<\/div><figcaption><\/figcaption><\/figure>   <h2 class=\"wp-block-heading\" id=\"h-features-of-the-carton-sealing-machine\">Caracter\u00edsticas de la m\u00e1quina selladora de cajas de cart\u00f3n.<\/h2>    <ol class=\"wp-block-list\" type=\"1\"> <li>Dise\u00f1o razonable, material duradero, funciona sin problemas y funciona de manera eficiente.<\/li>    <li>La altura del transportador es ajustable seg\u00fan sus necesidades.<\/li>    <li>Amplias aplicaciones para diferentes tama\u00f1os de cajas<\/li>    <li>Disposici\u00f3n de los rodillos estrechamente, adecuada para diferentes tama\u00f1os de cajas, especialmente cajas peque\u00f1as<\/li>    <li>El componente para fijar la cinta es desmontable y conveniente para reemplazar las cintas.<\/li>    <li>Termine la operaci\u00f3n de sellado inferior y superior una vez, selle firme y suavemente con una apariencia bonita.<\/li>    <li>Un bot\u00f3n de emergencia est\u00e1 dise\u00f1ado como medida de seguridad.<\/li>    <li>El servicio de personalizaci\u00f3n est\u00e1 disponible.<\/li> <\/ol>    <figure class=\"wp-block-gallery has-nested-images columns-default is-cropped wp-block-gallery-4 is-layout-flex wp-block-gallery-is-layout-flex\"> <figure class=\"wp-block-image size-large\"><img loading=\"lazy\" decoding=\"async\" width=\"750\" height=\"500\" data-id=\"4749\" src=\"https:\/\/tianhuipackingmachine.com\/wp-content\/uploads\/2021\/12\/the-applicable-cartons-750x500.jpg\" alt=\"las cajas aplicables\" class=\"wp-image-4749\" srcset=\"https:\/\/tianhuipackingmachine.com\/wp-content\/uploads\/2021\/12\/the-applicable-cartons.jpg 750w, https:\/\/tianhuipackingmachine.com\/wp-content\/uploads\/2021\/12\/the-applicable-cartons-480x320.jpg 480w\" sizes=\"auto, (max-width: 750px) 100vw, 750px\" \/><figcaption class=\"wp-element-caption\">Las cajas aplicables<\/figcaption><\/figure>    <figure class=\"wp-block-image size-large\"><img loading=\"lazy\" decoding=\"async\" width=\"750\" height=\"500\" data-id=\"4748\" src=\"https:\/\/tianhuipackingmachine.com\/wp-content\/uploads\/2021\/12\/various-applicable-sizes-of-cartons-750x500.jpg\" alt=\"varios tama\u00f1os aplicables de cajas de cart\u00f3n\" class=\"wp-image-4748\" srcset=\"https:\/\/tianhuipackingmachine.com\/wp-content\/uploads\/2021\/12\/various-applicable-sizes-of-cartons.jpg 750w, https:\/\/tianhuipackingmachine.com\/wp-content\/uploads\/2021\/12\/various-applicable-sizes-of-cartons-480x320.jpg 480w\" sizes=\"auto, (max-width: 750px) 100vw, 750px\" \/><figcaption class=\"wp-element-caption\">Varios tama\u00f1os aplicables de cajas de cart\u00f3n<\/figcaption><\/figure> <\/figure>    <h2 class=\"wp-block-heading\" id=\"h-operation-procedure-of-the-single-machine\">Procedimiento de funcionamiento de la m\u00e1quina \u00fanica.<\/h2>    <ol class=\"wp-block-list\" type=\"1\"> <li>Instale las dos cintas adhesivas en los dispositivos de sellado.<\/li>    <li>Ajuste varios par\u00e1metros y encienda la m\u00e1quina.<\/li>    <li>Abre las cajas de cart\u00f3n<\/li>    <li>Poner objetos en el caso.<\/li>    <li>Coloque la caja en el transportador.<\/li>    <li>Empuje la caja y el dispositivo de sellado.<\/li>    <li>La m\u00e1quina pegar\u00e1 autom\u00e1ticamente la parte superior e inferior de la caja.<\/li> <\/ol>    <h2 class=\"wp-block-heading\" id=\"h-various-machines-waiting-for-you\">Varias m\u00e1quinas esper\u00e1ndote<\/h2>    <p class=\"translation-block\">Como fabricante y proveedor de m\u00e1quinas de empaquetado, ofrecemos muchas m\u00e1quinas de embalaje. La m\u00e1quina de sellado de cart\u00f3n es uno de nuestros productos m\u00e1s populares. Tambi\u00e9n suministramos m\u00e1quinas de empaquetado de polvo, m\u00e1quinas de empaquetado de gr\u00e1nulos, m\u00e1quinas de llenado y empaquetado de l\u00edquidos, m\u00e1quinas de envasado al vac\u00edo, m\u00e1quinas de empaquetado en almohada, m\u00e1quinas autom\u00e1ticas de taponado, m\u00e1quinas de taponado al vac\u00edo, <strong><a href=\"https:\/\/tianhuipackingmachine.com\/es\/continuous-bag-sealing-machine\/\">m\u00e1quinas de sellado de bolsas continuas<\/a><\/strong>, etc. \u00bfEst\u00e1 interesado en ellas? P\u00f3ngase en contacto con nosotros para obtener m\u00e1s detalles y le responderemos lo antes posible. <\/p>    <h2 class=\"has-luminous-vivid-orange-color has-text-color wp-block-heading\" id=\"h-parameters\">Par\u00e1metros de la m\u00e1quina envasadora de cart\u00f3n Henan Top<\/h2>    <figure class=\"wp-block-table is-style-stripes\"><table><tbody><tr><td>Tipo<\/td><td>FXJ-4030<\/td><td>FXJ-6050<\/td><\/tr><tr><td>Fuerza<\/td><td>220V\/50Hz\/180W<\/td><td>220V\/50Hz\/180W <\/td><\/tr><tr><td>Capacidad<\/td><td>1000 cajas\/h<\/td><td>1000 cajas\/h <\/td><\/tr><tr><td>Ancho de la cinta<\/td><td>45mm<\/td><td>45mm <\/td><\/tr><tr><td>Ancho de sellado<\/td><td>80-300 mm<\/td><td>250-500 mm <\/td><\/tr><tr><td>Altura de sellado<\/td><td>90-400 mm<\/td><td>180-600 mm <\/td><\/tr><tr><td>Altura de la mesa<\/td><td>m\u00edn. 550 mm\/m\u00e1x. 730 mm<\/td><td>m\u00edn. 570 mm\/m\u00e1x. 730 mm <\/td><\/tr><tr><td>Tama\u00f1o de la m\u00e1quina<\/td><td>1060*660*1010mm<\/td><td>1000*830*1350mm <\/td><\/tr><\/tbody><\/table><\/figure>    <h2 class=\"wp-block-heading\">Se vende m\u00e1quina selladora de cajas de cart\u00f3n completamente autom\u00e1tica<\/h2>    <p>Las m\u00e1quinas selladoras de cajas de cart\u00f3n totalmente autom\u00e1ticas est\u00e1n equipadas con sensores que detectan la presencia de una caja y ajustan autom\u00e1ticamente la configuraci\u00f3n de la m\u00e1quina para que coincida con el tama\u00f1o y la forma de la caja. Luego, la m\u00e1quina aplica cinta sensible a la presi\u00f3n a las solapas superior y\/o inferior de la caja, sell\u00e1ndola de forma segura. La velocidad y eficiencia de la m\u00e1quina se pueden ajustar para satisfacer las necesidades del usuario.<\/p>    <h2 class=\"wp-block-heading\">Conclusi\u00f3n <\/h2>    <p>En conclusi\u00f3n, una m\u00e1quina selladora de cajas de cart\u00f3n es una herramienta valiosa para mejorar la eficiencia y agilizar el proceso de envasado en diversas industrias. Con su capacidad para sellar cajas de forma r\u00e1pida y segura, puede reducir significativamente la cantidad de tiempo y mano de obra necesaria para el embalaje. Henan Top Packing Machinery es un fabricante profesional de m\u00e1quinas empacadoras de cajas. \u00bfEst\u00e1s interesado en esta m\u00e1quina? Cont\u00e1ctenos para una cotizaci\u00f3n r\u00e1pida. <\/p>","protected":false},"excerpt":{"rendered":"<p>Carton sealing machine or box packing machine is the equipment to seal cardboard boxes with tape. It widely applies to packing various kinds of objects into cartons, such as foods, beverages, wines, medicines, books, furniture, lamps, spices, kitchenware, hardware, woodwork, chemicals, clothes, ceramics, glass caps, etc. It has two methods of usage, just using a [&hellip;]<\/p>\n","protected":false},"author":1,"featured_media":4742,"parent":0,"template":"","tags":[182],"product-type":[144],"class_list":["post-2263","product","type-product","status-publish","has-post-thumbnail","hentry","tag-sealing-machine","product-type-supporting-equipment"],"_links":{"self":[{"href":"https:\/\/tianhuipackingmachine.com\/es\/wp-json\/wp\/v2\/product\/2263","targetHints":{"allow":["GET"]}}],"collection":[{"href":"https:\/\/tianhuipackingmachine.com\/es\/wp-json\/wp\/v2\/product"}],"about":[{"href":"https:\/\/tianhuipackingmachine.com\/es\/wp-json\/wp\/v2\/types\/product"}],"author":[{"embeddable":true,"href":"https:\/\/tianhuipackingmachine.com\/es\/wp-json\/wp\/v2\/users\/1"}],"wp:featuredmedia":[{"embeddable":true,"href":"https:\/\/tianhuipackingmachine.com\/es\/wp-json\/wp\/v2\/media\/4742"}],"wp:attachment":[{"href":"https:\/\/tianhuipackingmachine.com\/es\/wp-json\/wp\/v2\/media?parent=2263"}],"wp:term":[{"taxonomy":"post_tag","embeddable":true,"href":"https:\/\/tianhuipackingmachine.com\/es\/wp-json\/wp\/v2\/tags?post=2263"},{"taxonomy":"product-type","embeddable":true,"href":"https:\/\/tianhuipackingmachine.com\/es\/wp-json\/wp\/v2\/product-type?post=2263"}],"curies":[{"name":"wp","href":"https:\/\/api.w.org\/{rel}","templated":true}]}}