{"id":2241,"date":"2021-08-24T14:31:39","date_gmt":"2021-08-24T06:31:39","guid":{"rendered":"https:\/\/tianhuipackingmachine.com\/?page_id=2241"},"modified":"2022-12-08T14:11:07","modified_gmt":"2022-12-08T06:11:07","slug":"automatic-capping-machine","status":"publish","type":"product","link":"https:\/\/tianhuipackingmachine.com\/es\/automatic-capping-machine\/","title":{"rendered":"M\u00e1quina taponadora autom\u00e1tica"},"content":{"rendered":"<p class=\"translation-block\"><strong>La m\u00e1quina de taponado autom\u00e1tico<\/strong> es adecuada para varios tapones redondos de pl\u00e1stico con roscas. Se aplica ampliamente a muchos alimentos, bebidas, art\u00edculos de uso diario, cosm\u00e9ticos, medicamentos, aceite, etc. El equipo est\u00e1 hecho de acero inoxidable, lo que lo hace duradero y conveniente para el mantenimiento. La m\u00e1quina de taponado autom\u00e1tico con cuatro ruedas de fricci\u00f3n gira y aprieta los tapones redondos a trav\u00e9s de un motor ordinario. La velocidad de taponado es ajustable seg\u00fan la salida de producci\u00f3n. Adem\u00e1s, ofrecemos servicio OEM seg\u00fan sus requisitos.<\/p>    <figure class=\"wp-block-image aligncenter size-full\"><img loading=\"lazy\" decoding=\"async\" width=\"750\" height=\"500\" src=\"https:\/\/tianhuipackingmachine.com\/wp-content\/uploads\/2021\/08\/automatic-capping-machine-1.jpg\" alt=\"m\u00e1quina taponadora autom\u00e1tica\" class=\"wp-image-2256\" srcset=\"https:\/\/tianhuipackingmachine.com\/wp-content\/uploads\/2021\/08\/automatic-capping-machine-1.jpg 750w, https:\/\/tianhuipackingmachine.com\/wp-content\/uploads\/2021\/08\/automatic-capping-machine-1-300x200.jpg 300w\" sizes=\"auto, (max-width: 750px) 100vw, 750px\" \/><figcaption class=\"wp-element-caption\">M\u00e1quina taponadora autom\u00e1tica<\/figcaption><\/figure>    <h2 class=\"wp-block-heading\">Par\u00e1metro de la m\u00e1quina taponadora autom\u00e1tica<\/h2>    <figure class=\"wp-block-table is-style-stripes\"><table><tbody><tr><td>Fuerza<\/td><td>300W &nbsp;<\/td><\/tr><tr><td>Voltaje<\/td><td>CA 220 V\/50 Hz.<\/td><\/tr><tr><td>Tama\u00f1os aplicables de gorras.<\/td><td>15 \u2013 70 mm \u00a0\u00a040-100 mm<\/td><\/tr><tr><td>Velocidad de limitaci\u00f3n<\/td><td>0 \u2013 40 botellas\/min<\/td><\/tr><tr><td>Di\u00e1metro de botellas<\/td><td>50 \u2013 280 mil\u00edmetros<\/td><\/tr><tr><td>Presi\u00f3n del aire<\/td><td>0,4 \u2013 0,6 MPa<\/td><\/tr><tr><td>Peso<\/td><td>108 kilos<\/td><\/tr><tr><td>Dimensi\u00f3n<\/td><td>3500*470*1600mm<\/td><\/tr><\/tbody><\/table><\/figure>    <h2 class=\"wp-block-heading\">Caracter\u00edsticas de la m\u00e1quina taponadora autom\u00e1tica.<\/h2>    <ol class=\"wp-block-list\" type=\"1\"> <li>Estructura compacta, dise\u00f1o razonable, espacio peque\u00f1o ocupado, f\u00e1cil de operar<\/li>    <li>Funciona de manera estable, colocando las tapas autom\u00e1ticamente, apretando firmemente y bloqueando la cubierta de manera eficiente.<\/li>    <li>Est\u00e1 equipado con una pantalla t\u00e1ctil que puede ajustar la velocidad de funcionamiento de la cinta transportadora.<\/li>    <li>Muchos usos son opcionales: uso independiente o combinaci\u00f3n con m\u00e1quina llenadora, etiquetadora, impresora de fecha, etc.<\/li>    <li>El motor principal adopta un convertidor de frecuencia exportado con la funci\u00f3n de velocidad sin ajuste de pendiente.<\/li>    <li>El servicio de personalizaci\u00f3n est\u00e1 disponible.<\/li> <\/ol>    <h2 class=\"wp-block-heading\">Amplias aplicaciones de taponadora de rosca autom\u00e1tica.<\/h2>    <p class=\"translation-block\">La m\u00e1quina de taponado autom\u00e1tico se utiliza generalmente para varias botellas con tapones redondos de pl\u00e1stico, aplic\u00e1ndose ampliamente a caramelos, bocadillos, agua, jugo, leche, yogur, miel, aceite, detergente l\u00edquido, desinfectante, champ\u00fa, cosm\u00e9ticos, medicamentos, pesticidas, etc. Tambi\u00e9n puede combinarse con una m\u00e1quina de llenado y una m\u00e1quina de etiquetado para formar una l\u00ednea de producci\u00f3n. \u00bfQuieres saber m\u00e1s detalles? <strong><a href=\"https:\/\/tianhuipackingmachine.com\/es\/contacto\/\">P\u00f3ngase en contacto con nosotros<\/a><\/strong> y le responderemos lo antes posible.<\/p>    <figure class=\"wp-block-image aligncenter size-full\"><img loading=\"lazy\" decoding=\"async\" width=\"750\" height=\"500\" src=\"https:\/\/tianhuipackingmachine.com\/wp-content\/uploads\/2021\/09\/applications-of-automatic-capping-equipment.jpg\" alt=\"Aplicaciones de equipos de taponado autom\u00e1tico.\" class=\"wp-image-2862\" srcset=\"https:\/\/tianhuipackingmachine.com\/wp-content\/uploads\/2021\/09\/applications-of-automatic-capping-equipment.jpg 750w, https:\/\/tianhuipackingmachine.com\/wp-content\/uploads\/2021\/09\/applications-of-automatic-capping-equipment-300x200.jpg 300w\" sizes=\"auto, (max-width: 750px) 100vw, 750px\" \/><figcaption class=\"wp-element-caption\">Aplicaciones del equipo de tapado autom\u00e1tico<\/figcaption><\/figure>    <h2 class=\"wp-block-heading\">Estructura de la m\u00e1quina taponadora autom\u00e1tica<\/h2>    <p>El equipo de taponado consta de una pantalla t\u00e1ctil, una cinta transportadora con deflector, un motor ordinario, un motor paso a paso, cuatro ruedas de fricci\u00f3n, un ancho de tapa de presi\u00f3n, una rueda de ajuste de altura de la rueda de fricci\u00f3n, una cinta transportadora lateral, una rueda de ajuste de altura para colocar la cinta transportadora de botellas, una cinta ancha. Rueda de ajuste para poner cinta transportadora de botellas, etc. Su cuerpo es de acero inoxidable.<\/p>    <h2 class=\"wp-block-heading\">Algunos detalles del equipo taponador. <\/h2>    <ul class=\"wp-block-list\"> <li><strong>Ruedas de fricci\u00f3n<\/strong><\/li> <\/ul>    <p>La tapa se atornilla firmemente mediante ruedas de fricci\u00f3n bajo el control del motor. Las ruedas de fricci\u00f3n de cuatro mordazas sujetan y giran el tap\u00f3n de rosca de pl\u00e1stico cuando el detector comprueba si la botella est\u00e1 tapada.<\/p>    <ul class=\"wp-block-list\"> <li><strong>Ojo fotoel\u00e9ctrico<\/strong><\/li> <\/ul>    <p>El ojo fotoel\u00e9ctrico se utiliza para detectar la botella. Cuando detecte la botella, las ruedas de fricci\u00f3n comenzar\u00e1n a funcionar.<\/p>    <ul class=\"wp-block-list\"> <li><strong>Presione el widget de tapa<\/strong><\/li> <\/ul>    <p>Un peque\u00f1o artilugio en las ruedas de fricci\u00f3n de cuatro mordazas puede presionar la tapa de la botella para evitar que la botella se resbale durante el proceso de atornillado. Por tanto, el equipo es adecuado para botellas m\u00e1s duras.<\/p>    <ul class=\"wp-block-list\"> <li><strong>Cinta transportadora y motor.<\/strong><\/li> <\/ul>    <p>La cinta transportadora se mueve mediante el accionamiento del motor y est\u00e1 disponible un servicio de personalizaci\u00f3n para la cinta transportadora seg\u00fan el tama\u00f1o de las botellas o latas.<\/p>    <ul class=\"wp-block-list\"> <li>Rueda de ajuste de altura de rueda de fricci\u00f3n<\/li> <\/ul>    <p>La rueda de ajuste de altura de la rueda de fricci\u00f3n puede ajustar la altura de la rueda de fricci\u00f3n de cuatro mordazas seg\u00fan la altura de la boca de la botella.<\/p>    <ul class=\"wp-block-list\"> <li><strong>Cinta transportadora lateral y dispositivo de ajuste.<\/strong><\/li> <\/ul>    <p>La cinta transportadora lateral es impulsada por un motor paso a paso, que puede alimentar con precisi\u00f3n las botellas debajo de la rueda de tornillo de cuatro mordazas. La rueda de ajuste de ancho de la cinta transportadora de botellas puede ajustar el ancho del deflector lateral para facilitar la sujeci\u00f3n de la botella a atornillar. La rueda de ajuste de altura de la cinta transportadora puede ajustar la altura de la cinta transportadora lateral.<\/p>    <ul class=\"wp-block-list\"> <li><strong>Pantalla t\u00e1ctil<\/strong><\/li> <\/ul>    <p>La pantalla t\u00e1ctil puede configurar la velocidad de carrera de la cinta transportadora, la duraci\u00f3n del tapado y la distancia de carrera de la cinta transportadora lateral.<\/p>","protected":false},"excerpt":{"rendered":"<p>Automatic capping machine is suitable for various plastic round caps with screw threads. It widely applies to many foods, beverages, daily necessities, cosmetics, medicines, oil, etc. The equipment adopts stainless steel, which is durable and convenient for maintenance. The automatic capping machine with four frictional wheels rotates and tightens round caps through ordinary motor. The [&hellip;]<\/p>\n","protected":false},"author":1,"featured_media":2256,"parent":0,"template":"","tags":[168],"product-type":[144],"class_list":["post-2241","product","type-product","status-publish","has-post-thumbnail","hentry","tag-capping-machine","product-type-supporting-equipment"],"_links":{"self":[{"href":"https:\/\/tianhuipackingmachine.com\/es\/wp-json\/wp\/v2\/product\/2241","targetHints":{"allow":["GET"]}}],"collection":[{"href":"https:\/\/tianhuipackingmachine.com\/es\/wp-json\/wp\/v2\/product"}],"about":[{"href":"https:\/\/tianhuipackingmachine.com\/es\/wp-json\/wp\/v2\/types\/product"}],"author":[{"embeddable":true,"href":"https:\/\/tianhuipackingmachine.com\/es\/wp-json\/wp\/v2\/users\/1"}],"wp:featuredmedia":[{"embeddable":true,"href":"https:\/\/tianhuipackingmachine.com\/es\/wp-json\/wp\/v2\/media\/2256"}],"wp:attachment":[{"href":"https:\/\/tianhuipackingmachine.com\/es\/wp-json\/wp\/v2\/media?parent=2241"}],"wp:term":[{"taxonomy":"post_tag","embeddable":true,"href":"https:\/\/tianhuipackingmachine.com\/es\/wp-json\/wp\/v2\/tags?post=2241"},{"taxonomy":"product-type","embeddable":true,"href":"https:\/\/tianhuipackingmachine.com\/es\/wp-json\/wp\/v2\/product-type?post=2241"}],"curies":[{"name":"wp","href":"https:\/\/api.w.org\/{rel}","templated":true}]}}