{"id":2114,"date":"2021-08-10T10:41:22","date_gmt":"2021-08-10T02:41:22","guid":{"rendered":"https:\/\/tianhuipackingmachine.com\/?page_id=2114"},"modified":"2024-03-11T17:35:48","modified_gmt":"2024-03-11T09:35:48","slug":"semi-automatic-round-bottle-labeling-machine","status":"publish","type":"product","link":"https:\/\/tianhuipackingmachine.com\/es\/semi-automatic-round-bottle-labeling-machine\/","title":{"rendered":"Etiquetadora de botellas redondas semiautom\u00e1tica"},"content":{"rendered":"<p class=\"translation-block\"><strong>Semi automatic round bottle labeling machine<\/strong>, tambi\u00e9n llamada m\u00e1quina de etiquetado autom\u00e1tica para botellas redondas, es una especie de etiqueta semi-autom\u00e1tica. Ocupa poco espacio, apta para varias botellas y latas redondas. Este etiquetador semi-autom\u00e1tico puede aplicarse a alimentos, bebidas, leche, zumos, salsas, medicamentos, productos de uso diario, cosm\u00e9ticos, medicina, etc. Durante el proceso de uso, puede satisfacer diferentes tama\u00f1os de botellas redondas y no es necesario cambiar ninguna pieza. Adem\u00e1s, tambi\u00e9n suministramos m\u00e1quina de etiquetado autom\u00e1tica para botellas redondas, m\u00e1quina de etiquetado para botellas cuadradas, etc. Adem\u00e1s, el servicio de personalizaci\u00f3n est\u00e1 disponible seg\u00fan sus requisitos.<\/p>    <div class=\"wp-block-columns is-layout-flex wp-container-core-columns-is-layout-28f84493 wp-block-columns-is-layout-flex\"> <div class=\"wp-block-column is-layout-flow wp-block-column-is-layout-flow\"> <figure class=\"wp-block-image aligncenter size-full\"><img loading=\"lazy\" decoding=\"async\" width=\"750\" height=\"500\" src=\"https:\/\/tianhuipackingmachine.com\/wp-content\/uploads\/2021\/08\/semi-automatic-round-bottle-labeler-1.jpg\" alt=\"etiquetadora de botellas redondas semiautom\u00e1tica\" class=\"wp-image-2118\" srcset=\"https:\/\/tianhuipackingmachine.com\/wp-content\/uploads\/2021\/08\/semi-automatic-round-bottle-labeler-1.jpg 750w, https:\/\/tianhuipackingmachine.com\/wp-content\/uploads\/2021\/08\/semi-automatic-round-bottle-labeler-1-300x200.jpg 300w\" sizes=\"auto, (max-width: 750px) 100vw, 750px\" \/><figcaption>Etiquetadora de botellas redondas semiautom\u00e1tica<\/figcaption><\/figure> <\/div> <\/div>    <h2 class=\"has-text-color wp-block-heading\" id=\"h-semi-automatic-round-bottle-labeling-machine-parameters\" style=\"color:#ff5200\">Par\u00e1metros de la m\u00e1quina etiquetadora de botellas redondas semiautom\u00e1tica<\/h2>    <figure class=\"wp-block-table is-style-stripes\"><table><tbody><tr><td>Modelo<\/td><td>TZ-100<\/td><\/tr><tr><td>Fuerza<\/td><td>100W<\/td><\/tr><tr><td>Di\u00e1metro de la botella<\/td><td>15-120 mm<\/td><\/tr><tr><td>Velocidad de etiqueta<\/td><td>20-40 botellas\/min<\/td><\/tr><tr><td>Tama\u00f1o de la etiqueta<\/td><td>W26L25-W150L300<\/td><\/tr><tr><td>El di\u00e1metro interior del rollo de etiquetas.<\/td><td>75mm<\/td><\/tr><tr><td>Di\u00e1metro exterior del rollo de etiquetas<\/td><td>275 mm<\/td><\/tr><tr><td>Tama\u00f1o de la m\u00e1quina<\/td><td>650*345*450mm<\/td><\/tr><\/tbody><\/table><\/figure>    <h2 class=\"wp-block-heading\" id=\"h-features-of-semi-automatic-round-bottle-labeling-machine\">Caracter\u00edsticas de la m\u00e1quina etiquetadora de botellas redondas semiautom\u00e1tica.<\/h2>    <ol class=\"wp-block-list\" type=\"1\"><li>Estructura simple, dise\u00f1o razonable, f\u00e1cil de instalar, operar y mantener;<\/li><li>Trabaje de manera estable, bajo nivel de ruido, precio asequible, amplia aplicaci\u00f3n;<\/li><li>Est\u00e1 equipado con un sensor fotoel\u00e9ctrico avanzado, muy inteligente para etiquetado.<\/li><li>El cuerpo de la etiquetadora est\u00e1 hecho de una aleaci\u00f3n de aluminio que tiene las caracter\u00edsticas de peso ligero y buenas propiedades de fundici\u00f3n.<\/li><li>Satisfacer la mayor\u00eda de las especificaciones de las necesidades de botellas redondas.<\/li><li>La etiquetadora de botellas semiautom\u00e1tica adopta rodillos de goma de alta calidad con gran transmisi\u00f3n.<\/li><li>El precio de la m\u00e1quina etiquetadora semiautom\u00e1tica es m\u00e1s bajo que el de la m\u00e1quina etiquetadora autom\u00e1tica.<\/li><li>La fuente de alimentaci\u00f3n est\u00e1 equipada con una funci\u00f3n de protecci\u00f3n contra sobrecorriente. Si excede el rango normal de uso, el fusible se fundir\u00e1 autom\u00e1ticamente para proteger la m\u00e1quina.<\/li><\/ol>    <h2 class=\"wp-block-heading\" id=\"h-various-applications-of-semi-automatic-labeling-machine-for-round-bottle\">Diversas aplicaciones de la etiquetadora semiautom\u00e1tica para botellas redondas.<\/h2>    <p>La m\u00e1quina etiquetadora semiautom\u00e1tica es adecuada para varias botellas o latas redondas, sin importar si el material de la botella es pl\u00e1stico, vidrio o metal, etc. Se puede aplicar a botellas o latas de bebidas, jugos, agua, leche, aceite, salsa, especias, chile en polvo, snacks, dulces, galletas, patatas fritas, palomitas de ma\u00edz, frutos secos, productos de uso diario, cosm\u00e9ticos, medicamentos, etc. La etiqueta puede cubrir la botella formando un c\u00edrculo o no. La longitud de la etiqueta depende de sus necesidades. Tambi\u00e9n puedes hacer que la etiqueta se pegue en una parte de la botella. <\/p>    <figure class=\"wp-block-image aligncenter size-full\"><img loading=\"lazy\" decoding=\"async\" width=\"750\" height=\"500\" src=\"https:\/\/tianhuipackingmachine.com\/wp-content\/uploads\/2021\/08\/applications-of-semi-automatic-round-bottle-labeler.jpg\" alt=\"Aplicaciones de la etiquetadora de botellas redondas semiautom\u00e1tica.\" class=\"wp-image-2120\" srcset=\"https:\/\/tianhuipackingmachine.com\/wp-content\/uploads\/2021\/08\/applications-of-semi-automatic-round-bottle-labeler.jpg 750w, https:\/\/tianhuipackingmachine.com\/wp-content\/uploads\/2021\/08\/applications-of-semi-automatic-round-bottle-labeler-300x200.jpg 300w\" sizes=\"auto, (max-width: 750px) 100vw, 750px\" \/><figcaption>Aplicaciones de la etiquetadora de botellas redondas semiautom\u00e1tica<\/figcaption><\/figure>    <h2 class=\"wp-block-heading\" id=\"h-structures-manual-round-bottle-labeling-machine\">Etiquetadora manual de botellas redondas de estructuras.<\/h2>    <p class=\"translation-block\">La m\u00e1quina de etiquetado semiautom\u00e1tica para botellas redondas se compone principalmente de un motor, cuerpo de aleaci\u00f3n de aluminio electrochapado, bandeja de suministro de papel, tornillo de ajuste de la bandeja, sensor de alta calidad, fibra \u00f3ptica, brazo oscilante de prensado de la botella, rodillo de apoyo de la botella, etc. El peso de la aleaci\u00f3n de aluminio electrochapada es ligero y tiene una buena propiedad de c\u00e1scara. La bandeja de suministro de papel con tornillo de ajuste sirve para fijar la etiqueta para que funcione f\u00e1cilmente. El sensor de alta calidad es sensible para detectar la etiqueta. La fibra \u00f3ptica posiciona con precisi\u00f3n. El brazo oscilante de prensado de la botella facilita colocar la botella o la lata en el soporte para que la etiquetaci\u00f3n sea ordenada y suave. Si quieres obtener m\u00e1s detalles, puedes <strong><a href=\"https:\/\/tianhuipackingmachine.com\/es\/contacto\/\">ponerte en contacto con nosotros<\/a><\/strong> y te responderemos lo antes posible.<\/p>    <figure class=\"wp-block-image aligncenter size-full\"><img loading=\"lazy\" decoding=\"async\" width=\"750\" height=\"500\" src=\"https:\/\/tianhuipackingmachine.com\/wp-content\/uploads\/2021\/08\/the-structure-of-manual-round-bottle-labeler.jpg\" alt=\"La estructura de la etiquetadora manual de botellas redondas.\" class=\"wp-image-2119\" srcset=\"https:\/\/tianhuipackingmachine.com\/wp-content\/uploads\/2021\/08\/the-structure-of-manual-round-bottle-labeler.jpg 750w, https:\/\/tianhuipackingmachine.com\/wp-content\/uploads\/2021\/08\/the-structure-of-manual-round-bottle-labeler-300x200.jpg 300w\" sizes=\"auto, (max-width: 750px) 100vw, 750px\" \/><figcaption>La estructura de la etiquetadora manual de botellas redondas<\/figcaption><\/figure>    <h2 class=\"wp-block-heading\" id=\"h-operation-procedures\">Procedimientos de operaci\u00f3n<\/h2>    <ol class=\"wp-block-list\" type=\"1\"><li>Aseg\u00farese de que todas las piezas de la m\u00e1quina est\u00e9n bien instaladas.<\/li><li>Coloque la botella sobre los rodillos de soporte con la mano.<\/li><li>Al presionar manualmente el brazo oscilante de la botella para fijar la botella se activar\u00e1 el interruptor de etiquetado.<\/li><li>La botella y la bandeja de suministro de papel giran para completar el etiquetado en la botella.<\/li><li>Levante el brazo oscilante de la botella y finalizar\u00e1 el proceso de etiquetado.<\/li><\/ol>    <h2 class=\"wp-block-heading\" id=\"h-faqs-about-semi-automatic-round-bottle-labeling-machine\">Preguntas frecuentes sobre la m\u00e1quina etiquetadora de botellas redondas semiautom\u00e1tica<\/h2>    <ul class=\"wp-block-list\"><li>P1: \u00bfA qu\u00e9 tipos de botellas se puede aplicar la m\u00e1quina etiquetadora?<\/li><li>A1: Botella redonda de pl\u00e1stico, botella redonda de vidrio, botella redonda de metal, etc.<\/li><li>P2: \u00bfCu\u00e1ntas botellas se pueden etiquetar en un minuto?<\/li><li>A2: Depende de la velocidad manual y de la longitud de la etiqueta.<\/li><li>P3: \u00bfPara qu\u00e9 tama\u00f1os de botellas se pueden utilizar?<\/li><li>A3: La etiquetadora puede usarse para botellas cuyo di\u00e1metro sea superior a 3,5 cm. Si su botella mide menos de 3,5 cm de di\u00e1metro, la m\u00e1quina etiquetadora horizontal es una buena opci\u00f3n.<\/li><\/ul>    <h2 class=\"wp-block-heading\" id=\"h-related-machines\">M\u00e1quinas relacionadas<\/h2>    <p class=\"translation-block\">Como fabricante y proveedor de m\u00e1quinas de envasado, <strong><a href=\"https:\/\/tianhuipackingmachine.com\/es\/\">Henan Top Packing Machinery Co., Ltd<\/a><\/strong>, ofrece una variedad de m\u00e1quinas relacionadas con el envasado para una l\u00ednea de producci\u00f3n. Por ejemplo, hay m\u00e1quinas de envasado, <strong><a href=\"https:\/\/tianhuipackingmachine.com\/es\/automatic-round-bottle-labeling-machine-sale\/\">m\u00e1quinas de etiquetado<\/a><\/strong>, m\u00e1quinas de llenado, <strong><a href=\"https:\/\/tianhuipackingmachine.com\/es\/vacuum-capping-machines\/\">m\u00e1quinas de tapado con tornillo<\/a><\/strong>, impresoras de fecha, <strong><a href=\"https:\/\/tianhuipackingmachine.com\/es\/continuous-bag-sealing-machine\/\">m\u00e1quinas de sellado de bolsas continuas<\/a><\/strong>, dispositivos de transporte de carga, cintas transportadoras, dispositivos de llenado de nitr\u00f3geno, etc. Puede elegir y comprar seg\u00fan sus necesidades. Si desea obtener m\u00e1s informaci\u00f3n, cont\u00e1ctenos y le responderemos lo antes posible. Esperamos su correo, mensaje o tel\u00e9fono.<\/p>","protected":false},"excerpt":{"rendered":"<p>Semi automatic round bottle labeling machine, also called manual round bottle labeling machine, is a kind of semi-automatic labeling machine. It\u2019s occupied with small space, suitable various round bottles and cans. This semi-automatic labeler\u00a0can apply to food, beverage, milk, juice, sauces, medicine, daily use products, cosmetics, medicine, etc. During the process of using, it can [&hellip;]<\/p>\n","protected":false},"author":1,"featured_media":2118,"parent":0,"template":"","tags":[172],"product-type":[144],"class_list":["post-2114","product","type-product","status-publish","has-post-thumbnail","hentry","tag-labeling-machine","product-type-supporting-equipment"],"_links":{"self":[{"href":"https:\/\/tianhuipackingmachine.com\/es\/wp-json\/wp\/v2\/product\/2114","targetHints":{"allow":["GET"]}}],"collection":[{"href":"https:\/\/tianhuipackingmachine.com\/es\/wp-json\/wp\/v2\/product"}],"about":[{"href":"https:\/\/tianhuipackingmachine.com\/es\/wp-json\/wp\/v2\/types\/product"}],"author":[{"embeddable":true,"href":"https:\/\/tianhuipackingmachine.com\/es\/wp-json\/wp\/v2\/users\/1"}],"wp:featuredmedia":[{"embeddable":true,"href":"https:\/\/tianhuipackingmachine.com\/es\/wp-json\/wp\/v2\/media\/2118"}],"wp:attachment":[{"href":"https:\/\/tianhuipackingmachine.com\/es\/wp-json\/wp\/v2\/media?parent=2114"}],"wp:term":[{"taxonomy":"post_tag","embeddable":true,"href":"https:\/\/tianhuipackingmachine.com\/es\/wp-json\/wp\/v2\/tags?post=2114"},{"taxonomy":"product-type","embeddable":true,"href":"https:\/\/tianhuipackingmachine.com\/es\/wp-json\/wp\/v2\/product-type?post=2114"}],"curies":[{"name":"wp","href":"https:\/\/api.w.org\/{rel}","templated":true}]}}