{"id":2062,"date":"2021-08-04T14:09:42","date_gmt":"2021-08-04T06:09:42","guid":{"rendered":"https:\/\/tianhuipackingmachine.com\/?page_id=2062"},"modified":"2024-03-08T14:01:26","modified_gmt":"2024-03-08T06:01:26","slug":"continuous-bag-sealing-machine","status":"publish","type":"product","link":"https:\/\/tianhuipackingmachine.com\/es\/continuous-bag-sealing-machine\/","title":{"rendered":"M\u00e1quina selladora continua de bolsas"},"content":{"rendered":"<p class=\"translation-block\">La <strong>m\u00e1quina continua de sellado de bolsas<\/strong> es una peque\u00f1a termoselladora para bolsas. Es conveniente colocarla sobre una mesa al usarla. Hay dos tipos de m\u00e1quinas. Una puede colocar la bolsa de embalaje horizontalmente en la cinta transportadora, mientras que la otra puede colocar la bolsa de embalaje verticalmente en la cinta transportadora. La selladora de bolsas es adecuada para el sellado de bolsas de polvo, gr\u00e1nulos, l\u00edquidos, pastas, trozos, etc. Adem\u00e1s, el patr\u00f3n de sellado incluye rejilla, rejilla con fecha, liso, franja. Hay dos categor\u00edas de impresoras de fecha opcionales, a saber, rueda de tinta y cartucho. Adem\u00e1s, para las m\u00e1quinas continuas de sellado de bolsas, ofrecemos servicios de personalizaci\u00f3n para el ancho de la cinta transportadora, la altura entre el dispositivo de sellado y la cinta transportadora, etc. P\u00f3ngase en contacto con nosotros para obtener m\u00e1s informaci\u00f3n.<\/p>    <div class=\"wp-block-columns is-layout-flex wp-container-core-columns-is-layout-28f84493 wp-block-columns-is-layout-flex\"> <div class=\"wp-block-column is-layout-flow wp-block-column-is-layout-flow\"> <figure class=\"wp-block-image size-full\"><img loading=\"lazy\" decoding=\"async\" width=\"750\" height=\"500\" src=\"https:\/\/tianhuipackingmachine.com\/wp-content\/uploads\/2021\/08\/flat-bag-heat-sealing-machine.jpg\" alt=\"m\u00e1quina de termosellado de bolsas planas\" class=\"wp-image-2075\" srcset=\"https:\/\/tianhuipackingmachine.com\/wp-content\/uploads\/2021\/08\/flat-bag-heat-sealing-machine.jpg 750w, https:\/\/tianhuipackingmachine.com\/wp-content\/uploads\/2021\/08\/flat-bag-heat-sealing-machine-300x200.jpg 300w\" sizes=\"auto, (max-width: 750px) 100vw, 750px\" \/><figcaption>M\u00e1quina de sellado t\u00e9rmico de bolsas planas<\/figcaption><\/figure> <\/div>    <div class=\"wp-block-column is-layout-flow wp-block-column-is-layout-flow\"> <figure class=\"wp-block-image size-full\"><img loading=\"lazy\" decoding=\"async\" width=\"750\" height=\"500\" src=\"https:\/\/tianhuipackingmachine.com\/wp-content\/uploads\/2021\/08\/vertical-bag-heat-sealing-machine.jpg\" alt=\"m\u00e1quina de termosellado de bolsas verticales\" class=\"wp-image-2076\" srcset=\"https:\/\/tianhuipackingmachine.com\/wp-content\/uploads\/2021\/08\/vertical-bag-heat-sealing-machine.jpg 750w, https:\/\/tianhuipackingmachine.com\/wp-content\/uploads\/2021\/08\/vertical-bag-heat-sealing-machine-300x200.jpg 300w\" sizes=\"auto, (max-width: 750px) 100vw, 750px\" \/><figcaption>M\u00e1quina de sellado t\u00e9rmico de bolsas verticales<\/figcaption><\/figure> <\/div> <\/div>    <h2 class=\"wp-block-heading\" id=\"h-wide-application-of-continuous-bag-sealer\">Amplia aplicaci\u00f3n del sellador de bolsas continuo<\/h2>    <p class=\"translation-block\">La m\u00e1quina continua de sellado de bolsas tiene una amplia aplicaci\u00f3n en el sellado de bolsas de papel de aluminio y bolsas de pl\u00e1stico para polvo, gr\u00e1nulos, l\u00edquidos, pastas, trozos, etc. Las aplicaciones comunes se refieren al sellado de bolsas de caf\u00e9 en polvo, leche en polvo, <strong><a href=\"https:\/\/tianhuipackingmachine.com\/es\/spice-packaging-machine\/\">especias<\/a><\/strong>, harina, chile en polvo, detergente en polvo, aperitivos, <strong><a href=\"https:\/\/tianhuipackingmachine.com\/es\/tea-packaging-machine\/\">t\u00e9<\/a><\/strong>, granos de caf\u00e9, caramelos, semillas, cereales, galletas, pan, arroz, leche, zumo, vinagre, salsa de soja, salsa de tomate, salsa para espaguetis, aderezo para ensaladas, mermelada, mascarillas, ferreter\u00eda, carpinter\u00eda, etc. La bolsa yace o se mantiene en pie sobre la cinta transportadora debido al volumen de materiales y al estado cuando la peque\u00f1a termoselladora funciona. Puede elegir la adecuada seg\u00fan sus necesidades reales. <strong><a href=\"https:\/\/tianhuipackingmachine.com\/es\/contacto\/\"> P\u00f3ngase en contacto con nosotros<\/a><\/strong> para obtener sugerencias \u00fatiles.<\/p>    <div class=\"wp-block-image\"><figure class=\"aligncenter size-full\"><img loading=\"lazy\" decoding=\"async\" width=\"750\" height=\"500\" src=\"https:\/\/tianhuipackingmachine.com\/wp-content\/uploads\/2021\/08\/applications-of-continuous-pouch-sealer.jpg\" alt=\"Aplicaciones del sellador de bolsas continuo.\" class=\"wp-image-2071\" srcset=\"https:\/\/tianhuipackingmachine.com\/wp-content\/uploads\/2021\/08\/applications-of-continuous-pouch-sealer.jpg 750w, https:\/\/tianhuipackingmachine.com\/wp-content\/uploads\/2021\/08\/applications-of-continuous-pouch-sealer-300x200.jpg 300w\" sizes=\"auto, (max-width: 750px) 100vw, 750px\" \/><figcaption>Aplicaciones del sellador de bolsas continuo.<\/figcaption><\/figure><\/div>    <h2 class=\"wp-block-heading\" id=\"h-benefits-of-continuous-bag-sealing-machine\">Beneficios de la m\u00e1quina selladora de bolsas continua<\/h2>    <ol class=\"wp-block-list\" type=\"1\"><li>Estructura simple de instalar, operar y mantener;<\/li><li>Ocupe espacio peque\u00f1o, bajo nivel de ruido, bajo costo, de manera eficiente y ahorre tiempo y energ\u00eda;<\/li><li>El bloque de cobre puro se calienta de forma r\u00e1pida y uniforme y la disipaci\u00f3n de calor enfriada por aire es m\u00e1s r\u00e1pida.<\/li><li>Cinta transportadora espesante resistente al desgaste, precio m\u00e1s duradero y asequible;<\/li><li>Aplicaciones diversas para bolsas de polvo, granulado, l\u00edquido, pasta, trozos, etc.<\/li><li>Cuatro patrones de sellado son opcionales seg\u00fan sus necesidades.<\/li><li>La velocidad de la cinta transportadora es ajustable.<\/li><li>El bot\u00f3n de emergencia est\u00e1 dise\u00f1ado como medida de seguridad.<\/li><\/ol>    <h2 class=\"wp-block-heading\" id=\"h-continuous-bag-sealing-machine-structure\">Estructura de la m\u00e1quina selladora de bolsas continua<\/h2>    <p>La m\u00e1quina selladora continua de bolsas se compone de un controlador de temperatura termost\u00e1tico, una cinta transportadora, una mesa transportadora, una rueda de estampado, un bot\u00f3n de ajuste de presi\u00f3n, una rueda de enfriamiento, un bloque t\u00e9rmico, un interruptor de emergencia, un medidor con control de temperatura, un ajuste transversal de la mesa transportadora y un bot\u00f3n de ajuste del transportador. mesa. El controlador de temperatura termost\u00e1tico, que muestra la temperatura de un vistazo, mantiene la temperatura de funcionamiento para mejorar la calidad y la eficiencia del producto. La cinta transportadora puede ampliarse seg\u00fan sus necesidades. Son opcionales cuatro tipos de ruedas de gofrado, rueda de rejilla, rueda de rejilla con fecha, rueda de suavidad y rueda de tira. El bloque t\u00e9rmico adopta el material de cobre puro, calent\u00e1ndose r\u00e1pida y uniformemente.<\/p>    <div class=\"wp-block-image\"><figure class=\"aligncenter size-full\"><img loading=\"lazy\" decoding=\"async\" width=\"750\" height=\"500\" src=\"https:\/\/tianhuipackingmachine.com\/wp-content\/uploads\/2021\/08\/the-structure-of-continuous-bag-sealer.jpg\" alt=\"La estructura del sellador de bolsas continuo.\" class=\"wp-image-2068\" srcset=\"https:\/\/tianhuipackingmachine.com\/wp-content\/uploads\/2021\/08\/the-structure-of-continuous-bag-sealer.jpg 750w, https:\/\/tianhuipackingmachine.com\/wp-content\/uploads\/2021\/08\/the-structure-of-continuous-bag-sealer-300x200.jpg 300w\" sizes=\"auto, (max-width: 750px) 100vw, 750px\" \/><figcaption>La estructura del sellador de bolsas continuo.<\/figcaption><\/figure><\/div>    <h2 class=\"wp-block-heading\" id=\"h-do-you-know-why-others-choose-our-machines\">\u00bfSabe por qu\u00e9 otros eligen nuestras m\u00e1quinas?<\/h2>    <p class=\"translation-block\">En primer lugar, contamos con un estricto sistema de inspecci\u00f3n de calidad y nuestros trabajadores cualificados revisar\u00e1n las m\u00e1quinas cuidadosamente antes del env\u00edo. Nuestras m\u00e1quinas tienen una garant\u00eda de calidad aut\u00e9ntica. En segundo lugar, proporcionamos un manual en ingl\u00e9s y ense\u00f1anza en v\u00eddeo. Servicio en l\u00ednea disponible las 24 horas. En tercer lugar, para la m\u00e1quina continua de sellado de bolsas, podemos personalizar el ancho de la cinta transportadora y la altura entre el dispositivo de sellado y la cinta transportadora, etc., seg\u00fan sus requisitos. Adem\u00e1s, tambi\u00e9n suministramos m\u00e1quinas de llenado, <strong><a href=\"https:\/\/tianhuipackingmachine.com\/es\/\">m\u00e1quinas de embalaje<\/a><\/strong>, m\u00e1quinas de sellado al vac\u00edo, <strong><a href=\"https:\/\/tianhuipackingmachine.com\/es\/automatic-round-bottle-labeling-machine-sale\/\">m\u00e1quinas de etiquetado<\/a><\/strong>, impresoras de fecha, etc. Hay varias m\u00e1quinas opcionales. Cont\u00e1ctenos para m\u00e1s detalles.<\/p>","protected":false},"excerpt":{"rendered":"<p>Continuous bag sealing machine is a small heat sealer for pouches. It\u2019s convenient to put it on a table when using it. There are two kinds of machines. One can make the packaging bag horizontally on the conveyor belt, while the other one can make the packaging bag vertically on the conveyor belt. The bag [&hellip;]<\/p>\n","protected":false},"author":1,"featured_media":2075,"parent":0,"template":"","tags":[182],"product-type":[144],"class_list":["post-2062","product","type-product","status-publish","has-post-thumbnail","hentry","tag-sealing-machine","product-type-supporting-equipment"],"_links":{"self":[{"href":"https:\/\/tianhuipackingmachine.com\/es\/wp-json\/wp\/v2\/product\/2062","targetHints":{"allow":["GET"]}}],"collection":[{"href":"https:\/\/tianhuipackingmachine.com\/es\/wp-json\/wp\/v2\/product"}],"about":[{"href":"https:\/\/tianhuipackingmachine.com\/es\/wp-json\/wp\/v2\/types\/product"}],"author":[{"embeddable":true,"href":"https:\/\/tianhuipackingmachine.com\/es\/wp-json\/wp\/v2\/users\/1"}],"wp:featuredmedia":[{"embeddable":true,"href":"https:\/\/tianhuipackingmachine.com\/es\/wp-json\/wp\/v2\/media\/2075"}],"wp:attachment":[{"href":"https:\/\/tianhuipackingmachine.com\/es\/wp-json\/wp\/v2\/media?parent=2062"}],"wp:term":[{"taxonomy":"post_tag","embeddable":true,"href":"https:\/\/tianhuipackingmachine.com\/es\/wp-json\/wp\/v2\/tags?post=2062"},{"taxonomy":"product-type","embeddable":true,"href":"https:\/\/tianhuipackingmachine.com\/es\/wp-json\/wp\/v2\/product-type?post=2062"}],"curies":[{"name":"wp","href":"https:\/\/api.w.org\/{rel}","templated":true}]}}