{"id":2012,"date":"2021-08-02T17:28:39","date_gmt":"2021-08-02T09:28:39","guid":{"rendered":"https:\/\/tianhuipackingmachine.com\/?page_id=2012"},"modified":"2022-12-08T14:08:31","modified_gmt":"2022-12-08T06:08:31","slug":"vacuum-capping-machines","status":"publish","type":"product","link":"https:\/\/tianhuipackingmachine.com\/es\/vacuum-capping-machines\/","title":{"rendered":"M\u00e1quina taponadora al vac\u00edo"},"content":{"rendered":"<p class=\"translation-block\"><strong>La m\u00e1quina de taponado al vac\u00edo<\/strong> es una tapadora de tornillo que puede extraer el aire de botellas o latas a trav\u00e9s de una bomba de vac\u00edo, de modo que los alimentos en un entorno de vac\u00edo prolonguen el tiempo de almacenamiento. El cuerpo del equipo est\u00e1 hecho de material de acero inoxidable duradero. Este sellador de botellas al vac\u00edo est\u00e1 equipado con una pantalla t\u00e1ctil PLC y cuatro moldes. El molde est\u00e1 dise\u00f1ado seg\u00fan el tama\u00f1o y la forma de las botellas o latas. Se necesita que el usuario coloque la botella con tapa en el molde a mano. Es adecuado para botellas de vidrio y latas con tapas de hierro. Adem\u00e1s, ofrecemos un servicio de personalizaci\u00f3n seg\u00fan sus requisitos. \u00bfDesea obtener m\u00e1s detalles? Cont\u00e1ctenos y le responderemos lo antes posible.<\/p>    <h2 class=\"wp-block-heading\" id=\"h-various-applications-of-vacuum-capping-equipment\">Diversas aplicaciones de equipos de taponado al vac\u00edo.<\/h2>    <p>La m\u00e1quina envasadora al vac\u00edo es adecuada para botellas de vidrio o latas con tapas de hierro, como leche, yogur, jugo, mermelada, mantequilla de man\u00ed, salsa de tomate, aderezo para ensaladas, salsa de chile, latas de frutas, etc. Las formas de las botellas o latas incluyen redondas, cuadrada, plana, hexagonal, octogonal, poligonal, irregular, etc. Esta m\u00e1quina atornilla las tapas mediante accionamiento neum\u00e1tico, por lo que es una buena idea combinarla con un compresor de aire. Adem\u00e1s, es mejor que est\u00e9 equipado con un separador de agua y aceite para evitar que el agua que se produce durante el proceso de producci\u00f3n fluya hacia la m\u00e1quina a trav\u00e9s de la tuber\u00eda.<\/p>    <figure class=\"wp-block-image aligncenter size-full\"><img loading=\"lazy\" decoding=\"async\" width=\"750\" height=\"500\" src=\"https:\/\/tianhuipackingmachine.com\/wp-content\/uploads\/2021\/08\/vacuum-capping-machine-1.jpg\" alt=\"m\u00e1quina taponadora al vac\u00edo\" class=\"wp-image-2014\" srcset=\"https:\/\/tianhuipackingmachine.com\/wp-content\/uploads\/2021\/08\/vacuum-capping-machine-1.jpg 750w, https:\/\/tianhuipackingmachine.com\/wp-content\/uploads\/2021\/08\/vacuum-capping-machine-1-300x200.jpg 300w\" sizes=\"auto, (max-width: 750px) 100vw, 750px\" \/><figcaption class=\"wp-element-caption\">M\u00e1quina taponadora al vac\u00edo<\/figcaption><\/figure>    <h2 class=\"has-text-color wp-block-heading\" id=\"h-vacuum-capping-machine-parameters\" style=\"color:#ff5200\">Par\u00e1metros de la m\u00e1quina taponadora al vac\u00edo<\/h2>    <figure class=\"wp-block-table is-style-stripes\"><table><tbody><tr><td>Modelo<\/td><td> TZ-40 <\/td><\/tr><tr><td>Fuerza<\/td><td> 0,87 kw <\/td><\/tr><tr><td>Di\u00e1metro de tapa adecuado<\/td><td> 45-80 mm <\/td><\/tr><tr><td> Di\u00e1metro de la botella <\/td><td> 40-80 mm <\/td><\/tr><tr><td> Altura de la botella <\/td><td> 60-130 mm <\/td><\/tr><tr><td> Velocidad de limitaci\u00f3n <\/td><td> 10-20 botellas\/minuto <\/td><\/tr><tr><td> Tama\u00f1o de la m\u00e1quina <\/td><td> 750*650*1400mm <\/td><\/tr><tr><td> Peso de la m\u00e1quina <\/td><td> 160kg <\/td><\/tr><\/tbody><\/table><\/figure>    <h2 class=\"wp-block-heading\" id=\"h-semi-automatic-vacuum-capping-machine-working-video\">V\u00eddeo de funcionamiento de la m\u00e1quina taponadora al vac\u00edo semiautom\u00e1tica<\/h2>   <figure class=\"wp-block-embed-youtube wp-block-embed is-type-video is-provider-youtube wp-embed-aspect-16-9 wp-has-aspect-ratio\"><div class=\"lyte-wrapper\" title=\"M\u00e1quina taponadora al vac\u00edo | Sellado de latas de mermeladas, miel, mantequilla de man\u00ed, salsa de chocolate, salsa de chile\" style=\"width:853px;max-width:100%;margin:5px auto;\"><div class=\"lyMe\" id=\"WYL_32nMxgQSOaI\" itemprop=\"video\" itemscope itemtype=\"https:\/\/schema.org\/VideoObject\"><div><meta itemprop=\"thumbnailUrl\" content=\"https:\/\/i.ytimg.com\/vi\/32nMxgQSOaI\/hqdefault.jpg\" \/><meta itemprop=\"embedURL\" content=\"https:\/\/www.youtube.com\/embed\/32nMxgQSOaI\" \/><meta itemprop=\"duration\" content=\"PT1M7S\" \/><meta itemprop=\"uploadDate\" content=\"2022-02-14T07:15:13Z\" \/><\/div><meta itemprop=\"accessibilityFeature\" content=\"captions\" \/><div id=\"lyte_32nMxgQSOaI\" data-src=\"https:\/\/i.ytimg.com\/vi\/32nMxgQSOaI\/hqdefault.jpg\" class=\"pL\"><div class=\"tC\"><div class=\"tT\" itemprop=\"name\">M\u00e1quina taponadora al vac\u00edo | Sellado de latas de mermeladas, miel, mantequilla de man\u00ed, salsa de chocolate, salsa de chile<\/div><\/div><div class=\"play\"><\/div><div class=\"ctrl\"><div class=\"Lctrl\"><\/div><div class=\"Rctrl\"><\/div><\/div><\/div><noscript><a href=\"https:\/\/youtu.be\/32nMxgQSOaI\" rel=\"nofollow noopener\" target=\"_blank\"><img loading=\"lazy\" decoding=\"async\" src=\"https:\/\/i.ytimg.com\/vi\/32nMxgQSOaI\/0.jpg\" alt=\"M\u00e1quina taponadora al vac\u00edo | Sellado de latas de mermeladas, miel, mantequilla de man\u00ed, salsa de chocolate, salsa de chile\" width=\"853\" height=\"460\" \/><\/a><\/noscript><meta itemprop=\"description\" content=\"Website: https:\/\/tianhuipackingmachine.com\/vacuum-capping-machines\/ Email: sales@tianhuipackingmachine.com WhatsApp\/Tel: +86 17329326135 Vacuum capping machine has a wide range of applications in various kinds of sauces in jars. They are common in supermarkets and convenience stores, such as strawberry jam, blueberry sauce, marmalade, honey, peanut butter, chocolate sauce, chili sauce, salad dressing, tahini sauce, etc. Vacuum capping equipment is mainly composed of a touch screen, a rotary air cylinder, precision screw cap, screw cap mold, vacuum pump, stainless steel body. On the touch screen, the operator can set up various parameters, such as using language, output counting, capping time, vacuuming time, the delay time of bottle taking, capping, and so on. After setting data, put the glass cans into molds that will spin automatically so that the jars are easy to exhaust air from cans one by one. A vacuum capping machine is equipped with four molds that are the same and apply to the same jars. There are round, square, hexagonal, octagonal, and irregular shapes of cans optional. Furthermore, the mold is customized in accordance with the cans, so it requires different molds if you want to cap different shapes of jars. The vacuuming process is driven by the vacuum pump. Stainless steel material is durable and easy to maintain. Generally, one machine can produce 10-20 cans per minute. The production speed is related to the speed of placing jars manually and the size of the cans. If you are interested in the equipment, welcome to consult us. Email: sales@toppackingmachine.com WhatsApp\/Tel: +86 17329326135\"><\/div><\/div><div class=\"lL\" style=\"max-width:100%;width:853px;margin:5px auto;\"> <a href=\"https:\/\/youtu.be\/32nMxgQSOaI\" target=\"_blank\" rel=\"noopener\">Ver este v\u00eddeo en YouTube<\/a>.<\/div><figcaption><\/figcaption><\/figure>   <h2 class=\"wp-block-heading\" id=\"h-features-benefits-of-vacuum-capping-machine\">Caracter\u00edsticas y beneficios de la m\u00e1quina taponadora al vac\u00edo<\/h2>    <ol class=\"wp-block-list\" type=\"1\"> <li>Estructura simple y dise\u00f1o razonable para instalar, operar y mantener;<\/li>    <li>Funciona de manera estable, con poco ruido y ocupa poco espacio;<\/li>    <li>Cuatro pies fijos o cuatro ruedas opcionales; el pie fijo es m\u00e1s estable;<\/li>    <li>El molde se puede personalizar seg\u00fan el tama\u00f1o y la forma de sus botellas o latas.<\/li>    <li>La botella de vidrio con tapa de hierro es la mejor opci\u00f3n para tapar al vac\u00edo.<\/li>    <li>El servicio de personalizaci\u00f3n est\u00e1 disponible. &nbsp;<\/li> <\/ol>    <h2 class=\"wp-block-heading\" id=\"h-the-structure-and-details-of-the-vacuum-capping-machine\">La estructura y detalles de la m\u00e1quina taponadora al vac\u00edo.<\/h2>    <p>La m\u00e1quina taponadora al vac\u00edo consta de una pantalla t\u00e1ctil PLC, un cilindro giratorio, un molde para tapones de rosca, una bomba de vac\u00edo, etc. La pantalla t\u00e1ctil del PLC puede configurar muchos par\u00e1metros, como el uso del idioma, el tiempo de vac\u00edo, el retraso del taponado de tornillos y el tiempo de elevaci\u00f3n. , etc. Un conjunto de moldes para tapones de rosca son cuatro del mismo tama\u00f1o y forma. La velocidad de taponado es de 10 a 20 botellas o latas por minuto. Cada juego de moldes se personaliza en funci\u00f3n del tama\u00f1o y la forma de la botella o lata. La bomba de vac\u00edo expulsa el aire cuando hay botellas o latas en el molde a trav\u00e9s de una tuber\u00eda.<\/p>    <figure class=\"wp-block-image aligncenter size-full\"><img loading=\"lazy\" decoding=\"async\" width=\"750\" height=\"500\" src=\"https:\/\/tianhuipackingmachine.com\/wp-content\/uploads\/2021\/08\/the-structure-of-vacuum-capping-machine.jpg\" alt=\"La estructura de la m\u00e1quina taponadora al vac\u00edo.\" class=\"wp-image-2017\" srcset=\"https:\/\/tianhuipackingmachine.com\/wp-content\/uploads\/2021\/08\/the-structure-of-vacuum-capping-machine.jpg 750w, https:\/\/tianhuipackingmachine.com\/wp-content\/uploads\/2021\/08\/the-structure-of-vacuum-capping-machine-300x200.jpg 300w\" sizes=\"auto, (max-width: 750px) 100vw, 750px\" \/><figcaption class=\"wp-element-caption\">La estructura de la m\u00e1quina taponadora al vac\u00edo<\/figcaption><\/figure>    <h2 class=\"wp-block-heading\" id=\"h-why-a-glass-bottle-or-can-with-an-iron-cover-is-the-best-choice\">\u00bfPor qu\u00e9 una botella de vidrio o una lata con tapa de hierro es la mejor opci\u00f3n?<\/h2>    <p>La m\u00e1quina taponadora al vac\u00edo expulsar\u00e1 el aire de la botella para crear una situaci\u00f3n de vac\u00edo. Si usa una botella de pl\u00e1stico, es probable que se deforme al taparla al vac\u00edo. Si la tapa no es de hierro, es posible que la tapa y el sellado no est\u00e9n bien ajustados. Mientras que las botellas o latas de vidrio con tapas de hierro se pueden sellar bien y mantener el vac\u00edo durante mucho tiempo seg\u00fan las propiedades de los materiales de vidrio y hierro. Para prolongar el tiempo de almacenamiento, la mejor opci\u00f3n es una botella de vidrio o una lata con tapa de hierro. El sellado al vac\u00edo ralentizar\u00e1 eficazmente el deterioro de los alimentos.<\/p>    <h2 class=\"wp-block-heading\" id=\"h-related-machines\">M\u00e1quinas relacionadas<\/h2>    <p class=\"translation-block\">Como <strong><a href=\"https:\/\/tianhuipackingmachine.com\/es\/\">fabricante y proveedor de m\u00e1quinas de embalaje<\/a><\/strong>, tambi\u00e9n proporcionamos m\u00e1quina de embalaje de bolsas, m\u00e1quina de embalaje de polvo, m\u00e1quina de embalaje de gr\u00e1nulos, m\u00e1quina de embalaje de l\u00edquidos, m\u00e1quina de embalaje al vac\u00edo, m\u00e1quina de embalaje en almohada, m\u00e1quina autom\u00e1tica de llenado y embalaje de botellas, <strong><a href=\"https:\/\/tianhuipackingmachine.com\/es\/automatic-round-bottle-labeling-machine-sale\/\">m\u00e1quina autom\u00e1tica de etiquetado de botellas redondas<\/a><\/strong>, etc. Hay varias m\u00e1quinas de embalaje opcionales. Adem\u00e1s, est\u00e1n disponibles cinta transportadora, impresora de fechas, compresor de aire. Mientras tanto, apoyamos el servicio OEM. Cont\u00e1ctenos para obtener m\u00e1s detalles y le responderemos lo antes posible.<\/p>","protected":false},"excerpt":{"rendered":"<p>Vacuum capping machine is a screw capper that can exhaust the air of bottles or cans through a vacuum pump so that the food in a vacuum circumstance extend storage time. The equipment body adopts durable stainless steel material. This vacuum bottle sealer is equipped with a PLC touch screen, four moulds. The mould is [&hellip;]<\/p>\n","protected":false},"author":1,"featured_media":2014,"parent":0,"template":"","tags":[168],"product-type":[144],"class_list":["post-2012","product","type-product","status-publish","has-post-thumbnail","hentry","tag-capping-machine","product-type-supporting-equipment"],"_links":{"self":[{"href":"https:\/\/tianhuipackingmachine.com\/es\/wp-json\/wp\/v2\/product\/2012","targetHints":{"allow":["GET"]}}],"collection":[{"href":"https:\/\/tianhuipackingmachine.com\/es\/wp-json\/wp\/v2\/product"}],"about":[{"href":"https:\/\/tianhuipackingmachine.com\/es\/wp-json\/wp\/v2\/types\/product"}],"author":[{"embeddable":true,"href":"https:\/\/tianhuipackingmachine.com\/es\/wp-json\/wp\/v2\/users\/1"}],"wp:featuredmedia":[{"embeddable":true,"href":"https:\/\/tianhuipackingmachine.com\/es\/wp-json\/wp\/v2\/media\/2014"}],"wp:attachment":[{"href":"https:\/\/tianhuipackingmachine.com\/es\/wp-json\/wp\/v2\/media?parent=2012"}],"wp:term":[{"taxonomy":"post_tag","embeddable":true,"href":"https:\/\/tianhuipackingmachine.com\/es\/wp-json\/wp\/v2\/tags?post=2012"},{"taxonomy":"product-type","embeddable":true,"href":"https:\/\/tianhuipackingmachine.com\/es\/wp-json\/wp\/v2\/product-type?post=2012"}],"curies":[{"name":"wp","href":"https:\/\/api.w.org\/{rel}","templated":true}]}}