{"id":1984,"date":"2021-07-29T16:56:16","date_gmt":"2021-07-29T08:56:16","guid":{"rendered":"https:\/\/tianhuipackingmachine.com\/?page_id=1984"},"modified":"2022-04-27T11:26:38","modified_gmt":"2022-04-27T03:26:38","slug":"automatic-round-bottle-labeling-machine-sale","status":"publish","type":"product","link":"https:\/\/tianhuipackingmachine.com\/es\/automatic-round-bottle-labeling-machine-sale\/","title":{"rendered":"Etiquetadora autom\u00e1tica de botellas redondas."},"content":{"rendered":"<p class=\"translation-block\"><strong>La m\u00e1quina etiquetadora autom\u00e1tica de botellas redondas<\/strong> es el equipo que puede pegar rollos de papel adhesivo en las botellas redondas. Las etiquetas incluyen una etiqueta completa o etiquetas dobles alrededor de la circunferencia de la botella. Es adecuada para varios tipos de botellas, refiri\u00e9ndose a botellas de pl\u00e1stico, botellas de vidrio, botellas de metal, etc. Est\u00e1 equipada con una pantalla t\u00e1ctil PLC que controla el uso del idioma, la velocidad de etiquetado, el conteo de botellas etiquetadas, la limpieza de producci\u00f3n, la prueba de salida de etiquetas, la configuraci\u00f3n de par\u00e1metros de prueba de bloqueo de botellas, etc. Adem\u00e1s, tambi\u00e9n suministramos desordenadores de botellas, m\u00e1quinas autom\u00e1ticas de llenado y envasado de l\u00edquidos o pastas, cintas transportadoras, m\u00e1quinas de tapado a rosca, impresoras de fechas, etc. Mientras tanto, el servicio OEM est\u00e1 disponible de acuerdo con sus requisitos reales. Cont\u00e1ctenos para obtener m\u00e1s detalles y el mejor precio.<\/p>    <div class=\"wp-block-columns is-layout-flex wp-container-core-columns-is-layout-28f84493 wp-block-columns-is-layout-flex\"> <div class=\"wp-block-column is-layout-flow wp-block-column-is-layout-flow\"> <div class=\"wp-block-image\"><figure class=\"aligncenter size-full\"><img loading=\"lazy\" decoding=\"async\" width=\"750\" height=\"500\" src=\"https:\/\/tianhuipackingmachine.com\/wp-content\/uploads\/2021\/07\/automatic-round-bottle-labeler.jpg\" alt=\"etiquetadora autom\u00e1tica de botellas redondas\" class=\"wp-image-1988\" srcset=\"https:\/\/tianhuipackingmachine.com\/wp-content\/uploads\/2021\/07\/automatic-round-bottle-labeler.jpg 750w, https:\/\/tianhuipackingmachine.com\/wp-content\/uploads\/2021\/07\/automatic-round-bottle-labeler-300x200.jpg 300w\" sizes=\"auto, (max-width: 750px) 100vw, 750px\" \/><figcaption>etiquetadora autom\u00e1tica de botellas redondas<\/figcaption><\/figure><\/div> <\/div> <\/div>    <h2 class=\"wp-block-heading\" id=\"h-structures-of-automatic-round-bottle-labeling-machine\">Estructuras de la m\u00e1quina etiquetadora autom\u00e1tica de botellas redondas.<\/h2>    <p class=\"translation-block\">La m\u00e1quina etiquetadora autom\u00e1tica de botellas redondas consta de pantalla t\u00e1ctil PLC, motor de etiquetado, carretes, dispositivo separador de botellas con rueda de parada, gabinete el\u00e9ctrico, dispositivo de etiqueta enrollada, cinta transportadora de salida, etc. Su cuerpo est\u00e1 hecho de acero inoxidable duradero. Configure el idioma, la velocidad de funcionamiento del dispositivo separador de botellas, el tiempo de etiquetado, etc. en la pantalla t\u00e1ctil PLC, que puede mostrar la producci\u00f3n total y el conteo de etiquetado. Las etiquetas pasan a trav\u00e9s de los carretes impulsados por el motor. Las botellas en la cinta transportadora son separadas por la rueda de parada. Los tama\u00f1os de los componentes de la m\u00e1quina etiquetadora autom\u00e1tica de botellas se personalizan seg\u00fan sus necesidades. \u00bfDesea obtener m\u00e1s informaci\u00f3n? <strong><a href=\"https:\/\/tianhuipackingmachine.com\/es\/contacto\/\">P\u00f3ngase en contacto con nosotros<\/a><\/strong> y le responderemos lo antes posible.<\/p>    <div class=\"wp-block-image\"><figure class=\"aligncenter size-full\"><img loading=\"lazy\" decoding=\"async\" width=\"750\" height=\"500\" src=\"https:\/\/tianhuipackingmachine.com\/wp-content\/uploads\/2021\/07\/structure-of-automatic-round-bottle-labeling-machine.jpg\" alt=\"Estructura de la m\u00e1quina etiquetadora autom\u00e1tica de botellas redondas.\" class=\"wp-image-2001\" srcset=\"https:\/\/tianhuipackingmachine.com\/wp-content\/uploads\/2021\/07\/structure-of-automatic-round-bottle-labeling-machine.jpg 750w, https:\/\/tianhuipackingmachine.com\/wp-content\/uploads\/2021\/07\/structure-of-automatic-round-bottle-labeling-machine-300x200.jpg 300w\" sizes=\"auto, (max-width: 750px) 100vw, 750px\" \/><figcaption>Estructura de la m\u00e1quina etiquetadora autom\u00e1tica de botellas redondas.<\/figcaption><\/figure><\/div>    <h2 class=\"wp-block-heading\" id=\"h-features-benefits\">Caracter\u00edsticas y beneficios<\/h2>    <ol class=\"wp-block-list\" type=\"1\"><li>Estructura simple de instalar, operar y mantener.<\/li><li>Ejecute de manera estable, dise\u00f1o razonable, bajo nivel de ruido, de manera eficiente y precisa.<\/li><li>La pantalla t\u00e1ctil PLC es f\u00e1cil de operar.<\/li><li>El ancho de la cinta transportadora, el ancho de la rueda de etiquetado y la altura son ajustables.<\/li><li>Cuatro ruedas o fondo fijo opcional<\/li><li>Servicio de personalizaci\u00f3n disponible<\/li><\/ol>    <h2 class=\"wp-block-heading\" id=\"h-automatic-round-bottle-labeler-working-video\">V\u00eddeo de funcionamiento de la etiquetadora autom\u00e1tica de botellas redondas. <\/h2>   <figure class=\"wp-block-embed-youtube wp-block-embed is-type-video is-provider-youtube wp-embed-aspect-16-9 wp-has-aspect-ratio\"><div class=\"lyte-wrapper\" title=\"M\u00e1quina etiquetadora autom\u00e1tica de botellas redondas | Aplicador de etiquetas\" style=\"width:853px;max-width:100%;margin:5px auto;\"><div class=\"lyMe\" id=\"WYL_hKvurQpWX5I\" itemprop=\"video\" itemscope itemtype=\"https:\/\/schema.org\/VideoObject\"><div><meta itemprop=\"thumbnailUrl\" content=\"https:\/\/i.ytimg.com\/vi\/hKvurQpWX5I\/hqdefault.jpg\" \/><meta itemprop=\"embedURL\" content=\"https:\/\/www.youtube.com\/embed\/hKvurQpWX5I\" \/><meta itemprop=\"duration\" content=\"PT2M37S\" \/><meta itemprop=\"uploadDate\" content=\"2021-10-14T07:39:26Z\" \/><\/div><div id=\"lyte_hKvurQpWX5I\" data-src=\"https:\/\/i.ytimg.com\/vi\/hKvurQpWX5I\/hqdefault.jpg\" class=\"pL\"><div class=\"tC\"><div class=\"tT\" itemprop=\"name\">M\u00e1quina etiquetadora autom\u00e1tica de botellas redondas | Aplicador de etiquetas<\/div><\/div><div class=\"play\"><\/div><div class=\"ctrl\"><div class=\"Lctrl\"><\/div><div class=\"Rctrl\"><\/div><\/div><\/div><noscript><a href=\"https:\/\/youtu.be\/hKvurQpWX5I\" rel=\"nofollow noopener\" target=\"_blank\"><img loading=\"lazy\" decoding=\"async\" src=\"https:\/\/i.ytimg.com\/vi\/hKvurQpWX5I\/0.jpg\" alt=\"M\u00e1quina etiquetadora autom\u00e1tica de botellas redondas | Aplicador de etiquetas\" width=\"853\" height=\"460\" \/><\/a><\/noscript><meta itemprop=\"description\" content=\"The automatic round bottle labeling machine can paste a whole long label or double short labels on the round bottles. The equipment size can be customized according to the diameter and the height of the round bottle. It can not only be used alone but also match with other machines to compose a production line, such as filling machine, capping machine, heat shrink packing machine, carton sealing machine, and so on. Email: sales@toppackingmachine.com Whatsapp\/Tel: +86 17329326135 More details on the website: https:\/\/tianhuipackingmachine.com\/automatic-round-bottle-labeling-machine-sale\/\"><\/div><\/div><div class=\"lL\" style=\"max-width:100%;width:853px;margin:5px auto;\"> <a href=\"https:\/\/youtu.be\/hKvurQpWX5I\" target=\"_blank\" rel=\"noopener\">Ver este v\u00eddeo en YouTube<\/a>.<\/div><figcaption><\/figcaption><\/figure>   <h2 class=\"wp-block-heading\" id=\"h-various-applications-of-automatic-round-bottle-labeling-equipment\">Diversas aplicaciones del equipo autom\u00e1tico de etiquetado de botellas redondas.<\/h2>    <p class=\"translation-block\">La m\u00e1quina autom\u00e1tica de envasado de botellas redondas es adecuada para botellas de pl\u00e1stico, botellas de vidrio, botellas de metal, etc., ampliamente aplicadas en las industrias de alimentos, bebidas, art\u00edculos de uso diario, medicina, salsas, cosm\u00e9ticos, productos qu\u00edmicos, y as\u00ed sucesivamente. En nuestra vida diaria, es com\u00fan ver botellas de agua, cerveza, vino,<strong><a href=\"https:\/\/tianhuipackingmachine.com\/es\/oil-packaging-machine\/\"> aceite<\/a><\/strong>, especias, salsas, medicina, leche, latas de bocadillos, etc. Un etiquetador autom\u00e1tico de botellas redondas no solo puede pegar una etiqueta completa alrededor de la botella, sino que tambi\u00e9n puede pegar dos etiquetas en la parte delantera y trasera. Adem\u00e1s, puede combinarse con otras m\u00e1quinas, como desordenadores de botellas, llenadoras autom\u00e1ticas de l\u00edquidos, m\u00e1quinas de envasado, cintas transportadoras, m\u00e1quinas de tapado a rosca, impresoras de fechas, etc. Estas m\u00e1quinas trabajando juntas pueden mejorar en gran medida la automatizaci\u00f3n de la producci\u00f3n. Si est\u00e1 buscando estas m\u00e1quinas, cont\u00e1ctenos para obtener m\u00e1s informaci\u00f3n y el mejor precio.<\/p>    <div class=\"wp-block-image\"><figure class=\"aligncenter size-full\"><img loading=\"lazy\" decoding=\"async\" width=\"750\" height=\"500\" src=\"https:\/\/tianhuipackingmachine.com\/wp-content\/uploads\/2021\/07\/labeling-machines-for-all-kinds-of-round-bottles.jpg\" alt=\"Etiquetadoras para todo tipo de botellas redondas.\" class=\"wp-image-2003\" srcset=\"https:\/\/tianhuipackingmachine.com\/wp-content\/uploads\/2021\/07\/labeling-machines-for-all-kinds-of-round-bottles.jpg 750w, https:\/\/tianhuipackingmachine.com\/wp-content\/uploads\/2021\/07\/labeling-machines-for-all-kinds-of-round-bottles-300x200.jpg 300w\" sizes=\"auto, (max-width: 750px) 100vw, 750px\" \/><figcaption>Etiquetadoras para todo tipo de botellas redondas.<\/figcaption><\/figure><\/div>    <h2 class=\"wp-block-heading\" id=\"h-operating-procedures\">Procedimientos de operaci\u00f3n<\/h2>    <ol class=\"wp-block-list\" type=\"1\"><li>Instale las etiquetas seg\u00fan el diagrama y ajuste la altura de cada parte.<\/li><li>Compruebe si la posici\u00f3n de la etiqueta es correcta o no.<\/li><li>Ajuste el ancho del dispositivo de botella separada.<\/li><li>Conecte la fuente de alimentaci\u00f3n, abra el interruptor del detector fotoel\u00e9ctrico. \u00a0<\/li><li>Abrir el interruptor del motor y env\u00edo de etiquetas, probando la m\u00e1quina. Si hay algo mal, corr\u00edjalo.<\/li><li>Despu\u00e9s de asegurarte de que el equipo no tiene fallas, puedes usarlo para comenzar a producir.<\/li><li>Desconecte la fuente de alimentaci\u00f3n cuando no la utilice.<\/li><\/ol>    <h2 class=\"wp-block-heading\" id=\"h-attentions\">Atenciones<\/h2>    <ul class=\"wp-block-list\" type=\"1\"><li>Antes de encender la alimentaci\u00f3n, verifique si todas las piezas de la m\u00e1quina est\u00e1n instaladas en su lugar.<\/li><li>Aseg\u00farese de que el cable de tierra est\u00e9 conectado cuando lo use.<\/li><li>Preste atenci\u00f3n a si la direcci\u00f3n de las etiquetas puede ser adecuada para el equipo.<\/li><li>Aseg\u00farese de aplanar y tensar las etiquetas.<\/li><li>Coloque el detector fotoel\u00e9ctrico en una posici\u00f3n incorrecta; de lo contrario, la etiqueta adhesiva no quedar\u00e1 lisa.<\/li><li>Aseg\u00farese de que el transporte del biber\u00f3n y el recorrido de la etiqueta no est\u00e9n obstruidos.<\/li><\/ul>    <h2 class=\"wp-block-heading\" id=\"h-related-bottle-labeling-machine-for-sale\">M\u00e1quina etiquetadora de botellas relacionada a la venta<\/h2>    <p class=\"translation-block\">Como <strong><a href=\"https:\/\/tianhuipackingmachine.com\/es\/\">fabricante y proveedor de m\u00e1quinas<\/a><\/strong>, adem\u00e1s de la m\u00e1quina etiquetadora autom\u00e1tica de botellas redondas, tambi\u00e9n proporcionamos m\u00e1quina etiquetadora de botellas planas, m\u00e1quina etiquetadora de botellas peque\u00f1as, m\u00e1quina etiquetadora de botellas redondas para etiquetas cortas, m\u00e1quina etiquetadora de cajas planas o bolsas, m\u00e1quina etiquetadora manual de botellas redondas, etc. La etiquetadora de botellas planas puede pegar una cara plana o dos caras planas opcionales. La etiquetadora de botellas peque\u00f1as es adecuada para objetos peque\u00f1os, como l\u00e1pices labiales, chicles s\u00f3lidos, muestras de cosm\u00e9ticos con botellas redondas, y as\u00ed sucesivamente. La m\u00e1quina etiquetadora manual de botellas redondas, tambi\u00e9n llamada m\u00e1quina etiquetadora semiautom\u00e1tica de botellas redondas, necesita que las personas coloquen la botella en la posici\u00f3n de etiquetado a mano. Adem\u00e1s, proporcionamos servicios de personalizaci\u00f3n de acuerdo con sus requisitos espec\u00edficos. Si est\u00e1 interesado en ellas, le damos la bienvenida a contactarnos para obtener m\u00e1s detalles.<\/p>","protected":false},"excerpt":{"rendered":"<p>Automatic round bottle labeling machine is the equipment that can paste rolls of sticker paper label on the round bottles. The labels include a whole label or double labels around the circumference of the bottle. It is suitable for various bottles, referring to plastic bottles, glass bottles, metal bottles, etc.&nbsp;It\u2019s equipped with a PLC touch [&hellip;]<\/p>\n","protected":false},"author":1,"featured_media":1988,"parent":0,"template":"","tags":[173],"product-type":[144],"class_list":["post-1984","product","type-product","status-publish","has-post-thumbnail","hentry","tag-bottle-labeling-machine","product-type-supporting-equipment"],"_links":{"self":[{"href":"https:\/\/tianhuipackingmachine.com\/es\/wp-json\/wp\/v2\/product\/1984","targetHints":{"allow":["GET"]}}],"collection":[{"href":"https:\/\/tianhuipackingmachine.com\/es\/wp-json\/wp\/v2\/product"}],"about":[{"href":"https:\/\/tianhuipackingmachine.com\/es\/wp-json\/wp\/v2\/types\/product"}],"author":[{"embeddable":true,"href":"https:\/\/tianhuipackingmachine.com\/es\/wp-json\/wp\/v2\/users\/1"}],"wp:featuredmedia":[{"embeddable":true,"href":"https:\/\/tianhuipackingmachine.com\/es\/wp-json\/wp\/v2\/media\/1988"}],"wp:attachment":[{"href":"https:\/\/tianhuipackingmachine.com\/es\/wp-json\/wp\/v2\/media?parent=1984"}],"wp:term":[{"taxonomy":"post_tag","embeddable":true,"href":"https:\/\/tianhuipackingmachine.com\/es\/wp-json\/wp\/v2\/tags?post=1984"},{"taxonomy":"product-type","embeddable":true,"href":"https:\/\/tianhuipackingmachine.com\/es\/wp-json\/wp\/v2\/product-type?post=1984"}],"curies":[{"name":"wp","href":"https:\/\/api.w.org\/{rel}","templated":true}]}}