{"id":1721,"date":"2021-07-06T17:53:50","date_gmt":"2021-07-06T09:53:50","guid":{"rendered":"https:\/\/tianhuipackingmachine.com\/?page_id=1721"},"modified":"2024-03-08T09:30:29","modified_gmt":"2024-03-08T01:30:29","slug":"bag-packaging-machine","status":"publish","type":"product","link":"https:\/\/tianhuipackingmachine.com\/es\/bag-packaging-machine\/","title":{"rendered":"M\u00e1quina empacadora de bolsas"},"content":{"rendered":"<p class=\"translation-block\"><strong>M\u00e1quina envasadora de bolsas<\/strong> se aplica al envasado de diversos tipos de polvo, s\u00f3lidos, l\u00edquidos y pastas. Los productos envasados en bolsas est\u00e1n en todas partes en nuestra vida diaria, como supermercados, tiendas de conveniencia, tiendas de cosm\u00e9ticos, farmacias, ferreter\u00edas, etc. Seg\u00fan el grado de automatizaci\u00f3n, la m\u00e1quina envasadora de bolsas incluye una m\u00e1quina envasadora totalmente autom\u00e1tica y una m\u00e1quina envasadora semiautom\u00e1tica. La m\u00e1quina envasadora de bolsas totalmente autom\u00e1tica puede completar autom\u00e1ticamente todo el proceso de pesaje, formado de bolsa, llenado, sellado, corte y conteo. Mientras que la m\u00e1quina envasadora de bolsas semiautom\u00e1tica necesita colocar la bolsa en la m\u00e1quina a mano. Es mejor que nos diga los productos que necesita envasar y los tama\u00f1os de las bolsas de envasado que desea antes de comprar una m\u00e1quina envasadora de bolsas para que podamos brindarle sugerencias m\u00e1s \u00fatiles. Adem\u00e1s, ofrecemos servicio personalizado. P\u00f3ngase en contacto con nosotros ahora para obtener m\u00e1s detalles.<\/p>    <h2 class=\"wp-block-heading\" id=\"h-various-excellent-bag-packaging-machine-for-sale\">Se venden varias m\u00e1quinas envasadoras de bolsas excelentes<\/h2>    <p>La m\u00e1quina empacadora de bolsas a la venta en Top Packing Machinery est\u00e1 relacionada con la m\u00e1quina empacadora de polvo, la m\u00e1quina empacadora de gr\u00e1nulos, la m\u00e1quina empacadora de l\u00edquidos, la m\u00e1quina empacadora de solapa, la m\u00e1quina empacadora de cubo basculante, la m\u00e1quina empacadora al vac\u00edo, etc. La m\u00e1quina empacadora de bolsas de polvo puede empacar los materiales dentro de 50 kg . Hay una m\u00e1quina empacadora autom\u00e1tica de polvo en bolsa de 0-80 g, una m\u00e1quina empacadora autom\u00e1tica de polvo de 0-1 kg, un equipo semiautom\u00e1tico de empaque de polvo de 1-5 kg \u200b\u200by un equipo empacador semiautom\u00e1tico de 5-50 kg. Para los gr\u00e1nulos, tambi\u00e9n puede elegir una m\u00e1quina empacadora de gr\u00e1nulos peque\u00f1a o una m\u00e1quina empacadora de gr\u00e1nulos grande. La m\u00e1quina empacadora al vac\u00edo incluye la m\u00e1quina empacadora de una sola c\u00e1mara, la m\u00e1quina empacadora de doble c\u00e1mara y la m\u00e1quina empacadora de pel\u00edcula estirable. Adem\u00e1s, los estilos de bolsas de embalaje son con sello posterior, sello de 3 lados, sello de 4 lados y bolsa piramidal opcional. Adem\u00e1s, apoyamos un servicio de personalizaci\u00f3n de acuerdo con sus requisitos reales. \u00bfEst\u00e1 interesado en nuestro equipo de envasado de bolsas? Cont\u00e1ctenos para m\u00e1s informaci\u00f3n.<\/p>    <div class=\"wp-block-columns is-layout-flex wp-container-core-columns-is-layout-28f84493 wp-block-columns-is-layout-flex\"> <div class=\"wp-block-column is-layout-flow wp-block-column-is-layout-flow\"> <figure class=\"wp-block-image size-large\"><img loading=\"lazy\" decoding=\"async\" width=\"600\" height=\"450\" src=\"https:\/\/tianhuipackingmachine.com\/wp-content\/uploads\/2021\/06\/powder-pouch-packing-machine-2.jpg\" alt=\"proveedor de m\u00e1quinas empacadoras de bolsas de polvo\" class=\"wp-image-1351\" srcset=\"https:\/\/tianhuipackingmachine.com\/wp-content\/uploads\/2021\/06\/powder-pouch-packing-machine-2.jpg 600w, https:\/\/tianhuipackingmachine.com\/wp-content\/uploads\/2021\/06\/powder-pouch-packing-machine-2-300x225.jpg 300w\" sizes=\"auto, (max-width: 600px) 100vw, 600px\" \/><figcaption>M\u00e1quina empacadora de bolsas de polvo<\/figcaption><\/figure> <\/div>    <div class=\"wp-block-column is-layout-flow wp-block-column-is-layout-flow\"> <h3 class=\"has-text-color wp-block-heading\" id=\"h-0-80g-pouch-powder-packing-equipment-parameters\" style=\"color:#ff5200\">Par\u00e1metros del equipo de envasado de polvo en bolsa de 0-80 g<\/h3>    <ul class=\"wp-block-list\"><li>Estilo de embalaje (estilo bolsa): sello de 3 lados\/sello trasero\/sello de 4 lados<\/li><li>Velocidad de embalaje: 20-80 bolsas\/min<\/li><li>Consumo de energ\u00eda: 1,8 kw<\/li><li>Peso: 250 kg<\/li><li>Dimensiones: 650*1050*1950mm<\/li><li>Peso del embalaje: 0-80g<\/li><li>Ancho de la bolsa: 20-150 mm (reemplace la bolsa anterior)<\/li><li>Longitud de la bolsa: ajuste de 30-180 mm<\/li><li>Nota: servicio personalizado disponible<\/li><\/ul> <\/div> <\/div>    <div class=\"wp-block-columns is-layout-flex wp-container-core-columns-is-layout-28f84493 wp-block-columns-is-layout-flex\"> <div class=\"wp-block-column is-layout-flow wp-block-column-is-layout-flow\"> <figure class=\"wp-block-image size-large\"><img loading=\"lazy\" decoding=\"async\" width=\"600\" height=\"450\" src=\"https:\/\/tianhuipackingmachine.com\/wp-content\/uploads\/2021\/06\/snacks-granule-packing-machine.jpg\" alt=\"M\u00e1quina empacadora de gr\u00e1nulos de snacks a la venta\" class=\"wp-image-1060\" srcset=\"https:\/\/tianhuipackingmachine.com\/wp-content\/uploads\/2021\/06\/snacks-granule-packing-machine.jpg 600w, https:\/\/tianhuipackingmachine.com\/wp-content\/uploads\/2021\/06\/snacks-granule-packing-machine-300x225.jpg 300w\" sizes=\"auto, (max-width: 600px) 100vw, 600px\" \/><figcaption>M\u00e1quina empacadora de gr\u00e1nulos para refrigerios<\/figcaption><\/figure> <\/div>    <div class=\"wp-block-column is-layout-flow wp-block-column-is-layout-flow\"> <h3 class=\"has-text-color wp-block-heading\" id=\"h-th-450-granule-packing-machine-parameters\" style=\"color:#ff5200\">Par\u00e1metros de la m\u00e1quina empacadora de gr\u00e1nulos TH-450<\/h3>    <ul class=\"wp-block-list\"><li>Estilo de bolsa de embalaje (elija la opci\u00f3n): Sello posterior\/sello de 3 lados<\/li><li>Velocidad de embalaje: 20-80 bolsas\/min<\/li><li>Consumo de energ\u00eda: 2,2 kw<\/li><li>Peso: 420 kg<\/li><li>Dimensiones: 750*750*21000mm<\/li><li>Peso del embalaje: 100-1000 gramos<\/li><li>Ancho de la bolsa: 20-200 mm<\/li><li>Longitud de la bolsa: ajuste de 30-180 mm<\/li><li>Nota: personalizado disponible<\/li><\/ul> <\/div> <\/div>    <div class=\"wp-block-columns is-layout-flex wp-container-core-columns-is-layout-28f84493 wp-block-columns-is-layout-flex\"> <div class=\"wp-block-column is-layout-flow wp-block-column-is-layout-flow\"> <figure class=\"wp-block-image size-large\"><img loading=\"lazy\" decoding=\"async\" width=\"600\" height=\"450\" src=\"https:\/\/tianhuipackingmachine.com\/wp-content\/uploads\/2021\/07\/multi-head-weigher-bag-lapel-packaging-machine-1.jpg\" alt=\"M\u00e1quina envasadora de solapas de bolsas con pesadora de cabezales m\u00faltiples\" class=\"wp-image-1734\" srcset=\"https:\/\/tianhuipackingmachine.com\/wp-content\/uploads\/2021\/07\/multi-head-weigher-bag-lapel-packaging-machine-1.jpg 600w, https:\/\/tianhuipackingmachine.com\/wp-content\/uploads\/2021\/07\/multi-head-weigher-bag-lapel-packaging-machine-1-300x225.jpg 300w\" sizes=\"auto, (max-width: 600px) 100vw, 600px\" \/><figcaption>M\u00e1quina envasadora de solapas de bolsas con pesador de cabezales m\u00faltiples<\/figcaption><\/figure> <\/div>    <div class=\"wp-block-column is-layout-flow wp-block-column-is-layout-flow\"> <h3 class=\"has-text-color wp-block-heading\" id=\"h-tz-520-multi-head-weigher-packaging-machine-parameters\" style=\"color:#ff5200\">Par\u00e1metros de la m\u00e1quina envasadora pesadora multicabezal TZ-520<\/h3>    <ul class=\"wp-block-list\"><li>Ancho de la pel\u00edcula: m\u00e1x. 520<\/li><li>Longitud de la bolsa (mm): 80-350<\/li><li>Ancho de la bolsa (mm): 100-250<\/li><li>Di\u00e1metro de la pel\u00edcula (mm): m\u00e1x. 320<\/li><li>Velocidad de embalaje (P\/min): 5-60<\/li><li>Rango de medici\u00f3n: 2000<\/li><li>Potencia (220v 50\/60HZ): 3KW<\/li><li>Dimensi\u00f3n (mm): 1488*1080*1490<\/li><li>Nota: Servicio OEM disponible<\/li><\/ul> <\/div> <\/div>    <div class=\"wp-block-columns is-layout-flex wp-container-core-columns-is-layout-28f84493 wp-block-columns-is-layout-flex\"> <div class=\"wp-block-column is-layout-flow wp-block-column-is-layout-flow\"> <figure class=\"wp-block-image size-full\"><img loading=\"lazy\" decoding=\"async\" width=\"600\" height=\"450\" src=\"https:\/\/tianhuipackingmachine.com\/wp-content\/uploads\/2021\/12\/automatic-pillow-packing-machine.jpg\" alt=\"empaquetadora autom\u00e1tica de almohadas\" class=\"wp-image-3611\" srcset=\"https:\/\/tianhuipackingmachine.com\/wp-content\/uploads\/2021\/12\/automatic-pillow-packing-machine.jpg 600w, https:\/\/tianhuipackingmachine.com\/wp-content\/uploads\/2021\/12\/automatic-pillow-packing-machine-480x360.jpg 480w\" sizes=\"auto, (max-width: 600px) 100vw, 600px\" \/><figcaption>Empaquetadora autom\u00e1tica de almohadas<\/figcaption><\/figure> <\/div>    <div class=\"wp-block-column is-layout-flow wp-block-column-is-layout-flow\"> <h3 class=\"has-text-color wp-block-heading\" id=\"h-th-450-pillow-packing-equipment-parameters\" style=\"color:#ff5200\">Par\u00e1metros del equipo de embalaje tipo almohada TH-450<\/h3>    <ul class=\"wp-block-list\" id=\"block-2b2732e3-9ecb-491e-b7cd-ef8fd6cac921\"><li>Ancho de la pel\u00edcula: M\u00e1ximo 450 mm<\/li><li>Longitud de la bolsa: 130-450 mm<\/li><li>Ancho de la bolsa: 50-80 mm<\/li><li>Altura del producto: m\u00e1x. 70 mm<\/li><li>Velocidad de embalaje: 30-180 bolsas\/min<\/li><li>Potencia: 220 V, 50\/60 HZ, 2,6 KVA.<\/li><li>Peso: 900 kilogramos<\/li><li>Dimensi\u00f3n: 4020*745*1450 mil\u00edmetro<\/li><li>Nota: se puede personalizar<\/li><\/ul> <\/div> <\/div>    <h2 class=\"wp-block-heading\" id=\"h-characteristics-of-automatic-bag-pouch-packing-machine\">Caracter\u00edsticas de la m\u00e1quina empacadora autom\u00e1tica de bolsas<\/h2>    <ol class=\"wp-block-list\" type=\"1\"><li>Estructura simple de instalar, operar y mantener;<\/li><li>Casi los materiales del cuerpo adoptan acero inoxidable, duradero y f\u00e1cil de limpiar;<\/li><li>Configuraci\u00f3n mediante idioma, temperatura de sellado, velocidad de envasado, etc. en el panel de control.<\/li><li>Adecuado para diversos tipos de embalaje en bolsas; peque\u00f1o, mediano o grande; sello posterior, sello de 3 lados, sello de 4 lados o bolsa piramidal;<\/li><li>Completamente <strong><a href=\"https:\/\/tianhuipackingmachine.com\/es\/automatic-packing-machine\/\">empaquetadora autom\u00e1tica de bolsas<\/a><\/strong> Puede completar todo el proceso de pesaje, formaci\u00f3n de bolsas, llenado, sellado, corte y conteo.<\/li><li>La m\u00e1quina empacadora de bolsas vertical peque\u00f1a est\u00e1 equipada con cuatro ruedas, f\u00e1ciles de mover.<\/li><li>El bot\u00f3n de emergencia est\u00e1 dise\u00f1ado como medida de seguridad.<\/li><li>El servicio OEM est\u00e1 disponible.<\/li><\/ol>    <h2 class=\"wp-block-heading\" id=\"h-wide-applications-of-automatic-bag-packing-equipment\"><strong>Amplias aplicaciones de equipos autom\u00e1ticos de embalaje de bolsas.<\/strong><\/h2>    <p class=\"translation-block\">La m\u00e1quina envasadora de bolsas est\u00e1 asociada con la <strong><a href=\"https:\/\/tianhuipackingmachine.com\/es\/powder-packing-machine\/\">m\u00e1quina envasadora de polvo<\/a><\/strong>, m\u00e1quina envasadora de gr\u00e1nulos, m\u00e1quina envasadora de l\u00edquidos, m\u00e1quina envasadora de almohada, m\u00e1quina envasadora al vac\u00edo, etc.<\/p>    <ol class=\"wp-block-list\" type=\"1\"><li>M\u00e1quina envasadora de bolsas de polvo: caf\u00e9 en polvo, especias en polvo, leche en polvo, harina, harina de ma\u00edz, amylum, cacao en polvo, condimentos, productos qu\u00edmicos en polvo, etc.<\/li><li><strong><a href=\"https:\/\/tianhuipackingmachine.com\/es\/empaquetadora-de-granulos\/\">M\u00e1quina envasadora de bolsas de granulado<\/a><\/strong>: grano de caf\u00e9, haba, soja verde, snacks, az\u00facar, man\u00ed, galleta, avena, dulces, palomitas de ma\u00edz, arroz, t\u00e9, semillas, etc.<\/li><li>M\u00e1quina envasadora de bolsas de l\u00edquidos: leche, jugo, vinagre, leche de soja, agua con gas, etc.<\/li><li><strong><a href=\"https:\/\/tianhuipackingmachine.com\/es\/pillow-packing-machine\/\">M\u00e1quina envasadora de bolsas tipo almohada<\/a><\/strong>: pan, galleta, pastel de luna, panecillo suizo, verduras, fruta, mascarilla, toalla, ropa, carpinter\u00eda, jab\u00f3n, etc.<\/li><li><strong><a href=\"https:\/\/tianhuipackingmachine.com\/es\/vacuum-packaging-machine\/\">M\u00e1quina envasadora de bolsas al vac\u00edo<\/a><\/strong>: salchichas, tocino, pato asado, mantequilla, arroz, man\u00ed, ma\u00edz, frutos secos, galletas, harina, ternera, cerdo, pollo, tofu seco, verduras, frutas, etc.<\/li><\/ol>    <div class=\"wp-block-columns is-layout-flex wp-container-core-columns-is-layout-28f84493 wp-block-columns-is-layout-flex\"> <div class=\"wp-block-column is-layout-flow wp-block-column-is-layout-flow\"> <figure class=\"wp-block-image size-large\"><img loading=\"lazy\" decoding=\"async\" width=\"600\" height=\"450\" src=\"https:\/\/tianhuipackingmachine.com\/wp-content\/uploads\/2021\/05\/powder-packing-equipment-applications.jpg\" alt=\"aplicaciones de equipos de embalaje de polvo\" class=\"wp-image-700\" srcset=\"https:\/\/tianhuipackingmachine.com\/wp-content\/uploads\/2021\/05\/powder-packing-equipment-applications.jpg 600w, https:\/\/tianhuipackingmachine.com\/wp-content\/uploads\/2021\/05\/powder-packing-equipment-applications-300x225.jpg 300w\" sizes=\"auto, (max-width: 600px) 100vw, 600px\" \/><figcaption>Aplicaciones de equipos de embalaje de polvo<\/figcaption><\/figure> <\/div>    <div class=\"wp-block-column is-layout-flow wp-block-column-is-layout-flow\"> <figure class=\"wp-block-image size-large\"><img loading=\"lazy\" decoding=\"async\" width=\"720\" height=\"484\" src=\"https:\/\/tianhuipackingmachine.com\/wp-content\/uploads\/2021\/05\/liquid-packing-products-display.jpg\" alt=\"exhibici\u00f3n de productos de embalaje de l\u00edquidos\" class=\"wp-image-720\" srcset=\"https:\/\/tianhuipackingmachine.com\/wp-content\/uploads\/2021\/05\/liquid-packing-products-display.jpg 720w, https:\/\/tianhuipackingmachine.com\/wp-content\/uploads\/2021\/05\/liquid-packing-products-display-300x202.jpg 300w, https:\/\/tianhuipackingmachine.com\/wp-content\/uploads\/2021\/05\/liquid-packing-products-display-272x182.jpg 272w\" sizes=\"auto, (max-width: 720px) 100vw, 720px\" \/><figcaption>Exhibici\u00f3n de productos de embalaje de l\u00edquidos<\/figcaption><\/figure> <\/div> <\/div>    <h2 class=\"wp-block-heading\" id=\"h-do-you-know-about-price\"><strong>\u00bfSabes sobre el precio? <\/strong><\/h2>    <p>El precio de la m\u00e1quina empacadora de bolsas est\u00e1 muy relacionado con el estado y las formas del material de relleno, el tama\u00f1o de la bolsa de empaque y los dispositivos a combinar. En primer lugar, la m\u00e1quina empacadora de bolsas est\u00e1 relacionada con el equipo de empaque para polvo, gr\u00e1nulos, piezas, l\u00edquidos, pastas, etc. Los precios de las m\u00e1quinas empacadoras para diferentes estados y formas de materiales necesitan diferentes estructuras y funciones, por lo que sus precios son diferentes. En segundo lugar, \u00bftiene requisitos espec\u00edficos sobre el ancho y largo de la bolsa? Algunas m\u00e1quinas pueden envasar bolsas peque\u00f1as, mientras que otras pueden envasar bolsas grandes. Sus precios difieren en el tama\u00f1o de las bolsas de embalaje. Por \u00faltimo, pero no menos importante, ofrecemos algunos dispositivos opcionales, como impresoras de fecha, dispositivos de llenado de nitr\u00f3geno, cintas transportadoras, dispositivos de carga, etc. El precio cambiar\u00e1 seg\u00fan los dispositivos agregados. Adem\u00e1s, apoyamos un servicio personalizado de acuerdo a sus necesidades reales. Cont\u00e1ctenos hoy por el mejor precio.<\/p>    <h2 class=\"wp-block-heading\" id=\"h-similarity-differences\"><strong>Similitudes y diferencias<\/strong><strong><\/strong><\/h2>    <ol class=\"wp-block-list\" type=\"1\"><li>La m\u00e1quina empacadora de bolsas para polvo, gr\u00e1nulos y l\u00edquidos es una m\u00e1quina vertical. El equipo empacador de solapa, la m\u00e1quina empacadora de cubeta basculante y la m\u00e1quina empacadora al vac\u00edo de c\u00e1mara \u00fanica tambi\u00e9n son m\u00e1quinas verticales.<\/li><li>Para los materiales de llenado, la m\u00e1quina empacadora de polvo generalmente est\u00e1 equipada con un tornillo que es horizontal, vertical o inclinado. La m\u00e1quina empacadora de gr\u00e1nulos utiliza una plataforma giratoria con tazas medidoras para medir el volumen de llenado. La m\u00e1quina envasadora de l\u00edquidos adopta tuber\u00edas. La m\u00e1quina empacadora de solapa combina con la pesadora de cabezales m\u00faltiples. La m\u00e1quina empacadora de cangilones basculantes tiene muchos cangilones.<\/li><li>Para sellar, la m\u00e1quina empacadora al vac\u00edo de c\u00e1mara utiliza una tira de sellado, mientras que la m\u00e1quina empacadora de bolsas que necesita hacer bolsas a trav\u00e9s del formador de bolsas adopta un dispositivo de corte y sellado t\u00e9rmico.<\/li><\/ol>    <div class=\"wp-block-columns is-layout-flex wp-container-core-columns-is-layout-28f84493 wp-block-columns-is-layout-flex\"> <div class=\"wp-block-column is-layout-flow wp-block-column-is-layout-flow\"> <figure class=\"wp-block-image size-large\"><img loading=\"lazy\" decoding=\"async\" width=\"600\" height=\"450\" src=\"https:\/\/tianhuipackingmachine.com\/wp-content\/uploads\/2021\/07\/the-screw-used-in-powder-packer.jpg\" alt=\"El tornillo utilizado en el envasador de polvo.\" class=\"wp-image-1758\" srcset=\"https:\/\/tianhuipackingmachine.com\/wp-content\/uploads\/2021\/07\/the-screw-used-in-powder-packer.jpg 600w, https:\/\/tianhuipackingmachine.com\/wp-content\/uploads\/2021\/07\/the-screw-used-in-powder-packer-300x225.jpg 300w\" sizes=\"auto, (max-width: 600px) 100vw, 600px\" \/><figcaption>El tornillo utilizado en el empaquetador de polvo<\/figcaption><\/figure> <\/div>    <div class=\"wp-block-column is-layout-flow wp-block-column-is-layout-flow\"> <figure class=\"wp-block-image size-large\"><img loading=\"lazy\" decoding=\"async\" width=\"600\" height=\"450\" src=\"https:\/\/tianhuipackingmachine.com\/wp-content\/uploads\/2021\/06\/rotary-table-and-measuring-cup.jpg\" alt=\"taza medidora de la m\u00e1quina empacadora\" class=\"wp-image-1053\" srcset=\"https:\/\/tianhuipackingmachine.com\/wp-content\/uploads\/2021\/06\/rotary-table-and-measuring-cup.jpg 600w, https:\/\/tianhuipackingmachine.com\/wp-content\/uploads\/2021\/06\/rotary-table-and-measuring-cup-300x225.jpg 300w\" sizes=\"auto, (max-width: 600px) 100vw, 600px\" \/><figcaption>Mesa giratoria y taza medidora<\/figcaption><\/figure> <\/div> <\/div>    <h2 class=\"wp-block-heading\" id=\"h-why-choosing-us-is-a-good-idea-for-you\"><strong>\u00bfPor qu\u00e9 elegirnos es una buena idea para ti?<\/strong><strong><\/strong><\/h2>    <ol class=\"wp-block-list\" type=\"1\"><li>Tenemos una amplia experiencia en m\u00e1quinas empacadoras de bolsas. Nuestra empresa, Henan Top Packing Machinery Co., Ltd, fundada en 1992, se dedica a la m\u00e1quina envasadora de bolsas durante casi 30 a\u00f1os.<\/li><li>Confiando en la buena calidad y el precio competitivo, tenemos pedidos completos de m\u00e1s de 100 pa\u00edses, como EE. UU., Canad\u00e1, Australia, Inglaterra, India, Pakist\u00e1n, Malasia, Filipinas, Indonesia, Bangladesh, Nigeria, etc.<\/li><li>Contamos con un sistema de inspecci\u00f3n extremadamente estricto para nuestros productos. Antes del env\u00edo, le tomaremos fotos y v\u00eddeos. Si tienes alguna duda sobre nuestras m\u00e1quinas, puedes contactar con nosotros y te responderemos lo antes posible. El servicio en l\u00ednea las 24 horas est\u00e1 disponible para usted.<\/li><li>Como fabricante y proveedor, respaldamos el servicio OEM seg\u00fan sus requisitos espec\u00edficos. Haremos todo lo posible para brindarle un mejor servicio.<\/li><\/ol>    <h2 class=\"wp-block-heading\" id=\"h-contact-us-for-useful-details-and-the-best-price\"><strong>Cont\u00e1ctenos para detalles \u00fatiles y el mejor precio.<\/strong><strong><\/strong><\/h2>    <p class=\"translation-block\">La m\u00e1quina envasadora de bolsas en <strong><a href=\"https:\/\/tianhuipackingmachine.com\/es\/\">Henan Top Packing Machinery<\/a><\/strong> se refiere al envasado de polvo, envasado de gr\u00e1nulos, envasado de l\u00edquidos, envasado al vac\u00edo, etc. La m\u00e1quina envasadora de bolsas tiene una amplia aplicaci\u00f3n en <strong><a href=\"https:\/\/tianhuipackingmachine.com\/es\/coffee-packaging-machine\/\">caf\u00e9<\/a><\/strong>, leche, harina, condimentos, <strong><a href=\"https:\/\/tianhuipackingmachine.com\/es\/spice-packaging-machine\/\">especias<\/a><\/strong>, habas, soja verde, <strong><a href=\"https:\/\/tianhuipackingmachine.com\/es\/snacks-packing-machine\/\">snacks<\/a><\/strong>, az\u00facar, cacahuetes, galletas, avena, caramelos, palomitas de ma\u00edz, t\u00e9, <strong><a href=\"https:\/\/tianhuipackingmachine.com\/es\/rice-packaging-machine\/\">arroz<\/a><\/strong>, zumo, vinagre, refrescos, pan, pastel de luna, carne, <strong><a href=\"https:\/\/tianhuipackingmachine.com\/es\/vegetable-packaging-machine\/\">verduras,<\/a><\/strong> frutas, mascarillas, toallas, ropa, <strong><a href=\"https:\/\/tianhuipackingmachine.com\/es\/soap-packaging-machines\/\">jab\u00f3n<\/a><\/strong>, detergentes, productos qu\u00edmicos, etc. Adem\u00e1s, ofrecemos dispositivos de carga, cintas transportadoras, impresoras de fechas, dispositivos de llenado de nitr\u00f3geno, etc. Puede elegir y comprar seg\u00fan sus necesidades. Adem\u00e1s, ofrecemos servicio personalizado para usted. \u00bfEst\u00e1 interesado en nuestras m\u00e1quinas? P\u00f3ngase en contacto con nosotros pronto para obtener m\u00e1s sugerencias \u00fatiles y el mejor precio.<\/p>","protected":false},"excerpt":{"rendered":"<p>Bag packing machine applies for packaging various kinds of powder, solid, liquid, and paste. Bag packing products are everywhere in our daily life, such as supermarkets, convenience stores, cosmetic shops, drug stores, hardware stores, etc. Based on the degree of automation, the bag packaging machine includes a fully automatic packaging machine and a semi-automatic packaging [&hellip;]<\/p>\n","protected":false},"author":1,"featured_media":1734,"parent":0,"template":"","tags":[175],"product-type":[145],"class_list":["post-1721","product","type-product","status-publish","has-post-thumbnail","hentry","tag-bag-packing-machine","product-type-other-products"],"_links":{"self":[{"href":"https:\/\/tianhuipackingmachine.com\/es\/wp-json\/wp\/v2\/product\/1721","targetHints":{"allow":["GET"]}}],"collection":[{"href":"https:\/\/tianhuipackingmachine.com\/es\/wp-json\/wp\/v2\/product"}],"about":[{"href":"https:\/\/tianhuipackingmachine.com\/es\/wp-json\/wp\/v2\/types\/product"}],"author":[{"embeddable":true,"href":"https:\/\/tianhuipackingmachine.com\/es\/wp-json\/wp\/v2\/users\/1"}],"wp:featuredmedia":[{"embeddable":true,"href":"https:\/\/tianhuipackingmachine.com\/es\/wp-json\/wp\/v2\/media\/1734"}],"wp:attachment":[{"href":"https:\/\/tianhuipackingmachine.com\/es\/wp-json\/wp\/v2\/media?parent=1721"}],"wp:term":[{"taxonomy":"post_tag","embeddable":true,"href":"https:\/\/tianhuipackingmachine.com\/es\/wp-json\/wp\/v2\/tags?post=1721"},{"taxonomy":"product-type","embeddable":true,"href":"https:\/\/tianhuipackingmachine.com\/es\/wp-json\/wp\/v2\/product-type?post=1721"}],"curies":[{"name":"wp","href":"https:\/\/api.w.org\/{rel}","templated":true}]}}