{"id":1704,"date":"2021-07-02T18:39:31","date_gmt":"2021-07-02T10:39:31","guid":{"rendered":"https:\/\/tianhuipackingmachine.com\/?page_id=1704"},"modified":"2024-12-03T16:23:14","modified_gmt":"2024-12-03T08:23:14","slug":"soap-packaging-machines","status":"publish","type":"product","link":"https:\/\/tianhuipackingmachine.com\/es\/soap-packaging-machines\/","title":{"rendered":"M\u00e1quina envasadora de jab\u00f3n"},"content":{"rendered":"<p class=\"translation-block\">La <strong>m\u00e1quina de envasado de jab\u00f3n<\/strong> Shuliy es una m\u00e1quina de envasado tipo almohada, que envasa completamente de forma autom\u00e1tica diversas formas de jab\u00f3n, como cubos de jab\u00f3n, jab\u00f3n de tocador, jab\u00f3n redondo, etc., en bolsas. Se utiliza ampliamente en las industrias de productos qu\u00edmicos diarios y detergentes.<\/p>    <p>La velocidad de embalaje es de 5 a 200 bolsas por minuto, ajustable seg\u00fan las demandas de su negocio. Con su alta eficiencia, buen precio y personalizaci\u00f3n, esta m\u00e1quina empacadora de jab\u00f3n en barra se ha exportado a los Emiratos \u00c1rabes Unidos, Georgia, Uganda, etc.<\/p>    <p>\u00bfEst\u00e1s buscando una envasadora sabun? Bienvenido a ponerse en contacto con nosotros para obtener m\u00e1s detalles.<\/p>   <figure class=\"wp-block-embed-youtube wp-block-embed is-type-video is-provider-youtube wp-embed-aspect-16-9 wp-has-aspect-ratio\"><div class=\"lyte-wrapper\" title=\"M\u00e1quina autom\u00e1tica de envasado de jab\u00f3n | Envolvedora de jab\u00f3n de alta velocidad #soappacking\" style=\"width:853px;max-width:100%;margin:5px auto;\"><div class=\"lyMe\" id=\"WYL_tHWV9_ADpxs\" itemprop=\"video\" itemscope itemtype=\"https:\/\/schema.org\/VideoObject\"><div><meta itemprop=\"thumbnailUrl\" content=\"https:\/\/i.ytimg.com\/vi\/tHWV9_ADpxs\/hqdefault.jpg\" \/><meta itemprop=\"embedURL\" content=\"https:\/\/www.youtube.com\/embed\/tHWV9_ADpxs\" \/><meta itemprop=\"duration\" content=\"PT2M32S\" \/><meta itemprop=\"uploadDate\" content=\"2024-12-03T03:46:36Z\" \/><\/div><div id=\"lyte_tHWV9_ADpxs\" data-src=\"https:\/\/i.ytimg.com\/vi\/tHWV9_ADpxs\/hqdefault.jpg\" class=\"pL\"><div class=\"tC\"><div class=\"tT\" itemprop=\"name\">M\u00e1quina autom\u00e1tica de envasado de jab\u00f3n | Envolvedora de jab\u00f3n de alta velocidad #soappacking<\/div><\/div><div class=\"play\"><\/div><div class=\"ctrl\"><div class=\"Lctrl\"><\/div><div class=\"Rctrl\"><\/div><\/div><\/div><noscript><a href=\"https:\/\/youtu.be\/tHWV9_ADpxs\" rel=\"nofollow noopener\" target=\"_blank\"><img loading=\"lazy\" decoding=\"async\" src=\"https:\/\/i.ytimg.com\/vi\/tHWV9_ADpxs\/0.jpg\" alt=\"M\u00e1quina autom\u00e1tica de envasado de jab\u00f3n | Envolvedora de jab\u00f3n de alta velocidad #soappacking\" width=\"853\" height=\"460\" \/><\/a><\/noscript><meta itemprop=\"description\" content=\"#soapwrapper #soappacking #packagingmachine #horizontalpackingmachine WhatsApp No.: https:\/\/wa.me\/+8613673689272 WeChat\/Tel No.:+8613673689272 Email: info@tianhuipackingmachine.com Website: https:\/\/tianhuipackingmachine.com\/soap-packaging-machines\/ Discover the efficiency of our automatic soap packaging machine in this high-speed demonstration. Perfect for packing bar soap, round soap, or custom-shaped soap, this machine ensures precise wrapping, durability, and attractive presentation. Designed for optimal performance, it supports a variety of packaging materials and styles, including transparent and printed film. Whether you&#039;re in cosmetics or cleaning product manufacturing, this machine adapts to your production needs. Contact us today for more details or a personalized solution for your packaging requirements! WhatsApp No.: https:\/\/wa.me\/+8613673689272 WeChat\/Tel No.:+8613673689272 Email: info@tianhuipackingmachine.com Website: https:\/\/tianhuipackingmachine.com\/soap-packaging-machines\/\"><\/div><\/div><div class=\"lL\" style=\"max-width:100%;width:853px;margin:5px auto;\"> <a href=\"https:\/\/youtu.be\/tHWV9_ADpxs\" target=\"_blank\" rel=\"noopener\">Ver este v\u00eddeo en YouTube<\/a>.<\/div><figcaption>v\u00eddeo de la m\u00e1quina envolvedora de jab\u00f3n en barra<\/figcaption><\/figure>   <h2 class=\"wp-block-heading\" id=\"h-soap-packaging-machine-for-sale\"><strong>M\u00e1quina empacadora de cubitos de jab\u00f3n de alta calidad a la venta<\/strong><\/h2>    <p>Como fabricante y proveedor profesional de m\u00e1quinas empacadoras, tenemos a la venta varias m\u00e1quinas empacadoras de jab\u00f3n. Los modelos principales incluyen SL-250, SL-350, SL-450 y SL-600. La siguiente es la informaci\u00f3n de par\u00e1metros de la m\u00e1quina envolvedora de jab\u00f3n SL-350 para su referencia.<\/p>    <p>Si desea saber m\u00e1s sobre los par\u00e1metros de la m\u00e1quina, \u00a1bienvenido a contactarnos!<\/p>    <div class=\"wp-block-columns is-layout-flex wp-container-core-columns-is-layout-28f84493 wp-block-columns-is-layout-flex\"> <div class=\"wp-block-column is-layout-flow wp-block-column-is-layout-flow\"> <figure class=\"wp-block-image size-full\"><img loading=\"lazy\" decoding=\"async\" width=\"600\" height=\"450\" src=\"https:\/\/tianhuipackingmachine.com\/wp-content\/uploads\/2021\/12\/soap-packaging-machine.jpg\" alt=\"m\u00e1quina de envasado de jab\u00f3n\" class=\"wp-image-3590\" srcset=\"https:\/\/tianhuipackingmachine.com\/wp-content\/uploads\/2021\/12\/soap-packaging-machine.jpg 600w, https:\/\/tianhuipackingmachine.com\/wp-content\/uploads\/2021\/12\/soap-packaging-machine-480x360.jpg 480w\" sizes=\"auto, (max-width: 600px) 100vw, 600px\" \/><figcaption class=\"wp-element-caption\">M\u00e1quina envasadora de jab\u00f3n<\/figcaption><\/figure> <\/div>    <div class=\"wp-block-column is-vertically-aligned-center is-layout-flow wp-block-column-is-layout-flow\"> <h3 class=\"wp-block-heading has-text-color\" id=\"h-th-250-pillow-packing-equipment-parameters\" style=\"color:#ff5200\">Par\u00e1metros del equipo de embalaje tipo almohada SL-350<\/h3>    <ul class=\"wp-block-list\"> <li>Longitud de la bolsa: 100-600 mm<\/li>    <li>Ancho de la bolsa: 50-160 mm<\/li>    <li>Altura del producto: m\u00e1x.70 mm<\/li>    <li>Velocidad de embalaje: 5-200 bolsas\/min<\/li>    <li>Potencia: 220 V, 50\/60 Hz, 2,4 KVA.<\/li>    <li>Peso: 800 kg<\/li>    <li>Dimensi\u00f3n: (L)4020*(W)720*(H)1450mm<\/li>    <li>Nota: se puede personalizar<\/li> <\/ul> <\/div> <\/div>    <h2 class=\"wp-block-heading\" id=\"h-features-of-soap-wrapping-machine\"><strong>Ventajas de la envolvedora autom\u00e1tica de jab\u00f3n.<\/strong><\/h2>    <ul class=\"wp-block-list\"> <li>Puede <strong>empaquete de 5 a 200 bolsas de jab\u00f3n en un minuto<\/strong>, que es muy eficiente.<\/li>    <li>La m\u00e1quina empacadora de bolsas de jab\u00f3n Shuliy tiene <strong>una altura m\u00e1xima del producto de 100 mm, una longitud de bolsa de 100-600 mm y un ancho de bolsa de 50-280 mm<\/strong>.<\/li>    <li>El material para envolver el jab\u00f3n puede ser variado, de soporte. <strong>pel\u00edcula transparente, pel\u00edcula impresa<\/strong>, etc.<\/li>    <li>Puede <strong>ajustar los par\u00e1metros en el panel de control del PLC<\/strong>, simple y f\u00e1cil de usar.<\/li>    <li>Seg\u00fan sus requisitos, <strong>cuchillo simple, cuchillo doble y cuchillo triple<\/strong> son opcionales.<\/li>    <li>Podemos <strong>Personaliza el voltaje, la potencia y el color de la m\u00e1quina.<\/strong>, etc. para satisfacer sus necesidades.<\/li> <\/ul>    <figure class=\"wp-block-image size-large\"><img loading=\"lazy\" decoding=\"async\" width=\"667\" height=\"500\" src=\"https:\/\/tianhuipackingmachine.com\/wp-content\/uploads\/2024\/05\/soap-packing-machine-667x500.webp\" alt=\"maquina empacadora de jabon\" class=\"wp-image-6673\" srcset=\"https:\/\/tianhuipackingmachine.com\/wp-content\/uploads\/2024\/05\/soap-packing-machine-667x500.webp 667w, https:\/\/tianhuipackingmachine.com\/wp-content\/uploads\/2024\/05\/soap-packing-machine-480x360.webp 480w, https:\/\/tianhuipackingmachine.com\/wp-content\/uploads\/2024\/05\/soap-packing-machine-16x12.webp 16w, https:\/\/tianhuipackingmachine.com\/wp-content\/uploads\/2024\/05\/soap-packing-machine.webp 720w\" sizes=\"auto, (max-width: 667px) 100vw, 667px\" \/><figcaption class=\"wp-element-caption\">M\u00e1quina empacadora de jab\u00f3n<\/figcaption><\/figure>    <h2 class=\"wp-block-heading\" id=\"h-various-applications-of-soap-packaging-machine\"><strong>Varias aplicaciones de la m\u00e1quina envasadora de jab\u00f3n en barra.<\/strong><\/h2>    <p>Nuestra m\u00e1quina empacadora de jab\u00f3n de tocador se aplica ampliamente a diversos tama\u00f1os de jab\u00f3n. Es adecuado para:<\/p>    <p>Jab\u00f3n cuadrado, jab\u00f3n redondo, sadun ovalado, pastilla de jab\u00f3n, jab\u00f3n en barra, jab\u00f3n de tocador, jab\u00f3n de ba\u00f1o, jab\u00f3n para beb\u00e9s y otros. <\/p>    <p class=\"translation-block\">Adem\u00e1s del envasado de jab\u00f3n, esta <a href=\"https:\/\/tianhuipackingmachine.com\/es\/pillow-packing-machine\/\">m\u00e1quina de envasado horizontal tipo almohada<\/a> puede envasar mascarillas, toallas, ropa, carpinter\u00eda, pan, pastel de luna, galletas, verduras, frutas, etc. <\/p>    <p>Si tambi\u00e9n deseas empacar otros productos, tambi\u00e9n puedes contactarnos y obtener m\u00e1s informaci\u00f3n.<\/p>    <figure class=\"wp-block-image size-large\"><img loading=\"lazy\" decoding=\"async\" width=\"750\" height=\"500\" src=\"https:\/\/tianhuipackingmachine.com\/wp-content\/uploads\/2022\/01\/soap-bar-packaging-style-display-750x500.jpg\" alt=\"exhibici\u00f3n de estilo de empaque de barra de jab\u00f3n\" class=\"wp-image-4787\" srcset=\"https:\/\/tianhuipackingmachine.com\/wp-content\/uploads\/2022\/01\/soap-bar-packaging-style-display.jpg 750w, https:\/\/tianhuipackingmachine.com\/wp-content\/uploads\/2022\/01\/soap-bar-packaging-style-display-480x320.jpg 480w\" sizes=\"auto, (max-width: 750px) 100vw, 750px\" \/><figcaption class=\"wp-element-caption\">Pantalla de estilo de empaque de barra de jab\u00f3n<\/figcaption><\/figure>    <h2 class=\"wp-block-heading\" id=\"h-structures-and-details-about-soap-packing-machine\"><strong>Detalles estructurales de la m\u00e1quina empacadora de jab\u00f3n de ba\u00f1o.<\/strong><\/h2>    <p>Esta m\u00e1quina empacadora Sabun consta de un panel de control PLC, una plataforma de alimentaci\u00f3n de acero inoxidable, una cinta transportadora, un dispositivo de rollo de pel\u00edcula, un formador de bolsas, ruedas de extracci\u00f3n de pel\u00edcula, un cortador de termosellado, etc. <\/p>    <ul class=\"wp-block-list\"> <li>Panel de control PLC: configuraci\u00f3n del idioma, velocidad de envasado, longitud de la bolsa, interruptor de seguimiento ocular fotoel\u00e9ctrico, temperatura de sellado media y final, etc. <\/li>    <li>Plataforma de alimentaci\u00f3n con cinta transportadora: brinda servicio de puesta en fila de materiales.<\/li>    <li>Cinta transportadora de pel\u00edcula servo: m\u00e1s inteligente, detecta la longitud de los materiales y ahorra pel\u00edcula.<\/li>    <li>Dispositivo de rollo de pel\u00edcula: prepara la pel\u00edcula para envasar jab\u00f3n artesanal.<\/li>    <li>Ruedas de arrastre de pel\u00edcula: encargadas de tirar de la pel\u00edcula, asegurando que la pel\u00edcula avance.<\/li>    <li>Cortador de termosellado: corte la pel\u00edcula para que coincida con diferentes longitudes de bolsas.<\/li> <\/ul>    <figure class=\"wp-block-gallery has-nested-images columns-default is-cropped wp-block-gallery-2 is-layout-flex wp-block-gallery-is-layout-flex\"> <figure class=\"wp-block-image size-large\"><img loading=\"lazy\" decoding=\"async\" width=\"600\" height=\"450\" data-id=\"4040\" src=\"https:\/\/tianhuipackingmachine.com\/wp-content\/uploads\/2021\/12\/servo-belt-conveying-type.jpg\" alt=\"tipo de transporte por correa servo\" class=\"wp-image-4040\" srcset=\"https:\/\/tianhuipackingmachine.com\/wp-content\/uploads\/2021\/12\/servo-belt-conveying-type.jpg 600w, https:\/\/tianhuipackingmachine.com\/wp-content\/uploads\/2021\/12\/servo-belt-conveying-type-480x360.jpg 480w\" sizes=\"auto, (max-width: 600px) 100vw, 600px\" \/><figcaption class=\"wp-element-caption\">Tipo de transporte por correa servo<\/figcaption><\/figure>    <figure class=\"wp-block-image size-large\"><img loading=\"lazy\" decoding=\"async\" width=\"600\" height=\"450\" data-id=\"4034\" src=\"https:\/\/tianhuipackingmachine.com\/wp-content\/uploads\/2021\/12\/chain-and-lock-catches-feeding-type.jpg\" alt=\"Cierres de cadena y cerradura tipo alimentaci\u00f3n.\" class=\"wp-image-4034\" srcset=\"https:\/\/tianhuipackingmachine.com\/wp-content\/uploads\/2021\/12\/chain-and-lock-catches-feeding-type.jpg 600w, https:\/\/tianhuipackingmachine.com\/wp-content\/uploads\/2021\/12\/chain-and-lock-catches-feeding-type-480x360.jpg 480w\" sizes=\"auto, (max-width: 600px) 100vw, 600px\" \/><figcaption class=\"wp-element-caption\">Tipo de alimentaci\u00f3n con cierre de cadena y bloqueo<\/figcaption><\/figure>    <figure class=\"wp-block-image size-large\"><img loading=\"lazy\" decoding=\"async\" width=\"750\" height=\"500\" data-id=\"4035\" src=\"https:\/\/tianhuipackingmachine.com\/wp-content\/uploads\/2021\/12\/end-sealing-and-cutting-device-three-cutters-750x500.jpg\" alt=\"Dispositivo de sellado y corte de extremos (tres cortadores)\" class=\"wp-image-4035\" srcset=\"https:\/\/tianhuipackingmachine.com\/wp-content\/uploads\/2021\/12\/end-sealing-and-cutting-device-three-cutters.jpg 750w, https:\/\/tianhuipackingmachine.com\/wp-content\/uploads\/2021\/12\/end-sealing-and-cutting-device-three-cutters-480x320.jpg 480w\" sizes=\"auto, (max-width: 750px) 100vw, 750px\" \/><figcaption class=\"wp-element-caption\">Dispositivo de corte y sellado de extremos (tres cortadores)<\/figcaption><\/figure> <\/figure>    <figure class=\"wp-block-gallery has-nested-images columns-default is-cropped wp-block-gallery-3 is-layout-flex wp-block-gallery-is-layout-flex\"> <figure class=\"wp-block-image size-large\"><img loading=\"lazy\" decoding=\"async\" width=\"750\" height=\"500\" data-id=\"4039\" src=\"https:\/\/tianhuipackingmachine.com\/wp-content\/uploads\/2021\/12\/PLC-control-panel-of-pillow-packaging-equipment-750x500.jpg\" alt=\"Panel de control PLC de equipos de envasado de almohadas.\" class=\"wp-image-4039\" srcset=\"https:\/\/tianhuipackingmachine.com\/wp-content\/uploads\/2021\/12\/PLC-control-panel-of-pillow-packaging-equipment.jpg 750w, https:\/\/tianhuipackingmachine.com\/wp-content\/uploads\/2021\/12\/PLC-control-panel-of-pillow-packaging-equipment-480x320.jpg 480w\" sizes=\"auto, (max-width: 750px) 100vw, 750px\" \/><figcaption class=\"wp-element-caption\">Panel de control Plc del equipo de envasado de almohadas<\/figcaption><\/figure>    <figure class=\"wp-block-image size-large\"><img loading=\"lazy\" decoding=\"async\" width=\"600\" height=\"450\" data-id=\"4038\" src=\"https:\/\/tianhuipackingmachine.com\/wp-content\/uploads\/2021\/12\/mid-sealing-device-for-upper-film-equipment.jpg\" alt=\"dispositivo de sellado medio para equipos de pel\u00edcula superior\" class=\"wp-image-4038\" srcset=\"https:\/\/tianhuipackingmachine.com\/wp-content\/uploads\/2021\/12\/mid-sealing-device-for-upper-film-equipment.jpg 600w, https:\/\/tianhuipackingmachine.com\/wp-content\/uploads\/2021\/12\/mid-sealing-device-for-upper-film-equipment-480x360.jpg 480w\" sizes=\"auto, (max-width: 600px) 100vw, 600px\" \/><figcaption class=\"wp-element-caption\">Dispositivo de sellado medio para equipos de pel\u00edcula superior<\/figcaption><\/figure>    <figure class=\"wp-block-image size-large\"><img loading=\"lazy\" decoding=\"async\" width=\"600\" height=\"450\" data-id=\"4037\" src=\"https:\/\/tianhuipackingmachine.com\/wp-content\/uploads\/2021\/12\/mid-sealing-device-for-down-film-roll-equipment.jpg\" alt=\"dispositivo de sellado medio para equipos de rollo de pel\u00edcula inferior\" class=\"wp-image-4037\" srcset=\"https:\/\/tianhuipackingmachine.com\/wp-content\/uploads\/2021\/12\/mid-sealing-device-for-down-film-roll-equipment.jpg 600w, https:\/\/tianhuipackingmachine.com\/wp-content\/uploads\/2021\/12\/mid-sealing-device-for-down-film-roll-equipment-480x360.jpg 480w\" sizes=\"auto, (max-width: 600px) 100vw, 600px\" \/><figcaption class=\"wp-element-caption\">Dispositivo de sellado medio para equipos de rollo de pel\u00edcula inferior<\/figcaption><\/figure> <\/figure>    <h2 class=\"wp-block-heading\" id=\"h-what-affects-the-soap-packing-machine-price\"><strong>\u00bfQu\u00e9 afecta el precio de la m\u00e1quina envasadora de jab\u00f3n?<\/strong><\/h2>    <p>El precio de la m\u00e1quina envasadora autom\u00e1tica de jab\u00f3n est\u00e1 estrechamente relacionado con los componentes del equipo. <\/p>    <ul class=\"wp-block-list\"> <li>En primer lugar, los anchos de la cinta transportadora y del formador de bolsas est\u00e1n dise\u00f1ados para los art\u00edculos de embalaje. Sus costos difieren en tama\u00f1o. <\/li>    <li>En segundo lugar, est\u00e1n opcionales la cinta transportadora de pel\u00edcula servo y la cinta transportadora con cadena y bloques de bloqueo. El primero es m\u00e1s caro que el segundo. <\/li>    <li>En tercer lugar, el coste de la cortadora simple, la cortadora doble y la cortadora triple var\u00eda. Cuantos m\u00e1s cuchillos de corte tenga, mayor ser\u00e1 el precio.<\/li>    <li>En cuarto lugar, \u00bfnecesita otros dispositivos? Como impresoras de fechas, esponjas, pinceles, etc. Cuanto m\u00e1s equipo adicional tengas, mayor ser\u00e1 el precio.<\/li> <\/ul>    <p>Todos los anteriores son los factores que pueden afectar el precio final de la peque\u00f1a envasadora de jab\u00f3n. Ponte en contacto con nosotros al mejor precio.<\/p>    <figure class=\"wp-block-image size-large\"><img loading=\"lazy\" decoding=\"async\" width=\"667\" height=\"500\" src=\"https:\/\/tianhuipackingmachine.com\/wp-content\/uploads\/2024\/05\/automatic-soap-packing-machine-for-sale-667x500.webp\" alt=\"M\u00e1quina envasadora autom\u00e1tica de jab\u00f3n a la venta\" class=\"wp-image-6674\" srcset=\"https:\/\/tianhuipackingmachine.com\/wp-content\/uploads\/2024\/05\/automatic-soap-packing-machine-for-sale-667x500.webp 667w, https:\/\/tianhuipackingmachine.com\/wp-content\/uploads\/2024\/05\/automatic-soap-packing-machine-for-sale-480x360.webp 480w, https:\/\/tianhuipackingmachine.com\/wp-content\/uploads\/2024\/05\/automatic-soap-packing-machine-for-sale-16x12.webp 16w, https:\/\/tianhuipackingmachine.com\/wp-content\/uploads\/2024\/05\/automatic-soap-packing-machine-for-sale.webp 720w\" sizes=\"auto, (max-width: 667px) 100vw, 667px\" \/><figcaption class=\"wp-element-caption\">M\u00e1quina empacadora autom\u00e1tica de jab\u00f3n a la venta<\/figcaption><\/figure>    <h2 class=\"wp-block-heading\" id=\"h-why-choose-us-as-your-top-manufacturer-and-supplier\"><strong>\u00bfPor qu\u00e9 elegirnos como su principal fabricante de m\u00e1quinas envasadoras de jab\u00f3n?<\/strong><\/h2>    <p>Hay muchos fabricantes de m\u00e1quinas envasadoras autom\u00e1ticas de jab\u00f3n en el mercado, pero \u00bfpor qu\u00e9 elegirnos como proveedor? Los puntos principales son los siguientes:<\/p>    <ul class=\"wp-block-list\"> <li>Amplia experiencia en el dise\u00f1o, investigaci\u00f3n, fabricaci\u00f3n y suministro de diversos tipos de m\u00e1quinas envasadoras. <ul class=\"wp-block-list\"> <li>Fundada en 1992, Shuliy ha estado en la industria de las m\u00e1quinas empacadoras durante m\u00e1s de d\u00e9cadas. Nuestra m\u00e1quina empacadora de cubitos de jab\u00f3n de ba\u00f1o tiene una gran reputaci\u00f3n por su buena calidad y precio competitivo.<\/li> <\/ul> <\/li>    <li>Sistema de inspecci\u00f3n y entrega extremadamente estricto para nuestras m\u00e1quinas. <ul class=\"wp-block-list\"> <li>Antes del env\u00edo, le enviaremos fotos y v\u00eddeos para que los compruebe. Normalmente, empacamos la m\u00e1quina en cajas de madera para evitar da\u00f1os durante el env\u00edo.<\/li> <\/ul> <\/li> <\/ul>    <figure class=\"wp-block-gallery has-nested-images columns-default is-cropped wp-block-gallery-4 is-layout-flex wp-block-gallery-is-layout-flex\"> <figure class=\"wp-block-image size-large\"><img loading=\"lazy\" decoding=\"async\" width=\"750\" height=\"500\" data-id=\"4080\" src=\"https:\/\/tianhuipackingmachine.com\/wp-content\/uploads\/2021\/12\/packing-display-of-the-machine-before-shipment-750x500.jpg\" alt=\"Visualizaci\u00f3n del embalaje de la m\u00e1quina antes del env\u00edo.\" class=\"wp-image-4080\" srcset=\"https:\/\/tianhuipackingmachine.com\/wp-content\/uploads\/2021\/12\/packing-display-of-the-machine-before-shipment.jpg 750w, https:\/\/tianhuipackingmachine.com\/wp-content\/uploads\/2021\/12\/packing-display-of-the-machine-before-shipment-480x320.jpg 480w\" sizes=\"auto, (max-width: 750px) 100vw, 750px\" \/><figcaption class=\"wp-element-caption\">Exhibici\u00f3n de embalaje de la m\u00e1quina antes del env\u00edo<\/figcaption><\/figure>    <figure class=\"wp-block-image size-large\"><img loading=\"lazy\" decoding=\"async\" width=\"750\" height=\"500\" data-id=\"4078\" src=\"https:\/\/tianhuipackingmachine.com\/wp-content\/uploads\/2021\/12\/packaged-in-wooden-cases-750x500.jpg\" alt=\"empaquetado en cajas de madera\" class=\"wp-image-4078\" srcset=\"https:\/\/tianhuipackingmachine.com\/wp-content\/uploads\/2021\/12\/packaged-in-wooden-cases.jpg 750w, https:\/\/tianhuipackingmachine.com\/wp-content\/uploads\/2021\/12\/packaged-in-wooden-cases-480x320.jpg 480w\" sizes=\"auto, (max-width: 750px) 100vw, 750px\" \/><figcaption class=\"wp-element-caption\">Empaquetado en cajas de madera.<\/figcaption><\/figure> <\/figure>    <ul class=\"wp-block-list\"> <li>Servicio postventa <ul class=\"wp-block-list\"> <li>Se proporcionan el manual y el v\u00eddeo en ingl\u00e9s para ayudarle a instalar y operar la m\u00e1quina. Si tiene alguna pregunta sobre nuestros productos, disponemos de servicio en l\u00ednea las 24 horas.<\/li> <\/ul> <\/li>    <li>Servicio de personalizaci\u00f3n <ul class=\"wp-block-list\"> <li>Podemos personalizar la m\u00e1quina envolvedora de jab\u00f3n de tocador seg\u00fan sus requisitos espec\u00edficos. Y podemos personalizar el voltaje seg\u00fan su pa\u00eds.<\/li> <\/ul> <\/li> <\/ul>    <h2 class=\"wp-block-heading\" id=\"h-get-in-touch-with-us\"><strong>\u00a1P\u00f3ngase en contacto con nosotros!<\/strong><\/h2>    <p class=\"translation-block\">Si tiene alguna pregunta o desea saber m\u00e1s sobre nuestra m\u00e1quina de envasado para <a href=\"https:\/\/en.wikipedia.org\/wiki\/Soap\" target=\"_blank\" rel=\"noopener\">jab\u00f3n<\/a>, no dude en contactarnos. \u00a1Le proporcionaremos respuestas profesionales y servicios de calidad!<\/p>   <figure class=\"wp-block-embed-youtube wp-block-embed is-type-video is-provider-youtube wp-embed-aspect-16-9 wp-has-aspect-ratio lyte-align aligncenter\"><div class=\"lyte-wrapper\" title=\"M\u00e1quina envasadora de jab\u00f3n | M\u00e1quina de embalaje de flujo horizontal de jab\u00f3n\" style=\"width:853px;max-width:100%;margin:5px auto;\"><div class=\"lyMe\" id=\"WYL_NqpZTmjrjgc\" itemprop=\"video\" itemscope itemtype=\"https:\/\/schema.org\/VideoObject\"><div><meta itemprop=\"thumbnailUrl\" content=\"https:\/\/i.ytimg.com\/vi\/NqpZTmjrjgc\/hqdefault.jpg\" \/><meta itemprop=\"embedURL\" content=\"https:\/\/www.youtube.com\/embed\/NqpZTmjrjgc\" \/><meta itemprop=\"duration\" content=\"PT44S\" \/><meta itemprop=\"uploadDate\" content=\"2021-10-22T05:55:46Z\" \/><\/div><div id=\"lyte_NqpZTmjrjgc\" data-src=\"https:\/\/i.ytimg.com\/vi\/NqpZTmjrjgc\/hqdefault.jpg\" class=\"pL\"><div class=\"tC\"><div class=\"tT\" itemprop=\"name\">M\u00e1quina envasadora de jab\u00f3n | M\u00e1quina de embalaje de flujo horizontal de jab\u00f3n<\/div><\/div><div class=\"play\"><\/div><div class=\"ctrl\"><div class=\"Lctrl\"><\/div><div class=\"Rctrl\"><\/div><\/div><\/div><noscript><a href=\"https:\/\/youtu.be\/NqpZTmjrjgc\" rel=\"nofollow noopener\" target=\"_blank\"><img loading=\"lazy\" decoding=\"async\" src=\"https:\/\/i.ytimg.com\/vi\/NqpZTmjrjgc\/0.jpg\" alt=\"M\u00e1quina envasadora de jab\u00f3n | M\u00e1quina de embalaje de flujo horizontal de jab\u00f3n\" width=\"853\" height=\"460\" \/><\/a><\/noscript><meta itemprop=\"description\" content=\"For more details: https:\/\/tianhuipackingmachine.com\/soap-packaging-machines\/ sales@toppackingmachine.com Whatsapp\/Tel: +86 17329326135 Soap packing machine is a kind of horizontal flow wrapping machine. It is widely used to package various shapes of soaps. With two electric motors and intelligent PLC control system, the soap wrapping machine is easy to operate and is super-efficient. Besides, different models of soap packing machine are available to fit different soap sizes. And we support customization service. Henan Top Packing Machinery Co., Ltd is a professional packing machine manufacturer and supplier. Our soap packaging machines have the features of good performance and affordable price. Welcome to get in touch with us for more details.\"><\/div><\/div><div class=\"lL\" style=\"max-width:100%;width:853px;margin:5px auto;\"> <a href=\"https:\/\/youtu.be\/NqpZTmjrjgc\" target=\"_blank\" rel=\"noopener\">Ver este v\u00eddeo en YouTube<\/a>.<\/div><figcaption>Video de trabajo de la m\u00e1quina envolvedora de jab\u00f3n redonda.<\/figcaption><\/figure>","protected":false},"excerpt":{"rendered":"<p>La m\u00e1quina envasadora de jab\u00f3n Shuliy envasa de forma totalmente autom\u00e1tica varias formas de jab\u00f3n, como cubos de sopa, jab\u00f3n de tocador, jab\u00f3n redondo, etc., en bolsas.<\/p>","protected":false},"author":1,"featured_media":3590,"parent":0,"template":"","tags":[213],"product-type":[139],"class_list":["post-1704","product","type-product","status-publish","has-post-thumbnail","hentry","tag-flow-wrapping-machine","product-type-pillow-packing-machines"],"_links":{"self":[{"href":"https:\/\/tianhuipackingmachine.com\/es\/wp-json\/wp\/v2\/product\/1704","targetHints":{"allow":["GET"]}}],"collection":[{"href":"https:\/\/tianhuipackingmachine.com\/es\/wp-json\/wp\/v2\/product"}],"about":[{"href":"https:\/\/tianhuipackingmachine.com\/es\/wp-json\/wp\/v2\/types\/product"}],"author":[{"embeddable":true,"href":"https:\/\/tianhuipackingmachine.com\/es\/wp-json\/wp\/v2\/users\/1"}],"wp:featuredmedia":[{"embeddable":true,"href":"https:\/\/tianhuipackingmachine.com\/es\/wp-json\/wp\/v2\/media\/3590"}],"wp:attachment":[{"href":"https:\/\/tianhuipackingmachine.com\/es\/wp-json\/wp\/v2\/media?parent=1704"}],"wp:term":[{"taxonomy":"post_tag","embeddable":true,"href":"https:\/\/tianhuipackingmachine.com\/es\/wp-json\/wp\/v2\/tags?post=1704"},{"taxonomy":"product-type","embeddable":true,"href":"https:\/\/tianhuipackingmachine.com\/es\/wp-json\/wp\/v2\/product-type?post=1704"}],"curies":[{"name":"wp","href":"https:\/\/api.w.org\/{rel}","templated":true}]}}